{"id":159595,"date":"2024-11-06T02:18:23","date_gmt":"2024-11-06T01:18:23","guid":{"rendered":"https:\/\/www.csj-emballages.com\/?post_type=product&#038;p=159595"},"modified":"2026-03-12T16:07:03","modified_gmt":"2026-03-12T15:07:03","slug":"schachtel-5-1-von-cornichons-in-ringen","status":"publish","type":"product","link":"https:\/\/www.csj-emballages.com\/de\/produit\/schachtel-5-1-von-cornichons-in-ringen\/","title":{"rendered":"Gurkenscheiben in Dose 5\/1"},"content":{"rendered":"<h2 class=\"p1\">Gurkenscheiben<\/h2>\n<hr>\n<h3><span style=\"font-weight: bold;\">Entdecken Sie unsere Gurkenscheiben in Dose 5\/1<\/span><\/h3>\n<p><!--more--><\/p>\n<p data-start=\"299\" data-end=\"785\">Die <strong data-start=\"303\" data-end=\"343\">Gurkenscheiben in Dose 5\/1<\/strong> sind ein echtes Must-have f\u00fcr K\u00fcchen, die schnell arbeiten m\u00f6chten, ohne Kompromisse beim Geschmack einzugehen. Bereits in <strong>gleichm\u00e4\u00dfige, feine Scheiben<\/strong> geschnitten, sind sie gebrauchsfertig und lassen sich leicht in alle Arten von Zubereitungen integrieren. Ob zum <strong>Belegen von Burgern, Sandwiches, Hot Dogs oder zum Verfeinern von Salaten<\/strong> \u2013 sie verleihen sofort die knackige und leicht s\u00e4uerliche Note, die den Unterschied macht.  <\/p>\n<p data-start=\"787\" data-end=\"1160\">Dank ihrer <strong>gleichm\u00e4\u00dfigen Schnittweise<\/strong> sparen Sie wertvolle Zeit in der K\u00fcche. Kein Schneiden mehr n\u00f6tig, alles ist bereits vorbereitet, was einen reibungsloseren Ablauf der Services erm\u00f6glicht. Auch nach der Handhabung oder Lagerung im Beh\u00e4lter bleibt ihre Textur fest und angenehm im Biss. Jede <strong>Gurkenscheibe<\/strong> beh\u00e4lt ihren Biss, was Ihren Kunden ein gleichbleibendes Erlebnis garantiert.   <\/p>\n<p data-start=\"1162\" data-end=\"1509\">Das <strong>5\/1<\/strong> <strong data-start=\"1172\" data-end=\"1179\">Format<\/strong> ist besonders geeignet f\u00fcr Gastronomieprofis, Imbisse, Fast-Food-Restaurants oder Gro\u00dfverbraucher. Es erm\u00f6glicht eine einfache Volumenverwaltung und reduziert gleichzeitig zu h\u00e4ufige Nachbestellungen. Dar\u00fcber hinaus gew\u00e4hrleistet die Lagerung in der <strong data-start=\"303\" data-end=\"343\">5\/1 Dose<\/strong> eine lange Haltbarkeit bei gleichzeitigem Erhalt von Frische und Geschmack.  <\/p>\n<p data-start=\"1511\" data-end=\"1719\">Diese <strong>Gurkenscheiben<\/strong> passen zu allen K\u00fcchenstilen, vom einfachsten bis zum anspruchsvollsten. Sie gleichen reichhaltige Rezepte aus, verfeinern Saucen und verleihen selbst den klassischsten Gerichten eine besondere Note. <\/p>\n<p data-start=\"1721\" data-end=\"1865\">Zusammenfassend hilft Ihnen dieses Produkt, schneller und sauberer zu arbeiten und garantiert dabei ein konstantes und gesch\u00e4tztes Ergebnis bei jedem Service.<\/p>\n<p data-start=\"1721\" data-end=\"1865\">\n<p><!--more--><\/p>\n<h4>Vorteile :<\/h4>\n<ul>\n<li data-start=\"1893\" data-end=\"1922\"><strong>Gurkenscheiben<\/strong> gebrauchsfertig.<\/li>\n<li data-start=\"1925\" data-end=\"1957\">Knackige und gleichm\u00e4\u00dfige Textur.<\/li>\n<li data-start=\"1960\" data-end=\"1986\">Zeitersparnis in der K\u00fcche.<\/li>\n<li data-start=\"1989\" data-end=\"2012\">Wirtschaftliches <strong>5\/1<\/strong> Format.<\/li>\n<li data-start=\"2015\" data-end=\"2058\">Ideal f\u00fcr Burger, Sandwiches und Salate.<\/li>\n<\/ul>\n<p>&nbsp;<\/p>\n<p><!--more--><\/p>\n<h4>Weitere Informationen :<\/h4>\n<ul>\n<li><strong>Verpackung<\/strong>: Schachtel 5\/1<\/li>\n<li><strong>Kapazit\u00e4t<\/strong>: 4250 ml<\/li>\n<li><strong>Nettogewicht<\/strong>: 4250 g<\/li>\n<li><strong>Abtropfgewicht<\/strong>: 2120 g<\/li>\n<li><strong>Typ<\/strong>: Cornichon in Scheiben<\/li>\n<\/ul>\n<p>&nbsp;<\/p>\n<p><!--more--><\/p>\n<p><span style=\"color: #d12727;\"><a style=\"color: #d12727;\" href=\"https:\/\/www.csj-emballages.com\/es\/produit\/5-1-caja-de-pepinillos-en-vinagre-80-119\/\">Hier finden Sie unsere Cornichons des Kalibers 80\/119.<\/a><\/span><\/p>\n<p><span style=\"color: #d12727;\"><a style=\"color: #d12727;\" href=\"https:\/\/www.csj-emballages.com\/es\/produit\/5-1-lata-de-pepinillos-pasteurizados-en-vinagre-tamano-120-149\/\">Hier finden Sie unsere Cornichons des Kalibers 120\/149<\/a><\/span><\/p>\n<p>&nbsp;<\/p>\n<p><!--more--><\/p>\n<p><a href=\"https:\/\/www.csj-emballages.com\/de\/categorie-produit\/lebensmittel\/lebensmittel-de\/gemuse\/\">Sehen Sie sich hier den Rest unseres Sortiments an Gem\u00fcsekonserven an<\/a><\/p>\n","protected":false},"excerpt":{"rendered":"<p>Gurkenscheiben Entdecken Sie unsere Gurkenscheiben in Dose 5\/1<\/p>\n","protected":false},"featured_media":260921,"template":"","meta":{"_acf_changed":false},"product_brand":[],"product_cat":[1144,1183,1188],"product_tag":[],"class_list":{"0":"post-159595","1":"product","2":"type-product","3":"status-publish","4":"has-post-thumbnail","6":"product_cat-lebensmittel","7":"product_cat-lebensmittel-de","8":"product_cat-gemuse","10":"first","11":"instock","12":"taxable","13":"shipping-taxable","14":"purchasable","15":"product-type-simple"},"acf":[],"yoast_head":"<!-- This site is optimized with the Yoast SEO Premium plugin v26.6 (Yoast SEO v26.6) - https:\/\/yoast.com\/wordpress\/plugins\/seo\/ -->\n<title>Gurkenscheiben in Dose 5\/1<\/title>\n<meta name=\"description\" content=\"Gurkenscheiben in Dose 5\/1, gebrauchsfertig. Knackig, praktisch und ideal f\u00fcr Burger, Sandwiches und die professionelle Gastronomie.\" \/>\n<meta name=\"robots\" content=\"index, follow, max-snippet:-1, max-image-preview:large, max-video-preview:-1\" \/>\n<link rel=\"canonical\" href=\"https:\/\/www.csj-emballages.com\/de\/produit\/schachtel-5-1-von-cornichons-in-ringen\/\" \/>\n<meta property=\"og:locale\" content=\"de_DE\" \/>\n<meta property=\"og:type\" content=\"article\" \/>\n<meta property=\"og:title\" content=\"Gurkenscheiben in Dose 5\/1\" \/>\n<meta property=\"og:description\" content=\"Gurkenscheiben in Dose 5\/1, gebrauchsfertig. Knackig, praktisch und ideal f\u00fcr Burger, Sandwiches und die professionelle Gastronomie.\" \/>\n<meta property=\"og:url\" content=\"https:\/\/www.csj-emballages.com\/de\/produit\/schachtel-5-1-von-cornichons-in-ringen\/\" \/>\n<meta property=\"og:site_name\" content=\"CSJ Emballages\" \/>\n<meta property=\"article:publisher\" content=\"https:\/\/www.facebook.com\/csjemballages\" \/>\n<meta property=\"article:modified_time\" content=\"2026-03-12T15:07:03+00:00\" \/>\n<meta property=\"og:image\" content=\"https:\/\/www.csj-emballages.com\/wp-content\/uploads\/2024\/11\/190010.webp\" \/>\n\t<meta property=\"og:image:width\" content=\"800\" \/>\n\t<meta property=\"og:image:height\" content=\"800\" \/>\n\t<meta property=\"og:image:type\" content=\"image\/webp\" \/>\n<meta name=\"twitter:card\" content=\"summary_large_image\" \/>\n<meta name=\"twitter:label1\" content=\"Gesch\u00e4tzte Lesezeit\" \/>\n\t<meta name=\"twitter:data1\" content=\"1\u00a0Minute\" \/>\n<script type=\"application\/ld+json\" class=\"yoast-schema-graph\">{\"@context\":\"https:\/\/schema.org\",\"@graph\":[{\"@type\":\"WebPage\",\"@id\":\"https:\/\/www.csj-emballages.com\/de\/produit\/schachtel-5-1-von-cornichons-in-ringen\/\",\"url\":\"https:\/\/www.csj-emballages.com\/de\/produit\/schachtel-5-1-von-cornichons-in-ringen\/\",\"name\":\"Gurkenscheiben in Dose 5\/1\",\"isPartOf\":{\"@id\":\"https:\/\/www.csj-emballages.com\/de\/#website\"},\"primaryImageOfPage\":{\"@id\":\"https:\/\/www.csj-emballages.com\/de\/produit\/schachtel-5-1-von-cornichons-in-ringen\/#primaryimage\"},\"image\":{\"@id\":\"https:\/\/www.csj-emballages.com\/de\/produit\/schachtel-5-1-von-cornichons-in-ringen\/#primaryimage\"},\"thumbnailUrl\":\"https:\/\/www.csj-emballages.com\/wp-content\/uploads\/2024\/11\/190010.webp\",\"datePublished\":\"2024-11-06T01:18:23+00:00\",\"dateModified\":\"2026-03-12T15:07:03+00:00\",\"description\":\"Gurkenscheiben in Dose 5\/1, gebrauchsfertig. Knackig, praktisch und ideal f\u00fcr Burger, Sandwiches und die professionelle Gastronomie.\",\"breadcrumb\":{\"@id\":\"https:\/\/www.csj-emballages.com\/de\/produit\/schachtel-5-1-von-cornichons-in-ringen\/#breadcrumb\"},\"inLanguage\":\"de\",\"potentialAction\":[{\"@type\":\"ReadAction\",\"target\":[\"https:\/\/www.csj-emballages.com\/de\/produit\/schachtel-5-1-von-cornichons-in-ringen\/\"]}]},{\"@type\":\"ImageObject\",\"inLanguage\":\"de\",\"@id\":\"https:\/\/www.csj-emballages.com\/de\/produit\/schachtel-5-1-von-cornichons-in-ringen\/#primaryimage\",\"url\":\"https:\/\/www.csj-emballages.com\/wp-content\/uploads\/2024\/11\/190010.webp\",\"contentUrl\":\"https:\/\/www.csj-emballages.com\/wp-content\/uploads\/2024\/11\/190010.webp\",\"width\":800,\"height\":800,\"caption\":\"Cornichons en rondelles\"},{\"@type\":\"BreadcrumbList\",\"@id\":\"https:\/\/www.csj-emballages.com\/de\/produit\/schachtel-5-1-von-cornichons-in-ringen\/#breadcrumb\",\"itemListElement\":[{\"@type\":\"ListItem\",\"position\":1,\"name\":\"Accueil\",\"item\":\"https:\/\/www.csj-emballages.com\/de\/universum-lebensmittelverpackungen\/\"},{\"@type\":\"ListItem\",\"position\":2,\"name\":\"Shop\",\"item\":\"https:\/\/www.csj-emballages.com\/shop\/\"},{\"@type\":\"ListItem\",\"position\":3,\"name\":\"Gurkenscheiben in Dose 5\/1\"}]},{\"@type\":\"WebSite\",\"@id\":\"https:\/\/www.csj-emballages.com\/de\/#website\",\"url\":\"https:\/\/www.csj-emballages.com\/de\/\",\"name\":\"CSJ Emballages\",\"description\":\"\",\"publisher\":{\"@id\":\"https:\/\/www.csj-emballages.com\/de\/#organization\"},\"potentialAction\":[{\"@type\":\"SearchAction\",\"target\":{\"@type\":\"EntryPoint\",\"urlTemplate\":\"https:\/\/www.csj-emballages.com\/de\/?s={search_term_string}\"},\"query-input\":{\"@type\":\"PropertyValueSpecification\",\"valueRequired\":true,\"valueName\":\"search_term_string\"}}],\"inLanguage\":\"de\"},{\"@type\":\"Organization\",\"@id\":\"https:\/\/www.csj-emballages.com\/de\/#Organization\/\",\"name\":\"CSJ Emballages\",\"url\":\"https:\/\/www.csj-emballages.com\/de\/\",\"logo\":{\"@type\":\"ImageObject\",\"inLanguage\":\"de\",\"@id\":\"https:\/\/www.csj-emballages.com\/de\/#\/schema\/logo\/image\/\",\"url\":\"https:\/\/www.csj-emballages.com\/wp-content\/uploads\/2023\/10\/logo_csj.webp\",\"contentUrl\":\"https:\/\/www.csj-emballages.com\/wp-content\/uploads\/2023\/10\/logo_csj.webp\",\"width\":250,\"height\":95,\"caption\":\"CSJ Emballages\"},\"image\":{\"@id\":\"https:\/\/www.csj-emballages.com\/de\/#\/schema\/logo\/image\/\"},\"sameAs\":[\"https:\/\/www.facebook.com\/csjemballages\"],\"address\":{\"@type\":\"PostalAddress\",\"streetAddress\":\"ZI La Lechere\",\"addressLocality\":\"Patornay\",\"postalCode\":\"39130\",\"addressCountry\":\"FR\"},\"contactPoint\":[{\"@type\":\"ContactPoint\",\"contactType\":\"Service client\",\"telephone\":\"0384254272\",\"email\":\"contact@csj-emballages.com\"}]}]}<\/script>\n<!-- \/ Yoast SEO Premium plugin. -->","yoast_head_json":{"title":"Gurkenscheiben in Dose 5\/1","description":"Gurkenscheiben in Dose 5\/1, gebrauchsfertig. Knackig, praktisch und ideal f\u00fcr Burger, Sandwiches und die professionelle Gastronomie.","robots":{"index":"index","follow":"follow","max-snippet":"max-snippet:-1","max-image-preview":"max-image-preview:large","max-video-preview":"max-video-preview:-1"},"canonical":"https:\/\/www.csj-emballages.com\/de\/produit\/schachtel-5-1-von-cornichons-in-ringen\/","og_locale":"de_DE","og_type":"article","og_title":"Gurkenscheiben in Dose 5\/1","og_description":"Gurkenscheiben in Dose 5\/1, gebrauchsfertig. Knackig, praktisch und ideal f\u00fcr Burger, Sandwiches und die professionelle Gastronomie.","og_url":"https:\/\/www.csj-emballages.com\/de\/produit\/schachtel-5-1-von-cornichons-in-ringen\/","og_site_name":"CSJ Emballages","article_publisher":"https:\/\/www.facebook.com\/csjemballages","article_modified_time":"2026-03-12T15:07:03+00:00","og_image":[{"width":800,"height":800,"url":"https:\/\/www.csj-emballages.com\/wp-content\/uploads\/2024\/11\/190010.webp","type":"image\/webp"}],"twitter_card":"summary_large_image","twitter_misc":{"Gesch\u00e4tzte Lesezeit":"1\u00a0Minute"},"schema":{"@context":"https:\/\/schema.org","@graph":[{"@type":"WebPage","@id":"https:\/\/www.csj-emballages.com\/de\/produit\/schachtel-5-1-von-cornichons-in-ringen\/","url":"https:\/\/www.csj-emballages.com\/de\/produit\/schachtel-5-1-von-cornichons-in-ringen\/","name":"Gurkenscheiben in Dose 5\/1","isPartOf":{"@id":"https:\/\/www.csj-emballages.com\/de\/#website"},"primaryImageOfPage":{"@id":"https:\/\/www.csj-emballages.com\/de\/produit\/schachtel-5-1-von-cornichons-in-ringen\/#primaryimage"},"image":{"@id":"https:\/\/www.csj-emballages.com\/de\/produit\/schachtel-5-1-von-cornichons-in-ringen\/#primaryimage"},"thumbnailUrl":"https:\/\/www.csj-emballages.com\/wp-content\/uploads\/2024\/11\/190010.webp","datePublished":"2024-11-06T01:18:23+00:00","dateModified":"2026-03-12T15:07:03+00:00","description":"Gurkenscheiben in Dose 5\/1, gebrauchsfertig. Knackig, praktisch und ideal f\u00fcr Burger, Sandwiches und die professionelle Gastronomie.","breadcrumb":{"@id":"https:\/\/www.csj-emballages.com\/de\/produit\/schachtel-5-1-von-cornichons-in-ringen\/#breadcrumb"},"inLanguage":"de","potentialAction":[{"@type":"ReadAction","target":["https:\/\/www.csj-emballages.com\/de\/produit\/schachtel-5-1-von-cornichons-in-ringen\/"]}]},{"@type":"ImageObject","inLanguage":"de","@id":"https:\/\/www.csj-emballages.com\/de\/produit\/schachtel-5-1-von-cornichons-in-ringen\/#primaryimage","url":"https:\/\/www.csj-emballages.com\/wp-content\/uploads\/2024\/11\/190010.webp","contentUrl":"https:\/\/www.csj-emballages.com\/wp-content\/uploads\/2024\/11\/190010.webp","width":800,"height":800,"caption":"Cornichons en rondelles"},{"@type":"BreadcrumbList","@id":"https:\/\/www.csj-emballages.com\/de\/produit\/schachtel-5-1-von-cornichons-in-ringen\/#breadcrumb","itemListElement":[{"@type":"ListItem","position":1,"name":"Accueil","item":"https:\/\/www.csj-emballages.com\/de\/universum-lebensmittelverpackungen\/"},{"@type":"ListItem","position":2,"name":"Shop","item":"https:\/\/www.csj-emballages.com\/shop\/"},{"@type":"ListItem","position":3,"name":"Gurkenscheiben in Dose 5\/1"}]},{"@type":"WebSite","@id":"https:\/\/www.csj-emballages.com\/de\/#website","url":"https:\/\/www.csj-emballages.com\/de\/","name":"CSJ Emballages","description":"","publisher":{"@id":"https:\/\/www.csj-emballages.com\/de\/#organization"},"potentialAction":[{"@type":"SearchAction","target":{"@type":"EntryPoint","urlTemplate":"https:\/\/www.csj-emballages.com\/de\/?s={search_term_string}"},"query-input":{"@type":"PropertyValueSpecification","valueRequired":true,"valueName":"search_term_string"}}],"inLanguage":"de"},{"@type":"Organization","@id":"https:\/\/www.csj-emballages.com\/de\/#Organization\/","name":"CSJ Emballages","url":"https:\/\/www.csj-emballages.com\/de\/","logo":{"@type":"ImageObject","inLanguage":"de","@id":"https:\/\/www.csj-emballages.com\/de\/#\/schema\/logo\/image\/","url":"https:\/\/www.csj-emballages.com\/wp-content\/uploads\/2023\/10\/logo_csj.webp","contentUrl":"https:\/\/www.csj-emballages.com\/wp-content\/uploads\/2023\/10\/logo_csj.webp","width":250,"height":95,"caption":"CSJ Emballages"},"image":{"@id":"https:\/\/www.csj-emballages.com\/de\/#\/schema\/logo\/image\/"},"sameAs":["https:\/\/www.facebook.com\/csjemballages"],"address":{"@type":"PostalAddress","streetAddress":"ZI La Lechere","addressLocality":"Patornay","postalCode":"39130","addressCountry":"FR"},"contactPoint":[{"@type":"ContactPoint","contactType":"Service client","telephone":"0384254272","email":"contact@csj-emballages.com"}]}]}},"df_price":9.54,"df_sale_price":"","df_regular_price":9.54,"df_image_link":"https:\/\/www.csj-emballages.com\/wp-content\/uploads\/2024\/11\/190010-300x300.webp","tiered_pricing_type":"fixed","tiered_pricing_fixed_rules":[],"tiered_pricing_percentage_rules":[],"tiered_pricing_minimum":1,"tiered_pricing_roles_data":[],"_links":{"self":[{"href":"https:\/\/www.csj-emballages.com\/de\/wp-json\/wp\/v2\/product\/159595","targetHints":{"allow":["GET"]}}],"collection":[{"href":"https:\/\/www.csj-emballages.com\/de\/wp-json\/wp\/v2\/product"}],"about":[{"href":"https:\/\/www.csj-emballages.com\/de\/wp-json\/wp\/v2\/types\/product"}],"wp:featuredmedia":[{"embeddable":true,"href":"https:\/\/www.csj-emballages.com\/de\/wp-json\/wp\/v2\/media\/260921"}],"wp:attachment":[{"href":"https:\/\/www.csj-emballages.com\/de\/wp-json\/wp\/v2\/media?parent=159595"}],"wp:term":[{"taxonomy":"product_brand","embeddable":true,"href":"https:\/\/www.csj-emballages.com\/de\/wp-json\/wp\/v2\/product_brand?post=159595"},{"taxonomy":"product_cat","embeddable":true,"href":"https:\/\/www.csj-emballages.com\/de\/wp-json\/wp\/v2\/product_cat?post=159595"},{"taxonomy":"product_tag","embeddable":true,"href":"https:\/\/www.csj-emballages.com\/de\/wp-json\/wp\/v2\/product_tag?post=159595"}],"curies":[{"name":"wp","href":"https:\/\/api.w.org\/{rel}","templated":true}]}}