{"id":159580,"date":"2024-11-06T02:18:15","date_gmt":"2024-11-06T01:18:15","guid":{"rendered":"https:\/\/www.csj-emballages.com\/?post_type=product&#038;p=159580"},"modified":"2026-03-31T02:10:16","modified_gmt":"2026-03-31T00:10:16","slug":"schachteln-4-4-aprikosen-murbeteig-geschalt-konserviert","status":"publish","type":"product","link":"https:\/\/www.csj-emballages.com\/de\/produit\/schachteln-4-4-aprikosen-murbeteig-geschalt-konserviert\/","title":{"rendered":"Konservierte Aprikosenh\u00e4lften in Dose 4\/4"},"content":{"rendered":"<h2>Aprikosenh\u00e4lften<\/h2>\n<hr>\n<h3><span style=\"font-weight: bold;\">Entdecken Sie unsere konservierten Aprikosenh\u00e4lften in der 4\/4-Dose.<\/span><!--more--><\/h3>\n<p data-start=\"241\" data-end=\"613\">Diese <strong>Aprikosenh\u00e4lften in der Dose<\/strong> <strong data-start=\"275\" data-end=\"282\">4\/4<\/strong> sind die ideale L\u00f6sung, wenn man echtes, gebrauchsfertiges Obst ohne \u00dcberraschungen m\u00f6chte. Beim \u00d6ffnen entdeckt man <strong>sch\u00f6ne, gut geformte H\u00e4lften<\/strong> mit einer warmen Farbe und zartschmelzender Textur. Sie bewahren einen ausgewogenen Geschmack, weder zu s\u00fc\u00df noch zu fade, was sie einfach in vielen Zubereitungen verwendbar macht.  <\/p>\n<p data-start=\"615\" data-end=\"1044\">Dank ihres gro\u00dfz\u00fcgigen Formats erf\u00fcllen diese <strong>konservierten Aprikosen<\/strong> perfekt die Bed\u00fcrfnisse von Profis und Gro\u00dfverbrauchern, aber auch von jenen, die in gro\u00dfen Mengen kochen. Sie passen sowohl zu einem <strong>einfachen Dessert<\/strong> als auch zu einem <strong>aufwendigeren Rezept<\/strong>. Ob f\u00fcr eine <strong>Tarte, einen Obstsalat, einen saftigen Kuchen, ein Clafoutis<\/strong> oder sogar als s\u00fc\u00dfe Note in einer herzhaften Zubereitung \u2013 sie erledigen die Arbeit m\u00fchelos.  <\/p>\n<p data-start=\"1046\" data-end=\"1352\">Ebenso erm\u00f6glicht die Verpackung in der <strong>Dose<\/strong> eine lange Haltbarkeit bei gleichbleibender Qualit\u00e4t. Sie sparen Zeit in der K\u00fcche, da die Fr\u00fcchte bereits vorbereitet sind: <strong>kein Sch\u00e4len, kein Schneiden, kein Verlust<\/strong>. Einfach \u00f6ffnen, bei Bedarf abgie\u00dfen und Ihrer Kreativit\u00e4t freien Lauf lassen.  <\/p>\n<p data-start=\"1354\" data-end=\"1632\">Dar\u00fcber hinaus ist ihre Stabilit\u00e4t beim Kochen und Backen ein echter Vorteil. Die H\u00e4lften behalten ihre Form und Zartheit, was ein ansprechendes Ergebnis auf dem Teller gew\u00e4hrleistet. Es ist ein zuverl\u00e4ssiges, praktisches und konstantes Produkt, das darauf ausgelegt ist, den Alltag zu vereinfachen und gleichzeitig ein k\u00f6stliches Ergebnis zu garantieren.  <\/p>\n<p data-start=\"1634\" data-end=\"1776\">Zusammenfassend sind diese <strong>konservierten Aprikosenh\u00e4lften<\/strong> ein unverzichtbarer Vorrat, um schnell, gut und ohne Kompromisse beim Geschmack zu kochen.<\/p>\n<p>&nbsp;<\/p>\n<p><!--more--><\/p>\n<h4>Vorteile :<\/h4>\n<ul>\n<li data-start=\"1804\" data-end=\"1836\"><strong>Sch\u00f6ne, gut kalibrierte H\u00e4lften<\/strong>.<\/li>\n<li data-start=\"1839\" data-end=\"1867\">Ausgewogener und nat\u00fcrlicher Geschmack.<\/li>\n<li data-start=\"1870\" data-end=\"1911\"><strong>Format 4\/4<\/strong> f\u00fcr intensive Nutzung geeignet.<\/li>\n<li data-start=\"1914\" data-end=\"1955\">Gebrauchsfertig, garantierte Zeitersparnis.<\/li>\n<li data-start=\"1958\" data-end=\"1998\">Gute Stabilit\u00e4t beim Kochen und Backen.<\/li>\n<\/ul>\n<p>&nbsp;<\/p>\n<p><!--more--><\/p>\n<h4>Weitere Informationen :<\/h4>\n<ul>\n<li><strong>Verpackung<\/strong>: Schachtel 4\/4<\/li>\n<li><strong>Fassungsverm\u00f6gen<\/strong>: 850 ml<\/li>\n<li><strong>Form<\/strong>: H\u00e4lften<\/li>\n<li><strong>Nettogewicht<\/strong>: 820 g<\/li>\n<li><strong>Abtropfgewicht<\/strong>: 480 g<\/li>\n<\/ul>\n<p>&nbsp;<\/p>\n<p><!--more--><\/p>\n<p>Diese Aprikosenh\u00e4lften sind auch in verschiedenen Formaten erh\u00e4ltlich: <span style=\"color: #d12727;\"><a style=\"color: #d12727;\" href=\"https:\/\/www.csj-emballages.com\/de\/produit\/schachtel-5-1-ungeschaelte-aprikose-zum-backen\/\">Dose 5\/1<\/a> <\/span>\/ <span style=\"color: #d12727;\"><a style=\"color: #d12727;\" href=\"https:\/\/www.csj-emballages.com\/de\/produit\/schachtel-3-1-ungeschaelte-aprikose-fuer-backwaren\/\">Dose 3\/1<\/a><\/span><\/p>\n<p>&nbsp;<\/p>\n<p><!--more--><\/p>\n<p><a href=\"https:\/\/www.csj-emballages.com\/de\/categorie-produit\/lebensmittel\/lebensmittel-de\/trockenfruchte-sirup\/aprikose\/\">Entdecken Sie unser weiteres Sortiment an Aprikosen in Sirup<\/a><\/p>\n<p>&nbsp;<\/p>\n","protected":false},"excerpt":{"rendered":"<p>Aprikosenh\u00e4lften Entdecken Sie unsere konservierten Aprikosenh\u00e4lften in der 4\/4-Dose.<\/p>\n","protected":false},"featured_media":260803,"template":"","meta":{"_acf_changed":false},"product_brand":[],"product_cat":[1144,1183,1194,5929],"product_tag":[],"class_list":{"0":"post-159580","1":"product","2":"type-product","3":"status-publish","4":"has-post-thumbnail","6":"product_cat-lebensmittel","7":"product_cat-lebensmittel-de","8":"product_cat-trockenfruchte-sirup","9":"product_cat-aprikose","11":"first","12":"instock","13":"taxable","14":"shipping-taxable","15":"purchasable","16":"product-type-simple"},"acf":[],"yoast_head":"<!-- This site is optimized with the Yoast SEO Premium plugin v26.6 (Yoast SEO v26.6) - https:\/\/yoast.com\/wordpress\/plugins\/seo\/ -->\n<title>Konservierte Aprikosenh\u00e4lften in Dose 4\/4<\/title>\n<meta name=\"description\" content=\"Konservierte Aprikosenh\u00e4lften in Dose 4\/4: gebrauchsfertige, zartschmelzende und schmackhafte Fr\u00fcchte, ideal f\u00fcr Desserts, Geb\u00e4ck und die Profik\u00fcche.\" \/>\n<meta name=\"robots\" content=\"index, follow, max-snippet:-1, max-image-preview:large, max-video-preview:-1\" \/>\n<link rel=\"canonical\" href=\"https:\/\/www.csj-emballages.com\/de\/produit\/schachteln-4-4-aprikosen-murbeteig-geschalt-konserviert\/\" \/>\n<meta property=\"og:locale\" content=\"de_DE\" \/>\n<meta property=\"og:type\" content=\"article\" \/>\n<meta property=\"og:title\" content=\"Konservierte Aprikosenh\u00e4lften in Dose 4\/4\" \/>\n<meta property=\"og:description\" content=\"Konservierte Aprikosenh\u00e4lften in Dose 4\/4: gebrauchsfertige, zartschmelzende und schmackhafte Fr\u00fcchte, ideal f\u00fcr Desserts, Geb\u00e4ck und die Profik\u00fcche.\" \/>\n<meta property=\"og:url\" content=\"https:\/\/www.csj-emballages.com\/de\/produit\/schachteln-4-4-aprikosen-murbeteig-geschalt-konserviert\/\" \/>\n<meta property=\"og:site_name\" content=\"CSJ Emballages\" \/>\n<meta property=\"article:publisher\" content=\"https:\/\/www.facebook.com\/csjemballages\" \/>\n<meta property=\"article:modified_time\" content=\"2026-03-31T00:10:16+00:00\" \/>\n<meta property=\"og:image\" content=\"https:\/\/www.csj-emballages.com\/wp-content\/uploads\/2024\/11\/010196.webp\" \/>\n\t<meta property=\"og:image:width\" content=\"800\" \/>\n\t<meta property=\"og:image:height\" content=\"800\" \/>\n\t<meta property=\"og:image:type\" content=\"image\/webp\" \/>\n<meta name=\"twitter:card\" content=\"summary_large_image\" \/>\n<meta name=\"twitter:label1\" content=\"Gesch\u00e4tzte Lesezeit\" \/>\n\t<meta name=\"twitter:data1\" content=\"2 Minuten\" \/>\n<script type=\"application\/ld+json\" class=\"yoast-schema-graph\">{\"@context\":\"https:\/\/schema.org\",\"@graph\":[{\"@type\":\"WebPage\",\"@id\":\"https:\/\/www.csj-emballages.com\/de\/produit\/schachteln-4-4-aprikosen-murbeteig-geschalt-konserviert\/\",\"url\":\"https:\/\/www.csj-emballages.com\/de\/produit\/schachteln-4-4-aprikosen-murbeteig-geschalt-konserviert\/\",\"name\":\"Konservierte Aprikosenh\u00e4lften in Dose 4\/4\",\"isPartOf\":{\"@id\":\"https:\/\/www.csj-emballages.com\/de\/#website\"},\"primaryImageOfPage\":{\"@id\":\"https:\/\/www.csj-emballages.com\/de\/produit\/schachteln-4-4-aprikosen-murbeteig-geschalt-konserviert\/#primaryimage\"},\"image\":{\"@id\":\"https:\/\/www.csj-emballages.com\/de\/produit\/schachteln-4-4-aprikosen-murbeteig-geschalt-konserviert\/#primaryimage\"},\"thumbnailUrl\":\"https:\/\/www.csj-emballages.com\/wp-content\/uploads\/2024\/11\/010196.webp\",\"datePublished\":\"2024-11-06T01:18:15+00:00\",\"dateModified\":\"2026-03-31T00:10:16+00:00\",\"description\":\"Konservierte Aprikosenh\u00e4lften in Dose 4\/4: gebrauchsfertige, zartschmelzende und schmackhafte Fr\u00fcchte, ideal f\u00fcr Desserts, Geb\u00e4ck und die Profik\u00fcche.\",\"breadcrumb\":{\"@id\":\"https:\/\/www.csj-emballages.com\/de\/produit\/schachteln-4-4-aprikosen-murbeteig-geschalt-konserviert\/#breadcrumb\"},\"inLanguage\":\"de\",\"potentialAction\":[{\"@type\":\"ReadAction\",\"target\":[\"https:\/\/www.csj-emballages.com\/de\/produit\/schachteln-4-4-aprikosen-murbeteig-geschalt-konserviert\/\"]}]},{\"@type\":\"ImageObject\",\"inLanguage\":\"de\",\"@id\":\"https:\/\/www.csj-emballages.com\/de\/produit\/schachteln-4-4-aprikosen-murbeteig-geschalt-konserviert\/#primaryimage\",\"url\":\"https:\/\/www.csj-emballages.com\/wp-content\/uploads\/2024\/11\/010196.webp\",\"contentUrl\":\"https:\/\/www.csj-emballages.com\/wp-content\/uploads\/2024\/11\/010196.webp\",\"width\":800,\"height\":800,\"caption\":\"Oreillons d'abricots\"},{\"@type\":\"BreadcrumbList\",\"@id\":\"https:\/\/www.csj-emballages.com\/de\/produit\/schachteln-4-4-aprikosen-murbeteig-geschalt-konserviert\/#breadcrumb\",\"itemListElement\":[{\"@type\":\"ListItem\",\"position\":1,\"name\":\"Accueil\",\"item\":\"https:\/\/www.csj-emballages.com\/de\/universum-lebensmittelverpackungen\/\"},{\"@type\":\"ListItem\",\"position\":2,\"name\":\"Shop\",\"item\":\"https:\/\/www.csj-emballages.com\/shop\/\"},{\"@type\":\"ListItem\",\"position\":3,\"name\":\"Konservierte Aprikosenh\u00e4lften in Dose 4\/4\"}]},{\"@type\":\"WebSite\",\"@id\":\"https:\/\/www.csj-emballages.com\/de\/#website\",\"url\":\"https:\/\/www.csj-emballages.com\/de\/\",\"name\":\"CSJ Emballages\",\"description\":\"\",\"publisher\":{\"@id\":\"https:\/\/www.csj-emballages.com\/de\/#organization\"},\"potentialAction\":[{\"@type\":\"SearchAction\",\"target\":{\"@type\":\"EntryPoint\",\"urlTemplate\":\"https:\/\/www.csj-emballages.com\/de\/?s={search_term_string}\"},\"query-input\":{\"@type\":\"PropertyValueSpecification\",\"valueRequired\":true,\"valueName\":\"search_term_string\"}}],\"inLanguage\":\"de\"},{\"@type\":\"Organization\",\"@id\":\"https:\/\/www.csj-emballages.com\/de\/#Organization\/\",\"name\":\"CSJ Emballages\",\"url\":\"https:\/\/www.csj-emballages.com\/de\/\",\"logo\":{\"@type\":\"ImageObject\",\"inLanguage\":\"de\",\"@id\":\"https:\/\/www.csj-emballages.com\/de\/#\/schema\/logo\/image\/\",\"url\":\"https:\/\/www.csj-emballages.com\/wp-content\/uploads\/2023\/10\/logo_csj.webp\",\"contentUrl\":\"https:\/\/www.csj-emballages.com\/wp-content\/uploads\/2023\/10\/logo_csj.webp\",\"width\":250,\"height\":95,\"caption\":\"CSJ Emballages\"},\"image\":{\"@id\":\"https:\/\/www.csj-emballages.com\/de\/#\/schema\/logo\/image\/\"},\"sameAs\":[\"https:\/\/www.facebook.com\/csjemballages\"],\"address\":{\"@type\":\"PostalAddress\",\"streetAddress\":\"ZI La Lechere\",\"addressLocality\":\"Patornay\",\"postalCode\":\"39130\",\"addressCountry\":\"FR\"},\"contactPoint\":[{\"@type\":\"ContactPoint\",\"contactType\":\"Service client\",\"telephone\":\"0384254272\",\"email\":\"contact@csj-emballages.com\"}]}]}<\/script>\n<!-- \/ Yoast SEO Premium plugin. -->","yoast_head_json":{"title":"Konservierte Aprikosenh\u00e4lften in Dose 4\/4","description":"Konservierte Aprikosenh\u00e4lften in Dose 4\/4: gebrauchsfertige, zartschmelzende und schmackhafte Fr\u00fcchte, ideal f\u00fcr Desserts, Geb\u00e4ck und die Profik\u00fcche.","robots":{"index":"index","follow":"follow","max-snippet":"max-snippet:-1","max-image-preview":"max-image-preview:large","max-video-preview":"max-video-preview:-1"},"canonical":"https:\/\/www.csj-emballages.com\/de\/produit\/schachteln-4-4-aprikosen-murbeteig-geschalt-konserviert\/","og_locale":"de_DE","og_type":"article","og_title":"Konservierte Aprikosenh\u00e4lften in Dose 4\/4","og_description":"Konservierte Aprikosenh\u00e4lften in Dose 4\/4: gebrauchsfertige, zartschmelzende und schmackhafte Fr\u00fcchte, ideal f\u00fcr Desserts, Geb\u00e4ck und die Profik\u00fcche.","og_url":"https:\/\/www.csj-emballages.com\/de\/produit\/schachteln-4-4-aprikosen-murbeteig-geschalt-konserviert\/","og_site_name":"CSJ Emballages","article_publisher":"https:\/\/www.facebook.com\/csjemballages","article_modified_time":"2026-03-31T00:10:16+00:00","og_image":[{"width":800,"height":800,"url":"https:\/\/www.csj-emballages.com\/wp-content\/uploads\/2024\/11\/010196.webp","type":"image\/webp"}],"twitter_card":"summary_large_image","twitter_misc":{"Gesch\u00e4tzte Lesezeit":"2 Minuten"},"schema":{"@context":"https:\/\/schema.org","@graph":[{"@type":"WebPage","@id":"https:\/\/www.csj-emballages.com\/de\/produit\/schachteln-4-4-aprikosen-murbeteig-geschalt-konserviert\/","url":"https:\/\/www.csj-emballages.com\/de\/produit\/schachteln-4-4-aprikosen-murbeteig-geschalt-konserviert\/","name":"Konservierte Aprikosenh\u00e4lften in Dose 4\/4","isPartOf":{"@id":"https:\/\/www.csj-emballages.com\/de\/#website"},"primaryImageOfPage":{"@id":"https:\/\/www.csj-emballages.com\/de\/produit\/schachteln-4-4-aprikosen-murbeteig-geschalt-konserviert\/#primaryimage"},"image":{"@id":"https:\/\/www.csj-emballages.com\/de\/produit\/schachteln-4-4-aprikosen-murbeteig-geschalt-konserviert\/#primaryimage"},"thumbnailUrl":"https:\/\/www.csj-emballages.com\/wp-content\/uploads\/2024\/11\/010196.webp","datePublished":"2024-11-06T01:18:15+00:00","dateModified":"2026-03-31T00:10:16+00:00","description":"Konservierte Aprikosenh\u00e4lften in Dose 4\/4: gebrauchsfertige, zartschmelzende und schmackhafte Fr\u00fcchte, ideal f\u00fcr Desserts, Geb\u00e4ck und die Profik\u00fcche.","breadcrumb":{"@id":"https:\/\/www.csj-emballages.com\/de\/produit\/schachteln-4-4-aprikosen-murbeteig-geschalt-konserviert\/#breadcrumb"},"inLanguage":"de","potentialAction":[{"@type":"ReadAction","target":["https:\/\/www.csj-emballages.com\/de\/produit\/schachteln-4-4-aprikosen-murbeteig-geschalt-konserviert\/"]}]},{"@type":"ImageObject","inLanguage":"de","@id":"https:\/\/www.csj-emballages.com\/de\/produit\/schachteln-4-4-aprikosen-murbeteig-geschalt-konserviert\/#primaryimage","url":"https:\/\/www.csj-emballages.com\/wp-content\/uploads\/2024\/11\/010196.webp","contentUrl":"https:\/\/www.csj-emballages.com\/wp-content\/uploads\/2024\/11\/010196.webp","width":800,"height":800,"caption":"Oreillons d'abricots"},{"@type":"BreadcrumbList","@id":"https:\/\/www.csj-emballages.com\/de\/produit\/schachteln-4-4-aprikosen-murbeteig-geschalt-konserviert\/#breadcrumb","itemListElement":[{"@type":"ListItem","position":1,"name":"Accueil","item":"https:\/\/www.csj-emballages.com\/de\/universum-lebensmittelverpackungen\/"},{"@type":"ListItem","position":2,"name":"Shop","item":"https:\/\/www.csj-emballages.com\/shop\/"},{"@type":"ListItem","position":3,"name":"Konservierte Aprikosenh\u00e4lften in Dose 4\/4"}]},{"@type":"WebSite","@id":"https:\/\/www.csj-emballages.com\/de\/#website","url":"https:\/\/www.csj-emballages.com\/de\/","name":"CSJ Emballages","description":"","publisher":{"@id":"https:\/\/www.csj-emballages.com\/de\/#organization"},"potentialAction":[{"@type":"SearchAction","target":{"@type":"EntryPoint","urlTemplate":"https:\/\/www.csj-emballages.com\/de\/?s={search_term_string}"},"query-input":{"@type":"PropertyValueSpecification","valueRequired":true,"valueName":"search_term_string"}}],"inLanguage":"de"},{"@type":"Organization","@id":"https:\/\/www.csj-emballages.com\/de\/#Organization\/","name":"CSJ Emballages","url":"https:\/\/www.csj-emballages.com\/de\/","logo":{"@type":"ImageObject","inLanguage":"de","@id":"https:\/\/www.csj-emballages.com\/de\/#\/schema\/logo\/image\/","url":"https:\/\/www.csj-emballages.com\/wp-content\/uploads\/2023\/10\/logo_csj.webp","contentUrl":"https:\/\/www.csj-emballages.com\/wp-content\/uploads\/2023\/10\/logo_csj.webp","width":250,"height":95,"caption":"CSJ Emballages"},"image":{"@id":"https:\/\/www.csj-emballages.com\/de\/#\/schema\/logo\/image\/"},"sameAs":["https:\/\/www.facebook.com\/csjemballages"],"address":{"@type":"PostalAddress","streetAddress":"ZI La Lechere","addressLocality":"Patornay","postalCode":"39130","addressCountry":"FR"},"contactPoint":[{"@type":"ContactPoint","contactType":"Service client","telephone":"0384254272","email":"contact@csj-emballages.com"}]}]}},"df_price":2.91,"df_sale_price":"","df_regular_price":2.91,"df_image_link":"https:\/\/www.csj-emballages.com\/wp-content\/uploads\/2024\/11\/010196-300x300.webp","tiered_pricing_type":"fixed","tiered_pricing_fixed_rules":[],"tiered_pricing_percentage_rules":[],"tiered_pricing_minimum":1,"tiered_pricing_roles_data":[],"_links":{"self":[{"href":"https:\/\/www.csj-emballages.com\/de\/wp-json\/wp\/v2\/product\/159580","targetHints":{"allow":["GET"]}}],"collection":[{"href":"https:\/\/www.csj-emballages.com\/de\/wp-json\/wp\/v2\/product"}],"about":[{"href":"https:\/\/www.csj-emballages.com\/de\/wp-json\/wp\/v2\/types\/product"}],"wp:featuredmedia":[{"embeddable":true,"href":"https:\/\/www.csj-emballages.com\/de\/wp-json\/wp\/v2\/media\/260803"}],"wp:attachment":[{"href":"https:\/\/www.csj-emballages.com\/de\/wp-json\/wp\/v2\/media?parent=159580"}],"wp:term":[{"taxonomy":"product_brand","embeddable":true,"href":"https:\/\/www.csj-emballages.com\/de\/wp-json\/wp\/v2\/product_brand?post=159580"},{"taxonomy":"product_cat","embeddable":true,"href":"https:\/\/www.csj-emballages.com\/de\/wp-json\/wp\/v2\/product_cat?post=159580"},{"taxonomy":"product_tag","embeddable":true,"href":"https:\/\/www.csj-emballages.com\/de\/wp-json\/wp\/v2\/product_tag?post=159580"}],"curies":[{"name":"wp","href":"https:\/\/api.w.org\/{rel}","templated":true}]}}