{"id":159562,"date":"2024-10-15T02:18:16","date_gmt":"2024-10-15T00:18:16","guid":{"rendered":"https:\/\/www.csj-emballages.com\/?post_type=product&#038;p=159562"},"modified":"2026-04-16T02:11:20","modified_gmt":"2026-04-16T00:11:20","slug":"heissiegelbare-spule-fur-kasereien-und-molkereien-35-cm-breit-10-kg","status":"publish","type":"product","link":"https:\/\/www.csj-emballages.com\/de\/produit\/heissiegelbare-spule-fur-kasereien-und-molkereien-35-cm-breit-10-kg\/","title":{"rendered":"Hei\u00dfsiegelbare Papierrolle K\u00e4serei-Cr\u00e8merie 35 cm breit 10 kg"},"content":{"rendered":"<div style=\"box-sizing: inherit; font-family: Roboto, sans-serif;\">\n<div style=\"box-sizing: inherit; font-family: Roboto, sans-serif;\">\n<div style=\"box-sizing: inherit; font-family: Roboto, sans-serif;\">\n<div style=\"box-sizing: inherit; font-family: Roboto, sans-serif;\">\n<div style=\"box-sizing: inherit; font-family: Roboto, sans-serif;\">\n<div style=\"box-sizing: inherit; font-family: Roboto, sans-serif;\">\n<div style=\"box-sizing: inherit; font-family: Roboto, sans-serif;\">\n<div style=\"box-sizing: inherit; font-family: Roboto, sans-serif;\">\n<div style=\"box-sizing: inherit; font-family: Roboto, sans-serif;\">\n<div style=\"box-sizing: inherit; font-family: Roboto, sans-serif;\">\n<div style=\"box-sizing: inherit; font-family: Roboto, sans-serif;\">\n<div style=\"box-sizing: inherit; font-family: Roboto, sans-serif;\">\n<div style=\"box-sizing: inherit; font-family: Roboto, sans-serif;\">\n<div class=\"flex flex-grow flex-col max-w-full\">\n<div class=\"min-h-[20px] text-message flex flex-col items-start whitespace-pre-wrap break-words [.text-message+&amp;]:mt-5 juice:w-full juice:items-end overflow-x-auto gap-2\" dir=\"auto\" data-message-author-role=\"assistant\" data-message-id=\"2034782e-88f9-44ef-b4dc-07dd7bf0115f\">\n<div class=\"flex w-full flex-col gap-1 juice:empty:hidden juice:first:pt-[3px]\">\n<div class=\"markdown prose w-full break-words dark:prose-invert light\">\n<div style=\"box-sizing: inherit; font-family: Roboto, sans-serif;\">\n<div style=\"box-sizing: inherit; font-family: Roboto, sans-serif;\">\n<div style=\"box-sizing: inherit; font-family: Roboto, sans-serif;\">\n<div style=\"box-sizing: inherit; font-family: Roboto, sans-serif;\">\n<div style=\"box-sizing: inherit; font-family: Roboto, sans-serif;\">\n<div style=\"box-sizing: inherit; font-family: Roboto, sans-serif;\">\n<h2>Papierrolle<\/h2>\n<div style=\"box-sizing: inherit; font-family: Roboto, sans-serif;\">\n<div style=\"box-sizing: inherit; font-family: Roboto, sans-serif;\">\n<div style=\"box-sizing: inherit; font-family: Roboto, sans-serif;\">\n<div style=\"text-align: center;\">\n<div style=\"box-sizing: inherit; font-family: Roboto, sans-serif;\">\n<div style=\"box-sizing: inherit; font-family: Roboto, sans-serif;\">\n<div style=\"box-sizing: inherit; font-family: Roboto, sans-serif;\">\n<div style=\"box-sizing: inherit; font-family: Roboto, sans-serif;\">\n<div style=\"box-sizing: inherit; font-family: Roboto, sans-serif;\">\n<div style=\"box-sizing: inherit; font-family: Roboto, sans-serif; text-align: left;\">\n<hr>\n<h3 style=\"text-align: left;\">Beschreibung unserer Rolle hei\u00dfsiegelf\u00e4higes Papier Fromagerie Cr\u00e8merie 35 cm<!--more--><\/h3>\n<\/div>\n<\/div>\n<\/div>\n<\/div>\n<\/div>\n<\/div>\n<\/div>\n<\/div>\n<\/div>\n<\/div>\n<\/div>\n<\/div>\n<\/div>\n<\/div>\n<\/div>\n<\/div>\n<\/div>\n<\/div>\n<\/div>\n<\/div>\n<\/div>\n<\/div>\n<\/div>\n<\/div>\n<\/div>\n<\/div>\n<\/div>\n<\/div>\n<\/div>\n<\/div>\n<\/div>\n<\/div>\n<\/div>\n<p>Die <strong>35 cm breite, hei\u00dfsiegelbare<\/strong> <strong>Papierrolle<\/strong> mit einem Gesamtgewicht von <strong>10 kg<\/strong> ist ein Muss f\u00fcr die Profis der <strong>K\u00e4sereien und Molkereien<\/strong>. Diese <strong>Papierrolle<\/strong> wurde entwickelt, um einen optimalen Schutz der Produkte zu bieten und gleichzeitig eine attraktive Pr\u00e4sentation zu gew\u00e4hrleisten. Dank ihres Formats und ihrer hei\u00dfsiegelbaren Eigenschaften sorgt sie f\u00fcr eine zuverl\u00e4ssige und praktische Verpackung im Alltag. Diese <strong>Kraftrolle<\/strong> wurde entwickelt, um Ihre Produkte und andere empfindliche Lebensmittel wirksam zu sch\u00fctzen. Ihre Textur garantiert eine starke Barriere, die die Frische der Produkte bewahrt und ein Auslaufen verhindert. F\u00fcr anspruchsvolle Profis ist diese <strong>Papierrolle<\/strong> eine Qualit\u00e4tsgarantie.     <\/p>\n<p>&nbsp;<\/p>\n<p><!--more--><\/p>\n<h4>Warum sollten Sie unsere <strong>Papierrolle<\/strong> verwenden?<\/h4>\n<p>Diese <strong>Papierrolle<\/strong> ist dank ihrer Breite von <strong>35 cm,<\/strong> die sich ideal f\u00fcr Verpackungen unterschiedlicher Gr\u00f6\u00dfe eignet, leicht zu verarbeiten. Dar\u00fcber hinaus vereinfacht ihr <strong>hei\u00dfsiegelbares<\/strong> Format die Verpackungsvorg\u00e4nge, da es f\u00fcr einen luftdichten Verschluss sorgt. Denn egal ob f\u00fcr den intensiven Gebrauch in der Werkstatt oder f\u00fcr Verpackungen zum Mitnehmen, diese <strong>Papierrolle<\/strong> erf\u00fcllt alle Anforderungen.  <\/p>\n<p>Denn die <strong>hei\u00dfsiegelbare Rolle<\/strong> ist speziell daf\u00fcr konzipiert, den Standards f\u00fcr Lebensmittelsicherheit zu entsprechen. Jede <strong>Papierrolle<\/strong> bietet einen optimalen Schutz, verringert das Risiko einer Kontamination und gew\u00e4hrleistet eine einwandfreie Hygiene. Au\u00dferdem w\u00e4hlen Fachleute mit der <strong>Kraftrolle<\/strong> ein Material, das die Lebensmittel schont und ihre Haltbarkeit verl\u00e4ngert.  <\/p>\n<p>&nbsp;<\/p>\n<p><!--more--><\/p>\n<p>Dar\u00fcber hinaus bietet das <strong>10-kg-Format<\/strong> eine h\u00f6here Kosteneffizienz, wodurch der Bedarf an h\u00e4ufigen Nachf\u00fcllungen verringert und die Kosten optimiert werden.<\/p>\n<p>Zusammenfassend l\u00e4sst sich sagen, dass die <strong>35 cm breite<\/strong>, <strong>hei\u00dfsiegelbare<\/strong> <strong>Papierrolle<\/strong> eine zuverl\u00e4ssige und kosteng\u00fcnstige Verpackungsl\u00f6sung f\u00fcr Handwerker ist. Sie sorgt f\u00fcr die Erhaltung, Sicherheit und Pr\u00e4sentation der Produkte. Diese einfach zu verwendende <strong>Papierrolle<\/strong> ist unverzichtbar, um den Anforderungen der Branche gerecht zu werden. Mit der Wahl dieser <strong>Papierrolle<\/strong> stellen Gewerbetreibende sicher, dass sie frische Produkte anbieten, die sorgf\u00e4ltig verpackt sind und den Hygienevorschriften entsprechen.   <\/p>\n<p>&nbsp;<\/p>\n<p><!--more--><\/p>\n<div style=\"box-sizing: inherit; font-family: Roboto, sans-serif;\">\n<div style=\"box-sizing: inherit; font-family: Roboto, sans-serif;\">\n<div class=\"flex flex-grow flex-col max-w-full\">\n<div class=\"min-h-[20px] text-message flex flex-col items-start whitespace-pre-wrap break-words [.text-message+&amp;]:mt-5 juice:w-full juice:items-end overflow-x-auto gap-2\" dir=\"auto\" data-message-author-role=\"assistant\" data-message-id=\"2034782e-88f9-44ef-b4dc-07dd7bf0115f\">\n<div class=\"flex w-full flex-col gap-1 juice:empty:hidden juice:first:pt-[3px]\">\n<div class=\"markdown prose w-full break-words dark:prose-invert light\">\n<div style=\"box-sizing: inherit; font-family: Roboto, sans-serif;\">\n<div style=\"box-sizing: inherit; font-family: Roboto, sans-serif;\">\n<div style=\"box-sizing: inherit; font-family: Roboto, sans-serif;\">\n<div style=\"box-sizing: inherit; font-family: Roboto, sans-serif;\">\n<div style=\"box-sizing: inherit; font-family: Roboto, sans-serif;\">\n<div style=\"box-sizing: inherit; font-family: Roboto, sans-serif;\">\n<h4 style=\"text-align: left;\"><strong>Die Vorteile unserer Hei\u00dfsiegelpapierrolle <\/strong>Kraft 35 cm <strong>:<\/strong><\/h4>\n<\/div>\n<\/div>\n<\/div>\n<\/div>\n<\/div>\n<\/div>\n<\/div>\n<\/div>\n<\/div>\n<\/div>\n<\/div>\n<\/div>\n<ul>\n<li><strong>Optimaler Schutz und Haltbarkeit<\/strong>: Die <strong>hei\u00dfsiegelf\u00e4hige Rolle<\/strong> bietet eine wirksame Barriere gegen Feuchtigkeit und Verunreinigungen und sorgt so f\u00fcr eine l\u00e4ngere Haltbarkeit der frischen Produkte.<\/li>\n<li><strong>Einfache Handhabung<\/strong>: Mit einer Breite von 35 cm und einem Gewicht von 10 kg ist die <strong>Papierrolle<\/strong> mit allen g\u00e4ngigen Hei\u00dfsiegelmaschinen kompatibel, was das Verpacken schnell und bequem macht.<\/li>\n<li><strong>Vielseitigkeit<\/strong>: Diese <strong>Kraftrolle<\/strong> eignet sich f\u00fcr eine Vielzahl von Produkten, z. B. K\u00e4se.<\/li>\n<li><strong>Zeit- und Kostenersparnis<\/strong>: Das gro\u00dfz\u00fcgige Format erm\u00f6glicht eine lange Nutzung, wodurch h\u00e4ufige Nachbestellungen reduziert werden.<\/li>\n<\/ul>\n<p>&nbsp;<\/p>\n<p><!--more--><\/p>\n<h4>Weitere Informationen zu diesem Produkt :<\/h4>\n<ul style=\"box-sizing: inherit; font-family: Roboto, sans-serif;\">\n<li><strong>Verpackung<\/strong>: 1 Rolle<\/li>\n<li><span style=\"font-weight: bold;\">Gr\u00f6\u00dfe<\/span>: 35 x 20,5 (B x H in cm)<\/li>\n<li><strong>Material<\/strong>: Papier<\/li>\n<li><strong>Option<\/strong>: Hei\u00dfsiegelbar<\/li>\n<\/ul>\n<p>&nbsp;<\/p>\n<p><!--more--><\/p>\n<p>Dieses Produkt ist auch in Wei\u00df erh\u00e4ltlich : <span style=\"color: #d12727;\"><a style=\"color: #d12727;\" href=\"https:\/\/www.csj-emballages.com\/pt-pt\/produit\/bobina-termosselavel-sem-impressao-com-35-cm-de-largura-10-kg\/\">BOBTHERMO35<\/a><\/span><\/p>\n<p>&nbsp;<\/p>\n<p><!--more--><\/p>\n<p>Diese hei\u00dfsiegelbare Rolle ist in mehreren Farben f\u00fcr verschiedene Branchen erh\u00e4ltlich : <span style=\"color: #d12727;\"><a style=\"color: #d12727;\" href=\"https:\/\/www.csj-emballages.com\/pt-pt\/produit\/rolo-de-papel-termo-selavel-talho-charcutaria-restauracao-35-cm-de-largura-10-kg\/\">Metzgerei<\/a><\/span> \/ <span style=\"color: #d12727;\"><a style=\"color: #d12727;\" href=\"https:\/\/www.csj-emballages.com\/pt-pt\/produit\/bobina-de-produtos-frescos-em-kraft-termo-selavel-com-35-cm-de-largura-10-kg\/\">Frische Produkte<\/a><\/span><\/p>\n<p>&nbsp;<\/p>\n<p>&nbsp;<\/p>\n<p><!--more--><\/p>\n<p><a href=\"https:\/\/www.csj-emballages.com\/de\/categorie-produit\/lebensmittelverpackungen\/metzgerei-und-feinkostgeschaft\/lebensmittelpapier\/\">Sehen Sie sich den Rest unseres Sortiments an hei\u00dfsiegelbaren Papierrollen an.<\/a><\/p>\n","protected":false},"excerpt":{"rendered":"<p>Papierrolle Beschreibung unserer Rolle hei\u00dfsiegelf\u00e4higes Papier Fromagerie Cr\u00e8merie 35 cm<\/p>\n","protected":false},"featured_media":224938,"template":"","meta":{"_acf_changed":false},"product_brand":[],"product_cat":[1137,1170,2571,8145],"product_tag":[],"class_list":{"0":"post-159562","1":"product","2":"type-product","3":"status-publish","4":"has-post-thumbnail","6":"product_cat-lebensmittelverpackungen","7":"product_cat-metzgerei-und-feinkostgeschaft","8":"product_cat-lebensmittelpapier","9":"product_cat-heissiegelbares-papier","11":"first","12":"instock","13":"taxable","14":"shipping-taxable","15":"purchasable","16":"product-type-simple"},"acf":[],"yoast_head":"<!-- This site is optimized with the Yoast SEO Premium plugin v26.6 (Yoast SEO v26.6) - https:\/\/yoast.com\/wordpress\/plugins\/seo\/ -->\n<title>Hei\u00dfsiegelbare Papierrolle - 35 cm<\/title>\n<meta name=\"description\" content=\"Entdecken Sie unsere hei\u00dfsiegelbare Papierrolle! Die Gr\u00f6\u00dfe betr\u00e4gt 35 cm! Entscheiden Sie sich f\u00fcr eine robuste und qualitativ hochwertige Papierrolle.\" \/>\n<meta name=\"robots\" content=\"index, follow, max-snippet:-1, max-image-preview:large, max-video-preview:-1\" \/>\n<link rel=\"canonical\" href=\"https:\/\/www.csj-emballages.com\/de\/produit\/heissiegelbare-spule-fur-kasereien-und-molkereien-35-cm-breit-10-kg\/\" \/>\n<meta property=\"og:locale\" content=\"de_DE\" \/>\n<meta property=\"og:type\" content=\"article\" \/>\n<meta property=\"og:title\" content=\"Hei\u00dfsiegelbare Papierrolle K\u00e4serei-Cr\u00e8merie 35 cm breit 10 kg\" \/>\n<meta property=\"og:description\" content=\"Entdecken Sie unsere hei\u00dfsiegelbare Papierrolle! Die Gr\u00f6\u00dfe betr\u00e4gt 35 cm! Entscheiden Sie sich f\u00fcr eine robuste und qualitativ hochwertige Papierrolle.\" \/>\n<meta property=\"og:url\" content=\"https:\/\/www.csj-emballages.com\/de\/produit\/heissiegelbare-spule-fur-kasereien-und-molkereien-35-cm-breit-10-kg\/\" \/>\n<meta property=\"og:site_name\" content=\"CSJ Emballages\" \/>\n<meta property=\"article:publisher\" content=\"https:\/\/www.facebook.com\/csjemballages\" \/>\n<meta property=\"article:modified_time\" content=\"2026-04-16T00:11:20+00:00\" \/>\n<meta property=\"og:image\" content=\"https:\/\/www.csj-emballages.com\/wp-content\/uploads\/2024\/10\/BOBTHERMO2.webp\" \/>\n\t<meta property=\"og:image:width\" content=\"800\" \/>\n\t<meta property=\"og:image:height\" content=\"800\" \/>\n\t<meta property=\"og:image:type\" content=\"image\/webp\" \/>\n<meta name=\"twitter:card\" content=\"summary_large_image\" \/>\n<meta name=\"twitter:label1\" content=\"Gesch\u00e4tzte Lesezeit\" \/>\n\t<meta name=\"twitter:data1\" content=\"3 Minuten\" \/>\n<script type=\"application\/ld+json\" class=\"yoast-schema-graph\">{\"@context\":\"https:\/\/schema.org\",\"@graph\":[{\"@type\":\"WebPage\",\"@id\":\"https:\/\/www.csj-emballages.com\/de\/produit\/heissiegelbare-spule-fur-kasereien-und-molkereien-35-cm-breit-10-kg\/\",\"url\":\"https:\/\/www.csj-emballages.com\/de\/produit\/heissiegelbare-spule-fur-kasereien-und-molkereien-35-cm-breit-10-kg\/\",\"name\":\"Hei\u00dfsiegelbare Papierrolle - 35 cm\",\"isPartOf\":{\"@id\":\"https:\/\/www.csj-emballages.com\/de\/#website\"},\"primaryImageOfPage\":{\"@id\":\"https:\/\/www.csj-emballages.com\/de\/produit\/heissiegelbare-spule-fur-kasereien-und-molkereien-35-cm-breit-10-kg\/#primaryimage\"},\"image\":{\"@id\":\"https:\/\/www.csj-emballages.com\/de\/produit\/heissiegelbare-spule-fur-kasereien-und-molkereien-35-cm-breit-10-kg\/#primaryimage\"},\"thumbnailUrl\":\"https:\/\/www.csj-emballages.com\/wp-content\/uploads\/2024\/10\/BOBTHERMO2.webp\",\"datePublished\":\"2024-10-15T00:18:16+00:00\",\"dateModified\":\"2026-04-16T00:11:20+00:00\",\"description\":\"Entdecken Sie unsere hei\u00dfsiegelbare Papierrolle! Die Gr\u00f6\u00dfe betr\u00e4gt 35 cm! Entscheiden Sie sich f\u00fcr eine robuste und qualitativ hochwertige Papierrolle.\",\"breadcrumb\":{\"@id\":\"https:\/\/www.csj-emballages.com\/de\/produit\/heissiegelbare-spule-fur-kasereien-und-molkereien-35-cm-breit-10-kg\/#breadcrumb\"},\"inLanguage\":\"de\",\"potentialAction\":[{\"@type\":\"ReadAction\",\"target\":[\"https:\/\/www.csj-emballages.com\/de\/produit\/heissiegelbare-spule-fur-kasereien-und-molkereien-35-cm-breit-10-kg\/\"]}]},{\"@type\":\"ImageObject\",\"inLanguage\":\"de\",\"@id\":\"https:\/\/www.csj-emballages.com\/de\/produit\/heissiegelbare-spule-fur-kasereien-und-molkereien-35-cm-breit-10-kg\/#primaryimage\",\"url\":\"https:\/\/www.csj-emballages.com\/wp-content\/uploads\/2024\/10\/BOBTHERMO2.webp\",\"contentUrl\":\"https:\/\/www.csj-emballages.com\/wp-content\/uploads\/2024\/10\/BOBTHERMO2.webp\",\"width\":800,\"height\":800,\"caption\":\"Rouleau papier thermoscellable\"},{\"@type\":\"BreadcrumbList\",\"@id\":\"https:\/\/www.csj-emballages.com\/de\/produit\/heissiegelbare-spule-fur-kasereien-und-molkereien-35-cm-breit-10-kg\/#breadcrumb\",\"itemListElement\":[{\"@type\":\"ListItem\",\"position\":1,\"name\":\"Accueil\",\"item\":\"https:\/\/www.csj-emballages.com\/de\/universum-lebensmittelverpackungen\/\"},{\"@type\":\"ListItem\",\"position\":2,\"name\":\"Shop\",\"item\":\"https:\/\/www.csj-emballages.com\/shop\/\"},{\"@type\":\"ListItem\",\"position\":3,\"name\":\"Hei\u00dfsiegelbare Papierrolle K\u00e4serei-Cr\u00e8merie 35 cm breit 10 kg\"}]},{\"@type\":\"WebSite\",\"@id\":\"https:\/\/www.csj-emballages.com\/de\/#website\",\"url\":\"https:\/\/www.csj-emballages.com\/de\/\",\"name\":\"CSJ Emballages\",\"description\":\"\",\"publisher\":{\"@id\":\"https:\/\/www.csj-emballages.com\/de\/#organization\"},\"potentialAction\":[{\"@type\":\"SearchAction\",\"target\":{\"@type\":\"EntryPoint\",\"urlTemplate\":\"https:\/\/www.csj-emballages.com\/de\/?s={search_term_string}\"},\"query-input\":{\"@type\":\"PropertyValueSpecification\",\"valueRequired\":true,\"valueName\":\"search_term_string\"}}],\"inLanguage\":\"de\"},{\"@type\":\"Organization\",\"@id\":\"https:\/\/www.csj-emballages.com\/de\/#Organization\/\",\"name\":\"CSJ Emballages\",\"url\":\"https:\/\/www.csj-emballages.com\/de\/\",\"logo\":{\"@type\":\"ImageObject\",\"inLanguage\":\"de\",\"@id\":\"https:\/\/www.csj-emballages.com\/de\/#\/schema\/logo\/image\/\",\"url\":\"https:\/\/www.csj-emballages.com\/wp-content\/uploads\/2023\/10\/logo_csj.webp\",\"contentUrl\":\"https:\/\/www.csj-emballages.com\/wp-content\/uploads\/2023\/10\/logo_csj.webp\",\"width\":250,\"height\":95,\"caption\":\"CSJ Emballages\"},\"image\":{\"@id\":\"https:\/\/www.csj-emballages.com\/de\/#\/schema\/logo\/image\/\"},\"sameAs\":[\"https:\/\/www.facebook.com\/csjemballages\"],\"address\":{\"@type\":\"PostalAddress\",\"streetAddress\":\"ZI La Lechere\",\"addressLocality\":\"Patornay\",\"postalCode\":\"39130\",\"addressCountry\":\"FR\"},\"contactPoint\":[{\"@type\":\"ContactPoint\",\"contactType\":\"Service client\",\"telephone\":\"0384254272\",\"email\":\"contact@csj-emballages.com\"}]}]}<\/script>\n<!-- \/ Yoast SEO Premium plugin. -->","yoast_head_json":{"title":"Hei\u00dfsiegelbare Papierrolle - 35 cm","description":"Entdecken Sie unsere hei\u00dfsiegelbare Papierrolle! Die Gr\u00f6\u00dfe betr\u00e4gt 35 cm! Entscheiden Sie sich f\u00fcr eine robuste und qualitativ hochwertige Papierrolle.","robots":{"index":"index","follow":"follow","max-snippet":"max-snippet:-1","max-image-preview":"max-image-preview:large","max-video-preview":"max-video-preview:-1"},"canonical":"https:\/\/www.csj-emballages.com\/de\/produit\/heissiegelbare-spule-fur-kasereien-und-molkereien-35-cm-breit-10-kg\/","og_locale":"de_DE","og_type":"article","og_title":"Hei\u00dfsiegelbare Papierrolle K\u00e4serei-Cr\u00e8merie 35 cm breit 10 kg","og_description":"Entdecken Sie unsere hei\u00dfsiegelbare Papierrolle! Die Gr\u00f6\u00dfe betr\u00e4gt 35 cm! Entscheiden Sie sich f\u00fcr eine robuste und qualitativ hochwertige Papierrolle.","og_url":"https:\/\/www.csj-emballages.com\/de\/produit\/heissiegelbare-spule-fur-kasereien-und-molkereien-35-cm-breit-10-kg\/","og_site_name":"CSJ Emballages","article_publisher":"https:\/\/www.facebook.com\/csjemballages","article_modified_time":"2026-04-16T00:11:20+00:00","og_image":[{"width":800,"height":800,"url":"https:\/\/www.csj-emballages.com\/wp-content\/uploads\/2024\/10\/BOBTHERMO2.webp","type":"image\/webp"}],"twitter_card":"summary_large_image","twitter_misc":{"Gesch\u00e4tzte Lesezeit":"3 Minuten"},"schema":{"@context":"https:\/\/schema.org","@graph":[{"@type":"WebPage","@id":"https:\/\/www.csj-emballages.com\/de\/produit\/heissiegelbare-spule-fur-kasereien-und-molkereien-35-cm-breit-10-kg\/","url":"https:\/\/www.csj-emballages.com\/de\/produit\/heissiegelbare-spule-fur-kasereien-und-molkereien-35-cm-breit-10-kg\/","name":"Hei\u00dfsiegelbare Papierrolle - 35 cm","isPartOf":{"@id":"https:\/\/www.csj-emballages.com\/de\/#website"},"primaryImageOfPage":{"@id":"https:\/\/www.csj-emballages.com\/de\/produit\/heissiegelbare-spule-fur-kasereien-und-molkereien-35-cm-breit-10-kg\/#primaryimage"},"image":{"@id":"https:\/\/www.csj-emballages.com\/de\/produit\/heissiegelbare-spule-fur-kasereien-und-molkereien-35-cm-breit-10-kg\/#primaryimage"},"thumbnailUrl":"https:\/\/www.csj-emballages.com\/wp-content\/uploads\/2024\/10\/BOBTHERMO2.webp","datePublished":"2024-10-15T00:18:16+00:00","dateModified":"2026-04-16T00:11:20+00:00","description":"Entdecken Sie unsere hei\u00dfsiegelbare Papierrolle! Die Gr\u00f6\u00dfe betr\u00e4gt 35 cm! Entscheiden Sie sich f\u00fcr eine robuste und qualitativ hochwertige Papierrolle.","breadcrumb":{"@id":"https:\/\/www.csj-emballages.com\/de\/produit\/heissiegelbare-spule-fur-kasereien-und-molkereien-35-cm-breit-10-kg\/#breadcrumb"},"inLanguage":"de","potentialAction":[{"@type":"ReadAction","target":["https:\/\/www.csj-emballages.com\/de\/produit\/heissiegelbare-spule-fur-kasereien-und-molkereien-35-cm-breit-10-kg\/"]}]},{"@type":"ImageObject","inLanguage":"de","@id":"https:\/\/www.csj-emballages.com\/de\/produit\/heissiegelbare-spule-fur-kasereien-und-molkereien-35-cm-breit-10-kg\/#primaryimage","url":"https:\/\/www.csj-emballages.com\/wp-content\/uploads\/2024\/10\/BOBTHERMO2.webp","contentUrl":"https:\/\/www.csj-emballages.com\/wp-content\/uploads\/2024\/10\/BOBTHERMO2.webp","width":800,"height":800,"caption":"Rouleau papier thermoscellable"},{"@type":"BreadcrumbList","@id":"https:\/\/www.csj-emballages.com\/de\/produit\/heissiegelbare-spule-fur-kasereien-und-molkereien-35-cm-breit-10-kg\/#breadcrumb","itemListElement":[{"@type":"ListItem","position":1,"name":"Accueil","item":"https:\/\/www.csj-emballages.com\/de\/universum-lebensmittelverpackungen\/"},{"@type":"ListItem","position":2,"name":"Shop","item":"https:\/\/www.csj-emballages.com\/shop\/"},{"@type":"ListItem","position":3,"name":"Hei\u00dfsiegelbare Papierrolle K\u00e4serei-Cr\u00e8merie 35 cm breit 10 kg"}]},{"@type":"WebSite","@id":"https:\/\/www.csj-emballages.com\/de\/#website","url":"https:\/\/www.csj-emballages.com\/de\/","name":"CSJ Emballages","description":"","publisher":{"@id":"https:\/\/www.csj-emballages.com\/de\/#organization"},"potentialAction":[{"@type":"SearchAction","target":{"@type":"EntryPoint","urlTemplate":"https:\/\/www.csj-emballages.com\/de\/?s={search_term_string}"},"query-input":{"@type":"PropertyValueSpecification","valueRequired":true,"valueName":"search_term_string"}}],"inLanguage":"de"},{"@type":"Organization","@id":"https:\/\/www.csj-emballages.com\/de\/#Organization\/","name":"CSJ Emballages","url":"https:\/\/www.csj-emballages.com\/de\/","logo":{"@type":"ImageObject","inLanguage":"de","@id":"https:\/\/www.csj-emballages.com\/de\/#\/schema\/logo\/image\/","url":"https:\/\/www.csj-emballages.com\/wp-content\/uploads\/2023\/10\/logo_csj.webp","contentUrl":"https:\/\/www.csj-emballages.com\/wp-content\/uploads\/2023\/10\/logo_csj.webp","width":250,"height":95,"caption":"CSJ Emballages"},"image":{"@id":"https:\/\/www.csj-emballages.com\/de\/#\/schema\/logo\/image\/"},"sameAs":["https:\/\/www.facebook.com\/csjemballages"],"address":{"@type":"PostalAddress","streetAddress":"ZI La Lechere","addressLocality":"Patornay","postalCode":"39130","addressCountry":"FR"},"contactPoint":[{"@type":"ContactPoint","contactType":"Service client","telephone":"0384254272","email":"contact@csj-emballages.com"}]}]}},"df_price":53.99,"df_sale_price":"","df_regular_price":53.99,"df_image_link":"https:\/\/www.csj-emballages.com\/wp-content\/uploads\/2024\/10\/BOBTHERMO2-300x300.webp","tiered_pricing_type":"fixed","tiered_pricing_fixed_rules":[],"tiered_pricing_percentage_rules":[],"tiered_pricing_minimum":1,"tiered_pricing_roles_data":[],"_links":{"self":[{"href":"https:\/\/www.csj-emballages.com\/de\/wp-json\/wp\/v2\/product\/159562","targetHints":{"allow":["GET"]}}],"collection":[{"href":"https:\/\/www.csj-emballages.com\/de\/wp-json\/wp\/v2\/product"}],"about":[{"href":"https:\/\/www.csj-emballages.com\/de\/wp-json\/wp\/v2\/types\/product"}],"wp:featuredmedia":[{"embeddable":true,"href":"https:\/\/www.csj-emballages.com\/de\/wp-json\/wp\/v2\/media\/224938"}],"wp:attachment":[{"href":"https:\/\/www.csj-emballages.com\/de\/wp-json\/wp\/v2\/media?parent=159562"}],"wp:term":[{"taxonomy":"product_brand","embeddable":true,"href":"https:\/\/www.csj-emballages.com\/de\/wp-json\/wp\/v2\/product_brand?post=159562"},{"taxonomy":"product_cat","embeddable":true,"href":"https:\/\/www.csj-emballages.com\/de\/wp-json\/wp\/v2\/product_cat?post=159562"},{"taxonomy":"product_tag","embeddable":true,"href":"https:\/\/www.csj-emballages.com\/de\/wp-json\/wp\/v2\/product_tag?post=159562"}],"curies":[{"name":"wp","href":"https:\/\/api.w.org\/{rel}","templated":true}]}}