{"id":159557,"date":"2024-10-15T02:18:14","date_gmt":"2024-10-15T00:18:14","guid":{"rendered":"https:\/\/www.csj-emballages.com\/produit\/heisssiegelbare-papierrolle-metzgerei-wurstwaren-traiteur-35-cm-breit-10-kg\/"},"modified":"2026-03-12T16:14:40","modified_gmt":"2026-03-12T15:14:40","slug":"heisssiegelbare-papierrolle-metzgerei-wurstwaren-traiteur-35-cm-breit-10-kg","status":"publish","type":"product","link":"https:\/\/www.csj-emballages.com\/de\/produit\/heisssiegelbare-papierrolle-metzgerei-wurstwaren-traiteur-35-cm-breit-10-kg\/","title":{"rendered":"Rolle hei\u00dfsiegelbares Papier Metzgerei \/ Wurstwaren \/ Feinkost 35 cm breit"},"content":{"rendered":"<div style=\"font-family: Roboto, sans-serif;\">\n<div style=\"font-family: Roboto, sans-serif;\">\n<div style=\"font-family: Roboto, sans-serif;\">\n<div style=\"font-family: Roboto, sans-serif;\">\n<div style=\"font-family: Roboto, sans-serif;\">\n<div style=\"font-family: Roboto, sans-serif;\">\n<div style=\"font-family: Roboto, sans-serif;\">\n<div style=\"font-family: Roboto, sans-serif;\">\n<div style=\"font-family: Roboto, sans-serif;\">\n<div style=\"font-family: Roboto, sans-serif;\">\n<div style=\"font-family: Roboto, sans-serif;\">\n<div style=\"font-family: Roboto, sans-serif;\">\n<div style=\"font-family: Roboto, sans-serif;\">\n<div class=\"flex flex-grow flex-col max-w-full\">\n<div class=\"min-h-[20px] text-message flex flex-col items-start whitespace-pre-wrap break-words [.text-message+&amp;]:mt-5 juice:w-full juice:items-end overflow-x-auto gap-2\" dir=\"auto\" data-message-author-role=\"assistant\" data-message-id=\"2034782e-88f9-44ef-b4dc-07dd7bf0115f\">\n<div class=\"flex w-full flex-col gap-1 juice:empty:hidden juice:first:pt-[3px]\">\n<div class=\"markdown prose w-full break-words dark:prose-invert light\">\n<div style=\"font-family: Roboto, sans-serif;\">\n<div style=\"font-family: Roboto, sans-serif;\">\n<div style=\"font-family: Roboto, sans-serif;\">\n<div style=\"font-family: Roboto, sans-serif;\">\n<div style=\"font-family: Roboto, sans-serif;\">\n<div style=\"font-family: Roboto, sans-serif;\">\n<h2>Papierrolle<\/h2>\n<div style=\"font-family: Roboto, sans-serif;\">\n<div style=\"font-family: Roboto, sans-serif;\">\n<div style=\"font-family: Roboto, sans-serif;\">\n<div style=\"text-align: center;\">\n<div style=\"font-family: Roboto, sans-serif;\">\n<div style=\"font-family: Roboto, sans-serif;\">\n<div style=\"font-family: Roboto, sans-serif;\">\n<div style=\"font-family: Roboto, sans-serif;\">\n<div style=\"font-family: Roboto, sans-serif;\">\n<div style=\"font-family: Roboto, sans-serif; text-align: left;\">\n<hr>\n<h3 style=\"text-align: left;\">Beschreibung von Rolle Hei\u00dfsiegelpapier Metzgerei 35 cm<!--more--><\/h3>\n<\/div>\n<\/div>\n<\/div>\n<\/div>\n<\/div>\n<\/div>\n<\/div>\n<\/div>\n<\/div>\n<\/div>\n<\/div>\n<\/div>\n<\/div>\n<\/div>\n<\/div>\n<\/div>\n<\/div>\n<\/div>\n<\/div>\n<\/div>\n<\/div>\n<\/div>\n<\/div>\n<\/div>\n<\/div>\n<\/div>\n<\/div>\n<\/div>\n<\/div>\n<\/div>\n<\/div>\n<\/div>\n<\/div>\n<p>Die <strong>35 cm breite, hei\u00dfsiegelbare<\/strong> <strong>Papierrolle<\/strong> mit einem Gesamtgewicht von <strong>10 kg<\/strong> ist ein Muss f\u00fcr alle, die in der <strong>Metzgerei-<\/strong>, <strong>Wurstwaren-<\/strong> und <strong>Traiteurbranche<\/strong> t\u00e4tig sind. Diese <strong>Papierrolle<\/strong> wurde entwickelt, um einen optimalen Schutz f\u00fcr frische Produkte zu bieten und gleichzeitig eine attraktive Pr\u00e4sentation zu gew\u00e4hrleisten. Dank ihres Formats und ihrer hei\u00dfsiegelbaren Eigenschaften bietet sie eine zuverl\u00e4ssige und praktische Verpackung f\u00fcr den t\u00e4glichen Gebrauch. Diese <strong>Metzgerrolle<\/strong> wurde entwickelt, um Fleisch, Wurstwaren und andere empfindliche Lebensmittel wirksam zu sch\u00fctzen. Seine Textur sorgt f\u00fcr eine starke Barriere, die die Frische der Produkte bewahrt und ein Auslaufen verhindert. F\u00fcr den anspruchsvollen Profi ist diese <strong>Papierrolle<\/strong> eine Qualit\u00e4tsgarantie.     <\/p>\n<p>&nbsp;<\/p>\n<p><!--more--><\/p>\n<h4>Warum sollten Sie unsere <strong>Papierrolle<\/strong> verwenden?<\/h4>\n<p>Diese <strong>Metzgerrolle<\/strong> ist dank ihrer Breite von <strong>35 cm,<\/strong> die ideal f\u00fcr Verpackungen unterschiedlicher Gr\u00f6\u00dfe ist, leicht zu verarbeiten. Dar\u00fcber hinaus vereinfacht ihr <strong>hei\u00dfsiegelf\u00e4higes<\/strong> Format die Verpackungsvorg\u00e4nge, indem es f\u00fcr einen luftdichten Verschluss sorgt. Denn egal ob f\u00fcr den intensiven Gebrauch in der Werkstatt oder f\u00fcr Verpackungen zum Mitnehmen, diese <strong>Papierrolle<\/strong> erf\u00fcllt alle Anforderungen.  <\/p>\n<p>Denn die <strong>hei\u00dfsiegelbare<\/strong> <strong>Papierrolle<\/strong> wurde speziell entwickelt, um die Normen f\u00fcr Lebensmittelsicherheit zu erf\u00fcllen. Jede <strong>Papierrolle<\/strong> bietet optimalen Schutz, verringert das Kontaminationsrisiko und gew\u00e4hrleistet eine einwandfreie Hygiene. Au\u00dferdem w\u00e4hlen Fachleute mit dieser <strong>Metzgerrolle<\/strong> ein Material, das die Lebensmittel schont und gleichzeitig ihre Lebensdauer verl\u00e4ngert.  <\/p>\n<p>&nbsp;<\/p>\n<p><!--more--><\/p>\n<div style=\"font-family: Roboto, sans-serif;\">\n<div style=\"font-family: Roboto, sans-serif;\">\n<div style=\"font-family: Roboto, sans-serif;\">\n<div style=\"font-family: Roboto, sans-serif;\">\n<div style=\"font-family: Roboto, sans-serif;\">\n<div style=\"font-family: Roboto, sans-serif;\">\n<div style=\"font-family: Roboto, sans-serif;\">\n<div style=\"font-family: Roboto, sans-serif;\">\n<div style=\"font-family: Roboto, sans-serif;\">\n<div style=\"font-family: Roboto, sans-serif;\">\n<div style=\"font-family: Roboto, sans-serif;\">\n<div style=\"font-family: Roboto, sans-serif;\">\n<div style=\"font-family: Roboto, sans-serif;\">\n<div class=\"flex flex-grow flex-col max-w-full\">\n<div class=\"min-h-[20px] text-message flex flex-col items-start whitespace-pre-wrap break-words [.text-message+&amp;]:mt-5 juice:w-full juice:items-end overflow-x-auto gap-2\" dir=\"auto\" data-message-author-role=\"assistant\" data-message-id=\"2034782e-88f9-44ef-b4dc-07dd7bf0115f\">\n<div class=\"flex w-full flex-col gap-1 juice:empty:hidden juice:first:pt-[3px]\">\n<div class=\"markdown prose w-full break-words dark:prose-invert light\">\n<div style=\"font-family: Roboto, sans-serif;\">\n<div style=\"font-family: Roboto, sans-serif;\">\n<div style=\"font-family: Roboto, sans-serif;\">\n<div style=\"font-family: Roboto, sans-serif;\">\n<div style=\"font-family: Roboto, sans-serif;\">\n<div style=\"font-family: Roboto, sans-serif;\">\n<p>Dar\u00fcber hinaus bietet das <strong>10-kg-Format<\/strong> eine h\u00f6here Kosteneffizienz, wodurch der Bedarf an h\u00e4ufigen Nachf\u00fcllungen verringert und die Kosten optimiert werden.<\/p>\n<p>Zusammenfassend l\u00e4sst sich sagen, dass die <strong>35 cm breite<\/strong>, <strong>hei\u00dfsiegelbare<\/strong> <strong>Papierrolle<\/strong> eine zuverl\u00e4ssige und wirtschaftliche Verpackungsl\u00f6sung f\u00fcr Handwerker in der <strong>Metzgerei-<\/strong>, <strong>Wurstwaren-<\/strong> und <strong>Feinkostbranche<\/strong> ist. Sie sorgt f\u00fcr die Erhaltung, Sicherheit und Pr\u00e4sentation der Produkte. Diese einfach zu verwendende <strong>Papierrolle<\/strong> ist unverzichtbar, um den Anforderungen der Branche gerecht zu werden. Mit der Wahl dieser <strong>Metzgerrolle<\/strong> stellen die Fachleute sicher, dass sie frische Produkte anbieten, die sorgf\u00e4ltig verpackt sind und den Hygienestandards entsprechen.   <\/p>\n<p>&nbsp;<\/p>\n<p><!--more--><\/p>\n<h4 style=\"text-align: left;\"><strong>Die Vorteile unserer <\/strong>hei\u00dfsiegelbaren <strong>Papierrolle <\/strong>Metzgerei 35 cm <strong>:<\/strong><\/h4>\n<\/div>\n<\/div>\n<\/div>\n<\/div>\n<\/div>\n<\/div>\n<\/div>\n<\/div>\n<\/div>\n<\/div>\n<\/div>\n<\/div>\n<ul>\n<li><strong>Optimaler Schutz und Haltbarkeit<\/strong>: Die hei\u00dfsiegelbare <strong>Papierrolle<\/strong> bietet eine wirksame Barriere gegen Feuchtigkeit und Verunreinigungen und sorgt so f\u00fcr eine l\u00e4ngere Haltbarkeit der frischen Produkte.<\/li>\n<li><strong>Einfache Handhabung<\/strong>: Mit einer Breite von 35 cm und einem Gewicht von 10 kg ist die <strong>Papierrolle<\/strong> mit allen g\u00e4ngigen Hei\u00dfsiegelmaschinen kompatibel, was das Verpacken schnell und bequem macht.<\/li>\n<li><strong>Vielseitigkeit<\/strong>: Diese <strong>Metzgerrolle<\/strong> eignet sich f\u00fcr eine Vielzahl von Produkten wie Fleisch, Wurstwaren und Feinkost.<\/li>\n<li><strong>Zeit- und Kostenersparnis<\/strong>: Das gro\u00dfz\u00fcgige Format erm\u00f6glicht eine lange Nutzung, wodurch h\u00e4ufige Nachbestellungen reduziert werden.<\/li>\n<\/ul>\n<p>&nbsp;<\/p>\n<p><!--more--><\/p>\n<\/div>\n<\/div>\n<\/div>\n<\/div>\n<\/div>\n<\/div>\n<\/div>\n<\/div>\n<\/div>\n<\/div>\n<\/div>\n<h4>Weitere Informationen zu diesem Produkt :<\/h4>\n<ul style=\"font-family: Roboto, sans-serif;\">\n<li><strong>Verpackung<\/strong>: 1 Rolle<\/li>\n<li><span style=\"font-weight: bold;\">Gr\u00f6\u00dfe<\/span>: 35 x 20,5 (B x H in cm)<\/li>\n<li><strong>Material<\/strong>: Papier<\/li>\n<li><strong>Option<\/strong>: Hei\u00dfsiegelbar<\/li>\n<\/ul>\n<p>&nbsp;<\/p>\n<p><!--more--><\/p>\n<p>Dieses Produkt ist auch in Wei\u00df erh\u00e4ltlich : <span style=\"color: #d12727;\"><a style=\"color: #d12727;\" href=\"https:\/\/www.csj-emballages.com\/de\/produit\/heissiegelbare-rolle-ohne-aufdruck-35-cm-breit-10-kg\/\">BOBTHERMO35<\/a><\/span><\/p>\n<p>&nbsp;<\/p>\n<p><!--more--><\/p>\n<p>Diese hei\u00dfsiegelbare Rolle ist in mehreren Farben f\u00fcr verschiedene Branchen erh\u00e4ltlich : <span style=\"color: #d12727;\"><a style=\"color: #d12727;\" href=\"https:\/\/www.csj-emballages.com\/es\/produit\/bobina-termosellable-de-queso-y-lacteos-de-35-cm-de-ancho-10-kg\/\">K\u00e4serei<\/a><\/span> \/ <span style=\"color: #d12727;\"><a style=\"color: #d12727;\" href=\"https:\/\/www.csj-emballages.com\/de\/produit\/heissiegelbare-rolle-kraft-frischware-35-cm-breit-10-kg\/\">Frische Produkte<\/a><\/span><\/p>\n<p>&nbsp;<\/p>\n<p>&nbsp;<\/p>\n<p><!--more--><\/p>\n<p><a href=\"https:\/\/www.csj-emballages.com\/de\/categorie-produit\/lebensmittelverpackungen\/metzgerei-und-feinkostgeschaft\/lebensmittelpapier\/\">Sehen Sie sich den Rest unseres Sortiments an hei\u00dfsiegelbaren Papierrollen an.<\/a><\/p>\n","protected":false},"excerpt":{"rendered":"<p>Papierrolle Beschreibung von Rolle Hei\u00dfsiegelpapier Metzgerei 35 cm<\/p>\n","protected":false},"featured_media":224943,"template":"","meta":{"_acf_changed":false},"product_brand":[],"product_cat":[1137,1170,2571,8145],"product_tag":[],"class_list":{"0":"post-159557","1":"product","2":"type-product","3":"status-publish","4":"has-post-thumbnail","6":"product_cat-lebensmittelverpackungen","7":"product_cat-metzgerei-und-feinkostgeschaft","8":"product_cat-lebensmittelpapier","9":"product_cat-heissiegelbares-papier","11":"first","12":"instock","13":"taxable","14":"shipping-taxable","15":"purchasable","16":"product-type-simple"},"acf":[],"yoast_head":"<!-- This site is optimized with the Yoast SEO Premium plugin v26.6 (Yoast SEO v26.6) - https:\/\/yoast.com\/wordpress\/plugins\/seo\/ -->\n<title>Rolle bedrucktes hei\u00dfsiegelbares Papier 35 cm breit 10 kg<\/title>\n<meta name=\"description\" content=\"Hei\u00dfsiegelbare Papierrolle 35 cm 10 kg: Ideale L\u00f6sung f\u00fcr die Aufbewahrung von frischen Produkten in Metzgereien, Wurstwarengesch\u00e4ften und Feinkostl\u00e4den.\" \/>\n<meta name=\"robots\" content=\"index, follow, max-snippet:-1, max-image-preview:large, max-video-preview:-1\" \/>\n<link rel=\"canonical\" href=\"https:\/\/www.csj-emballages.com\/de\/produit\/heisssiegelbare-papierrolle-metzgerei-wurstwaren-traiteur-35-cm-breit-10-kg\/\" \/>\n<meta property=\"og:locale\" content=\"de_DE\" \/>\n<meta property=\"og:type\" content=\"article\" \/>\n<meta property=\"og:title\" content=\"Rolle bedrucktes hei\u00dfsiegelbares Papier 35 cm breit 10 kg\" \/>\n<meta property=\"og:description\" content=\"Hei\u00dfsiegelbare Papierrolle 35 cm 10 kg: Ideale L\u00f6sung f\u00fcr die Aufbewahrung von frischen Produkten in Metzgereien, Wurstwarengesch\u00e4ften und Feinkostl\u00e4den.\" \/>\n<meta property=\"og:url\" content=\"https:\/\/www.csj-emballages.com\/de\/produit\/heisssiegelbare-papierrolle-metzgerei-wurstwaren-traiteur-35-cm-breit-10-kg\/\" \/>\n<meta property=\"og:site_name\" content=\"CSJ Emballages\" \/>\n<meta property=\"article:publisher\" content=\"https:\/\/www.facebook.com\/csjemballages\" \/>\n<meta property=\"article:modified_time\" content=\"2026-03-12T15:14:40+00:00\" \/>\n<meta property=\"og:image\" content=\"https:\/\/www.csj-emballages.com\/wp-content\/uploads\/2024\/10\/BOBTHERMO1.webp\" \/>\n\t<meta property=\"og:image:width\" content=\"800\" \/>\n\t<meta property=\"og:image:height\" content=\"800\" \/>\n\t<meta property=\"og:image:type\" content=\"image\/webp\" \/>\n<meta name=\"twitter:card\" content=\"summary_large_image\" \/>\n<meta name=\"twitter:title\" content=\"Rolle bedrucktes hei\u00dfsiegelbares Papier 35 cm breit 10 kg\" \/>\n<meta name=\"twitter:description\" content=\"Hei\u00dfsiegelbare Papierrolle 35 cm 10 kg: Ideale L\u00f6sung f\u00fcr die Aufbewahrung von frischen Produkten in Metzgereien, Wurstwarengesch\u00e4ften und Feinkostl\u00e4den.\" \/>\n<meta name=\"twitter:label1\" content=\"Gesch\u00e4tzte Lesezeit\" \/>\n\t<meta name=\"twitter:data1\" content=\"3 Minuten\" \/>\n<script type=\"application\/ld+json\" class=\"yoast-schema-graph\">{\"@context\":\"https:\/\/schema.org\",\"@graph\":[{\"@type\":\"WebPage\",\"@id\":\"https:\/\/www.csj-emballages.com\/de\/produit\/heisssiegelbare-papierrolle-metzgerei-wurstwaren-traiteur-35-cm-breit-10-kg\/\",\"url\":\"https:\/\/www.csj-emballages.com\/de\/produit\/heisssiegelbare-papierrolle-metzgerei-wurstwaren-traiteur-35-cm-breit-10-kg\/\",\"name\":\"Rolle bedrucktes hei\u00dfsiegelbares Papier 35 cm breit 10 kg\",\"isPartOf\":{\"@id\":\"https:\/\/www.csj-emballages.com\/de\/#website\"},\"primaryImageOfPage\":{\"@id\":\"https:\/\/www.csj-emballages.com\/de\/produit\/heisssiegelbare-papierrolle-metzgerei-wurstwaren-traiteur-35-cm-breit-10-kg\/#primaryimage\"},\"image\":{\"@id\":\"https:\/\/www.csj-emballages.com\/de\/produit\/heisssiegelbare-papierrolle-metzgerei-wurstwaren-traiteur-35-cm-breit-10-kg\/#primaryimage\"},\"thumbnailUrl\":\"https:\/\/www.csj-emballages.com\/wp-content\/uploads\/2024\/10\/BOBTHERMO1.webp\",\"datePublished\":\"2024-10-15T00:18:14+00:00\",\"dateModified\":\"2026-03-12T15:14:40+00:00\",\"description\":\"Hei\u00dfsiegelbare Papierrolle 35 cm 10 kg: Ideale L\u00f6sung f\u00fcr die Aufbewahrung von frischen Produkten in Metzgereien, Wurstwarengesch\u00e4ften und Feinkostl\u00e4den.\",\"breadcrumb\":{\"@id\":\"https:\/\/www.csj-emballages.com\/de\/produit\/heisssiegelbare-papierrolle-metzgerei-wurstwaren-traiteur-35-cm-breit-10-kg\/#breadcrumb\"},\"inLanguage\":\"de\",\"potentialAction\":[{\"@type\":\"ReadAction\",\"target\":[\"https:\/\/www.csj-emballages.com\/de\/produit\/heisssiegelbare-papierrolle-metzgerei-wurstwaren-traiteur-35-cm-breit-10-kg\/\"]}]},{\"@type\":\"ImageObject\",\"inLanguage\":\"de\",\"@id\":\"https:\/\/www.csj-emballages.com\/de\/produit\/heisssiegelbare-papierrolle-metzgerei-wurstwaren-traiteur-35-cm-breit-10-kg\/#primaryimage\",\"url\":\"https:\/\/www.csj-emballages.com\/wp-content\/uploads\/2024\/10\/BOBTHERMO1.webp\",\"contentUrl\":\"https:\/\/www.csj-emballages.com\/wp-content\/uploads\/2024\/10\/BOBTHERMO1.webp\",\"width\":800,\"height\":800,\"caption\":\"Rouleau papier thermoscellable\"},{\"@type\":\"BreadcrumbList\",\"@id\":\"https:\/\/www.csj-emballages.com\/de\/produit\/heisssiegelbare-papierrolle-metzgerei-wurstwaren-traiteur-35-cm-breit-10-kg\/#breadcrumb\",\"itemListElement\":[{\"@type\":\"ListItem\",\"position\":1,\"name\":\"Accueil\",\"item\":\"https:\/\/www.csj-emballages.com\/de\/universum-lebensmittelverpackungen\/\"},{\"@type\":\"ListItem\",\"position\":2,\"name\":\"Shop\",\"item\":\"https:\/\/www.csj-emballages.com\/shop\/\"},{\"@type\":\"ListItem\",\"position\":3,\"name\":\"Rolle hei\u00dfsiegelbares Papier Metzgerei \/ Wurstwaren \/ Feinkost 35 cm breit\"}]},{\"@type\":\"WebSite\",\"@id\":\"https:\/\/www.csj-emballages.com\/de\/#website\",\"url\":\"https:\/\/www.csj-emballages.com\/de\/\",\"name\":\"CSJ Emballages\",\"description\":\"\",\"publisher\":{\"@id\":\"https:\/\/www.csj-emballages.com\/de\/#organization\"},\"potentialAction\":[{\"@type\":\"SearchAction\",\"target\":{\"@type\":\"EntryPoint\",\"urlTemplate\":\"https:\/\/www.csj-emballages.com\/de\/?s={search_term_string}\"},\"query-input\":{\"@type\":\"PropertyValueSpecification\",\"valueRequired\":true,\"valueName\":\"search_term_string\"}}],\"inLanguage\":\"de\"},{\"@type\":\"Organization\",\"@id\":\"https:\/\/www.csj-emballages.com\/de\/#Organization\/\",\"name\":\"CSJ Emballages\",\"url\":\"https:\/\/www.csj-emballages.com\/de\/\",\"logo\":{\"@type\":\"ImageObject\",\"inLanguage\":\"de\",\"@id\":\"https:\/\/www.csj-emballages.com\/de\/#\/schema\/logo\/image\/\",\"url\":\"https:\/\/www.csj-emballages.com\/wp-content\/uploads\/2023\/10\/logo_csj.webp\",\"contentUrl\":\"https:\/\/www.csj-emballages.com\/wp-content\/uploads\/2023\/10\/logo_csj.webp\",\"width\":250,\"height\":95,\"caption\":\"CSJ Emballages\"},\"image\":{\"@id\":\"https:\/\/www.csj-emballages.com\/de\/#\/schema\/logo\/image\/\"},\"sameAs\":[\"https:\/\/www.facebook.com\/csjemballages\"],\"address\":{\"@type\":\"PostalAddress\",\"streetAddress\":\"ZI La Lechere\",\"addressLocality\":\"Patornay\",\"postalCode\":\"39130\",\"addressCountry\":\"FR\"},\"contactPoint\":[{\"@type\":\"ContactPoint\",\"contactType\":\"Service client\",\"telephone\":\"0384254272\",\"email\":\"contact@csj-emballages.com\"}]}]}<\/script>\n<!-- \/ Yoast SEO Premium plugin. -->","yoast_head_json":{"title":"Rolle bedrucktes hei\u00dfsiegelbares Papier 35 cm breit 10 kg","description":"Hei\u00dfsiegelbare Papierrolle 35 cm 10 kg: Ideale L\u00f6sung f\u00fcr die Aufbewahrung von frischen Produkten in Metzgereien, Wurstwarengesch\u00e4ften und Feinkostl\u00e4den.","robots":{"index":"index","follow":"follow","max-snippet":"max-snippet:-1","max-image-preview":"max-image-preview:large","max-video-preview":"max-video-preview:-1"},"canonical":"https:\/\/www.csj-emballages.com\/de\/produit\/heisssiegelbare-papierrolle-metzgerei-wurstwaren-traiteur-35-cm-breit-10-kg\/","og_locale":"de_DE","og_type":"article","og_title":"Rolle bedrucktes hei\u00dfsiegelbares Papier 35 cm breit 10 kg","og_description":"Hei\u00dfsiegelbare Papierrolle 35 cm 10 kg: Ideale L\u00f6sung f\u00fcr die Aufbewahrung von frischen Produkten in Metzgereien, Wurstwarengesch\u00e4ften und Feinkostl\u00e4den.","og_url":"https:\/\/www.csj-emballages.com\/de\/produit\/heisssiegelbare-papierrolle-metzgerei-wurstwaren-traiteur-35-cm-breit-10-kg\/","og_site_name":"CSJ Emballages","article_publisher":"https:\/\/www.facebook.com\/csjemballages","article_modified_time":"2026-03-12T15:14:40+00:00","og_image":[{"width":800,"height":800,"url":"https:\/\/www.csj-emballages.com\/wp-content\/uploads\/2024\/10\/BOBTHERMO1.webp","type":"image\/webp"}],"twitter_card":"summary_large_image","twitter_title":"Rolle bedrucktes hei\u00dfsiegelbares Papier 35 cm breit 10 kg","twitter_description":"Hei\u00dfsiegelbare Papierrolle 35 cm 10 kg: Ideale L\u00f6sung f\u00fcr die Aufbewahrung von frischen Produkten in Metzgereien, Wurstwarengesch\u00e4ften und Feinkostl\u00e4den.","twitter_misc":{"Gesch\u00e4tzte Lesezeit":"3 Minuten"},"schema":{"@context":"https:\/\/schema.org","@graph":[{"@type":"WebPage","@id":"https:\/\/www.csj-emballages.com\/de\/produit\/heisssiegelbare-papierrolle-metzgerei-wurstwaren-traiteur-35-cm-breit-10-kg\/","url":"https:\/\/www.csj-emballages.com\/de\/produit\/heisssiegelbare-papierrolle-metzgerei-wurstwaren-traiteur-35-cm-breit-10-kg\/","name":"Rolle bedrucktes hei\u00dfsiegelbares Papier 35 cm breit 10 kg","isPartOf":{"@id":"https:\/\/www.csj-emballages.com\/de\/#website"},"primaryImageOfPage":{"@id":"https:\/\/www.csj-emballages.com\/de\/produit\/heisssiegelbare-papierrolle-metzgerei-wurstwaren-traiteur-35-cm-breit-10-kg\/#primaryimage"},"image":{"@id":"https:\/\/www.csj-emballages.com\/de\/produit\/heisssiegelbare-papierrolle-metzgerei-wurstwaren-traiteur-35-cm-breit-10-kg\/#primaryimage"},"thumbnailUrl":"https:\/\/www.csj-emballages.com\/wp-content\/uploads\/2024\/10\/BOBTHERMO1.webp","datePublished":"2024-10-15T00:18:14+00:00","dateModified":"2026-03-12T15:14:40+00:00","description":"Hei\u00dfsiegelbare Papierrolle 35 cm 10 kg: Ideale L\u00f6sung f\u00fcr die Aufbewahrung von frischen Produkten in Metzgereien, Wurstwarengesch\u00e4ften und Feinkostl\u00e4den.","breadcrumb":{"@id":"https:\/\/www.csj-emballages.com\/de\/produit\/heisssiegelbare-papierrolle-metzgerei-wurstwaren-traiteur-35-cm-breit-10-kg\/#breadcrumb"},"inLanguage":"de","potentialAction":[{"@type":"ReadAction","target":["https:\/\/www.csj-emballages.com\/de\/produit\/heisssiegelbare-papierrolle-metzgerei-wurstwaren-traiteur-35-cm-breit-10-kg\/"]}]},{"@type":"ImageObject","inLanguage":"de","@id":"https:\/\/www.csj-emballages.com\/de\/produit\/heisssiegelbare-papierrolle-metzgerei-wurstwaren-traiteur-35-cm-breit-10-kg\/#primaryimage","url":"https:\/\/www.csj-emballages.com\/wp-content\/uploads\/2024\/10\/BOBTHERMO1.webp","contentUrl":"https:\/\/www.csj-emballages.com\/wp-content\/uploads\/2024\/10\/BOBTHERMO1.webp","width":800,"height":800,"caption":"Rouleau papier thermoscellable"},{"@type":"BreadcrumbList","@id":"https:\/\/www.csj-emballages.com\/de\/produit\/heisssiegelbare-papierrolle-metzgerei-wurstwaren-traiteur-35-cm-breit-10-kg\/#breadcrumb","itemListElement":[{"@type":"ListItem","position":1,"name":"Accueil","item":"https:\/\/www.csj-emballages.com\/de\/universum-lebensmittelverpackungen\/"},{"@type":"ListItem","position":2,"name":"Shop","item":"https:\/\/www.csj-emballages.com\/shop\/"},{"@type":"ListItem","position":3,"name":"Rolle hei\u00dfsiegelbares Papier Metzgerei \/ Wurstwaren \/ Feinkost 35 cm breit"}]},{"@type":"WebSite","@id":"https:\/\/www.csj-emballages.com\/de\/#website","url":"https:\/\/www.csj-emballages.com\/de\/","name":"CSJ Emballages","description":"","publisher":{"@id":"https:\/\/www.csj-emballages.com\/de\/#organization"},"potentialAction":[{"@type":"SearchAction","target":{"@type":"EntryPoint","urlTemplate":"https:\/\/www.csj-emballages.com\/de\/?s={search_term_string}"},"query-input":{"@type":"PropertyValueSpecification","valueRequired":true,"valueName":"search_term_string"}}],"inLanguage":"de"},{"@type":"Organization","@id":"https:\/\/www.csj-emballages.com\/de\/#Organization\/","name":"CSJ Emballages","url":"https:\/\/www.csj-emballages.com\/de\/","logo":{"@type":"ImageObject","inLanguage":"de","@id":"https:\/\/www.csj-emballages.com\/de\/#\/schema\/logo\/image\/","url":"https:\/\/www.csj-emballages.com\/wp-content\/uploads\/2023\/10\/logo_csj.webp","contentUrl":"https:\/\/www.csj-emballages.com\/wp-content\/uploads\/2023\/10\/logo_csj.webp","width":250,"height":95,"caption":"CSJ Emballages"},"image":{"@id":"https:\/\/www.csj-emballages.com\/de\/#\/schema\/logo\/image\/"},"sameAs":["https:\/\/www.facebook.com\/csjemballages"],"address":{"@type":"PostalAddress","streetAddress":"ZI La Lechere","addressLocality":"Patornay","postalCode":"39130","addressCountry":"FR"},"contactPoint":[{"@type":"ContactPoint","contactType":"Service client","telephone":"0384254272","email":"contact@csj-emballages.com"}]}]}},"df_price":56.23,"df_sale_price":"","df_regular_price":56.23,"df_image_link":"https:\/\/www.csj-emballages.com\/wp-content\/uploads\/2024\/10\/BOBTHERMO1-300x300.webp","tiered_pricing_type":"fixed","tiered_pricing_fixed_rules":[],"tiered_pricing_percentage_rules":[],"tiered_pricing_minimum":1,"tiered_pricing_roles_data":[],"_links":{"self":[{"href":"https:\/\/www.csj-emballages.com\/de\/wp-json\/wp\/v2\/product\/159557","targetHints":{"allow":["GET"]}}],"collection":[{"href":"https:\/\/www.csj-emballages.com\/de\/wp-json\/wp\/v2\/product"}],"about":[{"href":"https:\/\/www.csj-emballages.com\/de\/wp-json\/wp\/v2\/types\/product"}],"wp:featuredmedia":[{"embeddable":true,"href":"https:\/\/www.csj-emballages.com\/de\/wp-json\/wp\/v2\/media\/224943"}],"wp:attachment":[{"href":"https:\/\/www.csj-emballages.com\/de\/wp-json\/wp\/v2\/media?parent=159557"}],"wp:term":[{"taxonomy":"product_brand","embeddable":true,"href":"https:\/\/www.csj-emballages.com\/de\/wp-json\/wp\/v2\/product_brand?post=159557"},{"taxonomy":"product_cat","embeddable":true,"href":"https:\/\/www.csj-emballages.com\/de\/wp-json\/wp\/v2\/product_cat?post=159557"},{"taxonomy":"product_tag","embeddable":true,"href":"https:\/\/www.csj-emballages.com\/de\/wp-json\/wp\/v2\/product_tag?post=159557"}],"curies":[{"name":"wp","href":"https:\/\/api.w.org\/{rel}","templated":true}]}}