{"id":159549,"date":"2024-10-10T17:19:13","date_gmt":"2024-10-10T15:19:13","guid":{"rendered":"https:\/\/www.csj-emballages.com\/?post_type=product&#038;p=159549"},"modified":"2026-04-16T02:15:51","modified_gmt":"2026-04-16T00:15:51","slug":"1000-kraftsacke-fur-fenster-bopp-3-kg-20-9-x-34","status":"publish","type":"product","link":"https:\/\/www.csj-emballages.com\/de\/produit\/1000-kraftsacke-fur-fenster-bopp-3-kg-20-9-x-34\/","title":{"rendered":"Kraftbeutel mit BOPP-Fenster 3 kg 20 + 9 x 34 pro 1000"},"content":{"rendered":"<h2>Kraftbeutel mit Fenster<\/h2>\n<hr>\n<h3>Entdecken Sie unseren Kraftbeutel mit BOPP-Fenster 3 kg 20 + 9 x 34 pro 1000<\/h3>\n<p><!--more--><\/p>\n<p data-start=\"308\" data-end=\"618\">Dieser <strong>Kraftbeutel mit BOPP-Fenster<\/strong> ist f\u00fcr diejenigen gedacht, die <strong data-start=\"368\" data-end=\"423\">ihre Produkte zeigen m\u00f6chten, ohne sie direkt freizulegen<\/strong>. Dank seines gro\u00dfen transparenten Fensters k\u00f6nnen Sie den Inhalt sofort sehen, was den Kunden beruhigt und zum Kauf anregt. Es ist einfach: Man sieht, was man kauft, ohne den Beutel zu \u00f6ffnen.  <\/p>\n<p data-start=\"620\" data-end=\"950\">Sein Format von <strong data-start=\"631\" data-end=\"656\">3 kg (20 + 9 x 34 cm)<\/strong> eignet sich perfekt f\u00fcr lose oder verpackte Produkte: <strong>Trockenfr\u00fcchte<\/strong>, <strong>frisches Obst<\/strong>, <strong>Gem\u00fcse<\/strong>, <strong>Nudeln<\/strong>, <strong>Samen<\/strong> oder auch handwerkliche Produkte. Das <strong>Kraftpapier<\/strong> verleiht ein nat\u00fcrliches und authentisches Aussehen, w\u00e4hrend das <strong>BOPP-Fenster<\/strong> eine saubere und gepflegte Pr\u00e4sentation bietet. <\/p>\n<p data-start=\"952\" data-end=\"1235\">Zudem steht der Beutel nach dem Bef\u00fcllen stabil, was die Regalplatzierung und Lagerung erleichtert. Er l\u00e4sst sich je nach Arbeitsweise einfach mit einem Band, einer Klammer oder einem Etikett verschlie\u00dfen. Sie sparen Zeit beim Verpacken und erhalten gleichzeitig ein professionelles Ergebnis.  <\/p>\n<p data-start=\"1237\" data-end=\"1445\"><strong data-start=\"1243\" data-end=\"1262\">Im 1000er-Pack<\/strong> verkauft, ist dieser <strong>Kraftbeutel mit Fenster<\/strong> ideal f\u00fcr <strong>Gesch\u00e4fte, Produzenten, Feinkostl\u00e4den, M\u00e4rkte oder Werkst\u00e4tten<\/strong>, die regelm\u00e4\u00dfige Mengen ben\u00f6tigen. Er kombiniert Effizienz, Sichtbarkeit und Einfachheit, ohne \u00dcberfl\u00fcssiges. <\/p>\n<p data-start=\"1447\" data-end=\"1597\">Letztendlich ist dieser <strong>Obstbeutel<\/strong> nicht nur eine Verpackung. Er wird zu einer echten Pr\u00e4sentationshilfe f\u00fcr Ihre Produkte und bleibt dabei im Alltag praktisch. <\/p>\n<p data-start=\"1447\" data-end=\"1597\"><!--more--><\/p>\n<h4 data-start=\"1447\" data-end=\"1597\">Vorteile :<\/h4>\n<ul>\n<li data-start=\"1625\" data-end=\"1675\">Gro\u00dfes <strong>BOPP-Fenster<\/strong> f\u00fcr sofortige Sichtbarkeit.<\/li>\n<li data-start=\"1678\" data-end=\"1714\">Nat\u00fcrliche und aufwertende Kraftpapier-Optik.<\/li>\n<li data-start=\"1717\" data-end=\"1746\">Guter Stand nach dem Bef\u00fcllen.<\/li>\n<li data-start=\"1749\" data-end=\"1777\">Format passend f\u00fcr bis zu <strong>3 kg<\/strong>.<\/li>\n<li data-start=\"1780\" data-end=\"1817\">Wirtschaftliche Verpackung <strong>im 1000er-Pack<\/strong>.<\/li>\n<\/ul>\n<p>&nbsp;<\/p>\n<p><!--more--><\/p>\n<h4>Weitere Informationen :<\/h4>\n<ul>\n<li><strong>Verpackung<\/strong>: Karton mit 1000 St\u00fcck<\/li>\n<li><strong>Ma\u00dfe<\/strong>: 20 + 9 x 34 cm<\/li>\n<li><strong>Fassungsverm\u00f6gen<\/strong>: 3 kg<\/li>\n<li><strong>Material<\/strong>: Papier \/ BOPP<\/li>\n<li><strong>Farbe<\/strong>: Braun<\/li>\n<\/ul>\n<p>&nbsp;<\/p>\n<p><!--more--><\/p>\n<p>Hier finden Sie unseren personalisierten Obstbeutel: <span style=\"color: #d12727;\"><a style=\"color: #d12727;\" href=\"https:\/\/www.csj-emballages.com\/es\/produit\/1000-ws-bolsas-de-fruta-kraft-de-3-kg-20-9-x-36-cm\/\">SACF3<\/a><\/span><\/p>\n<p>&nbsp;<\/p>\n<p><!--more--><\/p>\n<p><a href=\"https:\/\/www.csj-emballages.com\/de\/categorie-produit\/lebensmittelverpackungen\/metzgerei-und-feinkostgeschaft\/sacke-und-beutel\/beutel-mit-obst-gemuse\/\">Sehen Sie sich den Rest unseres Sortiments an Obst- \/ Gem\u00fcsebeuteln an<\/a><\/p>\n","protected":false},"excerpt":{"rendered":"<p>Kraftbeutel mit Fenster Entdecken Sie unseren Kraftbeutel mit BOPP-Fenster 3 kg 20 + 9 x 34 pro 1000<\/p>\n","protected":false},"featured_media":261969,"template":"","meta":{"_acf_changed":false},"product_brand":[],"product_cat":[1137,1170,3962,3314],"product_tag":[],"class_list":{"0":"post-159549","1":"product","2":"type-product","3":"status-publish","4":"has-post-thumbnail","6":"product_cat-lebensmittelverpackungen","7":"product_cat-metzgerei-und-feinkostgeschaft","8":"product_cat-sacke-und-beutel","9":"product_cat-beutel-mit-obst-gemuse","11":"first","12":"instock","13":"taxable","14":"shipping-taxable","15":"purchasable","16":"product-type-simple"},"acf":[],"yoast_head":"<!-- This site is optimized with the Yoast SEO Premium plugin v26.6 (Yoast SEO v26.6) - https:\/\/yoast.com\/wordpress\/plugins\/seo\/ -->\n<title>Kraftbeutel mit BOPP-Fenster 3 kg 20 + 9 x 34 pro 1000<\/title>\n<meta name=\"description\" content=\"Kraftbeutel mit BOPP-Fenster 3 kg 20+9x34 cm, verkauft im 1000er-Pack. Ideal f\u00fcr lose Produkte, Sichtbarkeit des Inhalts und eine nat\u00fcrliche Pr\u00e4sentation.\" \/>\n<meta name=\"robots\" content=\"index, follow, max-snippet:-1, max-image-preview:large, max-video-preview:-1\" \/>\n<link rel=\"canonical\" href=\"https:\/\/www.csj-emballages.com\/de\/produit\/1000-kraftsacke-fur-fenster-bopp-3-kg-20-9-x-34\/\" \/>\n<meta property=\"og:locale\" content=\"de_DE\" \/>\n<meta property=\"og:type\" content=\"article\" \/>\n<meta property=\"og:title\" content=\"Kraftbeutel mit BOPP-Fenster 3 kg 20 + 9 x 34 pro 1000\" \/>\n<meta property=\"og:description\" content=\"Kraftbeutel mit BOPP-Fenster 3 kg 20+9x34 cm, verkauft im 1000er-Pack. Ideal f\u00fcr lose Produkte, Sichtbarkeit des Inhalts und eine nat\u00fcrliche Pr\u00e4sentation.\" \/>\n<meta property=\"og:url\" content=\"https:\/\/www.csj-emballages.com\/de\/produit\/1000-kraftsacke-fur-fenster-bopp-3-kg-20-9-x-34\/\" \/>\n<meta property=\"og:site_name\" content=\"CSJ Emballages\" \/>\n<meta property=\"article:publisher\" content=\"https:\/\/www.facebook.com\/csjemballages\" \/>\n<meta property=\"article:modified_time\" content=\"2026-04-16T00:15:51+00:00\" \/>\n<meta property=\"og:image\" content=\"https:\/\/www.csj-emballages.com\/wp-content\/uploads\/2024\/10\/SKF3.webp\" \/>\n\t<meta property=\"og:image:width\" content=\"800\" \/>\n\t<meta property=\"og:image:height\" content=\"800\" \/>\n\t<meta property=\"og:image:type\" content=\"image\/webp\" \/>\n<meta name=\"twitter:card\" content=\"summary_large_image\" \/>\n<meta name=\"twitter:label1\" content=\"Gesch\u00e4tzte Lesezeit\" \/>\n\t<meta name=\"twitter:data1\" content=\"1\u00a0Minute\" \/>\n<script type=\"application\/ld+json\" class=\"yoast-schema-graph\">{\"@context\":\"https:\/\/schema.org\",\"@graph\":[{\"@type\":\"WebPage\",\"@id\":\"https:\/\/www.csj-emballages.com\/de\/produit\/1000-kraftsacke-fur-fenster-bopp-3-kg-20-9-x-34\/\",\"url\":\"https:\/\/www.csj-emballages.com\/de\/produit\/1000-kraftsacke-fur-fenster-bopp-3-kg-20-9-x-34\/\",\"name\":\"Kraftbeutel mit BOPP-Fenster 3 kg 20 + 9 x 34 pro 1000\",\"isPartOf\":{\"@id\":\"https:\/\/www.csj-emballages.com\/de\/#website\"},\"primaryImageOfPage\":{\"@id\":\"https:\/\/www.csj-emballages.com\/de\/produit\/1000-kraftsacke-fur-fenster-bopp-3-kg-20-9-x-34\/#primaryimage\"},\"image\":{\"@id\":\"https:\/\/www.csj-emballages.com\/de\/produit\/1000-kraftsacke-fur-fenster-bopp-3-kg-20-9-x-34\/#primaryimage\"},\"thumbnailUrl\":\"https:\/\/www.csj-emballages.com\/wp-content\/uploads\/2024\/10\/SKF3.webp\",\"datePublished\":\"2024-10-10T15:19:13+00:00\",\"dateModified\":\"2026-04-16T00:15:51+00:00\",\"description\":\"Kraftbeutel mit BOPP-Fenster 3 kg 20+9x34 cm, verkauft im 1000er-Pack. Ideal f\u00fcr lose Produkte, Sichtbarkeit des Inhalts und eine nat\u00fcrliche Pr\u00e4sentation.\",\"breadcrumb\":{\"@id\":\"https:\/\/www.csj-emballages.com\/de\/produit\/1000-kraftsacke-fur-fenster-bopp-3-kg-20-9-x-34\/#breadcrumb\"},\"inLanguage\":\"de\",\"potentialAction\":[{\"@type\":\"ReadAction\",\"target\":[\"https:\/\/www.csj-emballages.com\/de\/produit\/1000-kraftsacke-fur-fenster-bopp-3-kg-20-9-x-34\/\"]}]},{\"@type\":\"ImageObject\",\"inLanguage\":\"de\",\"@id\":\"https:\/\/www.csj-emballages.com\/de\/produit\/1000-kraftsacke-fur-fenster-bopp-3-kg-20-9-x-34\/#primaryimage\",\"url\":\"https:\/\/www.csj-emballages.com\/wp-content\/uploads\/2024\/10\/SKF3.webp\",\"contentUrl\":\"https:\/\/www.csj-emballages.com\/wp-content\/uploads\/2024\/10\/SKF3.webp\",\"width\":800,\"height\":800,\"caption\":\"Sac kraft \u00e0 Fen\u00eatre\"},{\"@type\":\"BreadcrumbList\",\"@id\":\"https:\/\/www.csj-emballages.com\/de\/produit\/1000-kraftsacke-fur-fenster-bopp-3-kg-20-9-x-34\/#breadcrumb\",\"itemListElement\":[{\"@type\":\"ListItem\",\"position\":1,\"name\":\"Accueil\",\"item\":\"https:\/\/www.csj-emballages.com\/de\/universum-lebensmittelverpackungen\/\"},{\"@type\":\"ListItem\",\"position\":2,\"name\":\"Shop\",\"item\":\"https:\/\/www.csj-emballages.com\/shop\/\"},{\"@type\":\"ListItem\",\"position\":3,\"name\":\"Kraftbeutel mit BOPP-Fenster 3 kg 20 + 9 x 34 pro 1000\"}]},{\"@type\":\"WebSite\",\"@id\":\"https:\/\/www.csj-emballages.com\/de\/#website\",\"url\":\"https:\/\/www.csj-emballages.com\/de\/\",\"name\":\"CSJ Emballages\",\"description\":\"\",\"publisher\":{\"@id\":\"https:\/\/www.csj-emballages.com\/de\/#organization\"},\"potentialAction\":[{\"@type\":\"SearchAction\",\"target\":{\"@type\":\"EntryPoint\",\"urlTemplate\":\"https:\/\/www.csj-emballages.com\/de\/?s={search_term_string}\"},\"query-input\":{\"@type\":\"PropertyValueSpecification\",\"valueRequired\":true,\"valueName\":\"search_term_string\"}}],\"inLanguage\":\"de\"},{\"@type\":\"Organization\",\"@id\":\"https:\/\/www.csj-emballages.com\/de\/#Organization\/\",\"name\":\"CSJ Emballages\",\"url\":\"https:\/\/www.csj-emballages.com\/de\/\",\"logo\":{\"@type\":\"ImageObject\",\"inLanguage\":\"de\",\"@id\":\"https:\/\/www.csj-emballages.com\/de\/#\/schema\/logo\/image\/\",\"url\":\"https:\/\/www.csj-emballages.com\/wp-content\/uploads\/2023\/10\/logo_csj.webp\",\"contentUrl\":\"https:\/\/www.csj-emballages.com\/wp-content\/uploads\/2023\/10\/logo_csj.webp\",\"width\":250,\"height\":95,\"caption\":\"CSJ Emballages\"},\"image\":{\"@id\":\"https:\/\/www.csj-emballages.com\/de\/#\/schema\/logo\/image\/\"},\"sameAs\":[\"https:\/\/www.facebook.com\/csjemballages\"],\"address\":{\"@type\":\"PostalAddress\",\"streetAddress\":\"ZI La Lechere\",\"addressLocality\":\"Patornay\",\"postalCode\":\"39130\",\"addressCountry\":\"FR\"},\"contactPoint\":[{\"@type\":\"ContactPoint\",\"contactType\":\"Service client\",\"telephone\":\"0384254272\",\"email\":\"contact@csj-emballages.com\"}]}]}<\/script>\n<!-- \/ Yoast SEO Premium plugin. -->","yoast_head_json":{"title":"Kraftbeutel mit BOPP-Fenster 3 kg 20 + 9 x 34 pro 1000","description":"Kraftbeutel mit BOPP-Fenster 3 kg 20+9x34 cm, verkauft im 1000er-Pack. Ideal f\u00fcr lose Produkte, Sichtbarkeit des Inhalts und eine nat\u00fcrliche Pr\u00e4sentation.","robots":{"index":"index","follow":"follow","max-snippet":"max-snippet:-1","max-image-preview":"max-image-preview:large","max-video-preview":"max-video-preview:-1"},"canonical":"https:\/\/www.csj-emballages.com\/de\/produit\/1000-kraftsacke-fur-fenster-bopp-3-kg-20-9-x-34\/","og_locale":"de_DE","og_type":"article","og_title":"Kraftbeutel mit BOPP-Fenster 3 kg 20 + 9 x 34 pro 1000","og_description":"Kraftbeutel mit BOPP-Fenster 3 kg 20+9x34 cm, verkauft im 1000er-Pack. Ideal f\u00fcr lose Produkte, Sichtbarkeit des Inhalts und eine nat\u00fcrliche Pr\u00e4sentation.","og_url":"https:\/\/www.csj-emballages.com\/de\/produit\/1000-kraftsacke-fur-fenster-bopp-3-kg-20-9-x-34\/","og_site_name":"CSJ Emballages","article_publisher":"https:\/\/www.facebook.com\/csjemballages","article_modified_time":"2026-04-16T00:15:51+00:00","og_image":[{"width":800,"height":800,"url":"https:\/\/www.csj-emballages.com\/wp-content\/uploads\/2024\/10\/SKF3.webp","type":"image\/webp"}],"twitter_card":"summary_large_image","twitter_misc":{"Gesch\u00e4tzte Lesezeit":"1\u00a0Minute"},"schema":{"@context":"https:\/\/schema.org","@graph":[{"@type":"WebPage","@id":"https:\/\/www.csj-emballages.com\/de\/produit\/1000-kraftsacke-fur-fenster-bopp-3-kg-20-9-x-34\/","url":"https:\/\/www.csj-emballages.com\/de\/produit\/1000-kraftsacke-fur-fenster-bopp-3-kg-20-9-x-34\/","name":"Kraftbeutel mit BOPP-Fenster 3 kg 20 + 9 x 34 pro 1000","isPartOf":{"@id":"https:\/\/www.csj-emballages.com\/de\/#website"},"primaryImageOfPage":{"@id":"https:\/\/www.csj-emballages.com\/de\/produit\/1000-kraftsacke-fur-fenster-bopp-3-kg-20-9-x-34\/#primaryimage"},"image":{"@id":"https:\/\/www.csj-emballages.com\/de\/produit\/1000-kraftsacke-fur-fenster-bopp-3-kg-20-9-x-34\/#primaryimage"},"thumbnailUrl":"https:\/\/www.csj-emballages.com\/wp-content\/uploads\/2024\/10\/SKF3.webp","datePublished":"2024-10-10T15:19:13+00:00","dateModified":"2026-04-16T00:15:51+00:00","description":"Kraftbeutel mit BOPP-Fenster 3 kg 20+9x34 cm, verkauft im 1000er-Pack. Ideal f\u00fcr lose Produkte, Sichtbarkeit des Inhalts und eine nat\u00fcrliche Pr\u00e4sentation.","breadcrumb":{"@id":"https:\/\/www.csj-emballages.com\/de\/produit\/1000-kraftsacke-fur-fenster-bopp-3-kg-20-9-x-34\/#breadcrumb"},"inLanguage":"de","potentialAction":[{"@type":"ReadAction","target":["https:\/\/www.csj-emballages.com\/de\/produit\/1000-kraftsacke-fur-fenster-bopp-3-kg-20-9-x-34\/"]}]},{"@type":"ImageObject","inLanguage":"de","@id":"https:\/\/www.csj-emballages.com\/de\/produit\/1000-kraftsacke-fur-fenster-bopp-3-kg-20-9-x-34\/#primaryimage","url":"https:\/\/www.csj-emballages.com\/wp-content\/uploads\/2024\/10\/SKF3.webp","contentUrl":"https:\/\/www.csj-emballages.com\/wp-content\/uploads\/2024\/10\/SKF3.webp","width":800,"height":800,"caption":"Sac kraft \u00e0 Fen\u00eatre"},{"@type":"BreadcrumbList","@id":"https:\/\/www.csj-emballages.com\/de\/produit\/1000-kraftsacke-fur-fenster-bopp-3-kg-20-9-x-34\/#breadcrumb","itemListElement":[{"@type":"ListItem","position":1,"name":"Accueil","item":"https:\/\/www.csj-emballages.com\/de\/universum-lebensmittelverpackungen\/"},{"@type":"ListItem","position":2,"name":"Shop","item":"https:\/\/www.csj-emballages.com\/shop\/"},{"@type":"ListItem","position":3,"name":"Kraftbeutel mit BOPP-Fenster 3 kg 20 + 9 x 34 pro 1000"}]},{"@type":"WebSite","@id":"https:\/\/www.csj-emballages.com\/de\/#website","url":"https:\/\/www.csj-emballages.com\/de\/","name":"CSJ Emballages","description":"","publisher":{"@id":"https:\/\/www.csj-emballages.com\/de\/#organization"},"potentialAction":[{"@type":"SearchAction","target":{"@type":"EntryPoint","urlTemplate":"https:\/\/www.csj-emballages.com\/de\/?s={search_term_string}"},"query-input":{"@type":"PropertyValueSpecification","valueRequired":true,"valueName":"search_term_string"}}],"inLanguage":"de"},{"@type":"Organization","@id":"https:\/\/www.csj-emballages.com\/de\/#Organization\/","name":"CSJ Emballages","url":"https:\/\/www.csj-emballages.com\/de\/","logo":{"@type":"ImageObject","inLanguage":"de","@id":"https:\/\/www.csj-emballages.com\/de\/#\/schema\/logo\/image\/","url":"https:\/\/www.csj-emballages.com\/wp-content\/uploads\/2023\/10\/logo_csj.webp","contentUrl":"https:\/\/www.csj-emballages.com\/wp-content\/uploads\/2023\/10\/logo_csj.webp","width":250,"height":95,"caption":"CSJ Emballages"},"image":{"@id":"https:\/\/www.csj-emballages.com\/de\/#\/schema\/logo\/image\/"},"sameAs":["https:\/\/www.facebook.com\/csjemballages"],"address":{"@type":"PostalAddress","streetAddress":"ZI La Lechere","addressLocality":"Patornay","postalCode":"39130","addressCountry":"FR"},"contactPoint":[{"@type":"ContactPoint","contactType":"Service client","telephone":"0384254272","email":"contact@csj-emballages.com"}]}]}},"df_price":35.47,"df_sale_price":"","df_regular_price":35.47,"df_image_link":"https:\/\/www.csj-emballages.com\/wp-content\/uploads\/2024\/10\/SKF3-300x300.webp","tiered_pricing_type":"fixed","tiered_pricing_fixed_rules":[],"tiered_pricing_percentage_rules":[],"tiered_pricing_minimum":1,"tiered_pricing_roles_data":[],"_links":{"self":[{"href":"https:\/\/www.csj-emballages.com\/de\/wp-json\/wp\/v2\/product\/159549","targetHints":{"allow":["GET"]}}],"collection":[{"href":"https:\/\/www.csj-emballages.com\/de\/wp-json\/wp\/v2\/product"}],"about":[{"href":"https:\/\/www.csj-emballages.com\/de\/wp-json\/wp\/v2\/types\/product"}],"wp:featuredmedia":[{"embeddable":true,"href":"https:\/\/www.csj-emballages.com\/de\/wp-json\/wp\/v2\/media\/261969"}],"wp:attachment":[{"href":"https:\/\/www.csj-emballages.com\/de\/wp-json\/wp\/v2\/media?parent=159549"}],"wp:term":[{"taxonomy":"product_brand","embeddable":true,"href":"https:\/\/www.csj-emballages.com\/de\/wp-json\/wp\/v2\/product_brand?post=159549"},{"taxonomy":"product_cat","embeddable":true,"href":"https:\/\/www.csj-emballages.com\/de\/wp-json\/wp\/v2\/product_cat?post=159549"},{"taxonomy":"product_tag","embeddable":true,"href":"https:\/\/www.csj-emballages.com\/de\/wp-json\/wp\/v2\/product_tag?post=159549"}],"curies":[{"name":"wp","href":"https:\/\/api.w.org\/{rel}","templated":true}]}}