{"id":159537,"date":"2024-10-10T17:19:07","date_gmt":"2024-10-10T15:19:07","guid":{"rendered":"https:\/\/www.csj-emballages.com\/produit\/urinalpastillen-33-tabletten-a-33-g-mit-zitrusgeschmack\/"},"modified":"2026-04-21T02:10:42","modified_gmt":"2026-04-21T00:10:42","slug":"urinalpastillen-33-tabletten-a-33-g-mit-zitrusgeschmack","status":"publish","type":"product","link":"https:\/\/www.csj-emballages.com\/de\/produit\/urinalpastillen-33-tabletten-a-33-g-mit-zitrusgeschmack\/","title":{"rendered":"Urinal Pastille 33g Zitrusgeschmack pro 33"},"content":{"rendered":"<div class=\"flex flex-grow flex-col max-w-full\">\n<div class=\"min-h-[20px] text-message flex flex-col items-start whitespace-pre-wrap break-words [.text-message+&amp;]:mt-5 juice:w-full juice:items-end overflow-x-auto gap-2\" dir=\"auto\" data-message-author-role=\"assistant\" data-message-id=\"2034782e-88f9-44ef-b4dc-07dd7bf0115f\">\n<div class=\"flex w-full flex-col gap-1 juice:empty:hidden juice:first:pt-[3px]\">\n<div class=\"markdown prose w-full break-words dark:prose-invert light\">\n<div style=\"font-family: Roboto, sans-serif;\">\n<div style=\"font-family: Roboto, sans-serif;\">\n<div style=\"font-family: Roboto, sans-serif;\">\n<div style=\"font-family: Roboto, sans-serif;\">\n<div style=\"font-family: Roboto, sans-serif;\">\n<div style=\"font-family: Roboto, sans-serif;\">\n<h2>Urinal Pastille<\/h2>\n<div style=\"font-family: Roboto, sans-serif;\">\n<div style=\"font-family: Roboto, sans-serif;\">\n<div style=\"font-family: Roboto, sans-serif;\">\n<div style=\"text-align: center;\">\n<div style=\"font-family: Roboto, sans-serif;\">\n<div style=\"font-family: Roboto, sans-serif;\">\n<div style=\"font-family: Roboto, sans-serif;\">\n<div style=\"font-family: Roboto, sans-serif;\">\n<div style=\"font-family: Roboto, sans-serif;\">\n<div style=\"font-family: Roboto, sans-serif; text-align: left;\">\n<hr>\n<h3 style=\"text-align: left;\">Beschreibung von 33g Urinal Pastille Zitrusgeschmack von 33<\/h3>\n<h3 style=\"text-align: left;\"><!--more--><\/h3>\n<p>Entdecken Sie die <strong>Urinal-Tabletten 40 Kieselsteine<\/strong>, eine hygienische und praktische L\u00f6sung, um Ihre sanit\u00e4ren Anlagen frisch und sauber zu halten. Jede <strong>Urinal-Tablette<\/strong> wurde entwickelt, um <strong>Ger\u00fcche zu neutralisieren<\/strong> und einen angenehmen Duft zu hinterlassen. Sie entfernen organische Stoffe und Harnstoff und sorgen so f\u00fcr eine perfekte Reinigung. Neben der desodorierenden Wirkung haben die Tabletten auch entkalkende Eigenschaften und bek\u00e4mpfen so effektiv Kalk.   <\/p>\n<p>Sie sind leicht zu handhaben, da Sie einfach eine <strong>Tablette<\/strong> in das Urinal geben und sofort von der Frische profitieren k\u00f6nnen. Sie eignen sich f\u00fcr alle Arten von Urinalen, reduzieren den Bedarf an h\u00e4ufiger Wartung und optimieren gleichzeitig die Hygiene in den Sanit\u00e4rr\u00e4umen. <\/p>\n<p>Mit ihrem g\u00fcnstigen Format von <strong>40 Kieselsteinen<\/strong> bieten sie eine praktische und erschwingliche L\u00f6sung, um Ihre Urinale makellos zu halten. Au\u00dferdem helfen sie dabei, unangenehme Ger\u00fcche zu reduzieren und gleichzeitig Verstopfungen in den Abfl\u00fcssen zu verringern. <\/p>\n<p>Entscheiden Sie sich f\u00fcr eine einfache, wirksame und dauerhafte L\u00f6sung zur Verbesserung der Hygiene in Ihren Sanit\u00e4ranlagen.<\/p>\n<p>&nbsp;<\/p>\n<\/div>\n<\/div>\n<\/div>\n<\/div>\n<\/div>\n<\/div>\n<\/div>\n<\/div>\n<\/div>\n<\/div>\n<\/div>\n<\/div>\n<\/div>\n<\/div>\n<\/div>\n<\/div>\n<\/div>\n<\/div>\n<\/div>\n<\/div>\n<p><!--more--><\/p>\n<h4>Gebrauchsanweisung :<\/h4>\n<ul>\n<li>Platzieren Sie 1 bis 3 W\u00fcrfel auf dem Boden des Urinals.<\/li>\n<li>Lassen Sie den W\u00fcrfel einwirken und warten Sie, bis er sich vollst\u00e4ndig aufgel\u00f6st hat, bevor Sie einen neuen W\u00fcrfel einsetzen. (Verstopft nicht die Urinale). <\/li>\n<\/ul>\n<p>&nbsp;<\/p>\n<div class=\"flex flex-grow flex-col max-w-full\">\n<div class=\"min-h-[20px] text-message flex flex-col items-start whitespace-pre-wrap break-words [.text-message+&amp;]:mt-5 juice:w-full juice:items-end overflow-x-auto gap-2\" dir=\"auto\" data-message-author-role=\"assistant\" data-message-id=\"2034782e-88f9-44ef-b4dc-07dd7bf0115f\">\n<div class=\"flex w-full flex-col gap-1 juice:empty:hidden juice:first:pt-[3px]\">\n<div class=\"markdown prose w-full break-words dark:prose-invert light\">\n<div style=\"font-family: Roboto, sans-serif;\">\n<div style=\"font-family: Roboto, sans-serif;\">\n<div style=\"font-family: Roboto, sans-serif;\">\n<div style=\"font-family: Roboto, sans-serif;\">\n<div style=\"font-family: Roboto, sans-serif;\">\n<div style=\"font-family: Roboto, sans-serif;\">\n<p><!--more--><\/p>\n<h4 style=\"text-align: left;\"><strong>Die Vorteile unserer Urinal-Tabletten 40 St\u00fcck :<\/strong><\/h4>\n<ul style=\"text-align: left;\">\n<li><strong>Geruchsneutralisierung<\/strong>: Beseitigt schlechte Ger\u00fcche und hinterl\u00e4sst einen angenehmen Duft.<\/li>\n<li><strong>Entkalkende Eigenschaften<\/strong>: Sie bek\u00e4mpfen die Kalkablagerung und helfen so, Urinale sauber zu halten.<\/li>\n<li><strong>Geeignet f\u00fcr alle Arten von Urinalen<\/strong>: Kompatibel mit Urinalen verschiedener Gr\u00f6\u00dfen und Materialien.<\/li>\n<li>Preisg\u00fcnstiges <strong>Format<\/strong>: Die Schachtel mit 40 Kieselsteinen erm\u00f6glicht eine nachhaltige und erschwingliche Versorgung.<\/li>\n<\/ul>\n<\/div>\n<\/div>\n<p>&nbsp;<\/p>\n<\/div>\n<\/div>\n<\/div>\n<\/div>\n<\/div>\n<\/div>\n<\/div>\n<\/div>\n<p><!--more--><\/p>\n<p>Finden Sie hier unseren Urinalrost mit Meeresduft: <span style=\"color: #d12727;\"><a style=\"color: #d12727;\" href=\"https:\/\/www.csj-emballages.com\/es\/produit\/rejillas-de-urinario-con-aroma-marino\/\">02212<\/a><\/span><\/p>\n<p>&nbsp;<\/p>\n<p style=\"text-align: left;\"><!--more--><\/p>\n<p><a href=\"https:\/\/www.csj-emballages.com\/de\/categorie-produit\/hygiene-und-pflege\/pflegeprodukte\/sanitar\/\">Sehen Sie sich den Rest unseres Sortiments an Sanit\u00e4rreinigern an.<\/a><\/p>\n","protected":false},"excerpt":{"rendered":"<p>Urinal Pastille Beschreibung von 33g Urinal Pastille Zitrusgeschmack von 33<\/p>\n","protected":false},"featured_media":239398,"template":"","meta":{"_acf_changed":false},"product_brand":[],"product_cat":[1218,1219,1294],"product_tag":[],"class_list":{"0":"post-159537","1":"product","2":"type-product","3":"status-publish","4":"has-post-thumbnail","6":"product_cat-hygiene-und-pflege","7":"product_cat-pflegeprodukte","8":"product_cat-sanitar","10":"first","11":"outofstock","12":"taxable","13":"shipping-taxable","14":"purchasable","15":"product-type-simple"},"acf":[],"yoast_head":"<!-- This site is optimized with the Yoast SEO Premium plugin v26.6 (Yoast SEO v26.6) - https:\/\/yoast.com\/wordpress\/plugins\/seo\/ -->\n<title>Urinal Pastille<\/title>\n<meta name=\"description\" content=\"Urinal-Tabletten: neutralisieren Ger\u00fcche, entkalken und sorgen f\u00fcr dauerhafte Hygiene und minimalen Wartungsaufwand f\u00fcr Ihre Sanit\u00e4ranlagen.\" \/>\n<meta name=\"robots\" content=\"index, follow, max-snippet:-1, max-image-preview:large, max-video-preview:-1\" \/>\n<link rel=\"canonical\" href=\"https:\/\/www.csj-emballages.com\/de\/produit\/urinalpastillen-33-tabletten-a-33-g-mit-zitrusgeschmack\/\" \/>\n<meta property=\"og:locale\" content=\"de_DE\" \/>\n<meta property=\"og:type\" content=\"article\" \/>\n<meta property=\"og:title\" content=\"Urinal Pastille 33g Zitrusgeschmack pro 33\" \/>\n<meta property=\"og:description\" content=\"Urinal-Tabletten: neutralisieren Ger\u00fcche, entkalken und sorgen f\u00fcr dauerhafte Hygiene und minimalen Wartungsaufwand f\u00fcr Ihre Sanit\u00e4ranlagen.\" \/>\n<meta property=\"og:url\" content=\"https:\/\/www.csj-emballages.com\/de\/produit\/urinalpastillen-33-tabletten-a-33-g-mit-zitrusgeschmack\/\" \/>\n<meta property=\"og:site_name\" content=\"CSJ Emballages\" \/>\n<meta property=\"article:publisher\" content=\"https:\/\/www.facebook.com\/csjemballages\" \/>\n<meta property=\"article:modified_time\" content=\"2026-04-21T00:10:42+00:00\" \/>\n<meta property=\"og:image\" content=\"https:\/\/www.csj-emballages.com\/wp-content\/uploads\/2024\/10\/1637.webp\" \/>\n\t<meta property=\"og:image:width\" content=\"800\" \/>\n\t<meta property=\"og:image:height\" content=\"800\" \/>\n\t<meta property=\"og:image:type\" content=\"image\/webp\" \/>\n<meta name=\"twitter:card\" content=\"summary_large_image\" \/>\n<meta name=\"twitter:label1\" content=\"Gesch\u00e4tzte Lesezeit\" \/>\n\t<meta name=\"twitter:data1\" content=\"2 Minuten\" \/>\n<script type=\"application\/ld+json\" class=\"yoast-schema-graph\">{\"@context\":\"https:\/\/schema.org\",\"@graph\":[{\"@type\":\"WebPage\",\"@id\":\"https:\/\/www.csj-emballages.com\/de\/produit\/urinalpastillen-33-tabletten-a-33-g-mit-zitrusgeschmack\/\",\"url\":\"https:\/\/www.csj-emballages.com\/de\/produit\/urinalpastillen-33-tabletten-a-33-g-mit-zitrusgeschmack\/\",\"name\":\"Urinal Pastille\",\"isPartOf\":{\"@id\":\"https:\/\/www.csj-emballages.com\/de\/#website\"},\"primaryImageOfPage\":{\"@id\":\"https:\/\/www.csj-emballages.com\/de\/produit\/urinalpastillen-33-tabletten-a-33-g-mit-zitrusgeschmack\/#primaryimage\"},\"image\":{\"@id\":\"https:\/\/www.csj-emballages.com\/de\/produit\/urinalpastillen-33-tabletten-a-33-g-mit-zitrusgeschmack\/#primaryimage\"},\"thumbnailUrl\":\"https:\/\/www.csj-emballages.com\/wp-content\/uploads\/2024\/10\/1637.webp\",\"datePublished\":\"2024-10-10T15:19:07+00:00\",\"dateModified\":\"2026-04-21T00:10:42+00:00\",\"description\":\"Urinal-Tabletten: neutralisieren Ger\u00fcche, entkalken und sorgen f\u00fcr dauerhafte Hygiene und minimalen Wartungsaufwand f\u00fcr Ihre Sanit\u00e4ranlagen.\",\"breadcrumb\":{\"@id\":\"https:\/\/www.csj-emballages.com\/de\/produit\/urinalpastillen-33-tabletten-a-33-g-mit-zitrusgeschmack\/#breadcrumb\"},\"inLanguage\":\"de\",\"potentialAction\":[{\"@type\":\"ReadAction\",\"target\":[\"https:\/\/www.csj-emballages.com\/de\/produit\/urinalpastillen-33-tabletten-a-33-g-mit-zitrusgeschmack\/\"]}]},{\"@type\":\"ImageObject\",\"inLanguage\":\"de\",\"@id\":\"https:\/\/www.csj-emballages.com\/de\/produit\/urinalpastillen-33-tabletten-a-33-g-mit-zitrusgeschmack\/#primaryimage\",\"url\":\"https:\/\/www.csj-emballages.com\/wp-content\/uploads\/2024\/10\/1637.webp\",\"contentUrl\":\"https:\/\/www.csj-emballages.com\/wp-content\/uploads\/2024\/10\/1637.webp\",\"width\":800,\"height\":800,\"caption\":\"Pastille urinoir\"},{\"@type\":\"BreadcrumbList\",\"@id\":\"https:\/\/www.csj-emballages.com\/de\/produit\/urinalpastillen-33-tabletten-a-33-g-mit-zitrusgeschmack\/#breadcrumb\",\"itemListElement\":[{\"@type\":\"ListItem\",\"position\":1,\"name\":\"Accueil\",\"item\":\"https:\/\/www.csj-emballages.com\/de\/universum-lebensmittelverpackungen\/\"},{\"@type\":\"ListItem\",\"position\":2,\"name\":\"Shop\",\"item\":\"https:\/\/www.csj-emballages.com\/shop\/\"},{\"@type\":\"ListItem\",\"position\":3,\"name\":\"Urinal Pastille 33g Zitrusgeschmack pro 33\"}]},{\"@type\":\"WebSite\",\"@id\":\"https:\/\/www.csj-emballages.com\/de\/#website\",\"url\":\"https:\/\/www.csj-emballages.com\/de\/\",\"name\":\"CSJ Emballages\",\"description\":\"\",\"publisher\":{\"@id\":\"https:\/\/www.csj-emballages.com\/de\/#organization\"},\"potentialAction\":[{\"@type\":\"SearchAction\",\"target\":{\"@type\":\"EntryPoint\",\"urlTemplate\":\"https:\/\/www.csj-emballages.com\/de\/?s={search_term_string}\"},\"query-input\":{\"@type\":\"PropertyValueSpecification\",\"valueRequired\":true,\"valueName\":\"search_term_string\"}}],\"inLanguage\":\"de\"},{\"@type\":\"Organization\",\"@id\":\"https:\/\/www.csj-emballages.com\/de\/#Organization\/\",\"name\":\"CSJ Emballages\",\"url\":\"https:\/\/www.csj-emballages.com\/de\/\",\"logo\":{\"@type\":\"ImageObject\",\"inLanguage\":\"de\",\"@id\":\"https:\/\/www.csj-emballages.com\/de\/#\/schema\/logo\/image\/\",\"url\":\"https:\/\/www.csj-emballages.com\/wp-content\/uploads\/2023\/10\/logo_csj.webp\",\"contentUrl\":\"https:\/\/www.csj-emballages.com\/wp-content\/uploads\/2023\/10\/logo_csj.webp\",\"width\":250,\"height\":95,\"caption\":\"CSJ Emballages\"},\"image\":{\"@id\":\"https:\/\/www.csj-emballages.com\/de\/#\/schema\/logo\/image\/\"},\"sameAs\":[\"https:\/\/www.facebook.com\/csjemballages\"],\"address\":{\"@type\":\"PostalAddress\",\"streetAddress\":\"ZI La Lechere\",\"addressLocality\":\"Patornay\",\"postalCode\":\"39130\",\"addressCountry\":\"FR\"},\"contactPoint\":[{\"@type\":\"ContactPoint\",\"contactType\":\"Service client\",\"telephone\":\"0384254272\",\"email\":\"contact@csj-emballages.com\"}]}]}<\/script>\n<!-- \/ Yoast SEO Premium plugin. -->","yoast_head_json":{"title":"Urinal Pastille","description":"Urinal-Tabletten: neutralisieren Ger\u00fcche, entkalken und sorgen f\u00fcr dauerhafte Hygiene und minimalen Wartungsaufwand f\u00fcr Ihre Sanit\u00e4ranlagen.","robots":{"index":"index","follow":"follow","max-snippet":"max-snippet:-1","max-image-preview":"max-image-preview:large","max-video-preview":"max-video-preview:-1"},"canonical":"https:\/\/www.csj-emballages.com\/de\/produit\/urinalpastillen-33-tabletten-a-33-g-mit-zitrusgeschmack\/","og_locale":"de_DE","og_type":"article","og_title":"Urinal Pastille 33g Zitrusgeschmack pro 33","og_description":"Urinal-Tabletten: neutralisieren Ger\u00fcche, entkalken und sorgen f\u00fcr dauerhafte Hygiene und minimalen Wartungsaufwand f\u00fcr Ihre Sanit\u00e4ranlagen.","og_url":"https:\/\/www.csj-emballages.com\/de\/produit\/urinalpastillen-33-tabletten-a-33-g-mit-zitrusgeschmack\/","og_site_name":"CSJ Emballages","article_publisher":"https:\/\/www.facebook.com\/csjemballages","article_modified_time":"2026-04-21T00:10:42+00:00","og_image":[{"width":800,"height":800,"url":"https:\/\/www.csj-emballages.com\/wp-content\/uploads\/2024\/10\/1637.webp","type":"image\/webp"}],"twitter_card":"summary_large_image","twitter_misc":{"Gesch\u00e4tzte Lesezeit":"2 Minuten"},"schema":{"@context":"https:\/\/schema.org","@graph":[{"@type":"WebPage","@id":"https:\/\/www.csj-emballages.com\/de\/produit\/urinalpastillen-33-tabletten-a-33-g-mit-zitrusgeschmack\/","url":"https:\/\/www.csj-emballages.com\/de\/produit\/urinalpastillen-33-tabletten-a-33-g-mit-zitrusgeschmack\/","name":"Urinal Pastille","isPartOf":{"@id":"https:\/\/www.csj-emballages.com\/de\/#website"},"primaryImageOfPage":{"@id":"https:\/\/www.csj-emballages.com\/de\/produit\/urinalpastillen-33-tabletten-a-33-g-mit-zitrusgeschmack\/#primaryimage"},"image":{"@id":"https:\/\/www.csj-emballages.com\/de\/produit\/urinalpastillen-33-tabletten-a-33-g-mit-zitrusgeschmack\/#primaryimage"},"thumbnailUrl":"https:\/\/www.csj-emballages.com\/wp-content\/uploads\/2024\/10\/1637.webp","datePublished":"2024-10-10T15:19:07+00:00","dateModified":"2026-04-21T00:10:42+00:00","description":"Urinal-Tabletten: neutralisieren Ger\u00fcche, entkalken und sorgen f\u00fcr dauerhafte Hygiene und minimalen Wartungsaufwand f\u00fcr Ihre Sanit\u00e4ranlagen.","breadcrumb":{"@id":"https:\/\/www.csj-emballages.com\/de\/produit\/urinalpastillen-33-tabletten-a-33-g-mit-zitrusgeschmack\/#breadcrumb"},"inLanguage":"de","potentialAction":[{"@type":"ReadAction","target":["https:\/\/www.csj-emballages.com\/de\/produit\/urinalpastillen-33-tabletten-a-33-g-mit-zitrusgeschmack\/"]}]},{"@type":"ImageObject","inLanguage":"de","@id":"https:\/\/www.csj-emballages.com\/de\/produit\/urinalpastillen-33-tabletten-a-33-g-mit-zitrusgeschmack\/#primaryimage","url":"https:\/\/www.csj-emballages.com\/wp-content\/uploads\/2024\/10\/1637.webp","contentUrl":"https:\/\/www.csj-emballages.com\/wp-content\/uploads\/2024\/10\/1637.webp","width":800,"height":800,"caption":"Pastille urinoir"},{"@type":"BreadcrumbList","@id":"https:\/\/www.csj-emballages.com\/de\/produit\/urinalpastillen-33-tabletten-a-33-g-mit-zitrusgeschmack\/#breadcrumb","itemListElement":[{"@type":"ListItem","position":1,"name":"Accueil","item":"https:\/\/www.csj-emballages.com\/de\/universum-lebensmittelverpackungen\/"},{"@type":"ListItem","position":2,"name":"Shop","item":"https:\/\/www.csj-emballages.com\/shop\/"},{"@type":"ListItem","position":3,"name":"Urinal Pastille 33g Zitrusgeschmack pro 33"}]},{"@type":"WebSite","@id":"https:\/\/www.csj-emballages.com\/de\/#website","url":"https:\/\/www.csj-emballages.com\/de\/","name":"CSJ Emballages","description":"","publisher":{"@id":"https:\/\/www.csj-emballages.com\/de\/#organization"},"potentialAction":[{"@type":"SearchAction","target":{"@type":"EntryPoint","urlTemplate":"https:\/\/www.csj-emballages.com\/de\/?s={search_term_string}"},"query-input":{"@type":"PropertyValueSpecification","valueRequired":true,"valueName":"search_term_string"}}],"inLanguage":"de"},{"@type":"Organization","@id":"https:\/\/www.csj-emballages.com\/de\/#Organization\/","name":"CSJ Emballages","url":"https:\/\/www.csj-emballages.com\/de\/","logo":{"@type":"ImageObject","inLanguage":"de","@id":"https:\/\/www.csj-emballages.com\/de\/#\/schema\/logo\/image\/","url":"https:\/\/www.csj-emballages.com\/wp-content\/uploads\/2023\/10\/logo_csj.webp","contentUrl":"https:\/\/www.csj-emballages.com\/wp-content\/uploads\/2023\/10\/logo_csj.webp","width":250,"height":95,"caption":"CSJ Emballages"},"image":{"@id":"https:\/\/www.csj-emballages.com\/de\/#\/schema\/logo\/image\/"},"sameAs":["https:\/\/www.facebook.com\/csjemballages"],"address":{"@type":"PostalAddress","streetAddress":"ZI La Lechere","addressLocality":"Patornay","postalCode":"39130","addressCountry":"FR"},"contactPoint":[{"@type":"ContactPoint","contactType":"Service client","telephone":"0384254272","email":"contact@csj-emballages.com"}]}]}},"df_price":16.07,"df_sale_price":"","df_regular_price":16.07,"df_image_link":"https:\/\/www.csj-emballages.com\/wp-content\/uploads\/2024\/10\/1637-300x300.webp","tiered_pricing_type":"fixed","tiered_pricing_fixed_rules":[],"tiered_pricing_percentage_rules":[],"tiered_pricing_minimum":1,"tiered_pricing_roles_data":[],"_links":{"self":[{"href":"https:\/\/www.csj-emballages.com\/de\/wp-json\/wp\/v2\/product\/159537","targetHints":{"allow":["GET"]}}],"collection":[{"href":"https:\/\/www.csj-emballages.com\/de\/wp-json\/wp\/v2\/product"}],"about":[{"href":"https:\/\/www.csj-emballages.com\/de\/wp-json\/wp\/v2\/types\/product"}],"wp:featuredmedia":[{"embeddable":true,"href":"https:\/\/www.csj-emballages.com\/de\/wp-json\/wp\/v2\/media\/239398"}],"wp:attachment":[{"href":"https:\/\/www.csj-emballages.com\/de\/wp-json\/wp\/v2\/media?parent=159537"}],"wp:term":[{"taxonomy":"product_brand","embeddable":true,"href":"https:\/\/www.csj-emballages.com\/de\/wp-json\/wp\/v2\/product_brand?post=159537"},{"taxonomy":"product_cat","embeddable":true,"href":"https:\/\/www.csj-emballages.com\/de\/wp-json\/wp\/v2\/product_cat?post=159537"},{"taxonomy":"product_tag","embeddable":true,"href":"https:\/\/www.csj-emballages.com\/de\/wp-json\/wp\/v2\/product_tag?post=159537"}],"curies":[{"name":"wp","href":"https:\/\/api.w.org\/{rel}","templated":true}]}}