{"id":159522,"date":"2024-10-09T02:18:15","date_gmt":"2024-10-09T00:18:15","guid":{"rendered":"https:\/\/www.csj-emballages.com\/produit\/25-koerbe-mikrokraft-braun-30-x-40-x-6-cm\/"},"modified":"2026-04-03T02:14:50","modified_gmt":"2026-04-03T00:14:50","slug":"25-koerbe-mikrokraft-braun-30-x-40-x-6-cm","status":"publish","type":"product","link":"https:\/\/www.csj-emballages.com\/de\/produit\/25-koerbe-mikrokraft-braun-30-x-40-x-6-cm\/","title":{"rendered":"Abfallbeh\u00e4lter aus Kraftkarton 30 x 40 x 6 cm pro 25"},"content":{"rendered":"<div style=\"font-family: Roboto, sans-serif;\">\n<div style=\"font-family: Roboto, sans-serif;\">\n<div style=\"font-family: Roboto, sans-serif;\">\n<div style=\"font-family: Roboto, sans-serif;\">\n<div style=\"font-family: Roboto, sans-serif;\">\n<div style=\"font-family: Roboto, sans-serif;\">\n<div style=\"font-family: Roboto, sans-serif;\">\n<div style=\"font-family: Roboto, sans-serif;\">\n<div style=\"font-family: Roboto, sans-serif;\">\n<div style=\"font-family: Roboto, sans-serif;\">\n<div style=\"font-family: Roboto, sans-serif;\">\n<div style=\"font-family: Roboto, sans-serif;\">\n<div style=\"font-family: Roboto, sans-serif;\">\n<div class=\"flex flex-grow flex-col max-w-full\">\n<div class=\"min-h-[20px] text-message flex flex-col items-start whitespace-pre-wrap break-words [.text-message+&amp;]:mt-5 juice:w-full juice:items-end overflow-x-auto gap-2\" dir=\"auto\" data-message-author-role=\"assistant\" data-message-id=\"2034782e-88f9-44ef-b4dc-07dd7bf0115f\">\n<div class=\"flex w-full flex-col gap-1 juice:empty:hidden juice:first:pt-[3px]\">\n<div class=\"markdown prose w-full break-words dark:prose-invert light\">\n<div style=\"font-family: Roboto, sans-serif;\">\n<div style=\"font-family: Roboto, sans-serif;\">\n<div style=\"font-family: Roboto, sans-serif;\">\n<div style=\"font-family: Roboto, sans-serif;\">\n<div style=\"font-family: Roboto, sans-serif;\">\n<div style=\"font-family: Roboto, sans-serif;\">\n<h2>Papierkorb aus Pappe<\/h2>\n<div style=\"font-family: Roboto, sans-serif;\">\n<div style=\"font-family: Roboto, sans-serif;\">\n<div style=\"font-family: Roboto, sans-serif;\">\n<div style=\"text-align: center;\">\n<div style=\"font-family: Roboto, sans-serif;\">\n<div style=\"font-family: Roboto, sans-serif;\">\n<div style=\"font-family: Roboto, sans-serif;\">\n<div style=\"font-family: Roboto, sans-serif;\">\n<div style=\"font-family: Roboto, sans-serif;\">\n<div style=\"font-family: Roboto, sans-serif; text-align: left;\">\n<hr>\n<h3 style=\"text-align: left;\">Beschreibung von unserem Kraftkarton Korb 30 x 40 x 6 cm pro 25<!--more--><\/h3>\n<\/div>\n<\/div>\n<\/div>\n<\/div>\n<\/div>\n<\/div>\n<\/div>\n<\/div>\n<\/div>\n<\/div>\n<\/div>\n<\/div>\n<\/div>\n<\/div>\n<\/div>\n<\/div>\n<\/div>\n<\/div>\n<\/div>\n<\/div>\n<\/div>\n<\/div>\n<\/div>\n<\/div>\n<\/div>\n<\/div>\n<\/div>\n<\/div>\n<\/div>\n<\/div>\n<\/div>\n<\/div>\n<\/div>\n<p><strong>Kraftkartonkorb, rechteckig, 30 x 40 x 6 cm, 25 St\u00fcck<\/strong>: eine elegante L\u00f6sung f\u00fcr Ihre Pr\u00e4sentationen. Dieser <strong>Pappkorb<\/strong> vereint praktisches Design und \u00c4sthetik. Mit seinen gro\u00dfz\u00fcgigen Abmessungen passt er zu verschiedenen Anl\u00e4ssen. Ob f\u00fcr eine gesch\u00e4ftliche Veranstaltung oder ein Familienfest, dieser <strong>Pr\u00e4sentationskorb<\/strong> wird Ihnen eine gro\u00dfe Hilfe sein.   <\/p>\n<p>Dieser <strong>rechteckige Korb<\/strong> ist aus Pappe gefertigt, robust und leicht zugleich. Sein rechteckiges Design erm\u00f6glicht eine optimale Aufbewahrung der Produkte. Dar\u00fcber hinaus bietet er eine gro\u00dfe Lagerkapazit\u00e4t. Sie k\u00f6nnen darin Snacks, Obst oder sogar Kosmetika aufbewahren. Dank ihrer Form erleichtert sie es Ihnen, Ihre Artikel in den Vordergrund zu stellen.    <\/p>\n<p>Es ist auch m\u00f6glich, diesen <strong>Pr\u00e4sentationskorb<\/strong> individuell zu gestalten. Sie k\u00f6nnen ihn mit Dekorationen wie B\u00e4ndern oder Etiketten versehen. So k\u00f6nnen Sie eine einzigartige und pers\u00f6nliche Atmosph\u00e4re schaffen. F\u00fcgen Sie z. B. f\u00fcr eine Weihnachtsveranstaltung festliche Motive hinzu. F\u00fcr einen Geburtstag eignen sich leuchtende Farben. Mit diesem <strong>rechteckigen Korb<\/strong> sind die M\u00f6glichkeiten endlos.     <\/p>\n<p>&nbsp;<\/p>\n<p><!--more--><\/p>\n<h4>Warum sollten Sie unseren Papierkorb benutzen?<\/h4>\n<p>Wenn Sie sich f\u00fcr diesen <strong>Papierkorb aus Pappe<\/strong> entscheiden, treffen Sie eine umweltbewusste Wahl. Karton ist n\u00e4mlich ein recycelbares Material. Das bedeutet, dass Sie diesen <strong>Pr\u00e4sentationskorb<\/strong> nach Gebrauch einfach recyceln k\u00f6nnen. Auf diese Weise tragen Sie zum Umweltschutz bei und verwenden gleichzeitig ein praktisches Produkt. Dar\u00fcber hinaus verleiht das sorgf\u00e4ltige Design Ihrer Dekoration einen Hauch von Eleganz.    <\/p>\n<p>Die Verwendungsm\u00f6glichkeiten sind vielf\u00e4ltig. Ob bei einer Hochzeit, einem Geburtstag oder einem Gesch\u00e4ftstreffen &#8211; der <strong>rechteckige Korb<\/strong> f\u00fcgt sich perfekt in Ihre Einrichtung ein. Au\u00dferdem passt er dank seiner schlichten, aber eleganten \u00c4sthetik zu jedem Stil. F\u00fcr eine gepflegte Pr\u00e4sentation ist es wichtig, die Beh\u00e4lter gut auszuw\u00e4hlen. Der <strong>Pappkorb<\/strong> erf\u00fcllt dieses Bed\u00fcrfnis mit Bravour.    <\/p>\n<p>&nbsp;<\/p>\n<p><!--more--><\/p>\n<div style=\"font-family: Roboto, sans-serif;\">\n<div style=\"font-family: Roboto, sans-serif;\">\n<div style=\"font-family: Roboto, sans-serif;\">\n<div style=\"font-family: Roboto, sans-serif;\">\n<div style=\"font-family: Roboto, sans-serif;\">\n<div style=\"font-family: Roboto, sans-serif;\">\n<div style=\"font-family: Roboto, sans-serif;\">\n<div style=\"font-family: Roboto, sans-serif;\">\n<div style=\"font-family: Roboto, sans-serif;\">\n<div style=\"font-family: Roboto, sans-serif;\">\n<div style=\"font-family: Roboto, sans-serif;\">\n<div style=\"font-family: Roboto, sans-serif;\">\n<div style=\"font-family: Roboto, sans-serif;\">\n<div class=\"flex flex-grow flex-col max-w-full\">\n<div class=\"min-h-[20px] text-message flex flex-col items-start whitespace-pre-wrap break-words [.text-message+&amp;]:mt-5 juice:w-full juice:items-end overflow-x-auto gap-2\" dir=\"auto\" data-message-author-role=\"assistant\" data-message-id=\"2034782e-88f9-44ef-b4dc-07dd7bf0115f\">\n<div class=\"flex w-full flex-col gap-1 juice:empty:hidden juice:first:pt-[3px]\">\n<div class=\"markdown prose w-full break-words dark:prose-invert light\">\n<div style=\"font-family: Roboto, sans-serif;\">\n<div style=\"font-family: Roboto, sans-serif;\">\n<div style=\"font-family: Roboto, sans-serif;\">\n<div style=\"font-family: Roboto, sans-serif;\">\n<div style=\"font-family: Roboto, sans-serif;\">\n<div style=\"font-family: Roboto, sans-serif;\">\n<p>Zusammenfassend l\u00e4sst sich sagen, dass der <strong>rechteckige Pappkorb 30 x 40 x 6 cm pro 25<\/strong> eine gute Wahl ist. Er vereint Zweckm\u00e4\u00dfigkeit, \u00c4sthetik und \u00f6kologische Verantwortung. Seine Verwendung ist einfach und vielf\u00e4ltig. Ob Sie eine Veranstaltung organisieren oder einfach nur Ihre Sachen aufbewahren wollen, dieser <strong>Pr\u00e4sentationskorb<\/strong> ist ideal.   <\/p>\n<p>Mit seinem Fassungsverm\u00f6gen und seiner Stabilit\u00e4t entt\u00e4uscht er nie. Um Ihre Aufbewahrung zu optimieren oder Ihre Pr\u00e4sentationen zu versch\u00f6nern, setzen Sie auf diesen <strong>Korb aus Karton<\/strong>. Sie werden von der Qualit\u00e4t und dem Design nicht entt\u00e4uscht sein. Und schlie\u00dflich sollten Sie nicht vergessen, dass f\u00fcr eine gelungene Pr\u00e4sentation jedes Detail z\u00e4hlt. Mit diesem <strong>rechteckigen Korb<\/strong> investieren Sie in ein zuverl\u00e4ssiges und elegantes Produkt.    <\/p>\n<p>&nbsp;<\/p>\n<p><!--more--><\/p>\n<h4 style=\"text-align: left;\"><strong>Die Vorteile von Papierk\u00f6rben<\/strong><strong> :<\/strong><\/h4>\n<ul style=\"text-align: left;\">\n<li><strong>Umweltfreundlich<\/strong>: Aus recycelbarem Karton hergestellt, tr\u00e4gt es zum Schutz der Umwelt bei.<\/li>\n<li><strong>Praktisch<\/strong>: Seine Gr\u00f6\u00dfe erm\u00f6glicht eine effiziente Aufbewahrung verschiedener Gegenst\u00e4nde, von Lebensmitteln bis hin zu Dekorationsartikeln.<\/li>\n<li><strong>Vielseitig<\/strong> einsetzbar : Geeignet f\u00fcr viele Gelegenheiten, ideal f\u00fcr Veranstaltungen wie Hochzeiten, Geburtstage oder Gesch\u00e4ftstreffen.<\/li>\n<li><strong>Benutzerfreundlichkeit<\/strong>: Der <strong>Korb<\/strong> ist mit Griffen ausgestattet, die die Handhabung erleichtern.<\/li>\n<\/ul>\n<\/div>\n<\/div>\n<\/div>\n<\/div>\n<\/div>\n<\/div>\n<\/div>\n<\/div>\n<\/div>\n<\/div>\n<\/div>\n<\/div>\n<p>&nbsp;<\/p>\n<\/div>\n<\/div>\n<\/div>\n<\/div>\n<\/div>\n<\/div>\n<\/div>\n<\/div>\n<\/div>\n<\/div>\n<\/div>\n<p><!--more--><\/p>\n<h4>Weitere Informationen :<\/h4>\n<ul style=\"font-family: Roboto, sans-serif;\">\n<li><strong>Verpackung<\/strong>: Packung mit 25 St\u00fcck<\/li>\n<li><span style=\"font-weight: bold;\">Gr\u00f6\u00dfe<\/span>: 30 x 40 x 6 cm<\/li>\n<li><strong>Material<\/strong>: Karton<\/li>\n<\/ul>\n<p>&nbsp;<\/p>\n<p><!--more--><\/p>\n<p>Erh\u00e4ltlich auch in <span style=\"color: #d12727;\"><br \/>\n  <a style=\"color: #d12727;\" href=\"https:\/\/www.csj-emballages.com\/es\/produit\/25-cestas-micro-kraft-marron-32-x-22-x-6-cm\/\">32 x 22 x 6 cm<\/a><br \/>\n<\/span><\/p>\n<p>&nbsp;<\/p>\n<p style=\"text-align: left;\"><!--more--><\/p>\n<p><a href=\"\/?product_cat=panier-corbeille\">Sehen Sie sich den Rest unseres Sortiments an K\u00f6rben \/ K\u00f6rben an<\/a><\/p>\n","protected":false},"excerpt":{"rendered":"<p>Papierkorb aus Pappe Beschreibung von unserem Kraftkarton Korb 30 x 40 x 6 cm pro 25<\/p>\n","protected":false},"featured_media":144008,"template":"","meta":{"_acf_changed":false},"product_brand":[],"product_cat":[1137,1487,3970,3058],"product_tag":[],"class_list":{"0":"post-159522","1":"product","2":"type-product","3":"status-publish","4":"has-post-thumbnail","6":"product_cat-lebensmittelverpackungen","7":"product_cat-boutique-und-geschaft","8":"product_cat-zubehor-und-ausstattung-de","9":"product_cat-weidenkorb","10":"product_shipping_class-verboten-in-staffeln","12":"first","13":"instock","14":"taxable","15":"shipping-taxable","16":"purchasable","17":"product-type-simple"},"acf":[],"yoast_head":"<!-- This site is optimized with the Yoast SEO Premium plugin v26.6 (Yoast SEO v26.6) - https:\/\/yoast.com\/wordpress\/plugins\/seo\/ -->\n<title>Abfallbeh\u00e4lter aus Kraftkarton, rechteckig 30 x 40 x 6 cm<\/title>\n<meta name=\"description\" content=\"Entdecken Sie den rechteckigen Pappkorb 30 x 40 x 6 cm \u00e0 25 St\u00fcck: praktisch, umweltfreundlich und vielseitig einsetzbar. Ideal f\u00fcr Ihre Pr\u00e4sentationen.\" \/>\n<meta name=\"robots\" content=\"index, follow, max-snippet:-1, max-image-preview:large, max-video-preview:-1\" \/>\n<link rel=\"canonical\" href=\"https:\/\/www.csj-emballages.com\/de\/produit\/25-koerbe-mikrokraft-braun-30-x-40-x-6-cm\/\" \/>\n<meta property=\"og:locale\" content=\"de_DE\" \/>\n<meta property=\"og:type\" content=\"article\" \/>\n<meta property=\"og:title\" content=\"Abfallbeh\u00e4lter aus Kraftkarton, rechteckig 30 x 40 x 6 cm\" \/>\n<meta property=\"og:description\" content=\"Entdecken Sie den rechteckigen Pappkorb 30 x 40 x 6 cm \u00e0 25 St\u00fcck: praktisch, umweltfreundlich und vielseitig einsetzbar. Ideal f\u00fcr Ihre Pr\u00e4sentationen.\" \/>\n<meta property=\"og:url\" content=\"https:\/\/www.csj-emballages.com\/de\/produit\/25-koerbe-mikrokraft-braun-30-x-40-x-6-cm\/\" \/>\n<meta property=\"og:site_name\" content=\"CSJ Emballages\" \/>\n<meta property=\"article:publisher\" content=\"https:\/\/www.facebook.com\/csjemballages\" \/>\n<meta property=\"article:modified_time\" content=\"2026-04-03T00:14:50+00:00\" \/>\n<meta property=\"og:image\" content=\"https:\/\/www.csj-emballages.com\/wp-content\/uploads\/2024\/10\/e-amande-49-1.png\" \/>\n\t<meta property=\"og:image:width\" content=\"300\" \/>\n\t<meta property=\"og:image:height\" content=\"300\" \/>\n\t<meta property=\"og:image:type\" content=\"image\/png\" \/>\n<meta name=\"twitter:card\" content=\"summary_large_image\" \/>\n<meta name=\"twitter:title\" content=\"Abfallbeh\u00e4lter aus Kraftkarton, rechteckig 30 x 40 x 6 cm\" \/>\n<meta name=\"twitter:description\" content=\"Entdecken Sie den rechteckigen Pappkorb 30 x 40 x 6 cm \u00e0 25 St\u00fcck: praktisch, umweltfreundlich und vielseitig einsetzbar. Ideal f\u00fcr Ihre Pr\u00e4sentationen.\" \/>\n<meta name=\"twitter:label1\" content=\"Gesch\u00e4tzte Lesezeit\" \/>\n\t<meta name=\"twitter:data1\" content=\"3 Minuten\" \/>\n<script type=\"application\/ld+json\" class=\"yoast-schema-graph\">{\"@context\":\"https:\/\/schema.org\",\"@graph\":[{\"@type\":\"WebPage\",\"@id\":\"https:\/\/www.csj-emballages.com\/de\/produit\/25-koerbe-mikrokraft-braun-30-x-40-x-6-cm\/\",\"url\":\"https:\/\/www.csj-emballages.com\/de\/produit\/25-koerbe-mikrokraft-braun-30-x-40-x-6-cm\/\",\"name\":\"Abfallbeh\u00e4lter aus Kraftkarton, rechteckig 30 x 40 x 6 cm\",\"isPartOf\":{\"@id\":\"https:\/\/www.csj-emballages.com\/de\/#website\"},\"primaryImageOfPage\":{\"@id\":\"https:\/\/www.csj-emballages.com\/de\/produit\/25-koerbe-mikrokraft-braun-30-x-40-x-6-cm\/#primaryimage\"},\"image\":{\"@id\":\"https:\/\/www.csj-emballages.com\/de\/produit\/25-koerbe-mikrokraft-braun-30-x-40-x-6-cm\/#primaryimage\"},\"thumbnailUrl\":\"https:\/\/www.csj-emballages.com\/wp-content\/uploads\/2024\/10\/e-amande-49-1.png\",\"datePublished\":\"2024-10-09T00:18:15+00:00\",\"dateModified\":\"2026-04-03T00:14:50+00:00\",\"description\":\"Entdecken Sie den rechteckigen Pappkorb 30 x 40 x 6 cm \u00e0 25 St\u00fcck: praktisch, umweltfreundlich und vielseitig einsetzbar. Ideal f\u00fcr Ihre Pr\u00e4sentationen.\",\"breadcrumb\":{\"@id\":\"https:\/\/www.csj-emballages.com\/de\/produit\/25-koerbe-mikrokraft-braun-30-x-40-x-6-cm\/#breadcrumb\"},\"inLanguage\":\"de\",\"potentialAction\":[{\"@type\":\"ReadAction\",\"target\":[\"https:\/\/www.csj-emballages.com\/de\/produit\/25-koerbe-mikrokraft-braun-30-x-40-x-6-cm\/\"]}]},{\"@type\":\"ImageObject\",\"inLanguage\":\"de\",\"@id\":\"https:\/\/www.csj-emballages.com\/de\/produit\/25-koerbe-mikrokraft-braun-30-x-40-x-6-cm\/#primaryimage\",\"url\":\"https:\/\/www.csj-emballages.com\/wp-content\/uploads\/2024\/10\/e-amande-49-1.png\",\"contentUrl\":\"https:\/\/www.csj-emballages.com\/wp-content\/uploads\/2024\/10\/e-amande-49-1.png\",\"width\":300,\"height\":300,\"caption\":\"corbeille carton\"},{\"@type\":\"BreadcrumbList\",\"@id\":\"https:\/\/www.csj-emballages.com\/de\/produit\/25-koerbe-mikrokraft-braun-30-x-40-x-6-cm\/#breadcrumb\",\"itemListElement\":[{\"@type\":\"ListItem\",\"position\":1,\"name\":\"Accueil\",\"item\":\"https:\/\/www.csj-emballages.com\/de\/universum-lebensmittelverpackungen\/\"},{\"@type\":\"ListItem\",\"position\":2,\"name\":\"Shop\",\"item\":\"https:\/\/www.csj-emballages.com\/shop\/\"},{\"@type\":\"ListItem\",\"position\":3,\"name\":\"Abfallbeh\u00e4lter aus Kraftkarton 30 x 40 x 6 cm pro 25\"}]},{\"@type\":\"WebSite\",\"@id\":\"https:\/\/www.csj-emballages.com\/de\/#website\",\"url\":\"https:\/\/www.csj-emballages.com\/de\/\",\"name\":\"CSJ Emballages\",\"description\":\"\",\"publisher\":{\"@id\":\"https:\/\/www.csj-emballages.com\/de\/#organization\"},\"potentialAction\":[{\"@type\":\"SearchAction\",\"target\":{\"@type\":\"EntryPoint\",\"urlTemplate\":\"https:\/\/www.csj-emballages.com\/de\/?s={search_term_string}\"},\"query-input\":{\"@type\":\"PropertyValueSpecification\",\"valueRequired\":true,\"valueName\":\"search_term_string\"}}],\"inLanguage\":\"de\"},{\"@type\":\"Organization\",\"@id\":\"https:\/\/www.csj-emballages.com\/de\/#Organization\/\",\"name\":\"CSJ Emballages\",\"url\":\"https:\/\/www.csj-emballages.com\/de\/\",\"logo\":{\"@type\":\"ImageObject\",\"inLanguage\":\"de\",\"@id\":\"https:\/\/www.csj-emballages.com\/de\/#\/schema\/logo\/image\/\",\"url\":\"https:\/\/www.csj-emballages.com\/wp-content\/uploads\/2023\/10\/logo_csj.webp\",\"contentUrl\":\"https:\/\/www.csj-emballages.com\/wp-content\/uploads\/2023\/10\/logo_csj.webp\",\"width\":250,\"height\":95,\"caption\":\"CSJ Emballages\"},\"image\":{\"@id\":\"https:\/\/www.csj-emballages.com\/de\/#\/schema\/logo\/image\/\"},\"sameAs\":[\"https:\/\/www.facebook.com\/csjemballages\"],\"address\":{\"@type\":\"PostalAddress\",\"streetAddress\":\"ZI La Lechere\",\"addressLocality\":\"Patornay\",\"postalCode\":\"39130\",\"addressCountry\":\"FR\"},\"contactPoint\":[{\"@type\":\"ContactPoint\",\"contactType\":\"Service client\",\"telephone\":\"0384254272\",\"email\":\"contact@csj-emballages.com\"}]}]}<\/script>\n<!-- \/ Yoast SEO Premium plugin. -->","yoast_head_json":{"title":"Abfallbeh\u00e4lter aus Kraftkarton, rechteckig 30 x 40 x 6 cm","description":"Entdecken Sie den rechteckigen Pappkorb 30 x 40 x 6 cm \u00e0 25 St\u00fcck: praktisch, umweltfreundlich und vielseitig einsetzbar. Ideal f\u00fcr Ihre Pr\u00e4sentationen.","robots":{"index":"index","follow":"follow","max-snippet":"max-snippet:-1","max-image-preview":"max-image-preview:large","max-video-preview":"max-video-preview:-1"},"canonical":"https:\/\/www.csj-emballages.com\/de\/produit\/25-koerbe-mikrokraft-braun-30-x-40-x-6-cm\/","og_locale":"de_DE","og_type":"article","og_title":"Abfallbeh\u00e4lter aus Kraftkarton, rechteckig 30 x 40 x 6 cm","og_description":"Entdecken Sie den rechteckigen Pappkorb 30 x 40 x 6 cm \u00e0 25 St\u00fcck: praktisch, umweltfreundlich und vielseitig einsetzbar. Ideal f\u00fcr Ihre Pr\u00e4sentationen.","og_url":"https:\/\/www.csj-emballages.com\/de\/produit\/25-koerbe-mikrokraft-braun-30-x-40-x-6-cm\/","og_site_name":"CSJ Emballages","article_publisher":"https:\/\/www.facebook.com\/csjemballages","article_modified_time":"2026-04-03T00:14:50+00:00","og_image":[{"width":300,"height":300,"url":"https:\/\/www.csj-emballages.com\/wp-content\/uploads\/2024\/10\/e-amande-49-1.png","type":"image\/png"}],"twitter_card":"summary_large_image","twitter_title":"Abfallbeh\u00e4lter aus Kraftkarton, rechteckig 30 x 40 x 6 cm","twitter_description":"Entdecken Sie den rechteckigen Pappkorb 30 x 40 x 6 cm \u00e0 25 St\u00fcck: praktisch, umweltfreundlich und vielseitig einsetzbar. Ideal f\u00fcr Ihre Pr\u00e4sentationen.","twitter_misc":{"Gesch\u00e4tzte Lesezeit":"3 Minuten"},"schema":{"@context":"https:\/\/schema.org","@graph":[{"@type":"WebPage","@id":"https:\/\/www.csj-emballages.com\/de\/produit\/25-koerbe-mikrokraft-braun-30-x-40-x-6-cm\/","url":"https:\/\/www.csj-emballages.com\/de\/produit\/25-koerbe-mikrokraft-braun-30-x-40-x-6-cm\/","name":"Abfallbeh\u00e4lter aus Kraftkarton, rechteckig 30 x 40 x 6 cm","isPartOf":{"@id":"https:\/\/www.csj-emballages.com\/de\/#website"},"primaryImageOfPage":{"@id":"https:\/\/www.csj-emballages.com\/de\/produit\/25-koerbe-mikrokraft-braun-30-x-40-x-6-cm\/#primaryimage"},"image":{"@id":"https:\/\/www.csj-emballages.com\/de\/produit\/25-koerbe-mikrokraft-braun-30-x-40-x-6-cm\/#primaryimage"},"thumbnailUrl":"https:\/\/www.csj-emballages.com\/wp-content\/uploads\/2024\/10\/e-amande-49-1.png","datePublished":"2024-10-09T00:18:15+00:00","dateModified":"2026-04-03T00:14:50+00:00","description":"Entdecken Sie den rechteckigen Pappkorb 30 x 40 x 6 cm \u00e0 25 St\u00fcck: praktisch, umweltfreundlich und vielseitig einsetzbar. Ideal f\u00fcr Ihre Pr\u00e4sentationen.","breadcrumb":{"@id":"https:\/\/www.csj-emballages.com\/de\/produit\/25-koerbe-mikrokraft-braun-30-x-40-x-6-cm\/#breadcrumb"},"inLanguage":"de","potentialAction":[{"@type":"ReadAction","target":["https:\/\/www.csj-emballages.com\/de\/produit\/25-koerbe-mikrokraft-braun-30-x-40-x-6-cm\/"]}]},{"@type":"ImageObject","inLanguage":"de","@id":"https:\/\/www.csj-emballages.com\/de\/produit\/25-koerbe-mikrokraft-braun-30-x-40-x-6-cm\/#primaryimage","url":"https:\/\/www.csj-emballages.com\/wp-content\/uploads\/2024\/10\/e-amande-49-1.png","contentUrl":"https:\/\/www.csj-emballages.com\/wp-content\/uploads\/2024\/10\/e-amande-49-1.png","width":300,"height":300,"caption":"corbeille carton"},{"@type":"BreadcrumbList","@id":"https:\/\/www.csj-emballages.com\/de\/produit\/25-koerbe-mikrokraft-braun-30-x-40-x-6-cm\/#breadcrumb","itemListElement":[{"@type":"ListItem","position":1,"name":"Accueil","item":"https:\/\/www.csj-emballages.com\/de\/universum-lebensmittelverpackungen\/"},{"@type":"ListItem","position":2,"name":"Shop","item":"https:\/\/www.csj-emballages.com\/shop\/"},{"@type":"ListItem","position":3,"name":"Abfallbeh\u00e4lter aus Kraftkarton 30 x 40 x 6 cm pro 25"}]},{"@type":"WebSite","@id":"https:\/\/www.csj-emballages.com\/de\/#website","url":"https:\/\/www.csj-emballages.com\/de\/","name":"CSJ Emballages","description":"","publisher":{"@id":"https:\/\/www.csj-emballages.com\/de\/#organization"},"potentialAction":[{"@type":"SearchAction","target":{"@type":"EntryPoint","urlTemplate":"https:\/\/www.csj-emballages.com\/de\/?s={search_term_string}"},"query-input":{"@type":"PropertyValueSpecification","valueRequired":true,"valueName":"search_term_string"}}],"inLanguage":"de"},{"@type":"Organization","@id":"https:\/\/www.csj-emballages.com\/de\/#Organization\/","name":"CSJ Emballages","url":"https:\/\/www.csj-emballages.com\/de\/","logo":{"@type":"ImageObject","inLanguage":"de","@id":"https:\/\/www.csj-emballages.com\/de\/#\/schema\/logo\/image\/","url":"https:\/\/www.csj-emballages.com\/wp-content\/uploads\/2023\/10\/logo_csj.webp","contentUrl":"https:\/\/www.csj-emballages.com\/wp-content\/uploads\/2023\/10\/logo_csj.webp","width":250,"height":95,"caption":"CSJ Emballages"},"image":{"@id":"https:\/\/www.csj-emballages.com\/de\/#\/schema\/logo\/image\/"},"sameAs":["https:\/\/www.facebook.com\/csjemballages"],"address":{"@type":"PostalAddress","streetAddress":"ZI La Lechere","addressLocality":"Patornay","postalCode":"39130","addressCountry":"FR"},"contactPoint":[{"@type":"ContactPoint","contactType":"Service client","telephone":"0384254272","email":"contact@csj-emballages.com"}]}]}},"df_price":20.38,"df_sale_price":"","df_regular_price":20.38,"df_image_link":"https:\/\/www.csj-emballages.com\/wp-content\/uploads\/2024\/10\/e-amande-49-1.png","tiered_pricing_type":"fixed","tiered_pricing_fixed_rules":[],"tiered_pricing_percentage_rules":[],"tiered_pricing_minimum":1,"tiered_pricing_roles_data":[],"_links":{"self":[{"href":"https:\/\/www.csj-emballages.com\/de\/wp-json\/wp\/v2\/product\/159522","targetHints":{"allow":["GET"]}}],"collection":[{"href":"https:\/\/www.csj-emballages.com\/de\/wp-json\/wp\/v2\/product"}],"about":[{"href":"https:\/\/www.csj-emballages.com\/de\/wp-json\/wp\/v2\/types\/product"}],"wp:featuredmedia":[{"embeddable":true,"href":"https:\/\/www.csj-emballages.com\/de\/wp-json\/wp\/v2\/media\/144008"}],"wp:attachment":[{"href":"https:\/\/www.csj-emballages.com\/de\/wp-json\/wp\/v2\/media?parent=159522"}],"wp:term":[{"taxonomy":"product_brand","embeddable":true,"href":"https:\/\/www.csj-emballages.com\/de\/wp-json\/wp\/v2\/product_brand?post=159522"},{"taxonomy":"product_cat","embeddable":true,"href":"https:\/\/www.csj-emballages.com\/de\/wp-json\/wp\/v2\/product_cat?post=159522"},{"taxonomy":"product_tag","embeddable":true,"href":"https:\/\/www.csj-emballages.com\/de\/wp-json\/wp\/v2\/product_tag?post=159522"}],"curies":[{"name":"wp","href":"https:\/\/api.w.org\/{rel}","templated":true}]}}