{"id":159516,"date":"2024-10-05T02:18:16","date_gmt":"2024-10-05T00:18:16","guid":{"rendered":"https:\/\/www.csj-emballages.com\/produit\/plastikdeckel-fuer-rechteckige-schalen-aus-pp-pro-50-stueck\/"},"modified":"2026-05-11T16:00:33","modified_gmt":"2026-05-11T14:00:33","slug":"plastikdeckel-fuer-rechteckige-schalen-aus-pp-pro-50-stueck","status":"publish","type":"product","link":"https:\/\/www.csj-emballages.com\/de\/produit\/plastikdeckel-fuer-rechteckige-schalen-aus-pp-pro-50-stueck\/","title":{"rendered":"Plastikdeckel f\u00fcr rechteckige Schalen aus PP pro 50 St\u00fcck"},"content":{"rendered":"<div style=\"box-sizing: inherit; font-family: Roboto, sans-serif;\">\n<div style=\"box-sizing: inherit; font-family: Roboto, sans-serif;\">\n<div style=\"box-sizing: inherit; font-family: Roboto, sans-serif;\">\n<div style=\"box-sizing: inherit; font-family: Roboto, sans-serif;\">\n<div style=\"box-sizing: inherit; font-family: Roboto, sans-serif;\">\n<div style=\"box-sizing: inherit; font-family: Roboto, sans-serif;\">\n<div style=\"box-sizing: inherit; font-family: Roboto, sans-serif;\">\n<div style=\"box-sizing: inherit; font-family: Roboto, sans-serif;\">\n<div style=\"box-sizing: inherit; font-family: Roboto, sans-serif;\">\n<div style=\"box-sizing: inherit; font-family: Roboto, sans-serif;\">\n<div style=\"box-sizing: inherit; font-family: Roboto, sans-serif;\">\n<div style=\"box-sizing: inherit; font-family: Roboto, sans-serif;\">\n<div style=\"box-sizing: inherit; font-family: Roboto, sans-serif;\">\n<div class=\"flex flex-grow flex-col max-w-full\">\n<div class=\"min-h-[20px] text-message flex flex-col items-start whitespace-pre-wrap break-words [.text-message+&amp;]:mt-5 juice:w-full juice:items-end overflow-x-auto gap-2\" dir=\"auto\" data-message-author-role=\"assistant\" data-message-id=\"2034782e-88f9-44ef-b4dc-07dd7bf0115f\">\n<div class=\"flex w-full flex-col gap-1 juice:empty:hidden juice:first:pt-[3px]\">\n<div class=\"markdown prose w-full break-words dark:prose-invert light\">\n<div style=\"box-sizing: inherit; font-family: Roboto, sans-serif;\">\n<div style=\"box-sizing: inherit; font-family: Roboto, sans-serif;\">\n<div style=\"box-sizing: inherit; font-family: Roboto, sans-serif;\">\n<div style=\"box-sizing: inherit; font-family: Roboto, sans-serif;\">\n<div style=\"box-sizing: inherit; font-family: Roboto, sans-serif;\">\n<div style=\"box-sizing: inherit; font-family: Roboto, sans-serif;\">\n<h2>Plastikdeckel<\/h2>\n<div style=\"box-sizing: inherit; font-family: Roboto, sans-serif;\">\n<div style=\"box-sizing: inherit; font-family: Roboto, sans-serif;\">\n<div style=\"box-sizing: inherit; font-family: Roboto, sans-serif;\">\n<div style=\"text-align: center;\">\n<div style=\"box-sizing: inherit; font-family: Roboto, sans-serif;\">\n<div style=\"box-sizing: inherit; font-family: Roboto, sans-serif;\">\n<div style=\"box-sizing: inherit; font-family: Roboto, sans-serif;\">\n<div style=\"box-sizing: inherit; font-family: Roboto, sans-serif;\">\n<div style=\"box-sizing: inherit; font-family: Roboto, sans-serif;\">\n<div style=\"box-sizing: inherit; font-family: Roboto, sans-serif; text-align: left;\">\n<hr>\n<h3 style=\"text-align: left;\">Beschreibung von Plastikdeckel f\u00fcr Lebensmittelschalen  <!--more--><\/h3>\n<\/div>\n<\/div>\n<\/div>\n<\/div>\n<\/div>\n<\/div>\n<\/div>\n<\/div>\n<\/div>\n<\/div>\n<\/div>\n<\/div>\n<\/div>\n<\/div>\n<\/div>\n<\/div>\n<\/div>\n<\/div>\n<\/div>\n<\/div>\n<\/div>\n<\/div>\n<\/div>\n<\/div>\n<\/div>\n<\/div>\n<\/div>\n<\/div>\n<\/div>\n<\/div>\n<\/div>\n<\/div>\n<\/div>\n<div class=\"flex max-w-full flex-col flex-grow\">\n<div class=\"min-h-8 text-message flex w-full flex-col items-end gap-2 whitespace-normal break-words [.text-message+&amp;]:mt-5\" dir=\"auto\" data-message-author-role=\"assistant\" data-message-id=\"290aa723-0852-4224-b964-694d71f8ed99\" data-message-model-slug=\"gpt-4o\">\n<div class=\"flex w-full flex-col gap-1 empty:hidden first:pt-[3px]\">\n<div class=\"markdown prose w-full break-words dark:prose-invert light\">\n<p>Der <strong>Plastikdeckel<\/strong> f\u00fcr <strong>Lebensmittelschalen<\/strong> ist ein unverzichtbares Zubeh\u00f6r f\u00fcr die sichere Verpackung von Lebensmitteln. Er wurde so konzipiert, dass er perfekt auf rechteckige <strong>Schalen<\/strong> passt. <span style=\"color: #d12727;\"><a style=\"color: #d12727;\" href=\"https:\/\/www.csj-emballages.com\/produit\/50-barquette-alimentaire-carton-rectangulaire-kraft-500-ml\/\">BA500KGE<\/a><\/span>, <span style=\"color: #d12727;\"><a style=\"color: #d12727;\" href=\"https:\/\/www.csj-emballages.com\/produit\/50-barquette-alimentaire-carton-rectangulaire-kraft-750-ml\/\">BA750KGE<\/a><\/span> und <span style=\"color: #d12727;\"><a style=\"color: #d12727;\" href=\"https:\/\/www.csj-emballages.com\/es\/produit\/bandejas-rectangulares-de-carton-para-alimentos-1000-ml-paquete-de-50\/\">BA1000KGE<\/a><\/span>Dieser <strong>Kunststoffdeckel<\/strong> wird in Packungen zu <strong>50<\/strong> St\u00fcck angeboten. Der Deckel ist ideal f\u00fcr Caterer, Gastronomen und Industriebetriebe, die eine praktische und zuverl\u00e4ssige Verpackung f\u00fcr ihre Lebensmittel suchen. Der <strong>Plastikdeckel<\/strong> bietet einen luftdichten Schutz und h\u00e4lt die Lebensmittel l\u00e4nger frisch.   <\/p>\n<p>Sie sind leicht und robust, lassen sich leicht \u00fcber die <strong>Lebensmittelschalen<\/strong> legen und sorgen f\u00fcr einen perfekten Halt. Dank des stabilen Materials bleiben die Lebensmittel gut vor St\u00f6\u00dfen und m\u00f6glichen Ausl\u00e4ufern gesch\u00fctzt. Sie sind ideal f\u00fcr den Transport von Lebensmitteln, ohne Angst vor Versch\u00fcttungen haben zu m\u00fcssen. Dar\u00fcber hinaus erm\u00f6glicht ihre Transparenz eine vollst\u00e4ndige Sichtbarkeit des Inhalts, was die Identifizierung der Lebensmittel erleichtert.   <\/p>\n<p>&nbsp;<\/p>\n<\/div>\n<\/div>\n<\/div>\n<\/div>\n<p><!--more--><\/p>\n<h4>Warum sollten Sie unseren Plastikdeckel verwenden?<\/h4>\n<p>In Bezug auf die Lebensmittelsicherheit ist <strong>Polypropylen<\/strong> (PP) ein Material, das f\u00fcr den unbedenklichen Kontakt mit Lebensmitteln zugelassen ist. Es ist daher vollkommen sicher, um verschiedene Arten von Lebensmitteln zu verpacken, egal ob hei\u00df oder kalt. Au\u00dferdem ist es best\u00e4ndig gegen hohe Temperaturen, was es zu einer ausgezeichneten Wahl f\u00fcr Gerichte macht, die wieder aufgew\u00e4rmt werden m\u00fcssen.  <\/p>\n<p>Die Verwendung dieses <strong>Plastikdeckels<\/strong> ist einfach und schnell. Dank seines angepassten Formats muss er nur auf die <strong>Lebensmittelschale<\/strong> gedr\u00fcckt werden, um sie zu versiegeln. Dieser Verschluss ist luftdicht, l\u00e4sst sich aber dank der kleinen Lasche leicht \u00f6ffnen. Dieser <strong>Plastikdeckel<\/strong> eignet sich daher hervorragend f\u00fcr Fertiggerichte und Mahlzeiten zum Mitnehmen.   <\/p>\n<p>Diese <strong>Lebensmittelschalen<\/strong> mit ihren <strong>Kunststoffdeckeln<\/strong> passen sich den Bed\u00fcrfnissen von Profis an, die praktische und hygienische Transportl\u00f6sungen anbieten m\u00f6chten. Sie eignen sich sowohl f\u00fcr kalte als auch f\u00fcr warme Speisen, da sie aus PP gefertigt sind, das verschiedenen Temperaturen standh\u00e4lt. Mit einer Verpackung in Packungen zu <strong>50<\/strong> St\u00fcck sind sie f\u00fcr Profis kosteng\u00fcnstig.  <\/p>\n<div style=\"box-sizing: inherit; font-family: Roboto, sans-serif;\">\n<div style=\"box-sizing: inherit; font-family: Roboto, sans-serif;\">\n<div style=\"box-sizing: inherit; font-family: Roboto, sans-serif;\">\n<div style=\"box-sizing: inherit; font-family: Roboto, sans-serif;\">\n<div style=\"box-sizing: inherit; font-family: Roboto, sans-serif;\">\n<div style=\"box-sizing: inherit; font-family: Roboto, sans-serif;\">\n<div style=\"box-sizing: inherit; font-family: Roboto, sans-serif;\">\n<div style=\"box-sizing: inherit; font-family: Roboto, sans-serif;\">\n<div style=\"box-sizing: inherit; font-family: Roboto, sans-serif;\">\n<div style=\"box-sizing: inherit; font-family: Roboto, sans-serif;\">\n<div style=\"box-sizing: inherit; font-family: Roboto, sans-serif;\">\n<div style=\"box-sizing: inherit; font-family: Roboto, sans-serif;\">\n<div style=\"box-sizing: inherit; font-family: Roboto, sans-serif;\">\n<div class=\"flex flex-grow flex-col max-w-full\">\n<div class=\"min-h-[20px] text-message flex flex-col items-start whitespace-pre-wrap break-words [.text-message+&amp;]:mt-5 juice:w-full juice:items-end overflow-x-auto gap-2\" dir=\"auto\" data-message-author-role=\"assistant\" data-message-id=\"2034782e-88f9-44ef-b4dc-07dd7bf0115f\">\n<div class=\"flex w-full flex-col gap-1 juice:empty:hidden juice:first:pt-[3px]\">\n<div class=\"markdown prose w-full break-words dark:prose-invert light\">\n<div style=\"box-sizing: inherit; font-family: Roboto, sans-serif;\">\n<div style=\"box-sizing: inherit; font-family: Roboto, sans-serif;\">\n<div style=\"box-sizing: inherit; font-family: Roboto, sans-serif;\">\n<div style=\"box-sizing: inherit; font-family: Roboto, sans-serif;\">\n<div style=\"box-sizing: inherit; font-family: Roboto, sans-serif;\">\n<div style=\"box-sizing: inherit; font-family: Roboto, sans-serif;\">\n<div class=\"flex max-w-full flex-col flex-grow\">\n<div class=\"min-h-8 text-message flex w-full flex-col items-end gap-2 whitespace-normal break-words [.text-message+&amp;]:mt-5\" dir=\"auto\" data-message-author-role=\"assistant\" data-message-id=\"290aa723-0852-4224-b964-694d71f8ed99\" data-message-model-slug=\"gpt-4o\">\n<div class=\"flex w-full flex-col gap-1 empty:hidden first:pt-[3px]\">\n<div class=\"markdown prose w-full break-words dark:prose-invert light\">\n<p>&nbsp;<\/p>\n<\/div>\n<\/div>\n<\/div>\n<\/div>\n<p><!--more--><\/p>\n<h4 style=\"text-align: left;\"><strong>Die Vorteile unseres Plastikdeckels f\u00fcr rechteckige Lebensmittelschalen aus Karton :<\/strong><\/h4>\n<\/div>\n<\/div>\n<\/div>\n<\/div>\n<\/div>\n<\/div>\n<\/div>\n<\/div>\n<\/div>\n<\/div>\n<\/div>\n<\/div>\n<\/div>\n<\/div>\n<\/div>\n<\/div>\n<\/div>\n<\/div>\n<\/div>\n<\/div>\n<\/div>\n<\/div>\n<\/div>\n<ul>\n<li><strong>Schutz und Sicherheit<\/strong>: Indem sie die <strong>Lebensmittelschalen<\/strong> hermetisch verschlie\u00dfen, bieten diese <strong>Kunststoffdeckel<\/strong> einen wirksamen Schutz gegen Auslaufen.<\/li>\n<li><strong>Benutzerfreundlich<\/strong>: Die <strong>Schalen<\/strong> sind so konzipiert, dass sie perfekt auf die <strong>Schalen<\/strong> passen. Sie lassen sich mit einem einfachen Handgriff befestigen und bieten einen schnellen und sicheren Verschluss.<\/li>\n<li><strong>Sichtbarkeit des Inhalts<\/strong>: Durch ihre Transparenz erm\u00f6glichen sie einen direkten Blick auf den Inhalt der <strong>Lebensmittelschale<\/strong>.<\/li>\n<li><strong>Temperaturbest\u00e4ndigkeit<\/strong>: Hergestellt aus Polypropylen (PP), k\u00f6nnen diese <strong>Deckel<\/strong> Temperaturschwankungen standhalten, so dass die Lebensmittel sicher erhitzt oder gek\u00fchlt werden k\u00f6nnen.<\/li>\n<\/ul>\n<p>&nbsp;<\/p>\n<p><!--more--><\/p>\n<h4>Weitere Informationen :<\/h4>\n<ul style=\"box-sizing: inherit; font-family: Roboto, sans-serif;\">\n<li><strong>Verpackung<\/strong>: Packung mit 50 St\u00fcck<\/li>\n<li><span style=\"font-weight: bold;\">Gr\u00f6\u00dfe<\/span>: 17 x 12 x 1 (L x B x H in cm)<\/li>\n<li><strong>Material<\/strong>: Kunststoff PP<\/li>\n<li><b>Betriebstemperatur:<\/b>&#8211; 40\u00baC \/ + 130\u00baC<\/li>\n<li><strong>Lebensmittelkontakt<\/strong>: Apte<\/li>\n<\/ul>\n<p><strong><span style=\"color: #ff0000;\">Schale separat erh\u00e4ltlich*.<\/span><\/strong><\/p>\n<p>&nbsp;<\/p>\n<p style=\"text-align: left;\"><!--more--><\/p>\n<p>Link zu den Schalen : <span style=\"color: #d12727;\"><a style=\"color: #d12727;\" href=\"https:\/\/www.csj-emballages.com\/produit\/50-barquette-alimentaire-carton-rectangulaire-kraft-500-ml\/\">BA500KGE<\/a><\/span> \/ <span style=\"color: #d12727;\"><a style=\"color: #d12727;\" href=\"https:\/\/www.csj-emballages.com\/produit\/50-barquette-alimentaire-carton-rectangulaire-kraft-750-ml\/\">BA750KGE<\/a><\/span> \/ <span style=\"color: #d12727;\"><a style=\"color: #d12727;\" href=\"https:\/\/www.csj-emballages.com\/es\/produit\/bandejas-rectangulares-de-carton-para-alimentos-1000-ml-paquete-de-50\/\">BA1000KGE<\/a><\/span><\/p>\n<p>&nbsp;<\/p>\n<p style=\"text-align: left;\"><!--more--><\/p>\n<p><a href=\"https:\/\/www.csj-emballages.com\/de\/categorie-produit\/lebensmittelverpackungen\/restauration-de\/topfe-schalen-becherhalter\/schalen-aus-karton\/\">Sehen Sie sich den Rest unseres Sortiments an Kartonschalen an<\/a><\/p>\n","protected":false},"excerpt":{"rendered":"<p>Plastikdeckel Beschreibung von Plastikdeckel f\u00fcr Lebensmittelschalen<\/p>\n","protected":false},"featured_media":213875,"template":"","meta":{"_acf_changed":false},"product_brand":[],"product_cat":[11672,1137,1170,2277,1513,8101],"product_tag":[],"class_list":{"0":"post-159516","1":"product","2":"type-product","3":"status-publish","4":"has-post-thumbnail","6":"product_cat-schalen-aus-karton","7":"product_cat-lebensmittelverpackungen","8":"product_cat-metzgerei-und-feinkostgeschaft","9":"product_cat-schalen-dosen-und-glaser","10":"product_cat-schalen-dosen-glaser-fur-lebensmittel","13":"first","14":"instock","15":"taxable","16":"shipping-taxable","17":"purchasable","18":"product-type-simple"},"acf":[],"yoast_head":"<!-- This site is optimized with the Yoast SEO Premium plugin v26.6 (Yoast SEO v26.6) - https:\/\/yoast.com\/wordpress\/plugins\/seo\/ -->\n<title>Plastikdeckel f\u00fcr rechteckige Schalen<\/title>\n<meta name=\"description\" content=\"Kunststoffdeckel f\u00fcr Lebensmittelbeh\u00e4lter: perfekt f\u00fcr eine luftdichte, sichere und transparente Verpackung. Ideal f\u00fcr warme und kalte Speisen.\" \/>\n<meta name=\"robots\" content=\"index, follow, max-snippet:-1, max-image-preview:large, max-video-preview:-1\" \/>\n<link rel=\"canonical\" href=\"https:\/\/www.csj-emballages.com\/de\/produit\/plastikdeckel-fuer-rechteckige-schalen-aus-pp-pro-50-stueck\/\" \/>\n<meta property=\"og:locale\" content=\"de_DE\" \/>\n<meta property=\"og:type\" content=\"article\" \/>\n<meta property=\"og:title\" content=\"Kunststoffdeckel f\u00fcr rechteckige Schalen\" \/>\n<meta property=\"og:description\" content=\"Kunststoffdeckel f\u00fcr Lebensmittelbeh\u00e4lter: perfekt f\u00fcr eine luftdichte, sichere und transparente Verpackung. Ideal f\u00fcr warme und kalte Speisen.\" \/>\n<meta property=\"og:url\" content=\"https:\/\/www.csj-emballages.com\/de\/produit\/plastikdeckel-fuer-rechteckige-schalen-aus-pp-pro-50-stueck\/\" \/>\n<meta property=\"og:site_name\" content=\"CSJ Emballages\" \/>\n<meta property=\"article:publisher\" content=\"https:\/\/www.facebook.com\/csjemballages\" \/>\n<meta property=\"article:modified_time\" content=\"2026-05-11T14:00:33+00:00\" \/>\n<meta property=\"og:image\" content=\"https:\/\/www.csj-emballages.com\/wp-content\/uploads\/2024\/10\/COUVBAKGE.webp\" \/>\n\t<meta property=\"og:image:width\" content=\"800\" \/>\n\t<meta property=\"og:image:height\" content=\"800\" \/>\n\t<meta property=\"og:image:type\" content=\"image\/webp\" \/>\n<meta name=\"twitter:card\" content=\"summary_large_image\" \/>\n<meta name=\"twitter:title\" content=\"Plastikdeckel f\u00fcr rechteckige Schalen aus PP pro 50 St\u00fcck\" \/>\n<meta name=\"twitter:label1\" content=\"Gesch\u00e4tzte Lesezeit\" \/>\n\t<meta name=\"twitter:data1\" content=\"2 Minuten\" \/>\n<script type=\"application\/ld+json\" class=\"yoast-schema-graph\">{\"@context\":\"https:\/\/schema.org\",\"@graph\":[{\"@type\":\"WebPage\",\"@id\":\"https:\/\/www.csj-emballages.com\/de\/produit\/plastikdeckel-fuer-rechteckige-schalen-aus-pp-pro-50-stueck\/\",\"url\":\"https:\/\/www.csj-emballages.com\/de\/produit\/plastikdeckel-fuer-rechteckige-schalen-aus-pp-pro-50-stueck\/\",\"name\":\"Plastikdeckel f\u00fcr rechteckige Schalen\",\"isPartOf\":{\"@id\":\"https:\/\/www.csj-emballages.com\/de\/#website\"},\"primaryImageOfPage\":{\"@id\":\"https:\/\/www.csj-emballages.com\/de\/produit\/plastikdeckel-fuer-rechteckige-schalen-aus-pp-pro-50-stueck\/#primaryimage\"},\"image\":{\"@id\":\"https:\/\/www.csj-emballages.com\/de\/produit\/plastikdeckel-fuer-rechteckige-schalen-aus-pp-pro-50-stueck\/#primaryimage\"},\"thumbnailUrl\":\"https:\/\/www.csj-emballages.com\/wp-content\/uploads\/2024\/10\/COUVBAKGE.webp\",\"datePublished\":\"2024-10-05T00:18:16+00:00\",\"dateModified\":\"2026-05-11T14:00:33+00:00\",\"description\":\"Kunststoffdeckel f\u00fcr Lebensmittelbeh\u00e4lter: perfekt f\u00fcr eine luftdichte, sichere und transparente Verpackung. Ideal f\u00fcr warme und kalte Speisen.\",\"breadcrumb\":{\"@id\":\"https:\/\/www.csj-emballages.com\/de\/produit\/plastikdeckel-fuer-rechteckige-schalen-aus-pp-pro-50-stueck\/#breadcrumb\"},\"inLanguage\":\"de\",\"potentialAction\":[{\"@type\":\"ReadAction\",\"target\":[\"https:\/\/www.csj-emballages.com\/de\/produit\/plastikdeckel-fuer-rechteckige-schalen-aus-pp-pro-50-stueck\/\"]}]},{\"@type\":\"ImageObject\",\"inLanguage\":\"de\",\"@id\":\"https:\/\/www.csj-emballages.com\/de\/produit\/plastikdeckel-fuer-rechteckige-schalen-aus-pp-pro-50-stueck\/#primaryimage\",\"url\":\"https:\/\/www.csj-emballages.com\/wp-content\/uploads\/2024\/10\/COUVBAKGE.webp\",\"contentUrl\":\"https:\/\/www.csj-emballages.com\/wp-content\/uploads\/2024\/10\/COUVBAKGE.webp\",\"width\":800,\"height\":800,\"caption\":\"couvercle plastique\"},{\"@type\":\"BreadcrumbList\",\"@id\":\"https:\/\/www.csj-emballages.com\/de\/produit\/plastikdeckel-fuer-rechteckige-schalen-aus-pp-pro-50-stueck\/#breadcrumb\",\"itemListElement\":[{\"@type\":\"ListItem\",\"position\":1,\"name\":\"Accueil\",\"item\":\"https:\/\/www.csj-emballages.com\/de\/universum-lebensmittelverpackungen\/\"},{\"@type\":\"ListItem\",\"position\":2,\"name\":\"Shop\",\"item\":\"https:\/\/www.csj-emballages.com\/shop\/\"},{\"@type\":\"ListItem\",\"position\":3,\"name\":\"Plastikdeckel f\u00fcr rechteckige Schalen aus PP pro 50 St\u00fcck\"}]},{\"@type\":\"WebSite\",\"@id\":\"https:\/\/www.csj-emballages.com\/de\/#website\",\"url\":\"https:\/\/www.csj-emballages.com\/de\/\",\"name\":\"CSJ Emballages\",\"description\":\"\",\"publisher\":{\"@id\":\"https:\/\/www.csj-emballages.com\/de\/#organization\"},\"potentialAction\":[{\"@type\":\"SearchAction\",\"target\":{\"@type\":\"EntryPoint\",\"urlTemplate\":\"https:\/\/www.csj-emballages.com\/de\/?s={search_term_string}\"},\"query-input\":{\"@type\":\"PropertyValueSpecification\",\"valueRequired\":true,\"valueName\":\"search_term_string\"}}],\"inLanguage\":\"de\"},{\"@type\":\"Organization\",\"@id\":\"https:\/\/www.csj-emballages.com\/de\/#Organization\/\",\"name\":\"CSJ Emballages\",\"url\":\"https:\/\/www.csj-emballages.com\/de\/\",\"logo\":{\"@type\":\"ImageObject\",\"inLanguage\":\"de\",\"@id\":\"https:\/\/www.csj-emballages.com\/de\/#\/schema\/logo\/image\/\",\"url\":\"https:\/\/www.csj-emballages.com\/wp-content\/uploads\/2023\/10\/logo_csj.webp\",\"contentUrl\":\"https:\/\/www.csj-emballages.com\/wp-content\/uploads\/2023\/10\/logo_csj.webp\",\"width\":250,\"height\":95,\"caption\":\"CSJ Emballages\"},\"image\":{\"@id\":\"https:\/\/www.csj-emballages.com\/de\/#\/schema\/logo\/image\/\"},\"sameAs\":[\"https:\/\/www.facebook.com\/csjemballages\"],\"address\":{\"@type\":\"PostalAddress\",\"streetAddress\":\"ZI La Lechere\",\"addressLocality\":\"Patornay\",\"postalCode\":\"39130\",\"addressCountry\":\"FR\"},\"contactPoint\":[{\"@type\":\"ContactPoint\",\"contactType\":\"Service client\",\"telephone\":\"0384254272\",\"email\":\"contact@csj-emballages.com\"}]}]}<\/script>\n<!-- \/ Yoast SEO Premium plugin. -->","yoast_head_json":{"title":"Plastikdeckel f\u00fcr rechteckige Schalen","description":"Kunststoffdeckel f\u00fcr Lebensmittelbeh\u00e4lter: perfekt f\u00fcr eine luftdichte, sichere und transparente Verpackung. Ideal f\u00fcr warme und kalte Speisen.","robots":{"index":"index","follow":"follow","max-snippet":"max-snippet:-1","max-image-preview":"max-image-preview:large","max-video-preview":"max-video-preview:-1"},"canonical":"https:\/\/www.csj-emballages.com\/de\/produit\/plastikdeckel-fuer-rechteckige-schalen-aus-pp-pro-50-stueck\/","og_locale":"de_DE","og_type":"article","og_title":"Kunststoffdeckel f\u00fcr rechteckige Schalen","og_description":"Kunststoffdeckel f\u00fcr Lebensmittelbeh\u00e4lter: perfekt f\u00fcr eine luftdichte, sichere und transparente Verpackung. Ideal f\u00fcr warme und kalte Speisen.","og_url":"https:\/\/www.csj-emballages.com\/de\/produit\/plastikdeckel-fuer-rechteckige-schalen-aus-pp-pro-50-stueck\/","og_site_name":"CSJ Emballages","article_publisher":"https:\/\/www.facebook.com\/csjemballages","article_modified_time":"2026-05-11T14:00:33+00:00","og_image":[{"width":800,"height":800,"url":"https:\/\/www.csj-emballages.com\/wp-content\/uploads\/2024\/10\/COUVBAKGE.webp","type":"image\/webp"}],"twitter_card":"summary_large_image","twitter_title":"Plastikdeckel f\u00fcr rechteckige Schalen aus PP pro 50 St\u00fcck","twitter_misc":{"Gesch\u00e4tzte Lesezeit":"2 Minuten"},"schema":{"@context":"https:\/\/schema.org","@graph":[{"@type":"WebPage","@id":"https:\/\/www.csj-emballages.com\/de\/produit\/plastikdeckel-fuer-rechteckige-schalen-aus-pp-pro-50-stueck\/","url":"https:\/\/www.csj-emballages.com\/de\/produit\/plastikdeckel-fuer-rechteckige-schalen-aus-pp-pro-50-stueck\/","name":"Plastikdeckel f\u00fcr rechteckige Schalen","isPartOf":{"@id":"https:\/\/www.csj-emballages.com\/de\/#website"},"primaryImageOfPage":{"@id":"https:\/\/www.csj-emballages.com\/de\/produit\/plastikdeckel-fuer-rechteckige-schalen-aus-pp-pro-50-stueck\/#primaryimage"},"image":{"@id":"https:\/\/www.csj-emballages.com\/de\/produit\/plastikdeckel-fuer-rechteckige-schalen-aus-pp-pro-50-stueck\/#primaryimage"},"thumbnailUrl":"https:\/\/www.csj-emballages.com\/wp-content\/uploads\/2024\/10\/COUVBAKGE.webp","datePublished":"2024-10-05T00:18:16+00:00","dateModified":"2026-05-11T14:00:33+00:00","description":"Kunststoffdeckel f\u00fcr Lebensmittelbeh\u00e4lter: perfekt f\u00fcr eine luftdichte, sichere und transparente Verpackung. Ideal f\u00fcr warme und kalte Speisen.","breadcrumb":{"@id":"https:\/\/www.csj-emballages.com\/de\/produit\/plastikdeckel-fuer-rechteckige-schalen-aus-pp-pro-50-stueck\/#breadcrumb"},"inLanguage":"de","potentialAction":[{"@type":"ReadAction","target":["https:\/\/www.csj-emballages.com\/de\/produit\/plastikdeckel-fuer-rechteckige-schalen-aus-pp-pro-50-stueck\/"]}]},{"@type":"ImageObject","inLanguage":"de","@id":"https:\/\/www.csj-emballages.com\/de\/produit\/plastikdeckel-fuer-rechteckige-schalen-aus-pp-pro-50-stueck\/#primaryimage","url":"https:\/\/www.csj-emballages.com\/wp-content\/uploads\/2024\/10\/COUVBAKGE.webp","contentUrl":"https:\/\/www.csj-emballages.com\/wp-content\/uploads\/2024\/10\/COUVBAKGE.webp","width":800,"height":800,"caption":"couvercle plastique"},{"@type":"BreadcrumbList","@id":"https:\/\/www.csj-emballages.com\/de\/produit\/plastikdeckel-fuer-rechteckige-schalen-aus-pp-pro-50-stueck\/#breadcrumb","itemListElement":[{"@type":"ListItem","position":1,"name":"Accueil","item":"https:\/\/www.csj-emballages.com\/de\/universum-lebensmittelverpackungen\/"},{"@type":"ListItem","position":2,"name":"Shop","item":"https:\/\/www.csj-emballages.com\/shop\/"},{"@type":"ListItem","position":3,"name":"Plastikdeckel f\u00fcr rechteckige Schalen aus PP pro 50 St\u00fcck"}]},{"@type":"WebSite","@id":"https:\/\/www.csj-emballages.com\/de\/#website","url":"https:\/\/www.csj-emballages.com\/de\/","name":"CSJ Emballages","description":"","publisher":{"@id":"https:\/\/www.csj-emballages.com\/de\/#organization"},"potentialAction":[{"@type":"SearchAction","target":{"@type":"EntryPoint","urlTemplate":"https:\/\/www.csj-emballages.com\/de\/?s={search_term_string}"},"query-input":{"@type":"PropertyValueSpecification","valueRequired":true,"valueName":"search_term_string"}}],"inLanguage":"de"},{"@type":"Organization","@id":"https:\/\/www.csj-emballages.com\/de\/#Organization\/","name":"CSJ Emballages","url":"https:\/\/www.csj-emballages.com\/de\/","logo":{"@type":"ImageObject","inLanguage":"de","@id":"https:\/\/www.csj-emballages.com\/de\/#\/schema\/logo\/image\/","url":"https:\/\/www.csj-emballages.com\/wp-content\/uploads\/2023\/10\/logo_csj.webp","contentUrl":"https:\/\/www.csj-emballages.com\/wp-content\/uploads\/2023\/10\/logo_csj.webp","width":250,"height":95,"caption":"CSJ Emballages"},"image":{"@id":"https:\/\/www.csj-emballages.com\/de\/#\/schema\/logo\/image\/"},"sameAs":["https:\/\/www.facebook.com\/csjemballages"],"address":{"@type":"PostalAddress","streetAddress":"ZI La Lechere","addressLocality":"Patornay","postalCode":"39130","addressCountry":"FR"},"contactPoint":[{"@type":"ContactPoint","contactType":"Service client","telephone":"0384254272","email":"contact@csj-emballages.com"}]}]}},"df_price":5.93,"df_sale_price":"","df_regular_price":5.93,"df_image_link":"https:\/\/www.csj-emballages.com\/wp-content\/uploads\/2024\/10\/COUVBAKGE-300x300.webp","tiered_pricing_type":"fixed","tiered_pricing_fixed_rules":[],"tiered_pricing_percentage_rules":[],"tiered_pricing_minimum":1,"tiered_pricing_roles_data":[],"_links":{"self":[{"href":"https:\/\/www.csj-emballages.com\/de\/wp-json\/wp\/v2\/product\/159516","targetHints":{"allow":["GET"]}}],"collection":[{"href":"https:\/\/www.csj-emballages.com\/de\/wp-json\/wp\/v2\/product"}],"about":[{"href":"https:\/\/www.csj-emballages.com\/de\/wp-json\/wp\/v2\/types\/product"}],"wp:featuredmedia":[{"embeddable":true,"href":"https:\/\/www.csj-emballages.com\/de\/wp-json\/wp\/v2\/media\/213875"}],"wp:attachment":[{"href":"https:\/\/www.csj-emballages.com\/de\/wp-json\/wp\/v2\/media?parent=159516"}],"wp:term":[{"taxonomy":"product_brand","embeddable":true,"href":"https:\/\/www.csj-emballages.com\/de\/wp-json\/wp\/v2\/product_brand?post=159516"},{"taxonomy":"product_cat","embeddable":true,"href":"https:\/\/www.csj-emballages.com\/de\/wp-json\/wp\/v2\/product_cat?post=159516"},{"taxonomy":"product_tag","embeddable":true,"href":"https:\/\/www.csj-emballages.com\/de\/wp-json\/wp\/v2\/product_tag?post=159516"}],"curies":[{"name":"wp","href":"https:\/\/api.w.org\/{rel}","templated":true}]}}