{"id":159513,"date":"2024-10-08T02:18:12","date_gmt":"2024-10-08T00:18:12","guid":{"rendered":"https:\/\/www.csj-emballages.com\/produit\/tischlaeufer-0-40-x-48-m-aus-spunbond-zugeschnitten-in-40-cremefarbenen-blaettern\/"},"modified":"2025-12-31T02:11:24","modified_gmt":"2025-12-31T01:11:24","slug":"tischlaeufer-0-40-x-48-m-aus-spunbond-zugeschnitten-in-40-cremefarbenen-blaettern","status":"publish","type":"product","link":"https:\/\/www.csj-emballages.com\/de\/produit\/tischlaeufer-0-40-x-48-m-aus-spunbond-zugeschnitten-in-40-cremefarbenen-blaettern\/","title":{"rendered":"Tischl\u00e4ufer 0.40 x 48 m aus SPUNBOND, zugeschnitten in 40 cremefarbenen Bl\u00e4ttern"},"content":{"rendered":"<div style=\"box-sizing: inherit; font-family: Roboto, sans-serif;\">\n<div style=\"box-sizing: inherit; font-family: Roboto, sans-serif;\">\n<div style=\"box-sizing: inherit; font-family: Roboto, sans-serif;\">\n<div style=\"box-sizing: inherit; font-family: Roboto, sans-serif;\">\n<div style=\"box-sizing: inherit; font-family: Roboto, sans-serif;\">\n<div style=\"box-sizing: inherit; font-family: Roboto, sans-serif;\">\n<div style=\"box-sizing: inherit; font-family: Roboto, sans-serif;\">\n<div style=\"box-sizing: inherit; font-family: Roboto, sans-serif;\">\n<div style=\"box-sizing: inherit; font-family: Roboto, sans-serif;\">\n<div style=\"box-sizing: inherit; font-family: Roboto, sans-serif;\">\n<div style=\"box-sizing: inherit; font-family: Roboto, sans-serif;\">\n<div style=\"box-sizing: inherit; font-family: Roboto, sans-serif;\">\n<div style=\"box-sizing: inherit; font-family: Roboto, sans-serif;\">\n<div class=\"flex flex-grow flex-col max-w-full\">\n<div class=\"min-h-[20px] text-message flex flex-col items-start whitespace-pre-wrap break-words [.text-message+&amp;]:mt-5 juice:w-full juice:items-end overflow-x-auto gap-2\" dir=\"auto\" data-message-author-role=\"assistant\" data-message-id=\"2034782e-88f9-44ef-b4dc-07dd7bf0115f\">\n<div class=\"flex w-full flex-col gap-1 juice:empty:hidden juice:first:pt-[3px]\">\n<div class=\"markdown prose w-full break-words dark:prose-invert light\">\n<div style=\"box-sizing: inherit; font-family: Roboto, sans-serif;\">\n<div style=\"box-sizing: inherit; font-family: Roboto, sans-serif;\">\n<div style=\"box-sizing: inherit; font-family: Roboto, sans-serif;\">\n<div style=\"box-sizing: inherit; font-family: Roboto, sans-serif;\">\n<div style=\"box-sizing: inherit; font-family: Roboto, sans-serif;\">\n<div style=\"box-sizing: inherit; font-family: Roboto, sans-serif;\">\n<h2>Tischl\u00e4ufer<\/h2>\n<div style=\"box-sizing: inherit; font-family: Roboto, sans-serif;\">\n<div style=\"box-sizing: inherit; font-family: Roboto, sans-serif;\">\n<div style=\"box-sizing: inherit; font-family: Roboto, sans-serif;\">\n<div style=\"text-align: center;\">\n<div style=\"box-sizing: inherit; font-family: Roboto, sans-serif;\">\n<div style=\"box-sizing: inherit; font-family: Roboto, sans-serif;\">\n<div style=\"box-sizing: inherit; font-family: Roboto, sans-serif;\">\n<div style=\"box-sizing: inherit; font-family: Roboto, sans-serif;\">\n<div style=\"box-sizing: inherit; font-family: Roboto, sans-serif;\">\n<div style=\"box-sizing: inherit; font-family: Roboto, sans-serif; text-align: left;\">\n<hr>\n<h3 style=\"text-align: left;\">Beschreibung unseres vorgeschnittenen Tischl\u00e4ufers aus Spunbond<!--more--><\/h3>\n<\/div>\n<\/div>\n<\/div>\n<\/div>\n<\/div>\n<\/div>\n<\/div>\n<\/div>\n<\/div>\n<\/div>\n<\/div>\n<\/div>\n<\/div>\n<\/div>\n<\/div>\n<\/div>\n<\/div>\n<\/div>\n<\/div>\n<\/div>\n<\/div>\n<\/div>\n<\/div>\n<\/div>\n<\/div>\n<\/div>\n<\/div>\n<\/div>\n<\/div>\n<\/div>\n<\/div>\n<\/div>\n<\/div>\n<p>Entdecken Sie den <strong>beigefarbenen Tischl\u00e4ufer aus Spunbond<\/strong>, ein elegantes und praktisches Produkt, das Ihren Tisch bei Veranstaltungen oder Dinners versch\u00f6nert. Dieser <strong>vorgeschnittene Tischl\u00e4ufer<\/strong> wurde entworfen, um das Eindecken zu vereinfachen und gleichzeitig eine gepflegte Pr\u00e4sentation zu gew\u00e4hrleisten. Mit seinen Abmessungen von <strong>0,40 x 48 Metern<\/strong> bietet er eine gro\u00dfz\u00fcgige L\u00e4nge, die in 40 Bl\u00e4tter aufgeteilt ist, so dass Sie jede Portion leicht an Ihre Bed\u00fcrfnisse anpassen k\u00f6nnen. Er wird aus einem hochwertigen Vliesstoff hergestellt. Spunbond ist bekannt f\u00fcr seine St\u00e4rke und sein geringes Gewicht, ideal f\u00fcr den einmaligen oder l\u00e4ngeren Gebrauch. Dieser Vliesstoff bietet eine langlebige und robustere Alternative zu herk\u00f6mmlichen Papierwegen und beh\u00e4lt dabei ein raffiniertes und modernes Aussehen. Die Wahl von <strong>Spunbond<\/strong> garantiert auch eine ausgezeichnete Haftung, ohne zu verrutschen, und gew\u00e4hrleistet eine einfache Pflege nach jedem Gebrauch.  <\/p>\n<p>&nbsp;<\/p>\n<p><!--more--><\/p>\n<h4>Warum sollten Sie unsere vorgeschnittenen Tischl\u00e4ufer verwenden?<\/h4>\n<p>Dieser <strong>vorgeschnittene Tischl\u00e4ufer<\/strong> wurde speziell f\u00fcr eine optimale Zweckm\u00e4\u00dfigkeit entworfen. Jedes Blatt ist pr\u00e4zise vorgeschnitten, so dass Sie sich keine Gedanken \u00fcber das Zuschneiden von Hand oder das zeitraubende Abmessen machen m\u00fcssen. Trennen Sie einfach ein Blatt ab und legen Sie es direkt auf den Tisch. Dies spart Zeit, besonders bei gro\u00dfen Veranstaltungen, und sorgt f\u00fcr eine einheitliche und makellose Pr\u00e4sentation. Die <strong>beige<\/strong> Farbe ist ideal f\u00fcr alle Arten von Tischdekorationen. Der <strong>beige Tischl\u00e4ufer<\/strong> verleiht Ihrer Dekoration einen sanften und eleganten Touch. Er passt sich perfekt an verschiedene Themen an, sei es eine Hochzeit, ein Geburtstag oder ein Abendessen mit der Familie. Da Beige eine neutrale Farbe ist, l\u00e4sst sie sich leicht mit anderen Farben kombinieren, sowohl mit kr\u00e4ftigen als auch mit schlichten T\u00f6nen, und schafft so einen harmonischen und einladenden Rahmen f\u00fcr Ihre G\u00e4ste.   <\/p>\n<p>&nbsp;<\/p>\n<p><!--more--><\/p>\n<div style=\"box-sizing: inherit; font-family: Roboto, sans-serif;\">\n<div style=\"box-sizing: inherit; font-family: Roboto, sans-serif;\">\n<div style=\"box-sizing: inherit; font-family: Roboto, sans-serif;\">\n<div style=\"box-sizing: inherit; font-family: Roboto, sans-serif;\">\n<div style=\"box-sizing: inherit; font-family: Roboto, sans-serif;\">\n<div style=\"box-sizing: inherit; font-family: Roboto, sans-serif;\">\n<div style=\"box-sizing: inherit; font-family: Roboto, sans-serif;\">\n<div style=\"box-sizing: inherit; font-family: Roboto, sans-serif;\">\n<div style=\"box-sizing: inherit; font-family: Roboto, sans-serif;\">\n<div style=\"box-sizing: inherit; font-family: Roboto, sans-serif;\">\n<div style=\"box-sizing: inherit; font-family: Roboto, sans-serif;\">\n<div style=\"box-sizing: inherit; font-family: Roboto, sans-serif;\">\n<div style=\"box-sizing: inherit; font-family: Roboto, sans-serif;\">\n<div class=\"flex flex-grow flex-col max-w-full\">\n<div class=\"min-h-[20px] text-message flex flex-col items-start whitespace-pre-wrap break-words [.text-message+&amp;]:mt-5 juice:w-full juice:items-end overflow-x-auto gap-2\" dir=\"auto\" data-message-author-role=\"assistant\" data-message-id=\"2034782e-88f9-44ef-b4dc-07dd7bf0115f\">\n<div class=\"flex w-full flex-col gap-1 juice:empty:hidden juice:first:pt-[3px]\">\n<div class=\"markdown prose w-full break-words dark:prose-invert light\">\n<div style=\"box-sizing: inherit; font-family: Roboto, sans-serif;\">\n<div style=\"box-sizing: inherit; font-family: Roboto, sans-serif;\">\n<div style=\"box-sizing: inherit; font-family: Roboto, sans-serif;\">\n<div style=\"box-sizing: inherit; font-family: Roboto, sans-serif;\">\n<div style=\"box-sizing: inherit; font-family: Roboto, sans-serif;\">\n<div style=\"box-sizing: inherit; font-family: Roboto, sans-serif;\">\n<p>Der <strong>Spunbond-Tischl\u00e4ufer<\/strong> sieht nicht nur gut aus, sondern ist auch praktisch zu verstauen. Dank des vorgestanzten Formats k\u00f6nnen Sie die restlichen Bl\u00e4tter einfach aufbewahren, ohne sie zu besch\u00e4digen. Er ist ideal f\u00fcr Veranstaltungsprofis oder Privatpersonen, die ein zuverl\u00e4ssiges und einfach zu verwendendes Produkt zur Hand haben m\u00f6chten. Einer der Hauptvorteile dieses <strong>vorgeschnittenen Tischl\u00e4ufers<\/strong> ist seine Wirtschaftlichkeit. Mit 40 Blatt pro Rolle deckt er eine gro\u00dfe Tischfl\u00e4che ab und minimiert gleichzeitig den Abfall. Sie verwenden nur das, was Sie brauchen und verschwenden nichts.  <\/p>\n<p>&nbsp;<\/p>\n<p><!--more--><\/p>\n<h4 style=\"text-align: left;\"><strong>Die Vorteile unseres Spunbond-Tischl\u00e4ufers :<\/strong><\/h4>\n<\/div>\n<\/div>\n<\/div>\n<\/div>\n<\/div>\n<\/div>\n<\/div>\n<\/div>\n<\/div>\n<\/div>\n<\/div>\n<\/div>\n<\/div>\n<\/div>\n<\/div>\n<\/div>\n<\/div>\n<\/div>\n<\/div>\n<\/div>\n<\/div>\n<\/div>\n<\/div>\n<ul>\n<li><strong>Praktisch dank des vorgestanzten Formats<\/strong>: Der <strong>vorgestanzte Tischl\u00e4ufer<\/strong> mit 40 Bl\u00e4ttern ist sofort einsatzbereit und spart Ihnen Zeit beim Aufstellen.<\/li>\n<li>Robustes <strong>und langlebiges Material<\/strong>: Hergestellt aus Spunbond, ist dieser <strong>Spunbond-Tischl\u00e4ufer<\/strong> robust und rei\u00dffester.<\/li>\n<li><strong>Elegantes und vielseitiges Aussehen<\/strong>: Passt perfekt in jedes dekorative Ambiente.<\/li>\n<li><strong>Materialersparnis<\/strong>: Da jedes Blatt bereits fertig ist, verwenden Sie genau das, was Sie brauchen, und vermeiden so Abfall.<\/li>\n<\/ul>\n<p>&nbsp;<\/p>\n<p><!--more--><\/p>\n<h4>Weitere Informationen :<\/h4>\n<ul style=\"box-sizing: inherit; font-family: Roboto, sans-serif;\">\n<li><strong>Verpackung<\/strong>: 1 Rolle<\/li>\n<li><span style=\"font-weight: bold;\">Gr\u00f6\u00dfe<\/span>: 0,40 x 48 m<\/li>\n<li><strong>Material<\/strong>: Spunbond<\/li>\n<li><strong>Option<\/strong>: Vorgeschnitten in 40 Blatt<\/li>\n<\/ul>\n<p>&nbsp;<\/p>\n<p style=\"text-align: left;\"><!--more--><\/p>\n<p><a href=\"https:\/\/www.csj-emballages.com\/categorie-produit\/emballages\/restauration-sur-place-ou-emporter-fastfood-snacks\/serviettes-sets-de-tables-nappes\/chemin-de-table\/\">Sehen Sie sich den Rest unseres Sortiments an Tischl\u00e4ufern an.<\/a><\/p>\n<p>&nbsp;<\/p>\n<p>&nbsp;<\/p>\n","protected":false},"excerpt":{"rendered":"<p>Tischl\u00e4ufer Beschreibung unseres vorgeschnittenen Tischl\u00e4ufers aus Spunbond<\/p>\n","protected":false},"featured_media":198147,"template":"","meta":{"_acf_changed":false},"product_brand":[],"product_cat":[1137,1134,1135,1136],"product_tag":[],"class_list":{"0":"post-159513","1":"product","2":"type-product","3":"status-publish","4":"has-post-thumbnail","6":"product_cat-lebensmittelverpackungen","7":"product_cat-restauration-de","8":"product_cat-servietten-tischsets-tischdecken","9":"product_cat-tischlaufer","11":"first","12":"outofstock","13":"taxable","14":"shipping-taxable","15":"purchasable","16":"product-type-simple"},"acf":[],"yoast_head":"<!-- This site is optimized with the Yoast SEO Premium plugin v26.6 (Yoast SEO v26.6) - https:\/\/yoast.com\/wordpress\/plugins\/seo\/ -->\n<title>Tischl\u00e4ufer 0.40 x 48 m Spunbond Beige<\/title>\n<meta name=\"description\" content=\"0,40 x 48 m beige Tischl\u00e4ufer aus Spunbond, vorgeschnitten in 40 Bl\u00e4tter. Strapazierf\u00e4hig, praktisch und ideal f\u00fcr jede Art von Veranstaltung!\" \/>\n<meta name=\"robots\" content=\"index, follow, max-snippet:-1, max-image-preview:large, max-video-preview:-1\" \/>\n<link rel=\"canonical\" href=\"https:\/\/www.csj-emballages.com\/de\/produit\/tischlaeufer-0-40-x-48-m-aus-spunbond-zugeschnitten-in-40-cremefarbenen-blaettern\/\" \/>\n<meta property=\"og:locale\" content=\"de_DE\" \/>\n<meta property=\"og:type\" content=\"article\" \/>\n<meta property=\"og:title\" content=\"Tischl\u00e4ufer 0.40 x 24 m Spunbond Beige\" \/>\n<meta property=\"og:description\" content=\"Tischl\u00e4ufer 0,40 x 24 m beige aus Spunbond, vorgeschnitten in 40 Bl\u00e4tter. Strapazierf\u00e4hig, praktisch und ideal f\u00fcr jede Art von Veranstaltung!\" \/>\n<meta property=\"og:url\" content=\"https:\/\/www.csj-emballages.com\/de\/produit\/tischlaeufer-0-40-x-48-m-aus-spunbond-zugeschnitten-in-40-cremefarbenen-blaettern\/\" \/>\n<meta property=\"og:site_name\" content=\"CSJ Emballages\" \/>\n<meta property=\"article:publisher\" content=\"https:\/\/www.facebook.com\/csjemballages\" \/>\n<meta property=\"article:modified_time\" content=\"2025-12-31T01:11:24+00:00\" \/>\n<meta property=\"og:image\" content=\"https:\/\/www.csj-emballages.com\/wp-content\/uploads\/2024\/10\/e-amande-50.png\" \/>\n\t<meta property=\"og:image:width\" content=\"300\" \/>\n\t<meta property=\"og:image:height\" content=\"300\" \/>\n\t<meta property=\"og:image:type\" content=\"image\/png\" \/>\n<meta name=\"twitter:card\" content=\"summary_large_image\" \/>\n<meta name=\"twitter:title\" content=\"Tischl\u00e4ufer 0.40 x 24 m Spunbond Beige\" \/>\n<meta name=\"twitter:description\" content=\"Tischl\u00e4ufer 0,40 x 24 m beige aus Spunbond, vorgeschnitten in 40 Bl\u00e4tter. Strapazierf\u00e4hig, praktisch und ideal f\u00fcr jede Art von Veranstaltung!\" \/>\n<meta name=\"twitter:label1\" content=\"Gesch\u00e4tzte Lesezeit\" \/>\n\t<meta name=\"twitter:data1\" content=\"3 Minuten\" \/>\n<script type=\"application\/ld+json\" class=\"yoast-schema-graph\">{\"@context\":\"https:\/\/schema.org\",\"@graph\":[{\"@type\":\"WebPage\",\"@id\":\"https:\/\/www.csj-emballages.com\/de\/produit\/tischlaeufer-0-40-x-48-m-aus-spunbond-zugeschnitten-in-40-cremefarbenen-blaettern\/\",\"url\":\"https:\/\/www.csj-emballages.com\/de\/produit\/tischlaeufer-0-40-x-48-m-aus-spunbond-zugeschnitten-in-40-cremefarbenen-blaettern\/\",\"name\":\"Tischl\u00e4ufer 0.40 x 48 m Spunbond Beige\",\"isPartOf\":{\"@id\":\"https:\/\/www.csj-emballages.com\/de\/#website\"},\"primaryImageOfPage\":{\"@id\":\"https:\/\/www.csj-emballages.com\/de\/produit\/tischlaeufer-0-40-x-48-m-aus-spunbond-zugeschnitten-in-40-cremefarbenen-blaettern\/#primaryimage\"},\"image\":{\"@id\":\"https:\/\/www.csj-emballages.com\/de\/produit\/tischlaeufer-0-40-x-48-m-aus-spunbond-zugeschnitten-in-40-cremefarbenen-blaettern\/#primaryimage\"},\"thumbnailUrl\":\"https:\/\/www.csj-emballages.com\/wp-content\/uploads\/2024\/10\/CHE4048CR-png.webp\",\"datePublished\":\"2024-10-08T00:18:12+00:00\",\"dateModified\":\"2025-12-31T01:11:24+00:00\",\"description\":\"0,40 x 48 m beige Tischl\u00e4ufer aus Spunbond, vorgeschnitten in 40 Bl\u00e4tter. Strapazierf\u00e4hig, praktisch und ideal f\u00fcr jede Art von Veranstaltung!\",\"breadcrumb\":{\"@id\":\"https:\/\/www.csj-emballages.com\/de\/produit\/tischlaeufer-0-40-x-48-m-aus-spunbond-zugeschnitten-in-40-cremefarbenen-blaettern\/#breadcrumb\"},\"inLanguage\":\"de\",\"potentialAction\":[{\"@type\":\"ReadAction\",\"target\":[\"https:\/\/www.csj-emballages.com\/de\/produit\/tischlaeufer-0-40-x-48-m-aus-spunbond-zugeschnitten-in-40-cremefarbenen-blaettern\/\"]}]},{\"@type\":\"ImageObject\",\"inLanguage\":\"de\",\"@id\":\"https:\/\/www.csj-emballages.com\/de\/produit\/tischlaeufer-0-40-x-48-m-aus-spunbond-zugeschnitten-in-40-cremefarbenen-blaettern\/#primaryimage\",\"url\":\"https:\/\/www.csj-emballages.com\/wp-content\/uploads\/2024\/10\/CHE4048CR-png.webp\",\"contentUrl\":\"https:\/\/www.csj-emballages.com\/wp-content\/uploads\/2024\/10\/CHE4048CR-png.webp\",\"width\":800,\"height\":800,\"caption\":\"chemin de table\"},{\"@type\":\"BreadcrumbList\",\"@id\":\"https:\/\/www.csj-emballages.com\/de\/produit\/tischlaeufer-0-40-x-48-m-aus-spunbond-zugeschnitten-in-40-cremefarbenen-blaettern\/#breadcrumb\",\"itemListElement\":[{\"@type\":\"ListItem\",\"position\":1,\"name\":\"Accueil\",\"item\":\"https:\/\/www.csj-emballages.com\/de\/universum-lebensmittelverpackungen\/\"},{\"@type\":\"ListItem\",\"position\":2,\"name\":\"Shop\",\"item\":\"https:\/\/www.csj-emballages.com\/shop\/\"},{\"@type\":\"ListItem\",\"position\":3,\"name\":\"Tischl\u00e4ufer 0.40 x 48 m aus SPUNBOND, zugeschnitten in 40 cremefarbenen Bl\u00e4ttern\"}]},{\"@type\":\"WebSite\",\"@id\":\"https:\/\/www.csj-emballages.com\/de\/#website\",\"url\":\"https:\/\/www.csj-emballages.com\/de\/\",\"name\":\"CSJ Emballages\",\"description\":\"\",\"publisher\":{\"@id\":\"https:\/\/www.csj-emballages.com\/de\/#organization\"},\"potentialAction\":[{\"@type\":\"SearchAction\",\"target\":{\"@type\":\"EntryPoint\",\"urlTemplate\":\"https:\/\/www.csj-emballages.com\/de\/?s={search_term_string}\"},\"query-input\":{\"@type\":\"PropertyValueSpecification\",\"valueRequired\":true,\"valueName\":\"search_term_string\"}}],\"inLanguage\":\"de\"},{\"@type\":\"Organization\",\"@id\":\"https:\/\/www.csj-emballages.com\/de\/#Organization\/\",\"name\":\"CSJ Emballages\",\"url\":\"https:\/\/www.csj-emballages.com\/de\/\",\"logo\":{\"@type\":\"ImageObject\",\"inLanguage\":\"de\",\"@id\":\"https:\/\/www.csj-emballages.com\/de\/#\/schema\/logo\/image\/\",\"url\":\"https:\/\/www.csj-emballages.com\/wp-content\/uploads\/2023\/10\/logo_csj.webp\",\"contentUrl\":\"https:\/\/www.csj-emballages.com\/wp-content\/uploads\/2023\/10\/logo_csj.webp\",\"width\":250,\"height\":95,\"caption\":\"CSJ Emballages\"},\"image\":{\"@id\":\"https:\/\/www.csj-emballages.com\/de\/#\/schema\/logo\/image\/\"},\"sameAs\":[\"https:\/\/www.facebook.com\/csjemballages\"],\"address\":{\"@type\":\"PostalAddress\",\"streetAddress\":\"ZI La Lechere\",\"addressLocality\":\"Patornay\",\"postalCode\":\"39130\",\"addressCountry\":\"FR\"},\"contactPoint\":[{\"@type\":\"ContactPoint\",\"contactType\":\"Service client\",\"telephone\":\"0384254272\",\"email\":\"contact@csj-emballages.com\"}]}]}<\/script>\n<!-- \/ Yoast SEO Premium plugin. -->","yoast_head_json":{"title":"Tischl\u00e4ufer 0.40 x 48 m Spunbond Beige","description":"0,40 x 48 m beige Tischl\u00e4ufer aus Spunbond, vorgeschnitten in 40 Bl\u00e4tter. Strapazierf\u00e4hig, praktisch und ideal f\u00fcr jede Art von Veranstaltung!","robots":{"index":"index","follow":"follow","max-snippet":"max-snippet:-1","max-image-preview":"max-image-preview:large","max-video-preview":"max-video-preview:-1"},"canonical":"https:\/\/www.csj-emballages.com\/de\/produit\/tischlaeufer-0-40-x-48-m-aus-spunbond-zugeschnitten-in-40-cremefarbenen-blaettern\/","og_locale":"de_DE","og_type":"article","og_title":"Tischl\u00e4ufer 0.40 x 24 m Spunbond Beige","og_description":"Tischl\u00e4ufer 0,40 x 24 m beige aus Spunbond, vorgeschnitten in 40 Bl\u00e4tter. Strapazierf\u00e4hig, praktisch und ideal f\u00fcr jede Art von Veranstaltung!","og_url":"https:\/\/www.csj-emballages.com\/de\/produit\/tischlaeufer-0-40-x-48-m-aus-spunbond-zugeschnitten-in-40-cremefarbenen-blaettern\/","og_site_name":"CSJ Emballages","article_publisher":"https:\/\/www.facebook.com\/csjemballages","article_modified_time":"2025-12-31T01:11:24+00:00","og_image":[{"width":300,"height":300,"url":"https:\/\/www.csj-emballages.com\/wp-content\/uploads\/2024\/10\/e-amande-50.png","type":"image\/png"}],"twitter_card":"summary_large_image","twitter_title":"Tischl\u00e4ufer 0.40 x 24 m Spunbond Beige","twitter_description":"Tischl\u00e4ufer 0,40 x 24 m beige aus Spunbond, vorgeschnitten in 40 Bl\u00e4tter. Strapazierf\u00e4hig, praktisch und ideal f\u00fcr jede Art von Veranstaltung!","twitter_misc":{"Gesch\u00e4tzte Lesezeit":"3 Minuten"},"schema":{"@context":"https:\/\/schema.org","@graph":[{"@type":"WebPage","@id":"https:\/\/www.csj-emballages.com\/de\/produit\/tischlaeufer-0-40-x-48-m-aus-spunbond-zugeschnitten-in-40-cremefarbenen-blaettern\/","url":"https:\/\/www.csj-emballages.com\/de\/produit\/tischlaeufer-0-40-x-48-m-aus-spunbond-zugeschnitten-in-40-cremefarbenen-blaettern\/","name":"Tischl\u00e4ufer 0.40 x 48 m Spunbond Beige","isPartOf":{"@id":"https:\/\/www.csj-emballages.com\/de\/#website"},"primaryImageOfPage":{"@id":"https:\/\/www.csj-emballages.com\/de\/produit\/tischlaeufer-0-40-x-48-m-aus-spunbond-zugeschnitten-in-40-cremefarbenen-blaettern\/#primaryimage"},"image":{"@id":"https:\/\/www.csj-emballages.com\/de\/produit\/tischlaeufer-0-40-x-48-m-aus-spunbond-zugeschnitten-in-40-cremefarbenen-blaettern\/#primaryimage"},"thumbnailUrl":"https:\/\/www.csj-emballages.com\/wp-content\/uploads\/2024\/10\/CHE4048CR-png.webp","datePublished":"2024-10-08T00:18:12+00:00","dateModified":"2025-12-31T01:11:24+00:00","description":"0,40 x 48 m beige Tischl\u00e4ufer aus Spunbond, vorgeschnitten in 40 Bl\u00e4tter. Strapazierf\u00e4hig, praktisch und ideal f\u00fcr jede Art von Veranstaltung!","breadcrumb":{"@id":"https:\/\/www.csj-emballages.com\/de\/produit\/tischlaeufer-0-40-x-48-m-aus-spunbond-zugeschnitten-in-40-cremefarbenen-blaettern\/#breadcrumb"},"inLanguage":"de","potentialAction":[{"@type":"ReadAction","target":["https:\/\/www.csj-emballages.com\/de\/produit\/tischlaeufer-0-40-x-48-m-aus-spunbond-zugeschnitten-in-40-cremefarbenen-blaettern\/"]}]},{"@type":"ImageObject","inLanguage":"de","@id":"https:\/\/www.csj-emballages.com\/de\/produit\/tischlaeufer-0-40-x-48-m-aus-spunbond-zugeschnitten-in-40-cremefarbenen-blaettern\/#primaryimage","url":"https:\/\/www.csj-emballages.com\/wp-content\/uploads\/2024\/10\/CHE4048CR-png.webp","contentUrl":"https:\/\/www.csj-emballages.com\/wp-content\/uploads\/2024\/10\/CHE4048CR-png.webp","width":800,"height":800,"caption":"chemin de table"},{"@type":"BreadcrumbList","@id":"https:\/\/www.csj-emballages.com\/de\/produit\/tischlaeufer-0-40-x-48-m-aus-spunbond-zugeschnitten-in-40-cremefarbenen-blaettern\/#breadcrumb","itemListElement":[{"@type":"ListItem","position":1,"name":"Accueil","item":"https:\/\/www.csj-emballages.com\/de\/universum-lebensmittelverpackungen\/"},{"@type":"ListItem","position":2,"name":"Shop","item":"https:\/\/www.csj-emballages.com\/shop\/"},{"@type":"ListItem","position":3,"name":"Tischl\u00e4ufer 0.40 x 48 m aus SPUNBOND, zugeschnitten in 40 cremefarbenen Bl\u00e4ttern"}]},{"@type":"WebSite","@id":"https:\/\/www.csj-emballages.com\/de\/#website","url":"https:\/\/www.csj-emballages.com\/de\/","name":"CSJ Emballages","description":"","publisher":{"@id":"https:\/\/www.csj-emballages.com\/de\/#organization"},"potentialAction":[{"@type":"SearchAction","target":{"@type":"EntryPoint","urlTemplate":"https:\/\/www.csj-emballages.com\/de\/?s={search_term_string}"},"query-input":{"@type":"PropertyValueSpecification","valueRequired":true,"valueName":"search_term_string"}}],"inLanguage":"de"},{"@type":"Organization","@id":"https:\/\/www.csj-emballages.com\/de\/#Organization\/","name":"CSJ Emballages","url":"https:\/\/www.csj-emballages.com\/de\/","logo":{"@type":"ImageObject","inLanguage":"de","@id":"https:\/\/www.csj-emballages.com\/de\/#\/schema\/logo\/image\/","url":"https:\/\/www.csj-emballages.com\/wp-content\/uploads\/2023\/10\/logo_csj.webp","contentUrl":"https:\/\/www.csj-emballages.com\/wp-content\/uploads\/2023\/10\/logo_csj.webp","width":250,"height":95,"caption":"CSJ Emballages"},"image":{"@id":"https:\/\/www.csj-emballages.com\/de\/#\/schema\/logo\/image\/"},"sameAs":["https:\/\/www.facebook.com\/csjemballages"],"address":{"@type":"PostalAddress","streetAddress":"ZI La Lechere","addressLocality":"Patornay","postalCode":"39130","addressCountry":"FR"},"contactPoint":[{"@type":"ContactPoint","contactType":"Service client","telephone":"0384254272","email":"contact@csj-emballages.com"}]}]}},"df_price":9.29,"df_sale_price":"","df_regular_price":9.29,"df_image_link":"https:\/\/www.csj-emballages.com\/wp-content\/uploads\/2024\/10\/CHE4048CR-300x300.webp","tiered_pricing_type":"fixed","tiered_pricing_fixed_rules":[],"tiered_pricing_percentage_rules":[],"tiered_pricing_minimum":1,"tiered_pricing_roles_data":[],"_links":{"self":[{"href":"https:\/\/www.csj-emballages.com\/de\/wp-json\/wp\/v2\/product\/159513","targetHints":{"allow":["GET"]}}],"collection":[{"href":"https:\/\/www.csj-emballages.com\/de\/wp-json\/wp\/v2\/product"}],"about":[{"href":"https:\/\/www.csj-emballages.com\/de\/wp-json\/wp\/v2\/types\/product"}],"wp:featuredmedia":[{"embeddable":true,"href":"https:\/\/www.csj-emballages.com\/de\/wp-json\/wp\/v2\/media\/198147"}],"wp:attachment":[{"href":"https:\/\/www.csj-emballages.com\/de\/wp-json\/wp\/v2\/media?parent=159513"}],"wp:term":[{"taxonomy":"product_brand","embeddable":true,"href":"https:\/\/www.csj-emballages.com\/de\/wp-json\/wp\/v2\/product_brand?post=159513"},{"taxonomy":"product_cat","embeddable":true,"href":"https:\/\/www.csj-emballages.com\/de\/wp-json\/wp\/v2\/product_cat?post=159513"},{"taxonomy":"product_tag","embeddable":true,"href":"https:\/\/www.csj-emballages.com\/de\/wp-json\/wp\/v2\/product_tag?post=159513"}],"curies":[{"name":"wp","href":"https:\/\/api.w.org\/{rel}","templated":true}]}}