{"id":159508,"date":"2024-10-05T02:18:15","date_gmt":"2024-10-05T00:18:15","guid":{"rendered":"https:\/\/www.csj-emballages.com\/produit\/lebensmittelschale-aus-karton-rechteckig-750-ml-pro-50\/"},"modified":"2026-05-08T02:11:01","modified_gmt":"2026-05-08T00:11:01","slug":"lebensmittelschale-aus-karton-rechteckig-750-ml-pro-50","status":"publish","type":"product","link":"https:\/\/www.csj-emballages.com\/de\/produit\/lebensmittelschale-aus-karton-rechteckig-750-ml-pro-50\/","title":{"rendered":"Lebensmittelschale aus Karton rechteckig 750 ml pro 50"},"content":{"rendered":"<div style=\"box-sizing: inherit; font-family: Roboto, sans-serif;\">\n<div style=\"box-sizing: inherit; font-family: Roboto, sans-serif;\">\n<div style=\"box-sizing: inherit; font-family: Roboto, sans-serif;\">\n<div style=\"box-sizing: inherit; font-family: Roboto, sans-serif;\">\n<div style=\"box-sizing: inherit; font-family: Roboto, sans-serif;\">\n<div style=\"box-sizing: inherit; font-family: Roboto, sans-serif;\">\n<div style=\"box-sizing: inherit; font-family: Roboto, sans-serif;\">\n<div style=\"box-sizing: inherit; font-family: Roboto, sans-serif;\">\n<div style=\"box-sizing: inherit; font-family: Roboto, sans-serif;\">\n<div style=\"box-sizing: inherit; font-family: Roboto, sans-serif;\">\n<div style=\"box-sizing: inherit; font-family: Roboto, sans-serif;\">\n<div style=\"box-sizing: inherit; font-family: Roboto, sans-serif;\">\n<div style=\"box-sizing: inherit; font-family: Roboto, sans-serif;\">\n<div class=\"flex flex-grow flex-col max-w-full\">\n<div class=\"min-h-[20px] text-message flex flex-col items-start whitespace-pre-wrap break-words [.text-message+&amp;]:mt-5 juice:w-full juice:items-end overflow-x-auto gap-2\" dir=\"auto\" data-message-author-role=\"assistant\" data-message-id=\"2034782e-88f9-44ef-b4dc-07dd7bf0115f\">\n<div class=\"flex w-full flex-col gap-1 juice:empty:hidden juice:first:pt-[3px]\">\n<div class=\"markdown prose w-full break-words dark:prose-invert light\">\n<div style=\"box-sizing: inherit; font-family: Roboto, sans-serif;\">\n<div style=\"box-sizing: inherit; font-family: Roboto, sans-serif;\">\n<div style=\"box-sizing: inherit; font-family: Roboto, sans-serif;\">\n<div style=\"box-sizing: inherit; font-family: Roboto, sans-serif;\">\n<div style=\"box-sizing: inherit; font-family: Roboto, sans-serif;\">\n<div style=\"box-sizing: inherit; font-family: Roboto, sans-serif;\">\n<h2>Lebensmittelschale<\/h2>\n<div style=\"box-sizing: inherit; font-family: Roboto, sans-serif;\">\n<div style=\"box-sizing: inherit; font-family: Roboto, sans-serif;\">\n<div style=\"box-sizing: inherit; font-family: Roboto, sans-serif;\">\n<div style=\"text-align: center;\">\n<div style=\"box-sizing: inherit; font-family: Roboto, sans-serif;\">\n<div style=\"box-sizing: inherit; font-family: Roboto, sans-serif;\">\n<div style=\"box-sizing: inherit; font-family: Roboto, sans-serif;\">\n<div style=\"box-sizing: inherit; font-family: Roboto, sans-serif;\">\n<div style=\"box-sizing: inherit; font-family: Roboto, sans-serif;\">\n<div style=\"box-sizing: inherit; font-family: Roboto, sans-serif; text-align: left;\">\n<hr>\n<h3 style=\"text-align: left;\">Beschreibung von &#8222;Lebensmittelschale rechteckig 750ml Kraft<!--more--><\/h3>\n<\/div>\n<\/div>\n<\/div>\n<\/div>\n<\/div>\n<\/div>\n<\/div>\n<\/div>\n<\/div>\n<\/div>\n<\/div>\n<\/div>\n<\/div>\n<\/div>\n<\/div>\n<\/div>\n<\/div>\n<\/div>\n<\/div>\n<\/div>\n<\/div>\n<\/div>\n<\/div>\n<\/div>\n<\/div>\n<\/div>\n<\/div>\n<\/div>\n<\/div>\n<\/div>\n<\/div>\n<\/div>\n<\/div>\n<div class=\"flex max-w-full flex-col flex-grow\">\n<div class=\"min-h-8 text-message flex w-full flex-col items-end gap-2 whitespace-normal break-words [.text-message+&amp;]:mt-5\" dir=\"auto\" data-message-author-role=\"assistant\" data-message-id=\"290aa723-0852-4224-b964-694d71f8ed99\" data-message-model-slug=\"gpt-4o\">\n<div class=\"flex w-full flex-col gap-1 empty:hidden first:pt-[3px]\">\n<div class=\"markdown prose w-full break-words dark:prose-invert light\">\n<p>Entdecken Sie die <strong>rechteckige<\/strong> <strong>750-ml-Schale<\/strong> aus <strong>Karton<\/strong> f\u00fcr <strong>Lebensmittel<\/strong>, die ideal f\u00fcr Ihren Bedarf an umweltfreundlichen Verpackungen ist. Diese <strong>Schale<\/strong> wurde entwickelt, um das Servieren Ihrer Zubereitungen zu erleichtern, und eignet sich perfekt f\u00fcr alle Arten von Gerichten zum Mitnehmen. Dank ihres Materials aus <strong>Naturkarton<\/strong> ist sie sowohl widerstandsf\u00e4hig als auch umweltfreundlich.  <\/p>\n<p>Diese aus <strong>Kraftkarton<\/strong> hergestellte <strong>Schale<\/strong> garantiert die optimale Aufbewahrung Ihrer Speisen. Sie verformt sich nicht so leicht und bewahrt die Frische Ihrer Speisen. Sie k\u00f6nnen sie f\u00fcr warme oder kalte Speisen verwenden, ohne dass die Qualit\u00e4t darunter leidet. Mit ihrem modernen, schlichten Design passt diese <strong>Schale<\/strong> zu jeder Gelegenheit, sei es f\u00fcr Lunchpakete, Picknicks oder gelieferte Mahlzeiten.   <\/p>\n<p>&nbsp;<\/p>\n<p><!--more--><\/p>\n<\/div>\n<p><strong><span style=\"color: #ff0000;\">Deckel separat erh\u00e4ltlich*.<\/span><\/strong><\/p>\n<div class=\"markdown prose w-full break-words dark:prose-invert light\">\n<p>&nbsp;<\/p>\n<\/div>\n<\/div>\n<\/div>\n<\/div>\n<p><!--more--><\/p>\n<h4>Warum sollten Sie unsere Schale verwenden?<\/h4>\n<p>Die <strong>rechteckige<\/strong> <strong>Lebensmittelschale<\/strong> aus <strong>Karton<\/strong> ist leicht zu greifen und verbessert so das Erlebnis f\u00fcr Ihre Kunden. Ihre praktischen Abmessungen machen sie zu einem idealen Beh\u00e4lter f\u00fcr Restaurants, Cateringunternehmen und andere Gastronomiebetriebe. Dar\u00fcber hinaus hilft sie, Plastikm\u00fcll zu reduzieren. Da sie aus <strong>Karton<\/strong> besteht, ist sie vollst\u00e4ndig recycelbar, was sie zu einer verantwortungsvollen Wahl f\u00fcr Ihr Unternehmen macht.   <\/p>\n<p>Dieses Modell einer <strong>rechteckigen<\/strong> <strong>Lebensmittelschale<\/strong> ist so konzipiert, dass es einer Vielzahl von Lebensmitteln standh\u00e4lt, von Salaten bis hin zu Fertiggerichten. Dank ihrer Festigkeit h\u00e4lt sie auch Speisen mit So\u00dfe aus und garantiert so einen auslaufsicheren Transport. Dank des dicken Kartonmaterials h\u00e4lt diese <strong>Schale<\/strong> die Lebensmittel l\u00e4nger auf der richtigen Temperatur, ideal f\u00fcr Fertiggerichte.  <\/p>\n<p>Sie wird in Sets zu <strong>50<\/strong> geliefert, was eine einfache Verwaltung Ihrer Best\u00e4nde und Bestellungen erm\u00f6glicht. Praktisch und platzsparend lassen sich die <strong>Lebensmittel-Schalen<\/strong> leicht in Ihren K\u00fcchen oder Arbeitsbereichen lagern. Mit diesen <strong>Schalen<\/strong> mit <strong>750<\/strong><strong> ml<\/strong> treffen Sie eine praktische und wirtschaftliche Wahl f\u00fcr Ihr Gesch\u00e4ft.  <\/p>\n<p>&nbsp;<\/p>\n<p><!--more--><\/p>\n<div style=\"box-sizing: inherit; font-family: Roboto, sans-serif;\">\n<div style=\"box-sizing: inherit; font-family: Roboto, sans-serif;\">\n<div style=\"box-sizing: inherit; font-family: Roboto, sans-serif;\">\n<div style=\"box-sizing: inherit; font-family: Roboto, sans-serif;\">\n<div style=\"box-sizing: inherit; font-family: Roboto, sans-serif;\">\n<div style=\"box-sizing: inherit; font-family: Roboto, sans-serif;\">\n<div style=\"box-sizing: inherit; font-family: Roboto, sans-serif;\">\n<div style=\"box-sizing: inherit; font-family: Roboto, sans-serif;\">\n<div style=\"box-sizing: inherit; font-family: Roboto, sans-serif;\">\n<div style=\"box-sizing: inherit; font-family: Roboto, sans-serif;\">\n<div style=\"box-sizing: inherit; font-family: Roboto, sans-serif;\">\n<div style=\"box-sizing: inherit; font-family: Roboto, sans-serif;\">\n<div style=\"box-sizing: inherit; font-family: Roboto, sans-serif;\">\n<div class=\"flex flex-grow flex-col max-w-full\">\n<div class=\"min-h-[20px] text-message flex flex-col items-start whitespace-pre-wrap break-words [.text-message+&amp;]:mt-5 juice:w-full juice:items-end overflow-x-auto gap-2\" dir=\"auto\" data-message-author-role=\"assistant\" data-message-id=\"2034782e-88f9-44ef-b4dc-07dd7bf0115f\">\n<div class=\"flex w-full flex-col gap-1 juice:empty:hidden juice:first:pt-[3px]\">\n<div class=\"markdown prose w-full break-words dark:prose-invert light\">\n<div style=\"box-sizing: inherit; font-family: Roboto, sans-serif;\">\n<div style=\"box-sizing: inherit; font-family: Roboto, sans-serif;\">\n<div style=\"box-sizing: inherit; font-family: Roboto, sans-serif;\">\n<div style=\"box-sizing: inherit; font-family: Roboto, sans-serif;\">\n<div style=\"box-sizing: inherit; font-family: Roboto, sans-serif;\">\n<div style=\"box-sizing: inherit; font-family: Roboto, sans-serif;\">\n<div class=\"flex max-w-full flex-col flex-grow\">\n<div class=\"min-h-8 text-message flex w-full flex-col items-end gap-2 whitespace-normal break-words [.text-message+&amp;]:mt-5\" dir=\"auto\" data-message-author-role=\"assistant\" data-message-id=\"290aa723-0852-4224-b964-694d71f8ed99\" data-message-model-slug=\"gpt-4o\">\n<div class=\"flex w-full flex-col gap-1 empty:hidden first:pt-[3px]\">\n<div class=\"markdown prose w-full break-words dark:prose-invert light\">\n<p>Mit ihrem einfachen und nat\u00fcrlichen Design wertet sie die Pr\u00e4sentation Ihrer Gerichte auf. Sie unterstreicht die Qualit\u00e4t Ihrer Zubereitungen und st\u00e4rkt gleichzeitig das umweltbewusste Image Ihres Unternehmens. Dieses Modell entspricht den heutigen Erwartungen an Nachhaltigkeit und Wiederverwertbarkeit.  <\/p>\n<p>Wenn Sie sich f\u00fcr diese <strong>Lebensmittelschale<\/strong> aus Karton entscheiden, setzen Sie sich f\u00fcr eine gr\u00fcnere Zukunft ein. Ihre Zweckm\u00e4\u00dfigkeit, Einfachheit und Umweltfreundlichkeit machen sie zu einer perfekten Verpackungsl\u00f6sung. <\/p>\n<p>Nehmen Sie sie noch heute an, um Ihre Gerichte aufzuwerten und gleichzeitig die Umwelt zu schonen.<\/p>\n<\/div>\n<\/div>\n<\/div>\n<\/div>\n<div class=\"mb-2 flex gap-3 empty:hidden -ml-2\">\n<div class=\"items-center justify-start rounded-xl p-1 flex\">\n<div class=\"flex items-center\"><\/div>\n<\/div>\n<\/div>\n<p><!--more--><\/p>\n<h4 style=\"text-align: left;\"><strong>Die Vorteile unserer rechteckigen Lebensmittelschale 750 ml :<\/strong><\/h4>\n<\/div>\n<\/div>\n<\/div>\n<\/div>\n<\/div>\n<\/div>\n<\/div>\n<\/div>\n<\/div>\n<\/div>\n<\/div>\n<\/div>\n<\/div>\n<\/div>\n<\/div>\n<\/div>\n<\/div>\n<\/div>\n<\/div>\n<\/div>\n<\/div>\n<\/div>\n<\/div>\n<ul>\n<li><strong>Umweltfreundlich und nachhaltig<\/strong>: Die <strong>Kraftschale<\/strong> wird aus recycelbarem Karton hergestellt, was den \u00f6kologischen Fu\u00dfabdruck reduziert.<\/li>\n<li><strong>Vielseitig<\/strong> einsetzbar : Geeignet f\u00fcr warme und kalte Gerichte, temperaturbest\u00e4ndig.<\/li>\n<li><strong>Praktisch f\u00fcr den Transport<\/strong>: Die rechteckige Form und die robusten Materialien erm\u00f6glichen einen sicheren Transport von Lebensmitteln. Die <strong>Lebensmittelschale<\/strong> h\u00e4lt die Zubereitungen an Ort und Stelle und verhindert so, dass etwas ausl\u00e4uft. <\/li>\n<li><strong>Kapazit\u00e4t von 750 ml<\/strong>: Die Gr\u00f6\u00dfe ist ideal f\u00fcr komplette Mahlzeiten und bietet eine gepflegte Pr\u00e4sentation.<\/li>\n<\/ul>\n<p>&nbsp;<\/p>\n<p><!--more--><\/p>\n<h4>Weitere Informationen :<\/h4>\n<ul style=\"box-sizing: inherit; font-family: Roboto, sans-serif;\">\n<li><strong>Verpackung<\/strong>: Packung mit 50 St\u00fcck<\/li>\n<li><span style=\"font-weight: bold;\">Abmessungen<\/span>: 17 x 12 x 5,6 (L x B x H in cm)<\/li>\n<li><strong>Material<\/strong>: Karton + PP<\/li>\n<li><b>Betriebstemperatur: <\/b>&#8211; 18\u00baC \/ + 80\u00baC<\/li>\n<li><strong>Lebensmittelkontakt<\/strong>: Apte<\/li>\n<\/ul>\n<p>&nbsp;<\/p>\n<p><!--more--><\/p>\n<p>Link zu den Deckeln : <span style=\"color: #d12727;\"><a style=\"color: #d12727;\" href=\"https:\/\/www.csj-emballages.com\/produit\/50-couvercle-plastique-pour-barquette-rectangulaire-en-pp\/\">COUVBAKGE<\/a><\/span><\/p>\n<p>&nbsp;<\/p>\n<p style=\"text-align: left;\"><!--more--><\/p>\n<p><a href=\"https:\/\/www.csj-emballages.com\/de\/categorie-produit\/lebensmittelverpackungen\/restauration-de\/topfe-schalen-becherhalter\/schalen-aus-karton\/\">Sehen Sie sich den Rest unseres Sortiments an Kartonschalen an<\/a><\/p>\n","protected":false},"excerpt":{"rendered":"<p>Lebensmittelschale Beschreibung von &#8222;Lebensmittelschale rechteckig 750ml Kraft<\/p>\n","protected":false},"featured_media":279012,"template":"","meta":{"_acf_changed":false},"product_brand":[],"product_cat":[11672,1137,1170,2277,1513,8101],"product_tag":[],"class_list":{"0":"post-159508","1":"product","2":"type-product","3":"status-publish","4":"has-post-thumbnail","6":"product_cat-schalen-aus-karton","7":"product_cat-lebensmittelverpackungen","8":"product_cat-metzgerei-und-feinkostgeschaft","9":"product_cat-schalen-dosen-und-glaser","10":"product_cat-schalen-dosen-glaser-fur-lebensmittel","13":"first","14":"instock","15":"taxable","16":"shipping-taxable","17":"purchasable","18":"product-type-simple"},"acf":[],"yoast_head":"<!-- This site is optimized with the Yoast SEO Premium plugin v26.6 (Yoast SEO v26.6) - https:\/\/yoast.com\/wordpress\/plugins\/seo\/ -->\n<title>Lebensmittelschale aus Karton Rechteckig - 750 ml<\/title>\n<meta name=\"description\" content=\"Rechteckige Lebensmittel-Schale aus Karton, 750 ml, im 50er-Pack, ideal f\u00fcr warme und kalte Speisen. Umweltfreundlich, recycelbar, robust und praktisch.\" \/>\n<meta name=\"robots\" content=\"index, follow, max-snippet:-1, max-image-preview:large, max-video-preview:-1\" \/>\n<link rel=\"canonical\" href=\"https:\/\/www.csj-emballages.com\/de\/produit\/lebensmittelschale-aus-karton-rechteckig-750-ml-pro-50\/\" \/>\n<meta property=\"og:locale\" content=\"de_DE\" \/>\n<meta property=\"og:type\" content=\"article\" \/>\n<meta property=\"og:title\" content=\"Lebensmittelschale aus Karton, rechteckig, 750 ml\" \/>\n<meta property=\"og:description\" content=\"Rechteckige Lebensmittel-Schale aus Karton, 750 ml, im 50er-Pack, ideal f\u00fcr warme und kalte Speisen. Umweltfreundlich, recycelbar, robust und praktisch.\" \/>\n<meta property=\"og:url\" content=\"https:\/\/www.csj-emballages.com\/de\/produit\/lebensmittelschale-aus-karton-rechteckig-750-ml-pro-50\/\" \/>\n<meta property=\"og:site_name\" content=\"CSJ Emballages\" \/>\n<meta property=\"article:publisher\" content=\"https:\/\/www.facebook.com\/csjemballages\" \/>\n<meta property=\"article:modified_time\" content=\"2026-05-08T00:11:01+00:00\" \/>\n<meta property=\"og:image\" content=\"https:\/\/www.csj-emballages.com\/wp-content\/uploads\/2024\/10\/BA750KGE-1.webp\" \/>\n\t<meta property=\"og:image:width\" content=\"800\" \/>\n\t<meta property=\"og:image:height\" content=\"800\" \/>\n\t<meta property=\"og:image:type\" content=\"image\/webp\" \/>\n<meta name=\"twitter:card\" content=\"summary_large_image\" \/>\n<meta name=\"twitter:title\" content=\"Lebensmittelschale aus Karton, rechteckig, 750 ml\" \/>\n<meta name=\"twitter:description\" content=\"Rechteckige Lebensmittel-Schale aus Karton, 750 ml, im 50er-Pack, ideal f\u00fcr warme und kalte Speisen. Umweltfreundlich, recycelbar, robust und praktisch.\" \/>\n<meta name=\"twitter:label1\" content=\"Gesch\u00e4tzte Lesezeit\" \/>\n\t<meta name=\"twitter:data1\" content=\"3 Minuten\" \/>\n<script type=\"application\/ld+json\" class=\"yoast-schema-graph\">{\"@context\":\"https:\/\/schema.org\",\"@graph\":[{\"@type\":\"WebPage\",\"@id\":\"https:\/\/www.csj-emballages.com\/de\/produit\/lebensmittelschale-aus-karton-rechteckig-750-ml-pro-50\/\",\"url\":\"https:\/\/www.csj-emballages.com\/de\/produit\/lebensmittelschale-aus-karton-rechteckig-750-ml-pro-50\/\",\"name\":\"Lebensmittelschale aus Karton Rechteckig - 750 ml\",\"isPartOf\":{\"@id\":\"https:\/\/www.csj-emballages.com\/de\/#website\"},\"primaryImageOfPage\":{\"@id\":\"https:\/\/www.csj-emballages.com\/de\/produit\/lebensmittelschale-aus-karton-rechteckig-750-ml-pro-50\/#primaryimage\"},\"image\":{\"@id\":\"https:\/\/www.csj-emballages.com\/de\/produit\/lebensmittelschale-aus-karton-rechteckig-750-ml-pro-50\/#primaryimage\"},\"thumbnailUrl\":\"https:\/\/www.csj-emballages.com\/wp-content\/uploads\/2024\/10\/BA750KGE-1.webp\",\"datePublished\":\"2024-10-05T00:18:15+00:00\",\"dateModified\":\"2026-05-08T00:11:01+00:00\",\"description\":\"Rechteckige Lebensmittel-Schale aus Karton, 750 ml, im 50er-Pack, ideal f\u00fcr warme und kalte Speisen. Umweltfreundlich, recycelbar, robust und praktisch.\",\"breadcrumb\":{\"@id\":\"https:\/\/www.csj-emballages.com\/de\/produit\/lebensmittelschale-aus-karton-rechteckig-750-ml-pro-50\/#breadcrumb\"},\"inLanguage\":\"de\",\"potentialAction\":[{\"@type\":\"ReadAction\",\"target\":[\"https:\/\/www.csj-emballages.com\/de\/produit\/lebensmittelschale-aus-karton-rechteckig-750-ml-pro-50\/\"]}]},{\"@type\":\"ImageObject\",\"inLanguage\":\"de\",\"@id\":\"https:\/\/www.csj-emballages.com\/de\/produit\/lebensmittelschale-aus-karton-rechteckig-750-ml-pro-50\/#primaryimage\",\"url\":\"https:\/\/www.csj-emballages.com\/wp-content\/uploads\/2024\/10\/BA750KGE-1.webp\",\"contentUrl\":\"https:\/\/www.csj-emballages.com\/wp-content\/uploads\/2024\/10\/BA750KGE-1.webp\",\"width\":800,\"height\":800,\"caption\":\"Barquette alimentaire\"},{\"@type\":\"BreadcrumbList\",\"@id\":\"https:\/\/www.csj-emballages.com\/de\/produit\/lebensmittelschale-aus-karton-rechteckig-750-ml-pro-50\/#breadcrumb\",\"itemListElement\":[{\"@type\":\"ListItem\",\"position\":1,\"name\":\"Accueil\",\"item\":\"https:\/\/www.csj-emballages.com\/de\/universum-lebensmittelverpackungen\/\"},{\"@type\":\"ListItem\",\"position\":2,\"name\":\"Shop\",\"item\":\"https:\/\/www.csj-emballages.com\/shop\/\"},{\"@type\":\"ListItem\",\"position\":3,\"name\":\"Lebensmittelschale aus Karton rechteckig 750 ml pro 50\"}]},{\"@type\":\"WebSite\",\"@id\":\"https:\/\/www.csj-emballages.com\/de\/#website\",\"url\":\"https:\/\/www.csj-emballages.com\/de\/\",\"name\":\"CSJ Emballages\",\"description\":\"\",\"publisher\":{\"@id\":\"https:\/\/www.csj-emballages.com\/de\/#organization\"},\"potentialAction\":[{\"@type\":\"SearchAction\",\"target\":{\"@type\":\"EntryPoint\",\"urlTemplate\":\"https:\/\/www.csj-emballages.com\/de\/?s={search_term_string}\"},\"query-input\":{\"@type\":\"PropertyValueSpecification\",\"valueRequired\":true,\"valueName\":\"search_term_string\"}}],\"inLanguage\":\"de\"},{\"@type\":\"Organization\",\"@id\":\"https:\/\/www.csj-emballages.com\/de\/#Organization\/\",\"name\":\"CSJ Emballages\",\"url\":\"https:\/\/www.csj-emballages.com\/de\/\",\"logo\":{\"@type\":\"ImageObject\",\"inLanguage\":\"de\",\"@id\":\"https:\/\/www.csj-emballages.com\/de\/#\/schema\/logo\/image\/\",\"url\":\"https:\/\/www.csj-emballages.com\/wp-content\/uploads\/2023\/10\/logo_csj.webp\",\"contentUrl\":\"https:\/\/www.csj-emballages.com\/wp-content\/uploads\/2023\/10\/logo_csj.webp\",\"width\":250,\"height\":95,\"caption\":\"CSJ Emballages\"},\"image\":{\"@id\":\"https:\/\/www.csj-emballages.com\/de\/#\/schema\/logo\/image\/\"},\"sameAs\":[\"https:\/\/www.facebook.com\/csjemballages\"],\"address\":{\"@type\":\"PostalAddress\",\"streetAddress\":\"ZI La Lechere\",\"addressLocality\":\"Patornay\",\"postalCode\":\"39130\",\"addressCountry\":\"FR\"},\"contactPoint\":[{\"@type\":\"ContactPoint\",\"contactType\":\"Service client\",\"telephone\":\"0384254272\",\"email\":\"contact@csj-emballages.com\"}]}]}<\/script>\n<!-- \/ Yoast SEO Premium plugin. -->","yoast_head_json":{"title":"Lebensmittelschale aus Karton Rechteckig - 750 ml","description":"Rechteckige Lebensmittel-Schale aus Karton, 750 ml, im 50er-Pack, ideal f\u00fcr warme und kalte Speisen. Umweltfreundlich, recycelbar, robust und praktisch.","robots":{"index":"index","follow":"follow","max-snippet":"max-snippet:-1","max-image-preview":"max-image-preview:large","max-video-preview":"max-video-preview:-1"},"canonical":"https:\/\/www.csj-emballages.com\/de\/produit\/lebensmittelschale-aus-karton-rechteckig-750-ml-pro-50\/","og_locale":"de_DE","og_type":"article","og_title":"Lebensmittelschale aus Karton, rechteckig, 750 ml","og_description":"Rechteckige Lebensmittel-Schale aus Karton, 750 ml, im 50er-Pack, ideal f\u00fcr warme und kalte Speisen. Umweltfreundlich, recycelbar, robust und praktisch.","og_url":"https:\/\/www.csj-emballages.com\/de\/produit\/lebensmittelschale-aus-karton-rechteckig-750-ml-pro-50\/","og_site_name":"CSJ Emballages","article_publisher":"https:\/\/www.facebook.com\/csjemballages","article_modified_time":"2026-05-08T00:11:01+00:00","og_image":[{"width":800,"height":800,"url":"https:\/\/www.csj-emballages.com\/wp-content\/uploads\/2024\/10\/BA750KGE-1.webp","type":"image\/webp"}],"twitter_card":"summary_large_image","twitter_title":"Lebensmittelschale aus Karton, rechteckig, 750 ml","twitter_description":"Rechteckige Lebensmittel-Schale aus Karton, 750 ml, im 50er-Pack, ideal f\u00fcr warme und kalte Speisen. Umweltfreundlich, recycelbar, robust und praktisch.","twitter_misc":{"Gesch\u00e4tzte Lesezeit":"3 Minuten"},"schema":{"@context":"https:\/\/schema.org","@graph":[{"@type":"WebPage","@id":"https:\/\/www.csj-emballages.com\/de\/produit\/lebensmittelschale-aus-karton-rechteckig-750-ml-pro-50\/","url":"https:\/\/www.csj-emballages.com\/de\/produit\/lebensmittelschale-aus-karton-rechteckig-750-ml-pro-50\/","name":"Lebensmittelschale aus Karton Rechteckig - 750 ml","isPartOf":{"@id":"https:\/\/www.csj-emballages.com\/de\/#website"},"primaryImageOfPage":{"@id":"https:\/\/www.csj-emballages.com\/de\/produit\/lebensmittelschale-aus-karton-rechteckig-750-ml-pro-50\/#primaryimage"},"image":{"@id":"https:\/\/www.csj-emballages.com\/de\/produit\/lebensmittelschale-aus-karton-rechteckig-750-ml-pro-50\/#primaryimage"},"thumbnailUrl":"https:\/\/www.csj-emballages.com\/wp-content\/uploads\/2024\/10\/BA750KGE-1.webp","datePublished":"2024-10-05T00:18:15+00:00","dateModified":"2026-05-08T00:11:01+00:00","description":"Rechteckige Lebensmittel-Schale aus Karton, 750 ml, im 50er-Pack, ideal f\u00fcr warme und kalte Speisen. Umweltfreundlich, recycelbar, robust und praktisch.","breadcrumb":{"@id":"https:\/\/www.csj-emballages.com\/de\/produit\/lebensmittelschale-aus-karton-rechteckig-750-ml-pro-50\/#breadcrumb"},"inLanguage":"de","potentialAction":[{"@type":"ReadAction","target":["https:\/\/www.csj-emballages.com\/de\/produit\/lebensmittelschale-aus-karton-rechteckig-750-ml-pro-50\/"]}]},{"@type":"ImageObject","inLanguage":"de","@id":"https:\/\/www.csj-emballages.com\/de\/produit\/lebensmittelschale-aus-karton-rechteckig-750-ml-pro-50\/#primaryimage","url":"https:\/\/www.csj-emballages.com\/wp-content\/uploads\/2024\/10\/BA750KGE-1.webp","contentUrl":"https:\/\/www.csj-emballages.com\/wp-content\/uploads\/2024\/10\/BA750KGE-1.webp","width":800,"height":800,"caption":"Barquette alimentaire"},{"@type":"BreadcrumbList","@id":"https:\/\/www.csj-emballages.com\/de\/produit\/lebensmittelschale-aus-karton-rechteckig-750-ml-pro-50\/#breadcrumb","itemListElement":[{"@type":"ListItem","position":1,"name":"Accueil","item":"https:\/\/www.csj-emballages.com\/de\/universum-lebensmittelverpackungen\/"},{"@type":"ListItem","position":2,"name":"Shop","item":"https:\/\/www.csj-emballages.com\/shop\/"},{"@type":"ListItem","position":3,"name":"Lebensmittelschale aus Karton rechteckig 750 ml pro 50"}]},{"@type":"WebSite","@id":"https:\/\/www.csj-emballages.com\/de\/#website","url":"https:\/\/www.csj-emballages.com\/de\/","name":"CSJ Emballages","description":"","publisher":{"@id":"https:\/\/www.csj-emballages.com\/de\/#organization"},"potentialAction":[{"@type":"SearchAction","target":{"@type":"EntryPoint","urlTemplate":"https:\/\/www.csj-emballages.com\/de\/?s={search_term_string}"},"query-input":{"@type":"PropertyValueSpecification","valueRequired":true,"valueName":"search_term_string"}}],"inLanguage":"de"},{"@type":"Organization","@id":"https:\/\/www.csj-emballages.com\/de\/#Organization\/","name":"CSJ Emballages","url":"https:\/\/www.csj-emballages.com\/de\/","logo":{"@type":"ImageObject","inLanguage":"de","@id":"https:\/\/www.csj-emballages.com\/de\/#\/schema\/logo\/image\/","url":"https:\/\/www.csj-emballages.com\/wp-content\/uploads\/2023\/10\/logo_csj.webp","contentUrl":"https:\/\/www.csj-emballages.com\/wp-content\/uploads\/2023\/10\/logo_csj.webp","width":250,"height":95,"caption":"CSJ Emballages"},"image":{"@id":"https:\/\/www.csj-emballages.com\/de\/#\/schema\/logo\/image\/"},"sameAs":["https:\/\/www.facebook.com\/csjemballages"],"address":{"@type":"PostalAddress","streetAddress":"ZI La Lechere","addressLocality":"Patornay","postalCode":"39130","addressCountry":"FR"},"contactPoint":[{"@type":"ContactPoint","contactType":"Service client","telephone":"0384254272","email":"contact@csj-emballages.com"}]}]}},"df_price":9.06,"df_sale_price":"","df_regular_price":9.06,"df_image_link":"https:\/\/www.csj-emballages.com\/wp-content\/uploads\/2024\/10\/BA750KGE-1-300x300.webp","tiered_pricing_type":"fixed","tiered_pricing_fixed_rules":[],"tiered_pricing_percentage_rules":[],"tiered_pricing_minimum":1,"tiered_pricing_roles_data":[],"_links":{"self":[{"href":"https:\/\/www.csj-emballages.com\/de\/wp-json\/wp\/v2\/product\/159508","targetHints":{"allow":["GET"]}}],"collection":[{"href":"https:\/\/www.csj-emballages.com\/de\/wp-json\/wp\/v2\/product"}],"about":[{"href":"https:\/\/www.csj-emballages.com\/de\/wp-json\/wp\/v2\/types\/product"}],"wp:featuredmedia":[{"embeddable":true,"href":"https:\/\/www.csj-emballages.com\/de\/wp-json\/wp\/v2\/media\/279012"}],"wp:attachment":[{"href":"https:\/\/www.csj-emballages.com\/de\/wp-json\/wp\/v2\/media?parent=159508"}],"wp:term":[{"taxonomy":"product_brand","embeddable":true,"href":"https:\/\/www.csj-emballages.com\/de\/wp-json\/wp\/v2\/product_brand?post=159508"},{"taxonomy":"product_cat","embeddable":true,"href":"https:\/\/www.csj-emballages.com\/de\/wp-json\/wp\/v2\/product_cat?post=159508"},{"taxonomy":"product_tag","embeddable":true,"href":"https:\/\/www.csj-emballages.com\/de\/wp-json\/wp\/v2\/product_tag?post=159508"}],"curies":[{"name":"wp","href":"https:\/\/api.w.org\/{rel}","templated":true}]}}