{"id":126805,"date":"2024-03-01T16:55:52","date_gmt":"2024-03-01T15:55:52","guid":{"rendered":"https:\/\/www.csj-emballages.com\/produit\/50-pastaschachteln-aus-weissem-karton-28-x-8-cm\/"},"modified":"2026-04-15T02:11:57","modified_gmt":"2026-04-15T00:11:57","slug":"25-pastaschachteln-aus-weissem-karton-28-x-8-cm","status":"publish","type":"product","link":"https:\/\/www.csj-emballages.com\/de\/produit\/25-pastaschachteln-aus-weissem-karton-28-x-8-cm\/","title":{"rendered":"Konditoreidose aus wei\u00dfem Karton 29 x 8 cm pro 25 St\u00fcck"},"content":{"rendered":"<h2 class=\"ai-optimize-33\">Konditoreischachtel<\/h2>\n<hr>\n<h3 class=\"ai-optimize-34\">Beschreibung unserer Konditoreischachtel aus wei\u00dfem Karton 29 x 8 cm pro 25 St\u00fcck<\/h3>\n<p><!--more--><\/p>\n<div class=\"flex-1 overflow-hidden\">\n<div class=\"h-full\">\n<div class=\"react-scroll-to-bottom--css-topht-79elbk h-full\">\n<div class=\"react-scroll-to-bottom--css-topht-1n7m0yu\">\n<div class=\"flex flex-col text-sm md:pb-9\">\n<article class=\"w-full text-token-text-primary focus-visible:outline-2 focus-visible:outline-offset-[-4px]\" dir=\"auto\" data-testid=\"conversation-turn-3\" data-scroll-anchor=\"true\">\n<div class=\"text-base py-[18px] px-3 md:px-4 m-auto w-full md:px-5 lg:px-1 xl:px-5\">\n<div class=\"mx-auto flex flex-1 gap-4 text-base md:gap-5 lg:gap-6 md:max-w-3xl lg:max-w-[40rem] xl:max-w-[48rem]\">\n<div class=\"group\/conversation-turn relative flex w-full min-w-0 flex-col agent-turn\">\n<div class=\"flex-col gap-1 md:gap-3\">\n<div class=\"flex max-w-full flex-col flex-grow\">\n<div class=\"min-h-[20px] text-message flex w-full flex-col items-end gap-2 whitespace-normal break-words [.text-message+&amp;]:mt-5\" dir=\"auto\" data-message-author-role=\"assistant\" data-message-id=\"9b3be93c-2125-4d4a-a54f-505a21bded71\">\n<div class=\"flex w-full flex-col gap-1 empty:hidden first:pt-[3px]\">\n<div class=\"markdown prose w-full break-words dark:prose-invert light\">\n<div class=\"flex-1 overflow-hidden\">\n<div class=\"h-full\">\n<div class=\"react-scroll-to-bottom--css-topht-79elbk h-full\">\n<div class=\"react-scroll-to-bottom--css-topht-1n7m0yu\">\n<div class=\"flex flex-col text-sm md:pb-9\">\n<article class=\"w-full text-token-text-primary focus-visible:outline-2 focus-visible:outline-offset-[-4px]\" dir=\"auto\" data-testid=\"conversation-turn-3\" data-scroll-anchor=\"true\">\n<div class=\"text-base py-[18px] px-3 md:px-4 m-auto w-full md:px-5 lg:px-1 xl:px-5\">\n<div class=\"mx-auto flex flex-1 gap-4 text-base md:gap-5 lg:gap-6 md:max-w-3xl lg:max-w-[40rem] xl:max-w-[48rem]\">\n<div class=\"group\/conversation-turn relative flex w-full min-w-0 flex-col agent-turn\">\n<div class=\"flex-col gap-1 md:gap-3\">\n<div class=\"flex max-w-full flex-col flex-grow\">\n<div class=\"min-h-[20px] text-message flex w-full flex-col items-end gap-2 whitespace-normal break-words [.text-message+&amp;]:mt-5\" dir=\"auto\" data-message-author-role=\"assistant\" data-message-id=\"9b3be93c-2125-4d4a-a54f-505a21bded71\">\n<div class=\"flex w-full flex-col gap-1 empty:hidden first:pt-[3px]\">\n<div class=\"markdown prose w-full break-words dark:prose-invert light\">\n<p class=\"ai-optimize-26 ai-optimize-introduction\" data-start=\"198\" data-end=\"554\">Diese <strong>wei\u00dfe<\/strong> <strong>Konditoreischachtel<\/strong> aus <strong>Karton<\/strong> im Format <strong>29 x 8 cm<\/strong> ist perfekt f\u00fcr professionelle <strong>Konditoren<\/strong> oder anspruchsvolle Hobbyb\u00e4cker. Sie wurde entwickelt, um Zweckm\u00e4\u00dfigkeit, Stabilit\u00e4t und \u00c4sthetik zu vereinen. Ihr kompaktes Format ist ideal zum Verpacken von kleinen Leckereien: einzelne Kuchenst\u00fccke, Mignardises, Petits Fours oder auch selbstgebackenes M\u00fcrbegeb\u00e4ck. <\/p>\n<p class=\"ai-optimize-27\" data-start=\"556\" data-end=\"977\">Aus hochwertigem <strong>Karton<\/strong> gefertigt, bietet sie einen guten Halt und einen wirksamen Schutz w\u00e4hrend des Transports. Ob f\u00fcr einen Verkauf in einer Boutique, eine Bestellung zum Mitnehmen oder sogar als Geschenk f\u00fcr eine selbstgemachte s\u00fc\u00dfe Kreation, diese <strong>Konditoreischachtel<\/strong> sorgt f\u00fcr eine gepflegte und professionelle Pr\u00e4sentation. Dank ihrer neutralen <strong>wei\u00dfen<\/strong> Farbe passt sie zu jeder Art von Welt oder Personalisierung (Etiketten, Stempel, B\u00e4nder&#8230;).  <\/p>\n<p class=\"ai-optimize-28\" data-start=\"979\" data-end=\"1189\">Sie ist stapelbar und wird flach geliefert, ist einfach aufzubauen und nimmt nur wenig Platz im Lager ein. Diese Packung mit <strong>25 St\u00fcck<\/strong> ist perfekt, um Ihren t\u00e4glichen Bedarf ohne Unterbrechung zu decken und gleichzeitig Ihren Lagerbestand zu kontrollieren. <\/p>\n<p class=\"ai-optimize-29\" data-start=\"1191\" data-end=\"1329\">Kurz gesagt: Es ist ein unverzichtbares Alltagsutensil f\u00fcr jeden Konditor, Feinkosth\u00e4ndler oder Privatmann, der sich f\u00fcr gut verpackte Leckereien begeistert!<\/p>\n<p><!--more--><\/p>\n<\/div>\n<\/div>\n<\/div>\n<\/div>\n<\/div>\n<\/div>\n<\/div>\n<\/div>\n<\/article>\n<\/div>\n<\/div>\n<\/div>\n<\/div>\n<\/div>\n<div class=\"flex-1 overflow-hidden\">\n<div class=\"h-full\">\n<div class=\"react-scroll-to-bottom--css-topht-79elbk h-full\">\n<div class=\"react-scroll-to-bottom--css-topht-1n7m0yu\">\n<div class=\"flex flex-col text-sm md:pb-9\">\n<article class=\"w-full text-token-text-primary focus-visible:outline-2 focus-visible:outline-offset-[-4px]\" dir=\"auto\" data-testid=\"conversation-turn-3\" data-scroll-anchor=\"true\">\n<div class=\"text-base py-[18px] px-3 md:px-4 m-auto w-full md:px-5 lg:px-1 xl:px-5\">\n<div class=\"mx-auto flex flex-1 gap-4 text-base md:gap-5 lg:gap-6 md:max-w-3xl lg:max-w-[40rem] xl:max-w-[48rem]\">\n<div class=\"group\/conversation-turn relative flex w-full min-w-0 flex-col agent-turn\">\n<div class=\"flex-col gap-1 md:gap-3\">\n<div class=\"flex max-w-full flex-col flex-grow\">\n<div class=\"min-h-[20px] text-message flex w-full flex-col items-end gap-2 whitespace-normal break-words [.text-message+&amp;]:mt-5\" dir=\"auto\" data-message-author-role=\"assistant\" data-message-id=\"9b3be93c-2125-4d4a-a54f-505a21bded71\">\n<div class=\"flex w-full flex-col gap-1 empty:hidden first:pt-[3px]\">\n<div class=\"markdown prose w-full break-words dark:prose-invert light\">\n<p class=\"ai-optimize-35\">Sie k\u00f6nnen sie f\u00fcr verschiedene Arten von Geb\u00e4ck verwenden, von Kuchen bis hin zu Kleingeb\u00e4ck.<\/p>\n<\/div>\n<\/div>\n<\/div>\n<\/div>\n<\/div>\n<\/div>\n<\/div>\n<\/div>\n<\/article>\n<\/div>\n<\/div>\n<\/div>\n<\/div>\n<\/div>\n<p>&nbsp;<\/p>\n<p><!--more--><\/p>\n<h4 class=\"ai-optimize-36\"><strong>Ihre Vorteile :<\/strong><\/h4>\n<ul>\n<li class=\"ai-optimize-37\">Ideales Format f\u00fcr verschiedene Geb\u00e4cke oder s\u00fc\u00dfe Leckereien.<\/li>\n<li class=\"ai-optimize-37\">Diese Konditoreischachtel aus Karton ist steif und widerstandsf\u00e4hig.<\/li>\n<li class=\"ai-optimize-39\">Einfacher und schneller Aufbau.<\/li>\n<li class=\"ai-optimize-40\">Neutrale, elegante wei\u00dfe Farbe.<\/li>\n<li class=\"ai-optimize-46\">Sparpack mit 25 Schachteln.<\/li>\n<\/ul>\n<p>&nbsp;<\/p>\n<p><!--more--><\/p>\n<p class=\"ai-optimize-47\">Alle unsere Konditoreidosen in der H\u00f6he 8 cm sind hier erh\u00e4ltlich : <span style=\"color: #d12727;\"><a style=\"color: #d12727;\" href=\"https:\/\/www.csj-emballages.com\/es\/produit\/50-cajas-de-carton-blanco-para-pasteleria-de-16-x-8-cm\/\">16 x 8 cm<\/a><\/span> \/ <span style=\"color: #d12727;\"><a style=\"color: #d12727;\" href=\"https:\/\/www.csj-emballages.com\/es\/produit\/50-cajas-de-carton-blanco-para-pasteleria-de-18-x-8-cm\/\">18 x 8 cm<\/a><\/span> \/ <span style=\"color: #d12727;\"><a style=\"color: #d12727;\" href=\"https:\/\/www.csj-emballages.com\/es\/produit\/50-cajas-de-carton-blanco-para-pasteleria-de-20-x-8-cm\/\">20 x 8 cm<\/a><\/span> \/ <span style=\"color: #d12727;\"><a style=\"color: #d12727;\" href=\"https:\/\/www.csj-emballages.com\/es\/produit\/50-cajas-de-carton-blanco-para-pasteleria-de-22-x-8-cm\/\">22 x 8 cm<\/a><\/span> \/ <span style=\"color: #d12727;\"><a style=\"color: #d12727;\" href=\"https:\/\/www.csj-emballages.com\/es\/produit\/50-cajas-de-carton-blanco-para-pasteleria-de-25-x-8-cm\/\">26 x 8 cm<\/a><\/span> \/ <span style=\"color: #d12727;\"><a style=\"color: #d12727;\" href=\"https:\/\/www.csj-emballages.com\/es\/produit\/50-cajas-de-carton-blanco-para-pasteleria-32-x-8-cm\/\">32 x 8 cm<\/a><\/span><\/p>\n<p>&nbsp;<\/p>\n<p><!--more--><\/p>\n<p class=\"ai-optimize-41\"><a href=\"https:\/\/www.csj-emballages.com\/de\/categorie-produit\/lebensmittelverpackungen\/backerei-und-konditorei\/schachteln-und-etuis\/gebackschachteln\/weise-gebackschachteln\/\">Sehen Sie sich den Rest unseres Sortiments an wei\u00dfen Geb\u00e4ckdosen an.<\/a><\/p>\n<\/div>\n<\/div>\n<\/div>\n<\/div>\n<\/div>\n<\/div>\n<\/div>\n<\/div>\n<\/article>\n<\/div>\n<\/div>\n<\/div>\n<\/div>\n<\/div>\n","protected":false},"excerpt":{"rendered":"<p>Konditoreischachtel Beschreibung unserer Konditoreischachtel aus wei\u00dfem Karton 29 x 8 cm pro 25 St\u00fcck<\/p>\n","protected":false},"featured_media":237397,"template":"","meta":{"_acf_changed":false},"product_brand":[],"product_cat":[1137,1171,1256,2317],"product_tag":[],"class_list":{"0":"post-126805","1":"product","2":"type-product","3":"status-publish","4":"has-post-thumbnail","6":"product_cat-lebensmittelverpackungen","7":"product_cat-backerei-und-konditorei","8":"product_cat-gebackschachteln","9":"product_cat-weise-gebackschachteln","11":"first","12":"instock","13":"taxable","14":"shipping-taxable","15":"purchasable","16":"product-type-simple"},"acf":[],"yoast_head":"<!-- This site is optimized with the Yoast SEO Premium plugin v26.6 (Yoast SEO v26.6) - https:\/\/yoast.com\/wordpress\/plugins\/seo\/ -->\n<title>Konditoreibox aus wei\u00dfem Karton 29 x 8 cm pro 25 St\u00fcck<\/title>\n<meta name=\"description\" content=\"Konditoreischachtel aus wei\u00dfem Karton 29x8 cm - 25er-Set Ideal f\u00fcr Einzelportionen, widerstandsf\u00e4hig und elegant. Praktisch f\u00fcr Profis und Privatpersonen.\" \/>\n<meta name=\"robots\" content=\"index, follow, max-snippet:-1, max-image-preview:large, max-video-preview:-1\" \/>\n<link rel=\"canonical\" href=\"https:\/\/www.csj-emballages.com\/de\/produit\/25-pastaschachteln-aus-weissem-karton-28-x-8-cm\/\" \/>\n<meta property=\"og:locale\" content=\"de_DE\" \/>\n<meta property=\"og:type\" content=\"article\" \/>\n<meta property=\"og:title\" content=\"Konditoreidose aus wei\u00dfem Karton 29 x 8 cm pro 25 St\u00fcck\" \/>\n<meta property=\"og:description\" content=\"Konditoreischachtel aus wei\u00dfem Karton 29x8 cm - 25er-Set Ideal f\u00fcr Einzelportionen, widerstandsf\u00e4hig und elegant. Praktisch f\u00fcr Profis und Privatpersonen.\" \/>\n<meta property=\"og:url\" content=\"https:\/\/www.csj-emballages.com\/de\/produit\/25-pastaschachteln-aus-weissem-karton-28-x-8-cm\/\" \/>\n<meta property=\"og:site_name\" content=\"CSJ Emballages\" \/>\n<meta property=\"article:publisher\" content=\"https:\/\/www.facebook.com\/csjemballages\" \/>\n<meta property=\"article:modified_time\" content=\"2026-04-15T00:11:57+00:00\" \/>\n<meta property=\"og:image\" content=\"https:\/\/www.csj-emballages.com\/wp-content\/uploads\/2024\/03\/Boite-patissiere-x8.webp\" \/>\n\t<meta property=\"og:image:width\" content=\"800\" \/>\n\t<meta property=\"og:image:height\" content=\"799\" \/>\n\t<meta property=\"og:image:type\" content=\"image\/webp\" \/>\n<meta name=\"twitter:card\" content=\"summary_large_image\" \/>\n<meta name=\"twitter:label1\" content=\"Gesch\u00e4tzte Lesezeit\" \/>\n\t<meta name=\"twitter:data1\" content=\"2 Minuten\" \/>\n<script type=\"application\/ld+json\" class=\"yoast-schema-graph\">{\"@context\":\"https:\/\/schema.org\",\"@graph\":[{\"@type\":\"WebPage\",\"@id\":\"https:\/\/www.csj-emballages.com\/de\/produit\/25-pastaschachteln-aus-weissem-karton-28-x-8-cm\/\",\"url\":\"https:\/\/www.csj-emballages.com\/de\/produit\/25-pastaschachteln-aus-weissem-karton-28-x-8-cm\/\",\"name\":\"Konditoreibox aus wei\u00dfem Karton 29 x 8 cm pro 25 St\u00fcck\",\"isPartOf\":{\"@id\":\"https:\/\/www.csj-emballages.com\/de\/#website\"},\"primaryImageOfPage\":{\"@id\":\"https:\/\/www.csj-emballages.com\/de\/produit\/25-pastaschachteln-aus-weissem-karton-28-x-8-cm\/#primaryimage\"},\"image\":{\"@id\":\"https:\/\/www.csj-emballages.com\/de\/produit\/25-pastaschachteln-aus-weissem-karton-28-x-8-cm\/#primaryimage\"},\"thumbnailUrl\":\"https:\/\/www.csj-emballages.com\/wp-content\/uploads\/2024\/03\/Boite-patissiere-x8.webp\",\"datePublished\":\"2024-03-01T15:55:52+00:00\",\"dateModified\":\"2026-04-15T00:11:57+00:00\",\"description\":\"Konditoreischachtel aus wei\u00dfem Karton 29x8 cm - 25er-Set Ideal f\u00fcr Einzelportionen, widerstandsf\u00e4hig und elegant. Praktisch f\u00fcr Profis und Privatpersonen.\",\"breadcrumb\":{\"@id\":\"https:\/\/www.csj-emballages.com\/de\/produit\/25-pastaschachteln-aus-weissem-karton-28-x-8-cm\/#breadcrumb\"},\"inLanguage\":\"de\",\"potentialAction\":[{\"@type\":\"ReadAction\",\"target\":[\"https:\/\/www.csj-emballages.com\/de\/produit\/25-pastaschachteln-aus-weissem-karton-28-x-8-cm\/\"]}]},{\"@type\":\"ImageObject\",\"inLanguage\":\"de\",\"@id\":\"https:\/\/www.csj-emballages.com\/de\/produit\/25-pastaschachteln-aus-weissem-karton-28-x-8-cm\/#primaryimage\",\"url\":\"https:\/\/www.csj-emballages.com\/wp-content\/uploads\/2024\/03\/Boite-patissiere-x8.webp\",\"contentUrl\":\"https:\/\/www.csj-emballages.com\/wp-content\/uploads\/2024\/03\/Boite-patissiere-x8.webp\",\"width\":800,\"height\":799,\"caption\":\"Boite p\u00e2tissi\u00e8re\"},{\"@type\":\"BreadcrumbList\",\"@id\":\"https:\/\/www.csj-emballages.com\/de\/produit\/25-pastaschachteln-aus-weissem-karton-28-x-8-cm\/#breadcrumb\",\"itemListElement\":[{\"@type\":\"ListItem\",\"position\":1,\"name\":\"Accueil\",\"item\":\"https:\/\/www.csj-emballages.com\/de\/universum-lebensmittelverpackungen\/\"},{\"@type\":\"ListItem\",\"position\":2,\"name\":\"Shop\",\"item\":\"https:\/\/www.csj-emballages.com\/shop\/\"},{\"@type\":\"ListItem\",\"position\":3,\"name\":\"Konditoreidose aus wei\u00dfem Karton 29 x 8 cm pro 25 St\u00fcck\"}]},{\"@type\":\"WebSite\",\"@id\":\"https:\/\/www.csj-emballages.com\/de\/#website\",\"url\":\"https:\/\/www.csj-emballages.com\/de\/\",\"name\":\"CSJ Emballages\",\"description\":\"\",\"publisher\":{\"@id\":\"https:\/\/www.csj-emballages.com\/de\/#organization\"},\"potentialAction\":[{\"@type\":\"SearchAction\",\"target\":{\"@type\":\"EntryPoint\",\"urlTemplate\":\"https:\/\/www.csj-emballages.com\/de\/?s={search_term_string}\"},\"query-input\":{\"@type\":\"PropertyValueSpecification\",\"valueRequired\":true,\"valueName\":\"search_term_string\"}}],\"inLanguage\":\"de\"},{\"@type\":\"Organization\",\"@id\":\"https:\/\/www.csj-emballages.com\/de\/#Organization\/\",\"name\":\"CSJ Emballages\",\"url\":\"https:\/\/www.csj-emballages.com\/de\/\",\"logo\":{\"@type\":\"ImageObject\",\"inLanguage\":\"de\",\"@id\":\"https:\/\/www.csj-emballages.com\/de\/#\/schema\/logo\/image\/\",\"url\":\"https:\/\/www.csj-emballages.com\/wp-content\/uploads\/2023\/10\/logo_csj.webp\",\"contentUrl\":\"https:\/\/www.csj-emballages.com\/wp-content\/uploads\/2023\/10\/logo_csj.webp\",\"width\":250,\"height\":95,\"caption\":\"CSJ Emballages\"},\"image\":{\"@id\":\"https:\/\/www.csj-emballages.com\/de\/#\/schema\/logo\/image\/\"},\"sameAs\":[\"https:\/\/www.facebook.com\/csjemballages\"],\"address\":{\"@type\":\"PostalAddress\",\"streetAddress\":\"ZI La Lechere\",\"addressLocality\":\"Patornay\",\"postalCode\":\"39130\",\"addressCountry\":\"FR\"},\"contactPoint\":[{\"@type\":\"ContactPoint\",\"contactType\":\"Service client\",\"telephone\":\"0384254272\",\"email\":\"contact@csj-emballages.com\"}]}]}<\/script>\n<!-- \/ Yoast SEO Premium plugin. -->","yoast_head_json":{"title":"Konditoreibox aus wei\u00dfem Karton 29 x 8 cm pro 25 St\u00fcck","description":"Konditoreischachtel aus wei\u00dfem Karton 29x8 cm - 25er-Set Ideal f\u00fcr Einzelportionen, widerstandsf\u00e4hig und elegant. Praktisch f\u00fcr Profis und Privatpersonen.","robots":{"index":"index","follow":"follow","max-snippet":"max-snippet:-1","max-image-preview":"max-image-preview:large","max-video-preview":"max-video-preview:-1"},"canonical":"https:\/\/www.csj-emballages.com\/de\/produit\/25-pastaschachteln-aus-weissem-karton-28-x-8-cm\/","og_locale":"de_DE","og_type":"article","og_title":"Konditoreidose aus wei\u00dfem Karton 29 x 8 cm pro 25 St\u00fcck","og_description":"Konditoreischachtel aus wei\u00dfem Karton 29x8 cm - 25er-Set Ideal f\u00fcr Einzelportionen, widerstandsf\u00e4hig und elegant. Praktisch f\u00fcr Profis und Privatpersonen.","og_url":"https:\/\/www.csj-emballages.com\/de\/produit\/25-pastaschachteln-aus-weissem-karton-28-x-8-cm\/","og_site_name":"CSJ Emballages","article_publisher":"https:\/\/www.facebook.com\/csjemballages","article_modified_time":"2026-04-15T00:11:57+00:00","og_image":[{"width":800,"height":799,"url":"https:\/\/www.csj-emballages.com\/wp-content\/uploads\/2024\/03\/Boite-patissiere-x8.webp","type":"image\/webp"}],"twitter_card":"summary_large_image","twitter_misc":{"Gesch\u00e4tzte Lesezeit":"2 Minuten"},"schema":{"@context":"https:\/\/schema.org","@graph":[{"@type":"WebPage","@id":"https:\/\/www.csj-emballages.com\/de\/produit\/25-pastaschachteln-aus-weissem-karton-28-x-8-cm\/","url":"https:\/\/www.csj-emballages.com\/de\/produit\/25-pastaschachteln-aus-weissem-karton-28-x-8-cm\/","name":"Konditoreibox aus wei\u00dfem Karton 29 x 8 cm pro 25 St\u00fcck","isPartOf":{"@id":"https:\/\/www.csj-emballages.com\/de\/#website"},"primaryImageOfPage":{"@id":"https:\/\/www.csj-emballages.com\/de\/produit\/25-pastaschachteln-aus-weissem-karton-28-x-8-cm\/#primaryimage"},"image":{"@id":"https:\/\/www.csj-emballages.com\/de\/produit\/25-pastaschachteln-aus-weissem-karton-28-x-8-cm\/#primaryimage"},"thumbnailUrl":"https:\/\/www.csj-emballages.com\/wp-content\/uploads\/2024\/03\/Boite-patissiere-x8.webp","datePublished":"2024-03-01T15:55:52+00:00","dateModified":"2026-04-15T00:11:57+00:00","description":"Konditoreischachtel aus wei\u00dfem Karton 29x8 cm - 25er-Set Ideal f\u00fcr Einzelportionen, widerstandsf\u00e4hig und elegant. Praktisch f\u00fcr Profis und Privatpersonen.","breadcrumb":{"@id":"https:\/\/www.csj-emballages.com\/de\/produit\/25-pastaschachteln-aus-weissem-karton-28-x-8-cm\/#breadcrumb"},"inLanguage":"de","potentialAction":[{"@type":"ReadAction","target":["https:\/\/www.csj-emballages.com\/de\/produit\/25-pastaschachteln-aus-weissem-karton-28-x-8-cm\/"]}]},{"@type":"ImageObject","inLanguage":"de","@id":"https:\/\/www.csj-emballages.com\/de\/produit\/25-pastaschachteln-aus-weissem-karton-28-x-8-cm\/#primaryimage","url":"https:\/\/www.csj-emballages.com\/wp-content\/uploads\/2024\/03\/Boite-patissiere-x8.webp","contentUrl":"https:\/\/www.csj-emballages.com\/wp-content\/uploads\/2024\/03\/Boite-patissiere-x8.webp","width":800,"height":799,"caption":"Boite p\u00e2tissi\u00e8re"},{"@type":"BreadcrumbList","@id":"https:\/\/www.csj-emballages.com\/de\/produit\/25-pastaschachteln-aus-weissem-karton-28-x-8-cm\/#breadcrumb","itemListElement":[{"@type":"ListItem","position":1,"name":"Accueil","item":"https:\/\/www.csj-emballages.com\/de\/universum-lebensmittelverpackungen\/"},{"@type":"ListItem","position":2,"name":"Shop","item":"https:\/\/www.csj-emballages.com\/shop\/"},{"@type":"ListItem","position":3,"name":"Konditoreidose aus wei\u00dfem Karton 29 x 8 cm pro 25 St\u00fcck"}]},{"@type":"WebSite","@id":"https:\/\/www.csj-emballages.com\/de\/#website","url":"https:\/\/www.csj-emballages.com\/de\/","name":"CSJ Emballages","description":"","publisher":{"@id":"https:\/\/www.csj-emballages.com\/de\/#organization"},"potentialAction":[{"@type":"SearchAction","target":{"@type":"EntryPoint","urlTemplate":"https:\/\/www.csj-emballages.com\/de\/?s={search_term_string}"},"query-input":{"@type":"PropertyValueSpecification","valueRequired":true,"valueName":"search_term_string"}}],"inLanguage":"de"},{"@type":"Organization","@id":"https:\/\/www.csj-emballages.com\/de\/#Organization\/","name":"CSJ Emballages","url":"https:\/\/www.csj-emballages.com\/de\/","logo":{"@type":"ImageObject","inLanguage":"de","@id":"https:\/\/www.csj-emballages.com\/de\/#\/schema\/logo\/image\/","url":"https:\/\/www.csj-emballages.com\/wp-content\/uploads\/2023\/10\/logo_csj.webp","contentUrl":"https:\/\/www.csj-emballages.com\/wp-content\/uploads\/2023\/10\/logo_csj.webp","width":250,"height":95,"caption":"CSJ Emballages"},"image":{"@id":"https:\/\/www.csj-emballages.com\/de\/#\/schema\/logo\/image\/"},"sameAs":["https:\/\/www.facebook.com\/csjemballages"],"address":{"@type":"PostalAddress","streetAddress":"ZI La Lechere","addressLocality":"Patornay","postalCode":"39130","addressCountry":"FR"},"contactPoint":[{"@type":"ContactPoint","contactType":"Service client","telephone":"0384254272","email":"contact@csj-emballages.com"}]}]}},"df_price":9.95,"df_sale_price":"","df_regular_price":9.95,"df_image_link":"https:\/\/www.csj-emballages.com\/wp-content\/uploads\/2024\/03\/Boite-patissiere-x8-300x300.webp","tiered_pricing_type":"fixed","tiered_pricing_fixed_rules":[],"tiered_pricing_percentage_rules":[],"tiered_pricing_minimum":1,"tiered_pricing_roles_data":[],"_links":{"self":[{"href":"https:\/\/www.csj-emballages.com\/de\/wp-json\/wp\/v2\/product\/126805","targetHints":{"allow":["GET"]}}],"collection":[{"href":"https:\/\/www.csj-emballages.com\/de\/wp-json\/wp\/v2\/product"}],"about":[{"href":"https:\/\/www.csj-emballages.com\/de\/wp-json\/wp\/v2\/types\/product"}],"wp:featuredmedia":[{"embeddable":true,"href":"https:\/\/www.csj-emballages.com\/de\/wp-json\/wp\/v2\/media\/237397"}],"wp:attachment":[{"href":"https:\/\/www.csj-emballages.com\/de\/wp-json\/wp\/v2\/media?parent=126805"}],"wp:term":[{"taxonomy":"product_brand","embeddable":true,"href":"https:\/\/www.csj-emballages.com\/de\/wp-json\/wp\/v2\/product_brand?post=126805"},{"taxonomy":"product_cat","embeddable":true,"href":"https:\/\/www.csj-emballages.com\/de\/wp-json\/wp\/v2\/product_cat?post=126805"},{"taxonomy":"product_tag","embeddable":true,"href":"https:\/\/www.csj-emballages.com\/de\/wp-json\/wp\/v2\/product_tag?post=126805"}],"curies":[{"name":"wp","href":"https:\/\/api.w.org\/{rel}","templated":true}]}}