{"id":126785,"date":"2024-03-01T16:55:52","date_gmt":"2024-03-01T15:55:52","guid":{"rendered":"https:\/\/www.csj-emballages.com\/produit\/25-patisserieboxen-sensation-aus-farbigem-karton-33-x-5-cm\/"},"modified":"2026-05-06T09:00:59","modified_gmt":"2026-05-06T07:00:59","slug":"25-patisserieboxen-sensation-aus-farbigem-karton-33-x-5-cm","status":"publish","type":"product","link":"https:\/\/www.csj-emballages.com\/de\/produit\/25-patisserieboxen-sensation-aus-farbigem-karton-33-x-5-cm\/","title":{"rendered":"Pastaschachtel aus farbigem Karton Lektion 33 x 5 cm pro 25"},"content":{"rendered":"<h2>Konditoreischachtel<\/h2>\n<hr>\n<h3>Beschreibung unserer Pastaschachtel aus farbigem Karton Lektion 33 x 5 cm pro 25<\/h3>\n<p><!--more--><\/p>\n<p data-start=\"28\" data-end=\"427\">Verleihen Sie Ihren Pr\u00e4sentationen einen Hauch von Eleganz und Praktikabilit\u00e4t mit dieser <strong data-start=\"106\" data-end=\"161\">Patisserie-Schachtel aus farbigem Karton &#8222;Le\u00e7on&#8220; 33 x 5 cm.<\/strong> Sie wurde f\u00fcr <strong data-start=\"179\" data-end=\"218\">Konditoren, Caterer und B\u00e4cker<\/strong> entwickelt und ist ideal, um Ihre Kuchen, Torten und Desserts sicher zu verpacken und zu transportieren. Ihr raffiniertes und farbenfrohes Design bringt Ihre k\u00f6stlichen Kreationen zur Geltung und bietet gleichzeitig einen optimalen Schutz. Die aus <strong data-start=\"442\" data-end=\"459\">festem Karton<\/strong> gefertigte Tasche bietet eine ausgezeichnete Sto\u00dffestigkeit und bewahrt die Unversehrtheit Ihrer Backwaren. Dank ihres praktischen Designs l\u00e4sst sie sich <strong data-start=\"593\" data-end=\"613\">leicht aufstellen<\/strong> und f\u00fcr einen sicheren Transport fest verschlie\u00dfen. Ihr l\u00e4ngliches Format eignet sich besonders f\u00fcr Stollen, Mille-feuilles und andere rechteckige Desserts.     <\/p>\n<p data-start=\"780\" data-end=\"971\">Ob Sie nun ein Profi oder ein Privatmann mit einer Leidenschaft f\u00fcr Backwaren sind, diese Box ist eine \u00e4sthetische und zugleich funktionale L\u00f6sung, um Ihre s\u00fc\u00dfen Leckereien zu veredeln und zu sch\u00fctzen.<\/p>\n<p>&nbsp;<\/p>\n<p><!--more--><\/p>\n<p>Bieten Sie Ihren Kunden ein einzigartiges Erlebnis mit diesen <strong>Konditoreidosen Le\u00e7on 33&#215;5 cm<\/strong>, die Stil, Praktikabilit\u00e4t und Umweltfreundlichkeit vereinen.<\/p>\n<p>&nbsp;<\/p>\n<p><!--more--><\/p>\n<p><strong>Ihre Vorteile :<\/strong><\/p>\n<ul>\n<li data-start=\"1142\" data-end=\"1224\"><strong data-start=\"1144\" data-end=\"1172\">Farbenfrohes und elegantes Design<\/strong>, um Backwaren optimal zur Geltung zu bringen.<\/li>\n<li data-start=\"1225\" data-end=\"1289\"><strong data-start=\"1227\" data-end=\"1257\">Starker, fester Karton<\/strong> f\u00fcr maximalen Schutz.<\/li>\n<li data-start=\"1290\" data-end=\"1359\"><strong data-start=\"1292\" data-end=\"1323\">Einfach zu montieren und zu schlie\u00dfen<\/strong> f\u00fcr eine praktische und schnelle Nutzung.<\/li>\n<li data-start=\"1360\" data-end=\"1429\"><strong data-start=\"1362\" data-end=\"1380\">Kleine H\u00f6he<\/strong> perfekt f\u00fcr Torten<\/li>\n<li data-start=\"1430\" data-end=\"1517\" data-is-last-node=\"\"><strong data-start=\"1432\" data-end=\"1479\">Geeignet f\u00fcr Profis und Privatpersonen<\/strong> f\u00fcr alle Ihre Gourmetkreationen.<\/li>\n<\/ul>\n<p>&nbsp;<\/p>\n<p><!--more--><\/p>\n<p>Dieses Produkt ist auch im Kistenformat mit Griff erh\u00e4ltlich: <span style=\"color: #d12727;\"><a style=\"color: #d12727;\" href=\"https:\/\/www.csj-emballages.com\/de\/categorie-produit\/lebensmittelverpackungen\/backerei-und-konditorei\/kisten-de\/gebackkisten-mit-griffen\/farbige-gebackkisten\/\">K\u00e4stchen f\u00fcr Geb\u00e4ck Le\u00e7on<\/a><\/span><\/p>\n<p>&nbsp;<\/p>\n<p><!--more--><\/p>\n<p><a href=\"https:\/\/www.csj-emballages.com\/de\/categorie-produit\/lebensmittelverpackungen\/backerei-und-konditorei\/schachteln-und-etuis\/gebackschachteln\/bunte-gebackschachteln\/\">Sehen Sie sich den Rest unseres Sortiments an bunten Konditoreidosen an.<\/a><\/p>\n","protected":false},"excerpt":{"rendered":"<p>Konditoreischachtel Beschreibung unserer Pastaschachtel aus farbigem Karton Lektion 33 x 5 cm pro 25<\/p>\n","protected":false},"featured_media":227841,"template":"","meta":{"_acf_changed":false},"product_brand":[],"product_cat":[1137,1171,3964,1256,1261,9271,1265],"product_tag":[],"class_list":{"0":"post-126785","1":"product","2":"type-product","3":"status-publish","4":"has-post-thumbnail","6":"product_cat-lebensmittelverpackungen","7":"product_cat-backerei-und-konditorei","8":"product_cat-schachteln-und-etuis","9":"product_cat-gebackschachteln","10":"product_cat-bunte-gebackschachteln","11":"product_cat-bunte-keksdosen-lektion","12":"product_cat-lagerbestande-promotion","14":"first","15":"instock","16":"sale","17":"taxable","18":"shipping-taxable","19":"purchasable","20":"product-type-simple"},"acf":[],"yoast_head":"<!-- This site is optimized with the Yoast SEO Premium plugin v26.6 (Yoast SEO v26.6) - https:\/\/yoast.com\/wordpress\/plugins\/seo\/ -->\n<title>Pastabox aus farbigem Karton Lektion 33 x 5 cm pro 25<\/title>\n<meta name=\"description\" content=\"Konditoreischachtel aus farbigem Karton &quot;Lektion&quot; 33 x 5 cm. Ideal zum Transportieren und Sch\u00fctzen Ihrer Kuchen. Wird in Sets von 25 St\u00fcck verkauft.\" \/>\n<meta name=\"robots\" content=\"index, follow, max-snippet:-1, max-image-preview:large, max-video-preview:-1\" \/>\n<link rel=\"canonical\" href=\"https:\/\/www.csj-emballages.com\/de\/produit\/25-patisserieboxen-sensation-aus-farbigem-karton-33-x-5-cm\/\" \/>\n<meta property=\"og:locale\" content=\"de_DE\" \/>\n<meta property=\"og:type\" content=\"article\" \/>\n<meta property=\"og:title\" content=\"Pastaschachtel aus farbigem Karton Lektion 33 x 5 cm pro 25\" \/>\n<meta property=\"og:description\" content=\"Konditoreischachtel aus farbigem Karton &quot;Lektion&quot; 33 x 5 cm. Ideal zum Transportieren und Sch\u00fctzen Ihrer Kuchen. Wird in Sets von 25 St\u00fcck verkauft.\" \/>\n<meta property=\"og:url\" content=\"https:\/\/www.csj-emballages.com\/de\/produit\/25-patisserieboxen-sensation-aus-farbigem-karton-33-x-5-cm\/\" \/>\n<meta property=\"og:site_name\" content=\"CSJ Emballages\" \/>\n<meta property=\"article:publisher\" content=\"https:\/\/www.facebook.com\/csjemballages\" \/>\n<meta property=\"article:modified_time\" content=\"2026-05-06T07:00:59+00:00\" \/>\n<meta property=\"og:image\" content=\"https:\/\/www.csj-emballages.com\/wp-content\/uploads\/2024\/03\/BTPLecon.webp\" \/>\n\t<meta property=\"og:image:width\" content=\"800\" \/>\n\t<meta property=\"og:image:height\" content=\"800\" \/>\n\t<meta property=\"og:image:type\" content=\"image\/webp\" \/>\n<meta name=\"twitter:card\" content=\"summary_large_image\" \/>\n<meta name=\"twitter:label1\" content=\"Gesch\u00e4tzte Lesezeit\" \/>\n\t<meta name=\"twitter:data1\" content=\"1\u00a0Minute\" \/>\n<script type=\"application\/ld+json\" class=\"yoast-schema-graph\">{\"@context\":\"https:\/\/schema.org\",\"@graph\":[{\"@type\":\"WebPage\",\"@id\":\"https:\/\/www.csj-emballages.com\/de\/produit\/25-patisserieboxen-sensation-aus-farbigem-karton-33-x-5-cm\/\",\"url\":\"https:\/\/www.csj-emballages.com\/de\/produit\/25-patisserieboxen-sensation-aus-farbigem-karton-33-x-5-cm\/\",\"name\":\"Pastabox aus farbigem Karton Lektion 33 x 5 cm pro 25\",\"isPartOf\":{\"@id\":\"https:\/\/www.csj-emballages.com\/de\/#website\"},\"primaryImageOfPage\":{\"@id\":\"https:\/\/www.csj-emballages.com\/de\/produit\/25-patisserieboxen-sensation-aus-farbigem-karton-33-x-5-cm\/#primaryimage\"},\"image\":{\"@id\":\"https:\/\/www.csj-emballages.com\/de\/produit\/25-patisserieboxen-sensation-aus-farbigem-karton-33-x-5-cm\/#primaryimage\"},\"thumbnailUrl\":\"https:\/\/www.csj-emballages.com\/wp-content\/uploads\/2024\/03\/BTPLecon.webp\",\"datePublished\":\"2024-03-01T15:55:52+00:00\",\"dateModified\":\"2026-05-06T07:00:59+00:00\",\"description\":\"Konditoreischachtel aus farbigem Karton \\\"Lektion\\\" 33 x 5 cm. Ideal zum Transportieren und Sch\u00fctzen Ihrer Kuchen. Wird in Sets von 25 St\u00fcck verkauft.\",\"breadcrumb\":{\"@id\":\"https:\/\/www.csj-emballages.com\/de\/produit\/25-patisserieboxen-sensation-aus-farbigem-karton-33-x-5-cm\/#breadcrumb\"},\"inLanguage\":\"de\",\"potentialAction\":[{\"@type\":\"ReadAction\",\"target\":[\"https:\/\/www.csj-emballages.com\/de\/produit\/25-patisserieboxen-sensation-aus-farbigem-karton-33-x-5-cm\/\"]}]},{\"@type\":\"ImageObject\",\"inLanguage\":\"de\",\"@id\":\"https:\/\/www.csj-emballages.com\/de\/produit\/25-patisserieboxen-sensation-aus-farbigem-karton-33-x-5-cm\/#primaryimage\",\"url\":\"https:\/\/www.csj-emballages.com\/wp-content\/uploads\/2024\/03\/BTPLecon.webp\",\"contentUrl\":\"https:\/\/www.csj-emballages.com\/wp-content\/uploads\/2024\/03\/BTPLecon.webp\",\"width\":800,\"height\":800,\"caption\":\"Boite p\u00e2tissi\u00e8re\u00a0\"},{\"@type\":\"BreadcrumbList\",\"@id\":\"https:\/\/www.csj-emballages.com\/de\/produit\/25-patisserieboxen-sensation-aus-farbigem-karton-33-x-5-cm\/#breadcrumb\",\"itemListElement\":[{\"@type\":\"ListItem\",\"position\":1,\"name\":\"Accueil\",\"item\":\"https:\/\/www.csj-emballages.com\/de\/universum-lebensmittelverpackungen\/\"},{\"@type\":\"ListItem\",\"position\":2,\"name\":\"Shop\",\"item\":\"https:\/\/www.csj-emballages.com\/shop\/\"},{\"@type\":\"ListItem\",\"position\":3,\"name\":\"Pastaschachtel aus farbigem Karton Lektion 33 x 5 cm pro 25\"}]},{\"@type\":\"WebSite\",\"@id\":\"https:\/\/www.csj-emballages.com\/de\/#website\",\"url\":\"https:\/\/www.csj-emballages.com\/de\/\",\"name\":\"CSJ Emballages\",\"description\":\"\",\"publisher\":{\"@id\":\"https:\/\/www.csj-emballages.com\/de\/#organization\"},\"potentialAction\":[{\"@type\":\"SearchAction\",\"target\":{\"@type\":\"EntryPoint\",\"urlTemplate\":\"https:\/\/www.csj-emballages.com\/de\/?s={search_term_string}\"},\"query-input\":{\"@type\":\"PropertyValueSpecification\",\"valueRequired\":true,\"valueName\":\"search_term_string\"}}],\"inLanguage\":\"de\"},{\"@type\":\"Organization\",\"@id\":\"https:\/\/www.csj-emballages.com\/de\/#Organization\/\",\"name\":\"CSJ Emballages\",\"url\":\"https:\/\/www.csj-emballages.com\/de\/\",\"logo\":{\"@type\":\"ImageObject\",\"inLanguage\":\"de\",\"@id\":\"https:\/\/www.csj-emballages.com\/de\/#\/schema\/logo\/image\/\",\"url\":\"https:\/\/www.csj-emballages.com\/wp-content\/uploads\/2023\/10\/logo_csj.webp\",\"contentUrl\":\"https:\/\/www.csj-emballages.com\/wp-content\/uploads\/2023\/10\/logo_csj.webp\",\"width\":250,\"height\":95,\"caption\":\"CSJ Emballages\"},\"image\":{\"@id\":\"https:\/\/www.csj-emballages.com\/de\/#\/schema\/logo\/image\/\"},\"sameAs\":[\"https:\/\/www.facebook.com\/csjemballages\"],\"address\":{\"@type\":\"PostalAddress\",\"streetAddress\":\"ZI La Lechere\",\"addressLocality\":\"Patornay\",\"postalCode\":\"39130\",\"addressCountry\":\"FR\"},\"contactPoint\":[{\"@type\":\"ContactPoint\",\"contactType\":\"Service client\",\"telephone\":\"0384254272\",\"email\":\"contact@csj-emballages.com\"}]}]}<\/script>\n<!-- \/ Yoast SEO Premium plugin. -->","yoast_head_json":{"title":"Pastabox aus farbigem Karton Lektion 33 x 5 cm pro 25","description":"Konditoreischachtel aus farbigem Karton \"Lektion\" 33 x 5 cm. Ideal zum Transportieren und Sch\u00fctzen Ihrer Kuchen. Wird in Sets von 25 St\u00fcck verkauft.","robots":{"index":"index","follow":"follow","max-snippet":"max-snippet:-1","max-image-preview":"max-image-preview:large","max-video-preview":"max-video-preview:-1"},"canonical":"https:\/\/www.csj-emballages.com\/de\/produit\/25-patisserieboxen-sensation-aus-farbigem-karton-33-x-5-cm\/","og_locale":"de_DE","og_type":"article","og_title":"Pastaschachtel aus farbigem Karton Lektion 33 x 5 cm pro 25","og_description":"Konditoreischachtel aus farbigem Karton \"Lektion\" 33 x 5 cm. Ideal zum Transportieren und Sch\u00fctzen Ihrer Kuchen. Wird in Sets von 25 St\u00fcck verkauft.","og_url":"https:\/\/www.csj-emballages.com\/de\/produit\/25-patisserieboxen-sensation-aus-farbigem-karton-33-x-5-cm\/","og_site_name":"CSJ Emballages","article_publisher":"https:\/\/www.facebook.com\/csjemballages","article_modified_time":"2026-05-06T07:00:59+00:00","og_image":[{"width":800,"height":800,"url":"https:\/\/www.csj-emballages.com\/wp-content\/uploads\/2024\/03\/BTPLecon.webp","type":"image\/webp"}],"twitter_card":"summary_large_image","twitter_misc":{"Gesch\u00e4tzte Lesezeit":"1\u00a0Minute"},"schema":{"@context":"https:\/\/schema.org","@graph":[{"@type":"WebPage","@id":"https:\/\/www.csj-emballages.com\/de\/produit\/25-patisserieboxen-sensation-aus-farbigem-karton-33-x-5-cm\/","url":"https:\/\/www.csj-emballages.com\/de\/produit\/25-patisserieboxen-sensation-aus-farbigem-karton-33-x-5-cm\/","name":"Pastabox aus farbigem Karton Lektion 33 x 5 cm pro 25","isPartOf":{"@id":"https:\/\/www.csj-emballages.com\/de\/#website"},"primaryImageOfPage":{"@id":"https:\/\/www.csj-emballages.com\/de\/produit\/25-patisserieboxen-sensation-aus-farbigem-karton-33-x-5-cm\/#primaryimage"},"image":{"@id":"https:\/\/www.csj-emballages.com\/de\/produit\/25-patisserieboxen-sensation-aus-farbigem-karton-33-x-5-cm\/#primaryimage"},"thumbnailUrl":"https:\/\/www.csj-emballages.com\/wp-content\/uploads\/2024\/03\/BTPLecon.webp","datePublished":"2024-03-01T15:55:52+00:00","dateModified":"2026-05-06T07:00:59+00:00","description":"Konditoreischachtel aus farbigem Karton \"Lektion\" 33 x 5 cm. Ideal zum Transportieren und Sch\u00fctzen Ihrer Kuchen. Wird in Sets von 25 St\u00fcck verkauft.","breadcrumb":{"@id":"https:\/\/www.csj-emballages.com\/de\/produit\/25-patisserieboxen-sensation-aus-farbigem-karton-33-x-5-cm\/#breadcrumb"},"inLanguage":"de","potentialAction":[{"@type":"ReadAction","target":["https:\/\/www.csj-emballages.com\/de\/produit\/25-patisserieboxen-sensation-aus-farbigem-karton-33-x-5-cm\/"]}]},{"@type":"ImageObject","inLanguage":"de","@id":"https:\/\/www.csj-emballages.com\/de\/produit\/25-patisserieboxen-sensation-aus-farbigem-karton-33-x-5-cm\/#primaryimage","url":"https:\/\/www.csj-emballages.com\/wp-content\/uploads\/2024\/03\/BTPLecon.webp","contentUrl":"https:\/\/www.csj-emballages.com\/wp-content\/uploads\/2024\/03\/BTPLecon.webp","width":800,"height":800,"caption":"Boite p\u00e2tissi\u00e8re\u00a0"},{"@type":"BreadcrumbList","@id":"https:\/\/www.csj-emballages.com\/de\/produit\/25-patisserieboxen-sensation-aus-farbigem-karton-33-x-5-cm\/#breadcrumb","itemListElement":[{"@type":"ListItem","position":1,"name":"Accueil","item":"https:\/\/www.csj-emballages.com\/de\/universum-lebensmittelverpackungen\/"},{"@type":"ListItem","position":2,"name":"Shop","item":"https:\/\/www.csj-emballages.com\/shop\/"},{"@type":"ListItem","position":3,"name":"Pastaschachtel aus farbigem Karton Lektion 33 x 5 cm pro 25"}]},{"@type":"WebSite","@id":"https:\/\/www.csj-emballages.com\/de\/#website","url":"https:\/\/www.csj-emballages.com\/de\/","name":"CSJ Emballages","description":"","publisher":{"@id":"https:\/\/www.csj-emballages.com\/de\/#organization"},"potentialAction":[{"@type":"SearchAction","target":{"@type":"EntryPoint","urlTemplate":"https:\/\/www.csj-emballages.com\/de\/?s={search_term_string}"},"query-input":{"@type":"PropertyValueSpecification","valueRequired":true,"valueName":"search_term_string"}}],"inLanguage":"de"},{"@type":"Organization","@id":"https:\/\/www.csj-emballages.com\/de\/#Organization\/","name":"CSJ Emballages","url":"https:\/\/www.csj-emballages.com\/de\/","logo":{"@type":"ImageObject","inLanguage":"de","@id":"https:\/\/www.csj-emballages.com\/de\/#\/schema\/logo\/image\/","url":"https:\/\/www.csj-emballages.com\/wp-content\/uploads\/2023\/10\/logo_csj.webp","contentUrl":"https:\/\/www.csj-emballages.com\/wp-content\/uploads\/2023\/10\/logo_csj.webp","width":250,"height":95,"caption":"CSJ Emballages"},"image":{"@id":"https:\/\/www.csj-emballages.com\/de\/#\/schema\/logo\/image\/"},"sameAs":["https:\/\/www.facebook.com\/csjemballages"],"address":{"@type":"PostalAddress","streetAddress":"ZI La Lechere","addressLocality":"Patornay","postalCode":"39130","addressCountry":"FR"},"contactPoint":[{"@type":"ContactPoint","contactType":"Service client","telephone":"0384254272","email":"contact@csj-emballages.com"}]}]}},"df_price":14.76,"df_sale_price":14.76,"df_regular_price":16.4,"df_image_link":"https:\/\/www.csj-emballages.com\/wp-content\/uploads\/2024\/03\/BTPLecon-300x300.webp","tiered_pricing_type":"fixed","tiered_pricing_fixed_rules":[],"tiered_pricing_percentage_rules":[],"tiered_pricing_minimum":1,"tiered_pricing_roles_data":[],"_links":{"self":[{"href":"https:\/\/www.csj-emballages.com\/de\/wp-json\/wp\/v2\/product\/126785","targetHints":{"allow":["GET"]}}],"collection":[{"href":"https:\/\/www.csj-emballages.com\/de\/wp-json\/wp\/v2\/product"}],"about":[{"href":"https:\/\/www.csj-emballages.com\/de\/wp-json\/wp\/v2\/types\/product"}],"wp:featuredmedia":[{"embeddable":true,"href":"https:\/\/www.csj-emballages.com\/de\/wp-json\/wp\/v2\/media\/227841"}],"wp:attachment":[{"href":"https:\/\/www.csj-emballages.com\/de\/wp-json\/wp\/v2\/media?parent=126785"}],"wp:term":[{"taxonomy":"product_brand","embeddable":true,"href":"https:\/\/www.csj-emballages.com\/de\/wp-json\/wp\/v2\/product_brand?post=126785"},{"taxonomy":"product_cat","embeddable":true,"href":"https:\/\/www.csj-emballages.com\/de\/wp-json\/wp\/v2\/product_cat?post=126785"},{"taxonomy":"product_tag","embeddable":true,"href":"https:\/\/www.csj-emballages.com\/de\/wp-json\/wp\/v2\/product_tag?post=126785"}],"curies":[{"name":"wp","href":"https:\/\/api.w.org\/{rel}","templated":true}]}}