{"id":126783,"date":"2024-03-01T16:55:47","date_gmt":"2024-03-01T15:55:47","guid":{"rendered":"https:\/\/www.csj-emballages.com\/produit\/50-steigen-kraftkarton-637-x-420-x-90-mm\/"},"modified":"2026-05-07T02:12:59","modified_gmt":"2026-05-07T00:12:59","slug":"50-steigen-kraftkarton-637-x-420-x-90-mm","status":"publish","type":"product","link":"https:\/\/www.csj-emballages.com\/de\/produit\/50-steigen-kraftkarton-637-x-420-x-90-mm\/","title":{"rendered":"Kisten aus Kraftkarton 658 x 425 x 95 mm au\u00dfen pro 50"},"content":{"rendered":"<h2 class=\"p1 ai-optimize-38 ai-optimize-introduction\">Kisten aus Pappe<\/h2>\n<hr>\n<h3 class=\"ai-optimize-27\">Beschreibung von unserer Steige Kraftkarton 658 x 425 x 95 mm au\u00dfen pro 50<\/h3>\n<p><!--more--><\/p>\n<p class=\"ai-optimize-28 ai-optimize-introduction\">Entdecken Sie unsere <strong>Steige aus Kraftkarton<\/strong> mit den Ma\u00dfen <strong>637 x 420 x 90 mm<\/strong>, die ideale Wahl f\u00fcr Ihren Lager- und Pr\u00e4sentationsbedarf. Sie wurden mit Liebe zum Detail entworfen, sind robust und garantieren einen optimalen Schutz Ihrer Produkte. Diese Steigen eignen sich perfekt f\u00fcr den Transport von Obst, Gem\u00fcse und vielem mehr. Ihr nat\u00fcrliches Design aus Kraftpapier ist sowohl umweltfreundlich als auch \u00e4sthetisch ansprechend. Sie werden ihre F\u00e4higkeit zu sch\u00e4tzen wissen, St\u00f6\u00dfen standzuhalten und so die Frische Ihrer Produkte zu bewahren.    <\/p>\n<p class=\"ai-optimize-29\">Mit ihren gro\u00dfz\u00fcgigen Abmessungen von <strong>637 x 420 x 90 mm<\/strong> bieten sie ausreichend Platz, um Ihre Artikel effizient zu organisieren. Ihre leichte Struktur erleichtert den Transport und sorgt gleichzeitig f\u00fcr eine au\u00dfergew\u00f6hnliche Haltbarkeit. Au\u00dferdem sind sie stapelbar und optimieren so den Stauraum. Ob auf dem Markt, in Feinkostl\u00e4den oder im Einzelhandel &#8211; diese Steigen werden Ihre Erwartungen voll und ganz erf\u00fcllen.   <\/p>\n<p class=\"ai-optimize-30\">Sie sind einfach zu montieren und im Handumdrehen einsatzbereit, was Ihre Logistik vereinfacht.<\/p>\n<p>&nbsp;<\/p>\n<p><!--more--><\/p>\n<p class=\"ai-optimize-31\">Ihre glatte Oberfl\u00e4che erm\u00f6glicht eine klare Etikettierung, die ideal f\u00fcr die R\u00fcckverfolgbarkeit ist. Zusammenfassend l\u00e4sst sich sagen, dass Sie sich mit diesen <strong>Steigen aus Kraftkarton<\/strong> f\u00fcr eine umweltfreundliche L\u00f6sung entscheiden und gleichzeitig Ihre Produkte aufwerten. <\/p>\n<p>&nbsp;<\/p>\n<p><!--more--><\/p>\n<p class=\"ai-optimize-32\"><strong>Ihre Vorteile :<\/strong><\/p>\n<ul>\n<li class=\"ai-optimize-33\"><strong>Robustheit<\/strong>: Aus hochwertigem Kraftkarton hergestellt, sind sie sto\u00dffest und sch\u00fctzen die Produkte effektiv.<\/li>\n<li class=\"ai-optimize-34\"><strong>Optimierte Abmessungen<\/strong>: Mit Abmessungen von 658 x 425 x 95 mm bieten sie ausreichend Platz f\u00fcr verschiedene Produkte.<\/li>\n<li class=\"ai-optimize-35\"><strong>Nat\u00fcrliche \u00c4sthetik<\/strong>: Das Kraft-Finish wertet die pr\u00e4sentierten Produkte auf.<\/li>\n<li class=\"ai-optimize-36\"><strong>Umweltfreundlich<\/strong>: Hergestellt aus recycelbaren Materialien, erf\u00fcllen sie die Erwartungen an eine nachhaltige Entwicklung.<\/li>\n<\/ul>\n<p>&nbsp;<\/p>\n<p><!--more--><\/p>\n<h4 class=\"ai-optimize-41\">Weitere Informationen :<\/h4>\n<ul>\n<li class=\"ai-optimize-42\"><strong>Verpackung<\/strong>: Packung mit 50 St\u00fcck<\/li>\n<li class=\"ai-optimize-43\"><strong>Abmessungen<\/strong>: 658 x 425 x 95 mm<\/li>\n<li class=\"ai-optimize-44\"><strong>Farbe<\/strong>: Kraft<\/li>\n<li class=\"ai-optimize-45\"><strong>Material<\/strong>: Karton<\/li>\n<\/ul>\n<p>&nbsp;<\/p>\n<p><!--more--><\/p>\n<p class=\"ai-optimize-37\"><a href=\"https:\/\/www.csj-emballages.com\/de\/categorie-produit\/lebensmittelverpackungen\/metzgerei-und-feinkostgeschaft\/schalen-dosen-und-glaser\/\">Sehen Sie sich den Rest unseres Sortiments an Schalen, Dosen und Beh\u00e4ltern an.<\/a><\/p>\n","protected":false},"excerpt":{"rendered":"<p>Kisten aus Pappe Beschreibung von unserer Steige Kraftkarton 658 x 425 x 95 mm au\u00dfen pro 50<\/p>\n","protected":false},"featured_media":237540,"template":"","meta":{"_acf_changed":false},"product_brand":[],"product_cat":[1170,3930],"product_tag":[],"class_list":{"0":"post-126783","1":"product","2":"type-product","3":"status-publish","4":"has-post-thumbnail","6":"product_cat-metzgerei-und-feinkostgeschaft","7":"product_cat-kisten","8":"product_shipping_class-verboten-in-staffeln","10":"first","11":"instock","12":"taxable","13":"shipping-taxable","14":"purchasable","15":"product-type-simple"},"acf":[],"yoast_head":"<!-- This site is optimized with the Yoast SEO Premium plugin v26.6 (Yoast SEO v26.6) - https:\/\/yoast.com\/wordpress\/plugins\/seo\/ -->\n<title>Kisten aus Kraftkarton \/ CSJ Verpackungen<\/title>\n<meta name=\"description\" content=\"Kaufen Sie Steigen aus Kraftkarton! Abmessungen: 637 x 420 x 90 mm. Verpackt in Packungen mit 50 Kisten. Ab sofort auf unserer Website erh\u00e4ltlich!\" \/>\n<meta name=\"robots\" content=\"index, follow, max-snippet:-1, max-image-preview:large, max-video-preview:-1\" \/>\n<link rel=\"canonical\" href=\"https:\/\/www.csj-emballages.com\/de\/produit\/50-steigen-kraftkarton-637-x-420-x-90-mm\/\" \/>\n<meta property=\"og:locale\" content=\"de_DE\" \/>\n<meta property=\"og:type\" content=\"article\" \/>\n<meta property=\"og:title\" content=\"Kisten aus Kraftkarton 658 x 425 x 95 mm au\u00dfen pro 50\" \/>\n<meta property=\"og:description\" content=\"Kaufen Sie Steigen aus Kraftkarton! Abmessungen: 637 x 420 x 90 mm. Verpackt in Packungen mit 50 Kisten. Ab sofort auf unserer Website erh\u00e4ltlich!\" \/>\n<meta property=\"og:url\" content=\"https:\/\/www.csj-emballages.com\/de\/produit\/50-steigen-kraftkarton-637-x-420-x-90-mm\/\" \/>\n<meta property=\"og:site_name\" content=\"CSJ Emballages\" \/>\n<meta property=\"article:publisher\" content=\"https:\/\/www.facebook.com\/csjemballages\" \/>\n<meta property=\"article:modified_time\" content=\"2026-05-07T00:12:59+00:00\" \/>\n<meta property=\"og:image\" content=\"https:\/\/www.csj-emballages.com\/wp-content\/uploads\/2024\/03\/CAGN2.webp\" \/>\n\t<meta property=\"og:image:width\" content=\"800\" \/>\n\t<meta property=\"og:image:height\" content=\"800\" \/>\n\t<meta property=\"og:image:type\" content=\"image\/webp\" \/>\n<meta name=\"twitter:card\" content=\"summary_large_image\" \/>\n<meta name=\"twitter:label1\" content=\"Gesch\u00e4tzte Lesezeit\" \/>\n\t<meta name=\"twitter:data1\" content=\"2 Minuten\" \/>\n<script type=\"application\/ld+json\" class=\"yoast-schema-graph\">{\"@context\":\"https:\/\/schema.org\",\"@graph\":[{\"@type\":\"WebPage\",\"@id\":\"https:\/\/www.csj-emballages.com\/de\/produit\/50-steigen-kraftkarton-637-x-420-x-90-mm\/\",\"url\":\"https:\/\/www.csj-emballages.com\/de\/produit\/50-steigen-kraftkarton-637-x-420-x-90-mm\/\",\"name\":\"Kisten aus Kraftkarton \/ CSJ Verpackungen\",\"isPartOf\":{\"@id\":\"https:\/\/www.csj-emballages.com\/de\/#website\"},\"primaryImageOfPage\":{\"@id\":\"https:\/\/www.csj-emballages.com\/de\/produit\/50-steigen-kraftkarton-637-x-420-x-90-mm\/#primaryimage\"},\"image\":{\"@id\":\"https:\/\/www.csj-emballages.com\/de\/produit\/50-steigen-kraftkarton-637-x-420-x-90-mm\/#primaryimage\"},\"thumbnailUrl\":\"https:\/\/www.csj-emballages.com\/wp-content\/uploads\/2024\/03\/CAGN2.webp\",\"datePublished\":\"2024-03-01T15:55:47+00:00\",\"dateModified\":\"2026-05-07T00:12:59+00:00\",\"description\":\"Kaufen Sie Steigen aus Kraftkarton! Abmessungen: 637 x 420 x 90 mm. Verpackt in Packungen mit 50 Kisten. Ab sofort auf unserer Website erh\u00e4ltlich!\",\"breadcrumb\":{\"@id\":\"https:\/\/www.csj-emballages.com\/de\/produit\/50-steigen-kraftkarton-637-x-420-x-90-mm\/#breadcrumb\"},\"inLanguage\":\"de\",\"potentialAction\":[{\"@type\":\"ReadAction\",\"target\":[\"https:\/\/www.csj-emballages.com\/de\/produit\/50-steigen-kraftkarton-637-x-420-x-90-mm\/\"]}]},{\"@type\":\"ImageObject\",\"inLanguage\":\"de\",\"@id\":\"https:\/\/www.csj-emballages.com\/de\/produit\/50-steigen-kraftkarton-637-x-420-x-90-mm\/#primaryimage\",\"url\":\"https:\/\/www.csj-emballages.com\/wp-content\/uploads\/2024\/03\/CAGN2.webp\",\"contentUrl\":\"https:\/\/www.csj-emballages.com\/wp-content\/uploads\/2024\/03\/CAGN2.webp\",\"width\":800,\"height\":800,\"caption\":\"Cagette carton\u00a0\"},{\"@type\":\"BreadcrumbList\",\"@id\":\"https:\/\/www.csj-emballages.com\/de\/produit\/50-steigen-kraftkarton-637-x-420-x-90-mm\/#breadcrumb\",\"itemListElement\":[{\"@type\":\"ListItem\",\"position\":1,\"name\":\"Accueil\",\"item\":\"https:\/\/www.csj-emballages.com\/de\/universum-lebensmittelverpackungen\/\"},{\"@type\":\"ListItem\",\"position\":2,\"name\":\"Shop\",\"item\":\"https:\/\/www.csj-emballages.com\/shop\/\"},{\"@type\":\"ListItem\",\"position\":3,\"name\":\"Kisten aus Kraftkarton 658 x 425 x 95 mm au\u00dfen pro 50\"}]},{\"@type\":\"WebSite\",\"@id\":\"https:\/\/www.csj-emballages.com\/de\/#website\",\"url\":\"https:\/\/www.csj-emballages.com\/de\/\",\"name\":\"CSJ Emballages\",\"description\":\"\",\"publisher\":{\"@id\":\"https:\/\/www.csj-emballages.com\/de\/#organization\"},\"potentialAction\":[{\"@type\":\"SearchAction\",\"target\":{\"@type\":\"EntryPoint\",\"urlTemplate\":\"https:\/\/www.csj-emballages.com\/de\/?s={search_term_string}\"},\"query-input\":{\"@type\":\"PropertyValueSpecification\",\"valueRequired\":true,\"valueName\":\"search_term_string\"}}],\"inLanguage\":\"de\"},{\"@type\":\"Organization\",\"@id\":\"https:\/\/www.csj-emballages.com\/de\/#Organization\/\",\"name\":\"CSJ Emballages\",\"url\":\"https:\/\/www.csj-emballages.com\/de\/\",\"logo\":{\"@type\":\"ImageObject\",\"inLanguage\":\"de\",\"@id\":\"https:\/\/www.csj-emballages.com\/de\/#\/schema\/logo\/image\/\",\"url\":\"https:\/\/www.csj-emballages.com\/wp-content\/uploads\/2023\/10\/logo_csj.webp\",\"contentUrl\":\"https:\/\/www.csj-emballages.com\/wp-content\/uploads\/2023\/10\/logo_csj.webp\",\"width\":250,\"height\":95,\"caption\":\"CSJ Emballages\"},\"image\":{\"@id\":\"https:\/\/www.csj-emballages.com\/de\/#\/schema\/logo\/image\/\"},\"sameAs\":[\"https:\/\/www.facebook.com\/csjemballages\"],\"address\":{\"@type\":\"PostalAddress\",\"streetAddress\":\"ZI La Lechere\",\"addressLocality\":\"Patornay\",\"postalCode\":\"39130\",\"addressCountry\":\"FR\"},\"contactPoint\":[{\"@type\":\"ContactPoint\",\"contactType\":\"Service client\",\"telephone\":\"0384254272\",\"email\":\"contact@csj-emballages.com\"}]}]}<\/script>\n<!-- \/ Yoast SEO Premium plugin. -->","yoast_head_json":{"title":"Kisten aus Kraftkarton \/ CSJ Verpackungen","description":"Kaufen Sie Steigen aus Kraftkarton! Abmessungen: 637 x 420 x 90 mm. Verpackt in Packungen mit 50 Kisten. Ab sofort auf unserer Website erh\u00e4ltlich!","robots":{"index":"index","follow":"follow","max-snippet":"max-snippet:-1","max-image-preview":"max-image-preview:large","max-video-preview":"max-video-preview:-1"},"canonical":"https:\/\/www.csj-emballages.com\/de\/produit\/50-steigen-kraftkarton-637-x-420-x-90-mm\/","og_locale":"de_DE","og_type":"article","og_title":"Kisten aus Kraftkarton 658 x 425 x 95 mm au\u00dfen pro 50","og_description":"Kaufen Sie Steigen aus Kraftkarton! Abmessungen: 637 x 420 x 90 mm. Verpackt in Packungen mit 50 Kisten. Ab sofort auf unserer Website erh\u00e4ltlich!","og_url":"https:\/\/www.csj-emballages.com\/de\/produit\/50-steigen-kraftkarton-637-x-420-x-90-mm\/","og_site_name":"CSJ Emballages","article_publisher":"https:\/\/www.facebook.com\/csjemballages","article_modified_time":"2026-05-07T00:12:59+00:00","og_image":[{"width":800,"height":800,"url":"https:\/\/www.csj-emballages.com\/wp-content\/uploads\/2024\/03\/CAGN2.webp","type":"image\/webp"}],"twitter_card":"summary_large_image","twitter_misc":{"Gesch\u00e4tzte Lesezeit":"2 Minuten"},"schema":{"@context":"https:\/\/schema.org","@graph":[{"@type":"WebPage","@id":"https:\/\/www.csj-emballages.com\/de\/produit\/50-steigen-kraftkarton-637-x-420-x-90-mm\/","url":"https:\/\/www.csj-emballages.com\/de\/produit\/50-steigen-kraftkarton-637-x-420-x-90-mm\/","name":"Kisten aus Kraftkarton \/ CSJ Verpackungen","isPartOf":{"@id":"https:\/\/www.csj-emballages.com\/de\/#website"},"primaryImageOfPage":{"@id":"https:\/\/www.csj-emballages.com\/de\/produit\/50-steigen-kraftkarton-637-x-420-x-90-mm\/#primaryimage"},"image":{"@id":"https:\/\/www.csj-emballages.com\/de\/produit\/50-steigen-kraftkarton-637-x-420-x-90-mm\/#primaryimage"},"thumbnailUrl":"https:\/\/www.csj-emballages.com\/wp-content\/uploads\/2024\/03\/CAGN2.webp","datePublished":"2024-03-01T15:55:47+00:00","dateModified":"2026-05-07T00:12:59+00:00","description":"Kaufen Sie Steigen aus Kraftkarton! Abmessungen: 637 x 420 x 90 mm. Verpackt in Packungen mit 50 Kisten. Ab sofort auf unserer Website erh\u00e4ltlich!","breadcrumb":{"@id":"https:\/\/www.csj-emballages.com\/de\/produit\/50-steigen-kraftkarton-637-x-420-x-90-mm\/#breadcrumb"},"inLanguage":"de","potentialAction":[{"@type":"ReadAction","target":["https:\/\/www.csj-emballages.com\/de\/produit\/50-steigen-kraftkarton-637-x-420-x-90-mm\/"]}]},{"@type":"ImageObject","inLanguage":"de","@id":"https:\/\/www.csj-emballages.com\/de\/produit\/50-steigen-kraftkarton-637-x-420-x-90-mm\/#primaryimage","url":"https:\/\/www.csj-emballages.com\/wp-content\/uploads\/2024\/03\/CAGN2.webp","contentUrl":"https:\/\/www.csj-emballages.com\/wp-content\/uploads\/2024\/03\/CAGN2.webp","width":800,"height":800,"caption":"Cagette carton\u00a0"},{"@type":"BreadcrumbList","@id":"https:\/\/www.csj-emballages.com\/de\/produit\/50-steigen-kraftkarton-637-x-420-x-90-mm\/#breadcrumb","itemListElement":[{"@type":"ListItem","position":1,"name":"Accueil","item":"https:\/\/www.csj-emballages.com\/de\/universum-lebensmittelverpackungen\/"},{"@type":"ListItem","position":2,"name":"Shop","item":"https:\/\/www.csj-emballages.com\/shop\/"},{"@type":"ListItem","position":3,"name":"Kisten aus Kraftkarton 658 x 425 x 95 mm au\u00dfen pro 50"}]},{"@type":"WebSite","@id":"https:\/\/www.csj-emballages.com\/de\/#website","url":"https:\/\/www.csj-emballages.com\/de\/","name":"CSJ Emballages","description":"","publisher":{"@id":"https:\/\/www.csj-emballages.com\/de\/#organization"},"potentialAction":[{"@type":"SearchAction","target":{"@type":"EntryPoint","urlTemplate":"https:\/\/www.csj-emballages.com\/de\/?s={search_term_string}"},"query-input":{"@type":"PropertyValueSpecification","valueRequired":true,"valueName":"search_term_string"}}],"inLanguage":"de"},{"@type":"Organization","@id":"https:\/\/www.csj-emballages.com\/de\/#Organization\/","name":"CSJ Emballages","url":"https:\/\/www.csj-emballages.com\/de\/","logo":{"@type":"ImageObject","inLanguage":"de","@id":"https:\/\/www.csj-emballages.com\/de\/#\/schema\/logo\/image\/","url":"https:\/\/www.csj-emballages.com\/wp-content\/uploads\/2023\/10\/logo_csj.webp","contentUrl":"https:\/\/www.csj-emballages.com\/wp-content\/uploads\/2023\/10\/logo_csj.webp","width":250,"height":95,"caption":"CSJ Emballages"},"image":{"@id":"https:\/\/www.csj-emballages.com\/de\/#\/schema\/logo\/image\/"},"sameAs":["https:\/\/www.facebook.com\/csjemballages"],"address":{"@type":"PostalAddress","streetAddress":"ZI La Lechere","addressLocality":"Patornay","postalCode":"39130","addressCountry":"FR"},"contactPoint":[{"@type":"ContactPoint","contactType":"Service client","telephone":"0384254272","email":"contact@csj-emballages.com"}]}]}},"df_price":44.92,"df_sale_price":"","df_regular_price":44.92,"df_image_link":"https:\/\/www.csj-emballages.com\/wp-content\/uploads\/2024\/03\/CAGN2-300x300.webp","tiered_pricing_type":"fixed","tiered_pricing_fixed_rules":[],"tiered_pricing_percentage_rules":[],"tiered_pricing_minimum":1,"tiered_pricing_roles_data":[],"_links":{"self":[{"href":"https:\/\/www.csj-emballages.com\/de\/wp-json\/wp\/v2\/product\/126783","targetHints":{"allow":["GET"]}}],"collection":[{"href":"https:\/\/www.csj-emballages.com\/de\/wp-json\/wp\/v2\/product"}],"about":[{"href":"https:\/\/www.csj-emballages.com\/de\/wp-json\/wp\/v2\/types\/product"}],"wp:featuredmedia":[{"embeddable":true,"href":"https:\/\/www.csj-emballages.com\/de\/wp-json\/wp\/v2\/media\/237540"}],"wp:attachment":[{"href":"https:\/\/www.csj-emballages.com\/de\/wp-json\/wp\/v2\/media?parent=126783"}],"wp:term":[{"taxonomy":"product_brand","embeddable":true,"href":"https:\/\/www.csj-emballages.com\/de\/wp-json\/wp\/v2\/product_brand?post=126783"},{"taxonomy":"product_cat","embeddable":true,"href":"https:\/\/www.csj-emballages.com\/de\/wp-json\/wp\/v2\/product_cat?post=126783"},{"taxonomy":"product_tag","embeddable":true,"href":"https:\/\/www.csj-emballages.com\/de\/wp-json\/wp\/v2\/product_tag?post=126783"}],"curies":[{"name":"wp","href":"https:\/\/api.w.org\/{rel}","templated":true}]}}