{"id":126761,"date":"2024-03-01T16:55:50","date_gmt":"2024-03-01T15:55:50","guid":{"rendered":"https:\/\/www.csj-emballages.com\/produit\/50-einmaleimer-aus-karton-chickens-wings-2-50-liter\/"},"modified":"2026-03-12T16:18:22","modified_gmt":"2026-03-12T15:18:22","slug":"50-einmaleimer-aus-karton-chickens-wings-2-50-liter","status":"publish","type":"product","link":"https:\/\/www.csj-emballages.com\/de\/produit\/50-einmaleimer-aus-karton-chickens-wings-2-50-liter\/","title":{"rendered":"Bucket Popcorn \/ Huhn im Karton 2.50 Liter pro 50"},"content":{"rendered":"<h2>Bucket Chicken<\/h2>\n<hr>\n<h3>Beschreibung von unserem Bucket Popcorn \/ Huhn in Karton 2.50 Liter pro 50<\/h3>\n<p><!--more--><\/p>\n<p data-start=\"165\" data-end=\"477\">Der <strong>Popcorn-\/H\u00fchnchen-Eimer aus Karton 2,5 Liter<\/strong> ist die perfekte Verpackung f\u00fcr alle, die im Bereich Fast Food, Food Trucks, Kinos oder Imbissst\u00e4nde t\u00e4tig sind. Er ist praktisch, robust und \u00e4sthetisch ansprechend und wurde als vielseitige Verpackungsl\u00f6sung konzipiert. <\/p>\n<p data-start=\"479\" data-end=\"818\">Dank seines <strong>Fassungsverm\u00f6gens von 2,5 Litern<\/strong> k\u00f6nnen Sie in diesem <strong>Kartoneimer<\/strong> gro\u00dfz\u00fcgig Portionen von <strong>Brath\u00e4hnchen<\/strong>, <strong>Popcorn<\/strong>, <strong>Nuggets<\/strong> oder auch Pommes <strong>frites<\/strong> servieren. Die Herstellung aus dicker, fester <strong>Pappe<\/strong> sorgt f\u00fcr eine hervorragende Hitze- und Fettbest\u00e4ndigkeit und h\u00e4lt die Speisen l\u00e4nger knusprig. <\/p>\n<p data-start=\"820\" data-end=\"1168\">Ebenso passt sein einfaches und professionelles Design in jedes Ambiente: Ob zum Servieren vor Ort oder zum Mitnehmen, er bringt Ihre Zubereitungen zur Geltung und garantiert Ihren Kunden gleichzeitig einen hohen Bedienkomfort. Sein stapelbares Format erleichtert das platzsparende Lagern, ein wertvoller Vorteil f\u00fcr K\u00fcchen mit hohem Durchsatz. <\/p>\n<p data-start=\"1170\" data-end=\"1488\">Ein weiterer wichtiger Vorteil ist, dass der <strong>Bucket<\/strong> <strong>umweltfreundlich und wiederverwertbar<\/strong> ist und somit zu einem verantwortungsvollen Handeln beitr\u00e4gt, ohne die Qualit\u00e4t des Services zu beeintr\u00e4chtigen. Da der Bucket plastikfrei ist, zeigen Sie Ihr Engagement f\u00fcr die Umwelt und erf\u00fcllen gleichzeitig die Erwartungen der modernen Verbraucher. <\/p>\n<p data-start=\"1490\" data-end=\"1710\">Zusammenfassend l\u00e4sst sich sagen, dass dieser <strong>2,5-Liter-Eimer aus Karton <\/strong>die perfekte Kombination aus Praktikabilit\u00e4t, Robustheit und Umweltfreundlichkeit darstellt. Ein Muss f\u00fcr alle Werbetreibenden, die Leistung und ein gepflegtes Image miteinander verbinden m\u00f6chten. <\/p>\n<p data-start=\"1490\" data-end=\"1710\"><!--more--><\/p>\n<h4 data-start=\"1490\" data-end=\"1710\">Vorteile :<\/h4>\n<ul>\n<li data-start=\"1755\" data-end=\"1840\">Gro\u00dfes Fassungsverm\u00f6gen von <strong data-start=\"1776\" data-end=\"1790\">2,5 Litern<\/strong>, ideal zum Teilen oder f\u00fcr Feinschmeckermen\u00fcs.<\/li>\n<li data-start=\"1843\" data-end=\"1907\"><strong data-start=\"1845\" data-end=\"1875\">Steifer, hitzebest\u00e4ndiger<\/strong> und <strong data-start=\"1845\" data-end=\"1875\">fettbest\u00e4ndiger Karton<\/strong>.<\/li>\n<li data-start=\"1910\" data-end=\"1964\"><strong data-start=\"1912\" data-end=\"1925\">Stapelbar<\/strong> f\u00fcr eine praktische und schnelle Aufbewahrung.<\/li>\n<li data-start=\"1967\" data-end=\"2022\"><strong data-start=\"1969\" data-end=\"1983\">Umweltfreundlich<\/strong>, zu 100 % recycelbar und plastikfrei.<\/li>\n<li data-start=\"2025\" data-end=\"2109\"><strong>Vielseitig<\/strong>: geeignet f\u00fcr <strong data-start=\"2050\" data-end=\"2086\">H\u00fchnchen, Popcorn, Pommes frites, Nuggets<\/strong> und vieles mehr.<\/li>\n<\/ul>\n<p data-start=\"1490\" data-end=\"1710\"><!--more--><\/p>\n<h4>Weitere Informationen :<\/h4>\n<ul>\n<li><strong>Verpackung<\/strong>: Packung mit 50 + Deckeln<\/li>\n<li><span style=\"text-indent: 0pt; font-weight: bold;\">Volumen<\/span><span style=\"text-indent: 0pt;\"> : 2500 ml<\/span><\/li>\n<li><span style=\"text-indent: 0pt; font-weight: bold;\">Gr\u00f6\u00dfe<\/span><span style=\"text-indent: 0pt;\"> : 180 mm x 140 mm x 150 mm (\u00d8 Decke x \u00d8 Boden x H in mm)<\/span><\/li>\n<li><span style=\"text-indent: 0pt;\"> <\/span><span style=\"text-indent: 0pt;\"><span style=\"font-weight: bold;\">Material<\/span>: Karton<\/span><\/li>\n<\/ul>\n<p>&nbsp;<\/p>\n<p><!--more--><\/p>\n<p>Dieser 2,5 Liter Bucket ist auch in 4,5 Liter erh\u00e4ltlich : <span style=\"color: #d12727;\"><a style=\"color: #d12727;\" href=\"https:\/\/www.csj-emballages.com\/es\/produit\/50-cubos-de-carton-desechables-seaux-alas-de-pollo-450-litros\/\">BUCK150<\/a><\/span><\/p>\n<p>&nbsp;<\/p>\n<p><!--more--><\/p>\n<p><a href=\"https:\/\/www.csj-emballages.com\/de\/categorie-produit\/lebensmittelverpackungen\/restauration-de\/dosen-schalen-beutel-konen\/kegel-und-topfe-fur-pasta-wraps-corn\/eimer-buckets\/\">Sehen Sie sich den Rest unseres Sortiments an Buckets an.<\/a><\/p>\n","protected":false},"excerpt":{"rendered":"<p>Bucket Chicken Beschreibung von unserem Bucket Popcorn \/ Huhn in Karton 2.50 Liter pro 50<\/p>\n","protected":false},"featured_media":220626,"template":"","meta":{"_acf_changed":false},"product_brand":[],"product_cat":[1137,1134,3974,2393,7537,2394],"product_tag":[],"class_list":{"0":"post-126761","1":"product","2":"type-product","3":"status-publish","4":"has-post-thumbnail","6":"product_cat-lebensmittelverpackungen","7":"product_cat-restauration-de","8":"product_cat-dosen-schalen-beutel-konen","9":"product_cat-kegel-und-topfe-fur-pasta-wraps-corn","10":"product_cat-eimer-buckets","11":"product_cat-popcorntopfe","13":"first","14":"instock","15":"taxable","16":"shipping-taxable","17":"purchasable","18":"product-type-simple"},"acf":[],"yoast_head":"<!-- This site is optimized with the Yoast SEO Premium plugin v26.6 (Yoast SEO v26.6) - https:\/\/yoast.com\/wordpress\/plugins\/seo\/ -->\n<title>Bucket Popcorn \/ Huhn im Karton 2.50 Liter pro 50<\/title>\n<meta name=\"description\" content=\"Entdecken Sie unseren Popcorn-\/H\u00e4hnchen-Eimer im Karton mit 2500 ml Inhalt! Ideal zum gro\u00dfz\u00fcgigen Servieren von Portionen gebratenen H\u00fchnchens oder Popcorns.\" \/>\n<meta name=\"robots\" content=\"index, follow, max-snippet:-1, max-image-preview:large, max-video-preview:-1\" \/>\n<link rel=\"canonical\" href=\"https:\/\/www.csj-emballages.com\/de\/produit\/50-einmaleimer-aus-karton-chickens-wings-2-50-liter\/\" \/>\n<meta property=\"og:locale\" content=\"de_DE\" \/>\n<meta property=\"og:type\" content=\"article\" \/>\n<meta property=\"og:title\" content=\"Bucket Popcorn \/ Huhn im Karton 2.50 Liter pro 50\" \/>\n<meta property=\"og:description\" content=\"Entdecken Sie unseren Popcorn-\/H\u00e4hnchen-Eimer im Karton mit 2500 ml Inhalt! Ideal zum gro\u00dfz\u00fcgigen Servieren von Portionen gebratenen H\u00fchnchens oder Popcorns.\" \/>\n<meta property=\"og:url\" content=\"https:\/\/www.csj-emballages.com\/de\/produit\/50-einmaleimer-aus-karton-chickens-wings-2-50-liter\/\" \/>\n<meta property=\"og:site_name\" content=\"CSJ Emballages\" \/>\n<meta property=\"article:publisher\" content=\"https:\/\/www.facebook.com\/csjemballages\" \/>\n<meta property=\"article:modified_time\" content=\"2026-03-12T15:18:22+00:00\" \/>\n<meta property=\"og:image\" content=\"https:\/\/www.csj-emballages.com\/wp-content\/uploads\/2024\/03\/BUCK85-1.webp\" \/>\n\t<meta property=\"og:image:width\" content=\"800\" \/>\n\t<meta property=\"og:image:height\" content=\"800\" \/>\n\t<meta property=\"og:image:type\" content=\"image\/webp\" \/>\n<meta name=\"twitter:card\" content=\"summary_large_image\" \/>\n<meta name=\"twitter:label1\" content=\"Gesch\u00e4tzte Lesezeit\" \/>\n\t<meta name=\"twitter:data1\" content=\"2 Minuten\" \/>\n<script type=\"application\/ld+json\" class=\"yoast-schema-graph\">{\"@context\":\"https:\/\/schema.org\",\"@graph\":[{\"@type\":\"WebPage\",\"@id\":\"https:\/\/www.csj-emballages.com\/de\/produit\/50-einmaleimer-aus-karton-chickens-wings-2-50-liter\/\",\"url\":\"https:\/\/www.csj-emballages.com\/de\/produit\/50-einmaleimer-aus-karton-chickens-wings-2-50-liter\/\",\"name\":\"Bucket Popcorn \/ Huhn im Karton 2.50 Liter pro 50\",\"isPartOf\":{\"@id\":\"https:\/\/www.csj-emballages.com\/de\/#website\"},\"primaryImageOfPage\":{\"@id\":\"https:\/\/www.csj-emballages.com\/de\/produit\/50-einmaleimer-aus-karton-chickens-wings-2-50-liter\/#primaryimage\"},\"image\":{\"@id\":\"https:\/\/www.csj-emballages.com\/de\/produit\/50-einmaleimer-aus-karton-chickens-wings-2-50-liter\/#primaryimage\"},\"thumbnailUrl\":\"https:\/\/www.csj-emballages.com\/wp-content\/uploads\/2024\/03\/BUCK85-1.webp\",\"datePublished\":\"2024-03-01T15:55:50+00:00\",\"dateModified\":\"2026-03-12T15:18:22+00:00\",\"description\":\"Entdecken Sie unseren Popcorn-\/H\u00e4hnchen-Eimer im Karton mit 2500 ml Inhalt! Ideal zum gro\u00dfz\u00fcgigen Servieren von Portionen gebratenen H\u00fchnchens oder Popcorns.\",\"breadcrumb\":{\"@id\":\"https:\/\/www.csj-emballages.com\/de\/produit\/50-einmaleimer-aus-karton-chickens-wings-2-50-liter\/#breadcrumb\"},\"inLanguage\":\"de\",\"potentialAction\":[{\"@type\":\"ReadAction\",\"target\":[\"https:\/\/www.csj-emballages.com\/de\/produit\/50-einmaleimer-aus-karton-chickens-wings-2-50-liter\/\"]}]},{\"@type\":\"ImageObject\",\"inLanguage\":\"de\",\"@id\":\"https:\/\/www.csj-emballages.com\/de\/produit\/50-einmaleimer-aus-karton-chickens-wings-2-50-liter\/#primaryimage\",\"url\":\"https:\/\/www.csj-emballages.com\/wp-content\/uploads\/2024\/03\/BUCK85-1.webp\",\"contentUrl\":\"https:\/\/www.csj-emballages.com\/wp-content\/uploads\/2024\/03\/BUCK85-1.webp\",\"width\":800,\"height\":800,\"caption\":\"Bucket poulet\"},{\"@type\":\"BreadcrumbList\",\"@id\":\"https:\/\/www.csj-emballages.com\/de\/produit\/50-einmaleimer-aus-karton-chickens-wings-2-50-liter\/#breadcrumb\",\"itemListElement\":[{\"@type\":\"ListItem\",\"position\":1,\"name\":\"Accueil\",\"item\":\"https:\/\/www.csj-emballages.com\/de\/universum-lebensmittelverpackungen\/\"},{\"@type\":\"ListItem\",\"position\":2,\"name\":\"Shop\",\"item\":\"https:\/\/www.csj-emballages.com\/shop\/\"},{\"@type\":\"ListItem\",\"position\":3,\"name\":\"Bucket Popcorn \/ Huhn im Karton 2.50 Liter pro 50\"}]},{\"@type\":\"WebSite\",\"@id\":\"https:\/\/www.csj-emballages.com\/de\/#website\",\"url\":\"https:\/\/www.csj-emballages.com\/de\/\",\"name\":\"CSJ Emballages\",\"description\":\"\",\"publisher\":{\"@id\":\"https:\/\/www.csj-emballages.com\/de\/#organization\"},\"potentialAction\":[{\"@type\":\"SearchAction\",\"target\":{\"@type\":\"EntryPoint\",\"urlTemplate\":\"https:\/\/www.csj-emballages.com\/de\/?s={search_term_string}\"},\"query-input\":{\"@type\":\"PropertyValueSpecification\",\"valueRequired\":true,\"valueName\":\"search_term_string\"}}],\"inLanguage\":\"de\"},{\"@type\":\"Organization\",\"@id\":\"https:\/\/www.csj-emballages.com\/de\/#Organization\/\",\"name\":\"CSJ Emballages\",\"url\":\"https:\/\/www.csj-emballages.com\/de\/\",\"logo\":{\"@type\":\"ImageObject\",\"inLanguage\":\"de\",\"@id\":\"https:\/\/www.csj-emballages.com\/de\/#\/schema\/logo\/image\/\",\"url\":\"https:\/\/www.csj-emballages.com\/wp-content\/uploads\/2023\/10\/logo_csj.webp\",\"contentUrl\":\"https:\/\/www.csj-emballages.com\/wp-content\/uploads\/2023\/10\/logo_csj.webp\",\"width\":250,\"height\":95,\"caption\":\"CSJ Emballages\"},\"image\":{\"@id\":\"https:\/\/www.csj-emballages.com\/de\/#\/schema\/logo\/image\/\"},\"sameAs\":[\"https:\/\/www.facebook.com\/csjemballages\"],\"address\":{\"@type\":\"PostalAddress\",\"streetAddress\":\"ZI La Lechere\",\"addressLocality\":\"Patornay\",\"postalCode\":\"39130\",\"addressCountry\":\"FR\"},\"contactPoint\":[{\"@type\":\"ContactPoint\",\"contactType\":\"Service client\",\"telephone\":\"0384254272\",\"email\":\"contact@csj-emballages.com\"}]}]}<\/script>\n<!-- \/ Yoast SEO Premium plugin. -->","yoast_head_json":{"title":"Bucket Popcorn \/ Huhn im Karton 2.50 Liter pro 50","description":"Entdecken Sie unseren Popcorn-\/H\u00e4hnchen-Eimer im Karton mit 2500 ml Inhalt! Ideal zum gro\u00dfz\u00fcgigen Servieren von Portionen gebratenen H\u00fchnchens oder Popcorns.","robots":{"index":"index","follow":"follow","max-snippet":"max-snippet:-1","max-image-preview":"max-image-preview:large","max-video-preview":"max-video-preview:-1"},"canonical":"https:\/\/www.csj-emballages.com\/de\/produit\/50-einmaleimer-aus-karton-chickens-wings-2-50-liter\/","og_locale":"de_DE","og_type":"article","og_title":"Bucket Popcorn \/ Huhn im Karton 2.50 Liter pro 50","og_description":"Entdecken Sie unseren Popcorn-\/H\u00e4hnchen-Eimer im Karton mit 2500 ml Inhalt! Ideal zum gro\u00dfz\u00fcgigen Servieren von Portionen gebratenen H\u00fchnchens oder Popcorns.","og_url":"https:\/\/www.csj-emballages.com\/de\/produit\/50-einmaleimer-aus-karton-chickens-wings-2-50-liter\/","og_site_name":"CSJ Emballages","article_publisher":"https:\/\/www.facebook.com\/csjemballages","article_modified_time":"2026-03-12T15:18:22+00:00","og_image":[{"width":800,"height":800,"url":"https:\/\/www.csj-emballages.com\/wp-content\/uploads\/2024\/03\/BUCK85-1.webp","type":"image\/webp"}],"twitter_card":"summary_large_image","twitter_misc":{"Gesch\u00e4tzte Lesezeit":"2 Minuten"},"schema":{"@context":"https:\/\/schema.org","@graph":[{"@type":"WebPage","@id":"https:\/\/www.csj-emballages.com\/de\/produit\/50-einmaleimer-aus-karton-chickens-wings-2-50-liter\/","url":"https:\/\/www.csj-emballages.com\/de\/produit\/50-einmaleimer-aus-karton-chickens-wings-2-50-liter\/","name":"Bucket Popcorn \/ Huhn im Karton 2.50 Liter pro 50","isPartOf":{"@id":"https:\/\/www.csj-emballages.com\/de\/#website"},"primaryImageOfPage":{"@id":"https:\/\/www.csj-emballages.com\/de\/produit\/50-einmaleimer-aus-karton-chickens-wings-2-50-liter\/#primaryimage"},"image":{"@id":"https:\/\/www.csj-emballages.com\/de\/produit\/50-einmaleimer-aus-karton-chickens-wings-2-50-liter\/#primaryimage"},"thumbnailUrl":"https:\/\/www.csj-emballages.com\/wp-content\/uploads\/2024\/03\/BUCK85-1.webp","datePublished":"2024-03-01T15:55:50+00:00","dateModified":"2026-03-12T15:18:22+00:00","description":"Entdecken Sie unseren Popcorn-\/H\u00e4hnchen-Eimer im Karton mit 2500 ml Inhalt! Ideal zum gro\u00dfz\u00fcgigen Servieren von Portionen gebratenen H\u00fchnchens oder Popcorns.","breadcrumb":{"@id":"https:\/\/www.csj-emballages.com\/de\/produit\/50-einmaleimer-aus-karton-chickens-wings-2-50-liter\/#breadcrumb"},"inLanguage":"de","potentialAction":[{"@type":"ReadAction","target":["https:\/\/www.csj-emballages.com\/de\/produit\/50-einmaleimer-aus-karton-chickens-wings-2-50-liter\/"]}]},{"@type":"ImageObject","inLanguage":"de","@id":"https:\/\/www.csj-emballages.com\/de\/produit\/50-einmaleimer-aus-karton-chickens-wings-2-50-liter\/#primaryimage","url":"https:\/\/www.csj-emballages.com\/wp-content\/uploads\/2024\/03\/BUCK85-1.webp","contentUrl":"https:\/\/www.csj-emballages.com\/wp-content\/uploads\/2024\/03\/BUCK85-1.webp","width":800,"height":800,"caption":"Bucket poulet"},{"@type":"BreadcrumbList","@id":"https:\/\/www.csj-emballages.com\/de\/produit\/50-einmaleimer-aus-karton-chickens-wings-2-50-liter\/#breadcrumb","itemListElement":[{"@type":"ListItem","position":1,"name":"Accueil","item":"https:\/\/www.csj-emballages.com\/de\/universum-lebensmittelverpackungen\/"},{"@type":"ListItem","position":2,"name":"Shop","item":"https:\/\/www.csj-emballages.com\/shop\/"},{"@type":"ListItem","position":3,"name":"Bucket Popcorn \/ Huhn im Karton 2.50 Liter pro 50"}]},{"@type":"WebSite","@id":"https:\/\/www.csj-emballages.com\/de\/#website","url":"https:\/\/www.csj-emballages.com\/de\/","name":"CSJ Emballages","description":"","publisher":{"@id":"https:\/\/www.csj-emballages.com\/de\/#organization"},"potentialAction":[{"@type":"SearchAction","target":{"@type":"EntryPoint","urlTemplate":"https:\/\/www.csj-emballages.com\/de\/?s={search_term_string}"},"query-input":{"@type":"PropertyValueSpecification","valueRequired":true,"valueName":"search_term_string"}}],"inLanguage":"de"},{"@type":"Organization","@id":"https:\/\/www.csj-emballages.com\/de\/#Organization\/","name":"CSJ Emballages","url":"https:\/\/www.csj-emballages.com\/de\/","logo":{"@type":"ImageObject","inLanguage":"de","@id":"https:\/\/www.csj-emballages.com\/de\/#\/schema\/logo\/image\/","url":"https:\/\/www.csj-emballages.com\/wp-content\/uploads\/2023\/10\/logo_csj.webp","contentUrl":"https:\/\/www.csj-emballages.com\/wp-content\/uploads\/2023\/10\/logo_csj.webp","width":250,"height":95,"caption":"CSJ Emballages"},"image":{"@id":"https:\/\/www.csj-emballages.com\/de\/#\/schema\/logo\/image\/"},"sameAs":["https:\/\/www.facebook.com\/csjemballages"],"address":{"@type":"PostalAddress","streetAddress":"ZI La Lechere","addressLocality":"Patornay","postalCode":"39130","addressCountry":"FR"},"contactPoint":[{"@type":"ContactPoint","contactType":"Service client","telephone":"0384254272","email":"contact@csj-emballages.com"}]}]}},"df_price":27.05,"df_sale_price":"","df_regular_price":27.05,"df_image_link":"https:\/\/www.csj-emballages.com\/wp-content\/uploads\/2024\/03\/BUCK85-1-300x300.webp","tiered_pricing_type":"fixed","tiered_pricing_fixed_rules":[],"tiered_pricing_percentage_rules":[],"tiered_pricing_minimum":1,"tiered_pricing_roles_data":[],"_links":{"self":[{"href":"https:\/\/www.csj-emballages.com\/de\/wp-json\/wp\/v2\/product\/126761","targetHints":{"allow":["GET"]}}],"collection":[{"href":"https:\/\/www.csj-emballages.com\/de\/wp-json\/wp\/v2\/product"}],"about":[{"href":"https:\/\/www.csj-emballages.com\/de\/wp-json\/wp\/v2\/types\/product"}],"wp:featuredmedia":[{"embeddable":true,"href":"https:\/\/www.csj-emballages.com\/de\/wp-json\/wp\/v2\/media\/220626"}],"wp:attachment":[{"href":"https:\/\/www.csj-emballages.com\/de\/wp-json\/wp\/v2\/media?parent=126761"}],"wp:term":[{"taxonomy":"product_brand","embeddable":true,"href":"https:\/\/www.csj-emballages.com\/de\/wp-json\/wp\/v2\/product_brand?post=126761"},{"taxonomy":"product_cat","embeddable":true,"href":"https:\/\/www.csj-emballages.com\/de\/wp-json\/wp\/v2\/product_cat?post=126761"},{"taxonomy":"product_tag","embeddable":true,"href":"https:\/\/www.csj-emballages.com\/de\/wp-json\/wp\/v2\/product_tag?post=126761"}],"curies":[{"name":"wp","href":"https:\/\/api.w.org\/{rel}","templated":true}]}}