{"id":126754,"date":"2024-03-01T16:55:48","date_gmt":"2024-03-01T15:55:48","guid":{"rendered":"https:\/\/www.csj-emballages.com\/produit\/50-papierdeckel-fuer-24-cl-becher-378bla-378cs\/"},"modified":"2026-04-16T10:00:35","modified_gmt":"2026-04-16T08:00:35","slug":"50-papierdeckel-fuer-24-cl-becher-378bla-378cs","status":"publish","type":"product","link":"https:\/\/www.csj-emballages.com\/de\/produit\/50-papierdeckel-fuer-24-cl-becher-378bla-378cs\/","title":{"rendered":"Papierdeckel f\u00fcr Becher 378BLA pro 50"},"content":{"rendered":"<h2>Papierdeckel<\/h2>\n<hr>\n<h3>Entdecken Sie unseren Papierdeckel f\u00fcr Becher 378BLA pro 50<\/h3>\n<p><!--more--><\/p>\n<p data-start=\"246\" data-end=\"670\">Wenn Sie Getr\u00e4nke zum Mitnehmen anbieten m\u00f6chten, ohne dass etwas versch\u00fcttet werden kann, ist dieser <strong data-start=\"326\" data-end=\"349\">Papierdeckel<\/strong> eine kleine L\u00f6sung, die alles ver\u00e4ndert. Er wurde speziell f\u00fcr Becher entwickelt. <strong data-start=\"428\" data-end=\"447\"><span style=\"color: #d12727;\"><a style=\"color: #d12727;\" href=\"https:\/\/www.csj-emballages.com\/de\/produit\/50-weisse-einweg-pappbecher-24-cl\/\">378BLA<\/a><\/span><\/strong>Er l\u00e4sst sich leicht aufsetzen und bleibt auch dann sicher an seinem Platz, wenn das Getr\u00e4nk hei\u00df ist oder die Fahrt etwas ruckelt. Sein <strong>unauff\u00e4lliges<\/strong>, aber effektives Format h\u00e4lt die Hitze und verhindert gleichzeitig unvorhergesehene Spritzer.  <\/p>\n<p data-start=\"672\" data-end=\"1054\">Das starke und griffige <strong>Papiermaterial<\/strong> bietet eine verantwortungsvollere Alternative zu herk\u00f6mmlichen Plastikdeckeln. Es ist feuchtigkeitsbest\u00e4ndig, verformt sich nicht und beh\u00e4lt seine Funktion bis zum letzten Tropfen. Es ist die Art von einfachem Detail, das aber sowohl von Profis als auch von Kunden gesch\u00e4tzt wird, die eine umweltfreundlichere Geste m\u00f6gen.  <\/p>\n<p data-start=\"1056\" data-end=\"1375\">Dank der <strong>kleinen, vorgestanzten \u00d6ffnung<\/strong> ist es ganz einfach, beim Gehen zu trinken oder bei Bedarf einen Strohhalm hineinzustecken. Keine komplizierten Werkzeuge, kein Aufwand: ein Clip, ein Klick, und schon kann es losgehen. Ob in Kaffeebars, B\u00e4ckereien, Imbissen oder Verkaufsautomaten &#8211; dieser Deckel macht das Servieren wirklich einfacher.  <\/p>\n<p data-start=\"1377\" data-end=\"1571\">Sie werden <strong data-start=\"1383\" data-end=\"1400\">in Packungen zu 50 St\u00fcck<\/strong> verkauft und eignen sich daher perfekt f\u00fcr einen regelm\u00e4\u00dfigen Konsum. Nicht zu viel und nicht zu wenig: genau die richtige Anzahl, um Ihre Dienste zu leisten, ohne Ihren Lagerraum zu verstopfen. <\/p>\n<p data-start=\"1573\" data-end=\"1705\">Einfach ausgedr\u00fcckt ist es ein einfacher, sauberer, effektiver und durchdachter <strong>Papierdeckel<\/strong>, der alle Ihre Hei\u00dfgetr\u00e4nke im t\u00e4glichen Gebrauch begleiten kann.<\/p>\n<p data-start=\"1573\" data-end=\"1705\"><!--more--><\/p>\n<h4>Vorteile :<\/h4>\n<ul>\n<li data-start=\"1733\" data-end=\"1780\">Kompatibel mit den Bechern <strong>378BLA<\/strong>.<\/li>\n<li data-start=\"1783\" data-end=\"1828\">Strapazierf\u00e4higes Papier als Alternative zu Plastik.<\/li>\n<li data-start=\"1831\" data-end=\"1867\">Schnelle und sichere Einrichtung.<\/li>\n<li data-start=\"1870\" data-end=\"1925\">Praktische <strong>Vorstanzung<\/strong> zum Trinken oder Hinzuf\u00fcgen eines Strohhalms.<\/li>\n<li data-start=\"1928\" data-end=\"1967\"><strong>50er-Pack<\/strong> ideal f\u00fcr den regelm\u00e4\u00dfigen Gebrauch.<\/li>\n<\/ul>\n<p>&nbsp;<\/p>\n<p><!--more--><\/p>\n<h4>Weitere Informationen :<\/h4>\n<ul>\n<li><strong>Verpackung<\/strong>: Packung mit 50 St\u00fcck<\/li>\n<li><strong>Ma\u00dfe<\/strong>: \u00d884 x 11 mm (Durchmesser x H\u00f6he)<\/li>\n<li><strong>Farbe<\/strong>: Wei\u00df<\/li>\n<li><strong>Material<\/strong>: Papier<\/li>\n<\/ul>\n<p>&nbsp;<\/p>\n<p><!--more--><\/p>\n<p>Hier finden Sie die Becher, die mit diesem Papierdeckel kompatibel sind : <span style=\"color: #d12727;\"><a style=\"color: #d12727;\" href=\"https:\/\/www.csj-emballages.com\/de\/produit\/50-weisse-einweg-pappbecher-24-cl\/\">378BLA<\/a><\/span><\/p>\n<p>&nbsp;<\/p>\n<p><!--more--><\/p>\n<p><a href=\"https:\/\/www.csj-emballages.com\/de\/categorie-produit\/lebensmittelverpackungen\/restauration-de\/becher-glaser-eimer-flaschen\/pappbecher\/weise-becher\/\">Sehen Sie sich den Rest unseres Sortiments an Pappbechern an<\/a><\/p>\n","protected":false},"excerpt":{"rendered":"<p>Papierdeckel Entdecken Sie unseren Papierdeckel f\u00fcr Becher 378BLA pro 50<\/p>\n","protected":false},"featured_media":188095,"template":"","meta":{"_acf_changed":false},"product_brand":[],"product_cat":[1137,1134,1469,9244,9245,3542,1146],"product_tag":[],"class_list":{"0":"post-126754","1":"product","2":"type-product","3":"status-publish","4":"has-post-thumbnail","6":"product_cat-lebensmittelverpackungen","7":"product_cat-restauration-de","8":"product_cat-becher-glaser-eimer-flaschen","9":"product_cat-pappbecher","10":"product_cat-weise-becher","11":"product_cat-zubehor-de","12":"product_cat-bio-sortiment","14":"first","15":"instock","16":"taxable","17":"shipping-taxable","18":"purchasable","19":"product-type-simple"},"acf":[],"yoast_head":"<!-- This site is optimized with the Yoast SEO Premium plugin v26.6 (Yoast SEO v26.6) - https:\/\/yoast.com\/wordpress\/plugins\/seo\/ -->\n<title>Papierdeckel f\u00fcr Becher 378BLA pro 50<\/title>\n<meta name=\"description\" content=\"Entdecken Sie unseren Papierdeckel f\u00fcr Ihre 24-cl-Kaffeebecher. Ma\u00dfe: 11 x 84 mm. Entscheiden Sie sich f\u00fcr eine g\u00fcnstige Packung mit 50 Papierdeckeln\" \/>\n<meta name=\"robots\" content=\"index, follow, max-snippet:-1, max-image-preview:large, max-video-preview:-1\" \/>\n<link rel=\"canonical\" href=\"https:\/\/www.csj-emballages.com\/de\/produit\/50-papierdeckel-fuer-24-cl-becher-378bla-378cs\/\" \/>\n<meta property=\"og:locale\" content=\"de_DE\" \/>\n<meta property=\"og:type\" content=\"article\" \/>\n<meta property=\"og:title\" content=\"Papierdeckel f\u00fcr Becher 378BLA pro 50\" \/>\n<meta property=\"og:description\" content=\"Entdecken Sie unseren Papierdeckel f\u00fcr Ihre 24-cl-Kaffeebecher. Ma\u00dfe: 11 x 84 mm. Entscheiden Sie sich f\u00fcr eine g\u00fcnstige Packung mit 50 Papierdeckeln\" \/>\n<meta property=\"og:url\" content=\"https:\/\/www.csj-emballages.com\/de\/produit\/50-papierdeckel-fuer-24-cl-becher-378bla-378cs\/\" \/>\n<meta property=\"og:site_name\" content=\"CSJ Emballages\" \/>\n<meta property=\"article:publisher\" content=\"https:\/\/www.facebook.com\/csjemballages\" \/>\n<meta property=\"article:modified_time\" content=\"2026-04-16T08:00:35+00:00\" \/>\n<meta property=\"og:image\" content=\"https:\/\/www.csj-emballages.com\/wp-content\/uploads\/2024\/03\/couverclepapier.webp\" \/>\n\t<meta property=\"og:image:width\" content=\"803\" \/>\n\t<meta property=\"og:image:height\" content=\"803\" \/>\n\t<meta property=\"og:image:type\" content=\"image\/webp\" \/>\n<meta name=\"twitter:card\" content=\"summary_large_image\" \/>\n<meta name=\"twitter:label1\" content=\"Gesch\u00e4tzte Lesezeit\" \/>\n\t<meta name=\"twitter:data1\" content=\"2 Minuten\" \/>\n<script type=\"application\/ld+json\" class=\"yoast-schema-graph\">{\"@context\":\"https:\/\/schema.org\",\"@graph\":[{\"@type\":\"WebPage\",\"@id\":\"https:\/\/www.csj-emballages.com\/de\/produit\/50-papierdeckel-fuer-24-cl-becher-378bla-378cs\/\",\"url\":\"https:\/\/www.csj-emballages.com\/de\/produit\/50-papierdeckel-fuer-24-cl-becher-378bla-378cs\/\",\"name\":\"Papierdeckel f\u00fcr Becher 378BLA pro 50\",\"isPartOf\":{\"@id\":\"https:\/\/www.csj-emballages.com\/de\/#website\"},\"primaryImageOfPage\":{\"@id\":\"https:\/\/www.csj-emballages.com\/de\/produit\/50-papierdeckel-fuer-24-cl-becher-378bla-378cs\/#primaryimage\"},\"image\":{\"@id\":\"https:\/\/www.csj-emballages.com\/de\/produit\/50-papierdeckel-fuer-24-cl-becher-378bla-378cs\/#primaryimage\"},\"thumbnailUrl\":\"https:\/\/www.csj-emballages.com\/wp-content\/uploads\/2024\/03\/couverclepapier.webp\",\"datePublished\":\"2024-03-01T15:55:48+00:00\",\"dateModified\":\"2026-04-16T08:00:35+00:00\",\"description\":\"Entdecken Sie unseren Papierdeckel f\u00fcr Ihre 24-cl-Kaffeebecher. Ma\u00dfe: 11 x 84 mm. Entscheiden Sie sich f\u00fcr eine g\u00fcnstige Packung mit 50 Papierdeckeln\",\"breadcrumb\":{\"@id\":\"https:\/\/www.csj-emballages.com\/de\/produit\/50-papierdeckel-fuer-24-cl-becher-378bla-378cs\/#breadcrumb\"},\"inLanguage\":\"de\",\"potentialAction\":[{\"@type\":\"ReadAction\",\"target\":[\"https:\/\/www.csj-emballages.com\/de\/produit\/50-papierdeckel-fuer-24-cl-becher-378bla-378cs\/\"]}]},{\"@type\":\"ImageObject\",\"inLanguage\":\"de\",\"@id\":\"https:\/\/www.csj-emballages.com\/de\/produit\/50-papierdeckel-fuer-24-cl-becher-378bla-378cs\/#primaryimage\",\"url\":\"https:\/\/www.csj-emballages.com\/wp-content\/uploads\/2024\/03\/couverclepapier.webp\",\"contentUrl\":\"https:\/\/www.csj-emballages.com\/wp-content\/uploads\/2024\/03\/couverclepapier.webp\",\"width\":803,\"height\":803,\"caption\":\"Couvercle en papier\"},{\"@type\":\"BreadcrumbList\",\"@id\":\"https:\/\/www.csj-emballages.com\/de\/produit\/50-papierdeckel-fuer-24-cl-becher-378bla-378cs\/#breadcrumb\",\"itemListElement\":[{\"@type\":\"ListItem\",\"position\":1,\"name\":\"Accueil\",\"item\":\"https:\/\/www.csj-emballages.com\/de\/universum-lebensmittelverpackungen\/\"},{\"@type\":\"ListItem\",\"position\":2,\"name\":\"Shop\",\"item\":\"https:\/\/www.csj-emballages.com\/shop\/\"},{\"@type\":\"ListItem\",\"position\":3,\"name\":\"Papierdeckel f\u00fcr Becher 378BLA pro 50\"}]},{\"@type\":\"WebSite\",\"@id\":\"https:\/\/www.csj-emballages.com\/de\/#website\",\"url\":\"https:\/\/www.csj-emballages.com\/de\/\",\"name\":\"CSJ Emballages\",\"description\":\"\",\"publisher\":{\"@id\":\"https:\/\/www.csj-emballages.com\/de\/#organization\"},\"potentialAction\":[{\"@type\":\"SearchAction\",\"target\":{\"@type\":\"EntryPoint\",\"urlTemplate\":\"https:\/\/www.csj-emballages.com\/de\/?s={search_term_string}\"},\"query-input\":{\"@type\":\"PropertyValueSpecification\",\"valueRequired\":true,\"valueName\":\"search_term_string\"}}],\"inLanguage\":\"de\"},{\"@type\":\"Organization\",\"@id\":\"https:\/\/www.csj-emballages.com\/de\/#Organization\/\",\"name\":\"CSJ Emballages\",\"url\":\"https:\/\/www.csj-emballages.com\/de\/\",\"logo\":{\"@type\":\"ImageObject\",\"inLanguage\":\"de\",\"@id\":\"https:\/\/www.csj-emballages.com\/de\/#\/schema\/logo\/image\/\",\"url\":\"https:\/\/www.csj-emballages.com\/wp-content\/uploads\/2023\/10\/logo_csj.webp\",\"contentUrl\":\"https:\/\/www.csj-emballages.com\/wp-content\/uploads\/2023\/10\/logo_csj.webp\",\"width\":250,\"height\":95,\"caption\":\"CSJ Emballages\"},\"image\":{\"@id\":\"https:\/\/www.csj-emballages.com\/de\/#\/schema\/logo\/image\/\"},\"sameAs\":[\"https:\/\/www.facebook.com\/csjemballages\"],\"address\":{\"@type\":\"PostalAddress\",\"streetAddress\":\"ZI La Lechere\",\"addressLocality\":\"Patornay\",\"postalCode\":\"39130\",\"addressCountry\":\"FR\"},\"contactPoint\":[{\"@type\":\"ContactPoint\",\"contactType\":\"Service client\",\"telephone\":\"0384254272\",\"email\":\"contact@csj-emballages.com\"}]}]}<\/script>\n<!-- \/ Yoast SEO Premium plugin. -->","yoast_head_json":{"title":"Papierdeckel f\u00fcr Becher 378BLA pro 50","description":"Entdecken Sie unseren Papierdeckel f\u00fcr Ihre 24-cl-Kaffeebecher. Ma\u00dfe: 11 x 84 mm. Entscheiden Sie sich f\u00fcr eine g\u00fcnstige Packung mit 50 Papierdeckeln","robots":{"index":"index","follow":"follow","max-snippet":"max-snippet:-1","max-image-preview":"max-image-preview:large","max-video-preview":"max-video-preview:-1"},"canonical":"https:\/\/www.csj-emballages.com\/de\/produit\/50-papierdeckel-fuer-24-cl-becher-378bla-378cs\/","og_locale":"de_DE","og_type":"article","og_title":"Papierdeckel f\u00fcr Becher 378BLA pro 50","og_description":"Entdecken Sie unseren Papierdeckel f\u00fcr Ihre 24-cl-Kaffeebecher. Ma\u00dfe: 11 x 84 mm. Entscheiden Sie sich f\u00fcr eine g\u00fcnstige Packung mit 50 Papierdeckeln","og_url":"https:\/\/www.csj-emballages.com\/de\/produit\/50-papierdeckel-fuer-24-cl-becher-378bla-378cs\/","og_site_name":"CSJ Emballages","article_publisher":"https:\/\/www.facebook.com\/csjemballages","article_modified_time":"2026-04-16T08:00:35+00:00","og_image":[{"width":803,"height":803,"url":"https:\/\/www.csj-emballages.com\/wp-content\/uploads\/2024\/03\/couverclepapier.webp","type":"image\/webp"}],"twitter_card":"summary_large_image","twitter_misc":{"Gesch\u00e4tzte Lesezeit":"2 Minuten"},"schema":{"@context":"https:\/\/schema.org","@graph":[{"@type":"WebPage","@id":"https:\/\/www.csj-emballages.com\/de\/produit\/50-papierdeckel-fuer-24-cl-becher-378bla-378cs\/","url":"https:\/\/www.csj-emballages.com\/de\/produit\/50-papierdeckel-fuer-24-cl-becher-378bla-378cs\/","name":"Papierdeckel f\u00fcr Becher 378BLA pro 50","isPartOf":{"@id":"https:\/\/www.csj-emballages.com\/de\/#website"},"primaryImageOfPage":{"@id":"https:\/\/www.csj-emballages.com\/de\/produit\/50-papierdeckel-fuer-24-cl-becher-378bla-378cs\/#primaryimage"},"image":{"@id":"https:\/\/www.csj-emballages.com\/de\/produit\/50-papierdeckel-fuer-24-cl-becher-378bla-378cs\/#primaryimage"},"thumbnailUrl":"https:\/\/www.csj-emballages.com\/wp-content\/uploads\/2024\/03\/couverclepapier.webp","datePublished":"2024-03-01T15:55:48+00:00","dateModified":"2026-04-16T08:00:35+00:00","description":"Entdecken Sie unseren Papierdeckel f\u00fcr Ihre 24-cl-Kaffeebecher. Ma\u00dfe: 11 x 84 mm. Entscheiden Sie sich f\u00fcr eine g\u00fcnstige Packung mit 50 Papierdeckeln","breadcrumb":{"@id":"https:\/\/www.csj-emballages.com\/de\/produit\/50-papierdeckel-fuer-24-cl-becher-378bla-378cs\/#breadcrumb"},"inLanguage":"de","potentialAction":[{"@type":"ReadAction","target":["https:\/\/www.csj-emballages.com\/de\/produit\/50-papierdeckel-fuer-24-cl-becher-378bla-378cs\/"]}]},{"@type":"ImageObject","inLanguage":"de","@id":"https:\/\/www.csj-emballages.com\/de\/produit\/50-papierdeckel-fuer-24-cl-becher-378bla-378cs\/#primaryimage","url":"https:\/\/www.csj-emballages.com\/wp-content\/uploads\/2024\/03\/couverclepapier.webp","contentUrl":"https:\/\/www.csj-emballages.com\/wp-content\/uploads\/2024\/03\/couverclepapier.webp","width":803,"height":803,"caption":"Couvercle en papier"},{"@type":"BreadcrumbList","@id":"https:\/\/www.csj-emballages.com\/de\/produit\/50-papierdeckel-fuer-24-cl-becher-378bla-378cs\/#breadcrumb","itemListElement":[{"@type":"ListItem","position":1,"name":"Accueil","item":"https:\/\/www.csj-emballages.com\/de\/universum-lebensmittelverpackungen\/"},{"@type":"ListItem","position":2,"name":"Shop","item":"https:\/\/www.csj-emballages.com\/shop\/"},{"@type":"ListItem","position":3,"name":"Papierdeckel f\u00fcr Becher 378BLA pro 50"}]},{"@type":"WebSite","@id":"https:\/\/www.csj-emballages.com\/de\/#website","url":"https:\/\/www.csj-emballages.com\/de\/","name":"CSJ Emballages","description":"","publisher":{"@id":"https:\/\/www.csj-emballages.com\/de\/#organization"},"potentialAction":[{"@type":"SearchAction","target":{"@type":"EntryPoint","urlTemplate":"https:\/\/www.csj-emballages.com\/de\/?s={search_term_string}"},"query-input":{"@type":"PropertyValueSpecification","valueRequired":true,"valueName":"search_term_string"}}],"inLanguage":"de"},{"@type":"Organization","@id":"https:\/\/www.csj-emballages.com\/de\/#Organization\/","name":"CSJ Emballages","url":"https:\/\/www.csj-emballages.com\/de\/","logo":{"@type":"ImageObject","inLanguage":"de","@id":"https:\/\/www.csj-emballages.com\/de\/#\/schema\/logo\/image\/","url":"https:\/\/www.csj-emballages.com\/wp-content\/uploads\/2023\/10\/logo_csj.webp","contentUrl":"https:\/\/www.csj-emballages.com\/wp-content\/uploads\/2023\/10\/logo_csj.webp","width":250,"height":95,"caption":"CSJ Emballages"},"image":{"@id":"https:\/\/www.csj-emballages.com\/de\/#\/schema\/logo\/image\/"},"sameAs":["https:\/\/www.facebook.com\/csjemballages"],"address":{"@type":"PostalAddress","streetAddress":"ZI La Lechere","addressLocality":"Patornay","postalCode":"39130","addressCountry":"FR"},"contactPoint":[{"@type":"ContactPoint","contactType":"Service client","telephone":"0384254272","email":"contact@csj-emballages.com"}]}]}},"df_price":2.36,"df_sale_price":"","df_regular_price":2.36,"df_image_link":"https:\/\/www.csj-emballages.com\/wp-content\/uploads\/2024\/03\/couverclepapier-300x300.webp","tiered_pricing_type":"fixed","tiered_pricing_fixed_rules":[],"tiered_pricing_percentage_rules":[],"tiered_pricing_minimum":1,"tiered_pricing_roles_data":[],"_links":{"self":[{"href":"https:\/\/www.csj-emballages.com\/de\/wp-json\/wp\/v2\/product\/126754","targetHints":{"allow":["GET"]}}],"collection":[{"href":"https:\/\/www.csj-emballages.com\/de\/wp-json\/wp\/v2\/product"}],"about":[{"href":"https:\/\/www.csj-emballages.com\/de\/wp-json\/wp\/v2\/types\/product"}],"wp:featuredmedia":[{"embeddable":true,"href":"https:\/\/www.csj-emballages.com\/de\/wp-json\/wp\/v2\/media\/188095"}],"wp:attachment":[{"href":"https:\/\/www.csj-emballages.com\/de\/wp-json\/wp\/v2\/media?parent=126754"}],"wp:term":[{"taxonomy":"product_brand","embeddable":true,"href":"https:\/\/www.csj-emballages.com\/de\/wp-json\/wp\/v2\/product_brand?post=126754"},{"taxonomy":"product_cat","embeddable":true,"href":"https:\/\/www.csj-emballages.com\/de\/wp-json\/wp\/v2\/product_cat?post=126754"},{"taxonomy":"product_tag","embeddable":true,"href":"https:\/\/www.csj-emballages.com\/de\/wp-json\/wp\/v2\/product_tag?post=126754"}],"curies":[{"name":"wp","href":"https:\/\/api.w.org\/{rel}","templated":true}]}}