{"id":126752,"date":"2024-03-01T16:55:41","date_gmt":"2024-03-01T15:55:41","guid":{"rendered":"https:\/\/www.csj-emballages.com\/produit\/100-eisschaufeln-aus-holz-95-mm\/"},"modified":"2026-05-12T02:12:16","modified_gmt":"2026-05-12T00:12:16","slug":"100-eisschaufeln-aus-holz-95-mm","status":"publish","type":"product","link":"https:\/\/www.csj-emballages.com\/de\/produit\/100-eisschaufeln-aus-holz-95-mm\/","title":{"rendered":"Eisl\u00f6ffel aus Holz 95 mm pro 100"},"content":{"rendered":"<h2>Eisl\u00f6ffel<\/h2>\n<hr>\n<h3>Beschreibung von unserem Eisl\u00f6ffel aus Holz 95 mm pro 100<\/h3>\n<p><!--more--><\/p>\n<div class=\"flex-1 overflow-hidden\">\n<div class=\"h-full\">\n<div class=\"react-scroll-to-bottom--css-xchic-79elbk h-full\">\n<div class=\"react-scroll-to-bottom--css-xchic-1n7m0yu\">\n<div class=\"flex flex-col text-sm md:pb-9\">\n<article class=\"w-full text-token-text-primary focus-visible:outline-2 focus-visible:outline-offset-[-4px]\" dir=\"auto\" data-testid=\"conversation-turn-3\" data-scroll-anchor=\"true\">\n<div class=\"text-base py-[18px] px-3 md:px-4 m-auto md:px-5 lg:px-1 xl:px-5 w-full px-3 lg:px-0\">\n<div class=\"mx-auto flex flex-1 gap-4 text-base md:gap-5 lg:gap-6 md:max-w-3xl lg:max-w-[40rem] xl:max-w-[48rem]\">\n<div class=\"group\/conversation-turn relative flex w-full min-w-0 flex-col agent-turn\">\n<div class=\"flex-col gap-1 md:gap-3\">\n<div class=\"flex max-w-full flex-col flex-grow\">\n<div class=\"min-h-[20px] text-message flex w-full flex-col items-end gap-2 break-words [.text-message+&amp;]:mt-5 overflow-x-auto whitespace-normal\" dir=\"auto\" data-message-author-role=\"assistant\" data-message-id=\"a54aa03a-5e94-47c0-989e-2a8a7443830c\">\n<div class=\"flex w-full flex-col gap-1 empty:hidden first:pt-[3px]\">\n<div class=\"result-streaming markdown prose w-full break-words dark:prose-invert light\">\n<p data-start=\"228\" data-end=\"638\">Wenn Sie Ihr Eis oder Ihre Desserts gerne mit einem kleinen, authentischen Touch anbieten, werden Ihnen diese <strong data-start=\"332\" data-end=\"341\">95 mm<\/strong> gro\u00dfen <strong>Holzl\u00f6ffel<\/strong> eindeutig gefallen. Ihr kompaktes Format liegt perfekt in der Hand und f\u00fchlt sich angenehm an, ganz anders als herk\u00f6mmliches Plastik. Das <strong>glatte Holz<\/strong> verleiht eine warme, fast handwerkliche Note, die sowohl zu einer Kugel selbstgemachtem Eis als auch zu einem Dessert zum Mitnehmen passt.  <\/p>\n<p data-start=\"640\" data-end=\"1031\">Dank ihrer <strong>flachen<\/strong> Form entnehmen sie problemlos Eis, Sorbet, Mousse oder Sahne, ohne die Textur zu zerst\u00f6ren. Sie sind leicht, praktisch und robust genug, um der K\u00e4lte standzuhalten und schnell verwendet zu werden. Genau das richtige einfache, aber unverzichtbare Zubeh\u00f6r f\u00fcr Eisdielen, Food-Trucks, B\u00e4ckereien, Teestuben oder Veranstaltungen, bei denen Einzelportionen serviert werden.  <\/p>\n<p data-start=\"1033\" data-end=\"1345\">Wenn Sie sich f\u00fcr ein <strong data-start=\"1051\" data-end=\"1065\">100er-Set<\/strong> entscheiden, k\u00f6nnen Sie sicher sein, dass Ihnen der Vorrat nicht ausgeht, und gleichzeitig ein kompaktes Format beibehalten, das sich leicht verstauen l\u00e4sst. Ob Sie nun vor Ort servieren oder zum Mitnehmen, diese L\u00f6ffel begleiten Ihre Zubereitungen, ohne die Aufmerksamkeit abzulenken: Sie bringen das Produkt zur Geltung und sind gleichzeitig umweltfreundlich. <\/p>\n<p data-start=\"1347\" data-end=\"1569\">Und da sie aus <strong>nat\u00fcrlichem Holz<\/strong> hergestellt werden, passen sie perfekt zu einer verantwortungsvolleren Vorgehensweise. Kein Geruch, kein st\u00f6render Geschmack, nur das Wesentliche: ein einfaches, sauberes und angenehm zu verwendendes Utensil. <\/p>\n<p data-start=\"1571\" data-end=\"1692\">Kurz gesagt: Diese <strong>kleinen Eisl\u00f6ffel aus Holz<\/strong> bieten eine echte umweltfreundliche und stilvolle Alternative, ohne Abstriche bei der Praktikabilit\u00e4t zu machen.<\/p>\n<p data-start=\"1571\" data-end=\"1692\">\n<\/div>\n<\/div>\n<\/div>\n<\/div>\n<\/div>\n<\/div>\n<\/div>\n<\/div>\n<\/article>\n<\/div>\n<\/div>\n<\/div>\n<\/div>\n<\/div>\n<p><!--more--><\/p>\n<p><strong>Vorteile :<\/strong><\/p>\n<ul>\n<li data-start=\"1720\" data-end=\"1762\">Nat\u00fcrliches und angenehmes Gef\u00fchl in der Hand.<\/li>\n<li data-start=\"1765\" data-end=\"1823\"><strong>Flache Form,<\/strong> ideal f\u00fcr cremiges Eis und Desserts.<\/li>\n<li data-start=\"1826\" data-end=\"1859\">Glattes Holz, geschmacks- und geruchsneutral.<\/li>\n<li data-start=\"1862\" data-end=\"1883\">Stark und leicht.<\/li>\n<li data-start=\"1886\" data-end=\"1926\">Praktische <strong>100er-Packung<\/strong> f\u00fcr den professionellen Gebrauch.<\/li>\n<li data-start=\"1929\" data-end=\"1965\">Umweltfreundliche Alternative zu Plastik.<\/li>\n<\/ul>\n<p>&nbsp;<\/p>\n<p><!--more--><\/p>\n<h4>Sonstige Informationen :<\/h4>\n<ul>\n<li><strong>Verpackung<\/strong>: Packung mit 100 St\u00fcck<\/li>\n<li><strong>Abmessung<\/strong>: 95 mm (L\u00e4nge)<\/li>\n<li><strong>Material<\/strong>: Holz<\/li>\n<\/ul>\n<p>&nbsp;<\/p>\n<p><!--more--><\/p>\n<p><a href=\"https:\/\/www.csj-emballages.com\/de\/categorie-produit\/lebensmittelverpackungen\/restauration-de\/teller-einwegbesteck-strohhalme\/gabeln-messer-loffel\/biologisch-abbaubares-besteck\/\">Sehen Sie sich den Rest unseres Sortiments an biologisch abbaubarem Besteck an<\/a><\/p>\n","protected":false},"excerpt":{"rendered":"<p>Eisl\u00f6ffel Beschreibung von unserem Eisl\u00f6ffel aus Holz 95 mm pro 100<\/p>\n","protected":false},"featured_media":169264,"template":"","meta":{"_acf_changed":false},"product_brand":[],"product_cat":[1137,1134,3961,2604,2628,1146,2627],"product_tag":[],"class_list":{"0":"post-126752","1":"product","2":"type-product","3":"status-publish","4":"has-post-thumbnail","6":"product_cat-lebensmittelverpackungen","7":"product_cat-restauration-de","8":"product_cat-teller-einwegbesteck-strohhalme","9":"product_cat-gabeln-messer-loffel","10":"product_cat-biologisch-abbaubares-besteck","11":"product_cat-bio-sortiment","12":"product_cat-bio-besteck","14":"first","15":"instock","16":"taxable","17":"shipping-taxable","18":"purchasable","19":"product-type-simple"},"acf":[],"yoast_head":"<!-- This site is optimized with the Yoast SEO Premium plugin v26.6 (Yoast SEO v26.6) - https:\/\/yoast.com\/wordpress\/plugins\/seo\/ -->\n<title>Eisl\u00f6ffel aus Holz - 95 mm<\/title>\n<meta name=\"description\" content=\"Entdecken Sie unseren 95-mm-Eisl\u00f6ffel aus Holz f\u00fcr Eiscreme! Wir bieten Ihnen eine Packung mit 100 kompostierbaren und widerstandsf\u00e4higen L\u00f6ffeln an!\" \/>\n<meta name=\"robots\" content=\"index, follow, max-snippet:-1, max-image-preview:large, max-video-preview:-1\" \/>\n<link rel=\"canonical\" href=\"https:\/\/www.csj-emballages.com\/de\/produit\/100-eisschaufeln-aus-holz-95-mm\/\" \/>\n<meta property=\"og:locale\" content=\"de_DE\" \/>\n<meta property=\"og:type\" content=\"article\" \/>\n<meta property=\"og:title\" content=\"Eisl\u00f6ffel aus Holz 95 mm pro 100\" \/>\n<meta property=\"og:description\" content=\"Entdecken Sie unseren 95-mm-Eisl\u00f6ffel aus Holz f\u00fcr Eiscreme! Wir bieten Ihnen eine Packung mit 100 kompostierbaren und widerstandsf\u00e4higen L\u00f6ffeln an!\" \/>\n<meta property=\"og:url\" content=\"https:\/\/www.csj-emballages.com\/de\/produit\/100-eisschaufeln-aus-holz-95-mm\/\" \/>\n<meta property=\"og:site_name\" content=\"CSJ Emballages\" \/>\n<meta property=\"article:publisher\" content=\"https:\/\/www.facebook.com\/csjemballages\" \/>\n<meta property=\"article:modified_time\" content=\"2026-05-12T00:12:16+00:00\" \/>\n<meta property=\"og:image\" content=\"https:\/\/www.csj-emballages.com\/wp-content\/uploads\/2024\/03\/cuillere_glace_bois-jpg.webp\" \/>\n\t<meta property=\"og:image:width\" content=\"800\" \/>\n\t<meta property=\"og:image:height\" content=\"800\" \/>\n\t<meta property=\"og:image:type\" content=\"image\/jpeg\" \/>\n<meta name=\"twitter:card\" content=\"summary_large_image\" \/>\n<meta name=\"twitter:label1\" content=\"Gesch\u00e4tzte Lesezeit\" \/>\n\t<meta name=\"twitter:data1\" content=\"2 Minuten\" \/>\n<script type=\"application\/ld+json\" class=\"yoast-schema-graph\">{\"@context\":\"https:\/\/schema.org\",\"@graph\":[{\"@type\":\"WebPage\",\"@id\":\"https:\/\/www.csj-emballages.com\/de\/produit\/100-eisschaufeln-aus-holz-95-mm\/\",\"url\":\"https:\/\/www.csj-emballages.com\/de\/produit\/100-eisschaufeln-aus-holz-95-mm\/\",\"name\":\"Eisl\u00f6ffel aus Holz - 95 mm\",\"isPartOf\":{\"@id\":\"https:\/\/www.csj-emballages.com\/de\/#website\"},\"primaryImageOfPage\":{\"@id\":\"https:\/\/www.csj-emballages.com\/de\/produit\/100-eisschaufeln-aus-holz-95-mm\/#primaryimage\"},\"image\":{\"@id\":\"https:\/\/www.csj-emballages.com\/de\/produit\/100-eisschaufeln-aus-holz-95-mm\/#primaryimage\"},\"thumbnailUrl\":\"https:\/\/www.csj-emballages.com\/wp-content\/uploads\/2024\/03\/cuillere_glace_bois-jpg.webp\",\"datePublished\":\"2024-03-01T15:55:41+00:00\",\"dateModified\":\"2026-05-12T00:12:16+00:00\",\"description\":\"Entdecken Sie unseren 95-mm-Eisl\u00f6ffel aus Holz f\u00fcr Eiscreme! Wir bieten Ihnen eine Packung mit 100 kompostierbaren und widerstandsf\u00e4higen L\u00f6ffeln an!\",\"breadcrumb\":{\"@id\":\"https:\/\/www.csj-emballages.com\/de\/produit\/100-eisschaufeln-aus-holz-95-mm\/#breadcrumb\"},\"inLanguage\":\"de\",\"potentialAction\":[{\"@type\":\"ReadAction\",\"target\":[\"https:\/\/www.csj-emballages.com\/de\/produit\/100-eisschaufeln-aus-holz-95-mm\/\"]}]},{\"@type\":\"ImageObject\",\"inLanguage\":\"de\",\"@id\":\"https:\/\/www.csj-emballages.com\/de\/produit\/100-eisschaufeln-aus-holz-95-mm\/#primaryimage\",\"url\":\"https:\/\/www.csj-emballages.com\/wp-content\/uploads\/2024\/03\/cuillere_glace_bois-jpg.webp\",\"contentUrl\":\"https:\/\/www.csj-emballages.com\/wp-content\/uploads\/2024\/03\/cuillere_glace_bois-jpg.webp\",\"width\":800,\"height\":800},{\"@type\":\"BreadcrumbList\",\"@id\":\"https:\/\/www.csj-emballages.com\/de\/produit\/100-eisschaufeln-aus-holz-95-mm\/#breadcrumb\",\"itemListElement\":[{\"@type\":\"ListItem\",\"position\":1,\"name\":\"Accueil\",\"item\":\"https:\/\/www.csj-emballages.com\/de\/universum-lebensmittelverpackungen\/\"},{\"@type\":\"ListItem\",\"position\":2,\"name\":\"Shop\",\"item\":\"https:\/\/www.csj-emballages.com\/shop\/\"},{\"@type\":\"ListItem\",\"position\":3,\"name\":\"Eisl\u00f6ffel aus Holz 95 mm pro 100\"}]},{\"@type\":\"WebSite\",\"@id\":\"https:\/\/www.csj-emballages.com\/de\/#website\",\"url\":\"https:\/\/www.csj-emballages.com\/de\/\",\"name\":\"CSJ Emballages\",\"description\":\"\",\"publisher\":{\"@id\":\"https:\/\/www.csj-emballages.com\/de\/#organization\"},\"potentialAction\":[{\"@type\":\"SearchAction\",\"target\":{\"@type\":\"EntryPoint\",\"urlTemplate\":\"https:\/\/www.csj-emballages.com\/de\/?s={search_term_string}\"},\"query-input\":{\"@type\":\"PropertyValueSpecification\",\"valueRequired\":true,\"valueName\":\"search_term_string\"}}],\"inLanguage\":\"de\"},{\"@type\":\"Organization\",\"@id\":\"https:\/\/www.csj-emballages.com\/de\/#Organization\/\",\"name\":\"CSJ Emballages\",\"url\":\"https:\/\/www.csj-emballages.com\/de\/\",\"logo\":{\"@type\":\"ImageObject\",\"inLanguage\":\"de\",\"@id\":\"https:\/\/www.csj-emballages.com\/de\/#\/schema\/logo\/image\/\",\"url\":\"https:\/\/www.csj-emballages.com\/wp-content\/uploads\/2023\/10\/logo_csj.webp\",\"contentUrl\":\"https:\/\/www.csj-emballages.com\/wp-content\/uploads\/2023\/10\/logo_csj.webp\",\"width\":250,\"height\":95,\"caption\":\"CSJ Emballages\"},\"image\":{\"@id\":\"https:\/\/www.csj-emballages.com\/de\/#\/schema\/logo\/image\/\"},\"sameAs\":[\"https:\/\/www.facebook.com\/csjemballages\"],\"address\":{\"@type\":\"PostalAddress\",\"streetAddress\":\"ZI La Lechere\",\"addressLocality\":\"Patornay\",\"postalCode\":\"39130\",\"addressCountry\":\"FR\"},\"contactPoint\":[{\"@type\":\"ContactPoint\",\"contactType\":\"Service client\",\"telephone\":\"0384254272\",\"email\":\"contact@csj-emballages.com\"}]}]}<\/script>\n<!-- \/ Yoast SEO Premium plugin. -->","yoast_head_json":{"title":"Eisl\u00f6ffel aus Holz - 95 mm","description":"Entdecken Sie unseren 95-mm-Eisl\u00f6ffel aus Holz f\u00fcr Eiscreme! Wir bieten Ihnen eine Packung mit 100 kompostierbaren und widerstandsf\u00e4higen L\u00f6ffeln an!","robots":{"index":"index","follow":"follow","max-snippet":"max-snippet:-1","max-image-preview":"max-image-preview:large","max-video-preview":"max-video-preview:-1"},"canonical":"https:\/\/www.csj-emballages.com\/de\/produit\/100-eisschaufeln-aus-holz-95-mm\/","og_locale":"de_DE","og_type":"article","og_title":"Eisl\u00f6ffel aus Holz 95 mm pro 100","og_description":"Entdecken Sie unseren 95-mm-Eisl\u00f6ffel aus Holz f\u00fcr Eiscreme! Wir bieten Ihnen eine Packung mit 100 kompostierbaren und widerstandsf\u00e4higen L\u00f6ffeln an!","og_url":"https:\/\/www.csj-emballages.com\/de\/produit\/100-eisschaufeln-aus-holz-95-mm\/","og_site_name":"CSJ Emballages","article_publisher":"https:\/\/www.facebook.com\/csjemballages","article_modified_time":"2026-05-12T00:12:16+00:00","og_image":[{"width":800,"height":800,"url":"https:\/\/www.csj-emballages.com\/wp-content\/uploads\/2024\/03\/cuillere_glace_bois-jpg.webp","type":"image\/jpeg"}],"twitter_card":"summary_large_image","twitter_misc":{"Gesch\u00e4tzte Lesezeit":"2 Minuten"},"schema":{"@context":"https:\/\/schema.org","@graph":[{"@type":"WebPage","@id":"https:\/\/www.csj-emballages.com\/de\/produit\/100-eisschaufeln-aus-holz-95-mm\/","url":"https:\/\/www.csj-emballages.com\/de\/produit\/100-eisschaufeln-aus-holz-95-mm\/","name":"Eisl\u00f6ffel aus Holz - 95 mm","isPartOf":{"@id":"https:\/\/www.csj-emballages.com\/de\/#website"},"primaryImageOfPage":{"@id":"https:\/\/www.csj-emballages.com\/de\/produit\/100-eisschaufeln-aus-holz-95-mm\/#primaryimage"},"image":{"@id":"https:\/\/www.csj-emballages.com\/de\/produit\/100-eisschaufeln-aus-holz-95-mm\/#primaryimage"},"thumbnailUrl":"https:\/\/www.csj-emballages.com\/wp-content\/uploads\/2024\/03\/cuillere_glace_bois-jpg.webp","datePublished":"2024-03-01T15:55:41+00:00","dateModified":"2026-05-12T00:12:16+00:00","description":"Entdecken Sie unseren 95-mm-Eisl\u00f6ffel aus Holz f\u00fcr Eiscreme! Wir bieten Ihnen eine Packung mit 100 kompostierbaren und widerstandsf\u00e4higen L\u00f6ffeln an!","breadcrumb":{"@id":"https:\/\/www.csj-emballages.com\/de\/produit\/100-eisschaufeln-aus-holz-95-mm\/#breadcrumb"},"inLanguage":"de","potentialAction":[{"@type":"ReadAction","target":["https:\/\/www.csj-emballages.com\/de\/produit\/100-eisschaufeln-aus-holz-95-mm\/"]}]},{"@type":"ImageObject","inLanguage":"de","@id":"https:\/\/www.csj-emballages.com\/de\/produit\/100-eisschaufeln-aus-holz-95-mm\/#primaryimage","url":"https:\/\/www.csj-emballages.com\/wp-content\/uploads\/2024\/03\/cuillere_glace_bois-jpg.webp","contentUrl":"https:\/\/www.csj-emballages.com\/wp-content\/uploads\/2024\/03\/cuillere_glace_bois-jpg.webp","width":800,"height":800},{"@type":"BreadcrumbList","@id":"https:\/\/www.csj-emballages.com\/de\/produit\/100-eisschaufeln-aus-holz-95-mm\/#breadcrumb","itemListElement":[{"@type":"ListItem","position":1,"name":"Accueil","item":"https:\/\/www.csj-emballages.com\/de\/universum-lebensmittelverpackungen\/"},{"@type":"ListItem","position":2,"name":"Shop","item":"https:\/\/www.csj-emballages.com\/shop\/"},{"@type":"ListItem","position":3,"name":"Eisl\u00f6ffel aus Holz 95 mm pro 100"}]},{"@type":"WebSite","@id":"https:\/\/www.csj-emballages.com\/de\/#website","url":"https:\/\/www.csj-emballages.com\/de\/","name":"CSJ Emballages","description":"","publisher":{"@id":"https:\/\/www.csj-emballages.com\/de\/#organization"},"potentialAction":[{"@type":"SearchAction","target":{"@type":"EntryPoint","urlTemplate":"https:\/\/www.csj-emballages.com\/de\/?s={search_term_string}"},"query-input":{"@type":"PropertyValueSpecification","valueRequired":true,"valueName":"search_term_string"}}],"inLanguage":"de"},{"@type":"Organization","@id":"https:\/\/www.csj-emballages.com\/de\/#Organization\/","name":"CSJ Emballages","url":"https:\/\/www.csj-emballages.com\/de\/","logo":{"@type":"ImageObject","inLanguage":"de","@id":"https:\/\/www.csj-emballages.com\/de\/#\/schema\/logo\/image\/","url":"https:\/\/www.csj-emballages.com\/wp-content\/uploads\/2023\/10\/logo_csj.webp","contentUrl":"https:\/\/www.csj-emballages.com\/wp-content\/uploads\/2023\/10\/logo_csj.webp","width":250,"height":95,"caption":"CSJ Emballages"},"image":{"@id":"https:\/\/www.csj-emballages.com\/de\/#\/schema\/logo\/image\/"},"sameAs":["https:\/\/www.facebook.com\/csjemballages"],"address":{"@type":"PostalAddress","streetAddress":"ZI La Lechere","addressLocality":"Patornay","postalCode":"39130","addressCountry":"FR"},"contactPoint":[{"@type":"ContactPoint","contactType":"Service client","telephone":"0384254272","email":"contact@csj-emballages.com"}]}]}},"df_price":1.64,"df_sale_price":1.64,"df_regular_price":1.64,"df_image_link":"https:\/\/www.csj-emballages.com\/wp-content\/uploads\/2024\/03\/cuillere_glace_bois-300x300.webp","tiered_pricing_type":"fixed","tiered_pricing_fixed_rules":[],"tiered_pricing_percentage_rules":[],"tiered_pricing_minimum":1,"tiered_pricing_roles_data":[],"_links":{"self":[{"href":"https:\/\/www.csj-emballages.com\/de\/wp-json\/wp\/v2\/product\/126752","targetHints":{"allow":["GET"]}}],"collection":[{"href":"https:\/\/www.csj-emballages.com\/de\/wp-json\/wp\/v2\/product"}],"about":[{"href":"https:\/\/www.csj-emballages.com\/de\/wp-json\/wp\/v2\/types\/product"}],"wp:featuredmedia":[{"embeddable":true,"href":"https:\/\/www.csj-emballages.com\/de\/wp-json\/wp\/v2\/media\/169264"}],"wp:attachment":[{"href":"https:\/\/www.csj-emballages.com\/de\/wp-json\/wp\/v2\/media?parent=126752"}],"wp:term":[{"taxonomy":"product_brand","embeddable":true,"href":"https:\/\/www.csj-emballages.com\/de\/wp-json\/wp\/v2\/product_brand?post=126752"},{"taxonomy":"product_cat","embeddable":true,"href":"https:\/\/www.csj-emballages.com\/de\/wp-json\/wp\/v2\/product_cat?post=126752"},{"taxonomy":"product_tag","embeddable":true,"href":"https:\/\/www.csj-emballages.com\/de\/wp-json\/wp\/v2\/product_tag?post=126752"}],"curies":[{"name":"wp","href":"https:\/\/api.w.org\/{rel}","templated":true}]}}