{"id":126748,"date":"2024-03-01T16:54:57","date_gmt":"2024-03-01T15:54:57","guid":{"rendered":"https:\/\/www.csj-emballages.com\/produit\/50-schalen-pommes-frites-karton-1000-ml\/"},"modified":"2026-04-28T02:13:37","modified_gmt":"2026-04-28T00:13:37","slug":"50-schalen-pommes-frites-karton-1000-ml","status":"publish","type":"product","link":"https:\/\/www.csj-emballages.com\/de\/produit\/50-schalen-pommes-frites-karton-1000-ml\/","title":{"rendered":"Schale Pommes frites aus Karton 1000 ml pro 50"},"content":{"rendered":"<div style=\"font-family: Roboto, sans-serif;\">\n<div style=\"font-family: Roboto, sans-serif;\">\n<div style=\"font-family: Roboto, sans-serif;\">\n<h2>Frittierte Schale<\/h2>\n<hr>\n<h3>Beschreibung unserer Schale Pommes frites aus Karton 1000 ml pro 50 St\u00fcck<\/h3>\n<p><!--more--><\/p>\n<div class=\"flex-shrink-0 flex flex-col relative items-end\">\n<div class=\"pt-0.5 juice:pt-0\">\n<div class=\"gizmo-bot-avatar flex h-6 w-6 items-center justify-center overflow-hidden rounded-full juice:h-8 juice:w-8\">\n<div class=\"relative p-1 rounded-sm flex items-center justify-center bg-token-main-surface-primary text-token-text-primary h-8 w-8\">\n<p class=\"\" data-start=\"292\" data-end=\"616\">Diese robuste und praktische <strong>Schale aus Kraftkarton<\/strong> mit einem Fassungsverm\u00f6gen von 1000<strong data-start=\"399\" data-end=\"409\"> ml<\/strong> ist ideal zum Servieren von Pommes frites, Nuggets, Aperitifh\u00e4ppchen oder sogar kleinen Gerichten zum Mitnehmen. Sie wird im Set von <strong>50<\/strong> St\u00fcck verkauft und bietet einen hervorragenden Kompromiss zwischen Zweckm\u00e4\u00dfigkeit, Hygiene und Pr\u00e4sentation. Die <strong>Kartonschale<\/strong> wurde f\u00fcr <strong data-start=\"630\" data-end=\"662\">hei\u00dfe Speisen<\/strong> entwickelt und weicht nicht auf, wenn sie mit Hitze oder Feuchtigkeit in Ber\u00fchrung kommt. Sie bleibt auch bei fettigen <strong>Pommes frites<\/strong> oder So\u00dfen in Form. Sie besteht aus dickem, lebensmittelechtem Karton, ist <strong data-start=\"883\" data-end=\"897\">umweltfreundlich<\/strong> und <strong data-start=\"901\" data-end=\"927\">vollst\u00e4ndig recycelbar<\/strong> und somit eine verantwortungsbewusstere Alternative zu herk\u00f6mmlichen Plastikbeh\u00e4ltern.    <\/p>\n<p class=\"\" data-start=\"1020\" data-end=\"1377\">Ob Sie nun ein <strong data-start=\"1038\" data-end=\"1061\">Schnellrestaurant<\/strong>, ein <strong data-start=\"1066\" data-end=\"1080\">Foodtruck<\/strong>, ein <strong data-start=\"1085\" data-end=\"1110\">Event-Caterer<\/strong> oder sogar eine Privatperson sind, die eine Party veranstaltet, diese Schale garantiert Ihnen einen gepflegten Service, einen guten Griff und eine echte Alltagstauglichkeit. Ihr Format ist perfekt geeignet, um sie flach auf den Tisch zu stellen oder in der Hand zu halten, um sie unterwegs zu verzehren. <\/p>\n<p class=\"\" data-start=\"1379\" data-end=\"1497\">Diese <strong>Frittierschale<\/strong> wird in Packungen zu <strong>50<\/strong> St\u00fcck verkauft und erm\u00f6glicht es Ihnen, Ihren Bedarf an Beh\u00e4ltern einfach zu verwalten, ohne die Lagerhaltung zu \u00fcberlasten.<\/p>\n<p class=\"\" data-start=\"1499\" data-end=\"1594\">Ein Muss f\u00fcr alle, die <strong data-start=\"1551\" data-end=\"1593\">Effizienz, Einfachheit und Pr\u00e4sentation<\/strong> miteinander verbinden wollen.<\/p>\n<p data-start=\"1499\" data-end=\"1594\">\n<\/div>\n<\/div>\n<\/div>\n<\/div>\n<p><!--more--><\/p>\n<p><strong>Ihre Vorteile :<\/strong><\/p>\n<ul>\n<li>Hitze- und fettbest\u00e4ndig.<\/li>\n<li>Recycelbar und umweltfreundlich.<\/li>\n<li>Diese Frittierschale ist ideal f\u00fcr Pommes frites, Tapas, Nuggets und Snacks.<\/li>\n<li>Liegt gut in der Hand, verformt sich nicht.<\/li>\n<li><strong>Praktisch<\/strong>: wird in einem Set von 50 St\u00fcck geliefert.<\/li>\n<\/ul>\n<p>&nbsp;<\/p>\n<p><!--more--><\/p>\n<h4>Weitere Informationen :<\/h4>\n<ul>\n<li><strong>Verpackung<\/strong>: Packung mit 50 St\u00fcck<\/li>\n<li><strong>Untere<\/strong> <strong>Abmessungen<\/strong>: 18 x 12 cm<\/li>\n<li><strong>Obere<\/strong> <strong>Abmessungen<\/strong>: 22 x 17 cm<\/li>\n<li><strong>H\u00f6he<\/strong>: 4 cm<\/li>\n<li><strong>Volumen<\/strong>: 1000 ml<\/li>\n<li><span style=\"font-weight: bold;\">Farbe <\/span>: Braun<\/li>\n<li><span style=\"font-weight: bold;\">Material <\/span>: Karton<\/li>\n<\/ul>\n<\/div>\n<\/div>\n<\/div>\n<p>&nbsp;<\/p>\n<h5><!--more--><\/h5>\n<div style=\"font-family: Roboto, sans-serif;\">\n<div style=\"font-family: Roboto, sans-serif;\">\n<div style=\"font-family: Roboto, sans-serif;\">\n<p>Diese Frittierschale ist in verschiedenen Gr\u00f6\u00dfen erh\u00e4ltlich : <span style=\"color: #d12727;\"><a style=\"color: #d12727;\" href=\"https:\/\/www.csj-emballages.com\/es\/produit\/frito-carton-250-ml-por-200\/\">250 ml<\/a><\/span> \/ <span style=\"color: #d12727;\"><a style=\"color: #d12727;\" href=\"https:\/\/www.csj-emballages.com\/produit\/100-barquette-frite-carton-300-ml-restauration-emporter\/\">300 ml<\/a><\/span> \/ <span style=\"color: #d12727;\"><a style=\"color: #d12727;\" href=\"https:\/\/www.csj-emballages.com\/produit\/100-barquette-frite-carton-400-ml-restauration-emporter\/\">400 ml<\/a><\/span> \/ <span style=\"color: #d12727;\"><a style=\"color: #d12727;\" href=\"https:\/\/www.csj-emballages.com\/produit\/barquette-frite-carton-520-ml-2-compartiments-par-100\/\">520 ml<\/a><\/span> \/ <span style=\"color: #d12727;\"><a style=\"color: #d12727;\" href=\"https:\/\/www.csj-emballages.com\/es\/produit\/bandeja-de-carton-para-virutas-de-680-ml-100\/\">680 ml <\/a><\/span> <\/p>\n<p>&nbsp;<\/p>\n<p><!--more--><\/p>\n<p><a href=\"https:\/\/www.csj-emballages.com\/de\/categorie-produit\/lebensmittelverpackungen\/restauration-de\/dosen-schalen-beutel-konen\/schalen-kartons\/pommes-frites-schalen-aus-karton\/\">Sehen Sie sich den Rest unseres Sortiments an Pommes frites-Schalen aus Karton an.<\/a><\/p>\n<\/div>\n<\/div>\n<\/div>\n","protected":false},"excerpt":{"rendered":"<p>Frittierte Schale Beschreibung unserer Schale Pommes frites aus Karton 1000 ml pro 50 St\u00fcck<\/p>\n","protected":false},"featured_media":227496,"template":"","meta":{"_acf_changed":false},"product_brand":[],"product_cat":[1137,1134,1474,3945],"product_tag":[],"class_list":{"0":"post-126748","1":"product","2":"type-product","3":"status-publish","4":"has-post-thumbnail","6":"product_cat-lebensmittelverpackungen","7":"product_cat-restauration-de","8":"product_cat-schalen-kartons","9":"product_cat-pommes-frites-schalen-aus-karton","11":"first","12":"instock","13":"taxable","14":"shipping-taxable","15":"purchasable","16":"product-type-simple"},"acf":[],"yoast_head":"<!-- This site is optimized with the Yoast SEO Premium plugin v26.6 (Yoast SEO v26.6) - https:\/\/yoast.com\/wordpress\/plugins\/seo\/ -->\n<title>Schale Pommes frites Kraftkarton 1000 ml<\/title>\n<meta name=\"description\" content=\"Kartonschale 1000 ml - ideal f\u00fcr Pommes frites, Snacks und Gerichte zum Mitnehmen. Widerstandsf\u00e4hig, recycelbar, praktisch und wird im 50er-Pack verkauft.\" \/>\n<meta name=\"robots\" content=\"index, follow, max-snippet:-1, max-image-preview:large, max-video-preview:-1\" \/>\n<link rel=\"canonical\" href=\"https:\/\/www.csj-emballages.com\/de\/produit\/50-schalen-pommes-frites-karton-1000-ml\/\" \/>\n<meta property=\"og:locale\" content=\"de_DE\" \/>\n<meta property=\"og:type\" content=\"article\" \/>\n<meta property=\"og:title\" content=\"Schale Pommes frites aus Karton 1000 ml pro 50\" \/>\n<meta property=\"og:description\" content=\"Kartonschale 1000 ml - ideal f\u00fcr Pommes frites, Snacks und Gerichte zum Mitnehmen. Widerstandsf\u00e4hig, recycelbar, praktisch und wird im 50er-Pack verkauft.\" \/>\n<meta property=\"og:url\" content=\"https:\/\/www.csj-emballages.com\/de\/produit\/50-schalen-pommes-frites-karton-1000-ml\/\" \/>\n<meta property=\"og:site_name\" content=\"CSJ Emballages\" \/>\n<meta property=\"article:publisher\" content=\"https:\/\/www.facebook.com\/csjemballages\" \/>\n<meta property=\"article:modified_time\" content=\"2026-04-28T00:13:37+00:00\" \/>\n<meta property=\"og:image\" content=\"https:\/\/www.csj-emballages.com\/wp-content\/uploads\/2024\/03\/CH1000CART.webp\" \/>\n\t<meta property=\"og:image:width\" content=\"800\" \/>\n\t<meta property=\"og:image:height\" content=\"800\" \/>\n\t<meta property=\"og:image:type\" content=\"image\/webp\" \/>\n<meta name=\"twitter:card\" content=\"summary_large_image\" \/>\n<meta name=\"twitter:label1\" content=\"Gesch\u00e4tzte Lesezeit\" \/>\n\t<meta name=\"twitter:data1\" content=\"2 Minuten\" \/>\n<script type=\"application\/ld+json\" class=\"yoast-schema-graph\">{\"@context\":\"https:\/\/schema.org\",\"@graph\":[{\"@type\":\"WebPage\",\"@id\":\"https:\/\/www.csj-emballages.com\/de\/produit\/50-schalen-pommes-frites-karton-1000-ml\/\",\"url\":\"https:\/\/www.csj-emballages.com\/de\/produit\/50-schalen-pommes-frites-karton-1000-ml\/\",\"name\":\"Schale Pommes frites Kraftkarton 1000 ml\",\"isPartOf\":{\"@id\":\"https:\/\/www.csj-emballages.com\/de\/#website\"},\"primaryImageOfPage\":{\"@id\":\"https:\/\/www.csj-emballages.com\/de\/produit\/50-schalen-pommes-frites-karton-1000-ml\/#primaryimage\"},\"image\":{\"@id\":\"https:\/\/www.csj-emballages.com\/de\/produit\/50-schalen-pommes-frites-karton-1000-ml\/#primaryimage\"},\"thumbnailUrl\":\"https:\/\/www.csj-emballages.com\/wp-content\/uploads\/2024\/03\/CH1000CART.webp\",\"datePublished\":\"2024-03-01T15:54:57+00:00\",\"dateModified\":\"2026-04-28T00:13:37+00:00\",\"description\":\"Kartonschale 1000 ml - ideal f\u00fcr Pommes frites, Snacks und Gerichte zum Mitnehmen. Widerstandsf\u00e4hig, recycelbar, praktisch und wird im 50er-Pack verkauft.\",\"breadcrumb\":{\"@id\":\"https:\/\/www.csj-emballages.com\/de\/produit\/50-schalen-pommes-frites-karton-1000-ml\/#breadcrumb\"},\"inLanguage\":\"de\",\"potentialAction\":[{\"@type\":\"ReadAction\",\"target\":[\"https:\/\/www.csj-emballages.com\/de\/produit\/50-schalen-pommes-frites-karton-1000-ml\/\"]}]},{\"@type\":\"ImageObject\",\"inLanguage\":\"de\",\"@id\":\"https:\/\/www.csj-emballages.com\/de\/produit\/50-schalen-pommes-frites-karton-1000-ml\/#primaryimage\",\"url\":\"https:\/\/www.csj-emballages.com\/wp-content\/uploads\/2024\/03\/CH1000CART.webp\",\"contentUrl\":\"https:\/\/www.csj-emballages.com\/wp-content\/uploads\/2024\/03\/CH1000CART.webp\",\"width\":800,\"height\":800,\"caption\":\"Barquette frite\"},{\"@type\":\"BreadcrumbList\",\"@id\":\"https:\/\/www.csj-emballages.com\/de\/produit\/50-schalen-pommes-frites-karton-1000-ml\/#breadcrumb\",\"itemListElement\":[{\"@type\":\"ListItem\",\"position\":1,\"name\":\"Accueil\",\"item\":\"https:\/\/www.csj-emballages.com\/de\/universum-lebensmittelverpackungen\/\"},{\"@type\":\"ListItem\",\"position\":2,\"name\":\"Shop\",\"item\":\"https:\/\/www.csj-emballages.com\/shop\/\"},{\"@type\":\"ListItem\",\"position\":3,\"name\":\"Schale Pommes frites aus Karton 1000 ml pro 50\"}]},{\"@type\":\"WebSite\",\"@id\":\"https:\/\/www.csj-emballages.com\/de\/#website\",\"url\":\"https:\/\/www.csj-emballages.com\/de\/\",\"name\":\"CSJ Emballages\",\"description\":\"\",\"publisher\":{\"@id\":\"https:\/\/www.csj-emballages.com\/de\/#organization\"},\"potentialAction\":[{\"@type\":\"SearchAction\",\"target\":{\"@type\":\"EntryPoint\",\"urlTemplate\":\"https:\/\/www.csj-emballages.com\/de\/?s={search_term_string}\"},\"query-input\":{\"@type\":\"PropertyValueSpecification\",\"valueRequired\":true,\"valueName\":\"search_term_string\"}}],\"inLanguage\":\"de\"},{\"@type\":\"Organization\",\"@id\":\"https:\/\/www.csj-emballages.com\/de\/#Organization\/\",\"name\":\"CSJ Emballages\",\"url\":\"https:\/\/www.csj-emballages.com\/de\/\",\"logo\":{\"@type\":\"ImageObject\",\"inLanguage\":\"de\",\"@id\":\"https:\/\/www.csj-emballages.com\/de\/#\/schema\/logo\/image\/\",\"url\":\"https:\/\/www.csj-emballages.com\/wp-content\/uploads\/2023\/10\/logo_csj.webp\",\"contentUrl\":\"https:\/\/www.csj-emballages.com\/wp-content\/uploads\/2023\/10\/logo_csj.webp\",\"width\":250,\"height\":95,\"caption\":\"CSJ Emballages\"},\"image\":{\"@id\":\"https:\/\/www.csj-emballages.com\/de\/#\/schema\/logo\/image\/\"},\"sameAs\":[\"https:\/\/www.facebook.com\/csjemballages\"],\"address\":{\"@type\":\"PostalAddress\",\"streetAddress\":\"ZI La Lechere\",\"addressLocality\":\"Patornay\",\"postalCode\":\"39130\",\"addressCountry\":\"FR\"},\"contactPoint\":[{\"@type\":\"ContactPoint\",\"contactType\":\"Service client\",\"telephone\":\"0384254272\",\"email\":\"contact@csj-emballages.com\"}]}]}<\/script>\n<!-- \/ Yoast SEO Premium plugin. -->","yoast_head_json":{"title":"Schale Pommes frites Kraftkarton 1000 ml","description":"Kartonschale 1000 ml - ideal f\u00fcr Pommes frites, Snacks und Gerichte zum Mitnehmen. Widerstandsf\u00e4hig, recycelbar, praktisch und wird im 50er-Pack verkauft.","robots":{"index":"index","follow":"follow","max-snippet":"max-snippet:-1","max-image-preview":"max-image-preview:large","max-video-preview":"max-video-preview:-1"},"canonical":"https:\/\/www.csj-emballages.com\/de\/produit\/50-schalen-pommes-frites-karton-1000-ml\/","og_locale":"de_DE","og_type":"article","og_title":"Schale Pommes frites aus Karton 1000 ml pro 50","og_description":"Kartonschale 1000 ml - ideal f\u00fcr Pommes frites, Snacks und Gerichte zum Mitnehmen. Widerstandsf\u00e4hig, recycelbar, praktisch und wird im 50er-Pack verkauft.","og_url":"https:\/\/www.csj-emballages.com\/de\/produit\/50-schalen-pommes-frites-karton-1000-ml\/","og_site_name":"CSJ Emballages","article_publisher":"https:\/\/www.facebook.com\/csjemballages","article_modified_time":"2026-04-28T00:13:37+00:00","og_image":[{"width":800,"height":800,"url":"https:\/\/www.csj-emballages.com\/wp-content\/uploads\/2024\/03\/CH1000CART.webp","type":"image\/webp"}],"twitter_card":"summary_large_image","twitter_misc":{"Gesch\u00e4tzte Lesezeit":"2 Minuten"},"schema":{"@context":"https:\/\/schema.org","@graph":[{"@type":"WebPage","@id":"https:\/\/www.csj-emballages.com\/de\/produit\/50-schalen-pommes-frites-karton-1000-ml\/","url":"https:\/\/www.csj-emballages.com\/de\/produit\/50-schalen-pommes-frites-karton-1000-ml\/","name":"Schale Pommes frites Kraftkarton 1000 ml","isPartOf":{"@id":"https:\/\/www.csj-emballages.com\/de\/#website"},"primaryImageOfPage":{"@id":"https:\/\/www.csj-emballages.com\/de\/produit\/50-schalen-pommes-frites-karton-1000-ml\/#primaryimage"},"image":{"@id":"https:\/\/www.csj-emballages.com\/de\/produit\/50-schalen-pommes-frites-karton-1000-ml\/#primaryimage"},"thumbnailUrl":"https:\/\/www.csj-emballages.com\/wp-content\/uploads\/2024\/03\/CH1000CART.webp","datePublished":"2024-03-01T15:54:57+00:00","dateModified":"2026-04-28T00:13:37+00:00","description":"Kartonschale 1000 ml - ideal f\u00fcr Pommes frites, Snacks und Gerichte zum Mitnehmen. Widerstandsf\u00e4hig, recycelbar, praktisch und wird im 50er-Pack verkauft.","breadcrumb":{"@id":"https:\/\/www.csj-emballages.com\/de\/produit\/50-schalen-pommes-frites-karton-1000-ml\/#breadcrumb"},"inLanguage":"de","potentialAction":[{"@type":"ReadAction","target":["https:\/\/www.csj-emballages.com\/de\/produit\/50-schalen-pommes-frites-karton-1000-ml\/"]}]},{"@type":"ImageObject","inLanguage":"de","@id":"https:\/\/www.csj-emballages.com\/de\/produit\/50-schalen-pommes-frites-karton-1000-ml\/#primaryimage","url":"https:\/\/www.csj-emballages.com\/wp-content\/uploads\/2024\/03\/CH1000CART.webp","contentUrl":"https:\/\/www.csj-emballages.com\/wp-content\/uploads\/2024\/03\/CH1000CART.webp","width":800,"height":800,"caption":"Barquette frite"},{"@type":"BreadcrumbList","@id":"https:\/\/www.csj-emballages.com\/de\/produit\/50-schalen-pommes-frites-karton-1000-ml\/#breadcrumb","itemListElement":[{"@type":"ListItem","position":1,"name":"Accueil","item":"https:\/\/www.csj-emballages.com\/de\/universum-lebensmittelverpackungen\/"},{"@type":"ListItem","position":2,"name":"Shop","item":"https:\/\/www.csj-emballages.com\/shop\/"},{"@type":"ListItem","position":3,"name":"Schale Pommes frites aus Karton 1000 ml pro 50"}]},{"@type":"WebSite","@id":"https:\/\/www.csj-emballages.com\/de\/#website","url":"https:\/\/www.csj-emballages.com\/de\/","name":"CSJ Emballages","description":"","publisher":{"@id":"https:\/\/www.csj-emballages.com\/de\/#organization"},"potentialAction":[{"@type":"SearchAction","target":{"@type":"EntryPoint","urlTemplate":"https:\/\/www.csj-emballages.com\/de\/?s={search_term_string}"},"query-input":{"@type":"PropertyValueSpecification","valueRequired":true,"valueName":"search_term_string"}}],"inLanguage":"de"},{"@type":"Organization","@id":"https:\/\/www.csj-emballages.com\/de\/#Organization\/","name":"CSJ Emballages","url":"https:\/\/www.csj-emballages.com\/de\/","logo":{"@type":"ImageObject","inLanguage":"de","@id":"https:\/\/www.csj-emballages.com\/de\/#\/schema\/logo\/image\/","url":"https:\/\/www.csj-emballages.com\/wp-content\/uploads\/2023\/10\/logo_csj.webp","contentUrl":"https:\/\/www.csj-emballages.com\/wp-content\/uploads\/2023\/10\/logo_csj.webp","width":250,"height":95,"caption":"CSJ Emballages"},"image":{"@id":"https:\/\/www.csj-emballages.com\/de\/#\/schema\/logo\/image\/"},"sameAs":["https:\/\/www.facebook.com\/csjemballages"],"address":{"@type":"PostalAddress","streetAddress":"ZI La Lechere","addressLocality":"Patornay","postalCode":"39130","addressCountry":"FR"},"contactPoint":[{"@type":"ContactPoint","contactType":"Service client","telephone":"0384254272","email":"contact@csj-emballages.com"}]}]}},"df_price":5.57,"df_sale_price":"","df_regular_price":5.57,"df_image_link":"https:\/\/www.csj-emballages.com\/wp-content\/uploads\/2024\/03\/CH1000CART-300x300.webp","tiered_pricing_type":"fixed","tiered_pricing_fixed_rules":[],"tiered_pricing_percentage_rules":[],"tiered_pricing_minimum":1,"tiered_pricing_roles_data":[],"_links":{"self":[{"href":"https:\/\/www.csj-emballages.com\/de\/wp-json\/wp\/v2\/product\/126748","targetHints":{"allow":["GET"]}}],"collection":[{"href":"https:\/\/www.csj-emballages.com\/de\/wp-json\/wp\/v2\/product"}],"about":[{"href":"https:\/\/www.csj-emballages.com\/de\/wp-json\/wp\/v2\/types\/product"}],"wp:featuredmedia":[{"embeddable":true,"href":"https:\/\/www.csj-emballages.com\/de\/wp-json\/wp\/v2\/media\/227496"}],"wp:attachment":[{"href":"https:\/\/www.csj-emballages.com\/de\/wp-json\/wp\/v2\/media?parent=126748"}],"wp:term":[{"taxonomy":"product_brand","embeddable":true,"href":"https:\/\/www.csj-emballages.com\/de\/wp-json\/wp\/v2\/product_brand?post=126748"},{"taxonomy":"product_cat","embeddable":true,"href":"https:\/\/www.csj-emballages.com\/de\/wp-json\/wp\/v2\/product_cat?post=126748"},{"taxonomy":"product_tag","embeddable":true,"href":"https:\/\/www.csj-emballages.com\/de\/wp-json\/wp\/v2\/product_tag?post=126748"}],"curies":[{"name":"wp","href":"https:\/\/api.w.org\/{rel}","templated":true}]}}