{"id":126727,"date":"2024-03-01T16:54:52","date_gmt":"2024-03-01T15:54:52","guid":{"rendered":"https:\/\/www.csj-emballages.com\/produit\/1-tischlaeufer-0-40-x-24-m-vorgeschnitten-elfenbeinfarben\/"},"modified":"2026-03-12T16:20:06","modified_gmt":"2026-03-12T15:20:06","slug":"1-tischlaeufer-0-40-x-24-m-vorgeschnitten-elfenbeinfarben","status":"publish","type":"product","link":"https:\/\/www.csj-emballages.com\/de\/produit\/1-tischlaeufer-0-40-x-24-m-vorgeschnitten-elfenbeinfarben\/","title":{"rendered":"Elfenbeinfarbener vorgeschnittener Tischl\u00e4ufer 0,40 x 24 m"},"content":{"rendered":"<h2>Elfenbeinfarbener Tischl\u00e4ufer<\/h2>\n<hr>\n<h3>Entdecken Sie unseren elfenbeinfarbenen vorgeschnittenen Tischl\u00e4ufer 0,40 x 24 m<\/h3>\n<p><!--more--><\/p>\n<p data-start=\"251\" data-end=\"578\">Der <strong>elfenbeinfarbene vorgeschnittene Tischl\u00e4ufer 0,40 x 24 m<\/strong> ist die ideale L\u00f6sung, um Ihre Tische elegant und unkompliziert zu gestalten. Urspr\u00fcnglich f\u00fcr Gastronomie- und Eventprofis oder f\u00fcr den anspruchsvollen Heimgebrauch konzipiert, erm\u00f6glicht er eine schnelle Schaffung einer <strong>harmonischen und raffinierten Dekoration<\/strong>, ohne l\u00e4stiges Zuschneiden. <\/p>\n<p data-start=\"580\" data-end=\"932\">Tats\u00e4chlich passt sich sein <strong>sanfter und zeitloser Elfenbeinton<\/strong> leicht an alle Dekorationsstile an, ob klassisch, modern oder festlich. Er hebt <strong>Geschirr, Tischdekorationen und dekorative Elemente<\/strong> hervor und verleiht Ihren Empf\u00e4ngen, Banketten, Hochzeiten, Geburtstagen oder Gesch\u00e4ftsessen eine warme und elegante Note. <\/p>\n<p data-start=\"934\" data-end=\"1366\">Dank seines <strong>vorgeschnittenen Formats<\/strong> ist dieser <strong>Tischl\u00e4ufer<\/strong> besonders praktisch in der Anwendung. Die regelm\u00e4\u00dfigen Schnitte sorgen f\u00fcr ein sauberes und gleichm\u00e4\u00dfiges Ergebnis auf jedem Tisch. Seine <strong>Breite von 40 cm<\/strong> bietet eine ideale Abdeckung f\u00fcr rechteckige oder runde Tische, w\u00e4hrend seine <strong>Gesamtl\u00e4nge von 24 Metern<\/strong> es erm\u00f6glicht, mehrere Tische mit einer einzigen Rolle zu bedecken.  <\/p>\n<p data-start=\"1368\" data-end=\"1691\">Hergestellt aus widerstandsf\u00e4higem <strong>Vliesmaterial<\/strong>, ist dieser <strong>elfenbeinfarbene Tischl\u00e4ufer<\/strong> gleichzeitig leicht, flexibel und angenehm im Griff. Er bleibt gut auf dem Tisch liegen und h\u00e4lt gelegentlicher Nutzung stand, w\u00e4hrend er sein sch\u00f6nes Aussehen bewahrt. Kurz gesagt, er erf\u00fcllt perfekt die Bed\u00fcrfnisse anspruchsvoller Profis.  <\/p>\n<p data-start=\"1368\" data-end=\"1691\">\n<p data-start=\"1368\" data-end=\"1691\"><!--more--><\/p>\n<h4 data-start=\"1368\" data-end=\"1691\">Vorteile :<\/h4>\n<ul>\n<li data-start=\"1729\" data-end=\"1770\"><strong>Elegante und zeitlose Elfenbeinfarbe<\/strong>.<\/li>\n<li data-start=\"1773\" data-end=\"1822\">Vorgeschnittenes Format f\u00fcr schnelle Anbringung.<\/li>\n<li data-start=\"1825\" data-end=\"1871\"><strong>Breite 40 cm<\/strong>, passend f\u00fcr alle Tischarten.<\/li>\n<li data-start=\"1874\" data-end=\"1919\"><strong>L\u00e4nge 24 m<\/strong>, um mehrere Tische zu bedecken.<\/li>\n<li data-start=\"1922\" data-end=\"1963\">Widerstandsf\u00e4higes und leichtes Vliesmaterial.<\/li>\n<li data-start=\"1966\" data-end=\"1992\">Gleichm\u00e4\u00dfiges und gepflegtes Ergebnis.<\/li>\n<li data-start=\"1995\" data-end=\"2046\">Ideal f\u00fcr Veranstaltungen, Gastronomie und Empf\u00e4nge.<\/li>\n<\/ul>\n<p>&nbsp;<\/p>\n<p><!--more--><\/p>\n<h4><strong>Weitere Informationen :  <\/strong><\/h4>\n<ul>\n<li><strong>Verpackung<\/strong>:<\/li>\n<li><strong>Ma\u00dfe<\/strong>: 0,40 x 24 m<\/li>\n<li><strong>Farbe<\/strong>: Elfenbein<\/li>\n<\/ul>\n<p>&nbsp;<\/p>\n<p><!--more--><\/p>\n<p>Dieser elfenbeinfarbene Tischl\u00e4ufer ist auch in Sandfarbe erh\u00e4ltlich: <span style=\"color: #d12727;\"><a style=\"color: #d12727;\" href=\"https:\/\/www.csj-emballages.com\/es\/produit\/1-camino-de-mesa-precortado-040-x-24-m-arena\/\">CHE4024SA<\/a><\/span><\/p>\n<p>&nbsp;<\/p>\n<p><!--more--><\/p>\n<p><a href=\"https:\/\/www.csj-emballages.com\/de\/categorie-produit\/lebensmittelverpackungen\/restauration-de\/servietten-tischsets-tischdecken\/tischlaufer\/\">Sehen Sie sich den Rest unseres Sortiments an Tischl\u00e4ufern an<\/a><\/p>\n","protected":false},"excerpt":{"rendered":"<p>Elfenbeinfarbener Tischl\u00e4ufer Entdecken Sie unseren elfenbeinfarbenen vorgeschnittenen Tischl\u00e4ufer 0,40 x 24 m<\/p>\n","protected":false},"featured_media":263754,"template":"","meta":{"_acf_changed":false},"product_brand":[],"product_cat":[1137,1134,1135,1136,1265],"product_tag":[],"class_list":{"0":"post-126727","1":"product","2":"type-product","3":"status-publish","4":"has-post-thumbnail","6":"product_cat-lebensmittelverpackungen","7":"product_cat-restauration-de","8":"product_cat-servietten-tischsets-tischdecken","9":"product_cat-tischlaufer","10":"product_cat-lagerbestande-promotion","12":"first","13":"instock","14":"sale","15":"taxable","16":"shipping-taxable","17":"purchasable","18":"product-type-simple"},"acf":[],"yoast_head":"<!-- This site is optimized with the Yoast SEO Premium plugin v26.6 (Yoast SEO v26.6) - https:\/\/yoast.com\/wordpress\/plugins\/seo\/ -->\n<title>Elfenbeinfarbener Vorgeschnittener Tischl\u00e4ufer 0,40 x 24 m<\/title>\n<meta name=\"description\" content=\"Elfenbeinfarbener vorgeschnittener Tischl\u00e4ufer 0,40 x 24 m. Elegant, praktisch und schnell anzubringen, ideal f\u00fcr Veranstaltungen und Tischdekoration.\" \/>\n<meta name=\"robots\" content=\"index, follow, max-snippet:-1, max-image-preview:large, max-video-preview:-1\" \/>\n<link rel=\"canonical\" href=\"https:\/\/www.csj-emballages.com\/de\/produit\/1-tischlaeufer-0-40-x-24-m-vorgeschnitten-elfenbeinfarben\/\" \/>\n<meta property=\"og:locale\" content=\"de_DE\" \/>\n<meta property=\"og:type\" content=\"article\" \/>\n<meta property=\"og:title\" content=\"Elfenbeinfarbener vorgeschnittener Tischl\u00e4ufer 0,40 x 24 m\" \/>\n<meta property=\"og:description\" content=\"Elfenbeinfarbener vorgeschnittener Tischl\u00e4ufer 0,40 x 24 m. Elegant, praktisch und schnell anzubringen, ideal f\u00fcr Veranstaltungen und Tischdekoration.\" \/>\n<meta property=\"og:url\" content=\"https:\/\/www.csj-emballages.com\/de\/produit\/1-tischlaeufer-0-40-x-24-m-vorgeschnitten-elfenbeinfarben\/\" \/>\n<meta property=\"og:site_name\" content=\"CSJ Emballages\" \/>\n<meta property=\"article:publisher\" content=\"https:\/\/www.facebook.com\/csjemballages\" \/>\n<meta property=\"article:modified_time\" content=\"2026-03-12T15:20:06+00:00\" \/>\n<meta property=\"og:image\" content=\"https:\/\/www.csj-emballages.com\/wp-content\/uploads\/2024\/03\/CHE4024IV.webp\" \/>\n\t<meta property=\"og:image:width\" content=\"800\" \/>\n\t<meta property=\"og:image:height\" content=\"800\" \/>\n\t<meta property=\"og:image:type\" content=\"image\/webp\" \/>\n<meta name=\"twitter:card\" content=\"summary_large_image\" \/>\n<meta name=\"twitter:label1\" content=\"Gesch\u00e4tzte Lesezeit\" \/>\n\t<meta name=\"twitter:data1\" content=\"1\u00a0Minute\" \/>\n<script type=\"application\/ld+json\" class=\"yoast-schema-graph\">{\"@context\":\"https:\/\/schema.org\",\"@graph\":[{\"@type\":\"WebPage\",\"@id\":\"https:\/\/www.csj-emballages.com\/de\/produit\/1-tischlaeufer-0-40-x-24-m-vorgeschnitten-elfenbeinfarben\/\",\"url\":\"https:\/\/www.csj-emballages.com\/de\/produit\/1-tischlaeufer-0-40-x-24-m-vorgeschnitten-elfenbeinfarben\/\",\"name\":\"Elfenbeinfarbener Vorgeschnittener Tischl\u00e4ufer 0,40 x 24 m\",\"isPartOf\":{\"@id\":\"https:\/\/www.csj-emballages.com\/de\/#website\"},\"primaryImageOfPage\":{\"@id\":\"https:\/\/www.csj-emballages.com\/de\/produit\/1-tischlaeufer-0-40-x-24-m-vorgeschnitten-elfenbeinfarben\/#primaryimage\"},\"image\":{\"@id\":\"https:\/\/www.csj-emballages.com\/de\/produit\/1-tischlaeufer-0-40-x-24-m-vorgeschnitten-elfenbeinfarben\/#primaryimage\"},\"thumbnailUrl\":\"https:\/\/www.csj-emballages.com\/wp-content\/uploads\/2024\/03\/CHE4024IV.webp\",\"datePublished\":\"2024-03-01T15:54:52+00:00\",\"dateModified\":\"2026-03-12T15:20:06+00:00\",\"description\":\"Elfenbeinfarbener vorgeschnittener Tischl\u00e4ufer 0,40 x 24 m. Elegant, praktisch und schnell anzubringen, ideal f\u00fcr Veranstaltungen und Tischdekoration.\",\"breadcrumb\":{\"@id\":\"https:\/\/www.csj-emballages.com\/de\/produit\/1-tischlaeufer-0-40-x-24-m-vorgeschnitten-elfenbeinfarben\/#breadcrumb\"},\"inLanguage\":\"de\",\"potentialAction\":[{\"@type\":\"ReadAction\",\"target\":[\"https:\/\/www.csj-emballages.com\/de\/produit\/1-tischlaeufer-0-40-x-24-m-vorgeschnitten-elfenbeinfarben\/\"]}]},{\"@type\":\"ImageObject\",\"inLanguage\":\"de\",\"@id\":\"https:\/\/www.csj-emballages.com\/de\/produit\/1-tischlaeufer-0-40-x-24-m-vorgeschnitten-elfenbeinfarben\/#primaryimage\",\"url\":\"https:\/\/www.csj-emballages.com\/wp-content\/uploads\/2024\/03\/CHE4024IV.webp\",\"contentUrl\":\"https:\/\/www.csj-emballages.com\/wp-content\/uploads\/2024\/03\/CHE4024IV.webp\",\"width\":800,\"height\":800,\"caption\":\"Chemin de table ivoire\"},{\"@type\":\"BreadcrumbList\",\"@id\":\"https:\/\/www.csj-emballages.com\/de\/produit\/1-tischlaeufer-0-40-x-24-m-vorgeschnitten-elfenbeinfarben\/#breadcrumb\",\"itemListElement\":[{\"@type\":\"ListItem\",\"position\":1,\"name\":\"Accueil\",\"item\":\"https:\/\/www.csj-emballages.com\/de\/universum-lebensmittelverpackungen\/\"},{\"@type\":\"ListItem\",\"position\":2,\"name\":\"Shop\",\"item\":\"https:\/\/www.csj-emballages.com\/shop\/\"},{\"@type\":\"ListItem\",\"position\":3,\"name\":\"Elfenbeinfarbener vorgeschnittener Tischl\u00e4ufer 0,40 x 24 m\"}]},{\"@type\":\"WebSite\",\"@id\":\"https:\/\/www.csj-emballages.com\/de\/#website\",\"url\":\"https:\/\/www.csj-emballages.com\/de\/\",\"name\":\"CSJ Emballages\",\"description\":\"\",\"publisher\":{\"@id\":\"https:\/\/www.csj-emballages.com\/de\/#organization\"},\"potentialAction\":[{\"@type\":\"SearchAction\",\"target\":{\"@type\":\"EntryPoint\",\"urlTemplate\":\"https:\/\/www.csj-emballages.com\/de\/?s={search_term_string}\"},\"query-input\":{\"@type\":\"PropertyValueSpecification\",\"valueRequired\":true,\"valueName\":\"search_term_string\"}}],\"inLanguage\":\"de\"},{\"@type\":\"Organization\",\"@id\":\"https:\/\/www.csj-emballages.com\/de\/#Organization\/\",\"name\":\"CSJ Emballages\",\"url\":\"https:\/\/www.csj-emballages.com\/de\/\",\"logo\":{\"@type\":\"ImageObject\",\"inLanguage\":\"de\",\"@id\":\"https:\/\/www.csj-emballages.com\/de\/#\/schema\/logo\/image\/\",\"url\":\"https:\/\/www.csj-emballages.com\/wp-content\/uploads\/2023\/10\/logo_csj.webp\",\"contentUrl\":\"https:\/\/www.csj-emballages.com\/wp-content\/uploads\/2023\/10\/logo_csj.webp\",\"width\":250,\"height\":95,\"caption\":\"CSJ Emballages\"},\"image\":{\"@id\":\"https:\/\/www.csj-emballages.com\/de\/#\/schema\/logo\/image\/\"},\"sameAs\":[\"https:\/\/www.facebook.com\/csjemballages\"],\"address\":{\"@type\":\"PostalAddress\",\"streetAddress\":\"ZI La Lechere\",\"addressLocality\":\"Patornay\",\"postalCode\":\"39130\",\"addressCountry\":\"FR\"},\"contactPoint\":[{\"@type\":\"ContactPoint\",\"contactType\":\"Service client\",\"telephone\":\"0384254272\",\"email\":\"contact@csj-emballages.com\"}]}]}<\/script>\n<!-- \/ Yoast SEO Premium plugin. -->","yoast_head_json":{"title":"Elfenbeinfarbener Vorgeschnittener Tischl\u00e4ufer 0,40 x 24 m","description":"Elfenbeinfarbener vorgeschnittener Tischl\u00e4ufer 0,40 x 24 m. Elegant, praktisch und schnell anzubringen, ideal f\u00fcr Veranstaltungen und Tischdekoration.","robots":{"index":"index","follow":"follow","max-snippet":"max-snippet:-1","max-image-preview":"max-image-preview:large","max-video-preview":"max-video-preview:-1"},"canonical":"https:\/\/www.csj-emballages.com\/de\/produit\/1-tischlaeufer-0-40-x-24-m-vorgeschnitten-elfenbeinfarben\/","og_locale":"de_DE","og_type":"article","og_title":"Elfenbeinfarbener vorgeschnittener Tischl\u00e4ufer 0,40 x 24 m","og_description":"Elfenbeinfarbener vorgeschnittener Tischl\u00e4ufer 0,40 x 24 m. Elegant, praktisch und schnell anzubringen, ideal f\u00fcr Veranstaltungen und Tischdekoration.","og_url":"https:\/\/www.csj-emballages.com\/de\/produit\/1-tischlaeufer-0-40-x-24-m-vorgeschnitten-elfenbeinfarben\/","og_site_name":"CSJ Emballages","article_publisher":"https:\/\/www.facebook.com\/csjemballages","article_modified_time":"2026-03-12T15:20:06+00:00","og_image":[{"width":800,"height":800,"url":"https:\/\/www.csj-emballages.com\/wp-content\/uploads\/2024\/03\/CHE4024IV.webp","type":"image\/webp"}],"twitter_card":"summary_large_image","twitter_misc":{"Gesch\u00e4tzte Lesezeit":"1\u00a0Minute"},"schema":{"@context":"https:\/\/schema.org","@graph":[{"@type":"WebPage","@id":"https:\/\/www.csj-emballages.com\/de\/produit\/1-tischlaeufer-0-40-x-24-m-vorgeschnitten-elfenbeinfarben\/","url":"https:\/\/www.csj-emballages.com\/de\/produit\/1-tischlaeufer-0-40-x-24-m-vorgeschnitten-elfenbeinfarben\/","name":"Elfenbeinfarbener Vorgeschnittener Tischl\u00e4ufer 0,40 x 24 m","isPartOf":{"@id":"https:\/\/www.csj-emballages.com\/de\/#website"},"primaryImageOfPage":{"@id":"https:\/\/www.csj-emballages.com\/de\/produit\/1-tischlaeufer-0-40-x-24-m-vorgeschnitten-elfenbeinfarben\/#primaryimage"},"image":{"@id":"https:\/\/www.csj-emballages.com\/de\/produit\/1-tischlaeufer-0-40-x-24-m-vorgeschnitten-elfenbeinfarben\/#primaryimage"},"thumbnailUrl":"https:\/\/www.csj-emballages.com\/wp-content\/uploads\/2024\/03\/CHE4024IV.webp","datePublished":"2024-03-01T15:54:52+00:00","dateModified":"2026-03-12T15:20:06+00:00","description":"Elfenbeinfarbener vorgeschnittener Tischl\u00e4ufer 0,40 x 24 m. Elegant, praktisch und schnell anzubringen, ideal f\u00fcr Veranstaltungen und Tischdekoration.","breadcrumb":{"@id":"https:\/\/www.csj-emballages.com\/de\/produit\/1-tischlaeufer-0-40-x-24-m-vorgeschnitten-elfenbeinfarben\/#breadcrumb"},"inLanguage":"de","potentialAction":[{"@type":"ReadAction","target":["https:\/\/www.csj-emballages.com\/de\/produit\/1-tischlaeufer-0-40-x-24-m-vorgeschnitten-elfenbeinfarben\/"]}]},{"@type":"ImageObject","inLanguage":"de","@id":"https:\/\/www.csj-emballages.com\/de\/produit\/1-tischlaeufer-0-40-x-24-m-vorgeschnitten-elfenbeinfarben\/#primaryimage","url":"https:\/\/www.csj-emballages.com\/wp-content\/uploads\/2024\/03\/CHE4024IV.webp","contentUrl":"https:\/\/www.csj-emballages.com\/wp-content\/uploads\/2024\/03\/CHE4024IV.webp","width":800,"height":800,"caption":"Chemin de table ivoire"},{"@type":"BreadcrumbList","@id":"https:\/\/www.csj-emballages.com\/de\/produit\/1-tischlaeufer-0-40-x-24-m-vorgeschnitten-elfenbeinfarben\/#breadcrumb","itemListElement":[{"@type":"ListItem","position":1,"name":"Accueil","item":"https:\/\/www.csj-emballages.com\/de\/universum-lebensmittelverpackungen\/"},{"@type":"ListItem","position":2,"name":"Shop","item":"https:\/\/www.csj-emballages.com\/shop\/"},{"@type":"ListItem","position":3,"name":"Elfenbeinfarbener vorgeschnittener Tischl\u00e4ufer 0,40 x 24 m"}]},{"@type":"WebSite","@id":"https:\/\/www.csj-emballages.com\/de\/#website","url":"https:\/\/www.csj-emballages.com\/de\/","name":"CSJ Emballages","description":"","publisher":{"@id":"https:\/\/www.csj-emballages.com\/de\/#organization"},"potentialAction":[{"@type":"SearchAction","target":{"@type":"EntryPoint","urlTemplate":"https:\/\/www.csj-emballages.com\/de\/?s={search_term_string}"},"query-input":{"@type":"PropertyValueSpecification","valueRequired":true,"valueName":"search_term_string"}}],"inLanguage":"de"},{"@type":"Organization","@id":"https:\/\/www.csj-emballages.com\/de\/#Organization\/","name":"CSJ Emballages","url":"https:\/\/www.csj-emballages.com\/de\/","logo":{"@type":"ImageObject","inLanguage":"de","@id":"https:\/\/www.csj-emballages.com\/de\/#\/schema\/logo\/image\/","url":"https:\/\/www.csj-emballages.com\/wp-content\/uploads\/2023\/10\/logo_csj.webp","contentUrl":"https:\/\/www.csj-emballages.com\/wp-content\/uploads\/2023\/10\/logo_csj.webp","width":250,"height":95,"caption":"CSJ Emballages"},"image":{"@id":"https:\/\/www.csj-emballages.com\/de\/#\/schema\/logo\/image\/"},"sameAs":["https:\/\/www.facebook.com\/csjemballages"],"address":{"@type":"PostalAddress","streetAddress":"ZI La Lechere","addressLocality":"Patornay","postalCode":"39130","addressCountry":"FR"},"contactPoint":[{"@type":"ContactPoint","contactType":"Service client","telephone":"0384254272","email":"contact@csj-emballages.com"}]}]}},"df_price":15.5,"df_sale_price":15.5,"df_regular_price":19.38,"df_image_link":"https:\/\/www.csj-emballages.com\/wp-content\/uploads\/2024\/03\/CHE4024IV-300x300.webp","tiered_pricing_type":"fixed","tiered_pricing_fixed_rules":[],"tiered_pricing_percentage_rules":[],"tiered_pricing_minimum":1,"tiered_pricing_roles_data":[],"_links":{"self":[{"href":"https:\/\/www.csj-emballages.com\/de\/wp-json\/wp\/v2\/product\/126727","targetHints":{"allow":["GET"]}}],"collection":[{"href":"https:\/\/www.csj-emballages.com\/de\/wp-json\/wp\/v2\/product"}],"about":[{"href":"https:\/\/www.csj-emballages.com\/de\/wp-json\/wp\/v2\/types\/product"}],"wp:featuredmedia":[{"embeddable":true,"href":"https:\/\/www.csj-emballages.com\/de\/wp-json\/wp\/v2\/media\/263754"}],"wp:attachment":[{"href":"https:\/\/www.csj-emballages.com\/de\/wp-json\/wp\/v2\/media?parent=126727"}],"wp:term":[{"taxonomy":"product_brand","embeddable":true,"href":"https:\/\/www.csj-emballages.com\/de\/wp-json\/wp\/v2\/product_brand?post=126727"},{"taxonomy":"product_cat","embeddable":true,"href":"https:\/\/www.csj-emballages.com\/de\/wp-json\/wp\/v2\/product_cat?post=126727"},{"taxonomy":"product_tag","embeddable":true,"href":"https:\/\/www.csj-emballages.com\/de\/wp-json\/wp\/v2\/product_tag?post=126727"}],"curies":[{"name":"wp","href":"https:\/\/api.w.org\/{rel}","templated":true}]}}