{"id":126722,"date":"2024-03-01T16:54:52","date_gmt":"2024-03-01T15:54:52","guid":{"rendered":"https:\/\/www.csj-emballages.com\/produit\/1-tischlaeufer-0-40-x-24-m-vorgeschnitten-sandfarben\/"},"modified":"2026-03-12T16:20:07","modified_gmt":"2026-03-12T15:20:07","slug":"1-tischlaeufer-0-40-x-24-m-vorgeschnitten-sandfarben","status":"publish","type":"product","link":"https:\/\/www.csj-emballages.com\/de\/produit\/1-tischlaeufer-0-40-x-24-m-vorgeschnitten-sandfarben\/","title":{"rendered":"Vorgeschnittener sandfarbener Tischl\u00e4ufer 0,40 x 24 m"},"content":{"rendered":"<h2>Sandfarbener Tischl\u00e4ufer<\/h2>\n<hr>\n<h3>Entdecken Sie unseren vorgeschnittenen sandfarbenen Tischl\u00e4ufer 0,40 x 24 m<\/h3>\n<p><!--more--><\/p>\n<p data-start=\"251\" data-end=\"578\">Der <strong>vorgeschnittene sandfarbene Tischl\u00e4ufer 0,40 x 24 m<\/strong> ist die ideale L\u00f6sung, um Ihre Tische elegant und unkompliziert zu gestalten. Er wurde f\u00fcr Gastronomie- und Eventprofis sowie f\u00fcr den anspruchsvollen Heimgebrauch konzipiert und erm\u00f6glicht es Ihnen, schnell eine <strong>harmonische und raffinierte Dekoration<\/strong> ohne Zuschneiden zu schaffen. <\/p>\n<p data-start=\"580\" data-end=\"932\">Tats\u00e4chlich passt sich sein <strong>sanfter und zeitloser Sandton<\/strong> problemlos an alle Dekorationsstile an, ob klassisch, modern oder festlich. Er hebt <strong>Geschirr, Tischdekorationen und Zierelemente<\/strong> hervor und verleiht Ihren Empf\u00e4ngen, Banketten, Hochzeiten, Geburtstagen oder Gesch\u00e4ftsessen eine warme und elegante Note. <\/p>\n<p data-start=\"934\" data-end=\"1366\">Dank seines <strong>vorgeschnittenen Formats<\/strong> ist dieser <strong>Tischl\u00e4ufer<\/strong> besonders praktisch in der Anwendung. Die regelm\u00e4\u00dfigen Schnitte sorgen f\u00fcr ein sauberes und gleichm\u00e4\u00dfiges Ergebnis auf jedem Tisch. Seine <strong>Breite von 40 cm<\/strong> bietet eine ideale Abdeckung f\u00fcr rechteckige oder runde Tische, w\u00e4hrend seine <strong>Gesamtl\u00e4nge von 24 Metern<\/strong> es erm\u00f6glicht, mehrere Tische mit einer einzigen Rolle zu bedecken.  <\/p>\n<p data-start=\"1368\" data-end=\"1691\">Dieser <strong>sandfarbene Tischl\u00e4ufer<\/strong> aus widerstandsf\u00e4higem <strong>Vliesstoff<\/strong> ist leicht, geschmeidig und angenehm anzufassen. Er bleibt gut auf dem Tisch liegen und beh\u00e4lt auch bei gelegentlichem Gebrauch sein sch\u00f6nes Aussehen. Kurz gesagt, er erf\u00fcllt perfekt die Anforderungen anspruchsvoller Profis.  <\/p>\n<p data-start=\"1368\" data-end=\"1691\"><!--more--><\/p>\n<h4 data-start=\"1368\" data-end=\"1691\">Vorteile :<\/h4>\n<ul>\n<li data-start=\"1729\" data-end=\"1770\">Elegante und zeitlose <strong>Sandfarbe<\/strong>.<\/li>\n<li data-start=\"1773\" data-end=\"1822\">Vorgeschnittenes Format f\u00fcr schnelle Anbringung.<\/li>\n<li data-start=\"1825\" data-end=\"1871\"><strong>Breite 40 cm<\/strong>, passend f\u00fcr alle Tischarten.<\/li>\n<li data-start=\"1874\" data-end=\"1919\"><strong>L\u00e4nge 24 m<\/strong>, um mehrere Tische zu bedecken.<\/li>\n<li data-start=\"1922\" data-end=\"1963\">Widerstandsf\u00e4higes und leichtes Vliesmaterial.<\/li>\n<li data-start=\"1966\" data-end=\"1992\">Gleichm\u00e4\u00dfiges und gepflegtes Ergebnis.<\/li>\n<li data-start=\"1995\" data-end=\"2046\">Ideal f\u00fcr Veranstaltungen, Gastronomie und Empf\u00e4nge.<\/li>\n<\/ul>\n<p>&nbsp;<\/p>\n<p><!--more--><\/p>\n<h4><strong>Weitere Informationen :  <\/strong><\/h4>\n<ul>\n<li><strong>Verpackung<\/strong>:<\/li>\n<li><strong>Ma\u00dfe<\/strong>: 0,40 x 24 m<\/li>\n<li><strong>Farbe<\/strong>: Sand<\/li>\n<\/ul>\n<p>&nbsp;<\/p>\n<p><!--more--><\/p>\n<p>Dieser elfenbeinfarbene Tischl\u00e4ufer ist auch in Elfenbein erh\u00e4ltlich: <span style=\"color: #d12727;\"><a style=\"color: #d12727;\" href=\"https:\/\/www.csj-emballages.com\/de\/produit\/1-tischlaeufer-0-40-x-24-m-vorgeschnitten-elfenbeinfarben\/\">CHE4024IV<\/a><\/span><\/p>\n<p>&nbsp;<\/p>\n<p><!--more--><\/p>\n<p><a href=\"https:\/\/www.csj-emballages.com\/de\/categorie-produit\/lebensmittelverpackungen\/restauration-de\/servietten-tischsets-tischdecken\/tischlaufer\/\">Sehen Sie sich den Rest unseres Sortiments an Tischl\u00e4ufern an<\/a><\/p>\n","protected":false},"excerpt":{"rendered":"<p>Sandfarbener Tischl\u00e4ufer Entdecken Sie unseren vorgeschnittenen sandfarbenen Tischl\u00e4ufer 0,40 x 24 m<\/p>\n","protected":false},"featured_media":263759,"template":"","meta":{"_acf_changed":false},"product_brand":[],"product_cat":[1137,1134,1135,1136,1265],"product_tag":[],"class_list":{"0":"post-126722","1":"product","2":"type-product","3":"status-publish","4":"has-post-thumbnail","6":"product_cat-lebensmittelverpackungen","7":"product_cat-restauration-de","8":"product_cat-servietten-tischsets-tischdecken","9":"product_cat-tischlaufer","10":"product_cat-lagerbestande-promotion","12":"first","13":"instock","14":"sale","15":"taxable","16":"shipping-taxable","17":"purchasable","18":"product-type-simple"},"acf":[],"yoast_head":"<!-- This site is optimized with the Yoast SEO Premium plugin v26.6 (Yoast SEO v26.6) - https:\/\/yoast.com\/wordpress\/plugins\/seo\/ -->\n<title>Vorgeschnittener Sandfarbener Tischl\u00e4ufer 0,40 x 24 m<\/title>\n<meta name=\"description\" content=\"Vorgeschnittener sandfarbener Tischl\u00e4ufer 0,40 x 24 m. Elegant, praktisch und schnell anzubringen, ideal f\u00fcr Events und Tischdekorationen.\" \/>\n<meta name=\"robots\" content=\"index, follow, max-snippet:-1, max-image-preview:large, max-video-preview:-1\" \/>\n<link rel=\"canonical\" href=\"https:\/\/www.csj-emballages.com\/de\/produit\/1-tischlaeufer-0-40-x-24-m-vorgeschnitten-sandfarben\/\" \/>\n<meta property=\"og:locale\" content=\"de_DE\" \/>\n<meta property=\"og:type\" content=\"article\" \/>\n<meta property=\"og:title\" content=\"Vorgeschnittener sandfarbener Tischl\u00e4ufer 0,40 x 24 m\" \/>\n<meta property=\"og:description\" content=\"Vorgeschnittener sandfarbener Tischl\u00e4ufer 0,40 x 24 m. Elegant, praktisch und schnell anzubringen, ideal f\u00fcr Events und Tischdekorationen.\" \/>\n<meta property=\"og:url\" content=\"https:\/\/www.csj-emballages.com\/de\/produit\/1-tischlaeufer-0-40-x-24-m-vorgeschnitten-sandfarben\/\" \/>\n<meta property=\"og:site_name\" content=\"CSJ Emballages\" \/>\n<meta property=\"article:publisher\" content=\"https:\/\/www.facebook.com\/csjemballages\" \/>\n<meta property=\"article:modified_time\" content=\"2026-03-12T15:20:07+00:00\" \/>\n<meta property=\"og:image\" content=\"https:\/\/www.csj-emballages.com\/wp-content\/uploads\/2024\/03\/CHE4024SA.webp\" \/>\n\t<meta property=\"og:image:width\" content=\"800\" \/>\n\t<meta property=\"og:image:height\" content=\"800\" \/>\n\t<meta property=\"og:image:type\" content=\"image\/webp\" \/>\n<meta name=\"twitter:card\" content=\"summary_large_image\" \/>\n<meta name=\"twitter:label1\" content=\"Gesch\u00e4tzte Lesezeit\" \/>\n\t<meta name=\"twitter:data1\" content=\"1\u00a0Minute\" \/>\n<script type=\"application\/ld+json\" class=\"yoast-schema-graph\">{\"@context\":\"https:\/\/schema.org\",\"@graph\":[{\"@type\":\"WebPage\",\"@id\":\"https:\/\/www.csj-emballages.com\/de\/produit\/1-tischlaeufer-0-40-x-24-m-vorgeschnitten-sandfarben\/\",\"url\":\"https:\/\/www.csj-emballages.com\/de\/produit\/1-tischlaeufer-0-40-x-24-m-vorgeschnitten-sandfarben\/\",\"name\":\"Vorgeschnittener Sandfarbener Tischl\u00e4ufer 0,40 x 24 m\",\"isPartOf\":{\"@id\":\"https:\/\/www.csj-emballages.com\/de\/#website\"},\"primaryImageOfPage\":{\"@id\":\"https:\/\/www.csj-emballages.com\/de\/produit\/1-tischlaeufer-0-40-x-24-m-vorgeschnitten-sandfarben\/#primaryimage\"},\"image\":{\"@id\":\"https:\/\/www.csj-emballages.com\/de\/produit\/1-tischlaeufer-0-40-x-24-m-vorgeschnitten-sandfarben\/#primaryimage\"},\"thumbnailUrl\":\"https:\/\/www.csj-emballages.com\/wp-content\/uploads\/2024\/03\/CHE4024SA.webp\",\"datePublished\":\"2024-03-01T15:54:52+00:00\",\"dateModified\":\"2026-03-12T15:20:07+00:00\",\"description\":\"Vorgeschnittener sandfarbener Tischl\u00e4ufer 0,40 x 24 m. Elegant, praktisch und schnell anzubringen, ideal f\u00fcr Events und Tischdekorationen.\",\"breadcrumb\":{\"@id\":\"https:\/\/www.csj-emballages.com\/de\/produit\/1-tischlaeufer-0-40-x-24-m-vorgeschnitten-sandfarben\/#breadcrumb\"},\"inLanguage\":\"de\",\"potentialAction\":[{\"@type\":\"ReadAction\",\"target\":[\"https:\/\/www.csj-emballages.com\/de\/produit\/1-tischlaeufer-0-40-x-24-m-vorgeschnitten-sandfarben\/\"]}]},{\"@type\":\"ImageObject\",\"inLanguage\":\"de\",\"@id\":\"https:\/\/www.csj-emballages.com\/de\/produit\/1-tischlaeufer-0-40-x-24-m-vorgeschnitten-sandfarben\/#primaryimage\",\"url\":\"https:\/\/www.csj-emballages.com\/wp-content\/uploads\/2024\/03\/CHE4024SA.webp\",\"contentUrl\":\"https:\/\/www.csj-emballages.com\/wp-content\/uploads\/2024\/03\/CHE4024SA.webp\",\"width\":800,\"height\":800,\"caption\":\"Chemin de table sable\"},{\"@type\":\"BreadcrumbList\",\"@id\":\"https:\/\/www.csj-emballages.com\/de\/produit\/1-tischlaeufer-0-40-x-24-m-vorgeschnitten-sandfarben\/#breadcrumb\",\"itemListElement\":[{\"@type\":\"ListItem\",\"position\":1,\"name\":\"Accueil\",\"item\":\"https:\/\/www.csj-emballages.com\/de\/universum-lebensmittelverpackungen\/\"},{\"@type\":\"ListItem\",\"position\":2,\"name\":\"Shop\",\"item\":\"https:\/\/www.csj-emballages.com\/shop\/\"},{\"@type\":\"ListItem\",\"position\":3,\"name\":\"Vorgeschnittener sandfarbener Tischl\u00e4ufer 0,40 x 24 m\"}]},{\"@type\":\"WebSite\",\"@id\":\"https:\/\/www.csj-emballages.com\/de\/#website\",\"url\":\"https:\/\/www.csj-emballages.com\/de\/\",\"name\":\"CSJ Emballages\",\"description\":\"\",\"publisher\":{\"@id\":\"https:\/\/www.csj-emballages.com\/de\/#organization\"},\"potentialAction\":[{\"@type\":\"SearchAction\",\"target\":{\"@type\":\"EntryPoint\",\"urlTemplate\":\"https:\/\/www.csj-emballages.com\/de\/?s={search_term_string}\"},\"query-input\":{\"@type\":\"PropertyValueSpecification\",\"valueRequired\":true,\"valueName\":\"search_term_string\"}}],\"inLanguage\":\"de\"},{\"@type\":\"Organization\",\"@id\":\"https:\/\/www.csj-emballages.com\/de\/#Organization\/\",\"name\":\"CSJ Emballages\",\"url\":\"https:\/\/www.csj-emballages.com\/de\/\",\"logo\":{\"@type\":\"ImageObject\",\"inLanguage\":\"de\",\"@id\":\"https:\/\/www.csj-emballages.com\/de\/#\/schema\/logo\/image\/\",\"url\":\"https:\/\/www.csj-emballages.com\/wp-content\/uploads\/2023\/10\/logo_csj.webp\",\"contentUrl\":\"https:\/\/www.csj-emballages.com\/wp-content\/uploads\/2023\/10\/logo_csj.webp\",\"width\":250,\"height\":95,\"caption\":\"CSJ Emballages\"},\"image\":{\"@id\":\"https:\/\/www.csj-emballages.com\/de\/#\/schema\/logo\/image\/\"},\"sameAs\":[\"https:\/\/www.facebook.com\/csjemballages\"],\"address\":{\"@type\":\"PostalAddress\",\"streetAddress\":\"ZI La Lechere\",\"addressLocality\":\"Patornay\",\"postalCode\":\"39130\",\"addressCountry\":\"FR\"},\"contactPoint\":[{\"@type\":\"ContactPoint\",\"contactType\":\"Service client\",\"telephone\":\"0384254272\",\"email\":\"contact@csj-emballages.com\"}]}]}<\/script>\n<!-- \/ Yoast SEO Premium plugin. -->","yoast_head_json":{"title":"Vorgeschnittener Sandfarbener Tischl\u00e4ufer 0,40 x 24 m","description":"Vorgeschnittener sandfarbener Tischl\u00e4ufer 0,40 x 24 m. Elegant, praktisch und schnell anzubringen, ideal f\u00fcr Events und Tischdekorationen.","robots":{"index":"index","follow":"follow","max-snippet":"max-snippet:-1","max-image-preview":"max-image-preview:large","max-video-preview":"max-video-preview:-1"},"canonical":"https:\/\/www.csj-emballages.com\/de\/produit\/1-tischlaeufer-0-40-x-24-m-vorgeschnitten-sandfarben\/","og_locale":"de_DE","og_type":"article","og_title":"Vorgeschnittener sandfarbener Tischl\u00e4ufer 0,40 x 24 m","og_description":"Vorgeschnittener sandfarbener Tischl\u00e4ufer 0,40 x 24 m. Elegant, praktisch und schnell anzubringen, ideal f\u00fcr Events und Tischdekorationen.","og_url":"https:\/\/www.csj-emballages.com\/de\/produit\/1-tischlaeufer-0-40-x-24-m-vorgeschnitten-sandfarben\/","og_site_name":"CSJ Emballages","article_publisher":"https:\/\/www.facebook.com\/csjemballages","article_modified_time":"2026-03-12T15:20:07+00:00","og_image":[{"width":800,"height":800,"url":"https:\/\/www.csj-emballages.com\/wp-content\/uploads\/2024\/03\/CHE4024SA.webp","type":"image\/webp"}],"twitter_card":"summary_large_image","twitter_misc":{"Gesch\u00e4tzte Lesezeit":"1\u00a0Minute"},"schema":{"@context":"https:\/\/schema.org","@graph":[{"@type":"WebPage","@id":"https:\/\/www.csj-emballages.com\/de\/produit\/1-tischlaeufer-0-40-x-24-m-vorgeschnitten-sandfarben\/","url":"https:\/\/www.csj-emballages.com\/de\/produit\/1-tischlaeufer-0-40-x-24-m-vorgeschnitten-sandfarben\/","name":"Vorgeschnittener Sandfarbener Tischl\u00e4ufer 0,40 x 24 m","isPartOf":{"@id":"https:\/\/www.csj-emballages.com\/de\/#website"},"primaryImageOfPage":{"@id":"https:\/\/www.csj-emballages.com\/de\/produit\/1-tischlaeufer-0-40-x-24-m-vorgeschnitten-sandfarben\/#primaryimage"},"image":{"@id":"https:\/\/www.csj-emballages.com\/de\/produit\/1-tischlaeufer-0-40-x-24-m-vorgeschnitten-sandfarben\/#primaryimage"},"thumbnailUrl":"https:\/\/www.csj-emballages.com\/wp-content\/uploads\/2024\/03\/CHE4024SA.webp","datePublished":"2024-03-01T15:54:52+00:00","dateModified":"2026-03-12T15:20:07+00:00","description":"Vorgeschnittener sandfarbener Tischl\u00e4ufer 0,40 x 24 m. Elegant, praktisch und schnell anzubringen, ideal f\u00fcr Events und Tischdekorationen.","breadcrumb":{"@id":"https:\/\/www.csj-emballages.com\/de\/produit\/1-tischlaeufer-0-40-x-24-m-vorgeschnitten-sandfarben\/#breadcrumb"},"inLanguage":"de","potentialAction":[{"@type":"ReadAction","target":["https:\/\/www.csj-emballages.com\/de\/produit\/1-tischlaeufer-0-40-x-24-m-vorgeschnitten-sandfarben\/"]}]},{"@type":"ImageObject","inLanguage":"de","@id":"https:\/\/www.csj-emballages.com\/de\/produit\/1-tischlaeufer-0-40-x-24-m-vorgeschnitten-sandfarben\/#primaryimage","url":"https:\/\/www.csj-emballages.com\/wp-content\/uploads\/2024\/03\/CHE4024SA.webp","contentUrl":"https:\/\/www.csj-emballages.com\/wp-content\/uploads\/2024\/03\/CHE4024SA.webp","width":800,"height":800,"caption":"Chemin de table sable"},{"@type":"BreadcrumbList","@id":"https:\/\/www.csj-emballages.com\/de\/produit\/1-tischlaeufer-0-40-x-24-m-vorgeschnitten-sandfarben\/#breadcrumb","itemListElement":[{"@type":"ListItem","position":1,"name":"Accueil","item":"https:\/\/www.csj-emballages.com\/de\/universum-lebensmittelverpackungen\/"},{"@type":"ListItem","position":2,"name":"Shop","item":"https:\/\/www.csj-emballages.com\/shop\/"},{"@type":"ListItem","position":3,"name":"Vorgeschnittener sandfarbener Tischl\u00e4ufer 0,40 x 24 m"}]},{"@type":"WebSite","@id":"https:\/\/www.csj-emballages.com\/de\/#website","url":"https:\/\/www.csj-emballages.com\/de\/","name":"CSJ Emballages","description":"","publisher":{"@id":"https:\/\/www.csj-emballages.com\/de\/#organization"},"potentialAction":[{"@type":"SearchAction","target":{"@type":"EntryPoint","urlTemplate":"https:\/\/www.csj-emballages.com\/de\/?s={search_term_string}"},"query-input":{"@type":"PropertyValueSpecification","valueRequired":true,"valueName":"search_term_string"}}],"inLanguage":"de"},{"@type":"Organization","@id":"https:\/\/www.csj-emballages.com\/de\/#Organization\/","name":"CSJ Emballages","url":"https:\/\/www.csj-emballages.com\/de\/","logo":{"@type":"ImageObject","inLanguage":"de","@id":"https:\/\/www.csj-emballages.com\/de\/#\/schema\/logo\/image\/","url":"https:\/\/www.csj-emballages.com\/wp-content\/uploads\/2023\/10\/logo_csj.webp","contentUrl":"https:\/\/www.csj-emballages.com\/wp-content\/uploads\/2023\/10\/logo_csj.webp","width":250,"height":95,"caption":"CSJ Emballages"},"image":{"@id":"https:\/\/www.csj-emballages.com\/de\/#\/schema\/logo\/image\/"},"sameAs":["https:\/\/www.facebook.com\/csjemballages"],"address":{"@type":"PostalAddress","streetAddress":"ZI La Lechere","addressLocality":"Patornay","postalCode":"39130","addressCountry":"FR"},"contactPoint":[{"@type":"ContactPoint","contactType":"Service client","telephone":"0384254272","email":"contact@csj-emballages.com"}]}]}},"df_price":16.3,"df_sale_price":16.3,"df_regular_price":20.36,"df_image_link":"https:\/\/www.csj-emballages.com\/wp-content\/uploads\/2024\/03\/CHE4024SA-300x300.webp","tiered_pricing_type":"fixed","tiered_pricing_fixed_rules":[],"tiered_pricing_percentage_rules":[],"tiered_pricing_minimum":1,"tiered_pricing_roles_data":[],"_links":{"self":[{"href":"https:\/\/www.csj-emballages.com\/de\/wp-json\/wp\/v2\/product\/126722","targetHints":{"allow":["GET"]}}],"collection":[{"href":"https:\/\/www.csj-emballages.com\/de\/wp-json\/wp\/v2\/product"}],"about":[{"href":"https:\/\/www.csj-emballages.com\/de\/wp-json\/wp\/v2\/types\/product"}],"wp:featuredmedia":[{"embeddable":true,"href":"https:\/\/www.csj-emballages.com\/de\/wp-json\/wp\/v2\/media\/263759"}],"wp:attachment":[{"href":"https:\/\/www.csj-emballages.com\/de\/wp-json\/wp\/v2\/media?parent=126722"}],"wp:term":[{"taxonomy":"product_brand","embeddable":true,"href":"https:\/\/www.csj-emballages.com\/de\/wp-json\/wp\/v2\/product_brand?post=126722"},{"taxonomy":"product_cat","embeddable":true,"href":"https:\/\/www.csj-emballages.com\/de\/wp-json\/wp\/v2\/product_cat?post=126722"},{"taxonomy":"product_tag","embeddable":true,"href":"https:\/\/www.csj-emballages.com\/de\/wp-json\/wp\/v2\/product_tag?post=126722"}],"curies":[{"name":"wp","href":"https:\/\/api.w.org\/{rel}","templated":true}]}}