{"id":126649,"date":"2024-10-04T02:18:13","date_gmt":"2024-10-04T00:18:13","guid":{"rendered":"https:\/\/www.csj-emballages.com\/?post_type=product&#038;p=126649"},"modified":"2026-03-28T02:11:34","modified_gmt":"2026-03-28T01:11:34","slug":"50-salatdosen-kraftkarton-mit-fenster-140-x-140-x-50-mm","status":"publish","type":"product","link":"https:\/\/www.csj-emballages.com\/de\/produit\/50-salatdosen-kraftkarton-mit-fenster-140-x-140-x-50-mm\/","title":{"rendered":"Salatbox aus gefenstertem Karton 125 x 125 x 50 mm pro 50"},"content":{"rendered":"<h2>Karton<\/h2>\n<div style=\"text-align: left;\">\n<hr>\n<h3 style=\"text-align: left;\">Entdecken Sie unsere Salatbox aus Fensterkarton 125 x 125 x 50 mm \u00e0 50 St\u00fcck<\/h3>\n<p><!--more--><\/p>\n<div style=\"text-align: left;\">\n<p data-start=\"267\" data-end=\"734\">Sie m\u00f6chten Ihre Salate stilvoll pr\u00e4sentieren und gleichzeitig einen guten Schutz gew\u00e4hrleisten? Diese <g id=\"gid_0\">Salatschachtel aus Karton mit Fenster 125 x 125 x<\/g> <g id=\"gid_1\">50<\/g> <g id=\"gid_0\">mm,<\/g> die im Set von <g id=\"gid_1\">50<\/g> St\u00fcck verkauft wird, wurde entwickelt, um Ihre Zubereitungen zur Geltung zu bringen und gleichzeitig Ihre t\u00e4gliche Organisation zu erleichtern. Sobald Sie sie \u00f6ffnen, f\u00e4llt Ihnen ihr perfekt ausbalanciertes Format auf: gro\u00df genug, um eine sch\u00f6ne Portion Salat aufzunehmen, aber auch kompakt, um leicht transportiert werden zu k\u00f6nnen.  <\/p>\n<p data-start=\"736\" data-end=\"1099\">Seine gro\u00dfe Besonderheit ist nat\u00fcrlich das <strong data-start=\"779\" data-end=\"803\">durchsichtige Fenster<\/strong>. Mit ihrer Hilfe sehen Ihre Kunden sofort die Frische und Qualit\u00e4t Ihrer Zutaten. Das weckt sofort den Kaufwunsch, vor allem bei Fertiggerichten zum Mitnehmen, bei denen die Optik eine Schl\u00fcsselrolle spielt. Das ist ein echter Gewinn f\u00fcr Ihre Regale, Schaufenster oder Ihren Lieferservice.<\/p>\n<p data-start=\"1101\" data-end=\"1435\">Ebenso ist diese <strong data-start=\"368\" data-end=\"425\">Salatschachtel<\/strong> aus <strong data-start=\"1139\" data-end=\"1159\">Karton<\/strong> gefertigt, wodurch sie die Struktur Ihrer Salate beibeh\u00e4lt, ohne zu zerdr\u00fccken oder aufzuweichen. Auch leichte So\u00dfen oder leicht feuchte Produkte vertr\u00e4gt sie dank ihres behandelten Innenraums sehr gut. So bleiben Ihre Zubereitungen bis zum Verzehr appetitlich.<\/p>\n<p data-start=\"1437\" data-end=\"1834\">Aber das ist noch nicht alles. Dank des einfachen und schnellen Verschlusses sparen Sie Zeit beim Abf\u00fcllen in Schalen, vor allem in Zeiten des Ansturms. Das <strong>nat\u00fcrliche<\/strong>, <strong>schlichte<\/strong> Design verleiht der Verpackung einen modernen, verantwortungsbewussten Touch und zeigt, dass Sie sich f\u00fcr eine Verpackung aus Karton statt aus herk\u00f6mmlichem Kunststoff entscheiden. Ihre Kunden wissen diese Geste zu sch\u00e4tzen, ebenso wie die Gesamtqualit\u00e4t Ihrer Pr\u00e4sentation.   <\/p>\n<p data-start=\"1836\" data-end=\"2037\">Kurz gesagt: Diese <strong data-start=\"368\" data-end=\"425\">Salatbox<\/strong> ist <strong data-start=\"1872\" data-end=\"1885\">praktisch<\/strong>, <strong data-start=\"1887\" data-end=\"1901\">\u00e4sthetisch<\/strong> und <strong data-start=\"1905\" data-end=\"1916\">qualitativ hochwertig<\/strong>, was sie zu einer idealen professionellen L\u00f6sung f\u00fcr Restaurants, Kantinen, Cateringunternehmen, Imbisse oder Salatbars macht.<\/p>\n<\/div>\n<div style=\"text-align: left;\">\n<p data-start=\"1836\" data-end=\"2037\"><!--more--><\/p>\n<\/div>\n<h4>Vorteile :<\/h4>\n<ul>\n<li data-start=\"2065\" data-end=\"2110\"><strong>Transparentes Fenster<\/strong> wertet den Salat auf<\/li>\n<li data-start=\"2113\" data-end=\"2172\">Stabiler Karton, ideal f\u00fcr frische und feuchte Zutaten<\/li>\n<li data-start=\"2175\" data-end=\"2221\">Schneller und bequemer Verschluss f\u00fcr den Dienst<\/li>\n<li data-start=\"2224\" data-end=\"2265\">Perfektes Format f\u00fcr gro\u00dfz\u00fcgige Portionen<\/li>\n<li data-start=\"2268\" data-end=\"2313\">Nat\u00fcrliches Aussehen, modern und verantwortungsbewusster<\/li>\n<li data-start=\"2316\" data-end=\"2369\">Ideal f\u00fcr Schaufenster, Lieferung und Take-away<\/li>\n<li data-start=\"2372\" data-end=\"2401\">Sparpack mit <strong>50 St\u00fcck<\/strong>.<\/li>\n<\/ul>\n<p>&nbsp;<\/p>\n<p><!--more--><\/p>\n<h4>Weitere Informationen :<\/h4>\n<ul>\n<li><strong>Verpackung<\/strong>: Packung mit 50 St\u00fcck<\/li>\n<li><strong>Ma\u00dfe<\/strong>: 125 x 125 x 50 mm<\/li>\n<li><strong>Material<\/strong>: Pappe \/ PS<\/li>\n<li><strong>Farbe<\/strong>: Braun<\/li>\n<\/ul>\n<p>&nbsp;<\/p>\n<\/div>\n<p><!--more--><\/p>\n<div style=\"text-align: left;\">\n<p>Diese Salatbox ist in verschiedenen Gr\u00f6\u00dfen erh\u00e4ltlich: <span style=\"color: #d12727;\"><a style=\"color: #d12727;\" href=\"https:\/\/www.csj-emballages.com\/de\/produit\/25-salatdosen-kraftkarton-mit-fenster-95-x-95-x-40-mm\/\">100 x 100 x 40 mm<\/a> <\/span>\/ <span style=\"color: #d12727;\"><a style=\"color: #d12727;\" href=\"https:\/\/www.csj-emballages.com\/de\/produit\/60-salatdosen-kraftkarton-mit-fenster-160-x-160-x-50-mm\/\">160 x 160 x 50 mm<\/a><\/span> \/ <span style=\"color: #d12727;\"><a style=\"color: #d12727;\" href=\"https:\/\/www.csj-emballages.com\/de\/produit\/40-salatdosen-kraftkarton-mit-fenster-190-x-190-x-50-mm\/\">190 x 190 x 50 mm<\/a><\/span><\/p>\n<\/div>\n<p>&nbsp;<\/p>\n<p><!--more--><\/p>\n<div style=\"text-align: left;\">\n<div style=\"text-align: left;\">\n<div style=\"text-align: left;\">\n<div style=\"text-align: left;\">\n<p><a href=\"https:\/\/www.csj-emballages.com\/de\/categorie-produit\/lebensmittelverpackungen\/restauration-de\/dosen-schalen-beutel-konen\/schalen-kartons\/kartonschachteln-fur-mahlzeiten\/\"><span style=\"text-decoration: underline;\">Sehen Sie sich den Rest unseres Sortiments an Kartonschachteln f\u00fcr Mahlzeiten an<\/span><\/a><\/p>\n<\/div>\n<\/div>\n<\/div>\n<\/div>\n","protected":false},"excerpt":{"rendered":"<p>Karton Entdecken Sie unsere Salatbox aus Fensterkarton 125 x 125 x 50 mm \u00e0 50 St\u00fcck<\/p>\n","protected":false},"featured_media":143874,"template":"","meta":{"_acf_changed":false},"product_brand":[],"product_cat":[1137,1134,3974,1474,2792,2259],"product_tag":[],"class_list":{"0":"post-126649","1":"product","2":"type-product","3":"status-publish","4":"has-post-thumbnail","6":"product_cat-lebensmittelverpackungen","7":"product_cat-restauration-de","8":"product_cat-dosen-schalen-beutel-konen","9":"product_cat-schalen-kartons","10":"product_cat-kartonschachteln-fur-mahlzeiten","11":"product_cat-fensterkasten-de","13":"first","14":"instock","15":"taxable","16":"shipping-taxable","17":"purchasable","18":"product-type-simple"},"acf":[],"yoast_head":"<!-- This site is optimized with the Yoast SEO Premium plugin v26.6 (Yoast SEO v26.6) - https:\/\/yoast.com\/wordpress\/plugins\/seo\/ -->\n<title>Salatbox Karton mit Fenster 12,5 cm<\/title>\n<meta name=\"description\" content=\"Entdecken Sie unsere Kraftkartonschachtel mit Fenster 125 x 125 x 50 mm. Ideal f\u00fcr Geb\u00e4ck. Bestellen Sie 50 St\u00fcck, um eine \u00e4sthetische und haltbare Verpackung zu erhalten.\" \/>\n<meta name=\"robots\" content=\"index, follow, max-snippet:-1, max-image-preview:large, max-video-preview:-1\" \/>\n<link rel=\"canonical\" href=\"https:\/\/www.csj-emballages.com\/de\/produit\/50-salatdosen-kraftkarton-mit-fenster-140-x-140-x-50-mm\/\" \/>\n<meta property=\"og:locale\" content=\"de_DE\" \/>\n<meta property=\"og:type\" content=\"article\" \/>\n<meta property=\"og:title\" content=\"Kartonbox Salat mit Fenster 12,5 cm\" \/>\n<meta property=\"og:description\" content=\"Entdecken Sie unsere Kraftkartonschachtel mit Fenster 125 x 125 x 50 mm. Ideal f\u00fcr Geb\u00e4ck. Bestellen Sie 50 St\u00fcck, um eine \u00e4sthetische und haltbare Verpackung zu erhalten.\" \/>\n<meta property=\"og:url\" content=\"https:\/\/www.csj-emballages.com\/de\/produit\/50-salatdosen-kraftkarton-mit-fenster-140-x-140-x-50-mm\/\" \/>\n<meta property=\"og:site_name\" content=\"CSJ Emballages\" \/>\n<meta property=\"article:publisher\" content=\"https:\/\/www.facebook.com\/csjemballages\" \/>\n<meta property=\"article:modified_time\" content=\"2026-03-28T01:11:34+00:00\" \/>\n<meta property=\"og:image\" content=\"https:\/\/www.csj-emballages.com\/wp-content\/uploads\/2024\/10\/e-amande-48.png\" \/>\n\t<meta property=\"og:image:width\" content=\"300\" \/>\n\t<meta property=\"og:image:height\" content=\"300\" \/>\n\t<meta property=\"og:image:type\" content=\"image\/png\" \/>\n<meta name=\"twitter:card\" content=\"summary_large_image\" \/>\n<meta name=\"twitter:title\" content=\"Kartonbox Salat mit Fenster 12,5 cm\" \/>\n<meta name=\"twitter:description\" content=\"Entdecken Sie unsere Kraftkartonschachtel mit Fenster 125 x 125 x 50 mm. Ideal f\u00fcr Geb\u00e4ck. Bestellen Sie 50 St\u00fcck, um eine \u00e4sthetische und haltbare Verpackung zu erhalten.\" \/>\n<meta name=\"twitter:label1\" content=\"Gesch\u00e4tzte Lesezeit\" \/>\n\t<meta name=\"twitter:data1\" content=\"2 Minuten\" \/>\n<script type=\"application\/ld+json\" class=\"yoast-schema-graph\">{\"@context\":\"https:\/\/schema.org\",\"@graph\":[{\"@type\":\"WebPage\",\"@id\":\"https:\/\/www.csj-emballages.com\/de\/produit\/50-salatdosen-kraftkarton-mit-fenster-140-x-140-x-50-mm\/\",\"url\":\"https:\/\/www.csj-emballages.com\/de\/produit\/50-salatdosen-kraftkarton-mit-fenster-140-x-140-x-50-mm\/\",\"name\":\"Salatbox Karton mit Fenster 12,5 cm\",\"isPartOf\":{\"@id\":\"https:\/\/www.csj-emballages.com\/de\/#website\"},\"primaryImageOfPage\":{\"@id\":\"https:\/\/www.csj-emballages.com\/de\/produit\/50-salatdosen-kraftkarton-mit-fenster-140-x-140-x-50-mm\/#primaryimage\"},\"image\":{\"@id\":\"https:\/\/www.csj-emballages.com\/de\/produit\/50-salatdosen-kraftkarton-mit-fenster-140-x-140-x-50-mm\/#primaryimage\"},\"thumbnailUrl\":\"https:\/\/www.csj-emballages.com\/wp-content\/uploads\/2024\/10\/e-amande-48.png\",\"datePublished\":\"2024-10-04T00:18:13+00:00\",\"dateModified\":\"2026-03-28T01:11:34+00:00\",\"description\":\"Entdecken Sie unsere Kraftkartonschachtel mit Fenster 125 x 125 x 50 mm. Ideal f\u00fcr Geb\u00e4ck. Bestellen Sie 50 St\u00fcck, um eine \u00e4sthetische und haltbare Verpackung zu erhalten.\",\"breadcrumb\":{\"@id\":\"https:\/\/www.csj-emballages.com\/de\/produit\/50-salatdosen-kraftkarton-mit-fenster-140-x-140-x-50-mm\/#breadcrumb\"},\"inLanguage\":\"de\",\"potentialAction\":[{\"@type\":\"ReadAction\",\"target\":[\"https:\/\/www.csj-emballages.com\/de\/produit\/50-salatdosen-kraftkarton-mit-fenster-140-x-140-x-50-mm\/\"]}]},{\"@type\":\"ImageObject\",\"inLanguage\":\"de\",\"@id\":\"https:\/\/www.csj-emballages.com\/de\/produit\/50-salatdosen-kraftkarton-mit-fenster-140-x-140-x-50-mm\/#primaryimage\",\"url\":\"https:\/\/www.csj-emballages.com\/wp-content\/uploads\/2024\/10\/e-amande-48.png\",\"contentUrl\":\"https:\/\/www.csj-emballages.com\/wp-content\/uploads\/2024\/10\/e-amande-48.png\",\"width\":300,\"height\":300,\"caption\":\"boite carton\"},{\"@type\":\"BreadcrumbList\",\"@id\":\"https:\/\/www.csj-emballages.com\/de\/produit\/50-salatdosen-kraftkarton-mit-fenster-140-x-140-x-50-mm\/#breadcrumb\",\"itemListElement\":[{\"@type\":\"ListItem\",\"position\":1,\"name\":\"Accueil\",\"item\":\"https:\/\/www.csj-emballages.com\/de\/universum-lebensmittelverpackungen\/\"},{\"@type\":\"ListItem\",\"position\":2,\"name\":\"Shop\",\"item\":\"https:\/\/www.csj-emballages.com\/shop\/\"},{\"@type\":\"ListItem\",\"position\":3,\"name\":\"Salatbox aus gefenstertem Karton 125 x 125 x 50 mm pro 50\"}]},{\"@type\":\"WebSite\",\"@id\":\"https:\/\/www.csj-emballages.com\/de\/#website\",\"url\":\"https:\/\/www.csj-emballages.com\/de\/\",\"name\":\"CSJ Emballages\",\"description\":\"\",\"publisher\":{\"@id\":\"https:\/\/www.csj-emballages.com\/de\/#organization\"},\"potentialAction\":[{\"@type\":\"SearchAction\",\"target\":{\"@type\":\"EntryPoint\",\"urlTemplate\":\"https:\/\/www.csj-emballages.com\/de\/?s={search_term_string}\"},\"query-input\":{\"@type\":\"PropertyValueSpecification\",\"valueRequired\":true,\"valueName\":\"search_term_string\"}}],\"inLanguage\":\"de\"},{\"@type\":\"Organization\",\"@id\":\"https:\/\/www.csj-emballages.com\/de\/#Organization\/\",\"name\":\"CSJ Emballages\",\"url\":\"https:\/\/www.csj-emballages.com\/de\/\",\"logo\":{\"@type\":\"ImageObject\",\"inLanguage\":\"de\",\"@id\":\"https:\/\/www.csj-emballages.com\/de\/#\/schema\/logo\/image\/\",\"url\":\"https:\/\/www.csj-emballages.com\/wp-content\/uploads\/2023\/10\/logo_csj.webp\",\"contentUrl\":\"https:\/\/www.csj-emballages.com\/wp-content\/uploads\/2023\/10\/logo_csj.webp\",\"width\":250,\"height\":95,\"caption\":\"CSJ Emballages\"},\"image\":{\"@id\":\"https:\/\/www.csj-emballages.com\/de\/#\/schema\/logo\/image\/\"},\"sameAs\":[\"https:\/\/www.facebook.com\/csjemballages\"],\"address\":{\"@type\":\"PostalAddress\",\"streetAddress\":\"ZI La Lechere\",\"addressLocality\":\"Patornay\",\"postalCode\":\"39130\",\"addressCountry\":\"FR\"},\"contactPoint\":[{\"@type\":\"ContactPoint\",\"contactType\":\"Service client\",\"telephone\":\"0384254272\",\"email\":\"contact@csj-emballages.com\"}]}]}<\/script>\n<!-- \/ Yoast SEO Premium plugin. -->","yoast_head_json":{"title":"Salatbox Karton mit Fenster 12,5 cm","description":"Entdecken Sie unsere Kraftkartonschachtel mit Fenster 125 x 125 x 50 mm. Ideal f\u00fcr Geb\u00e4ck. Bestellen Sie 50 St\u00fcck, um eine \u00e4sthetische und haltbare Verpackung zu erhalten.","robots":{"index":"index","follow":"follow","max-snippet":"max-snippet:-1","max-image-preview":"max-image-preview:large","max-video-preview":"max-video-preview:-1"},"canonical":"https:\/\/www.csj-emballages.com\/de\/produit\/50-salatdosen-kraftkarton-mit-fenster-140-x-140-x-50-mm\/","og_locale":"de_DE","og_type":"article","og_title":"Kartonbox Salat mit Fenster 12,5 cm","og_description":"Entdecken Sie unsere Kraftkartonschachtel mit Fenster 125 x 125 x 50 mm. Ideal f\u00fcr Geb\u00e4ck. Bestellen Sie 50 St\u00fcck, um eine \u00e4sthetische und haltbare Verpackung zu erhalten.","og_url":"https:\/\/www.csj-emballages.com\/de\/produit\/50-salatdosen-kraftkarton-mit-fenster-140-x-140-x-50-mm\/","og_site_name":"CSJ Emballages","article_publisher":"https:\/\/www.facebook.com\/csjemballages","article_modified_time":"2026-03-28T01:11:34+00:00","og_image":[{"width":300,"height":300,"url":"https:\/\/www.csj-emballages.com\/wp-content\/uploads\/2024\/10\/e-amande-48.png","type":"image\/png"}],"twitter_card":"summary_large_image","twitter_title":"Kartonbox Salat mit Fenster 12,5 cm","twitter_description":"Entdecken Sie unsere Kraftkartonschachtel mit Fenster 125 x 125 x 50 mm. Ideal f\u00fcr Geb\u00e4ck. Bestellen Sie 50 St\u00fcck, um eine \u00e4sthetische und haltbare Verpackung zu erhalten.","twitter_misc":{"Gesch\u00e4tzte Lesezeit":"2 Minuten"},"schema":{"@context":"https:\/\/schema.org","@graph":[{"@type":"WebPage","@id":"https:\/\/www.csj-emballages.com\/de\/produit\/50-salatdosen-kraftkarton-mit-fenster-140-x-140-x-50-mm\/","url":"https:\/\/www.csj-emballages.com\/de\/produit\/50-salatdosen-kraftkarton-mit-fenster-140-x-140-x-50-mm\/","name":"Salatbox Karton mit Fenster 12,5 cm","isPartOf":{"@id":"https:\/\/www.csj-emballages.com\/de\/#website"},"primaryImageOfPage":{"@id":"https:\/\/www.csj-emballages.com\/de\/produit\/50-salatdosen-kraftkarton-mit-fenster-140-x-140-x-50-mm\/#primaryimage"},"image":{"@id":"https:\/\/www.csj-emballages.com\/de\/produit\/50-salatdosen-kraftkarton-mit-fenster-140-x-140-x-50-mm\/#primaryimage"},"thumbnailUrl":"https:\/\/www.csj-emballages.com\/wp-content\/uploads\/2024\/10\/e-amande-48.png","datePublished":"2024-10-04T00:18:13+00:00","dateModified":"2026-03-28T01:11:34+00:00","description":"Entdecken Sie unsere Kraftkartonschachtel mit Fenster 125 x 125 x 50 mm. Ideal f\u00fcr Geb\u00e4ck. Bestellen Sie 50 St\u00fcck, um eine \u00e4sthetische und haltbare Verpackung zu erhalten.","breadcrumb":{"@id":"https:\/\/www.csj-emballages.com\/de\/produit\/50-salatdosen-kraftkarton-mit-fenster-140-x-140-x-50-mm\/#breadcrumb"},"inLanguage":"de","potentialAction":[{"@type":"ReadAction","target":["https:\/\/www.csj-emballages.com\/de\/produit\/50-salatdosen-kraftkarton-mit-fenster-140-x-140-x-50-mm\/"]}]},{"@type":"ImageObject","inLanguage":"de","@id":"https:\/\/www.csj-emballages.com\/de\/produit\/50-salatdosen-kraftkarton-mit-fenster-140-x-140-x-50-mm\/#primaryimage","url":"https:\/\/www.csj-emballages.com\/wp-content\/uploads\/2024\/10\/e-amande-48.png","contentUrl":"https:\/\/www.csj-emballages.com\/wp-content\/uploads\/2024\/10\/e-amande-48.png","width":300,"height":300,"caption":"boite carton"},{"@type":"BreadcrumbList","@id":"https:\/\/www.csj-emballages.com\/de\/produit\/50-salatdosen-kraftkarton-mit-fenster-140-x-140-x-50-mm\/#breadcrumb","itemListElement":[{"@type":"ListItem","position":1,"name":"Accueil","item":"https:\/\/www.csj-emballages.com\/de\/universum-lebensmittelverpackungen\/"},{"@type":"ListItem","position":2,"name":"Shop","item":"https:\/\/www.csj-emballages.com\/shop\/"},{"@type":"ListItem","position":3,"name":"Salatbox aus gefenstertem Karton 125 x 125 x 50 mm pro 50"}]},{"@type":"WebSite","@id":"https:\/\/www.csj-emballages.com\/de\/#website","url":"https:\/\/www.csj-emballages.com\/de\/","name":"CSJ Emballages","description":"","publisher":{"@id":"https:\/\/www.csj-emballages.com\/de\/#organization"},"potentialAction":[{"@type":"SearchAction","target":{"@type":"EntryPoint","urlTemplate":"https:\/\/www.csj-emballages.com\/de\/?s={search_term_string}"},"query-input":{"@type":"PropertyValueSpecification","valueRequired":true,"valueName":"search_term_string"}}],"inLanguage":"de"},{"@type":"Organization","@id":"https:\/\/www.csj-emballages.com\/de\/#Organization\/","name":"CSJ Emballages","url":"https:\/\/www.csj-emballages.com\/de\/","logo":{"@type":"ImageObject","inLanguage":"de","@id":"https:\/\/www.csj-emballages.com\/de\/#\/schema\/logo\/image\/","url":"https:\/\/www.csj-emballages.com\/wp-content\/uploads\/2023\/10\/logo_csj.webp","contentUrl":"https:\/\/www.csj-emballages.com\/wp-content\/uploads\/2023\/10\/logo_csj.webp","width":250,"height":95,"caption":"CSJ Emballages"},"image":{"@id":"https:\/\/www.csj-emballages.com\/de\/#\/schema\/logo\/image\/"},"sameAs":["https:\/\/www.facebook.com\/csjemballages"],"address":{"@type":"PostalAddress","streetAddress":"ZI La Lechere","addressLocality":"Patornay","postalCode":"39130","addressCountry":"FR"},"contactPoint":[{"@type":"ContactPoint","contactType":"Service client","telephone":"0384254272","email":"contact@csj-emballages.com"}]}]}},"df_price":14.62,"df_sale_price":"","df_regular_price":14.62,"df_image_link":"https:\/\/www.csj-emballages.com\/wp-content\/uploads\/2024\/10\/e-amande-48.png","tiered_pricing_type":"fixed","tiered_pricing_fixed_rules":[],"tiered_pricing_percentage_rules":[],"tiered_pricing_minimum":1,"tiered_pricing_roles_data":[],"_links":{"self":[{"href":"https:\/\/www.csj-emballages.com\/de\/wp-json\/wp\/v2\/product\/126649","targetHints":{"allow":["GET"]}}],"collection":[{"href":"https:\/\/www.csj-emballages.com\/de\/wp-json\/wp\/v2\/product"}],"about":[{"href":"https:\/\/www.csj-emballages.com\/de\/wp-json\/wp\/v2\/types\/product"}],"wp:featuredmedia":[{"embeddable":true,"href":"https:\/\/www.csj-emballages.com\/de\/wp-json\/wp\/v2\/media\/143874"}],"wp:attachment":[{"href":"https:\/\/www.csj-emballages.com\/de\/wp-json\/wp\/v2\/media?parent=126649"}],"wp:term":[{"taxonomy":"product_brand","embeddable":true,"href":"https:\/\/www.csj-emballages.com\/de\/wp-json\/wp\/v2\/product_brand?post=126649"},{"taxonomy":"product_cat","embeddable":true,"href":"https:\/\/www.csj-emballages.com\/de\/wp-json\/wp\/v2\/product_cat?post=126649"},{"taxonomy":"product_tag","embeddable":true,"href":"https:\/\/www.csj-emballages.com\/de\/wp-json\/wp\/v2\/product_tag?post=126649"}],"curies":[{"name":"wp","href":"https:\/\/api.w.org\/{rel}","templated":true}]}}