{"id":126204,"date":"2024-09-28T02:18:11","date_gmt":"2024-09-28T00:18:11","guid":{"rendered":"https:\/\/www.csj-emballages.com\/produit\/50-kraftflaschenbeutel-pet-fenster-12-10-x-38-cm\/"},"modified":"2026-03-12T16:38:32","modified_gmt":"2026-03-12T15:38:32","slug":"50-kraftflaschenbeutel-pet-fenster-12-10-x-38-cm","status":"publish","type":"product","link":"https:\/\/www.csj-emballages.com\/de\/produit\/50-kraftflaschenbeutel-pet-fenster-12-10-x-38-cm\/","title":{"rendered":"Kraft-Flaschen-Tasche PET geschlitzt 12 + 10 x 38 cm"},"content":{"rendered":"<div style=\"font-family: Roboto, sans-serif;\">\n<div style=\"font-family: Roboto, sans-serif;\">\n<div style=\"font-family: Roboto, sans-serif;\">\n<div style=\"font-family: Roboto, sans-serif;\">\n<div style=\"font-family: Roboto, sans-serif;\">\n<div style=\"font-family: Roboto, sans-serif;\">\n<h2><strong style=\"font-family: Roboto, sans-serif;\">Flaschentasche<\/strong><\/h2>\n<div style=\"font-family: Roboto, sans-serif;\">\n<div style=\"font-family: Roboto, sans-serif;\">\n<div style=\"font-family: Roboto, sans-serif;\">\n<div style=\"text-align: center;\">\n<div style=\"font-family: Roboto, sans-serif;\">\n<div style=\"font-family: Roboto, sans-serif;\">\n<div style=\"font-family: Roboto, sans-serif;\">\n<div style=\"font-family: Roboto, sans-serif;\">\n<div style=\"font-family: Roboto, sans-serif;\">\n<div style=\"font-family: Roboto, sans-serif; text-align: left;\">\n<hr>\n<h3 style=\"text-align: left;\">Beschreibung unserer Kraft-Flaschen-Tasche mit PET-Fenster 12 + 10 x 38 cm<\/h3>\n<p><!--more--><\/p>\n<\/div>\n<\/div>\n<\/div>\n<\/div>\n<\/div>\n<\/div>\n<\/div>\n<\/div>\n<\/div>\n<\/div>\n<p data-start=\"0\" data-end=\"515\">Geben Sie Ihren Flaschen eine <strong data-start=\"73\" data-end=\"84\">elegante<\/strong> und zugleich <strong data-start=\"88\" data-end=\"100\">praktische<\/strong> H\u00fclle mit unserer <strong data-start=\"112\" data-end=\"163\">gefensterten Kraftflaschentasche PET 12 + 10 x 38 cm.<\/strong> Diese Tasche wurde entwickelt, um Ihre Take-away-Verk\u00e4ufe zu optimieren, und kombiniert <strong data-start=\"223\" data-end=\"237\">St\u00e4rke<\/strong>, Stil und Sichtbarkeit. Dank des <strong data-start=\"271\" data-end=\"302\">gro\u00dfen, transparenten Fensters<\/strong> k\u00f6nnen Ihre Kunden die Flasche auf den ersten Blick sehen, wodurch das Produkt sofort zur Geltung kommt, egal ob es sich um einen erlesenen Wein, ein handwerklich hergestelltes Oliven\u00f6l oder eine selbstgemachte Limonade handelt.  <\/p>\n<p data-start=\"517\" data-end=\"856\">Hergestellt aus <strong data-start=\"529\" data-end=\"553\">robustem Kraftpapier<\/strong>, vereint es eine nat\u00fcrliche Textur mit einem authentischen Look, der schon beim ersten Kontakt \u00fcberzeugt. Dar\u00fcber hinaus verleihen seine <strong data-start=\"653\" data-end=\"678\">Griffe aus Polycotton<\/strong> einen Hauch von Eleganz und garantieren gleichzeitig einen ausgezeichneten Griff. So k\u00f6nnen Sie Ihre Flaschen sicher transportieren, ohne Angst vor Rissen haben zu m\u00fcssen.  <\/p>\n<p data-start=\"858\" data-end=\"1293\">Diese Tasche eignet sich perfekt f\u00fcr Weinhandlungen, Feinkostl\u00e4den, lokale Produzenten oder Veranstaltungsorganisatoren, die eine <strong data-start=\"1000\" data-end=\"1011\">nachhaltige<\/strong> und schicke Verpackung anbieten m\u00f6chten. Kraft ist f\u00fcr seine <strong data-start=\"1060\" data-end=\"1072\">Festigkeit<\/strong> und <strong data-start=\"1087\" data-end=\"1105\">Umweltfreundlichkeit<\/strong> bekannt, und das transparente PET-Fenster sorgt f\u00fcr einen starken <strong data-start=\"1165\" data-end=\"1182\">visuellen Eindruck<\/strong>. So heben sich Ihre Produkte in einem Schaufenster oder bei einer Pr\u00e4sentation in einem Gesch\u00e4ft leicht ab.  <\/p>\n<p data-start=\"1295\" data-end=\"1731\">Schlie\u00dflich ist diese Tasche auch eine ausgezeichnete Wahl f\u00fcr Geschenke. Ihr schlichtes, aber raffiniertes Design macht sie zu einer idealen Verpackung, um eine Flasche auf elegante Weise zu verschenken, sei es zum Geburtstag, zu einer Party oder zu einem gesch\u00e4ftlichen Empfang. Zusammenfassend l\u00e4sst sich sagen, dass diese <strong data-start=\"1545\" data-end=\"1576\">gefensterte Kraftflaschentasche<\/strong> nicht nur ein Beh\u00e4lter ist: Sie ist ein echter Marketingvorteil, der die Qualit\u00e4t Ihrer Marke und die Aufmerksamkeit, die Sie auf Details legen, widerspiegelt.  <\/p>\n<p data-start=\"1295\" data-end=\"1731\">\n<p><!--more--><\/p>\n<p style=\"text-align: left;\"><strong>Vorteile :<\/strong><\/p>\n<ul style=\"text-align: left;\">\n<li><strong data-start=\"1945\" data-end=\"1976\">Gro\u00dfes, durchsichtiges Fenster,<\/strong> damit Sie den Inhalt sofort sehen k\u00f6nnen.<\/li>\n<li>Elegante und bequeme <strong data-start=\"2023\" data-end=\"2048\">Griffe aus Polycotton<\/strong>.<\/li>\n<li><strong data-start=\"2080\" data-end=\"2106\">Starkes Kraftpapier<\/strong> und umweltfreundliches Aussehen<\/li>\n<li>Ideal f\u00fcr Weine, \u00d6le, Limonaden oder Geschenke.<\/li>\n<li>Wertet Ihre Produkte in Gesch\u00e4ften oder bei Veranstaltungen auf.<\/li>\n<\/ul>\n<\/div>\n<\/div>\n<\/div>\n<\/div>\n<\/div>\n<\/div>\n<div class=\"elementor elementor-175 elementor-location-footer\" data-elementor-type=\"footer\" data-elementor-id=\"175\" data-elementor-post-type=\"elementor_library\">\n<div class=\"elementor-element elementor-element-d413b54 e-flex e-con-boxed e-con e-parent e-lazyloaded\" data-id=\"d413b54\" data-element_type=\"container\">\n<div class=\"e-con-inner\">\n<div class=\"elementor-element elementor-element-9493a3c elementor-widget elementor-widget-shortcode\" data-id=\"9493a3c\" data-element_type=\"widget\" data-widget_type=\"shortcode.default\">\n<div class=\"elementor-widget-container\"><\/div>\n<\/div>\n<\/div>\n<\/div>\n<\/div>\n<p><!--more--><\/p>\n<h4>Weitere Informationen :<\/h4>\n<ul>\n<li><strong>Verpackung<\/strong>: Einzeln<\/li>\n<li><strong>Ma\u00dfe<\/strong>: 12 + 10 x 38 cm<\/li>\n<li><strong>Farbe<\/strong>: Kraft<\/li>\n<li><strong>Material<\/strong>: Fenster PET &#8211; Griffe Polycotton<\/li>\n<\/ul>\n<p>&nbsp;<\/p>\n<p style=\"text-align: left;\"><!--more--><\/p>\n<p><a href=\"https:\/\/www.csj-emballages.com\/de\/categorie-produit\/lebensmittelverpackungen\/boutique-und-geschaft\/sacke-beutel\/flaschensacke\/\">Sehen Sie sich den Rest unseres Sortiments an Flaschentaschen an<\/a><\/p>\n","protected":false},"excerpt":{"rendered":"<p>Flaschentasche Beschreibung unserer Kraft-Flaschen-Tasche mit PET-Fenster 12 + 10 x 38 cm<\/p>\n","protected":false},"featured_media":244308,"template":"","meta":{"_acf_changed":false},"product_brand":[],"product_cat":[1137,1487,3969,3415],"product_tag":[],"class_list":{"0":"post-126204","1":"product","2":"type-product","3":"status-publish","4":"has-post-thumbnail","6":"product_cat-lebensmittelverpackungen","7":"product_cat-boutique-und-geschaft","8":"product_cat-sacke-beutel","9":"product_cat-flaschensacke","11":"first","12":"instock","13":"taxable","14":"shipping-taxable","15":"purchasable","16":"product-type-simple"},"acf":[],"yoast_head":"<!-- This site is optimized with the Yoast SEO Premium plugin v26.6 (Yoast SEO v26.6) - https:\/\/yoast.com\/wordpress\/plugins\/seo\/ -->\n<title>Flaschentaschen - Kraft mit Fenster<\/title>\n<meta name=\"description\" content=\"Entdecken Sie unsere Kraft-Flaschenbeutel mit PET-Fenster (12 + 10 x 38 cm). Sie sind robust, elegant und umweltfreundlich und eignen sich perfekt, um Ihre Flaschen zu pr\u00e4sentieren.\" \/>\n<meta name=\"robots\" content=\"index, follow, max-snippet:-1, max-image-preview:large, max-video-preview:-1\" \/>\n<link rel=\"canonical\" href=\"https:\/\/www.csj-emballages.com\/de\/produit\/50-kraftflaschenbeutel-pet-fenster-12-10-x-38-cm\/\" \/>\n<meta property=\"og:locale\" content=\"de_DE\" \/>\n<meta property=\"og:type\" content=\"article\" \/>\n<meta property=\"og:title\" content=\"Kraft-Flaschen-Tasche PET geschlitzt 12 + 10 x 38 cm\" \/>\n<meta property=\"og:description\" content=\"Entdecken Sie unsere Kraft-Flaschenbeutel mit PET-Fenster (12 + 10 x 38 cm). Sie sind robust, elegant und umweltfreundlich und eignen sich perfekt, um Ihre Flaschen zu pr\u00e4sentieren.\" \/>\n<meta property=\"og:url\" content=\"https:\/\/www.csj-emballages.com\/de\/produit\/50-kraftflaschenbeutel-pet-fenster-12-10-x-38-cm\/\" \/>\n<meta property=\"og:site_name\" content=\"CSJ Emballages\" \/>\n<meta property=\"article:publisher\" content=\"https:\/\/www.facebook.com\/csjemballages\" \/>\n<meta property=\"article:modified_time\" content=\"2026-03-12T15:38:32+00:00\" \/>\n<meta property=\"og:image\" content=\"https:\/\/www.csj-emballages.com\/wp-content\/uploads\/2024\/09\/SBK1238.webp\" \/>\n\t<meta property=\"og:image:width\" content=\"800\" \/>\n\t<meta property=\"og:image:height\" content=\"800\" \/>\n\t<meta property=\"og:image:type\" content=\"image\/webp\" \/>\n<meta name=\"twitter:card\" content=\"summary_large_image\" \/>\n<meta name=\"twitter:label1\" content=\"Gesch\u00e4tzte Lesezeit\" \/>\n\t<meta name=\"twitter:data1\" content=\"2 Minuten\" \/>\n<script type=\"application\/ld+json\" class=\"yoast-schema-graph\">{\"@context\":\"https:\/\/schema.org\",\"@graph\":[{\"@type\":\"WebPage\",\"@id\":\"https:\/\/www.csj-emballages.com\/de\/produit\/50-kraftflaschenbeutel-pet-fenster-12-10-x-38-cm\/\",\"url\":\"https:\/\/www.csj-emballages.com\/de\/produit\/50-kraftflaschenbeutel-pet-fenster-12-10-x-38-cm\/\",\"name\":\"Flaschentaschen - Kraft mit Fenster\",\"isPartOf\":{\"@id\":\"https:\/\/www.csj-emballages.com\/de\/#website\"},\"primaryImageOfPage\":{\"@id\":\"https:\/\/www.csj-emballages.com\/de\/produit\/50-kraftflaschenbeutel-pet-fenster-12-10-x-38-cm\/#primaryimage\"},\"image\":{\"@id\":\"https:\/\/www.csj-emballages.com\/de\/produit\/50-kraftflaschenbeutel-pet-fenster-12-10-x-38-cm\/#primaryimage\"},\"thumbnailUrl\":\"https:\/\/www.csj-emballages.com\/wp-content\/uploads\/2024\/09\/SBK1238.webp\",\"datePublished\":\"2024-09-28T00:18:11+00:00\",\"dateModified\":\"2026-03-12T15:38:32+00:00\",\"description\":\"Entdecken Sie unsere Kraft-Flaschenbeutel mit PET-Fenster (12 + 10 x 38 cm). Sie sind robust, elegant und umweltfreundlich und eignen sich perfekt, um Ihre Flaschen zu pr\u00e4sentieren.\",\"breadcrumb\":{\"@id\":\"https:\/\/www.csj-emballages.com\/de\/produit\/50-kraftflaschenbeutel-pet-fenster-12-10-x-38-cm\/#breadcrumb\"},\"inLanguage\":\"de\",\"potentialAction\":[{\"@type\":\"ReadAction\",\"target\":[\"https:\/\/www.csj-emballages.com\/de\/produit\/50-kraftflaschenbeutel-pet-fenster-12-10-x-38-cm\/\"]}]},{\"@type\":\"ImageObject\",\"inLanguage\":\"de\",\"@id\":\"https:\/\/www.csj-emballages.com\/de\/produit\/50-kraftflaschenbeutel-pet-fenster-12-10-x-38-cm\/#primaryimage\",\"url\":\"https:\/\/www.csj-emballages.com\/wp-content\/uploads\/2024\/09\/SBK1238.webp\",\"contentUrl\":\"https:\/\/www.csj-emballages.com\/wp-content\/uploads\/2024\/09\/SBK1238.webp\",\"width\":800,\"height\":800,\"caption\":\"Sac bouteille\"},{\"@type\":\"BreadcrumbList\",\"@id\":\"https:\/\/www.csj-emballages.com\/de\/produit\/50-kraftflaschenbeutel-pet-fenster-12-10-x-38-cm\/#breadcrumb\",\"itemListElement\":[{\"@type\":\"ListItem\",\"position\":1,\"name\":\"Accueil\",\"item\":\"https:\/\/www.csj-emballages.com\/de\/universum-lebensmittelverpackungen\/\"},{\"@type\":\"ListItem\",\"position\":2,\"name\":\"Shop\",\"item\":\"https:\/\/www.csj-emballages.com\/shop\/\"},{\"@type\":\"ListItem\",\"position\":3,\"name\":\"Kraft-Flaschen-Tasche PET geschlitzt 12 + 10 x 38 cm\"}]},{\"@type\":\"WebSite\",\"@id\":\"https:\/\/www.csj-emballages.com\/de\/#website\",\"url\":\"https:\/\/www.csj-emballages.com\/de\/\",\"name\":\"CSJ Emballages\",\"description\":\"\",\"publisher\":{\"@id\":\"https:\/\/www.csj-emballages.com\/de\/#organization\"},\"potentialAction\":[{\"@type\":\"SearchAction\",\"target\":{\"@type\":\"EntryPoint\",\"urlTemplate\":\"https:\/\/www.csj-emballages.com\/de\/?s={search_term_string}\"},\"query-input\":{\"@type\":\"PropertyValueSpecification\",\"valueRequired\":true,\"valueName\":\"search_term_string\"}}],\"inLanguage\":\"de\"},{\"@type\":\"Organization\",\"@id\":\"https:\/\/www.csj-emballages.com\/de\/#Organization\/\",\"name\":\"CSJ Emballages\",\"url\":\"https:\/\/www.csj-emballages.com\/de\/\",\"logo\":{\"@type\":\"ImageObject\",\"inLanguage\":\"de\",\"@id\":\"https:\/\/www.csj-emballages.com\/de\/#\/schema\/logo\/image\/\",\"url\":\"https:\/\/www.csj-emballages.com\/wp-content\/uploads\/2023\/10\/logo_csj.webp\",\"contentUrl\":\"https:\/\/www.csj-emballages.com\/wp-content\/uploads\/2023\/10\/logo_csj.webp\",\"width\":250,\"height\":95,\"caption\":\"CSJ Emballages\"},\"image\":{\"@id\":\"https:\/\/www.csj-emballages.com\/de\/#\/schema\/logo\/image\/\"},\"sameAs\":[\"https:\/\/www.facebook.com\/csjemballages\"],\"address\":{\"@type\":\"PostalAddress\",\"streetAddress\":\"ZI La Lechere\",\"addressLocality\":\"Patornay\",\"postalCode\":\"39130\",\"addressCountry\":\"FR\"},\"contactPoint\":[{\"@type\":\"ContactPoint\",\"contactType\":\"Service client\",\"telephone\":\"0384254272\",\"email\":\"contact@csj-emballages.com\"}]}]}<\/script>\n<!-- \/ Yoast SEO Premium plugin. -->","yoast_head_json":{"title":"Flaschentaschen - Kraft mit Fenster","description":"Entdecken Sie unsere Kraft-Flaschenbeutel mit PET-Fenster (12 + 10 x 38 cm). Sie sind robust, elegant und umweltfreundlich und eignen sich perfekt, um Ihre Flaschen zu pr\u00e4sentieren.","robots":{"index":"index","follow":"follow","max-snippet":"max-snippet:-1","max-image-preview":"max-image-preview:large","max-video-preview":"max-video-preview:-1"},"canonical":"https:\/\/www.csj-emballages.com\/de\/produit\/50-kraftflaschenbeutel-pet-fenster-12-10-x-38-cm\/","og_locale":"de_DE","og_type":"article","og_title":"Kraft-Flaschen-Tasche PET geschlitzt 12 + 10 x 38 cm","og_description":"Entdecken Sie unsere Kraft-Flaschenbeutel mit PET-Fenster (12 + 10 x 38 cm). Sie sind robust, elegant und umweltfreundlich und eignen sich perfekt, um Ihre Flaschen zu pr\u00e4sentieren.","og_url":"https:\/\/www.csj-emballages.com\/de\/produit\/50-kraftflaschenbeutel-pet-fenster-12-10-x-38-cm\/","og_site_name":"CSJ Emballages","article_publisher":"https:\/\/www.facebook.com\/csjemballages","article_modified_time":"2026-03-12T15:38:32+00:00","og_image":[{"width":800,"height":800,"url":"https:\/\/www.csj-emballages.com\/wp-content\/uploads\/2024\/09\/SBK1238.webp","type":"image\/webp"}],"twitter_card":"summary_large_image","twitter_misc":{"Gesch\u00e4tzte Lesezeit":"2 Minuten"},"schema":{"@context":"https:\/\/schema.org","@graph":[{"@type":"WebPage","@id":"https:\/\/www.csj-emballages.com\/de\/produit\/50-kraftflaschenbeutel-pet-fenster-12-10-x-38-cm\/","url":"https:\/\/www.csj-emballages.com\/de\/produit\/50-kraftflaschenbeutel-pet-fenster-12-10-x-38-cm\/","name":"Flaschentaschen - Kraft mit Fenster","isPartOf":{"@id":"https:\/\/www.csj-emballages.com\/de\/#website"},"primaryImageOfPage":{"@id":"https:\/\/www.csj-emballages.com\/de\/produit\/50-kraftflaschenbeutel-pet-fenster-12-10-x-38-cm\/#primaryimage"},"image":{"@id":"https:\/\/www.csj-emballages.com\/de\/produit\/50-kraftflaschenbeutel-pet-fenster-12-10-x-38-cm\/#primaryimage"},"thumbnailUrl":"https:\/\/www.csj-emballages.com\/wp-content\/uploads\/2024\/09\/SBK1238.webp","datePublished":"2024-09-28T00:18:11+00:00","dateModified":"2026-03-12T15:38:32+00:00","description":"Entdecken Sie unsere Kraft-Flaschenbeutel mit PET-Fenster (12 + 10 x 38 cm). Sie sind robust, elegant und umweltfreundlich und eignen sich perfekt, um Ihre Flaschen zu pr\u00e4sentieren.","breadcrumb":{"@id":"https:\/\/www.csj-emballages.com\/de\/produit\/50-kraftflaschenbeutel-pet-fenster-12-10-x-38-cm\/#breadcrumb"},"inLanguage":"de","potentialAction":[{"@type":"ReadAction","target":["https:\/\/www.csj-emballages.com\/de\/produit\/50-kraftflaschenbeutel-pet-fenster-12-10-x-38-cm\/"]}]},{"@type":"ImageObject","inLanguage":"de","@id":"https:\/\/www.csj-emballages.com\/de\/produit\/50-kraftflaschenbeutel-pet-fenster-12-10-x-38-cm\/#primaryimage","url":"https:\/\/www.csj-emballages.com\/wp-content\/uploads\/2024\/09\/SBK1238.webp","contentUrl":"https:\/\/www.csj-emballages.com\/wp-content\/uploads\/2024\/09\/SBK1238.webp","width":800,"height":800,"caption":"Sac bouteille"},{"@type":"BreadcrumbList","@id":"https:\/\/www.csj-emballages.com\/de\/produit\/50-kraftflaschenbeutel-pet-fenster-12-10-x-38-cm\/#breadcrumb","itemListElement":[{"@type":"ListItem","position":1,"name":"Accueil","item":"https:\/\/www.csj-emballages.com\/de\/universum-lebensmittelverpackungen\/"},{"@type":"ListItem","position":2,"name":"Shop","item":"https:\/\/www.csj-emballages.com\/shop\/"},{"@type":"ListItem","position":3,"name":"Kraft-Flaschen-Tasche PET geschlitzt 12 + 10 x 38 cm"}]},{"@type":"WebSite","@id":"https:\/\/www.csj-emballages.com\/de\/#website","url":"https:\/\/www.csj-emballages.com\/de\/","name":"CSJ Emballages","description":"","publisher":{"@id":"https:\/\/www.csj-emballages.com\/de\/#organization"},"potentialAction":[{"@type":"SearchAction","target":{"@type":"EntryPoint","urlTemplate":"https:\/\/www.csj-emballages.com\/de\/?s={search_term_string}"},"query-input":{"@type":"PropertyValueSpecification","valueRequired":true,"valueName":"search_term_string"}}],"inLanguage":"de"},{"@type":"Organization","@id":"https:\/\/www.csj-emballages.com\/de\/#Organization\/","name":"CSJ Emballages","url":"https:\/\/www.csj-emballages.com\/de\/","logo":{"@type":"ImageObject","inLanguage":"de","@id":"https:\/\/www.csj-emballages.com\/de\/#\/schema\/logo\/image\/","url":"https:\/\/www.csj-emballages.com\/wp-content\/uploads\/2023\/10\/logo_csj.webp","contentUrl":"https:\/\/www.csj-emballages.com\/wp-content\/uploads\/2023\/10\/logo_csj.webp","width":250,"height":95,"caption":"CSJ Emballages"},"image":{"@id":"https:\/\/www.csj-emballages.com\/de\/#\/schema\/logo\/image\/"},"sameAs":["https:\/\/www.facebook.com\/csjemballages"],"address":{"@type":"PostalAddress","streetAddress":"ZI La Lechere","addressLocality":"Patornay","postalCode":"39130","addressCountry":"FR"},"contactPoint":[{"@type":"ContactPoint","contactType":"Service client","telephone":"0384254272","email":"contact@csj-emballages.com"}]}]}},"df_price":1.09,"df_sale_price":"","df_regular_price":1.09,"df_image_link":"https:\/\/www.csj-emballages.com\/wp-content\/uploads\/2024\/09\/SBK1238-300x300.webp","tiered_pricing_type":"fixed","tiered_pricing_fixed_rules":[],"tiered_pricing_percentage_rules":[],"tiered_pricing_minimum":1,"tiered_pricing_roles_data":[],"_links":{"self":[{"href":"https:\/\/www.csj-emballages.com\/de\/wp-json\/wp\/v2\/product\/126204","targetHints":{"allow":["GET"]}}],"collection":[{"href":"https:\/\/www.csj-emballages.com\/de\/wp-json\/wp\/v2\/product"}],"about":[{"href":"https:\/\/www.csj-emballages.com\/de\/wp-json\/wp\/v2\/types\/product"}],"wp:featuredmedia":[{"embeddable":true,"href":"https:\/\/www.csj-emballages.com\/de\/wp-json\/wp\/v2\/media\/244308"}],"wp:attachment":[{"href":"https:\/\/www.csj-emballages.com\/de\/wp-json\/wp\/v2\/media?parent=126204"}],"wp:term":[{"taxonomy":"product_brand","embeddable":true,"href":"https:\/\/www.csj-emballages.com\/de\/wp-json\/wp\/v2\/product_brand?post=126204"},{"taxonomy":"product_cat","embeddable":true,"href":"https:\/\/www.csj-emballages.com\/de\/wp-json\/wp\/v2\/product_cat?post=126204"},{"taxonomy":"product_tag","embeddable":true,"href":"https:\/\/www.csj-emballages.com\/de\/wp-json\/wp\/v2\/product_tag?post=126204"}],"curies":[{"name":"wp","href":"https:\/\/api.w.org\/{rel}","templated":true}]}}