{"id":126196,"date":"2024-09-19T02:18:19","date_gmt":"2024-09-19T00:18:19","guid":{"rendered":"https:\/\/www.csj-emballages.com\/?post_type=product&#038;p=126196"},"modified":"2026-04-14T02:20:56","modified_gmt":"2026-04-14T00:20:56","slug":"250-flache-geschenkbeutel-goldfarben-kraftpapier-19-8-x-35-cm","status":"publish","type":"product","link":"https:\/\/www.csj-emballages.com\/de\/produit\/250-flache-geschenkbeutel-goldfarben-kraftpapier-19-8-x-35-cm\/","title":{"rendered":"Flacher Geschenkumschlag Gold Kraft Verg\u00e9 19 + 8 x 35 cm pro 250"},"content":{"rendered":"<div style=\"font-family: Roboto, sans-serif;\">\n<div style=\"font-family: Roboto, sans-serif;\">\n<div style=\"font-family: Roboto, sans-serif;\">\n<div style=\"font-family: Roboto, sans-serif;\">\n<div style=\"font-family: Roboto, sans-serif;\">\n<div style=\"font-family: Roboto, sans-serif;\">\n<div style=\"font-family: Roboto, sans-serif;\">\n<div style=\"font-family: Roboto, sans-serif;\">\n<div style=\"font-family: Roboto, sans-serif;\">\n<div style=\"font-family: Roboto, sans-serif;\">\n<div style=\"font-family: Roboto, sans-serif;\">\n<div style=\"font-family: Roboto, sans-serif;\">\n<div style=\"font-family: Roboto, sans-serif;\">\n<div class=\"flex flex-grow flex-col max-w-full\">\n<div class=\"min-h-[20px] text-message flex flex-col items-start whitespace-pre-wrap break-words [.text-message+&amp;]:mt-5 juice:w-full juice:items-end overflow-x-auto gap-2\" dir=\"auto\" data-message-author-role=\"assistant\" data-message-id=\"2034782e-88f9-44ef-b4dc-07dd7bf0115f\">\n<div class=\"flex w-full flex-col gap-1 juice:empty:hidden juice:first:pt-[3px]\">\n<div class=\"markdown prose w-full break-words dark:prose-invert light\">\n<div style=\"font-family: Roboto, sans-serif;\">\n<div style=\"font-family: Roboto, sans-serif;\">\n<div style=\"font-family: Roboto, sans-serif;\">\n<div style=\"font-family: Roboto, sans-serif;\">\n<div style=\"font-family: Roboto, sans-serif;\">\n<div style=\"font-family: Roboto, sans-serif;\">\n<h2>Geschenkumschlag<\/h2>\n<hr>\n<h3>Beschreibung unseres flachen Geschenkumschlags Gold Kraft Verg\u00e9 19 + 8 x 35 cm pro 250<\/h3>\n<p><!--more--><\/p>\n<p data-start=\"267\" data-end=\"661\">Sie suchen nach einer eleganten, praktischen und kosteng\u00fcnstigen L\u00f6sung, um Ihre kleinen Produkte, Geschenkkarten, Gutscheine oder flachen Gegenst\u00e4nde zu verpacken? Suchen Sie nicht weiter: Dieser <strong>flache Geschenkumschlag aus goldfarbenem Kraftliner<\/strong> ist genau das Richtige f\u00fcr Sie. Mit seinem <strong data-start=\"513\" data-end=\"538\">Format von 19 + 8 x 35 cm<\/strong> bietet er ein sch\u00f6nes Gleichgewicht zwischen Kompaktheit und Kapazit\u00e4t, dank seiner 8<strong> cm<\/strong> breiten Seitenfalte, die ein leichtes Volumen erm\u00f6glicht.  <\/p>\n<p data-start=\"663\" data-end=\"1114\">Gefertigt aus <strong data-start=\"673\" data-end=\"695\">geripptem Kraftpapier<\/strong>, besticht sie durch ihre edle Textur und au\u00dfergew\u00f6hnliche Widerstandsf\u00e4higkeit. Ihr <strong>Goldton<\/strong> verleiht eine <strong data-start=\"798\" data-end=\"827\">hochwertige und festliche Note<\/strong>, perfekt f\u00fcr die Feiertage, besondere Anl\u00e4sse oder einfach, um Ihre Verk\u00e4ufe das ganze Jahr \u00fcber zu veredeln. Ihr zugleich nat\u00fcrliches und schickes Erscheinungsbild eignet sich sowohl f\u00fcr Handwerksboutiquen als auch f\u00fcr modernere Marken, die eine einzigartige Verpackung suchen.<\/p>\n<p data-start=\"1116\" data-end=\"1396\">Verkauft im Set von <strong data-start=\"1133\" data-end=\"1147\">250 St\u00fcck<\/strong>, ist dieser <strong>Geschenkumschlag<\/strong> ideal f\u00fcr Profis: H\u00e4ndler, Designer, Chocolatiers, Juweliere, Buchh\u00e4ndler oder Caterer. Sein Format ist auch perfekt f\u00fcr Dankeskarten, Rabattgutscheine, Einladungen oder kleine flache Geschenke.<\/p>\n<p data-start=\"1398\" data-end=\"1602\">Einfach mit einem Aufkleber, einem <span style=\"color: #d12727;\"><a style=\"color: #d12727;\" href=\"https:\/\/www.csj-emballages.com\/de\/categorie-produit\/lebensmittelverpackungen\/boutique-und-geschaft\/zubehor-und-ausstattung-de\/etiketten-de\/\">Etikett<\/a><\/span> oder einem Band zu verschlie\u00dfen, erm\u00f6glicht er Ihnen schnelles Verpacken mit einem gepflegten Ergebnis. Zusammenfassend ist dies die clevere Verpackung, die <strong data-start=\"1564\" data-end=\"1601\">Eleganz, Praktikabilit\u00e4t und Langlebigkeit<\/strong> vereint.<\/p>\n<p data-start=\"1302\" data-end=\"1517\"><!--more--><\/p>\n<p><strong>Vorteile :<\/strong><\/p>\n<ul>\n<li>Strapazierf\u00e4higes, geripptes Kraftpapier mit qualitativer Haptik.<\/li>\n<li>Schicke Goldfarbe, die Ihre Produkte aufwertet.<\/li>\n<li>Praktisches Format mit Seitenfalte f\u00fcr mehr Volumen.<\/li>\n<li>Dieser Geschenkumschlag ist ideal f\u00fcr Geschenkkarten, Schmuck, Gutscheine oder kleine Artikel.<\/li>\n<li>Perfekt f\u00fcr Berufst\u00e4tige: schnell zu verwenden, sofortiger Premium-Effekt.<\/li>\n<\/ul>\n<p>&nbsp;<\/p>\n<p><!--more--><\/p>\n<p><strong>Weitere Informationen :  <\/strong><\/p>\n<ul>\n<li><strong>Verpackung<\/strong>: Packung mit 250<\/li>\n<li><strong>Ma\u00dfe<\/strong>: 19 + 8 x 35 cm<\/li>\n<li><strong>Material<\/strong>: Kraftpapier<\/li>\n<li><strong>Farbe<\/strong>: Kraft Gold Verg\u00e9<\/li>\n<\/ul>\n<p>&nbsp;<\/p>\n<p><!--more--><\/p>\n<p><span style=\"color: #d12727;\"><span style=\"color: #000000;\">Dieses Produkt ist auch in fuchsia erh\u00e4ltlich: <a style=\"color: #d12727;\" href=\"https:\/\/www.csj-emballages.com\/pt-pt\/produit\/250-envelopes-de-oferta-fuschia-19-8-x-35-cm\/\">ECF195<\/a><\/span><\/span><\/p>\n<p>&nbsp;<\/p>\n<p><!--more--><\/p>\n<p>Hier finden Sie die kleinste verf\u00fcgbare Gr\u00f6\u00dfe f\u00fcr dieses Produkt : <span style=\"color: #d12727;\"><a style=\"color: #d12727;\" href=\"https:\/\/www.csj-emballages.com\/pt-pt\/produit\/250-sacos-de-oferta-planos-em-kraft-dourado-12-5-x-18-cm\/\">SC12518<\/a><\/span><\/p>\n<p>&nbsp;<\/p>\n<p><!--more--><\/p>\n<p><a href=\"\/?product_cat=sachets-cadeaux\">Sehen Sie sich den Rest unseres Sortiments an Geschenkt\u00fcten an<\/a><\/p>\n<\/div>\n<\/div>\n<\/div>\n<\/div>\n<\/div>\n<\/div>\n<\/div>\n<\/div>\n<\/div>\n<\/div>\n<\/div>\n<\/div>\n<\/div>\n<\/div>\n<\/div>\n<\/div>\n<\/div>\n<\/div>\n<\/div>\n<\/div>\n<\/div>\n<\/div>\n<\/div>\n","protected":false},"excerpt":{"rendered":"<p>Geschenkumschlag Beschreibung unseres flachen Geschenkumschlags Gold Kraft Verg\u00e9 19 + 8 x 35 cm pro 250<\/p>\n","protected":false},"featured_media":260533,"template":"","meta":{"_acf_changed":false},"product_brand":[],"product_cat":[1137,1487,3969,3498,1265],"product_tag":[],"class_list":{"0":"post-126196","1":"product","2":"type-product","3":"status-publish","4":"has-post-thumbnail","6":"product_cat-lebensmittelverpackungen","7":"product_cat-boutique-und-geschaft","8":"product_cat-sacke-beutel","9":"product_cat-geschenktuten","10":"product_cat-lagerbestande-promotion","12":"first","13":"instock","14":"sale","15":"taxable","16":"shipping-taxable","17":"purchasable","18":"product-type-simple"},"acf":[],"yoast_head":"<!-- This site is optimized with the Yoast SEO Premium plugin v26.6 (Yoast SEO v26.6) - https:\/\/yoast.com\/wordpress\/plugins\/seo\/ -->\n<title>Geschenkumschlag Flach Gold Kraft Verg\u00e9 19 + 8 x 35 cm pro 250<\/title>\n<meta name=\"description\" content=\"Flacher Geschenkumschlag aus Kraftpapier 19 + 8 x 35 cm. Ideal zum Verpacken von Geschenken, eine umweltfreundliche und praktische Alternative!\" \/>\n<meta name=\"robots\" content=\"index, follow, max-snippet:-1, max-image-preview:large, max-video-preview:-1\" \/>\n<link rel=\"canonical\" href=\"https:\/\/www.csj-emballages.com\/de\/produit\/250-flache-geschenkbeutel-goldfarben-kraftpapier-19-8-x-35-cm\/\" \/>\n<meta property=\"og:locale\" content=\"de_DE\" \/>\n<meta property=\"og:type\" content=\"article\" \/>\n<meta property=\"og:title\" content=\"Flacher Geschenkumschlag Kraftpapier 19 + 8 x 35 cm\" \/>\n<meta property=\"og:description\" content=\"Flacher Geschenkumschlag aus Kraftpapier 19 + 8 x 35 cm. Ideal zum Verpacken von Geschenken, eine umweltfreundliche und praktische Alternative!\" \/>\n<meta property=\"og:url\" content=\"https:\/\/www.csj-emballages.com\/de\/produit\/250-flache-geschenkbeutel-goldfarben-kraftpapier-19-8-x-35-cm\/\" \/>\n<meta property=\"og:site_name\" content=\"CSJ Emballages\" \/>\n<meta property=\"article:publisher\" content=\"https:\/\/www.facebook.com\/csjemballages\" \/>\n<meta property=\"article:modified_time\" content=\"2026-04-14T00:20:56+00:00\" \/>\n<meta property=\"og:image\" content=\"https:\/\/www.csj-emballages.com\/wp-content\/uploads\/2024\/09\/SC19835.webp\" \/>\n\t<meta property=\"og:image:width\" content=\"800\" \/>\n\t<meta property=\"og:image:height\" content=\"800\" \/>\n\t<meta property=\"og:image:type\" content=\"image\/webp\" \/>\n<meta name=\"twitter:card\" content=\"summary_large_image\" \/>\n<meta name=\"twitter:title\" content=\"Flacher Geschenkumschlag Kraftpapier 19 + 8 x 35 cm\" \/>\n<meta name=\"twitter:description\" content=\"Flacher Geschenkumschlag aus Kraftpapier 19 + 8 x 35 cm. Ideal zum Verpacken von Geschenken, eine umweltfreundliche und praktische Alternative!\" \/>\n<meta name=\"twitter:label1\" content=\"Gesch\u00e4tzte Lesezeit\" \/>\n\t<meta name=\"twitter:data1\" content=\"2 Minuten\" \/>\n<script type=\"application\/ld+json\" class=\"yoast-schema-graph\">{\"@context\":\"https:\/\/schema.org\",\"@graph\":[{\"@type\":\"WebPage\",\"@id\":\"https:\/\/www.csj-emballages.com\/de\/produit\/250-flache-geschenkbeutel-goldfarben-kraftpapier-19-8-x-35-cm\/\",\"url\":\"https:\/\/www.csj-emballages.com\/de\/produit\/250-flache-geschenkbeutel-goldfarben-kraftpapier-19-8-x-35-cm\/\",\"name\":\"Geschenkumschlag Flach Gold Kraft Verg\u00e9 19 + 8 x 35 cm pro 250\",\"isPartOf\":{\"@id\":\"https:\/\/www.csj-emballages.com\/de\/#website\"},\"primaryImageOfPage\":{\"@id\":\"https:\/\/www.csj-emballages.com\/de\/produit\/250-flache-geschenkbeutel-goldfarben-kraftpapier-19-8-x-35-cm\/#primaryimage\"},\"image\":{\"@id\":\"https:\/\/www.csj-emballages.com\/de\/produit\/250-flache-geschenkbeutel-goldfarben-kraftpapier-19-8-x-35-cm\/#primaryimage\"},\"thumbnailUrl\":\"https:\/\/www.csj-emballages.com\/wp-content\/uploads\/2024\/09\/SC19835.webp\",\"datePublished\":\"2024-09-19T00:18:19+00:00\",\"dateModified\":\"2026-04-14T00:20:56+00:00\",\"description\":\"Flacher Geschenkumschlag aus Kraftpapier 19 + 8 x 35 cm. Ideal zum Verpacken von Geschenken, eine umweltfreundliche und praktische Alternative!\",\"breadcrumb\":{\"@id\":\"https:\/\/www.csj-emballages.com\/de\/produit\/250-flache-geschenkbeutel-goldfarben-kraftpapier-19-8-x-35-cm\/#breadcrumb\"},\"inLanguage\":\"de\",\"potentialAction\":[{\"@type\":\"ReadAction\",\"target\":[\"https:\/\/www.csj-emballages.com\/de\/produit\/250-flache-geschenkbeutel-goldfarben-kraftpapier-19-8-x-35-cm\/\"]}]},{\"@type\":\"ImageObject\",\"inLanguage\":\"de\",\"@id\":\"https:\/\/www.csj-emballages.com\/de\/produit\/250-flache-geschenkbeutel-goldfarben-kraftpapier-19-8-x-35-cm\/#primaryimage\",\"url\":\"https:\/\/www.csj-emballages.com\/wp-content\/uploads\/2024\/09\/SC19835.webp\",\"contentUrl\":\"https:\/\/www.csj-emballages.com\/wp-content\/uploads\/2024\/09\/SC19835.webp\",\"width\":800,\"height\":800,\"caption\":\"Enveloppe cadeau\"},{\"@type\":\"BreadcrumbList\",\"@id\":\"https:\/\/www.csj-emballages.com\/de\/produit\/250-flache-geschenkbeutel-goldfarben-kraftpapier-19-8-x-35-cm\/#breadcrumb\",\"itemListElement\":[{\"@type\":\"ListItem\",\"position\":1,\"name\":\"Accueil\",\"item\":\"https:\/\/www.csj-emballages.com\/de\/universum-lebensmittelverpackungen\/\"},{\"@type\":\"ListItem\",\"position\":2,\"name\":\"Shop\",\"item\":\"https:\/\/www.csj-emballages.com\/shop\/\"},{\"@type\":\"ListItem\",\"position\":3,\"name\":\"Flacher Geschenkumschlag Gold Kraft Verg\u00e9 19 + 8 x 35 cm pro 250\"}]},{\"@type\":\"WebSite\",\"@id\":\"https:\/\/www.csj-emballages.com\/de\/#website\",\"url\":\"https:\/\/www.csj-emballages.com\/de\/\",\"name\":\"CSJ Emballages\",\"description\":\"\",\"publisher\":{\"@id\":\"https:\/\/www.csj-emballages.com\/de\/#organization\"},\"potentialAction\":[{\"@type\":\"SearchAction\",\"target\":{\"@type\":\"EntryPoint\",\"urlTemplate\":\"https:\/\/www.csj-emballages.com\/de\/?s={search_term_string}\"},\"query-input\":{\"@type\":\"PropertyValueSpecification\",\"valueRequired\":true,\"valueName\":\"search_term_string\"}}],\"inLanguage\":\"de\"},{\"@type\":\"Organization\",\"@id\":\"https:\/\/www.csj-emballages.com\/de\/#Organization\/\",\"name\":\"CSJ Emballages\",\"url\":\"https:\/\/www.csj-emballages.com\/de\/\",\"logo\":{\"@type\":\"ImageObject\",\"inLanguage\":\"de\",\"@id\":\"https:\/\/www.csj-emballages.com\/de\/#\/schema\/logo\/image\/\",\"url\":\"https:\/\/www.csj-emballages.com\/wp-content\/uploads\/2023\/10\/logo_csj.webp\",\"contentUrl\":\"https:\/\/www.csj-emballages.com\/wp-content\/uploads\/2023\/10\/logo_csj.webp\",\"width\":250,\"height\":95,\"caption\":\"CSJ Emballages\"},\"image\":{\"@id\":\"https:\/\/www.csj-emballages.com\/de\/#\/schema\/logo\/image\/\"},\"sameAs\":[\"https:\/\/www.facebook.com\/csjemballages\"],\"address\":{\"@type\":\"PostalAddress\",\"streetAddress\":\"ZI La Lechere\",\"addressLocality\":\"Patornay\",\"postalCode\":\"39130\",\"addressCountry\":\"FR\"},\"contactPoint\":[{\"@type\":\"ContactPoint\",\"contactType\":\"Service client\",\"telephone\":\"0384254272\",\"email\":\"contact@csj-emballages.com\"}]}]}<\/script>\n<!-- \/ Yoast SEO Premium plugin. -->","yoast_head_json":{"title":"Geschenkumschlag Flach Gold Kraft Verg\u00e9 19 + 8 x 35 cm pro 250","description":"Flacher Geschenkumschlag aus Kraftpapier 19 + 8 x 35 cm. Ideal zum Verpacken von Geschenken, eine umweltfreundliche und praktische Alternative!","robots":{"index":"index","follow":"follow","max-snippet":"max-snippet:-1","max-image-preview":"max-image-preview:large","max-video-preview":"max-video-preview:-1"},"canonical":"https:\/\/www.csj-emballages.com\/de\/produit\/250-flache-geschenkbeutel-goldfarben-kraftpapier-19-8-x-35-cm\/","og_locale":"de_DE","og_type":"article","og_title":"Flacher Geschenkumschlag Kraftpapier 19 + 8 x 35 cm","og_description":"Flacher Geschenkumschlag aus Kraftpapier 19 + 8 x 35 cm. Ideal zum Verpacken von Geschenken, eine umweltfreundliche und praktische Alternative!","og_url":"https:\/\/www.csj-emballages.com\/de\/produit\/250-flache-geschenkbeutel-goldfarben-kraftpapier-19-8-x-35-cm\/","og_site_name":"CSJ Emballages","article_publisher":"https:\/\/www.facebook.com\/csjemballages","article_modified_time":"2026-04-14T00:20:56+00:00","og_image":[{"width":800,"height":800,"url":"https:\/\/www.csj-emballages.com\/wp-content\/uploads\/2024\/09\/SC19835.webp","type":"image\/webp"}],"twitter_card":"summary_large_image","twitter_title":"Flacher Geschenkumschlag Kraftpapier 19 + 8 x 35 cm","twitter_description":"Flacher Geschenkumschlag aus Kraftpapier 19 + 8 x 35 cm. Ideal zum Verpacken von Geschenken, eine umweltfreundliche und praktische Alternative!","twitter_misc":{"Gesch\u00e4tzte Lesezeit":"2 Minuten"},"schema":{"@context":"https:\/\/schema.org","@graph":[{"@type":"WebPage","@id":"https:\/\/www.csj-emballages.com\/de\/produit\/250-flache-geschenkbeutel-goldfarben-kraftpapier-19-8-x-35-cm\/","url":"https:\/\/www.csj-emballages.com\/de\/produit\/250-flache-geschenkbeutel-goldfarben-kraftpapier-19-8-x-35-cm\/","name":"Geschenkumschlag Flach Gold Kraft Verg\u00e9 19 + 8 x 35 cm pro 250","isPartOf":{"@id":"https:\/\/www.csj-emballages.com\/de\/#website"},"primaryImageOfPage":{"@id":"https:\/\/www.csj-emballages.com\/de\/produit\/250-flache-geschenkbeutel-goldfarben-kraftpapier-19-8-x-35-cm\/#primaryimage"},"image":{"@id":"https:\/\/www.csj-emballages.com\/de\/produit\/250-flache-geschenkbeutel-goldfarben-kraftpapier-19-8-x-35-cm\/#primaryimage"},"thumbnailUrl":"https:\/\/www.csj-emballages.com\/wp-content\/uploads\/2024\/09\/SC19835.webp","datePublished":"2024-09-19T00:18:19+00:00","dateModified":"2026-04-14T00:20:56+00:00","description":"Flacher Geschenkumschlag aus Kraftpapier 19 + 8 x 35 cm. Ideal zum Verpacken von Geschenken, eine umweltfreundliche und praktische Alternative!","breadcrumb":{"@id":"https:\/\/www.csj-emballages.com\/de\/produit\/250-flache-geschenkbeutel-goldfarben-kraftpapier-19-8-x-35-cm\/#breadcrumb"},"inLanguage":"de","potentialAction":[{"@type":"ReadAction","target":["https:\/\/www.csj-emballages.com\/de\/produit\/250-flache-geschenkbeutel-goldfarben-kraftpapier-19-8-x-35-cm\/"]}]},{"@type":"ImageObject","inLanguage":"de","@id":"https:\/\/www.csj-emballages.com\/de\/produit\/250-flache-geschenkbeutel-goldfarben-kraftpapier-19-8-x-35-cm\/#primaryimage","url":"https:\/\/www.csj-emballages.com\/wp-content\/uploads\/2024\/09\/SC19835.webp","contentUrl":"https:\/\/www.csj-emballages.com\/wp-content\/uploads\/2024\/09\/SC19835.webp","width":800,"height":800,"caption":"Enveloppe cadeau"},{"@type":"BreadcrumbList","@id":"https:\/\/www.csj-emballages.com\/de\/produit\/250-flache-geschenkbeutel-goldfarben-kraftpapier-19-8-x-35-cm\/#breadcrumb","itemListElement":[{"@type":"ListItem","position":1,"name":"Accueil","item":"https:\/\/www.csj-emballages.com\/de\/universum-lebensmittelverpackungen\/"},{"@type":"ListItem","position":2,"name":"Shop","item":"https:\/\/www.csj-emballages.com\/shop\/"},{"@type":"ListItem","position":3,"name":"Flacher Geschenkumschlag Gold Kraft Verg\u00e9 19 + 8 x 35 cm pro 250"}]},{"@type":"WebSite","@id":"https:\/\/www.csj-emballages.com\/de\/#website","url":"https:\/\/www.csj-emballages.com\/de\/","name":"CSJ Emballages","description":"","publisher":{"@id":"https:\/\/www.csj-emballages.com\/de\/#organization"},"potentialAction":[{"@type":"SearchAction","target":{"@type":"EntryPoint","urlTemplate":"https:\/\/www.csj-emballages.com\/de\/?s={search_term_string}"},"query-input":{"@type":"PropertyValueSpecification","valueRequired":true,"valueName":"search_term_string"}}],"inLanguage":"de"},{"@type":"Organization","@id":"https:\/\/www.csj-emballages.com\/de\/#Organization\/","name":"CSJ Emballages","url":"https:\/\/www.csj-emballages.com\/de\/","logo":{"@type":"ImageObject","inLanguage":"de","@id":"https:\/\/www.csj-emballages.com\/de\/#\/schema\/logo\/image\/","url":"https:\/\/www.csj-emballages.com\/wp-content\/uploads\/2023\/10\/logo_csj.webp","contentUrl":"https:\/\/www.csj-emballages.com\/wp-content\/uploads\/2023\/10\/logo_csj.webp","width":250,"height":95,"caption":"CSJ Emballages"},"image":{"@id":"https:\/\/www.csj-emballages.com\/de\/#\/schema\/logo\/image\/"},"sameAs":["https:\/\/www.facebook.com\/csjemballages"],"address":{"@type":"PostalAddress","streetAddress":"ZI La Lechere","addressLocality":"Patornay","postalCode":"39130","addressCountry":"FR"},"contactPoint":[{"@type":"ContactPoint","contactType":"Service client","telephone":"0384254272","email":"contact@csj-emballages.com"}]}]}},"df_price":18.12,"df_sale_price":18.12,"df_regular_price":22.66,"df_image_link":"https:\/\/www.csj-emballages.com\/wp-content\/uploads\/2024\/09\/SC19835-300x300.webp","tiered_pricing_type":"fixed","tiered_pricing_fixed_rules":[],"tiered_pricing_percentage_rules":[],"tiered_pricing_minimum":1,"tiered_pricing_roles_data":[],"_links":{"self":[{"href":"https:\/\/www.csj-emballages.com\/de\/wp-json\/wp\/v2\/product\/126196","targetHints":{"allow":["GET"]}}],"collection":[{"href":"https:\/\/www.csj-emballages.com\/de\/wp-json\/wp\/v2\/product"}],"about":[{"href":"https:\/\/www.csj-emballages.com\/de\/wp-json\/wp\/v2\/types\/product"}],"wp:featuredmedia":[{"embeddable":true,"href":"https:\/\/www.csj-emballages.com\/de\/wp-json\/wp\/v2\/media\/260533"}],"wp:attachment":[{"href":"https:\/\/www.csj-emballages.com\/de\/wp-json\/wp\/v2\/media?parent=126196"}],"wp:term":[{"taxonomy":"product_brand","embeddable":true,"href":"https:\/\/www.csj-emballages.com\/de\/wp-json\/wp\/v2\/product_brand?post=126196"},{"taxonomy":"product_cat","embeddable":true,"href":"https:\/\/www.csj-emballages.com\/de\/wp-json\/wp\/v2\/product_cat?post=126196"},{"taxonomy":"product_tag","embeddable":true,"href":"https:\/\/www.csj-emballages.com\/de\/wp-json\/wp\/v2\/product_tag?post=126196"}],"curies":[{"name":"wp","href":"https:\/\/api.w.org\/{rel}","templated":true}]}}