{"id":126193,"date":"2024-09-21T02:18:14","date_gmt":"2024-09-21T00:18:14","guid":{"rendered":"https:\/\/www.csj-emballages.com\/?post_type=product&#038;p=126193"},"modified":"2026-05-06T02:10:23","modified_gmt":"2026-05-06T00:10:23","slug":"spender-fur-400-ml-kartuschen","status":"publish","type":"product","link":"https:\/\/www.csj-emballages.com\/de\/produit\/spender-fur-400-ml-kartuschen\/","title":{"rendered":"Kartuschenspender 400 ml"},"content":{"rendered":"<div class=\"flex flex-grow flex-col max-w-full\">\n<div class=\"min-h-[20px] text-message flex flex-col items-start whitespace-pre-wrap break-words [.text-message+&amp;]:mt-5 juice:w-full juice:items-end overflow-x-auto gap-2\" dir=\"auto\" data-message-author-role=\"assistant\" data-message-id=\"2034782e-88f9-44ef-b4dc-07dd7bf0115f\">\n<div class=\"flex w-full flex-col gap-1 juice:empty:hidden juice:first:pt-[3px]\">\n<div class=\"markdown prose w-full break-words dark:prose-invert light\">\n<div style=\"font-family: Roboto, sans-serif;\">\n<div style=\"font-family: Roboto, sans-serif;\">\n<div style=\"font-family: Roboto, sans-serif;\">\n<div style=\"font-family: Roboto, sans-serif;\">\n<div style=\"font-family: Roboto, sans-serif;\">\n<div style=\"font-family: Roboto, sans-serif;\">\n<h2>Patronenspender<\/h2>\n<div style=\"font-family: Roboto, sans-serif;\">\n<div style=\"font-family: Roboto, sans-serif;\">\n<div style=\"font-family: Roboto, sans-serif;\">\n<div style=\"text-align: center;\">\n<div style=\"font-family: Roboto, sans-serif;\">\n<div style=\"font-family: Roboto, sans-serif;\">\n<div style=\"font-family: Roboto, sans-serif;\">\n<div style=\"font-family: Roboto, sans-serif;\">\n<div style=\"font-family: Roboto, sans-serif;\">\n<div style=\"font-family: Roboto, sans-serif; text-align: left;\">\n<hr>\n<h3 style=\"text-align: left;\">Beschreibung von Spenderkartusche 400 ml<!--more--><\/h3>\n<p data-start=\"285\" data-end=\"647\">Dieser wandmontierte <strong>400-ml-Patronenspender<\/strong> ist f\u00fcr <strong>400-ml-Patronen mit Seife<\/strong>, <strong>hydroalkoholischem Gel<\/strong>, <strong>Schaum<\/strong> oder <strong>Waschcreme<\/strong> konzipiert. Er ist kompakt, robust und unauff\u00e4llig und l\u00e4sst sich problemlos in alle Arten von Umgebungen integrieren: Gro\u00dfk\u00fcchen, \u00f6ffentliche Sanit\u00e4ranlagen, Arztpraxen, Restaurants oder auch in Werkst\u00e4tten, in denen die Handhygiene von gr\u00f6\u00dfter Bedeutung ist. <\/p>\n<p data-start=\"649\" data-end=\"1026\">Dieser <strong>Spender<\/strong> ist aus robusten Materialien gefertigt und h\u00e4lt auch bei intensiver Nutzung stand, wobei die Wartung vereinfacht wird. Sein ergonomisches Design erm\u00f6glicht eine <strong data-start=\"824\" data-end=\"850\">kontrollierte<\/strong>, saubere und verschwenderische <strong data-start=\"824\" data-end=\"850\">Abgabe<\/strong> durch einfaches Dr\u00fccken. So werden \u00dcberdosierungen vermieden und der Benutzer erh\u00e4lt eine hygienische, wirtschaftliche und professionelle L\u00f6sung.  <\/p>\n<p data-start=\"1028\" data-end=\"1379\">Der Austausch der Patrone ist schnell und sicher: \u00d6ffnen Sie einfach das <strong>Frontgeh\u00e4use<\/strong>, um eine neue Nachf\u00fcllpatrone einzusetzen. Das integrierte Verriegelungssystem verhindert die unbefugte Nutzung oder den Diebstahl von Patronen und ist somit eine gute Wahl f\u00fcr \u00f6ffentliche Einrichtungen oder Unternehmen, die auf die Kontrolle ihrer Verbrauchsmaterialien achten. <\/p>\n<p data-start=\"1381\" data-end=\"1605\">Dieser <strong>400-ml-Kartuschenspender <\/strong>richtet sich sowohl an Gewerbetreibende als auch an Einrichtungen, die ihren Mitarbeitern oder Kunden einen zuverl\u00e4ssigen, praktischen und langlebigen Hygienepunkt bieten m\u00f6chten.<\/p>\n<p data-start=\"1381\" data-end=\"1605\">\n<\/div>\n<\/div>\n<\/div>\n<\/div>\n<\/div>\n<\/div>\n<\/div>\n<\/div>\n<\/div>\n<\/div>\n<\/div>\n<\/div>\n<\/div>\n<\/div>\n<\/div>\n<\/div>\n<\/div>\n<\/div>\n<\/div>\n<\/div>\n<div class=\"flex flex-grow flex-col max-w-full\">\n<div class=\"min-h-[20px] text-message flex flex-col items-start whitespace-pre-wrap break-words [.text-message+&amp;]:mt-5 juice:w-full juice:items-end overflow-x-auto gap-2\" dir=\"auto\" data-message-author-role=\"assistant\" data-message-id=\"2034782e-88f9-44ef-b4dc-07dd7bf0115f\">\n<div class=\"flex w-full flex-col gap-1 juice:empty:hidden juice:first:pt-[3px]\">\n<div class=\"markdown prose w-full break-words dark:prose-invert light\">\n<div style=\"font-family: Roboto, sans-serif;\">\n<div style=\"font-family: Roboto, sans-serif;\">\n<div style=\"font-family: Roboto, sans-serif;\">\n<div style=\"font-family: Roboto, sans-serif;\">\n<div style=\"font-family: Roboto, sans-serif;\">\n<div style=\"font-family: Roboto, sans-serif;\">\n<p><!--more--><\/p>\n<h4 style=\"text-align: left;\"><strong>Vorteile :<\/strong><\/h4>\n<ul style=\"text-align: left;\">\n<li>Kompatibel mit 400-ml-Standardpatronen (Seife, Gel, Schaum, Creme).<\/li>\n<li>Saubere und kontrollierte Verteilung ohne Verschwendung.<\/li>\n<li>Einfache Bef\u00fcllung und Wartung.<\/li>\n<li>Schlichtes, unauff\u00e4lliges und professionelles Design<\/li>\n<li>Verriegelungssystem f\u00fcr sicheren Gebrauch.<\/li>\n<\/ul>\n<\/div>\n<\/div>\n<p>&nbsp;<\/p>\n<\/div>\n<\/div>\n<\/div>\n<\/div>\n<\/div>\n<\/div>\n<\/div>\n<\/div>\n<p><!--more--><\/p>\n<p>Hier finden Sie unser Desinfektionsmittel f\u00fcr Toilettenbrillen sanitizer schaum 400 ml : <span style=\"color: #d12727;\"><a style=\"color: #d12727;\" href=\"https:\/\/www.csj-emballages.com\/es\/produit\/espuma-desinfectante\/\">03SCM03041<\/a><\/span><\/p>\n<p>&nbsp;<\/p>\n<p style=\"text-align: left;\"><!--more--><\/p>\n<p><a href=\"https:\/\/www.csj-emballages.com\/de\/categorie-produit\/hygiene-und-pflege\/pflegeprodukte\/sanitar\/\">Sehen Sie sich den Rest unseres Sortiments an Sanit\u00e4rreinigern an.<\/a><\/p>\n","protected":false},"excerpt":{"rendered":"<p>Patronenspender Beschreibung von Spenderkartusche 400 ml<\/p>\n","protected":false},"featured_media":239381,"template":"","meta":{"_acf_changed":false},"product_brand":[],"product_cat":[1218,1409],"product_tag":[],"class_list":{"0":"post-126193","1":"product","2":"type-product","3":"status-publish","4":"has-post-thumbnail","6":"product_cat-hygiene-und-pflege","7":"product_cat-vertriebspartner","9":"first","10":"instock","11":"taxable","12":"shipping-taxable","13":"purchasable","14":"product-type-simple"},"acf":[],"yoast_head":"<!-- This site is optimized with the Yoast SEO Premium plugin v26.6 (Yoast SEO v26.6) - https:\/\/yoast.com\/wordpress\/plugins\/seo\/ -->\n<title>Spender Kartusche 400 ml<\/title>\n<meta name=\"description\" content=\"Wandspender f\u00fcr 400-ml-Patronen - ideal f\u00fcr Seife, Gel oder Schaum. Zuverl\u00e4ssig, praktisch und hygienisch f\u00fcr alle Arbeitsumgebungen.\" \/>\n<meta name=\"robots\" content=\"index, follow, max-snippet:-1, max-image-preview:large, max-video-preview:-1\" \/>\n<link rel=\"canonical\" href=\"https:\/\/www.csj-emballages.com\/de\/produit\/spender-fur-400-ml-kartuschen\/\" \/>\n<meta property=\"og:locale\" content=\"de_DE\" \/>\n<meta property=\"og:type\" content=\"article\" \/>\n<meta property=\"og:title\" content=\"Kartuschenspender 400 ml\" \/>\n<meta property=\"og:description\" content=\"Wandspender f\u00fcr 400-ml-Patronen - ideal f\u00fcr Seife, Gel oder Schaum. Zuverl\u00e4ssig, praktisch und hygienisch f\u00fcr alle Arbeitsumgebungen.\" \/>\n<meta property=\"og:url\" content=\"https:\/\/www.csj-emballages.com\/de\/produit\/spender-fur-400-ml-kartuschen\/\" \/>\n<meta property=\"og:site_name\" content=\"CSJ Emballages\" \/>\n<meta property=\"article:publisher\" content=\"https:\/\/www.facebook.com\/csjemballages\" \/>\n<meta property=\"article:modified_time\" content=\"2026-05-06T00:10:23+00:00\" \/>\n<meta property=\"og:image\" content=\"https:\/\/www.csj-emballages.com\/wp-content\/uploads\/2024\/09\/03DS041101.webp\" \/>\n\t<meta property=\"og:image:width\" content=\"800\" \/>\n\t<meta property=\"og:image:height\" content=\"800\" \/>\n\t<meta property=\"og:image:type\" content=\"image\/webp\" \/>\n<meta name=\"twitter:card\" content=\"summary_large_image\" \/>\n<meta name=\"twitter:label1\" content=\"Gesch\u00e4tzte Lesezeit\" \/>\n\t<meta name=\"twitter:data1\" content=\"1\u00a0Minute\" \/>\n<script type=\"application\/ld+json\" class=\"yoast-schema-graph\">{\"@context\":\"https:\/\/schema.org\",\"@graph\":[{\"@type\":\"WebPage\",\"@id\":\"https:\/\/www.csj-emballages.com\/de\/produit\/spender-fur-400-ml-kartuschen\/\",\"url\":\"https:\/\/www.csj-emballages.com\/de\/produit\/spender-fur-400-ml-kartuschen\/\",\"name\":\"Spender Kartusche 400 ml\",\"isPartOf\":{\"@id\":\"https:\/\/www.csj-emballages.com\/de\/#website\"},\"primaryImageOfPage\":{\"@id\":\"https:\/\/www.csj-emballages.com\/de\/produit\/spender-fur-400-ml-kartuschen\/#primaryimage\"},\"image\":{\"@id\":\"https:\/\/www.csj-emballages.com\/de\/produit\/spender-fur-400-ml-kartuschen\/#primaryimage\"},\"thumbnailUrl\":\"https:\/\/www.csj-emballages.com\/wp-content\/uploads\/2024\/09\/03DS041101.webp\",\"datePublished\":\"2024-09-21T00:18:14+00:00\",\"dateModified\":\"2026-05-06T00:10:23+00:00\",\"description\":\"Wandspender f\u00fcr 400-ml-Patronen - ideal f\u00fcr Seife, Gel oder Schaum. Zuverl\u00e4ssig, praktisch und hygienisch f\u00fcr alle Arbeitsumgebungen.\",\"breadcrumb\":{\"@id\":\"https:\/\/www.csj-emballages.com\/de\/produit\/spender-fur-400-ml-kartuschen\/#breadcrumb\"},\"inLanguage\":\"de\",\"potentialAction\":[{\"@type\":\"ReadAction\",\"target\":[\"https:\/\/www.csj-emballages.com\/de\/produit\/spender-fur-400-ml-kartuschen\/\"]}]},{\"@type\":\"ImageObject\",\"inLanguage\":\"de\",\"@id\":\"https:\/\/www.csj-emballages.com\/de\/produit\/spender-fur-400-ml-kartuschen\/#primaryimage\",\"url\":\"https:\/\/www.csj-emballages.com\/wp-content\/uploads\/2024\/09\/03DS041101.webp\",\"contentUrl\":\"https:\/\/www.csj-emballages.com\/wp-content\/uploads\/2024\/09\/03DS041101.webp\",\"width\":800,\"height\":800,\"caption\":\"Distributeur cartouche\"},{\"@type\":\"BreadcrumbList\",\"@id\":\"https:\/\/www.csj-emballages.com\/de\/produit\/spender-fur-400-ml-kartuschen\/#breadcrumb\",\"itemListElement\":[{\"@type\":\"ListItem\",\"position\":1,\"name\":\"Accueil\",\"item\":\"https:\/\/www.csj-emballages.com\/de\/universum-lebensmittelverpackungen\/\"},{\"@type\":\"ListItem\",\"position\":2,\"name\":\"Shop\",\"item\":\"https:\/\/www.csj-emballages.com\/shop\/\"},{\"@type\":\"ListItem\",\"position\":3,\"name\":\"Kartuschenspender 400 ml\"}]},{\"@type\":\"WebSite\",\"@id\":\"https:\/\/www.csj-emballages.com\/de\/#website\",\"url\":\"https:\/\/www.csj-emballages.com\/de\/\",\"name\":\"CSJ Emballages\",\"description\":\"\",\"publisher\":{\"@id\":\"https:\/\/www.csj-emballages.com\/de\/#organization\"},\"potentialAction\":[{\"@type\":\"SearchAction\",\"target\":{\"@type\":\"EntryPoint\",\"urlTemplate\":\"https:\/\/www.csj-emballages.com\/de\/?s={search_term_string}\"},\"query-input\":{\"@type\":\"PropertyValueSpecification\",\"valueRequired\":true,\"valueName\":\"search_term_string\"}}],\"inLanguage\":\"de\"},{\"@type\":\"Organization\",\"@id\":\"https:\/\/www.csj-emballages.com\/de\/#Organization\/\",\"name\":\"CSJ Emballages\",\"url\":\"https:\/\/www.csj-emballages.com\/de\/\",\"logo\":{\"@type\":\"ImageObject\",\"inLanguage\":\"de\",\"@id\":\"https:\/\/www.csj-emballages.com\/de\/#\/schema\/logo\/image\/\",\"url\":\"https:\/\/www.csj-emballages.com\/wp-content\/uploads\/2023\/10\/logo_csj.webp\",\"contentUrl\":\"https:\/\/www.csj-emballages.com\/wp-content\/uploads\/2023\/10\/logo_csj.webp\",\"width\":250,\"height\":95,\"caption\":\"CSJ Emballages\"},\"image\":{\"@id\":\"https:\/\/www.csj-emballages.com\/de\/#\/schema\/logo\/image\/\"},\"sameAs\":[\"https:\/\/www.facebook.com\/csjemballages\"],\"address\":{\"@type\":\"PostalAddress\",\"streetAddress\":\"ZI La Lechere\",\"addressLocality\":\"Patornay\",\"postalCode\":\"39130\",\"addressCountry\":\"FR\"},\"contactPoint\":[{\"@type\":\"ContactPoint\",\"contactType\":\"Service client\",\"telephone\":\"0384254272\",\"email\":\"contact@csj-emballages.com\"}]}]}<\/script>\n<!-- \/ Yoast SEO Premium plugin. -->","yoast_head_json":{"title":"Spender Kartusche 400 ml","description":"Wandspender f\u00fcr 400-ml-Patronen - ideal f\u00fcr Seife, Gel oder Schaum. Zuverl\u00e4ssig, praktisch und hygienisch f\u00fcr alle Arbeitsumgebungen.","robots":{"index":"index","follow":"follow","max-snippet":"max-snippet:-1","max-image-preview":"max-image-preview:large","max-video-preview":"max-video-preview:-1"},"canonical":"https:\/\/www.csj-emballages.com\/de\/produit\/spender-fur-400-ml-kartuschen\/","og_locale":"de_DE","og_type":"article","og_title":"Kartuschenspender 400 ml","og_description":"Wandspender f\u00fcr 400-ml-Patronen - ideal f\u00fcr Seife, Gel oder Schaum. Zuverl\u00e4ssig, praktisch und hygienisch f\u00fcr alle Arbeitsumgebungen.","og_url":"https:\/\/www.csj-emballages.com\/de\/produit\/spender-fur-400-ml-kartuschen\/","og_site_name":"CSJ Emballages","article_publisher":"https:\/\/www.facebook.com\/csjemballages","article_modified_time":"2026-05-06T00:10:23+00:00","og_image":[{"width":800,"height":800,"url":"https:\/\/www.csj-emballages.com\/wp-content\/uploads\/2024\/09\/03DS041101.webp","type":"image\/webp"}],"twitter_card":"summary_large_image","twitter_misc":{"Gesch\u00e4tzte Lesezeit":"1\u00a0Minute"},"schema":{"@context":"https:\/\/schema.org","@graph":[{"@type":"WebPage","@id":"https:\/\/www.csj-emballages.com\/de\/produit\/spender-fur-400-ml-kartuschen\/","url":"https:\/\/www.csj-emballages.com\/de\/produit\/spender-fur-400-ml-kartuschen\/","name":"Spender Kartusche 400 ml","isPartOf":{"@id":"https:\/\/www.csj-emballages.com\/de\/#website"},"primaryImageOfPage":{"@id":"https:\/\/www.csj-emballages.com\/de\/produit\/spender-fur-400-ml-kartuschen\/#primaryimage"},"image":{"@id":"https:\/\/www.csj-emballages.com\/de\/produit\/spender-fur-400-ml-kartuschen\/#primaryimage"},"thumbnailUrl":"https:\/\/www.csj-emballages.com\/wp-content\/uploads\/2024\/09\/03DS041101.webp","datePublished":"2024-09-21T00:18:14+00:00","dateModified":"2026-05-06T00:10:23+00:00","description":"Wandspender f\u00fcr 400-ml-Patronen - ideal f\u00fcr Seife, Gel oder Schaum. Zuverl\u00e4ssig, praktisch und hygienisch f\u00fcr alle Arbeitsumgebungen.","breadcrumb":{"@id":"https:\/\/www.csj-emballages.com\/de\/produit\/spender-fur-400-ml-kartuschen\/#breadcrumb"},"inLanguage":"de","potentialAction":[{"@type":"ReadAction","target":["https:\/\/www.csj-emballages.com\/de\/produit\/spender-fur-400-ml-kartuschen\/"]}]},{"@type":"ImageObject","inLanguage":"de","@id":"https:\/\/www.csj-emballages.com\/de\/produit\/spender-fur-400-ml-kartuschen\/#primaryimage","url":"https:\/\/www.csj-emballages.com\/wp-content\/uploads\/2024\/09\/03DS041101.webp","contentUrl":"https:\/\/www.csj-emballages.com\/wp-content\/uploads\/2024\/09\/03DS041101.webp","width":800,"height":800,"caption":"Distributeur cartouche"},{"@type":"BreadcrumbList","@id":"https:\/\/www.csj-emballages.com\/de\/produit\/spender-fur-400-ml-kartuschen\/#breadcrumb","itemListElement":[{"@type":"ListItem","position":1,"name":"Accueil","item":"https:\/\/www.csj-emballages.com\/de\/universum-lebensmittelverpackungen\/"},{"@type":"ListItem","position":2,"name":"Shop","item":"https:\/\/www.csj-emballages.com\/shop\/"},{"@type":"ListItem","position":3,"name":"Kartuschenspender 400 ml"}]},{"@type":"WebSite","@id":"https:\/\/www.csj-emballages.com\/de\/#website","url":"https:\/\/www.csj-emballages.com\/de\/","name":"CSJ Emballages","description":"","publisher":{"@id":"https:\/\/www.csj-emballages.com\/de\/#organization"},"potentialAction":[{"@type":"SearchAction","target":{"@type":"EntryPoint","urlTemplate":"https:\/\/www.csj-emballages.com\/de\/?s={search_term_string}"},"query-input":{"@type":"PropertyValueSpecification","valueRequired":true,"valueName":"search_term_string"}}],"inLanguage":"de"},{"@type":"Organization","@id":"https:\/\/www.csj-emballages.com\/de\/#Organization\/","name":"CSJ Emballages","url":"https:\/\/www.csj-emballages.com\/de\/","logo":{"@type":"ImageObject","inLanguage":"de","@id":"https:\/\/www.csj-emballages.com\/de\/#\/schema\/logo\/image\/","url":"https:\/\/www.csj-emballages.com\/wp-content\/uploads\/2023\/10\/logo_csj.webp","contentUrl":"https:\/\/www.csj-emballages.com\/wp-content\/uploads\/2023\/10\/logo_csj.webp","width":250,"height":95,"caption":"CSJ Emballages"},"image":{"@id":"https:\/\/www.csj-emballages.com\/de\/#\/schema\/logo\/image\/"},"sameAs":["https:\/\/www.facebook.com\/csjemballages"],"address":{"@type":"PostalAddress","streetAddress":"ZI La Lechere","addressLocality":"Patornay","postalCode":"39130","addressCountry":"FR"},"contactPoint":[{"@type":"ContactPoint","contactType":"Service client","telephone":"0384254272","email":"contact@csj-emballages.com"}]}]}},"df_price":11.62,"df_sale_price":"","df_regular_price":11.62,"df_image_link":"https:\/\/www.csj-emballages.com\/wp-content\/uploads\/2024\/09\/03DS041101-300x300.webp","tiered_pricing_type":"fixed","tiered_pricing_fixed_rules":[],"tiered_pricing_percentage_rules":[],"tiered_pricing_minimum":1,"tiered_pricing_roles_data":[],"_links":{"self":[{"href":"https:\/\/www.csj-emballages.com\/de\/wp-json\/wp\/v2\/product\/126193","targetHints":{"allow":["GET"]}}],"collection":[{"href":"https:\/\/www.csj-emballages.com\/de\/wp-json\/wp\/v2\/product"}],"about":[{"href":"https:\/\/www.csj-emballages.com\/de\/wp-json\/wp\/v2\/types\/product"}],"wp:featuredmedia":[{"embeddable":true,"href":"https:\/\/www.csj-emballages.com\/de\/wp-json\/wp\/v2\/media\/239381"}],"wp:attachment":[{"href":"https:\/\/www.csj-emballages.com\/de\/wp-json\/wp\/v2\/media?parent=126193"}],"wp:term":[{"taxonomy":"product_brand","embeddable":true,"href":"https:\/\/www.csj-emballages.com\/de\/wp-json\/wp\/v2\/product_brand?post=126193"},{"taxonomy":"product_cat","embeddable":true,"href":"https:\/\/www.csj-emballages.com\/de\/wp-json\/wp\/v2\/product_cat?post=126193"},{"taxonomy":"product_tag","embeddable":true,"href":"https:\/\/www.csj-emballages.com\/de\/wp-json\/wp\/v2\/product_tag?post=126193"}],"curies":[{"name":"wp","href":"https:\/\/api.w.org\/{rel}","templated":true}]}}