{"id":126188,"date":"2024-09-19T02:18:16","date_gmt":"2024-09-19T00:18:16","guid":{"rendered":"https:\/\/www.csj-emballages.com\/?post_type=product&#038;p=126188"},"modified":"2026-04-14T02:20:51","modified_gmt":"2026-04-14T00:20:51","slug":"250-flache-geschenkbeutel-goldfarben-kraftpapier-12-5-x-18-cm","status":"publish","type":"product","link":"https:\/\/www.csj-emballages.com\/de\/produit\/250-flache-geschenkbeutel-goldfarben-kraftpapier-12-5-x-18-cm\/","title":{"rendered":"Geschenkumschlag Gold Kraft gerippt 12 + 5 x 18 cm, 250 St\u00fcck"},"content":{"rendered":"<h2>Geschenkumschlag<\/h2>\n<hr>\n<h3>Beschreibung unseres flachen Geschenkumschlags Gold Kraft Verg\u00e9 12 + 5 x 18 cm pro 250<\/h3>\n<p><!--more--><\/p>\n<p data-start=\"267\" data-end=\"661\">Suchen Sie eine elegante, praktische und wirtschaftliche Verpackungsl\u00f6sung f\u00fcr Ihre <strong>kleinen Produkte, Geschenkkarten, Gutscheine oder flachen Gegenst\u00e4nde<\/strong>? Dann ist dieser <strong>flache Geschenkumschlag aus geripptem Gold-Kraftpapier<\/strong> genau das Richtige f\u00fcr Sie. Mit seinem <strong data-start=\"513\" data-end=\"538\">Format von 12 + 5 x 18 cm<\/strong> bietet er eine ideale Balance aus Kompaktheit und Fassungsverm\u00f6gen, dank des <strong>5 cm<\/strong> Seitenfalzes, der ein leichtes Volumen erm\u00f6glicht.  <\/p>\n<p data-start=\"663\" data-end=\"1114\">Gefertigt aus <strong data-start=\"673\" data-end=\"695\">geripptem Kraftpapier<\/strong>, besticht sie durch ihre edle Textur und au\u00dfergew\u00f6hnliche Widerstandsf\u00e4higkeit. Ihr <strong>Goldton<\/strong> verleiht eine <strong data-start=\"798\" data-end=\"827\">hochwertige und festliche Note<\/strong>, perfekt f\u00fcr die Feiertage, besondere Anl\u00e4sse oder einfach, um Ihre Verk\u00e4ufe das ganze Jahr \u00fcber zu veredeln. Sein <strong>nat\u00fcrlicher und zugleich schicker Look<\/strong> passt sowohl zu Kunsthandwerksl\u00e4den als auch zu moderneren Marken, die eine Verpackung suchen, die sich abhebt.<\/p>\n<p data-start=\"1116\" data-end=\"1396\">Verkauft im Set von <strong data-start=\"1133\" data-end=\"1147\">250 St\u00fcck<\/strong>, ist dieser <strong>Geschenkumschlag<\/strong> ideal f\u00fcr Profis: H\u00e4ndler, Designer, Chocolatiers, Juweliere, Buchh\u00e4ndler oder Caterer. Sein Format ist auch perfekt f\u00fcr Dankeskarten, Rabattgutscheine, Einladungen oder kleine flache Geschenke.<\/p>\n<p data-start=\"1398\" data-end=\"1602\">Einfach mit einem Aufkleber, einem <span style=\"color: #d12727;\"><a style=\"color: #d12727;\" href=\"https:\/\/www.csj-emballages.com\/de\/categorie-produit\/lebensmittelverpackungen\/boutique-und-geschaft\/zubehor-und-ausstattung-de\/etiketten-de\/\">Etikett<\/a><\/span> oder einem Band zu verschlie\u00dfen, erm\u00f6glicht er Ihnen schnelles Verpacken mit einem gepflegten Ergebnis. Zusammenfassend ist dies die clevere Verpackung, die <strong data-start=\"1564\" data-end=\"1601\">Eleganz, Praktikabilit\u00e4t und Langlebigkeit<\/strong> vereint.<\/p>\n<p data-start=\"1302\" data-end=\"1517\"><!--more--><\/p>\n<h4><strong>Vorteile :<\/strong><\/h4>\n<ul>\n<li>Strapazierf\u00e4higes, geripptes Kraftpapier mit qualitativer Haptik.<\/li>\n<li>Schicke Goldfarbe, die Ihre Produkte aufwertet.<\/li>\n<li>Praktisches Format mit Seitenfalte f\u00fcr mehr Volumen.<\/li>\n<li>Dieser Geschenkumschlag ist ideal f\u00fcr Geschenkkarten, Schmuck, Gutscheine oder kleine Artikel.<\/li>\n<li>Perfekt f\u00fcr Berufst\u00e4tige: schnell zu verwenden, sofortiger Premium-Effekt.<\/li>\n<\/ul>\n<p>&nbsp;<\/p>\n<p><!--more--><\/p>\n<h4><strong>Weitere Informationen :  <\/strong><\/h4>\n<ul>\n<li><strong>Verpackung<\/strong>: Packung mit 250<\/li>\n<li><strong>Ma\u00dfe<\/strong>: 12 + 5 x 18 cm<\/li>\n<li><strong>Material<\/strong>: Kraftpapier<\/li>\n<li><strong>Farbe<\/strong>: Kraft Gold Verg\u00e9<\/li>\n<\/ul>\n<p>&nbsp;<\/p>\n<p><!--more--><\/p>\n<p><span style=\"color: #d12727;\"><span style=\"color: #000000;\">Dieses Produkt ist auch in fuchsia erh\u00e4ltlich : <span style=\"color: #d12727;\"><a style=\"color: #d12727;\" href=\"https:\/\/www.csj-emballages.com\/es\/produit\/250-sobres-de-regalo-fucsia-19-8-x-35-cm\/\">ECF195<\/a><\/span><\/span><\/span><\/p>\n<p>&nbsp;<\/p>\n<p><!--more--><\/p>\n<p>Hier finden Sie die n\u00e4chstgr\u00f6\u00dfere verf\u00fcgbare Gr\u00f6\u00dfe f\u00fcr dieses Produkt : <span style=\"color: #d12727;\"><a style=\"color: #d12727;\" href=\"https:\/\/www.csj-emballages.com\/produit\/250-enveloppe-cadeau-plats-or-kraft-verge-19-8-x-35-cm-sachet-cadeau-pochette\/\">SC19835<\/a><\/span><\/p>\n<p>&nbsp;<\/p>\n<p><!--more--><\/p>\n<p><a href=\"\/?product_cat=sachets-cadeaux\">Sehen Sie sich den Rest unseres Sortiments an Geschenkt\u00fcten an<\/a><\/p>\n","protected":false},"excerpt":{"rendered":"<p>Geschenkumschlag Beschreibung unseres flachen Geschenkumschlags Gold Kraft Verg\u00e9 12 + 5 x 18 cm pro 250<\/p>\n","protected":false},"featured_media":260593,"template":"","meta":{"_acf_changed":false},"product_brand":[],"product_cat":[1137,1487,3969,3498,1265],"product_tag":[],"class_list":{"0":"post-126188","1":"product","2":"type-product","3":"status-publish","4":"has-post-thumbnail","6":"product_cat-lebensmittelverpackungen","7":"product_cat-boutique-und-geschaft","8":"product_cat-sacke-beutel","9":"product_cat-geschenktuten","10":"product_cat-lagerbestande-promotion","12":"first","13":"instock","14":"sale","15":"taxable","16":"shipping-taxable","17":"purchasable","18":"product-type-simple"},"acf":[],"yoast_head":"<!-- This site is optimized with the Yoast SEO Premium plugin v26.6 (Yoast SEO v26.6) - https:\/\/yoast.com\/wordpress\/plugins\/seo\/ -->\n<title>Geschenkumschlag Flach Gold Kraft Verg\u00e9 12 + 5 x 18 cm pro 250<\/title>\n<meta name=\"description\" content=\"Geschenkumschlag aus Kraftpapier, gold-gerippt 12 + 5 x 18 cm - Elegant, widerstandsf\u00e4hig und ideal f\u00fcr Karten oder kleine Gegenst\u00e4nde. Set mit 250 St\u00fcck f\u00fcr anspruchsvolle Profis.\" \/>\n<meta name=\"robots\" content=\"index, follow, max-snippet:-1, max-image-preview:large, max-video-preview:-1\" \/>\n<link rel=\"canonical\" href=\"https:\/\/www.csj-emballages.com\/de\/produit\/250-flache-geschenkbeutel-goldfarben-kraftpapier-12-5-x-18-cm\/\" \/>\n<meta property=\"og:locale\" content=\"de_DE\" \/>\n<meta property=\"og:type\" content=\"article\" \/>\n<meta property=\"og:title\" content=\"Geschenkumschlag Gold Kraft gerippt 12 + 5 x 18 cm, 250 St\u00fcck\" \/>\n<meta property=\"og:description\" content=\"Geschenkumschlag aus Kraftpapier, gold-gerippt 12 + 5 x 18 cm - Elegant, widerstandsf\u00e4hig und ideal f\u00fcr Karten oder kleine Gegenst\u00e4nde. Set mit 250 St\u00fcck f\u00fcr anspruchsvolle Profis.\" \/>\n<meta property=\"og:url\" content=\"https:\/\/www.csj-emballages.com\/de\/produit\/250-flache-geschenkbeutel-goldfarben-kraftpapier-12-5-x-18-cm\/\" \/>\n<meta property=\"og:site_name\" content=\"CSJ Emballages\" \/>\n<meta property=\"article:publisher\" content=\"https:\/\/www.facebook.com\/csjemballages\" \/>\n<meta property=\"article:modified_time\" content=\"2026-04-14T00:20:51+00:00\" \/>\n<meta property=\"og:image\" content=\"https:\/\/www.csj-emballages.com\/wp-content\/uploads\/2024\/09\/SC14518-1.webp\" \/>\n\t<meta property=\"og:image:width\" content=\"800\" \/>\n\t<meta property=\"og:image:height\" content=\"800\" \/>\n\t<meta property=\"og:image:type\" content=\"image\/webp\" \/>\n<meta name=\"twitter:card\" content=\"summary_large_image\" \/>\n<meta name=\"twitter:label1\" content=\"Gesch\u00e4tzte Lesezeit\" \/>\n\t<meta name=\"twitter:data1\" content=\"2 Minuten\" \/>\n<script type=\"application\/ld+json\" class=\"yoast-schema-graph\">{\"@context\":\"https:\/\/schema.org\",\"@graph\":[{\"@type\":\"WebPage\",\"@id\":\"https:\/\/www.csj-emballages.com\/de\/produit\/250-flache-geschenkbeutel-goldfarben-kraftpapier-12-5-x-18-cm\/\",\"url\":\"https:\/\/www.csj-emballages.com\/de\/produit\/250-flache-geschenkbeutel-goldfarben-kraftpapier-12-5-x-18-cm\/\",\"name\":\"Geschenkumschlag Flach Gold Kraft Verg\u00e9 12 + 5 x 18 cm pro 250\",\"isPartOf\":{\"@id\":\"https:\/\/www.csj-emballages.com\/de\/#website\"},\"primaryImageOfPage\":{\"@id\":\"https:\/\/www.csj-emballages.com\/de\/produit\/250-flache-geschenkbeutel-goldfarben-kraftpapier-12-5-x-18-cm\/#primaryimage\"},\"image\":{\"@id\":\"https:\/\/www.csj-emballages.com\/de\/produit\/250-flache-geschenkbeutel-goldfarben-kraftpapier-12-5-x-18-cm\/#primaryimage\"},\"thumbnailUrl\":\"https:\/\/www.csj-emballages.com\/wp-content\/uploads\/2024\/09\/SC14518-1.webp\",\"datePublished\":\"2024-09-19T00:18:16+00:00\",\"dateModified\":\"2026-04-14T00:20:51+00:00\",\"description\":\"Geschenkumschlag aus Kraftpapier, gold-gerippt 12 + 5 x 18 cm - Elegant, widerstandsf\u00e4hig und ideal f\u00fcr Karten oder kleine Gegenst\u00e4nde. Set mit 250 St\u00fcck f\u00fcr anspruchsvolle Profis.\",\"breadcrumb\":{\"@id\":\"https:\/\/www.csj-emballages.com\/de\/produit\/250-flache-geschenkbeutel-goldfarben-kraftpapier-12-5-x-18-cm\/#breadcrumb\"},\"inLanguage\":\"de\",\"potentialAction\":[{\"@type\":\"ReadAction\",\"target\":[\"https:\/\/www.csj-emballages.com\/de\/produit\/250-flache-geschenkbeutel-goldfarben-kraftpapier-12-5-x-18-cm\/\"]}]},{\"@type\":\"ImageObject\",\"inLanguage\":\"de\",\"@id\":\"https:\/\/www.csj-emballages.com\/de\/produit\/250-flache-geschenkbeutel-goldfarben-kraftpapier-12-5-x-18-cm\/#primaryimage\",\"url\":\"https:\/\/www.csj-emballages.com\/wp-content\/uploads\/2024\/09\/SC14518-1.webp\",\"contentUrl\":\"https:\/\/www.csj-emballages.com\/wp-content\/uploads\/2024\/09\/SC14518-1.webp\",\"width\":800,\"height\":800,\"caption\":\"Enveloppe cadeau\"},{\"@type\":\"BreadcrumbList\",\"@id\":\"https:\/\/www.csj-emballages.com\/de\/produit\/250-flache-geschenkbeutel-goldfarben-kraftpapier-12-5-x-18-cm\/#breadcrumb\",\"itemListElement\":[{\"@type\":\"ListItem\",\"position\":1,\"name\":\"Accueil\",\"item\":\"https:\/\/www.csj-emballages.com\/de\/universum-lebensmittelverpackungen\/\"},{\"@type\":\"ListItem\",\"position\":2,\"name\":\"Shop\",\"item\":\"https:\/\/www.csj-emballages.com\/shop\/\"},{\"@type\":\"ListItem\",\"position\":3,\"name\":\"Geschenkumschlag Gold Kraft gerippt 12 + 5 x 18 cm, 250 St\u00fcck\"}]},{\"@type\":\"WebSite\",\"@id\":\"https:\/\/www.csj-emballages.com\/de\/#website\",\"url\":\"https:\/\/www.csj-emballages.com\/de\/\",\"name\":\"CSJ Emballages\",\"description\":\"\",\"publisher\":{\"@id\":\"https:\/\/www.csj-emballages.com\/de\/#organization\"},\"potentialAction\":[{\"@type\":\"SearchAction\",\"target\":{\"@type\":\"EntryPoint\",\"urlTemplate\":\"https:\/\/www.csj-emballages.com\/de\/?s={search_term_string}\"},\"query-input\":{\"@type\":\"PropertyValueSpecification\",\"valueRequired\":true,\"valueName\":\"search_term_string\"}}],\"inLanguage\":\"de\"},{\"@type\":\"Organization\",\"@id\":\"https:\/\/www.csj-emballages.com\/de\/#Organization\/\",\"name\":\"CSJ Emballages\",\"url\":\"https:\/\/www.csj-emballages.com\/de\/\",\"logo\":{\"@type\":\"ImageObject\",\"inLanguage\":\"de\",\"@id\":\"https:\/\/www.csj-emballages.com\/de\/#\/schema\/logo\/image\/\",\"url\":\"https:\/\/www.csj-emballages.com\/wp-content\/uploads\/2023\/10\/logo_csj.webp\",\"contentUrl\":\"https:\/\/www.csj-emballages.com\/wp-content\/uploads\/2023\/10\/logo_csj.webp\",\"width\":250,\"height\":95,\"caption\":\"CSJ Emballages\"},\"image\":{\"@id\":\"https:\/\/www.csj-emballages.com\/de\/#\/schema\/logo\/image\/\"},\"sameAs\":[\"https:\/\/www.facebook.com\/csjemballages\"],\"address\":{\"@type\":\"PostalAddress\",\"streetAddress\":\"ZI La Lechere\",\"addressLocality\":\"Patornay\",\"postalCode\":\"39130\",\"addressCountry\":\"FR\"},\"contactPoint\":[{\"@type\":\"ContactPoint\",\"contactType\":\"Service client\",\"telephone\":\"0384254272\",\"email\":\"contact@csj-emballages.com\"}]}]}<\/script>\n<!-- \/ Yoast SEO Premium plugin. -->","yoast_head_json":{"title":"Geschenkumschlag Flach Gold Kraft Verg\u00e9 12 + 5 x 18 cm pro 250","description":"Geschenkumschlag aus Kraftpapier, gold-gerippt 12 + 5 x 18 cm - Elegant, widerstandsf\u00e4hig und ideal f\u00fcr Karten oder kleine Gegenst\u00e4nde. Set mit 250 St\u00fcck f\u00fcr anspruchsvolle Profis.","robots":{"index":"index","follow":"follow","max-snippet":"max-snippet:-1","max-image-preview":"max-image-preview:large","max-video-preview":"max-video-preview:-1"},"canonical":"https:\/\/www.csj-emballages.com\/de\/produit\/250-flache-geschenkbeutel-goldfarben-kraftpapier-12-5-x-18-cm\/","og_locale":"de_DE","og_type":"article","og_title":"Geschenkumschlag Gold Kraft gerippt 12 + 5 x 18 cm, 250 St\u00fcck","og_description":"Geschenkumschlag aus Kraftpapier, gold-gerippt 12 + 5 x 18 cm - Elegant, widerstandsf\u00e4hig und ideal f\u00fcr Karten oder kleine Gegenst\u00e4nde. Set mit 250 St\u00fcck f\u00fcr anspruchsvolle Profis.","og_url":"https:\/\/www.csj-emballages.com\/de\/produit\/250-flache-geschenkbeutel-goldfarben-kraftpapier-12-5-x-18-cm\/","og_site_name":"CSJ Emballages","article_publisher":"https:\/\/www.facebook.com\/csjemballages","article_modified_time":"2026-04-14T00:20:51+00:00","og_image":[{"width":800,"height":800,"url":"https:\/\/www.csj-emballages.com\/wp-content\/uploads\/2024\/09\/SC14518-1.webp","type":"image\/webp"}],"twitter_card":"summary_large_image","twitter_misc":{"Gesch\u00e4tzte Lesezeit":"2 Minuten"},"schema":{"@context":"https:\/\/schema.org","@graph":[{"@type":"WebPage","@id":"https:\/\/www.csj-emballages.com\/de\/produit\/250-flache-geschenkbeutel-goldfarben-kraftpapier-12-5-x-18-cm\/","url":"https:\/\/www.csj-emballages.com\/de\/produit\/250-flache-geschenkbeutel-goldfarben-kraftpapier-12-5-x-18-cm\/","name":"Geschenkumschlag Flach Gold Kraft Verg\u00e9 12 + 5 x 18 cm pro 250","isPartOf":{"@id":"https:\/\/www.csj-emballages.com\/de\/#website"},"primaryImageOfPage":{"@id":"https:\/\/www.csj-emballages.com\/de\/produit\/250-flache-geschenkbeutel-goldfarben-kraftpapier-12-5-x-18-cm\/#primaryimage"},"image":{"@id":"https:\/\/www.csj-emballages.com\/de\/produit\/250-flache-geschenkbeutel-goldfarben-kraftpapier-12-5-x-18-cm\/#primaryimage"},"thumbnailUrl":"https:\/\/www.csj-emballages.com\/wp-content\/uploads\/2024\/09\/SC14518-1.webp","datePublished":"2024-09-19T00:18:16+00:00","dateModified":"2026-04-14T00:20:51+00:00","description":"Geschenkumschlag aus Kraftpapier, gold-gerippt 12 + 5 x 18 cm - Elegant, widerstandsf\u00e4hig und ideal f\u00fcr Karten oder kleine Gegenst\u00e4nde. Set mit 250 St\u00fcck f\u00fcr anspruchsvolle Profis.","breadcrumb":{"@id":"https:\/\/www.csj-emballages.com\/de\/produit\/250-flache-geschenkbeutel-goldfarben-kraftpapier-12-5-x-18-cm\/#breadcrumb"},"inLanguage":"de","potentialAction":[{"@type":"ReadAction","target":["https:\/\/www.csj-emballages.com\/de\/produit\/250-flache-geschenkbeutel-goldfarben-kraftpapier-12-5-x-18-cm\/"]}]},{"@type":"ImageObject","inLanguage":"de","@id":"https:\/\/www.csj-emballages.com\/de\/produit\/250-flache-geschenkbeutel-goldfarben-kraftpapier-12-5-x-18-cm\/#primaryimage","url":"https:\/\/www.csj-emballages.com\/wp-content\/uploads\/2024\/09\/SC14518-1.webp","contentUrl":"https:\/\/www.csj-emballages.com\/wp-content\/uploads\/2024\/09\/SC14518-1.webp","width":800,"height":800,"caption":"Enveloppe cadeau"},{"@type":"BreadcrumbList","@id":"https:\/\/www.csj-emballages.com\/de\/produit\/250-flache-geschenkbeutel-goldfarben-kraftpapier-12-5-x-18-cm\/#breadcrumb","itemListElement":[{"@type":"ListItem","position":1,"name":"Accueil","item":"https:\/\/www.csj-emballages.com\/de\/universum-lebensmittelverpackungen\/"},{"@type":"ListItem","position":2,"name":"Shop","item":"https:\/\/www.csj-emballages.com\/shop\/"},{"@type":"ListItem","position":3,"name":"Geschenkumschlag Gold Kraft gerippt 12 + 5 x 18 cm, 250 St\u00fcck"}]},{"@type":"WebSite","@id":"https:\/\/www.csj-emballages.com\/de\/#website","url":"https:\/\/www.csj-emballages.com\/de\/","name":"CSJ Emballages","description":"","publisher":{"@id":"https:\/\/www.csj-emballages.com\/de\/#organization"},"potentialAction":[{"@type":"SearchAction","target":{"@type":"EntryPoint","urlTemplate":"https:\/\/www.csj-emballages.com\/de\/?s={search_term_string}"},"query-input":{"@type":"PropertyValueSpecification","valueRequired":true,"valueName":"search_term_string"}}],"inLanguage":"de"},{"@type":"Organization","@id":"https:\/\/www.csj-emballages.com\/de\/#Organization\/","name":"CSJ Emballages","url":"https:\/\/www.csj-emballages.com\/de\/","logo":{"@type":"ImageObject","inLanguage":"de","@id":"https:\/\/www.csj-emballages.com\/de\/#\/schema\/logo\/image\/","url":"https:\/\/www.csj-emballages.com\/wp-content\/uploads\/2023\/10\/logo_csj.webp","contentUrl":"https:\/\/www.csj-emballages.com\/wp-content\/uploads\/2023\/10\/logo_csj.webp","width":250,"height":95,"caption":"CSJ Emballages"},"image":{"@id":"https:\/\/www.csj-emballages.com\/de\/#\/schema\/logo\/image\/"},"sameAs":["https:\/\/www.facebook.com\/csjemballages"],"address":{"@type":"PostalAddress","streetAddress":"ZI La Lechere","addressLocality":"Patornay","postalCode":"39130","addressCountry":"FR"},"contactPoint":[{"@type":"ContactPoint","contactType":"Service client","telephone":"0384254272","email":"contact@csj-emballages.com"}]}]}},"df_price":7.16,"df_sale_price":7.16,"df_regular_price":8.95,"df_image_link":"https:\/\/www.csj-emballages.com\/wp-content\/uploads\/2024\/09\/SC14518-1-300x300.webp","tiered_pricing_type":"fixed","tiered_pricing_fixed_rules":[],"tiered_pricing_percentage_rules":[],"tiered_pricing_minimum":1,"tiered_pricing_roles_data":[],"_links":{"self":[{"href":"https:\/\/www.csj-emballages.com\/de\/wp-json\/wp\/v2\/product\/126188","targetHints":{"allow":["GET"]}}],"collection":[{"href":"https:\/\/www.csj-emballages.com\/de\/wp-json\/wp\/v2\/product"}],"about":[{"href":"https:\/\/www.csj-emballages.com\/de\/wp-json\/wp\/v2\/types\/product"}],"wp:featuredmedia":[{"embeddable":true,"href":"https:\/\/www.csj-emballages.com\/de\/wp-json\/wp\/v2\/media\/260593"}],"wp:attachment":[{"href":"https:\/\/www.csj-emballages.com\/de\/wp-json\/wp\/v2\/media?parent=126188"}],"wp:term":[{"taxonomy":"product_brand","embeddable":true,"href":"https:\/\/www.csj-emballages.com\/de\/wp-json\/wp\/v2\/product_brand?post=126188"},{"taxonomy":"product_cat","embeddable":true,"href":"https:\/\/www.csj-emballages.com\/de\/wp-json\/wp\/v2\/product_cat?post=126188"},{"taxonomy":"product_tag","embeddable":true,"href":"https:\/\/www.csj-emballages.com\/de\/wp-json\/wp\/v2\/product_tag?post=126188"}],"curies":[{"name":"wp","href":"https:\/\/api.w.org\/{rel}","templated":true}]}}