{"id":126172,"date":"2024-09-13T02:18:17","date_gmt":"2024-09-13T00:18:17","guid":{"rendered":"https:\/\/www.csj-emballages.com\/?post_type=product&#038;p=126172"},"modified":"2026-04-11T02:16:35","modified_gmt":"2026-04-11T00:16:35","slug":"100-vakuumbeutel-zur-aufbewahrung-glatt-schwarz-15-x-30-cm-90-%c2%b5","status":"publish","type":"product","link":"https:\/\/www.csj-emballages.com\/de\/produit\/100-vakuumbeutel-zur-aufbewahrung-glatt-schwarz-15-x-30-cm-90-%c2%b5\/","title":{"rendered":"Glatte schwarze Vakuumbeutel zur Aufbewahrung 15 x 30 cm 90 \u00b5 pro 100"},"content":{"rendered":"<div style=\"box-sizing: inherit; font-family: Roboto, sans-serif;\">\n<div style=\"box-sizing: inherit; font-family: Roboto, sans-serif;\">\n<div style=\"box-sizing: inherit; font-family: Roboto, sans-serif;\">\n<div style=\"box-sizing: inherit; font-family: Roboto, sans-serif;\">\n<div style=\"box-sizing: inherit; font-family: Roboto, sans-serif;\">\n<div style=\"box-sizing: inherit; font-family: Roboto, sans-serif;\">\n<div style=\"box-sizing: inherit; font-family: Roboto, sans-serif;\">\n<div style=\"box-sizing: inherit; font-family: Roboto, sans-serif;\">\n<div style=\"box-sizing: inherit; font-family: Roboto, sans-serif;\">\n<div style=\"box-sizing: inherit; font-family: Roboto, sans-serif;\">\n<div style=\"box-sizing: inherit; font-family: Roboto, sans-serif;\">\n<div style=\"box-sizing: inherit; font-family: Roboto, sans-serif;\">\n<div style=\"box-sizing: inherit; font-family: Roboto, sans-serif;\">\n<div class=\"flex flex-grow flex-col max-w-full\">\n<div class=\"min-h-[20px] text-message flex flex-col items-start whitespace-pre-wrap break-words [.text-message+&amp;]:mt-5 juice:w-full juice:items-end overflow-x-auto gap-2\" dir=\"auto\" data-message-author-role=\"assistant\" data-message-id=\"2034782e-88f9-44ef-b4dc-07dd7bf0115f\">\n<div class=\"flex w-full flex-col gap-1 juice:empty:hidden juice:first:pt-[3px]\">\n<div class=\"markdown prose w-full break-words dark:prose-invert light\">\n<div style=\"box-sizing: inherit; font-family: Roboto, sans-serif;\">\n<div style=\"box-sizing: inherit; font-family: Roboto, sans-serif;\">\n<div style=\"box-sizing: inherit; font-family: Roboto, sans-serif;\">\n<div style=\"box-sizing: inherit; font-family: Roboto, sans-serif;\">\n<div style=\"box-sizing: inherit; font-family: Roboto, sans-serif;\">\n<div style=\"box-sizing: inherit; font-family: Roboto, sans-serif;\">\n<h2>Vakuumbeutel<\/h2>\n<div style=\"box-sizing: inherit; font-family: Roboto, sans-serif;\">\n<div style=\"box-sizing: inherit; font-family: Roboto, sans-serif;\">\n<div style=\"box-sizing: inherit; font-family: Roboto, sans-serif;\">\n<div style=\"text-align: center;\">\n<div style=\"box-sizing: inherit; font-family: Roboto, sans-serif;\">\n<div style=\"box-sizing: inherit; font-family: Roboto, sans-serif;\">\n<div style=\"box-sizing: inherit; font-family: Roboto, sans-serif;\">\n<div style=\"box-sizing: inherit; font-family: Roboto, sans-serif;\">\n<div style=\"box-sizing: inherit; font-family: Roboto, sans-serif;\">\n<div style=\"box-sizing: inherit; font-family: Roboto, sans-serif; text-align: left;\">\n<hr>\n<h3 style=\"text-align: left;\">Beschreibung der glatten schwarzen 15 x 30 cm 90 \u00b5 Vakuumbeutel zur Aufbewahrung<!--more--><\/h3>\n<\/div>\n<\/div>\n<\/div>\n<\/div>\n<\/div>\n<\/div>\n<\/div>\n<\/div>\n<\/div>\n<\/div>\n<\/div>\n<\/div>\n<\/div>\n<\/div>\n<\/div>\n<\/div>\n<\/div>\n<\/div>\n<\/div>\n<\/div>\n<\/div>\n<\/div>\n<\/div>\n<\/div>\n<\/div>\n<\/div>\n<\/div>\n<\/div>\n<\/div>\n<\/div>\n<\/div>\n<\/div>\n<\/div>\n<p><strong>Vakuumbeutel<\/strong> sind eine ideale L\u00f6sung, um Ihre Lebensmittel haltbar zu machen und ihre Haltbarkeit zu verl\u00e4ngern. Ihr <strong>glattes<\/strong> <strong>schwarzes<\/strong> Kunststoffdesign mit einer Dicke von <strong>90 Mikron<\/strong> bietet optimalen Schutz vor Luft, Feuchtigkeit und \u00e4u\u00dferen Verunreinigungen und sorgt daf\u00fcr, dass Ihre Produkte ihre N\u00e4hr- und Geschmacksqualit\u00e4ten l\u00e4nger behalten. <\/p>\n<p>Die Verwendung von <strong>Lebensmittel-Vakuumbeuteln<\/strong> ist in Gro\u00dfk\u00fcchen besonders vorteilhaft. Dank ihrer Robustheit und <strong>glatten<\/strong> Textur sind diese<b> Vakuumbeutel<\/b> f\u00fcr die Verwendung mit <strong><span style=\"color: #ff0000;\">Maschinen unter der Glocke<\/span><\/strong>. Dar\u00fcber hinaus verleiht ihnen ihr schwarzes Design eine elegante Note.  <\/p>\n<p>&nbsp;<\/p>\n<p><!--more--><\/p>\n<div style=\"box-sizing: inherit; font-family: Roboto, sans-serif;\">\n<div style=\"box-sizing: inherit; font-family: Roboto, sans-serif;\">\n<div style=\"box-sizing: inherit; font-family: Roboto, sans-serif;\">\n<div style=\"box-sizing: inherit; font-family: Roboto, sans-serif;\">\n<div style=\"box-sizing: inherit; font-family: Roboto, sans-serif;\">\n<div style=\"box-sizing: inherit; font-family: Roboto, sans-serif;\">\n<div style=\"box-sizing: inherit; font-family: Roboto, sans-serif;\">\n<div style=\"box-sizing: inherit; font-family: Roboto, sans-serif;\">\n<div style=\"box-sizing: inherit; font-family: Roboto, sans-serif;\">\n<div style=\"box-sizing: inherit; font-family: Roboto, sans-serif;\">\n<div style=\"box-sizing: inherit; font-family: Roboto, sans-serif;\">\n<div style=\"box-sizing: inherit; font-family: Roboto, sans-serif;\">\n<div style=\"box-sizing: inherit; font-family: Roboto, sans-serif;\">\n<div class=\"flex flex-grow flex-col max-w-full\">\n<div class=\"min-h-[20px] text-message flex flex-col items-start whitespace-pre-wrap break-words [.text-message+&amp;]:mt-5 juice:w-full juice:items-end overflow-x-auto gap-2\" dir=\"auto\" data-message-author-role=\"assistant\" data-message-id=\"2034782e-88f9-44ef-b4dc-07dd7bf0115f\">\n<div class=\"flex w-full flex-col gap-1 juice:empty:hidden juice:first:pt-[3px]\">\n<div class=\"markdown prose w-full break-words dark:prose-invert light\">\n<div style=\"box-sizing: inherit; font-family: Roboto, sans-serif;\">\n<div style=\"box-sizing: inherit; font-family: Roboto, sans-serif;\">\n<div style=\"box-sizing: inherit; font-family: Roboto, sans-serif;\">\n<div style=\"box-sizing: inherit; font-family: Roboto, sans-serif;\">\n<div style=\"box-sizing: inherit; font-family: Roboto, sans-serif;\">\n<div style=\"box-sizing: inherit; font-family: Roboto, sans-serif;\">\n<p>Schwarze <strong>Vakuumbeutel<\/strong> bieten auch einen nicht zu untersch\u00e4tzenden \u00e4sthetischen Vorteil. Durch ihre dunkle Farbe heben sie sich von anderen Arten von Vakuumbeuteln auf dem Markt ab. Egal, ob Sie in der Gastronomie oder als Privatperson t\u00e4tig sind, diese Beutel sind eine vielseitige und langlebige Wahl f\u00fcr die Lagerung von Lebensmitteln.  <\/p>\n<p>Schlie\u00dflich werden sie in Packungen zu 100 St\u00fcck verkauft sind auch umweltfreundlich, da sie die Lebensmittelverschwendung reduzieren. Indem Sie die Haltbarkeit Ihrer Produkte optimieren, reduzieren Sie den Abfall. <\/p>\n<p>Zusammenfassend l\u00e4sst sich sagen, dass die <strong>glatten schwarzen Vakuum-Aufbewahrungsbeutel<\/strong> eine praktische, effiziente und \u00e4sthetische Wahl sind.<\/p>\n<p>&nbsp;<\/p>\n<p><!--more--><\/p>\n<h4 style=\"text-align: left;\"><strong>Die Vorteile der schwarzen glatten Vakuumbeutel :<\/strong><\/h4>\n<ul style=\"text-align: left;\">\n<li><strong>L\u00e4ngere Haltbarkeit<\/strong>: <strong>Vakuumbeutel<\/strong> entfernen die Luft und verlangsamen die Oxidation, wodurch die Lebensmittel l\u00e4nger haltbar sind.<\/li>\n<li><strong>Reduzierung von Verschwendung<\/strong>: Durch die Verl\u00e4ngerung der Haltbarkeit von Produkten tragen diese <strong>Vakuumbeutel f\u00fcr Lebensmittel<\/strong> zur Minimierung von Verschwendung bei.<\/li>\n<li><strong>\u00c4sthetik<\/strong>: Die transparente Vorderseite erm\u00f6glicht die Sichtbarkeit des Produkts, w\u00e4hrend die andere, schwarze Oberfl\u00e4che dem Produkt ein attraktiveres Aussehen verleiht.<\/li>\n<\/ul>\n<\/div>\n<\/div>\n<\/div>\n<\/div>\n<\/div>\n<\/div>\n<\/div>\n<\/div>\n<\/div>\n<\/div>\n<\/div>\n<\/div>\n<p>&nbsp;<\/p>\n<\/div>\n<\/div>\n<\/div>\n<\/div>\n<\/div>\n<\/div>\n<\/div>\n<\/div>\n<\/div>\n<\/div>\n<\/div>\n<p><!--more--><\/p>\n<h4>Weitere Informationen :<\/h4>\n<ul style=\"box-sizing: inherit; font-family: Roboto, sans-serif;\">\n<li><strong>Verpackung<\/strong>: Packung mit 100 St\u00fcck<\/li>\n<li><b>Kompatibilit\u00e4t: <\/b>Nur f\u00fcr Maschinen unter der Haube geeignet.<\/li>\n<li><span style=\"font-weight: bold;\">Gr\u00f6\u00dfe<\/span>: 15 x 30 cm<\/li>\n<li><strong>Material<\/strong>: PA\/PE (20\/70)<\/li>\n<li><strong>Hei\u00dfsiegelbar<\/strong>: Ja<\/li>\n<li><strong>Schrumpfbar<\/strong>: Nein<\/li>\n<li><strong>Schwei\u00dfnaht<\/strong>: 3 Seiten \/ \u00d6ffnung \u00fcber die Breite<\/li>\n<li>BPA-freie (Bisphenol A) Taschen<\/li>\n<li><strong>Betriebstemperatur<\/strong>: -50 \u00b0C \/ +70 \u00b0C<\/li>\n<\/ul>\n<p>&nbsp;<\/p>\n<p><!--more--><\/p>\n<p>Hier finden Sie die Goldplatten, die f\u00fcr diese Vakuumbeutel entwickelt wurden : <span style=\"color: #d12727;\"><a style=\"color: #d12727;\" href=\"https:\/\/www.csj-emballages.com\/produit\/plaque-or-sac-sous-vide-bords-arrondis-120-x-200-mm-par-200\/\">PLAQ1220<\/a><\/span><\/p>\n<p>&nbsp;<\/p>\n<p><!--more--><\/p>\n<p>Dieses Produkt ist in verschiedenen Gr\u00f6\u00dfen erh\u00e4ltlich : <span style=\"color: #d12727;\"><a style=\"color: #d12727;\" href=\"https:\/\/www.csj-emballages.com\/pt-pt\/produit\/100-sacos-de-vacuo-pretos-lisos-15-x-20-cm-90-%c2%b5\/\">15 x 20 cm<\/a><\/span> \/ <span style=\"color: #d12727;\"><a style=\"color: #d12727;\" href=\"https:\/\/www.csj-emballages.com\/pt-pt\/produit\/100-sacos-de-vacuo-pretos-lisos-20-x-20-cm-90-%c2%b5\/\">20 x 20 cm<\/a><\/span> \/ <span style=\"color: #d12727;\"><a style=\"color: #d12727;\" href=\"https:\/\/www.csj-emballages.com\/pt-pt\/produit\/100-sacos-de-vacuo-pretos-lisos-20-x-25-cm-90-%c2%b5\/\">20 x 25 cm<\/a><\/span> \/ <span style=\"color: #d12727;\"><a style=\"color: #d12727;\" href=\"https:\/\/www.csj-emballages.com\/pt-pt\/produit\/100-sacos-de-vacuo-pretos-lisos-20-x-30-cm-90-%c2%b5\/\">20 x 30 cm<\/a><\/span> \/ <span style=\"color: #d12727;\"><a style=\"color: #d12727;\" href=\"https:\/\/www.csj-emballages.com\/pt-pt\/produit\/100-sacos-de-vacuo-pretos-lisos-25-x-35-cm-90-%c2%b5\/\">25 x 35 cm<\/a><\/span> \/ <span style=\"color: #d12727;\"><a style=\"color: #d12727;\" href=\"https:\/\/www.csj-emballages.com\/pt-pt\/produit\/saco-de-vacuo-preto-liso-30-x-40-cm-90-%c2%b5-por-100\/\">30 x 40 cm<\/a><\/span> \/ <span style=\"color: #d12727;\"><a style=\"color: #d12727;\" href=\"https:\/\/www.csj-emballages.com\/pt-pt\/produit\/saco-de-vacuo-liso-preto-35-x-45-cm-90-%c2%b5-por-100\/\">35 x 45 cm<\/a><\/span><\/p>\n<p>&nbsp;<\/p>\n<p style=\"text-align: left;\"><!--more--><\/p>\n<p><a href=\"https:\/\/www.csj-emballages.com\/de\/categorie-produit\/lebensmittelverpackungen\/metzgerei-und-feinkostgeschaft\/sacke-und-beutel\/vakuumbeutel\/glatte-schwarze-vakuumbeutel\/\">Sehen Sie sich den Rest unseres Sortiments an glatten schwarzen Vakuumbeuteln an.<\/a><\/p>\n","protected":false},"excerpt":{"rendered":"<p>Vakuumbeutel Beschreibung der glatten schwarzen 15 x 30 cm 90 \u00b5 Vakuumbeutel zur Aufbewahrung<\/p>\n","protected":false},"featured_media":143737,"template":"","meta":{"_acf_changed":false},"product_brand":[],"product_cat":[1137,1170,3962,1235,1599],"product_tag":[],"class_list":{"0":"post-126172","1":"product","2":"type-product","3":"status-publish","4":"has-post-thumbnail","6":"product_cat-lebensmittelverpackungen","7":"product_cat-metzgerei-und-feinkostgeschaft","8":"product_cat-sacke-und-beutel","9":"product_cat-vakuumbeutel","10":"product_cat-glatte-schwarze-vakuumbeutel","12":"first","13":"instock","14":"taxable","15":"shipping-taxable","16":"purchasable","17":"product-type-simple"},"acf":[],"yoast_head":"<!-- This site is optimized with the Yoast SEO Premium plugin v26.6 (Yoast SEO v26.6) - https:\/\/yoast.com\/wordpress\/plugins\/seo\/ -->\n<title>Glatte Vakuumbeutel schwarz 15x30cm - 90\u00b5<\/title>\n<meta name=\"description\" content=\"Glatte schwarze Vakuumbeutel zur Aufbewahrung 15 x 30 cm 90 \u00b5, 100 St\u00fcck, ideal, um Lebensmittel l\u00e4nger frisch zu halten und Abfall zu reduzieren.\" \/>\n<meta name=\"robots\" content=\"index, follow, max-snippet:-1, max-image-preview:large, max-video-preview:-1\" \/>\n<link rel=\"canonical\" href=\"https:\/\/www.csj-emballages.com\/de\/produit\/100-vakuumbeutel-zur-aufbewahrung-glatt-schwarz-15-x-30-cm-90-%c2%b5\/\" \/>\n<meta property=\"og:locale\" content=\"de_DE\" \/>\n<meta property=\"og:type\" content=\"article\" \/>\n<meta property=\"og:title\" content=\"Glatte Vakuumbeutel schwarz 15x30cm - 90\u00b5\" \/>\n<meta property=\"og:description\" content=\"Glatte schwarze Vakuumbeutel zur Aufbewahrung 15 x 30 cm 90 \u00b5, 100 St\u00fcck, ideal, um Lebensmittel l\u00e4nger frisch zu halten und Abfall zu reduzieren.\" \/>\n<meta property=\"og:url\" content=\"https:\/\/www.csj-emballages.com\/de\/produit\/100-vakuumbeutel-zur-aufbewahrung-glatt-schwarz-15-x-30-cm-90-%c2%b5\/\" \/>\n<meta property=\"og:site_name\" content=\"CSJ Emballages\" \/>\n<meta property=\"article:publisher\" content=\"https:\/\/www.facebook.com\/csjemballages\" \/>\n<meta property=\"article:modified_time\" content=\"2026-04-11T00:16:35+00:00\" \/>\n<meta property=\"og:image\" content=\"https:\/\/www.csj-emballages.com\/wp-content\/uploads\/2024\/03\/Capture-decran-2023-10-18-a-15.22.34-e1729756422239.png\" \/>\n\t<meta property=\"og:image:width\" content=\"605\" \/>\n\t<meta property=\"og:image:height\" content=\"654\" \/>\n\t<meta property=\"og:image:type\" content=\"image\/png\" \/>\n<meta name=\"twitter:card\" content=\"summary_large_image\" \/>\n<meta name=\"twitter:title\" content=\"Glatte Vakuumbeutel schwarz 15x30cm - 90\u00b5\" \/>\n<meta name=\"twitter:description\" content=\"Glatte schwarze Vakuumbeutel zur Aufbewahrung 15 x 30 cm 90 \u00b5, 100 St\u00fcck, ideal, um Lebensmittel l\u00e4nger frisch zu halten und Abfall zu reduzieren.\" \/>\n<meta name=\"twitter:label1\" content=\"Gesch\u00e4tzte Lesezeit\" \/>\n\t<meta name=\"twitter:data1\" content=\"2 Minuten\" \/>\n<script type=\"application\/ld+json\" class=\"yoast-schema-graph\">{\"@context\":\"https:\/\/schema.org\",\"@graph\":[{\"@type\":\"WebPage\",\"@id\":\"https:\/\/www.csj-emballages.com\/de\/produit\/100-vakuumbeutel-zur-aufbewahrung-glatt-schwarz-15-x-30-cm-90-%c2%b5\/\",\"url\":\"https:\/\/www.csj-emballages.com\/de\/produit\/100-vakuumbeutel-zur-aufbewahrung-glatt-schwarz-15-x-30-cm-90-%c2%b5\/\",\"name\":\"Glatte Vakuumbeutel schwarz 15x30cm - 90\u00b5\",\"isPartOf\":{\"@id\":\"https:\/\/www.csj-emballages.com\/de\/#website\"},\"primaryImageOfPage\":{\"@id\":\"https:\/\/www.csj-emballages.com\/de\/produit\/100-vakuumbeutel-zur-aufbewahrung-glatt-schwarz-15-x-30-cm-90-%c2%b5\/#primaryimage\"},\"image\":{\"@id\":\"https:\/\/www.csj-emballages.com\/de\/produit\/100-vakuumbeutel-zur-aufbewahrung-glatt-schwarz-15-x-30-cm-90-%c2%b5\/#primaryimage\"},\"thumbnailUrl\":\"https:\/\/www.csj-emballages.com\/wp-content\/uploads\/2024\/03\/Capture-decran-2023-10-18-a-15.22.34-e1729756422239.png\",\"datePublished\":\"2024-09-13T00:18:17+00:00\",\"dateModified\":\"2026-04-11T00:16:35+00:00\",\"description\":\"Glatte schwarze Vakuumbeutel zur Aufbewahrung 15 x 30 cm 90 \u00b5, 100 St\u00fcck, ideal, um Lebensmittel l\u00e4nger frisch zu halten und Abfall zu reduzieren.\",\"breadcrumb\":{\"@id\":\"https:\/\/www.csj-emballages.com\/de\/produit\/100-vakuumbeutel-zur-aufbewahrung-glatt-schwarz-15-x-30-cm-90-%c2%b5\/#breadcrumb\"},\"inLanguage\":\"de\",\"potentialAction\":[{\"@type\":\"ReadAction\",\"target\":[\"https:\/\/www.csj-emballages.com\/de\/produit\/100-vakuumbeutel-zur-aufbewahrung-glatt-schwarz-15-x-30-cm-90-%c2%b5\/\"]}]},{\"@type\":\"ImageObject\",\"inLanguage\":\"de\",\"@id\":\"https:\/\/www.csj-emballages.com\/de\/produit\/100-vakuumbeutel-zur-aufbewahrung-glatt-schwarz-15-x-30-cm-90-%c2%b5\/#primaryimage\",\"url\":\"https:\/\/www.csj-emballages.com\/wp-content\/uploads\/2024\/03\/Capture-decran-2023-10-18-a-15.22.34-e1729756422239.png\",\"contentUrl\":\"https:\/\/www.csj-emballages.com\/wp-content\/uploads\/2024\/03\/Capture-decran-2023-10-18-a-15.22.34-e1729756422239.png\",\"width\":605,\"height\":654,\"caption\":\"sacs sous vide\"},{\"@type\":\"BreadcrumbList\",\"@id\":\"https:\/\/www.csj-emballages.com\/de\/produit\/100-vakuumbeutel-zur-aufbewahrung-glatt-schwarz-15-x-30-cm-90-%c2%b5\/#breadcrumb\",\"itemListElement\":[{\"@type\":\"ListItem\",\"position\":1,\"name\":\"Accueil\",\"item\":\"https:\/\/www.csj-emballages.com\/de\/universum-lebensmittelverpackungen\/\"},{\"@type\":\"ListItem\",\"position\":2,\"name\":\"Shop\",\"item\":\"https:\/\/www.csj-emballages.com\/shop\/\"},{\"@type\":\"ListItem\",\"position\":3,\"name\":\"Glatte schwarze Vakuumbeutel zur Aufbewahrung 15 x 30 cm 90 \u00b5 pro 100\"}]},{\"@type\":\"WebSite\",\"@id\":\"https:\/\/www.csj-emballages.com\/de\/#website\",\"url\":\"https:\/\/www.csj-emballages.com\/de\/\",\"name\":\"CSJ Emballages\",\"description\":\"\",\"publisher\":{\"@id\":\"https:\/\/www.csj-emballages.com\/de\/#organization\"},\"potentialAction\":[{\"@type\":\"SearchAction\",\"target\":{\"@type\":\"EntryPoint\",\"urlTemplate\":\"https:\/\/www.csj-emballages.com\/de\/?s={search_term_string}\"},\"query-input\":{\"@type\":\"PropertyValueSpecification\",\"valueRequired\":true,\"valueName\":\"search_term_string\"}}],\"inLanguage\":\"de\"},{\"@type\":\"Organization\",\"@id\":\"https:\/\/www.csj-emballages.com\/de\/#Organization\/\",\"name\":\"CSJ Emballages\",\"url\":\"https:\/\/www.csj-emballages.com\/de\/\",\"logo\":{\"@type\":\"ImageObject\",\"inLanguage\":\"de\",\"@id\":\"https:\/\/www.csj-emballages.com\/de\/#\/schema\/logo\/image\/\",\"url\":\"https:\/\/www.csj-emballages.com\/wp-content\/uploads\/2023\/10\/logo_csj.webp\",\"contentUrl\":\"https:\/\/www.csj-emballages.com\/wp-content\/uploads\/2023\/10\/logo_csj.webp\",\"width\":250,\"height\":95,\"caption\":\"CSJ Emballages\"},\"image\":{\"@id\":\"https:\/\/www.csj-emballages.com\/de\/#\/schema\/logo\/image\/\"},\"sameAs\":[\"https:\/\/www.facebook.com\/csjemballages\"],\"address\":{\"@type\":\"PostalAddress\",\"streetAddress\":\"ZI La Lechere\",\"addressLocality\":\"Patornay\",\"postalCode\":\"39130\",\"addressCountry\":\"FR\"},\"contactPoint\":[{\"@type\":\"ContactPoint\",\"contactType\":\"Service client\",\"telephone\":\"0384254272\",\"email\":\"contact@csj-emballages.com\"}]}]}<\/script>\n<!-- \/ Yoast SEO Premium plugin. -->","yoast_head_json":{"title":"Glatte Vakuumbeutel schwarz 15x30cm - 90\u00b5","description":"Glatte schwarze Vakuumbeutel zur Aufbewahrung 15 x 30 cm 90 \u00b5, 100 St\u00fcck, ideal, um Lebensmittel l\u00e4nger frisch zu halten und Abfall zu reduzieren.","robots":{"index":"index","follow":"follow","max-snippet":"max-snippet:-1","max-image-preview":"max-image-preview:large","max-video-preview":"max-video-preview:-1"},"canonical":"https:\/\/www.csj-emballages.com\/de\/produit\/100-vakuumbeutel-zur-aufbewahrung-glatt-schwarz-15-x-30-cm-90-%c2%b5\/","og_locale":"de_DE","og_type":"article","og_title":"Glatte Vakuumbeutel schwarz 15x30cm - 90\u00b5","og_description":"Glatte schwarze Vakuumbeutel zur Aufbewahrung 15 x 30 cm 90 \u00b5, 100 St\u00fcck, ideal, um Lebensmittel l\u00e4nger frisch zu halten und Abfall zu reduzieren.","og_url":"https:\/\/www.csj-emballages.com\/de\/produit\/100-vakuumbeutel-zur-aufbewahrung-glatt-schwarz-15-x-30-cm-90-%c2%b5\/","og_site_name":"CSJ Emballages","article_publisher":"https:\/\/www.facebook.com\/csjemballages","article_modified_time":"2026-04-11T00:16:35+00:00","og_image":[{"width":605,"height":654,"url":"https:\/\/www.csj-emballages.com\/wp-content\/uploads\/2024\/03\/Capture-decran-2023-10-18-a-15.22.34-e1729756422239.png","type":"image\/png"}],"twitter_card":"summary_large_image","twitter_title":"Glatte Vakuumbeutel schwarz 15x30cm - 90\u00b5","twitter_description":"Glatte schwarze Vakuumbeutel zur Aufbewahrung 15 x 30 cm 90 \u00b5, 100 St\u00fcck, ideal, um Lebensmittel l\u00e4nger frisch zu halten und Abfall zu reduzieren.","twitter_misc":{"Gesch\u00e4tzte Lesezeit":"2 Minuten"},"schema":{"@context":"https:\/\/schema.org","@graph":[{"@type":"WebPage","@id":"https:\/\/www.csj-emballages.com\/de\/produit\/100-vakuumbeutel-zur-aufbewahrung-glatt-schwarz-15-x-30-cm-90-%c2%b5\/","url":"https:\/\/www.csj-emballages.com\/de\/produit\/100-vakuumbeutel-zur-aufbewahrung-glatt-schwarz-15-x-30-cm-90-%c2%b5\/","name":"Glatte Vakuumbeutel schwarz 15x30cm - 90\u00b5","isPartOf":{"@id":"https:\/\/www.csj-emballages.com\/de\/#website"},"primaryImageOfPage":{"@id":"https:\/\/www.csj-emballages.com\/de\/produit\/100-vakuumbeutel-zur-aufbewahrung-glatt-schwarz-15-x-30-cm-90-%c2%b5\/#primaryimage"},"image":{"@id":"https:\/\/www.csj-emballages.com\/de\/produit\/100-vakuumbeutel-zur-aufbewahrung-glatt-schwarz-15-x-30-cm-90-%c2%b5\/#primaryimage"},"thumbnailUrl":"https:\/\/www.csj-emballages.com\/wp-content\/uploads\/2024\/03\/Capture-decran-2023-10-18-a-15.22.34-e1729756422239.png","datePublished":"2024-09-13T00:18:17+00:00","dateModified":"2026-04-11T00:16:35+00:00","description":"Glatte schwarze Vakuumbeutel zur Aufbewahrung 15 x 30 cm 90 \u00b5, 100 St\u00fcck, ideal, um Lebensmittel l\u00e4nger frisch zu halten und Abfall zu reduzieren.","breadcrumb":{"@id":"https:\/\/www.csj-emballages.com\/de\/produit\/100-vakuumbeutel-zur-aufbewahrung-glatt-schwarz-15-x-30-cm-90-%c2%b5\/#breadcrumb"},"inLanguage":"de","potentialAction":[{"@type":"ReadAction","target":["https:\/\/www.csj-emballages.com\/de\/produit\/100-vakuumbeutel-zur-aufbewahrung-glatt-schwarz-15-x-30-cm-90-%c2%b5\/"]}]},{"@type":"ImageObject","inLanguage":"de","@id":"https:\/\/www.csj-emballages.com\/de\/produit\/100-vakuumbeutel-zur-aufbewahrung-glatt-schwarz-15-x-30-cm-90-%c2%b5\/#primaryimage","url":"https:\/\/www.csj-emballages.com\/wp-content\/uploads\/2024\/03\/Capture-decran-2023-10-18-a-15.22.34-e1729756422239.png","contentUrl":"https:\/\/www.csj-emballages.com\/wp-content\/uploads\/2024\/03\/Capture-decran-2023-10-18-a-15.22.34-e1729756422239.png","width":605,"height":654,"caption":"sacs sous vide"},{"@type":"BreadcrumbList","@id":"https:\/\/www.csj-emballages.com\/de\/produit\/100-vakuumbeutel-zur-aufbewahrung-glatt-schwarz-15-x-30-cm-90-%c2%b5\/#breadcrumb","itemListElement":[{"@type":"ListItem","position":1,"name":"Accueil","item":"https:\/\/www.csj-emballages.com\/de\/universum-lebensmittelverpackungen\/"},{"@type":"ListItem","position":2,"name":"Shop","item":"https:\/\/www.csj-emballages.com\/shop\/"},{"@type":"ListItem","position":3,"name":"Glatte schwarze Vakuumbeutel zur Aufbewahrung 15 x 30 cm 90 \u00b5 pro 100"}]},{"@type":"WebSite","@id":"https:\/\/www.csj-emballages.com\/de\/#website","url":"https:\/\/www.csj-emballages.com\/de\/","name":"CSJ Emballages","description":"","publisher":{"@id":"https:\/\/www.csj-emballages.com\/de\/#organization"},"potentialAction":[{"@type":"SearchAction","target":{"@type":"EntryPoint","urlTemplate":"https:\/\/www.csj-emballages.com\/de\/?s={search_term_string}"},"query-input":{"@type":"PropertyValueSpecification","valueRequired":true,"valueName":"search_term_string"}}],"inLanguage":"de"},{"@type":"Organization","@id":"https:\/\/www.csj-emballages.com\/de\/#Organization\/","name":"CSJ Emballages","url":"https:\/\/www.csj-emballages.com\/de\/","logo":{"@type":"ImageObject","inLanguage":"de","@id":"https:\/\/www.csj-emballages.com\/de\/#\/schema\/logo\/image\/","url":"https:\/\/www.csj-emballages.com\/wp-content\/uploads\/2023\/10\/logo_csj.webp","contentUrl":"https:\/\/www.csj-emballages.com\/wp-content\/uploads\/2023\/10\/logo_csj.webp","width":250,"height":95,"caption":"CSJ Emballages"},"image":{"@id":"https:\/\/www.csj-emballages.com\/de\/#\/schema\/logo\/image\/"},"sameAs":["https:\/\/www.facebook.com\/csjemballages"],"address":{"@type":"PostalAddress","streetAddress":"ZI La Lechere","addressLocality":"Patornay","postalCode":"39130","addressCountry":"FR"},"contactPoint":[{"@type":"ContactPoint","contactType":"Service client","telephone":"0384254272","email":"contact@csj-emballages.com"}]}]}},"df_price":7.91,"df_sale_price":"","df_regular_price":7.91,"df_image_link":"https:\/\/www.csj-emballages.com\/wp-content\/uploads\/2024\/03\/Capture-decran-2023-10-18-a-15.22.34-278x300.png","tiered_pricing_type":"fixed","tiered_pricing_fixed_rules":[],"tiered_pricing_percentage_rules":[],"tiered_pricing_minimum":1,"tiered_pricing_roles_data":[],"_links":{"self":[{"href":"https:\/\/www.csj-emballages.com\/de\/wp-json\/wp\/v2\/product\/126172","targetHints":{"allow":["GET"]}}],"collection":[{"href":"https:\/\/www.csj-emballages.com\/de\/wp-json\/wp\/v2\/product"}],"about":[{"href":"https:\/\/www.csj-emballages.com\/de\/wp-json\/wp\/v2\/types\/product"}],"wp:featuredmedia":[{"embeddable":true,"href":"https:\/\/www.csj-emballages.com\/de\/wp-json\/wp\/v2\/media\/143737"}],"wp:attachment":[{"href":"https:\/\/www.csj-emballages.com\/de\/wp-json\/wp\/v2\/media?parent=126172"}],"wp:term":[{"taxonomy":"product_brand","embeddable":true,"href":"https:\/\/www.csj-emballages.com\/de\/wp-json\/wp\/v2\/product_brand?post=126172"},{"taxonomy":"product_cat","embeddable":true,"href":"https:\/\/www.csj-emballages.com\/de\/wp-json\/wp\/v2\/product_cat?post=126172"},{"taxonomy":"product_tag","embeddable":true,"href":"https:\/\/www.csj-emballages.com\/de\/wp-json\/wp\/v2\/product_tag?post=126172"}],"curies":[{"name":"wp","href":"https:\/\/api.w.org\/{rel}","templated":true}]}}