{"id":126160,"date":"2024-09-06T02:18:23","date_gmt":"2024-09-06T00:18:23","guid":{"rendered":"https:\/\/www.csj-emballages.com\/produit\/6-salatschuesseln-aus-kristallplastik-4500ml\/"},"modified":"2026-05-08T02:15:39","modified_gmt":"2026-05-08T00:15:39","slug":"6-salatschuesseln-aus-kristallplastik-4500ml","status":"publish","type":"product","link":"https:\/\/www.csj-emballages.com\/de\/produit\/6-salatschuesseln-aus-kristallplastik-4500ml\/","title":{"rendered":"Plastiksalatsch\u00fcssel Kristall 4500ml pro 6"},"content":{"rendered":"<h2>Salatsch\u00fcssel aus Kunststoff<\/h2>\n<hr>\n<h3>Beschreibung unserer Plastiksch\u00fcssel Kristall 4500 ml pro 6<\/h3>\n<p><!--more--><\/p>\n<div class=\"flex max-w-full flex-col flex-grow\">\n<div class=\"min-h-8 text-message flex w-full flex-col items-end gap-2 whitespace-normal break-words text-start [.text-message+&amp;]:mt-5\" dir=\"auto\" data-message-author-role=\"assistant\" data-message-id=\"266ca6f3-5e07-4948-bd20-80ac5e6da4a5\" data-message-model-slug=\"gpt-4o\">\n<div class=\"flex w-full flex-col gap-1 empty:hidden first:pt-[3px]\">\n<div class=\"markdown prose w-full break-words dark:prose-invert dark\">\n<p>Diese kristallklare <strong>Plastiksch\u00fcssel<\/strong>, die f\u00fcr <strong>Caterer<\/strong>, <strong>Restaurants<\/strong> oder sogar f\u00fcr den <strong>Hausgebrauch<\/strong> konzipiert wurde, vereint <strong>Eleganz<\/strong> und <strong>Praktikabilit\u00e4t<\/strong>. Mit einem gro\u00dfz\u00fcgigen Fassungsverm\u00f6gen von <strong>4500 ml<\/strong> ist sie n\u00e4mlich ideal, um Ihre kalten Zubereitungen sicher zu pr\u00e4sentieren und zu transportieren. <\/p>\n<article class=\"w-full scroll-mb-[var(--thread-trailing-height,150px)] text-token-text-primary focus-visible:outline-2 focus-visible:outline-offset-[-4px]\" dir=\"auto\" data-testid=\"conversation-turn-5\" data-scroll-anchor=\"false\">\n<div class=\"m-auto text-base py-[18px] px-3 md:px-4 w-full md:px-5 lg:px-4 xl:px-5\">\n<div class=\"mx-auto flex flex-1 gap-4 text-base md:gap-5 lg:gap-6 md:max-w-3xl lg:max-w-[40rem] xl:max-w-[48rem]\">\n<div class=\"group\/conversation-turn relative flex w-full min-w-0 flex-col agent-turn\">\n<div class=\"flex-col gap-1 md:gap-3\">\n<div class=\"flex max-w-full flex-col flex-grow\">\n<div class=\"min-h-8 text-message flex w-full flex-col items-end gap-2 whitespace-normal break-words text-start [.text-message+&amp;]:mt-5\" dir=\"auto\" data-message-author-role=\"assistant\" data-message-id=\"98a91a6a-6202-4e0c-ad85-3389b1f6ea8a\" data-message-model-slug=\"gpt-4o\">\n<div class=\"flex w-full flex-col gap-1 empty:hidden first:pt-[3px]\">\n<div class=\"markdown prose w-full break-words dark:prose-invert dark\">\n<p>Kurz gesagt, ob f\u00fcr ein <strong>Buffet<\/strong>, ein <strong>Essen zum Mitnehmen<\/strong> oder ein einfaches Abendessen mit Freunden, diese vielseitige und \u00e4sthetische <strong>Kunststoffsch\u00fcssel<\/strong> erf\u00fcllt Ihre Bed\u00fcrfnisse <strong>zuverl\u00e4ssig<\/strong> und mit <strong>Stil<\/strong>.<\/p>\n<p>&nbsp;<\/p>\n<\/div>\n<p><!--more--><\/p>\n<p><span style=\"color: #ff0000;\"><a style=\"color: #ff0000;\" href=\"https:\/\/www.csj-emballages.com\/pt-pt\/produit\/6-tampas-para-saladeiras-de-plastico-cristal-de-4500-ml-sa4500\/\"><strong>*Deckel separat erh\u00e4ltlich<\/strong><\/a><\/span><\/p>\n<\/div>\n<\/div>\n<\/div>\n<\/div>\n<\/div>\n<\/div>\n<\/div>\n<\/article>\n<\/div>\n<\/div>\n<\/div>\n<\/div>\n<p>&nbsp;<\/p>\n<p><!--more--><\/p>\n<h4>Seine Vorteile :<\/h4>\n<ul>\n<li><strong>Gro\u00dfes Fassungsverm\u00f6gen<\/strong>: Mit 4500 ml ist diese Sch\u00fcssel perfekt f\u00fcr gro\u00dfz\u00fcgige Portionen, ideal f\u00fcr Gemeinschaftsessen oder Buffets.<\/li>\n<li><strong>Elegante Pr\u00e4sentation<\/strong>: Die Transparenz bringt Ihre Zubereitungen zur Geltung, ob es sich nun um bunte Salate, Fertiggerichte oder appetitliche Desserts handelt.<\/li>\n<li><strong>Robust und leicht<\/strong>: Hergestellt aus APET ist er sto\u00dffest, aber dennoch leicht und einfach zu handhaben.<\/li>\n<li><strong>Vielseitig<\/strong> verwendbar: Geeignet f\u00fcr kalte und leicht warme Speisen (+70\u00b0C), was ihn zu einer praktischen Wahl f\u00fcr verschiedene Zubereitungen macht.<\/li>\n<li><strong>Geeignet f\u00fcr den Transport<\/strong>: Kompatibel mit Deckeln (<span style=\"color: #d12727;\"><a style=\"color: #d12727;\" href=\"https:\/\/www.csj-emballages.com\/pt-pt\/produit\/6-tampas-para-saladeiras-de-plastico-cristal-de-4500-ml-sa4500\/\">Klicken Sie hier<\/a><\/span>), sichert er Ihre Gerichte w\u00e4hrend des Transports und sch\u00fctzt sie.<\/li>\n<\/ul>\n<p>&nbsp;<\/p>\n<p><!--more--><\/p>\n<h4>Weitere Informationen :<\/h4>\n<ul>\n<li><strong>Verpackung<\/strong>: Packung mit 6 St\u00fcck<\/li>\n<li><strong>Ma\u00dfe<\/strong>: 305 x 116 ( \u00d8 x H in mm)<\/li>\n<li><strong>Material<\/strong>: Virgin Polyethylenterephthalat (APET)<\/li>\n<li><strong>Volumen<\/strong>: 4500 ml<\/li>\n<li><strong>Nutzung<\/strong>: Kalt<\/li>\n<li><strong>Betriebstemperatur<\/strong>: -40\u00b0C\/+70\u00b0C<\/li>\n<\/ul>\n<p>&nbsp;<\/p>\n<p><!--more--><\/p>\n<p>Hier finden Sie den Deckel, der mit diesem separat verkauften Produkt kompatibel ist : <span style=\"color: #d12727;\"><a style=\"color: #d12727;\" href=\"https:\/\/www.csj-emballages.com\/pt-pt\/produit\/6-tampas-para-saladeiras-de-plastico-cristal-de-4500-ml-sa4500\/\">COUVSA4500<\/a><\/span><\/p>\n<p>&nbsp;<\/p>\n<p><!--more--><\/p>\n<p>Diese Salatsch\u00fcssel ist auch in 22500 ml erh\u00e4ltlich : <span style=\"color: #d12727;\"><a style=\"color: #d12727;\" href=\"https:\/\/www.csj-emballages.com\/pt-pt\/produit\/25-saladeira-de-plastico-cristal-2250ml\/\">SA2250<\/a><\/span><\/p>\n<p>&nbsp;<\/p>\n<p><!--more--><\/p>\n<p><a href=\"\/?product_cat=saladiers\">Sehen Sie sich den Rest unseres Sortiments an Salatsch\u00fcsseln aus Kunststoff an.<\/a><\/p>\n","protected":false},"excerpt":{"rendered":"<p>Salatsch\u00fcssel aus Kunststoff Beschreibung unserer Plastiksch\u00fcssel Kristall 4500 ml pro 6<\/p>\n","protected":false},"featured_media":221032,"template":"","meta":{"_acf_changed":false},"product_brand":[],"product_cat":[1137,1170,2277,1513,2466],"product_tag":[],"class_list":{"0":"post-126160","1":"product","2":"type-product","3":"status-publish","4":"has-post-thumbnail","6":"product_cat-lebensmittelverpackungen","7":"product_cat-metzgerei-und-feinkostgeschaft","8":"product_cat-schalen-dosen-und-glaser","9":"product_cat-schalen-dosen-glaser-fur-lebensmittel","10":"product_cat-salatschusseln","12":"first","13":"instock","14":"taxable","15":"shipping-taxable","16":"purchasable","17":"product-type-simple"},"acf":[],"yoast_head":"<!-- This site is optimized with the Yoast SEO Premium plugin v26.6 (Yoast SEO v26.6) - https:\/\/yoast.com\/wordpress\/plugins\/seo\/ -->\n<title>Salatsch\u00fcssel aus Kristallplastik - 4500ml<\/title>\n<meta name=\"description\" content=\"Sch\u00fcssel aus Kristallplastik 4500 ml, ideal f\u00fcr Caterer, Restaurants und Privathaushalte. Gro\u00dfes Fassungsverm\u00f6gen und robust f\u00fcr die Pr\u00e4sentation Ihrer kalten Speisen.\" \/>\n<meta name=\"robots\" content=\"index, follow, max-snippet:-1, max-image-preview:large, max-video-preview:-1\" \/>\n<link rel=\"canonical\" href=\"https:\/\/www.csj-emballages.com\/de\/produit\/6-salatschuesseln-aus-kristallplastik-4500ml\/\" \/>\n<meta property=\"og:locale\" content=\"de_DE\" \/>\n<meta property=\"og:type\" content=\"article\" \/>\n<meta property=\"og:title\" content=\"Plastiksalatsch\u00fcssel Kristall 4500ml pro 6\" \/>\n<meta property=\"og:description\" content=\"Sch\u00fcssel aus Kristallplastik 4500 ml, ideal f\u00fcr Caterer, Restaurants und Privathaushalte. Gro\u00dfes Fassungsverm\u00f6gen und robust f\u00fcr die Pr\u00e4sentation Ihrer kalten Speisen.\" \/>\n<meta property=\"og:url\" content=\"https:\/\/www.csj-emballages.com\/de\/produit\/6-salatschuesseln-aus-kristallplastik-4500ml\/\" \/>\n<meta property=\"og:site_name\" content=\"CSJ Emballages\" \/>\n<meta property=\"article:publisher\" content=\"https:\/\/www.facebook.com\/csjemballages\" \/>\n<meta property=\"article:modified_time\" content=\"2026-05-08T00:15:39+00:00\" \/>\n<meta property=\"og:image\" content=\"https:\/\/www.csj-emballages.com\/wp-content\/uploads\/2024\/09\/SA4500.webp\" \/>\n\t<meta property=\"og:image:width\" content=\"800\" \/>\n\t<meta property=\"og:image:height\" content=\"800\" \/>\n\t<meta property=\"og:image:type\" content=\"image\/webp\" \/>\n<meta name=\"twitter:card\" content=\"summary_large_image\" \/>\n<meta name=\"twitter:label1\" content=\"Gesch\u00e4tzte Lesezeit\" \/>\n\t<meta name=\"twitter:data1\" content=\"1\u00a0Minute\" \/>\n<script type=\"application\/ld+json\" class=\"yoast-schema-graph\">{\"@context\":\"https:\/\/schema.org\",\"@graph\":[{\"@type\":\"WebPage\",\"@id\":\"https:\/\/www.csj-emballages.com\/de\/produit\/6-salatschuesseln-aus-kristallplastik-4500ml\/\",\"url\":\"https:\/\/www.csj-emballages.com\/de\/produit\/6-salatschuesseln-aus-kristallplastik-4500ml\/\",\"name\":\"Salatsch\u00fcssel aus Kristallplastik - 4500ml\",\"isPartOf\":{\"@id\":\"https:\/\/www.csj-emballages.com\/de\/#website\"},\"primaryImageOfPage\":{\"@id\":\"https:\/\/www.csj-emballages.com\/de\/produit\/6-salatschuesseln-aus-kristallplastik-4500ml\/#primaryimage\"},\"image\":{\"@id\":\"https:\/\/www.csj-emballages.com\/de\/produit\/6-salatschuesseln-aus-kristallplastik-4500ml\/#primaryimage\"},\"thumbnailUrl\":\"https:\/\/www.csj-emballages.com\/wp-content\/uploads\/2024\/09\/SA4500.webp\",\"datePublished\":\"2024-09-06T00:18:23+00:00\",\"dateModified\":\"2026-05-08T00:15:39+00:00\",\"description\":\"Sch\u00fcssel aus Kristallplastik 4500 ml, ideal f\u00fcr Caterer, Restaurants und Privathaushalte. Gro\u00dfes Fassungsverm\u00f6gen und robust f\u00fcr die Pr\u00e4sentation Ihrer kalten Speisen.\",\"breadcrumb\":{\"@id\":\"https:\/\/www.csj-emballages.com\/de\/produit\/6-salatschuesseln-aus-kristallplastik-4500ml\/#breadcrumb\"},\"inLanguage\":\"de\",\"potentialAction\":[{\"@type\":\"ReadAction\",\"target\":[\"https:\/\/www.csj-emballages.com\/de\/produit\/6-salatschuesseln-aus-kristallplastik-4500ml\/\"]}]},{\"@type\":\"ImageObject\",\"inLanguage\":\"de\",\"@id\":\"https:\/\/www.csj-emballages.com\/de\/produit\/6-salatschuesseln-aus-kristallplastik-4500ml\/#primaryimage\",\"url\":\"https:\/\/www.csj-emballages.com\/wp-content\/uploads\/2024\/09\/SA4500.webp\",\"contentUrl\":\"https:\/\/www.csj-emballages.com\/wp-content\/uploads\/2024\/09\/SA4500.webp\",\"width\":800,\"height\":800,\"caption\":\"Saladier plastique\"},{\"@type\":\"BreadcrumbList\",\"@id\":\"https:\/\/www.csj-emballages.com\/de\/produit\/6-salatschuesseln-aus-kristallplastik-4500ml\/#breadcrumb\",\"itemListElement\":[{\"@type\":\"ListItem\",\"position\":1,\"name\":\"Accueil\",\"item\":\"https:\/\/www.csj-emballages.com\/de\/universum-lebensmittelverpackungen\/\"},{\"@type\":\"ListItem\",\"position\":2,\"name\":\"Shop\",\"item\":\"https:\/\/www.csj-emballages.com\/shop\/\"},{\"@type\":\"ListItem\",\"position\":3,\"name\":\"Plastiksalatsch\u00fcssel Kristall 4500ml pro 6\"}]},{\"@type\":\"WebSite\",\"@id\":\"https:\/\/www.csj-emballages.com\/de\/#website\",\"url\":\"https:\/\/www.csj-emballages.com\/de\/\",\"name\":\"CSJ Emballages\",\"description\":\"\",\"publisher\":{\"@id\":\"https:\/\/www.csj-emballages.com\/de\/#organization\"},\"potentialAction\":[{\"@type\":\"SearchAction\",\"target\":{\"@type\":\"EntryPoint\",\"urlTemplate\":\"https:\/\/www.csj-emballages.com\/de\/?s={search_term_string}\"},\"query-input\":{\"@type\":\"PropertyValueSpecification\",\"valueRequired\":true,\"valueName\":\"search_term_string\"}}],\"inLanguage\":\"de\"},{\"@type\":\"Organization\",\"@id\":\"https:\/\/www.csj-emballages.com\/de\/#Organization\/\",\"name\":\"CSJ Emballages\",\"url\":\"https:\/\/www.csj-emballages.com\/de\/\",\"logo\":{\"@type\":\"ImageObject\",\"inLanguage\":\"de\",\"@id\":\"https:\/\/www.csj-emballages.com\/de\/#\/schema\/logo\/image\/\",\"url\":\"https:\/\/www.csj-emballages.com\/wp-content\/uploads\/2023\/10\/logo_csj.webp\",\"contentUrl\":\"https:\/\/www.csj-emballages.com\/wp-content\/uploads\/2023\/10\/logo_csj.webp\",\"width\":250,\"height\":95,\"caption\":\"CSJ Emballages\"},\"image\":{\"@id\":\"https:\/\/www.csj-emballages.com\/de\/#\/schema\/logo\/image\/\"},\"sameAs\":[\"https:\/\/www.facebook.com\/csjemballages\"],\"address\":{\"@type\":\"PostalAddress\",\"streetAddress\":\"ZI La Lechere\",\"addressLocality\":\"Patornay\",\"postalCode\":\"39130\",\"addressCountry\":\"FR\"},\"contactPoint\":[{\"@type\":\"ContactPoint\",\"contactType\":\"Service client\",\"telephone\":\"0384254272\",\"email\":\"contact@csj-emballages.com\"}]}]}<\/script>\n<!-- \/ Yoast SEO Premium plugin. -->","yoast_head_json":{"title":"Salatsch\u00fcssel aus Kristallplastik - 4500ml","description":"Sch\u00fcssel aus Kristallplastik 4500 ml, ideal f\u00fcr Caterer, Restaurants und Privathaushalte. Gro\u00dfes Fassungsverm\u00f6gen und robust f\u00fcr die Pr\u00e4sentation Ihrer kalten Speisen.","robots":{"index":"index","follow":"follow","max-snippet":"max-snippet:-1","max-image-preview":"max-image-preview:large","max-video-preview":"max-video-preview:-1"},"canonical":"https:\/\/www.csj-emballages.com\/de\/produit\/6-salatschuesseln-aus-kristallplastik-4500ml\/","og_locale":"de_DE","og_type":"article","og_title":"Plastiksalatsch\u00fcssel Kristall 4500ml pro 6","og_description":"Sch\u00fcssel aus Kristallplastik 4500 ml, ideal f\u00fcr Caterer, Restaurants und Privathaushalte. Gro\u00dfes Fassungsverm\u00f6gen und robust f\u00fcr die Pr\u00e4sentation Ihrer kalten Speisen.","og_url":"https:\/\/www.csj-emballages.com\/de\/produit\/6-salatschuesseln-aus-kristallplastik-4500ml\/","og_site_name":"CSJ Emballages","article_publisher":"https:\/\/www.facebook.com\/csjemballages","article_modified_time":"2026-05-08T00:15:39+00:00","og_image":[{"width":800,"height":800,"url":"https:\/\/www.csj-emballages.com\/wp-content\/uploads\/2024\/09\/SA4500.webp","type":"image\/webp"}],"twitter_card":"summary_large_image","twitter_misc":{"Gesch\u00e4tzte Lesezeit":"1\u00a0Minute"},"schema":{"@context":"https:\/\/schema.org","@graph":[{"@type":"WebPage","@id":"https:\/\/www.csj-emballages.com\/de\/produit\/6-salatschuesseln-aus-kristallplastik-4500ml\/","url":"https:\/\/www.csj-emballages.com\/de\/produit\/6-salatschuesseln-aus-kristallplastik-4500ml\/","name":"Salatsch\u00fcssel aus Kristallplastik - 4500ml","isPartOf":{"@id":"https:\/\/www.csj-emballages.com\/de\/#website"},"primaryImageOfPage":{"@id":"https:\/\/www.csj-emballages.com\/de\/produit\/6-salatschuesseln-aus-kristallplastik-4500ml\/#primaryimage"},"image":{"@id":"https:\/\/www.csj-emballages.com\/de\/produit\/6-salatschuesseln-aus-kristallplastik-4500ml\/#primaryimage"},"thumbnailUrl":"https:\/\/www.csj-emballages.com\/wp-content\/uploads\/2024\/09\/SA4500.webp","datePublished":"2024-09-06T00:18:23+00:00","dateModified":"2026-05-08T00:15:39+00:00","description":"Sch\u00fcssel aus Kristallplastik 4500 ml, ideal f\u00fcr Caterer, Restaurants und Privathaushalte. Gro\u00dfes Fassungsverm\u00f6gen und robust f\u00fcr die Pr\u00e4sentation Ihrer kalten Speisen.","breadcrumb":{"@id":"https:\/\/www.csj-emballages.com\/de\/produit\/6-salatschuesseln-aus-kristallplastik-4500ml\/#breadcrumb"},"inLanguage":"de","potentialAction":[{"@type":"ReadAction","target":["https:\/\/www.csj-emballages.com\/de\/produit\/6-salatschuesseln-aus-kristallplastik-4500ml\/"]}]},{"@type":"ImageObject","inLanguage":"de","@id":"https:\/\/www.csj-emballages.com\/de\/produit\/6-salatschuesseln-aus-kristallplastik-4500ml\/#primaryimage","url":"https:\/\/www.csj-emballages.com\/wp-content\/uploads\/2024\/09\/SA4500.webp","contentUrl":"https:\/\/www.csj-emballages.com\/wp-content\/uploads\/2024\/09\/SA4500.webp","width":800,"height":800,"caption":"Saladier plastique"},{"@type":"BreadcrumbList","@id":"https:\/\/www.csj-emballages.com\/de\/produit\/6-salatschuesseln-aus-kristallplastik-4500ml\/#breadcrumb","itemListElement":[{"@type":"ListItem","position":1,"name":"Accueil","item":"https:\/\/www.csj-emballages.com\/de\/universum-lebensmittelverpackungen\/"},{"@type":"ListItem","position":2,"name":"Shop","item":"https:\/\/www.csj-emballages.com\/shop\/"},{"@type":"ListItem","position":3,"name":"Plastiksalatsch\u00fcssel Kristall 4500ml pro 6"}]},{"@type":"WebSite","@id":"https:\/\/www.csj-emballages.com\/de\/#website","url":"https:\/\/www.csj-emballages.com\/de\/","name":"CSJ Emballages","description":"","publisher":{"@id":"https:\/\/www.csj-emballages.com\/de\/#organization"},"potentialAction":[{"@type":"SearchAction","target":{"@type":"EntryPoint","urlTemplate":"https:\/\/www.csj-emballages.com\/de\/?s={search_term_string}"},"query-input":{"@type":"PropertyValueSpecification","valueRequired":true,"valueName":"search_term_string"}}],"inLanguage":"de"},{"@type":"Organization","@id":"https:\/\/www.csj-emballages.com\/de\/#Organization\/","name":"CSJ Emballages","url":"https:\/\/www.csj-emballages.com\/de\/","logo":{"@type":"ImageObject","inLanguage":"de","@id":"https:\/\/www.csj-emballages.com\/de\/#\/schema\/logo\/image\/","url":"https:\/\/www.csj-emballages.com\/wp-content\/uploads\/2023\/10\/logo_csj.webp","contentUrl":"https:\/\/www.csj-emballages.com\/wp-content\/uploads\/2023\/10\/logo_csj.webp","width":250,"height":95,"caption":"CSJ Emballages"},"image":{"@id":"https:\/\/www.csj-emballages.com\/de\/#\/schema\/logo\/image\/"},"sameAs":["https:\/\/www.facebook.com\/csjemballages"],"address":{"@type":"PostalAddress","streetAddress":"ZI La Lechere","addressLocality":"Patornay","postalCode":"39130","addressCountry":"FR"},"contactPoint":[{"@type":"ContactPoint","contactType":"Service client","telephone":"0384254272","email":"contact@csj-emballages.com"}]}]}},"df_price":10.93,"df_sale_price":"","df_regular_price":10.93,"df_image_link":"https:\/\/www.csj-emballages.com\/wp-content\/uploads\/2024\/09\/SA4500-300x300.webp","tiered_pricing_type":"fixed","tiered_pricing_fixed_rules":[],"tiered_pricing_percentage_rules":[],"tiered_pricing_minimum":1,"tiered_pricing_roles_data":[],"_links":{"self":[{"href":"https:\/\/www.csj-emballages.com\/de\/wp-json\/wp\/v2\/product\/126160","targetHints":{"allow":["GET"]}}],"collection":[{"href":"https:\/\/www.csj-emballages.com\/de\/wp-json\/wp\/v2\/product"}],"about":[{"href":"https:\/\/www.csj-emballages.com\/de\/wp-json\/wp\/v2\/types\/product"}],"wp:featuredmedia":[{"embeddable":true,"href":"https:\/\/www.csj-emballages.com\/de\/wp-json\/wp\/v2\/media\/221032"}],"wp:attachment":[{"href":"https:\/\/www.csj-emballages.com\/de\/wp-json\/wp\/v2\/media?parent=126160"}],"wp:term":[{"taxonomy":"product_brand","embeddable":true,"href":"https:\/\/www.csj-emballages.com\/de\/wp-json\/wp\/v2\/product_brand?post=126160"},{"taxonomy":"product_cat","embeddable":true,"href":"https:\/\/www.csj-emballages.com\/de\/wp-json\/wp\/v2\/product_cat?post=126160"},{"taxonomy":"product_tag","embeddable":true,"href":"https:\/\/www.csj-emballages.com\/de\/wp-json\/wp\/v2\/product_tag?post=126160"}],"curies":[{"name":"wp","href":"https:\/\/api.w.org\/{rel}","templated":true}]}}