{"id":126153,"date":"2024-09-06T02:18:19","date_gmt":"2024-09-06T00:18:19","guid":{"rendered":"https:\/\/www.csj-emballages.com\/?post_type=product&#038;p=126153"},"modified":"2026-04-28T02:12:03","modified_gmt":"2026-04-28T00:12:03","slug":"25-weise-schachteln-fur-8-macarons-aus-karton","status":"publish","type":"product","link":"https:\/\/www.csj-emballages.com\/de\/produit\/25-weise-schachteln-fur-8-macarons-aus-karton\/","title":{"rendered":"Wei\u00dfe Makronenschachtel aus Karton f\u00fcr 8 Makronen pro 25 St\u00fcck"},"content":{"rendered":"<div style=\"box-sizing: inherit; font-family: Roboto, sans-serif;\">\n<div style=\"box-sizing: inherit; font-family: Roboto, sans-serif;\">\n<div style=\"box-sizing: inherit; font-family: Roboto, sans-serif;\">\n<div style=\"box-sizing: inherit; font-family: Roboto, sans-serif;\">\n<div style=\"box-sizing: inherit; font-family: Roboto, sans-serif;\">\n<div style=\"box-sizing: inherit; font-family: Roboto, sans-serif;\">\n<div style=\"box-sizing: inherit; font-family: Roboto, sans-serif;\">\n<div style=\"box-sizing: inherit; font-family: Roboto, sans-serif;\">\n<div style=\"box-sizing: inherit; font-family: Roboto, sans-serif;\">\n<div style=\"box-sizing: inherit; font-family: Roboto, sans-serif;\">\n<div style=\"box-sizing: inherit; font-family: Roboto, sans-serif;\">\n<div style=\"box-sizing: inherit; font-family: Roboto, sans-serif;\">\n<div style=\"box-sizing: inherit; font-family: Roboto, sans-serif;\">\n<div class=\"flex flex-grow flex-col max-w-full\">\n<div class=\"min-h-[20px] text-message flex flex-col items-start whitespace-pre-wrap break-words [.text-message+&amp;]:mt-5 juice:w-full juice:items-end overflow-x-auto gap-2\" dir=\"auto\" data-message-author-role=\"assistant\" data-message-id=\"2034782e-88f9-44ef-b4dc-07dd7bf0115f\">\n<div class=\"flex w-full flex-col gap-1 juice:empty:hidden juice:first:pt-[3px]\">\n<div class=\"markdown prose w-full break-words dark:prose-invert light\">\n<div style=\"box-sizing: inherit; font-family: Roboto, sans-serif;\">\n<div style=\"box-sizing: inherit; font-family: Roboto, sans-serif;\">\n<div style=\"box-sizing: inherit; font-family: Roboto, sans-serif;\">\n<div style=\"box-sizing: inherit; font-family: Roboto, sans-serif;\">\n<div style=\"box-sizing: inherit; font-family: Roboto, sans-serif;\">\n<div style=\"box-sizing: inherit; font-family: Roboto, sans-serif;\">\n<h2>Schachtel Makronen<\/h2>\n<div style=\"box-sizing: inherit; font-family: Roboto, sans-serif;\">\n<div style=\"box-sizing: inherit; font-family: Roboto, sans-serif;\">\n<div style=\"box-sizing: inherit; font-family: Roboto, sans-serif;\">\n<div style=\"text-align: center;\">\n<div style=\"box-sizing: inherit; font-family: Roboto, sans-serif;\">\n<div style=\"box-sizing: inherit; font-family: Roboto, sans-serif;\">\n<div style=\"box-sizing: inherit; font-family: Roboto, sans-serif;\">\n<div style=\"box-sizing: inherit; font-family: Roboto, sans-serif;\">\n<div style=\"box-sizing: inherit; font-family: Roboto, sans-serif;\">\n<div style=\"box-sizing: inherit; font-family: Roboto, sans-serif; text-align: left;\">\n<hr>\n<h3 style=\"text-align: left;\">Beschreibung unserer wei\u00dfen Makronenschachtel aus Karton f\u00fcr 8 Makronen pro 25 St\u00fcck<!--more--><\/h3>\n<\/div>\n<\/div>\n<\/div>\n<\/div>\n<\/div>\n<\/div>\n<\/div>\n<\/div>\n<\/div>\n<\/div>\n<\/div>\n<\/div>\n<\/div>\n<\/div>\n<\/div>\n<\/div>\n<\/div>\n<\/div>\n<\/div>\n<\/div>\n<\/div>\n<\/div>\n<\/div>\n<\/div>\n<\/div>\n<\/div>\n<\/div>\n<\/div>\n<\/div>\n<\/div>\n<\/div>\n<\/div>\n<\/div>\n<p data-start=\"108\" data-end=\"543\">Entdecken Sie unsere <strong data-start=\"124\" data-end=\"160\">wei\u00dfe Macarons-Schachtel aus Karton<\/strong>, die speziell daf\u00fcr entwickelt wurde, Ihre k\u00f6stlichen Kreationen zu veredeln und zu sch\u00fctzen. Diese elegante und praktische Schachtel im raffinierten Format bietet Platz f\u00fcr bis zu <strong data-start=\"313\" data-end=\"327\">8 Macarons<\/strong> und bewahrt ihre Frische und ihren Halt. Die aus <strong data-start=\"390\" data-end=\"423\">lebensmittelechtem Karton<\/strong> hergestellte <strong data-start=\"390\" data-end=\"423\">Box<\/strong> vereint Robustheit und \u00c4sthetik und garantiert einen sicheren Transport und eine gepflegte Pr\u00e4sentation Ihrer s\u00fc\u00dfen K\u00f6stlichkeiten.  <\/p>\n<p data-start=\"545\" data-end=\"875\">Mit ihrem schlichten Design und dem schlichten <strong>wei\u00dfen<\/strong> Finish passt diese <strong data-start=\"604\" data-end=\"624\">Makronenschachtel<\/strong> zu allen Anl\u00e4ssen: allt\u00e4gliches Geb\u00e4ck, gesch\u00e4ftliche Veranstaltungen, Hochzeiten, Taufen oder auch pers\u00f6nliche Geschenke. Sie hebt Ihre Produkte hervor, ohne sie zu \u00fcberladen, und l\u00e4sst viel Platz f\u00fcr die Sch\u00f6nheit Ihrer Kreationen. <\/p>\n<p data-start=\"877\" data-end=\"1220\">Sie ist ideal f\u00fcr B\u00e4cker, Konditoren und Chocolatiers, aber auch f\u00fcr Privatpersonen, die ihre Macarons in einer <strong data-start=\"894\" data-end=\"914\">Schachtel<\/strong> anbieten m\u00f6chten, die ihrem K\u00f6nnen w\u00fcrdig ist. Der praktische Verschluss erm\u00f6glicht eine einfache und schnelle Montage, was in der Produktion eine echte Zeitersparnis bedeutet. <\/p>\n<p data-start=\"1222\" data-end=\"1564\">Diese umweltfreundliche<strong> Schachtel<\/strong> ist aus <strong data-start=\"1281\" data-end=\"1302\">recycelbarem Karton<\/strong> hergestellt. Eine L\u00f6sung, die professionelle Anspr\u00fcche und \u00f6kologisches Engagement miteinander verbindet. Ob Sie nun ein Profi sind, der seine Verpackungen optimieren m\u00f6chte, oder ein Amateur, der ein raffiniertes Geschenk machen m\u00f6chte, diese <strong data-start=\"1507\" data-end=\"1533\">wei\u00dfe Makronenschachtel<\/strong> ist eine sichere und elegante Wahl. <\/p>\n<p data-start=\"1566\" data-end=\"1678\">Bieten Sie Ihren Macarons die Schatulle, die sie verdienen, und Ihren Kunden ein umfassendes visuelles und geschmackliches Erlebnis.<\/p>\n<div style=\"box-sizing: inherit; font-family: Roboto, sans-serif;\">\n<div style=\"box-sizing: inherit; font-family: Roboto, sans-serif;\">\n<div style=\"box-sizing: inherit; font-family: Roboto, sans-serif;\">\n<div style=\"box-sizing: inherit; font-family: Roboto, sans-serif;\">\n<div style=\"box-sizing: inherit; font-family: Roboto, sans-serif;\">\n<div style=\"box-sizing: inherit; font-family: Roboto, sans-serif;\">\n<div style=\"box-sizing: inherit; font-family: Roboto, sans-serif;\">\n<div style=\"box-sizing: inherit; font-family: Roboto, sans-serif;\">\n<div style=\"box-sizing: inherit; font-family: Roboto, sans-serif;\">\n<div style=\"box-sizing: inherit; font-family: Roboto, sans-serif;\">\n<div style=\"box-sizing: inherit; font-family: Roboto, sans-serif;\">\n<div style=\"box-sizing: inherit; font-family: Roboto, sans-serif;\">\n<div style=\"box-sizing: inherit; font-family: Roboto, sans-serif;\">\n<div class=\"flex flex-grow flex-col max-w-full\">\n<div class=\"min-h-[20px] text-message flex flex-col items-start whitespace-pre-wrap break-words [.text-message+&amp;]:mt-5 juice:w-full juice:items-end overflow-x-auto gap-2\" dir=\"auto\" data-message-author-role=\"assistant\" data-message-id=\"2034782e-88f9-44ef-b4dc-07dd7bf0115f\">\n<div class=\"flex w-full flex-col gap-1 juice:empty:hidden juice:first:pt-[3px]\">\n<div class=\"markdown prose w-full break-words dark:prose-invert light\">\n<div style=\"box-sizing: inherit; font-family: Roboto, sans-serif;\">\n<div style=\"box-sizing: inherit; font-family: Roboto, sans-serif;\">\n<div style=\"box-sizing: inherit; font-family: Roboto, sans-serif;\">\n<div style=\"box-sizing: inherit; font-family: Roboto, sans-serif;\">\n<div style=\"box-sizing: inherit; font-family: Roboto, sans-serif;\">\n<div style=\"box-sizing: inherit; font-family: Roboto, sans-serif;\">\n<p>&nbsp;<\/p>\n<p><!--more--><\/p>\n<h4 style=\"text-align: left;\"><strong>Vorteile :<\/strong><\/h4>\n<\/div>\n<\/div>\n<\/div>\n<\/div>\n<\/div>\n<\/div>\n<\/div>\n<\/div>\n<\/div>\n<\/div>\n<\/div>\n<\/div>\n<\/div>\n<\/div>\n<\/div>\n<\/div>\n<\/div>\n<\/div>\n<\/div>\n<\/div>\n<\/div>\n<\/div>\n<\/div>\n<ul>\n<li>Schlichte Eleganz mit schlichtem <strong data-start=\"1913\" data-end=\"1931\">wei\u00dfen<\/strong> Finish.<\/li>\n<li>Ideale Kapazit\u00e4t f\u00fcr <strong data-start=\"1957\" data-end=\"1971\">8 Macarons.<\/strong><\/li>\n<li>Stabiler Karton und lebensmittelecht.<\/li>\n<li>Einfacher Aufbau und sicherer Verschluss.<\/li>\n<li>Recycelbar, umweltfreundlich.<\/li>\n<\/ul>\n<p>&nbsp;<\/p>\n<p><!--more--><\/p>\n<h4>Weitere Informationen :<\/h4>\n<ul style=\"box-sizing: inherit; font-family: Roboto, sans-serif;\">\n<li><strong>Verpackung<\/strong>: Packung mit 25 St\u00fcck<\/li>\n<li><span style=\"font-weight: bold;\">Abmessungen<\/span>: 227 x 55 x 50 (L x B x H in mm)<\/li>\n<li><strong>Material<\/strong>: Karton + PET<\/li>\n<li><strong>Kapazit\u00e4t<\/strong>: 8 Makronen<\/li>\n<li><strong>Farbe<\/strong>: Wei\u00df<\/li>\n<li><strong>Option<\/strong>: Schachtel mit einem Fenster<\/li>\n<\/ul>\n<p>&nbsp;<\/p>\n<p><!--more--><\/p>\n<p>Erh\u00e4ltlich in verschiedenen Farben : <span style=\"color: #d12727;\"><br \/>\n  <a style=\"color: #d12727;\" href=\"https:\/\/www.csj-emballages.com\/produit\/boite-kraft-pour-8-macarons-en-carton-calages-cadeaux-fetes\/\">Kraft<\/a><br \/>\n<\/span> \/ <span style=\"color: #d12727;\"><br \/>\n  <a style=\"color: #d12727;\" href=\"https:\/\/www.csj-emballages.com\/produit\/boites-noires-pour-8-macarons-en-carton-calages-cadeaux-fetes\/\">Schwarz<\/a><br \/>\n<\/span> \/ <span style=\"color: #d12727;\"><br \/>\n  <a style=\"color: #d12727;\" href=\"https:\/\/www.csj-emballages.com\/produit\/boites-oranges-pour-8-macarons-en-carton\/\">Orange<\/a><br \/>\n<\/span> \/ <span style=\"color: #d12727;\"><br \/>\n  <a style=\"color: #d12727;\" href=\"https:\/\/www.csj-emballages.com\/produit\/boites-roses-pour-8-macarons-en-carton\/\">Rosa<\/a><br \/>\n<\/span> \/ <span style=\"color: #d12727;\"><br \/>\n  <a style=\"color: #d12727;\" href=\"https:\/\/www.csj-emballages.com\/produit\/boites-vertes-pour-8-macarons-en-carton\/\">Gr\u00fcn<\/a><br \/>\n<\/span><\/p>\n<p>&nbsp;<\/p>\n<p><!--more--><\/p>\n<p>Hier finden Sie unsere beiden Arten von Makroneneinlagen, die mit dieser Schachtel kompatibel sind: <span style=\"color: #d12727;\"><br \/>\n  <a style=\"color: #d12727;\" href=\"https:\/\/www.csj-emballages.com\/produit\/50-calages-noir-plastique-8-macarons-pour-boite\/\">CALBM6NOIR<\/a><br \/>\n<\/span> (Schwarz) \/ <span style=\"color: #d12727;\"><a style=\"color: #d12727;\" href=\"https:\/\/www.csj-emballages.com\/produit\/50-calages-transparent-plastique-8-macarons-pour-boite\/\">CALBM6TRAN<\/a> <span style=\"color: #000000;\">(Transparent)<\/span><\/span><\/p>\n<p>&nbsp;<\/p>\n<p style=\"text-align: left;\"><!--more--><\/p>\n<p><a href=\"https:\/\/www.csj-emballages.com\/de\/categorie-produit\/lebensmittelverpackungen\/backerei-und-konditorei\/schachteln-und-etuis\/macarons-schachteln-etuis\/schachteln-einlagen-fur-macarons\/makronenschachteln\/\">Sehen Sie sich den Rest unseres Sortiments an Makronenschachteln an.<\/a><\/p>\n","protected":false},"excerpt":{"rendered":"<p>Schachtel Makronen Beschreibung unserer wei\u00dfen Makronenschachtel aus Karton f\u00fcr 8 Makronen pro 25 St\u00fcck<\/p>\n","protected":false},"featured_media":241697,"template":"","meta":{"_acf_changed":false},"product_brand":[],"product_cat":[1137,1171,3964,1728,2167,2168],"product_tag":[],"class_list":{"0":"post-126153","1":"product","2":"type-product","3":"status-publish","4":"has-post-thumbnail","6":"product_cat-lebensmittelverpackungen","7":"product_cat-backerei-und-konditorei","8":"product_cat-schachteln-und-etuis","9":"product_cat-macarons-schachteln-etuis","10":"product_cat-schachteln-einlagen-fur-macarons","11":"product_cat-makronenschachteln","13":"first","14":"instock","15":"taxable","16":"shipping-taxable","17":"purchasable","18":"product-type-simple"},"acf":[],"yoast_head":"<!-- This site is optimized with the Yoast SEO Premium plugin v26.6 (Yoast SEO v26.6) - https:\/\/yoast.com\/wordpress\/plugins\/seo\/ -->\n<title>Wei\u00dfe Macarons Schachtel Karton f\u00fcr 8 Macarons pro 25<\/title>\n<meta name=\"description\" content=\"Entdecken Sie die wei\u00dfe Makronenschachtel f\u00fcr 8 Makronen aus Karton zu je 25 St\u00fcck. Diese Schachtel sch\u00fctzt Ihre Macarons und bietet gleichzeitig eine raffinierte Pr\u00e4sentation.\" \/>\n<meta name=\"robots\" content=\"index, follow, max-snippet:-1, max-image-preview:large, max-video-preview:-1\" \/>\n<link rel=\"canonical\" href=\"https:\/\/www.csj-emballages.com\/de\/produit\/25-weise-schachteln-fur-8-macarons-aus-karton\/\" \/>\n<meta property=\"og:locale\" content=\"de_DE\" \/>\n<meta property=\"og:type\" content=\"article\" \/>\n<meta property=\"og:title\" content=\"Wei\u00dfe Macaronschachtel f\u00fcr 8 Macarons\" \/>\n<meta property=\"og:description\" content=\"Entdecken Sie die wei\u00dfe Makronenschachtel f\u00fcr 8 Makronen aus Karton zu je 25 St\u00fcck. Diese Schachtel sch\u00fctzt Ihre Macarons und bietet gleichzeitig eine raffinierte Pr\u00e4sentation.\" \/>\n<meta property=\"og:url\" content=\"https:\/\/www.csj-emballages.com\/de\/produit\/25-weise-schachteln-fur-8-macarons-aus-karton\/\" \/>\n<meta property=\"og:site_name\" content=\"CSJ Emballages\" \/>\n<meta property=\"article:publisher\" content=\"https:\/\/www.facebook.com\/csjemballages\" \/>\n<meta property=\"article:modified_time\" content=\"2026-04-28T00:12:03+00:00\" \/>\n<meta property=\"og:image\" content=\"https:\/\/www.csj-emballages.com\/wp-content\/uploads\/2024\/09\/BM6BLANC.webp\" \/>\n\t<meta property=\"og:image:width\" content=\"800\" \/>\n\t<meta property=\"og:image:height\" content=\"800\" \/>\n\t<meta property=\"og:image:type\" content=\"image\/webp\" \/>\n<meta name=\"twitter:card\" content=\"summary_large_image\" \/>\n<meta name=\"twitter:title\" content=\"Wei\u00dfe Macaronschachtel f\u00fcr 8 Macarons\" \/>\n<meta name=\"twitter:description\" content=\"Entdecken Sie die wei\u00dfe Makronenschachtel f\u00fcr 8 Makronen aus Karton zu je 25 St\u00fcck. Diese Schachtel sch\u00fctzt Ihre Macarons und bietet gleichzeitig eine raffinierte Pr\u00e4sentation.\" \/>\n<meta name=\"twitter:label1\" content=\"Gesch\u00e4tzte Lesezeit\" \/>\n\t<meta name=\"twitter:data1\" content=\"2 Minuten\" \/>\n<script type=\"application\/ld+json\" class=\"yoast-schema-graph\">{\"@context\":\"https:\/\/schema.org\",\"@graph\":[{\"@type\":\"WebPage\",\"@id\":\"https:\/\/www.csj-emballages.com\/de\/produit\/25-weise-schachteln-fur-8-macarons-aus-karton\/\",\"url\":\"https:\/\/www.csj-emballages.com\/de\/produit\/25-weise-schachteln-fur-8-macarons-aus-karton\/\",\"name\":\"Wei\u00dfe Macarons Schachtel Karton f\u00fcr 8 Macarons pro 25\",\"isPartOf\":{\"@id\":\"https:\/\/www.csj-emballages.com\/de\/#website\"},\"primaryImageOfPage\":{\"@id\":\"https:\/\/www.csj-emballages.com\/de\/produit\/25-weise-schachteln-fur-8-macarons-aus-karton\/#primaryimage\"},\"image\":{\"@id\":\"https:\/\/www.csj-emballages.com\/de\/produit\/25-weise-schachteln-fur-8-macarons-aus-karton\/#primaryimage\"},\"thumbnailUrl\":\"https:\/\/www.csj-emballages.com\/wp-content\/uploads\/2024\/09\/BM6BLANC.webp\",\"datePublished\":\"2024-09-06T00:18:19+00:00\",\"dateModified\":\"2026-04-28T00:12:03+00:00\",\"description\":\"Entdecken Sie die wei\u00dfe Makronenschachtel f\u00fcr 8 Makronen aus Karton zu je 25 St\u00fcck. Diese Schachtel sch\u00fctzt Ihre Macarons und bietet gleichzeitig eine raffinierte Pr\u00e4sentation.\",\"breadcrumb\":{\"@id\":\"https:\/\/www.csj-emballages.com\/de\/produit\/25-weise-schachteln-fur-8-macarons-aus-karton\/#breadcrumb\"},\"inLanguage\":\"de\",\"potentialAction\":[{\"@type\":\"ReadAction\",\"target\":[\"https:\/\/www.csj-emballages.com\/de\/produit\/25-weise-schachteln-fur-8-macarons-aus-karton\/\"]}]},{\"@type\":\"ImageObject\",\"inLanguage\":\"de\",\"@id\":\"https:\/\/www.csj-emballages.com\/de\/produit\/25-weise-schachteln-fur-8-macarons-aus-karton\/#primaryimage\",\"url\":\"https:\/\/www.csj-emballages.com\/wp-content\/uploads\/2024\/09\/BM6BLANC.webp\",\"contentUrl\":\"https:\/\/www.csj-emballages.com\/wp-content\/uploads\/2024\/09\/BM6BLANC.webp\",\"width\":800,\"height\":800,\"caption\":\"Boite macaron\"},{\"@type\":\"BreadcrumbList\",\"@id\":\"https:\/\/www.csj-emballages.com\/de\/produit\/25-weise-schachteln-fur-8-macarons-aus-karton\/#breadcrumb\",\"itemListElement\":[{\"@type\":\"ListItem\",\"position\":1,\"name\":\"Accueil\",\"item\":\"https:\/\/www.csj-emballages.com\/de\/universum-lebensmittelverpackungen\/\"},{\"@type\":\"ListItem\",\"position\":2,\"name\":\"Shop\",\"item\":\"https:\/\/www.csj-emballages.com\/shop\/\"},{\"@type\":\"ListItem\",\"position\":3,\"name\":\"Wei\u00dfe Makronenschachtel aus Karton f\u00fcr 8 Makronen pro 25 St\u00fcck\"}]},{\"@type\":\"WebSite\",\"@id\":\"https:\/\/www.csj-emballages.com\/de\/#website\",\"url\":\"https:\/\/www.csj-emballages.com\/de\/\",\"name\":\"CSJ Emballages\",\"description\":\"\",\"publisher\":{\"@id\":\"https:\/\/www.csj-emballages.com\/de\/#organization\"},\"potentialAction\":[{\"@type\":\"SearchAction\",\"target\":{\"@type\":\"EntryPoint\",\"urlTemplate\":\"https:\/\/www.csj-emballages.com\/de\/?s={search_term_string}\"},\"query-input\":{\"@type\":\"PropertyValueSpecification\",\"valueRequired\":true,\"valueName\":\"search_term_string\"}}],\"inLanguage\":\"de\"},{\"@type\":\"Organization\",\"@id\":\"https:\/\/www.csj-emballages.com\/de\/#Organization\/\",\"name\":\"CSJ Emballages\",\"url\":\"https:\/\/www.csj-emballages.com\/de\/\",\"logo\":{\"@type\":\"ImageObject\",\"inLanguage\":\"de\",\"@id\":\"https:\/\/www.csj-emballages.com\/de\/#\/schema\/logo\/image\/\",\"url\":\"https:\/\/www.csj-emballages.com\/wp-content\/uploads\/2023\/10\/logo_csj.webp\",\"contentUrl\":\"https:\/\/www.csj-emballages.com\/wp-content\/uploads\/2023\/10\/logo_csj.webp\",\"width\":250,\"height\":95,\"caption\":\"CSJ Emballages\"},\"image\":{\"@id\":\"https:\/\/www.csj-emballages.com\/de\/#\/schema\/logo\/image\/\"},\"sameAs\":[\"https:\/\/www.facebook.com\/csjemballages\"],\"address\":{\"@type\":\"PostalAddress\",\"streetAddress\":\"ZI La Lechere\",\"addressLocality\":\"Patornay\",\"postalCode\":\"39130\",\"addressCountry\":\"FR\"},\"contactPoint\":[{\"@type\":\"ContactPoint\",\"contactType\":\"Service client\",\"telephone\":\"0384254272\",\"email\":\"contact@csj-emballages.com\"}]}]}<\/script>\n<!-- \/ Yoast SEO Premium plugin. -->","yoast_head_json":{"title":"Wei\u00dfe Macarons Schachtel Karton f\u00fcr 8 Macarons pro 25","description":"Entdecken Sie die wei\u00dfe Makronenschachtel f\u00fcr 8 Makronen aus Karton zu je 25 St\u00fcck. Diese Schachtel sch\u00fctzt Ihre Macarons und bietet gleichzeitig eine raffinierte Pr\u00e4sentation.","robots":{"index":"index","follow":"follow","max-snippet":"max-snippet:-1","max-image-preview":"max-image-preview:large","max-video-preview":"max-video-preview:-1"},"canonical":"https:\/\/www.csj-emballages.com\/de\/produit\/25-weise-schachteln-fur-8-macarons-aus-karton\/","og_locale":"de_DE","og_type":"article","og_title":"Wei\u00dfe Macaronschachtel f\u00fcr 8 Macarons","og_description":"Entdecken Sie die wei\u00dfe Makronenschachtel f\u00fcr 8 Makronen aus Karton zu je 25 St\u00fcck. Diese Schachtel sch\u00fctzt Ihre Macarons und bietet gleichzeitig eine raffinierte Pr\u00e4sentation.","og_url":"https:\/\/www.csj-emballages.com\/de\/produit\/25-weise-schachteln-fur-8-macarons-aus-karton\/","og_site_name":"CSJ Emballages","article_publisher":"https:\/\/www.facebook.com\/csjemballages","article_modified_time":"2026-04-28T00:12:03+00:00","og_image":[{"width":800,"height":800,"url":"https:\/\/www.csj-emballages.com\/wp-content\/uploads\/2024\/09\/BM6BLANC.webp","type":"image\/webp"}],"twitter_card":"summary_large_image","twitter_title":"Wei\u00dfe Macaronschachtel f\u00fcr 8 Macarons","twitter_description":"Entdecken Sie die wei\u00dfe Makronenschachtel f\u00fcr 8 Makronen aus Karton zu je 25 St\u00fcck. Diese Schachtel sch\u00fctzt Ihre Macarons und bietet gleichzeitig eine raffinierte Pr\u00e4sentation.","twitter_misc":{"Gesch\u00e4tzte Lesezeit":"2 Minuten"},"schema":{"@context":"https:\/\/schema.org","@graph":[{"@type":"WebPage","@id":"https:\/\/www.csj-emballages.com\/de\/produit\/25-weise-schachteln-fur-8-macarons-aus-karton\/","url":"https:\/\/www.csj-emballages.com\/de\/produit\/25-weise-schachteln-fur-8-macarons-aus-karton\/","name":"Wei\u00dfe Macarons Schachtel Karton f\u00fcr 8 Macarons pro 25","isPartOf":{"@id":"https:\/\/www.csj-emballages.com\/de\/#website"},"primaryImageOfPage":{"@id":"https:\/\/www.csj-emballages.com\/de\/produit\/25-weise-schachteln-fur-8-macarons-aus-karton\/#primaryimage"},"image":{"@id":"https:\/\/www.csj-emballages.com\/de\/produit\/25-weise-schachteln-fur-8-macarons-aus-karton\/#primaryimage"},"thumbnailUrl":"https:\/\/www.csj-emballages.com\/wp-content\/uploads\/2024\/09\/BM6BLANC.webp","datePublished":"2024-09-06T00:18:19+00:00","dateModified":"2026-04-28T00:12:03+00:00","description":"Entdecken Sie die wei\u00dfe Makronenschachtel f\u00fcr 8 Makronen aus Karton zu je 25 St\u00fcck. Diese Schachtel sch\u00fctzt Ihre Macarons und bietet gleichzeitig eine raffinierte Pr\u00e4sentation.","breadcrumb":{"@id":"https:\/\/www.csj-emballages.com\/de\/produit\/25-weise-schachteln-fur-8-macarons-aus-karton\/#breadcrumb"},"inLanguage":"de","potentialAction":[{"@type":"ReadAction","target":["https:\/\/www.csj-emballages.com\/de\/produit\/25-weise-schachteln-fur-8-macarons-aus-karton\/"]}]},{"@type":"ImageObject","inLanguage":"de","@id":"https:\/\/www.csj-emballages.com\/de\/produit\/25-weise-schachteln-fur-8-macarons-aus-karton\/#primaryimage","url":"https:\/\/www.csj-emballages.com\/wp-content\/uploads\/2024\/09\/BM6BLANC.webp","contentUrl":"https:\/\/www.csj-emballages.com\/wp-content\/uploads\/2024\/09\/BM6BLANC.webp","width":800,"height":800,"caption":"Boite macaron"},{"@type":"BreadcrumbList","@id":"https:\/\/www.csj-emballages.com\/de\/produit\/25-weise-schachteln-fur-8-macarons-aus-karton\/#breadcrumb","itemListElement":[{"@type":"ListItem","position":1,"name":"Accueil","item":"https:\/\/www.csj-emballages.com\/de\/universum-lebensmittelverpackungen\/"},{"@type":"ListItem","position":2,"name":"Shop","item":"https:\/\/www.csj-emballages.com\/shop\/"},{"@type":"ListItem","position":3,"name":"Wei\u00dfe Makronenschachtel aus Karton f\u00fcr 8 Makronen pro 25 St\u00fcck"}]},{"@type":"WebSite","@id":"https:\/\/www.csj-emballages.com\/de\/#website","url":"https:\/\/www.csj-emballages.com\/de\/","name":"CSJ Emballages","description":"","publisher":{"@id":"https:\/\/www.csj-emballages.com\/de\/#organization"},"potentialAction":[{"@type":"SearchAction","target":{"@type":"EntryPoint","urlTemplate":"https:\/\/www.csj-emballages.com\/de\/?s={search_term_string}"},"query-input":{"@type":"PropertyValueSpecification","valueRequired":true,"valueName":"search_term_string"}}],"inLanguage":"de"},{"@type":"Organization","@id":"https:\/\/www.csj-emballages.com\/de\/#Organization\/","name":"CSJ Emballages","url":"https:\/\/www.csj-emballages.com\/de\/","logo":{"@type":"ImageObject","inLanguage":"de","@id":"https:\/\/www.csj-emballages.com\/de\/#\/schema\/logo\/image\/","url":"https:\/\/www.csj-emballages.com\/wp-content\/uploads\/2023\/10\/logo_csj.webp","contentUrl":"https:\/\/www.csj-emballages.com\/wp-content\/uploads\/2023\/10\/logo_csj.webp","width":250,"height":95,"caption":"CSJ Emballages"},"image":{"@id":"https:\/\/www.csj-emballages.com\/de\/#\/schema\/logo\/image\/"},"sameAs":["https:\/\/www.facebook.com\/csjemballages"],"address":{"@type":"PostalAddress","streetAddress":"ZI La Lechere","addressLocality":"Patornay","postalCode":"39130","addressCountry":"FR"},"contactPoint":[{"@type":"ContactPoint","contactType":"Service client","telephone":"0384254272","email":"contact@csj-emballages.com"}]}]}},"df_price":9.56,"df_sale_price":"","df_regular_price":9.56,"df_image_link":"https:\/\/www.csj-emballages.com\/wp-content\/uploads\/2024\/09\/BM6BLANC-300x300.webp","tiered_pricing_type":"fixed","tiered_pricing_fixed_rules":[],"tiered_pricing_percentage_rules":[],"tiered_pricing_minimum":1,"tiered_pricing_roles_data":[],"_links":{"self":[{"href":"https:\/\/www.csj-emballages.com\/de\/wp-json\/wp\/v2\/product\/126153","targetHints":{"allow":["GET"]}}],"collection":[{"href":"https:\/\/www.csj-emballages.com\/de\/wp-json\/wp\/v2\/product"}],"about":[{"href":"https:\/\/www.csj-emballages.com\/de\/wp-json\/wp\/v2\/types\/product"}],"wp:featuredmedia":[{"embeddable":true,"href":"https:\/\/www.csj-emballages.com\/de\/wp-json\/wp\/v2\/media\/241697"}],"wp:attachment":[{"href":"https:\/\/www.csj-emballages.com\/de\/wp-json\/wp\/v2\/media?parent=126153"}],"wp:term":[{"taxonomy":"product_brand","embeddable":true,"href":"https:\/\/www.csj-emballages.com\/de\/wp-json\/wp\/v2\/product_brand?post=126153"},{"taxonomy":"product_cat","embeddable":true,"href":"https:\/\/www.csj-emballages.com\/de\/wp-json\/wp\/v2\/product_cat?post=126153"},{"taxonomy":"product_tag","embeddable":true,"href":"https:\/\/www.csj-emballages.com\/de\/wp-json\/wp\/v2\/product_tag?post=126153"}],"curies":[{"name":"wp","href":"https:\/\/api.w.org\/{rel}","templated":true}]}}