{"id":126148,"date":"2024-09-06T02:18:16","date_gmt":"2024-09-06T00:18:16","guid":{"rendered":"https:\/\/www.csj-emballages.com\/?post_type=product&#038;p=126148"},"modified":"2026-03-12T16:11:32","modified_gmt":"2026-03-12T15:11:32","slug":"25-holzschachteln-marchenhafte-weihnachten-30-x-11-x-10-cm","status":"publish","type":"product","link":"https:\/\/www.csj-emballages.com\/de\/produit\/25-holzschachteln-marchenhafte-weihnachten-30-x-11-x-10-cm\/","title":{"rendered":"Holzschachtel &#8222;M\u00e4rchenhafte Weihnachten&#8220; 30 x 11 x 10 cm pro 25 St\u00fcck"},"content":{"rendered":"<div style=\"font-family: Roboto, sans-serif;\">\n<div style=\"font-family: Roboto, sans-serif;\">\n<div style=\"font-family: Roboto, sans-serif;\">\n<div style=\"font-family: Roboto, sans-serif;\">\n<div style=\"font-family: Roboto, sans-serif;\">\n<div style=\"font-family: Roboto, sans-serif;\">\n<div style=\"font-family: Roboto, sans-serif;\">\n<div style=\"font-family: Roboto, sans-serif;\">\n<div style=\"font-family: Roboto, sans-serif;\">\n<div style=\"font-family: Roboto, sans-serif;\">\n<div style=\"font-family: Roboto, sans-serif;\">\n<div style=\"font-family: Roboto, sans-serif;\">\n<div style=\"font-family: Roboto, sans-serif;\">\n<div class=\"flex flex-grow flex-col max-w-full\">\n<div class=\"min-h-[20px] text-message flex flex-col items-start whitespace-pre-wrap break-words [.text-message+&amp;]:mt-5 juice:w-full juice:items-end overflow-x-auto gap-2\" dir=\"auto\" data-message-author-role=\"assistant\" data-message-id=\"2034782e-88f9-44ef-b4dc-07dd7bf0115f\">\n<div class=\"flex w-full flex-col gap-1 juice:empty:hidden juice:first:pt-[3px]\">\n<div class=\"markdown prose w-full break-words dark:prose-invert light\">\n<div style=\"font-family: Roboto, sans-serif;\">\n<div style=\"font-family: Roboto, sans-serif;\">\n<div style=\"font-family: Roboto, sans-serif;\">\n<div style=\"font-family: Roboto, sans-serif;\">\n<div style=\"font-family: Roboto, sans-serif;\">\n<div style=\"font-family: Roboto, sans-serif;\">\n<h2>Holzkiste<\/h2>\n<div style=\"font-family: Roboto, sans-serif;\">\n<div style=\"font-family: Roboto, sans-serif;\">\n<div style=\"font-family: Roboto, sans-serif;\">\n<div style=\"text-align: center;\">\n<div style=\"font-family: Roboto, sans-serif;\">\n<div style=\"font-family: Roboto, sans-serif;\">\n<div style=\"font-family: Roboto, sans-serif;\">\n<div style=\"font-family: Roboto, sans-serif;\">\n<div style=\"font-family: Roboto, sans-serif;\">\n<div style=\"font-family: Roboto, sans-serif; text-align: left;\">\n<hr>\n<h3 style=\"text-align: left;\">Beschreibung unserer Holzschachtel &#8222;M\u00e4rchenhafte Weihnachten&#8220; 30x11x10 cm<!--more--><\/h3>\n<\/div>\n<\/div>\n<\/div>\n<\/div>\n<\/div>\n<\/div>\n<\/div>\n<\/div>\n<\/div>\n<\/div>\n<\/div>\n<\/div>\n<\/div>\n<\/div>\n<\/div>\n<\/div>\n<\/div>\n<\/div>\n<\/div>\n<\/div>\n<\/div>\n<\/div>\n<\/div>\n<\/div>\n<\/div>\n<\/div>\n<\/div>\n<\/div>\n<\/div>\n<\/div>\n<\/div>\n<\/div>\n<\/div>\n<p>Die <strong>Box a buche<\/strong> <strong>&#8222;No\u00ebl F\u00e9\u00e9rique&#8220; 30 x 11 x 10 cm<\/strong> im Set von <strong>25<\/strong> St\u00fcck ist ein ideales Produkt, um die Feiertage mit Eleganz und Zweckm\u00e4\u00dfigkeit zu begehen. Ihre Gr\u00f6\u00dfe ist perfekt auf die Aufnahme von gro\u00dfz\u00fcgigen und leckeren Weihnachtsscheiten abgestimmt und garantiert einen sicheren und reibungslosen Transport. Diese <strong>Schachtel<\/strong> wurde entwickelt, um den Erwartungen der professionellen Konditoren gerecht zu werden, und vereint Stabilit\u00e4t und \u00c4sthetik.  <\/p>\n<p>Sie ist unverzichtbar. Sie besteht aus hochwertigen Materialien, die f\u00fcr eine makellose Pr\u00e4sentation Ihrer Desserts sorgen. Ihre solide Struktur h\u00e4lt die Form des Holzscheits auch auf den l\u00e4ngsten Reisen. Ob Sie nun Patissier, Traiteur oder Chefkoch sind, die <strong>Schachtel buche<\/strong> <strong>&#8222;No\u00ebl F\u00e9\u00e9rique&#8220;<\/strong> sch\u00fctzt Ihre Kreationen und bringt sie dank ihres eleganten Designs gleichzeitig zur Geltung.  <\/p>\n<p>&nbsp;<\/p>\n<p><!--more--><\/p>\n<h4>Warum sollten Sie unsere Holzkisten verwenden?<\/h4>\n<p>Ihre sanfte Farbe mit den festlichen Illustrationen l\u00e4sst sofort Weihnachtsstimmung aufkommen. Sie sorgt f\u00fcr einen attraktiven visuellen Effekt, der die einfache <strong>Holzschachtel<\/strong> in ein echtes Element der Tischdekoration verwandelt. Die Pr\u00e4sentation ist ein wichtiger Faktor, um Kunden zu begeistern, und diese <strong>Schachtel<\/strong> erf\u00fcllt diese Anforderung. Sie macht jedes Dessert zu einem einzigartigen Moment und bietet dabei ein hervorragendes Preis-Leistungs-Verh\u00e4ltnis.   <\/p>\n<p>Neben seinem festlichen Design ist er leicht aufzubauen und bietet somit eine nicht zu untersch\u00e4tzende Zeitersparnis f\u00fcr Berufst\u00e4tige in der Weihnachtszeit. Ihr Design erm\u00f6glicht auch einen luftdichten Verschluss. Die <strong>Schachtel<\/strong> sch\u00fctzt die Desserts nicht nur vor St\u00f6\u00dfen, sondern sorgt auch f\u00fcr eine ausgezeichnete Hygiene.  <\/p>\n<p>Das Set mit 25 <strong>Dosen<\/strong> <strong>&#8222;F\u00e9\u00e9rique No\u00ebl&#8220;<\/strong> ist perfekt, um die hohe Nachfrage w\u00e4hrend der Festtage zu antizipieren. So k\u00f6nnen Sie Ihre Bestellungen vorbereiten, ohne sich Sorgen um den Lagerbestand machen zu m\u00fcssen. Diese <strong>Schachteln<\/strong> sind praktisch f\u00fcr gro\u00dfe Produktionen und sehen gleichzeitig elegant aus, was wichtig ist, um das Qualit\u00e4tsimage Ihres Unternehmens zu st\u00e4rken.  <\/p>\n<p>&nbsp;<\/p>\n<p><!--more--><\/p>\n<div style=\"font-family: Roboto, sans-serif;\">\n<div style=\"font-family: Roboto, sans-serif;\">\n<div style=\"font-family: Roboto, sans-serif;\">\n<div style=\"font-family: Roboto, sans-serif;\">\n<div style=\"font-family: Roboto, sans-serif;\">\n<div style=\"font-family: Roboto, sans-serif;\">\n<div style=\"font-family: Roboto, sans-serif;\">\n<div style=\"font-family: Roboto, sans-serif;\">\n<div style=\"font-family: Roboto, sans-serif;\">\n<div style=\"font-family: Roboto, sans-serif;\">\n<div style=\"font-family: Roboto, sans-serif;\">\n<div style=\"font-family: Roboto, sans-serif;\">\n<div style=\"font-family: Roboto, sans-serif;\">\n<div class=\"flex flex-grow flex-col max-w-full\">\n<div class=\"min-h-[20px] text-message flex flex-col items-start whitespace-pre-wrap break-words [.text-message+&amp;]:mt-5 juice:w-full juice:items-end overflow-x-auto gap-2\" dir=\"auto\" data-message-author-role=\"assistant\" data-message-id=\"2034782e-88f9-44ef-b4dc-07dd7bf0115f\">\n<div class=\"flex w-full flex-col gap-1 juice:empty:hidden juice:first:pt-[3px]\">\n<div class=\"markdown prose w-full break-words dark:prose-invert light\">\n<div style=\"font-family: Roboto, sans-serif;\">\n<div style=\"font-family: Roboto, sans-serif;\">\n<div style=\"font-family: Roboto, sans-serif;\">\n<div style=\"font-family: Roboto, sans-serif;\">\n<div style=\"font-family: Roboto, sans-serif;\">\n<div style=\"font-family: Roboto, sans-serif;\">\n<p>Schlie\u00dflich l\u00e4sst sich diese <strong>Schachtel<\/strong> leicht an verschiedene Arten von Stollen anpassen: Schokolade, Fr\u00fcchte, Mousse oder Biskuit. Sie erm\u00f6glicht eine raffinierte Pr\u00e4sentation und ist gleichzeitig ger\u00e4umig genug f\u00fcr gro\u00dfz\u00fcgige F\u00fcllungen. Dieses Produkt ist aufgrund seiner sorgf\u00e4ltigen Konzeption, seines praktischen Formats und seiner festlichen \u00c4sthetik ein Muss f\u00fcr die Feiertage zum Jahresende.  <\/p>\n<p>W\u00e4hlen Sie die <strong>Holzschachtel<\/strong> <strong>&#8222;No\u00ebl F\u00e9\u00e9rique&#8220;<\/strong>, um Ihre Kreationen zu veredeln und Ihre Kunden auf der Suche nach Eleganz und Praktikabilit\u00e4t zufrieden zu stellen.<\/p>\n<p>&nbsp;<\/p>\n<p><!--more--><\/p>\n<h4 style=\"text-align: left;\"><strong>Die Vorteile unserer <\/strong>Holzschachtel &#8220; <strong>M\u00e4rchenhafte<\/strong> Weihnachten&#8220; 30x11x10 cm <strong>:<\/strong><\/h4>\n<ul style=\"text-align: left;\">\n<li><strong>Angemessene Gr\u00f6\u00dfe<\/strong>: Die Ma\u00dfe <strong>30 x 11 x 10 cm<\/strong> passen perfekt zu einem Holzscheit in Standardgr\u00f6\u00dfe.<\/li>\n<li><strong>Festliches Design<\/strong>: Mit ihrer weihnachtlichen \u00c4sthetik verleiht diese <strong>Schachtel<\/strong> Ihren Desserts einen Hauch von Magie.<\/li>\n<li><strong>Optimaler Schutz<\/strong>: Die <strong>Schachtel<\/strong> ist mit einem sicheren Verschluss versehen, der Ihr Holz w\u00e4hrend des Transports oder der Lagerung wirksam sch\u00fctzt.<\/li>\n<li><strong>Zweckm\u00e4\u00dfigkeit<\/strong>: Das Design erm\u00f6glicht eine einfache Handhabung und eine sorgf\u00e4ltige Pr\u00e4sentation.<\/li>\n<\/ul>\n<\/div>\n<\/div>\n<\/div>\n<\/div>\n<\/div>\n<\/div>\n<\/div>\n<\/div>\n<\/div>\n<\/div>\n<\/div>\n<\/div>\n<p>&nbsp;<\/p>\n<\/div>\n<\/div>\n<\/div>\n<\/div>\n<\/div>\n<\/div>\n<\/div>\n<\/div>\n<\/div>\n<\/div>\n<\/div>\n<p><!--more--><\/p>\n<h4>Weitere Informationen zu diesem Produkt :<\/h4>\n<ul style=\"font-family: Roboto, sans-serif;\">\n<li><strong>Verpackung<\/strong>: Packung mit 25 St\u00fcck<\/li>\n<li><span style=\"font-weight: bold;\">Gr\u00f6\u00dfe<\/span>: 30 x 11 x 10 cm (L x B x H)<\/li>\n<\/ul>\n<p>&nbsp;<\/p>\n<p style=\"text-align: left;\"><!--more--><\/p>\n<p><a href=\"https:\/\/www.csj-emballages.com\/de\/categorie-produit\/lebensmittelverpackungen\/backerei-und-konditorei\/schachteln-und-etuis\/holzschachteln\/\">Sehen Sie sich den Rest unseres Sortiments an Holzschachteln an.<\/a><\/p>\n<p>&nbsp;<\/p>\n","protected":false},"excerpt":{"rendered":"<p>Holzkiste Beschreibung unserer Holzschachtel &#8222;M\u00e4rchenhafte Weihnachten&#8220; 30x11x10 cm<\/p>\n","protected":false},"featured_media":187350,"template":"","meta":{"_acf_changed":false},"product_brand":[],"product_cat":[1137,1171,3964,2067,7781],"product_tag":[],"class_list":{"0":"post-126148","1":"product","2":"type-product","3":"status-publish","4":"has-post-thumbnail","6":"product_cat-lebensmittelverpackungen","7":"product_cat-backerei-und-konditorei","8":"product_cat-schachteln-und-etuis","9":"product_cat-holzschachteln","10":"product_cat-holzschachtel-marchenhafte-weihnacht","12":"first","13":"instock","14":"taxable","15":"shipping-taxable","16":"purchasable","17":"product-type-simple"},"acf":[],"yoast_head":"<!-- This site is optimized with the Yoast SEO Premium plugin v26.6 (Yoast SEO v26.6) - https:\/\/yoast.com\/wordpress\/plugins\/seo\/ -->\n<title>Holzkiste 30x11x10 cm - Modell &#039;M\u00e4rchenhafte Weihnachten&#039;.<\/title>\n<meta name=\"description\" content=\"Die Holzschachtel &quot;M\u00e4rchenhafte Weihnachten&quot; 30 x 11 x 10 cm bietet ein festliches Design und optimalen Schutz. Ideal, um Ihre Weihnachtsdesserts mit Eleganz zu verfeinern.\" \/>\n<meta name=\"robots\" content=\"index, follow, max-snippet:-1, max-image-preview:large, max-video-preview:-1\" \/>\n<link rel=\"canonical\" href=\"https:\/\/www.csj-emballages.com\/de\/produit\/25-holzschachteln-marchenhafte-weihnachten-30-x-11-x-10-cm\/\" \/>\n<meta property=\"og:locale\" content=\"de_DE\" \/>\n<meta property=\"og:type\" content=\"article\" \/>\n<meta property=\"og:title\" content=\"Holzkiste 30x11x10 cm - Modell &#039;M\u00e4rchenhafte Weihnachten&#039;.\" \/>\n<meta property=\"og:description\" content=\"Die Holzschachtel &quot;M\u00e4rchenhafte Weihnachten&quot; 30 x 11 x 10 cm bietet ein festliches Design und optimalen Schutz. Ideal, um Ihre Weihnachtsdesserts mit Eleganz zu verfeinern.\" \/>\n<meta property=\"og:url\" content=\"https:\/\/www.csj-emballages.com\/de\/produit\/25-holzschachteln-marchenhafte-weihnachten-30-x-11-x-10-cm\/\" \/>\n<meta property=\"og:site_name\" content=\"CSJ Emballages\" \/>\n<meta property=\"article:publisher\" content=\"https:\/\/www.facebook.com\/csjemballages\" \/>\n<meta property=\"article:modified_time\" content=\"2026-03-12T15:11:32+00:00\" \/>\n<meta property=\"og:image\" content=\"https:\/\/www.csj-emballages.com\/wp-content\/uploads\/2024\/09\/e-amande-4-1-4-300x300.png\" \/>\n<meta name=\"twitter:card\" content=\"summary_large_image\" \/>\n<meta name=\"twitter:title\" content=\"Holzkiste 30x11x10 cm - Modell &#039;M\u00e4rchenhafte Weihnachten&#039;.\" \/>\n<meta name=\"twitter:description\" content=\"Die Holzschachtel &quot;M\u00e4rchenhafte Weihnachten&quot; 30 x 11 x 10 cm bietet ein festliches Design und optimalen Schutz. Ideal, um Ihre Weihnachtsdesserts mit Eleganz zu verfeinern.\" \/>\n<meta name=\"twitter:image\" content=\"https:\/\/www.csj-emballages.com\/wp-content\/uploads\/2024\/09\/e-amande-4-1-4-1024x1024.png\" \/>\n<meta name=\"twitter:label1\" content=\"Gesch\u00e4tzte Lesezeit\" \/>\n\t<meta name=\"twitter:data1\" content=\"3 Minuten\" \/>\n<script type=\"application\/ld+json\" class=\"yoast-schema-graph\">{\"@context\":\"https:\/\/schema.org\",\"@graph\":[{\"@type\":\"WebPage\",\"@id\":\"https:\/\/www.csj-emballages.com\/de\/produit\/25-holzschachteln-marchenhafte-weihnachten-30-x-11-x-10-cm\/\",\"url\":\"https:\/\/www.csj-emballages.com\/de\/produit\/25-holzschachteln-marchenhafte-weihnachten-30-x-11-x-10-cm\/\",\"name\":\"Holzkiste 30x11x10 cm - Modell 'M\u00e4rchenhafte Weihnachten'.\",\"isPartOf\":{\"@id\":\"https:\/\/www.csj-emballages.com\/de\/#website\"},\"primaryImageOfPage\":{\"@id\":\"https:\/\/www.csj-emballages.com\/de\/produit\/25-holzschachteln-marchenhafte-weihnachten-30-x-11-x-10-cm\/#primaryimage\"},\"image\":{\"@id\":\"https:\/\/www.csj-emballages.com\/de\/produit\/25-holzschachteln-marchenhafte-weihnachten-30-x-11-x-10-cm\/#primaryimage\"},\"thumbnailUrl\":\"https:\/\/www.csj-emballages.com\/wp-content\/uploads\/2024\/09\/Buche-1-png-e1732692086559.webp\",\"datePublished\":\"2024-09-06T00:18:16+00:00\",\"dateModified\":\"2026-03-12T15:11:32+00:00\",\"description\":\"Die Holzschachtel \\\"M\u00e4rchenhafte Weihnachten\\\" 30 x 11 x 10 cm bietet ein festliches Design und optimalen Schutz. Ideal, um Ihre Weihnachtsdesserts mit Eleganz zu verfeinern.\",\"breadcrumb\":{\"@id\":\"https:\/\/www.csj-emballages.com\/de\/produit\/25-holzschachteln-marchenhafte-weihnachten-30-x-11-x-10-cm\/#breadcrumb\"},\"inLanguage\":\"de\",\"potentialAction\":[{\"@type\":\"ReadAction\",\"target\":[\"https:\/\/www.csj-emballages.com\/de\/produit\/25-holzschachteln-marchenhafte-weihnachten-30-x-11-x-10-cm\/\"]}]},{\"@type\":\"ImageObject\",\"inLanguage\":\"de\",\"@id\":\"https:\/\/www.csj-emballages.com\/de\/produit\/25-holzschachteln-marchenhafte-weihnachten-30-x-11-x-10-cm\/#primaryimage\",\"url\":\"https:\/\/www.csj-emballages.com\/wp-content\/uploads\/2024\/09\/Buche-1-png-e1732692086559.webp\",\"contentUrl\":\"https:\/\/www.csj-emballages.com\/wp-content\/uploads\/2024\/09\/Buche-1-png-e1732692086559.webp\",\"width\":1563,\"height\":1563,\"caption\":\"boite a buche\"},{\"@type\":\"BreadcrumbList\",\"@id\":\"https:\/\/www.csj-emballages.com\/de\/produit\/25-holzschachteln-marchenhafte-weihnachten-30-x-11-x-10-cm\/#breadcrumb\",\"itemListElement\":[{\"@type\":\"ListItem\",\"position\":1,\"name\":\"Accueil\",\"item\":\"https:\/\/www.csj-emballages.com\/de\/universum-lebensmittelverpackungen\/\"},{\"@type\":\"ListItem\",\"position\":2,\"name\":\"Shop\",\"item\":\"https:\/\/www.csj-emballages.com\/shop\/\"},{\"@type\":\"ListItem\",\"position\":3,\"name\":\"Holzschachtel \u00ab\u00a0M\u00e4rchenhafte Weihnachten\u00a0\u00bb 30 x 11 x 10 cm pro 25 St\u00fcck\"}]},{\"@type\":\"WebSite\",\"@id\":\"https:\/\/www.csj-emballages.com\/de\/#website\",\"url\":\"https:\/\/www.csj-emballages.com\/de\/\",\"name\":\"CSJ Emballages\",\"description\":\"\",\"publisher\":{\"@id\":\"https:\/\/www.csj-emballages.com\/de\/#organization\"},\"potentialAction\":[{\"@type\":\"SearchAction\",\"target\":{\"@type\":\"EntryPoint\",\"urlTemplate\":\"https:\/\/www.csj-emballages.com\/de\/?s={search_term_string}\"},\"query-input\":{\"@type\":\"PropertyValueSpecification\",\"valueRequired\":true,\"valueName\":\"search_term_string\"}}],\"inLanguage\":\"de\"},{\"@type\":\"Organization\",\"@id\":\"https:\/\/www.csj-emballages.com\/de\/#Organization\/\",\"name\":\"CSJ Emballages\",\"url\":\"https:\/\/www.csj-emballages.com\/de\/\",\"logo\":{\"@type\":\"ImageObject\",\"inLanguage\":\"de\",\"@id\":\"https:\/\/www.csj-emballages.com\/de\/#\/schema\/logo\/image\/\",\"url\":\"https:\/\/www.csj-emballages.com\/wp-content\/uploads\/2023\/10\/logo_csj.webp\",\"contentUrl\":\"https:\/\/www.csj-emballages.com\/wp-content\/uploads\/2023\/10\/logo_csj.webp\",\"width\":250,\"height\":95,\"caption\":\"CSJ Emballages\"},\"image\":{\"@id\":\"https:\/\/www.csj-emballages.com\/de\/#\/schema\/logo\/image\/\"},\"sameAs\":[\"https:\/\/www.facebook.com\/csjemballages\"],\"address\":{\"@type\":\"PostalAddress\",\"streetAddress\":\"ZI La Lechere\",\"addressLocality\":\"Patornay\",\"postalCode\":\"39130\",\"addressCountry\":\"FR\"},\"contactPoint\":[{\"@type\":\"ContactPoint\",\"contactType\":\"Service client\",\"telephone\":\"0384254272\",\"email\":\"contact@csj-emballages.com\"}]}]}<\/script>\n<!-- \/ Yoast SEO Premium plugin. -->","yoast_head_json":{"title":"Holzkiste 30x11x10 cm - Modell 'M\u00e4rchenhafte Weihnachten'.","description":"Die Holzschachtel \"M\u00e4rchenhafte Weihnachten\" 30 x 11 x 10 cm bietet ein festliches Design und optimalen Schutz. Ideal, um Ihre Weihnachtsdesserts mit Eleganz zu verfeinern.","robots":{"index":"index","follow":"follow","max-snippet":"max-snippet:-1","max-image-preview":"max-image-preview:large","max-video-preview":"max-video-preview:-1"},"canonical":"https:\/\/www.csj-emballages.com\/de\/produit\/25-holzschachteln-marchenhafte-weihnachten-30-x-11-x-10-cm\/","og_locale":"de_DE","og_type":"article","og_title":"Holzkiste 30x11x10 cm - Modell 'M\u00e4rchenhafte Weihnachten'.","og_description":"Die Holzschachtel \"M\u00e4rchenhafte Weihnachten\" 30 x 11 x 10 cm bietet ein festliches Design und optimalen Schutz. Ideal, um Ihre Weihnachtsdesserts mit Eleganz zu verfeinern.","og_url":"https:\/\/www.csj-emballages.com\/de\/produit\/25-holzschachteln-marchenhafte-weihnachten-30-x-11-x-10-cm\/","og_site_name":"CSJ Emballages","article_publisher":"https:\/\/www.facebook.com\/csjemballages","article_modified_time":"2026-03-12T15:11:32+00:00","og_image":[{"url":"https:\/\/www.csj-emballages.com\/wp-content\/uploads\/2024\/09\/e-amande-4-1-4-300x300.png","type":"","width":"","height":""}],"twitter_card":"summary_large_image","twitter_title":"Holzkiste 30x11x10 cm - Modell 'M\u00e4rchenhafte Weihnachten'.","twitter_description":"Die Holzschachtel \"M\u00e4rchenhafte Weihnachten\" 30 x 11 x 10 cm bietet ein festliches Design und optimalen Schutz. Ideal, um Ihre Weihnachtsdesserts mit Eleganz zu verfeinern.","twitter_image":"https:\/\/www.csj-emballages.com\/wp-content\/uploads\/2024\/09\/e-amande-4-1-4-1024x1024.png","twitter_misc":{"Gesch\u00e4tzte Lesezeit":"3 Minuten"},"schema":{"@context":"https:\/\/schema.org","@graph":[{"@type":"WebPage","@id":"https:\/\/www.csj-emballages.com\/de\/produit\/25-holzschachteln-marchenhafte-weihnachten-30-x-11-x-10-cm\/","url":"https:\/\/www.csj-emballages.com\/de\/produit\/25-holzschachteln-marchenhafte-weihnachten-30-x-11-x-10-cm\/","name":"Holzkiste 30x11x10 cm - Modell 'M\u00e4rchenhafte Weihnachten'.","isPartOf":{"@id":"https:\/\/www.csj-emballages.com\/de\/#website"},"primaryImageOfPage":{"@id":"https:\/\/www.csj-emballages.com\/de\/produit\/25-holzschachteln-marchenhafte-weihnachten-30-x-11-x-10-cm\/#primaryimage"},"image":{"@id":"https:\/\/www.csj-emballages.com\/de\/produit\/25-holzschachteln-marchenhafte-weihnachten-30-x-11-x-10-cm\/#primaryimage"},"thumbnailUrl":"https:\/\/www.csj-emballages.com\/wp-content\/uploads\/2024\/09\/Buche-1-png-e1732692086559.webp","datePublished":"2024-09-06T00:18:16+00:00","dateModified":"2026-03-12T15:11:32+00:00","description":"Die Holzschachtel \"M\u00e4rchenhafte Weihnachten\" 30 x 11 x 10 cm bietet ein festliches Design und optimalen Schutz. Ideal, um Ihre Weihnachtsdesserts mit Eleganz zu verfeinern.","breadcrumb":{"@id":"https:\/\/www.csj-emballages.com\/de\/produit\/25-holzschachteln-marchenhafte-weihnachten-30-x-11-x-10-cm\/#breadcrumb"},"inLanguage":"de","potentialAction":[{"@type":"ReadAction","target":["https:\/\/www.csj-emballages.com\/de\/produit\/25-holzschachteln-marchenhafte-weihnachten-30-x-11-x-10-cm\/"]}]},{"@type":"ImageObject","inLanguage":"de","@id":"https:\/\/www.csj-emballages.com\/de\/produit\/25-holzschachteln-marchenhafte-weihnachten-30-x-11-x-10-cm\/#primaryimage","url":"https:\/\/www.csj-emballages.com\/wp-content\/uploads\/2024\/09\/Buche-1-png-e1732692086559.webp","contentUrl":"https:\/\/www.csj-emballages.com\/wp-content\/uploads\/2024\/09\/Buche-1-png-e1732692086559.webp","width":1563,"height":1563,"caption":"boite a buche"},{"@type":"BreadcrumbList","@id":"https:\/\/www.csj-emballages.com\/de\/produit\/25-holzschachteln-marchenhafte-weihnachten-30-x-11-x-10-cm\/#breadcrumb","itemListElement":[{"@type":"ListItem","position":1,"name":"Accueil","item":"https:\/\/www.csj-emballages.com\/de\/universum-lebensmittelverpackungen\/"},{"@type":"ListItem","position":2,"name":"Shop","item":"https:\/\/www.csj-emballages.com\/shop\/"},{"@type":"ListItem","position":3,"name":"Holzschachtel \u00ab\u00a0M\u00e4rchenhafte Weihnachten\u00a0\u00bb 30 x 11 x 10 cm pro 25 St\u00fcck"}]},{"@type":"WebSite","@id":"https:\/\/www.csj-emballages.com\/de\/#website","url":"https:\/\/www.csj-emballages.com\/de\/","name":"CSJ Emballages","description":"","publisher":{"@id":"https:\/\/www.csj-emballages.com\/de\/#organization"},"potentialAction":[{"@type":"SearchAction","target":{"@type":"EntryPoint","urlTemplate":"https:\/\/www.csj-emballages.com\/de\/?s={search_term_string}"},"query-input":{"@type":"PropertyValueSpecification","valueRequired":true,"valueName":"search_term_string"}}],"inLanguage":"de"},{"@type":"Organization","@id":"https:\/\/www.csj-emballages.com\/de\/#Organization\/","name":"CSJ Emballages","url":"https:\/\/www.csj-emballages.com\/de\/","logo":{"@type":"ImageObject","inLanguage":"de","@id":"https:\/\/www.csj-emballages.com\/de\/#\/schema\/logo\/image\/","url":"https:\/\/www.csj-emballages.com\/wp-content\/uploads\/2023\/10\/logo_csj.webp","contentUrl":"https:\/\/www.csj-emballages.com\/wp-content\/uploads\/2023\/10\/logo_csj.webp","width":250,"height":95,"caption":"CSJ Emballages"},"image":{"@id":"https:\/\/www.csj-emballages.com\/de\/#\/schema\/logo\/image\/"},"sameAs":["https:\/\/www.facebook.com\/csjemballages"],"address":{"@type":"PostalAddress","streetAddress":"ZI La Lechere","addressLocality":"Patornay","postalCode":"39130","addressCountry":"FR"},"contactPoint":[{"@type":"ContactPoint","contactType":"Service client","telephone":"0384254272","email":"contact@csj-emballages.com"}]}]}},"df_price":16.38,"df_sale_price":"","df_regular_price":16.38,"df_image_link":"https:\/\/www.csj-emballages.com\/wp-content\/uploads\/2024\/09\/Buche-1-300x300.webp","tiered_pricing_type":"fixed","tiered_pricing_fixed_rules":[],"tiered_pricing_percentage_rules":[],"tiered_pricing_minimum":1,"tiered_pricing_roles_data":[],"_links":{"self":[{"href":"https:\/\/www.csj-emballages.com\/de\/wp-json\/wp\/v2\/product\/126148","targetHints":{"allow":["GET"]}}],"collection":[{"href":"https:\/\/www.csj-emballages.com\/de\/wp-json\/wp\/v2\/product"}],"about":[{"href":"https:\/\/www.csj-emballages.com\/de\/wp-json\/wp\/v2\/types\/product"}],"wp:featuredmedia":[{"embeddable":true,"href":"https:\/\/www.csj-emballages.com\/de\/wp-json\/wp\/v2\/media\/187350"}],"wp:attachment":[{"href":"https:\/\/www.csj-emballages.com\/de\/wp-json\/wp\/v2\/media?parent=126148"}],"wp:term":[{"taxonomy":"product_brand","embeddable":true,"href":"https:\/\/www.csj-emballages.com\/de\/wp-json\/wp\/v2\/product_brand?post=126148"},{"taxonomy":"product_cat","embeddable":true,"href":"https:\/\/www.csj-emballages.com\/de\/wp-json\/wp\/v2\/product_cat?post=126148"},{"taxonomy":"product_tag","embeddable":true,"href":"https:\/\/www.csj-emballages.com\/de\/wp-json\/wp\/v2\/product_tag?post=126148"}],"curies":[{"name":"wp","href":"https:\/\/api.w.org\/{rel}","templated":true}]}}