{"id":126136,"date":"2024-09-06T02:18:12","date_gmt":"2024-09-06T00:18:12","guid":{"rendered":"https:\/\/www.csj-emballages.com\/?post_type=product&#038;p=126136"},"modified":"2026-03-12T16:11:28","modified_gmt":"2026-03-12T15:11:28","slug":"25-holzschachteln-marchenhafte-weihnachten-20-x-11-x-10-cm","status":"publish","type":"product","link":"https:\/\/www.csj-emballages.com\/de\/produit\/25-holzschachteln-marchenhafte-weihnachten-20-x-11-x-10-cm\/","title":{"rendered":"Holzschachtel &#8222;M\u00e4rchenhafte Weihnachten&#8220; 20 x 11 x 10 cm pro 25 St\u00fcck"},"content":{"rendered":"<div style=\"font-family: Roboto, sans-serif;\">\n<div style=\"font-family: Roboto, sans-serif;\">\n<div style=\"font-family: Roboto, sans-serif;\">\n<div style=\"font-family: Roboto, sans-serif;\">\n<div style=\"font-family: Roboto, sans-serif;\">\n<div style=\"font-family: Roboto, sans-serif;\">\n<div style=\"font-family: Roboto, sans-serif;\">\n<div style=\"font-family: Roboto, sans-serif;\">\n<div style=\"font-family: Roboto, sans-serif;\">\n<div style=\"font-family: Roboto, sans-serif;\">\n<div style=\"font-family: Roboto, sans-serif;\">\n<div style=\"font-family: Roboto, sans-serif;\">\n<div style=\"font-family: Roboto, sans-serif;\">\n<div class=\"flex flex-grow flex-col max-w-full\">\n<div class=\"min-h-[20px] text-message flex flex-col items-start whitespace-pre-wrap break-words [.text-message+&amp;]:mt-5 juice:w-full juice:items-end overflow-x-auto gap-2\" dir=\"auto\" data-message-author-role=\"assistant\" data-message-id=\"2034782e-88f9-44ef-b4dc-07dd7bf0115f\">\n<div class=\"flex w-full flex-col gap-1 juice:empty:hidden juice:first:pt-[3px]\">\n<div class=\"markdown prose w-full break-words dark:prose-invert light\">\n<div style=\"font-family: Roboto, sans-serif;\">\n<div style=\"font-family: Roboto, sans-serif;\">\n<div style=\"font-family: Roboto, sans-serif;\">\n<div style=\"font-family: Roboto, sans-serif;\">\n<div style=\"font-family: Roboto, sans-serif;\">\n<div style=\"font-family: Roboto, sans-serif;\">\n<h2>Holzkiste<\/h2>\n<div style=\"font-family: Roboto, sans-serif;\">\n<div style=\"font-family: Roboto, sans-serif;\">\n<div style=\"font-family: Roboto, sans-serif;\">\n<div style=\"text-align: center;\">\n<div style=\"font-family: Roboto, sans-serif;\">\n<div style=\"font-family: Roboto, sans-serif;\">\n<div style=\"font-family: Roboto, sans-serif;\">\n<div style=\"font-family: Roboto, sans-serif;\">\n<div style=\"font-family: Roboto, sans-serif;\">\n<div style=\"font-family: Roboto, sans-serif; text-align: left;\">\n<hr>\n<h3 style=\"text-align: left;\">Beschreibung unserer Holzschachtel &#8222;M\u00e4rchenhafte Weihnachten&#8220; 20x11x10 cm<!--more--><\/h3>\n<\/div>\n<\/div>\n<\/div>\n<\/div>\n<\/div>\n<\/div>\n<\/div>\n<\/div>\n<\/div>\n<\/div>\n<\/div>\n<\/div>\n<\/div>\n<\/div>\n<\/div>\n<\/div>\n<\/div>\n<\/div>\n<\/div>\n<\/div>\n<\/div>\n<\/div>\n<\/div>\n<\/div>\n<\/div>\n<\/div>\n<\/div>\n<\/div>\n<\/div>\n<\/div>\n<\/div>\n<\/div>\n<\/div>\n<p>Tauchen Sie ein in die festliche Stimmung mit der <strong>Dose<\/strong> &#8222;No\u00ebl f\u00e9\u00e9rique&#8220;. Dieses Produkt wurde speziell f\u00fcr die Verfeinerung Ihrer Desserts zum Jahresende entwickelt. Mit den Ma\u00dfen 20 x 11 x 10 cm vereint diese <strong>Dose<\/strong> Praktisches und \u00c4sthetisches f\u00fcr eine raffinierte Pr\u00e4sentation Ihrer Weihnachtsscheiterhaufen. Lassen Sie sich von ihrem eleganten Design verf\u00fchren, das die magische Essenz der Feiertage einf\u00e4ngt. Ob Sie nun ein professioneller Konditor oder ein leidenschaftlicher Hobbyb\u00e4cker sind, diese <strong>Holzschachtel<\/strong> ist ein unverzichtbares Accessoire, um Ihre k\u00f6stlichen Kreationen zur Geltung zu bringen.    <\/p>\n<p>Zun\u00e4chst einmal ist ihr Format ideal, um einen kleinen <strong>Stollen<\/strong> aufzunehmen, was eine einwandfreie Pr\u00e4sentation gew\u00e4hrleistet und gleichzeitig die Zartheit Ihres Desserts sch\u00fctzt. Dank ihrer Gr\u00f6\u00dfe bietet diese <strong>Schachtel<\/strong> den perfekten Platz, um Ihr Geb\u00e4ck intakt zu halten, sei es f\u00fcr eine Lieferung oder als Geschenk. Au\u00dferdem erinnert ihr \u00c4u\u00dferes an den Weihnachtszauber, mit festlichen Motiven, die Gro\u00df und Klein begeistern werden. Jedes Detail dieser <strong>Schachtel<\/strong> wurde durchdacht, um Ihren Weihnachtsfeiern einen Hauch von Magie zu verleihen.   <\/p>\n<p>&nbsp;<\/p>\n<p><!--more--><\/p>\n<h4>Warum sollten Sie unsere Holzkisten verwenden?<\/h4>\n<p>Neben ihrer fesselnden \u00c4sthetik wurde die <strong>Dose<\/strong><strong>&#8222;No\u00ebl F\u00e9\u00e9rique<\/strong>&#8220; auch f\u00fcr den praktischen Gebrauch konzipiert. Der sichere Verschluss sorgt daf\u00fcr, dass Ihr Dessert gut gesch\u00fctzt ist. Dar\u00fcber hinaus sind die verwendeten Materialien widerstandsf\u00e4hig und langlebig und bieten auch beim Transport eine perfekte Stabilit\u00e4t. Ob f\u00fcr eine Pr\u00e4sentation auf dem Tisch oder als Geschenk f\u00fcr Ihre Lieben, diese <strong>Schachtel<\/strong> sorgt daf\u00fcr, dass Ihr Dessert perfekt zur Geltung kommt.   <\/p>\n<p>Mit dieser <strong>Schachtel<\/strong> entscheiden Sie sich auch daf\u00fcr, einen Beitrag zum Umweltschutz zu leisten und gleichzeitig ein hochwertiges Produkt zu genie\u00dfen. Diese Mischung aus Funktionalit\u00e4t, Haltbarkeit und Eleganz macht sie zu einem Must-have f\u00fcr die Weihnachtszeit. <\/p>\n<p>&nbsp;<\/p>\n<p><!--more--><\/p>\n<div style=\"font-family: Roboto, sans-serif;\">\n<div style=\"font-family: Roboto, sans-serif;\">\n<div style=\"font-family: Roboto, sans-serif;\">\n<div style=\"font-family: Roboto, sans-serif;\">\n<div style=\"font-family: Roboto, sans-serif;\">\n<div style=\"font-family: Roboto, sans-serif;\">\n<div style=\"font-family: Roboto, sans-serif;\">\n<div style=\"font-family: Roboto, sans-serif;\">\n<div style=\"font-family: Roboto, sans-serif;\">\n<div style=\"font-family: Roboto, sans-serif;\">\n<div style=\"font-family: Roboto, sans-serif;\">\n<div style=\"font-family: Roboto, sans-serif;\">\n<div style=\"font-family: Roboto, sans-serif;\">\n<div class=\"flex flex-grow flex-col max-w-full\">\n<div class=\"min-h-[20px] text-message flex flex-col items-start whitespace-pre-wrap break-words [.text-message+&amp;]:mt-5 juice:w-full juice:items-end overflow-x-auto gap-2\" dir=\"auto\" data-message-author-role=\"assistant\" data-message-id=\"2034782e-88f9-44ef-b4dc-07dd7bf0115f\">\n<div class=\"flex w-full flex-col gap-1 juice:empty:hidden juice:first:pt-[3px]\">\n<div class=\"markdown prose w-full break-words dark:prose-invert light\">\n<div style=\"font-family: Roboto, sans-serif;\">\n<div style=\"font-family: Roboto, sans-serif;\">\n<div style=\"font-family: Roboto, sans-serif;\">\n<div style=\"font-family: Roboto, sans-serif;\">\n<div style=\"font-family: Roboto, sans-serif;\">\n<div style=\"font-family: Roboto, sans-serif;\">\n<p>Zusammenfassend l\u00e4sst sich sagen, dass die <strong>Box a buche<\/strong><strong>&#8222;No\u00ebl F\u00e9\u00e9rique<\/strong>&#8220; weit mehr als eine einfache Verpackung ist. Sie ist eine echte Inszenierung f\u00fcr Ihre Weihnachtsscheiterhaufen. Sie ist in verschiedenen Gr\u00f6\u00dfen erh\u00e4ltlich und wurde f\u00fcr unterschiedliche Bed\u00fcrfnisse entwickelt. G\u00f6nnen Sie Ihren Weihnachtsdesserts eine Schatulle, die ihrem Geschmack gerecht wird, indem Sie sich f\u00fcr diese <strong>Schachtel &#8222;buche<\/strong> &#8220; entscheiden. Ein Produkt, das alle Liebhaber von S\u00fc\u00dfigkeiten und Eleganz begeistern wird.   <\/p>\n<p>&nbsp;<\/p>\n<p><!--more--><\/p>\n<h4 style=\"text-align: left;\"><strong>Die Vorteile unserer <\/strong>Holzschachtel &#8222;M\u00e4rchenhafte Weihnachten&#8220; 20x11x10 cm <strong>:<\/strong><\/h4>\n<ul style=\"text-align: left;\">\n<li><strong>Geeignete Gr\u00f6\u00dfe<\/strong>: Die Ma\u00dfe <strong>20 x 11 x 10 cm<\/strong> eignen sich perfekt f\u00fcr einen kleinen Holzscheit.<\/li>\n<li><strong>Festliches Design<\/strong>: Mit ihrer weihnachtlichen \u00c4sthetik verleiht diese <strong>Schachtel<\/strong> Ihren Desserts einen Hauch von Magie.<\/li>\n<li><strong>Optimaler Schutz<\/strong>: Die <strong>Schachtel<\/strong> ist mit einem sicheren Verschluss versehen, der Ihr Holz w\u00e4hrend des Transports oder der Lagerung wirksam sch\u00fctzt.<\/li>\n<li><strong>Zweckm\u00e4\u00dfigkeit<\/strong>: Das Design erm\u00f6glicht eine einfache Handhabung und eine sorgf\u00e4ltige Pr\u00e4sentation.<\/li>\n<\/ul>\n<\/div>\n<\/div>\n<\/div>\n<\/div>\n<\/div>\n<\/div>\n<\/div>\n<\/div>\n<\/div>\n<\/div>\n<\/div>\n<\/div>\n<p>&nbsp;<\/p>\n<\/div>\n<\/div>\n<\/div>\n<\/div>\n<\/div>\n<\/div>\n<\/div>\n<\/div>\n<\/div>\n<\/div>\n<\/div>\n<p><!--more--><\/p>\n<h4>Weitere Informationen zu diesem Produkt :<\/h4>\n<ul style=\"font-family: Roboto, sans-serif;\">\n<li><strong>Verpackung<\/strong>: Packung mit 25 St\u00fcck<\/li>\n<li><span style=\"font-weight: bold;\">Gr\u00f6\u00dfe<\/span>: 20 x 11 x 10 cm (L x B x H)<\/li>\n<\/ul>\n<p>&nbsp;<\/p>\n<p style=\"text-align: left;\"><!--more--><\/p>\n<p><a href=\"https:\/\/www.csj-emballages.com\/de\/categorie-produit\/lebensmittelverpackungen\/backerei-und-konditorei\/schachteln-und-etuis\/holzschachteln\/\">Sehen Sie sich den Rest unseres Sortiments an Holzschachteln an.<\/a><\/p>\n<p>&nbsp;<\/p>\n","protected":false},"excerpt":{"rendered":"<p>Holzkiste Beschreibung unserer Holzschachtel &#8222;M\u00e4rchenhafte Weihnachten&#8220; 20x11x10 cm<\/p>\n","protected":false},"featured_media":187350,"template":"","meta":{"_acf_changed":false},"product_brand":[],"product_cat":[1137,1171,3964,2067,7781],"product_tag":[],"class_list":{"0":"post-126136","1":"product","2":"type-product","3":"status-publish","4":"has-post-thumbnail","6":"product_cat-lebensmittelverpackungen","7":"product_cat-backerei-und-konditorei","8":"product_cat-schachteln-und-etuis","9":"product_cat-holzschachteln","10":"product_cat-holzschachtel-marchenhafte-weihnacht","12":"first","13":"instock","14":"taxable","15":"shipping-taxable","16":"purchasable","17":"product-type-simple"},"acf":[],"yoast_head":"<!-- This site is optimized with the Yoast SEO Premium plugin v26.6 (Yoast SEO v26.6) - https:\/\/yoast.com\/wordpress\/plugins\/seo\/ -->\n<title>Holzkiste 20x11x10 cm - Modell &#039;M\u00e4rchenhafte Weihnachten&#039;.<\/title>\n<meta name=\"description\" content=\"Die Holzschachtel &quot;M\u00e4rchenhafte Weihnachten&quot; 20 x 11 x 10 cm bietet ein festliches Design und optimalen Schutz. Ideal, um Ihre Weihnachtsdesserts mit Eleganz zu verfeinern.\" \/>\n<meta name=\"robots\" content=\"index, follow, max-snippet:-1, max-image-preview:large, max-video-preview:-1\" \/>\n<link rel=\"canonical\" href=\"https:\/\/www.csj-emballages.com\/de\/produit\/25-holzschachteln-marchenhafte-weihnachten-20-x-11-x-10-cm\/\" \/>\n<meta property=\"og:locale\" content=\"de_DE\" \/>\n<meta property=\"og:type\" content=\"article\" \/>\n<meta property=\"og:title\" content=\"Holzschachtel &quot;M\u00e4rchenhafte Weihnachten&quot; 20 x 11 x 10 cm pro 25 St\u00fcck\" \/>\n<meta property=\"og:description\" content=\"Die Holzschachtel &quot;M\u00e4rchenhafte Weihnachten&quot; 20 x 11 x 10 cm bietet ein festliches Design und optimalen Schutz. Ideal, um Ihre Weihnachtsdesserts mit Eleganz zu verfeinern.\" \/>\n<meta property=\"og:url\" content=\"https:\/\/www.csj-emballages.com\/de\/produit\/25-holzschachteln-marchenhafte-weihnachten-20-x-11-x-10-cm\/\" \/>\n<meta property=\"og:site_name\" content=\"CSJ Emballages\" \/>\n<meta property=\"article:publisher\" content=\"https:\/\/www.facebook.com\/csjemballages\" \/>\n<meta property=\"article:modified_time\" content=\"2026-03-12T15:11:28+00:00\" \/>\n<meta property=\"og:image\" content=\"https:\/\/www.csj-emballages.com\/wp-content\/uploads\/2024\/09\/Buche-1-png-e1732692086559.webp\" \/>\n\t<meta property=\"og:image:width\" content=\"1563\" \/>\n\t<meta property=\"og:image:height\" content=\"1563\" \/>\n\t<meta property=\"og:image:type\" content=\"image\/png\" \/>\n<meta name=\"twitter:card\" content=\"summary_large_image\" \/>\n<meta name=\"twitter:label1\" content=\"Gesch\u00e4tzte Lesezeit\" \/>\n\t<meta name=\"twitter:data1\" content=\"3 Minuten\" \/>\n<script type=\"application\/ld+json\" class=\"yoast-schema-graph\">{\"@context\":\"https:\/\/schema.org\",\"@graph\":[{\"@type\":\"WebPage\",\"@id\":\"https:\/\/www.csj-emballages.com\/de\/produit\/25-holzschachteln-marchenhafte-weihnachten-20-x-11-x-10-cm\/\",\"url\":\"https:\/\/www.csj-emballages.com\/de\/produit\/25-holzschachteln-marchenhafte-weihnachten-20-x-11-x-10-cm\/\",\"name\":\"Holzkiste 20x11x10 cm - Modell 'M\u00e4rchenhafte Weihnachten'.\",\"isPartOf\":{\"@id\":\"https:\/\/www.csj-emballages.com\/de\/#website\"},\"primaryImageOfPage\":{\"@id\":\"https:\/\/www.csj-emballages.com\/de\/produit\/25-holzschachteln-marchenhafte-weihnachten-20-x-11-x-10-cm\/#primaryimage\"},\"image\":{\"@id\":\"https:\/\/www.csj-emballages.com\/de\/produit\/25-holzschachteln-marchenhafte-weihnachten-20-x-11-x-10-cm\/#primaryimage\"},\"thumbnailUrl\":\"https:\/\/www.csj-emballages.com\/wp-content\/uploads\/2024\/09\/Buche-1-png-e1732692086559.webp\",\"datePublished\":\"2024-09-06T00:18:12+00:00\",\"dateModified\":\"2026-03-12T15:11:28+00:00\",\"description\":\"Die Holzschachtel \\\"M\u00e4rchenhafte Weihnachten\\\" 20 x 11 x 10 cm bietet ein festliches Design und optimalen Schutz. Ideal, um Ihre Weihnachtsdesserts mit Eleganz zu verfeinern.\",\"breadcrumb\":{\"@id\":\"https:\/\/www.csj-emballages.com\/de\/produit\/25-holzschachteln-marchenhafte-weihnachten-20-x-11-x-10-cm\/#breadcrumb\"},\"inLanguage\":\"de\",\"potentialAction\":[{\"@type\":\"ReadAction\",\"target\":[\"https:\/\/www.csj-emballages.com\/de\/produit\/25-holzschachteln-marchenhafte-weihnachten-20-x-11-x-10-cm\/\"]}]},{\"@type\":\"ImageObject\",\"inLanguage\":\"de\",\"@id\":\"https:\/\/www.csj-emballages.com\/de\/produit\/25-holzschachteln-marchenhafte-weihnachten-20-x-11-x-10-cm\/#primaryimage\",\"url\":\"https:\/\/www.csj-emballages.com\/wp-content\/uploads\/2024\/09\/Buche-1-png-e1732692086559.webp\",\"contentUrl\":\"https:\/\/www.csj-emballages.com\/wp-content\/uploads\/2024\/09\/Buche-1-png-e1732692086559.webp\",\"width\":1563,\"height\":1563,\"caption\":\"boite a buche\"},{\"@type\":\"BreadcrumbList\",\"@id\":\"https:\/\/www.csj-emballages.com\/de\/produit\/25-holzschachteln-marchenhafte-weihnachten-20-x-11-x-10-cm\/#breadcrumb\",\"itemListElement\":[{\"@type\":\"ListItem\",\"position\":1,\"name\":\"Accueil\",\"item\":\"https:\/\/www.csj-emballages.com\/de\/universum-lebensmittelverpackungen\/\"},{\"@type\":\"ListItem\",\"position\":2,\"name\":\"Shop\",\"item\":\"https:\/\/www.csj-emballages.com\/shop\/\"},{\"@type\":\"ListItem\",\"position\":3,\"name\":\"Holzschachtel \u00ab\u00a0M\u00e4rchenhafte Weihnachten\u00a0\u00bb 20 x 11 x 10 cm pro 25 St\u00fcck\"}]},{\"@type\":\"WebSite\",\"@id\":\"https:\/\/www.csj-emballages.com\/de\/#website\",\"url\":\"https:\/\/www.csj-emballages.com\/de\/\",\"name\":\"CSJ Emballages\",\"description\":\"\",\"publisher\":{\"@id\":\"https:\/\/www.csj-emballages.com\/de\/#organization\"},\"potentialAction\":[{\"@type\":\"SearchAction\",\"target\":{\"@type\":\"EntryPoint\",\"urlTemplate\":\"https:\/\/www.csj-emballages.com\/de\/?s={search_term_string}\"},\"query-input\":{\"@type\":\"PropertyValueSpecification\",\"valueRequired\":true,\"valueName\":\"search_term_string\"}}],\"inLanguage\":\"de\"},{\"@type\":\"Organization\",\"@id\":\"https:\/\/www.csj-emballages.com\/de\/#Organization\/\",\"name\":\"CSJ Emballages\",\"url\":\"https:\/\/www.csj-emballages.com\/de\/\",\"logo\":{\"@type\":\"ImageObject\",\"inLanguage\":\"de\",\"@id\":\"https:\/\/www.csj-emballages.com\/de\/#\/schema\/logo\/image\/\",\"url\":\"https:\/\/www.csj-emballages.com\/wp-content\/uploads\/2023\/10\/logo_csj.webp\",\"contentUrl\":\"https:\/\/www.csj-emballages.com\/wp-content\/uploads\/2023\/10\/logo_csj.webp\",\"width\":250,\"height\":95,\"caption\":\"CSJ Emballages\"},\"image\":{\"@id\":\"https:\/\/www.csj-emballages.com\/de\/#\/schema\/logo\/image\/\"},\"sameAs\":[\"https:\/\/www.facebook.com\/csjemballages\"],\"address\":{\"@type\":\"PostalAddress\",\"streetAddress\":\"ZI La Lechere\",\"addressLocality\":\"Patornay\",\"postalCode\":\"39130\",\"addressCountry\":\"FR\"},\"contactPoint\":[{\"@type\":\"ContactPoint\",\"contactType\":\"Service client\",\"telephone\":\"0384254272\",\"email\":\"contact@csj-emballages.com\"}]}]}<\/script>\n<!-- \/ Yoast SEO Premium plugin. -->","yoast_head_json":{"title":"Holzkiste 20x11x10 cm - Modell 'M\u00e4rchenhafte Weihnachten'.","description":"Die Holzschachtel \"M\u00e4rchenhafte Weihnachten\" 20 x 11 x 10 cm bietet ein festliches Design und optimalen Schutz. Ideal, um Ihre Weihnachtsdesserts mit Eleganz zu verfeinern.","robots":{"index":"index","follow":"follow","max-snippet":"max-snippet:-1","max-image-preview":"max-image-preview:large","max-video-preview":"max-video-preview:-1"},"canonical":"https:\/\/www.csj-emballages.com\/de\/produit\/25-holzschachteln-marchenhafte-weihnachten-20-x-11-x-10-cm\/","og_locale":"de_DE","og_type":"article","og_title":"Holzschachtel \"M\u00e4rchenhafte Weihnachten\" 20 x 11 x 10 cm pro 25 St\u00fcck","og_description":"Die Holzschachtel \"M\u00e4rchenhafte Weihnachten\" 20 x 11 x 10 cm bietet ein festliches Design und optimalen Schutz. Ideal, um Ihre Weihnachtsdesserts mit Eleganz zu verfeinern.","og_url":"https:\/\/www.csj-emballages.com\/de\/produit\/25-holzschachteln-marchenhafte-weihnachten-20-x-11-x-10-cm\/","og_site_name":"CSJ Emballages","article_publisher":"https:\/\/www.facebook.com\/csjemballages","article_modified_time":"2026-03-12T15:11:28+00:00","og_image":[{"width":1563,"height":1563,"url":"https:\/\/www.csj-emballages.com\/wp-content\/uploads\/2024\/09\/Buche-1-png-e1732692086559.webp","type":"image\/png"}],"twitter_card":"summary_large_image","twitter_misc":{"Gesch\u00e4tzte Lesezeit":"3 Minuten"},"schema":{"@context":"https:\/\/schema.org","@graph":[{"@type":"WebPage","@id":"https:\/\/www.csj-emballages.com\/de\/produit\/25-holzschachteln-marchenhafte-weihnachten-20-x-11-x-10-cm\/","url":"https:\/\/www.csj-emballages.com\/de\/produit\/25-holzschachteln-marchenhafte-weihnachten-20-x-11-x-10-cm\/","name":"Holzkiste 20x11x10 cm - Modell 'M\u00e4rchenhafte Weihnachten'.","isPartOf":{"@id":"https:\/\/www.csj-emballages.com\/de\/#website"},"primaryImageOfPage":{"@id":"https:\/\/www.csj-emballages.com\/de\/produit\/25-holzschachteln-marchenhafte-weihnachten-20-x-11-x-10-cm\/#primaryimage"},"image":{"@id":"https:\/\/www.csj-emballages.com\/de\/produit\/25-holzschachteln-marchenhafte-weihnachten-20-x-11-x-10-cm\/#primaryimage"},"thumbnailUrl":"https:\/\/www.csj-emballages.com\/wp-content\/uploads\/2024\/09\/Buche-1-png-e1732692086559.webp","datePublished":"2024-09-06T00:18:12+00:00","dateModified":"2026-03-12T15:11:28+00:00","description":"Die Holzschachtel \"M\u00e4rchenhafte Weihnachten\" 20 x 11 x 10 cm bietet ein festliches Design und optimalen Schutz. Ideal, um Ihre Weihnachtsdesserts mit Eleganz zu verfeinern.","breadcrumb":{"@id":"https:\/\/www.csj-emballages.com\/de\/produit\/25-holzschachteln-marchenhafte-weihnachten-20-x-11-x-10-cm\/#breadcrumb"},"inLanguage":"de","potentialAction":[{"@type":"ReadAction","target":["https:\/\/www.csj-emballages.com\/de\/produit\/25-holzschachteln-marchenhafte-weihnachten-20-x-11-x-10-cm\/"]}]},{"@type":"ImageObject","inLanguage":"de","@id":"https:\/\/www.csj-emballages.com\/de\/produit\/25-holzschachteln-marchenhafte-weihnachten-20-x-11-x-10-cm\/#primaryimage","url":"https:\/\/www.csj-emballages.com\/wp-content\/uploads\/2024\/09\/Buche-1-png-e1732692086559.webp","contentUrl":"https:\/\/www.csj-emballages.com\/wp-content\/uploads\/2024\/09\/Buche-1-png-e1732692086559.webp","width":1563,"height":1563,"caption":"boite a buche"},{"@type":"BreadcrumbList","@id":"https:\/\/www.csj-emballages.com\/de\/produit\/25-holzschachteln-marchenhafte-weihnachten-20-x-11-x-10-cm\/#breadcrumb","itemListElement":[{"@type":"ListItem","position":1,"name":"Accueil","item":"https:\/\/www.csj-emballages.com\/de\/universum-lebensmittelverpackungen\/"},{"@type":"ListItem","position":2,"name":"Shop","item":"https:\/\/www.csj-emballages.com\/shop\/"},{"@type":"ListItem","position":3,"name":"Holzschachtel \u00ab\u00a0M\u00e4rchenhafte Weihnachten\u00a0\u00bb 20 x 11 x 10 cm pro 25 St\u00fcck"}]},{"@type":"WebSite","@id":"https:\/\/www.csj-emballages.com\/de\/#website","url":"https:\/\/www.csj-emballages.com\/de\/","name":"CSJ Emballages","description":"","publisher":{"@id":"https:\/\/www.csj-emballages.com\/de\/#organization"},"potentialAction":[{"@type":"SearchAction","target":{"@type":"EntryPoint","urlTemplate":"https:\/\/www.csj-emballages.com\/de\/?s={search_term_string}"},"query-input":{"@type":"PropertyValueSpecification","valueRequired":true,"valueName":"search_term_string"}}],"inLanguage":"de"},{"@type":"Organization","@id":"https:\/\/www.csj-emballages.com\/de\/#Organization\/","name":"CSJ Emballages","url":"https:\/\/www.csj-emballages.com\/de\/","logo":{"@type":"ImageObject","inLanguage":"de","@id":"https:\/\/www.csj-emballages.com\/de\/#\/schema\/logo\/image\/","url":"https:\/\/www.csj-emballages.com\/wp-content\/uploads\/2023\/10\/logo_csj.webp","contentUrl":"https:\/\/www.csj-emballages.com\/wp-content\/uploads\/2023\/10\/logo_csj.webp","width":250,"height":95,"caption":"CSJ Emballages"},"image":{"@id":"https:\/\/www.csj-emballages.com\/de\/#\/schema\/logo\/image\/"},"sameAs":["https:\/\/www.facebook.com\/csjemballages"],"address":{"@type":"PostalAddress","streetAddress":"ZI La Lechere","addressLocality":"Patornay","postalCode":"39130","addressCountry":"FR"},"contactPoint":[{"@type":"ContactPoint","contactType":"Service client","telephone":"0384254272","email":"contact@csj-emballages.com"}]}]}},"df_price":12.56,"df_sale_price":"","df_regular_price":12.56,"df_image_link":"https:\/\/www.csj-emballages.com\/wp-content\/uploads\/2024\/09\/Buche-1-300x300.webp","tiered_pricing_type":"fixed","tiered_pricing_fixed_rules":[],"tiered_pricing_percentage_rules":[],"tiered_pricing_minimum":1,"tiered_pricing_roles_data":[],"_links":{"self":[{"href":"https:\/\/www.csj-emballages.com\/de\/wp-json\/wp\/v2\/product\/126136","targetHints":{"allow":["GET"]}}],"collection":[{"href":"https:\/\/www.csj-emballages.com\/de\/wp-json\/wp\/v2\/product"}],"about":[{"href":"https:\/\/www.csj-emballages.com\/de\/wp-json\/wp\/v2\/types\/product"}],"wp:featuredmedia":[{"embeddable":true,"href":"https:\/\/www.csj-emballages.com\/de\/wp-json\/wp\/v2\/media\/187350"}],"wp:attachment":[{"href":"https:\/\/www.csj-emballages.com\/de\/wp-json\/wp\/v2\/media?parent=126136"}],"wp:term":[{"taxonomy":"product_brand","embeddable":true,"href":"https:\/\/www.csj-emballages.com\/de\/wp-json\/wp\/v2\/product_brand?post=126136"},{"taxonomy":"product_cat","embeddable":true,"href":"https:\/\/www.csj-emballages.com\/de\/wp-json\/wp\/v2\/product_cat?post=126136"},{"taxonomy":"product_tag","embeddable":true,"href":"https:\/\/www.csj-emballages.com\/de\/wp-json\/wp\/v2\/product_tag?post=126136"}],"curies":[{"name":"wp","href":"https:\/\/api.w.org\/{rel}","templated":true}]}}