{"id":126133,"date":"2024-09-03T02:18:12","date_gmt":"2024-09-03T00:18:12","guid":{"rendered":"https:\/\/www.csj-emballages.com\/produit\/besen-1-2-kopf-chinaseide-38cm-pp-rahmen-mit-buchse-und-integrierter-schraube\/"},"modified":"2026-05-14T02:10:52","modified_gmt":"2026-05-14T00:10:52","slug":"besen-1-2-kopf-chinaseide-38cm-pp-rahmen-mit-buchse-und-integrierter-schraube","status":"publish","type":"product","link":"https:\/\/www.csj-emballages.com\/de\/produit\/besen-1-2-kopf-chinaseide-38cm-pp-rahmen-mit-buchse-und-integrierter-schraube\/","title":{"rendered":"Besen 1\/2 Kopf Chinaseide 38cm PP-Rahmen mit Buchse und integrierter Schraube"},"content":{"rendered":"<h2>Besen 1\/2 Kopf Chinaseide 38cm PP-Rahmen mit Buchse und integrierter Schraube<\/h2>\n<hr>\n<h3>Beschreibung des Produkts<\/h3>\n<p><!--more--><\/p>\n<p>Der 38 cm lange Halbkopfbesen Chinaseide mit seinem Polypropylenrahmen wurde mit Fasern aus Chinaseide hergestellt. Diese Fasern erm\u00f6glichen ein sanftes und effizientes Kehren, das sich perfekt f\u00fcr empfindliche Oberfl\u00e4chen eignet. Der PP-Rahmen sorgt f\u00fcr ein geringes Gewicht und eine einfache Handhabung, auch bei l\u00e4ngerem Gebrauch. Dieser Besen ist au\u00dferdem mit einer integrierten Schraubh\u00fclse ausgestattet, die die Montage des Stiels erleichtert und eine stabile und dauerhafte Befestigung gew\u00e4hrleistet.   <\/p>\n<p>Dank seiner Gr\u00f6\u00dfe von 38 cm ist er breit genug, um eine gro\u00dfe Reinigungsfl\u00e4che abzudecken, und gleichzeitig kompakt genug, um auch schwer zug\u00e4ngliche Ecken zu erreichen. Dieser Halbkopfbesen mit Chinaseide eignet sich sowohl f\u00fcr professionelle Reinigungskr\u00e4fte als auch f\u00fcr den anspruchsvollen Privathaushalt. Mit seinen hochwertigen Materialien und dem funktionalen Design vereint er Leistung und Haltbarkeit.  <\/p>\n<p>&nbsp;<\/p>\n<p><!--more--><\/p>\n<p>Ein Muss f\u00fcr alle, die ein zuverl\u00e4ssiges und praktisches Werkzeug f\u00fcr ihre t\u00e4glichen Reinigungsaufgaben suchen.<\/p>\n<p>&nbsp;<\/p>\n<p><!--more--><\/p>\n<p><strong>Ihre Vorteile :<\/strong><\/p>\n<ul>\n<li><strong>Verbesserte Man\u00f6vrierf\u00e4higkeit<\/strong>: Dank ihrer kompakteren Gr\u00f6\u00dfe sind sie leichter zu handhaben.<\/li>\n<li><strong>Zugang zu schwierigen Stellen<\/strong>: Der kleine Kopf erm\u00f6glicht das Reinigen von engen Ecken, die von Besen mit vollem Kopf nicht erreicht werden k\u00f6nnen.<\/li>\n<li><strong>Vielseitigkeit<\/strong>: Diese Besen eignen sich sowohl f\u00fcr den privaten als auch f\u00fcr den professionellen Gebrauch.<\/li>\n<li><strong>Einfache Aufbewahr<\/strong> ung: Durch das kompakte Format sind sie leicht zu verstauen.<\/li>\n<\/ul>\n<p>&nbsp;<\/p>\n<p><!--more--><\/p>\n<p>Hier sind die Besenstiele, die zu diesem Besen passen: <span style=\"color: #d12727;\"><a style=\"color: #d12727;\" href=\"https:\/\/www.csj-emballages.com\/de\/produit\/aluminiumstiel-mit-schrauben-blau-franzoesisch-140-cm\/\">MANCHALUVIS<\/a><\/span> \/ <span style=\"color: #d12727;\"><a style=\"color: #d12727;\" href=\"https:\/\/www.csj-emballages.com\/de\/produit\/natuerlicher-stiel-130-m-mit-schraube\/\">MANCHNAT130VIS<\/a><\/span><\/p>\n<p>&nbsp;<\/p>\n<p><!--more--><\/p>\n<p><a href=\"https:\/\/www.csj-emballages.com\/de\/categorie-produit\/hygiene-und-pflege\/bursten-und-besen\/besen-burste-staubwedel\/besen-kehrblech-staubwedel\/\">Sehen Sie sich den Rest unseres Sortiments an Besen \/ Kehrblech und Staubwedel an.  <\/a><\/p>\n","protected":false},"excerpt":{"rendered":"<p>Besen 1\/2 Kopf Chinaseide 38cm PP-Rahmen mit Buchse und integrierter Schraube Beschreibung des Produkts<\/p>\n","protected":false},"featured_media":93910,"template":"","meta":{"_acf_changed":false},"product_brand":[],"product_cat":[1218,1449,1845,1846],"product_tag":[],"class_list":{"0":"post-126133","1":"product","2":"type-product","3":"status-publish","4":"has-post-thumbnail","6":"product_cat-hygiene-und-pflege","7":"product_cat-bursten-und-besen","8":"product_cat-besen-burste-staubwedel","9":"product_cat-besen-kehrblech-staubwedel","11":"first","12":"instock","13":"taxable","14":"shipping-taxable","15":"purchasable","16":"product-type-simple"},"acf":[],"yoast_head":"<!-- This site is optimized with the Yoast SEO Premium plugin v26.6 (Yoast SEO v26.6) - https:\/\/yoast.com\/wordpress\/plugins\/seo\/ -->\n<title>Halber Kopfbesen aus chinesischer Seide \/ CSJ Verpackungen<\/title>\n<meta name=\"description\" content=\"Entdecken Sie den 38 cm langen Halbkopfbesen aus Chinaseide mit PP-Rahmen und integrierter Schraubfassung. Er ist kompakt, handlich und ideal f\u00fcr eine pr\u00e4zise Reinigung.\" \/>\n<meta name=\"robots\" content=\"index, follow, max-snippet:-1, max-image-preview:large, max-video-preview:-1\" \/>\n<link rel=\"canonical\" href=\"https:\/\/www.csj-emballages.com\/de\/produit\/besen-1-2-kopf-chinaseide-38cm-pp-rahmen-mit-buchse-und-integrierter-schraube\/\" \/>\n<meta property=\"og:locale\" content=\"de_DE\" \/>\n<meta property=\"og:type\" content=\"article\" \/>\n<meta property=\"og:title\" content=\"Besen 1\/2 Kopf Chinaseide 38cm PP-Rahmen mit Buchse und integrierter Schraube\" \/>\n<meta property=\"og:description\" content=\"Entdecken Sie den 38 cm langen Halbkopfbesen aus Chinaseide mit PP-Rahmen und integrierter Schraubfassung. Er ist kompakt, handlich und ideal f\u00fcr eine pr\u00e4zise Reinigung.\" \/>\n<meta property=\"og:url\" content=\"https:\/\/www.csj-emballages.com\/de\/produit\/besen-1-2-kopf-chinaseide-38cm-pp-rahmen-mit-buchse-und-integrierter-schraube\/\" \/>\n<meta property=\"og:site_name\" content=\"CSJ Emballages\" \/>\n<meta property=\"article:publisher\" content=\"https:\/\/www.facebook.com\/csjemballages\" \/>\n<meta property=\"article:modified_time\" content=\"2026-05-14T00:10:52+00:00\" \/>\n<meta property=\"og:image\" content=\"https:\/\/www.csj-emballages.com\/wp-content\/uploads\/2024\/09\/balai-1-2-tete-soies-de-chine-monture-pp-douille-vis-integree-jpg.webp\" \/>\n\t<meta property=\"og:image:width\" content=\"458\" \/>\n\t<meta property=\"og:image:height\" content=\"458\" \/>\n\t<meta property=\"og:image:type\" content=\"image\/jpeg\" \/>\n<meta name=\"twitter:card\" content=\"summary_large_image\" \/>\n<meta name=\"twitter:label1\" content=\"Gesch\u00e4tzte Lesezeit\" \/>\n\t<meta name=\"twitter:data1\" content=\"1\u00a0Minute\" \/>\n<script type=\"application\/ld+json\" class=\"yoast-schema-graph\">{\"@context\":\"https:\/\/schema.org\",\"@graph\":[{\"@type\":\"WebPage\",\"@id\":\"https:\/\/www.csj-emballages.com\/de\/produit\/besen-1-2-kopf-chinaseide-38cm-pp-rahmen-mit-buchse-und-integrierter-schraube\/\",\"url\":\"https:\/\/www.csj-emballages.com\/de\/produit\/besen-1-2-kopf-chinaseide-38cm-pp-rahmen-mit-buchse-und-integrierter-schraube\/\",\"name\":\"Halber Kopfbesen aus chinesischer Seide \/ CSJ Verpackungen\",\"isPartOf\":{\"@id\":\"https:\/\/www.csj-emballages.com\/de\/#website\"},\"primaryImageOfPage\":{\"@id\":\"https:\/\/www.csj-emballages.com\/de\/produit\/besen-1-2-kopf-chinaseide-38cm-pp-rahmen-mit-buchse-und-integrierter-schraube\/#primaryimage\"},\"image\":{\"@id\":\"https:\/\/www.csj-emballages.com\/de\/produit\/besen-1-2-kopf-chinaseide-38cm-pp-rahmen-mit-buchse-und-integrierter-schraube\/#primaryimage\"},\"thumbnailUrl\":\"https:\/\/www.csj-emballages.com\/wp-content\/uploads\/2024\/09\/balai-1-2-tete-soies-de-chine-monture-pp-douille-vis-integree-jpg.webp\",\"datePublished\":\"2024-09-03T00:18:12+00:00\",\"dateModified\":\"2026-05-14T00:10:52+00:00\",\"description\":\"Entdecken Sie den 38 cm langen Halbkopfbesen aus Chinaseide mit PP-Rahmen und integrierter Schraubfassung. Er ist kompakt, handlich und ideal f\u00fcr eine pr\u00e4zise Reinigung.\",\"breadcrumb\":{\"@id\":\"https:\/\/www.csj-emballages.com\/de\/produit\/besen-1-2-kopf-chinaseide-38cm-pp-rahmen-mit-buchse-und-integrierter-schraube\/#breadcrumb\"},\"inLanguage\":\"de\",\"potentialAction\":[{\"@type\":\"ReadAction\",\"target\":[\"https:\/\/www.csj-emballages.com\/de\/produit\/besen-1-2-kopf-chinaseide-38cm-pp-rahmen-mit-buchse-und-integrierter-schraube\/\"]}]},{\"@type\":\"ImageObject\",\"inLanguage\":\"de\",\"@id\":\"https:\/\/www.csj-emballages.com\/de\/produit\/besen-1-2-kopf-chinaseide-38cm-pp-rahmen-mit-buchse-und-integrierter-schraube\/#primaryimage\",\"url\":\"https:\/\/www.csj-emballages.com\/wp-content\/uploads\/2024\/09\/balai-1-2-tete-soies-de-chine-monture-pp-douille-vis-integree-jpg.webp\",\"contentUrl\":\"https:\/\/www.csj-emballages.com\/wp-content\/uploads\/2024\/09\/balai-1-2-tete-soies-de-chine-monture-pp-douille-vis-integree-jpg.webp\",\"width\":458,\"height\":458,\"caption\":\"balai demi-t\u00eate soie de Chine\"},{\"@type\":\"BreadcrumbList\",\"@id\":\"https:\/\/www.csj-emballages.com\/de\/produit\/besen-1-2-kopf-chinaseide-38cm-pp-rahmen-mit-buchse-und-integrierter-schraube\/#breadcrumb\",\"itemListElement\":[{\"@type\":\"ListItem\",\"position\":1,\"name\":\"Accueil\",\"item\":\"https:\/\/www.csj-emballages.com\/de\/universum-lebensmittelverpackungen\/\"},{\"@type\":\"ListItem\",\"position\":2,\"name\":\"Shop\",\"item\":\"https:\/\/www.csj-emballages.com\/shop\/\"},{\"@type\":\"ListItem\",\"position\":3,\"name\":\"Besen 1\/2 Kopf Chinaseide 38cm PP-Rahmen mit Buchse und integrierter Schraube\"}]},{\"@type\":\"WebSite\",\"@id\":\"https:\/\/www.csj-emballages.com\/de\/#website\",\"url\":\"https:\/\/www.csj-emballages.com\/de\/\",\"name\":\"CSJ Emballages\",\"description\":\"\",\"publisher\":{\"@id\":\"https:\/\/www.csj-emballages.com\/de\/#organization\"},\"potentialAction\":[{\"@type\":\"SearchAction\",\"target\":{\"@type\":\"EntryPoint\",\"urlTemplate\":\"https:\/\/www.csj-emballages.com\/de\/?s={search_term_string}\"},\"query-input\":{\"@type\":\"PropertyValueSpecification\",\"valueRequired\":true,\"valueName\":\"search_term_string\"}}],\"inLanguage\":\"de\"},{\"@type\":\"Organization\",\"@id\":\"https:\/\/www.csj-emballages.com\/de\/#Organization\/\",\"name\":\"CSJ Emballages\",\"url\":\"https:\/\/www.csj-emballages.com\/de\/\",\"logo\":{\"@type\":\"ImageObject\",\"inLanguage\":\"de\",\"@id\":\"https:\/\/www.csj-emballages.com\/de\/#\/schema\/logo\/image\/\",\"url\":\"https:\/\/www.csj-emballages.com\/wp-content\/uploads\/2023\/10\/logo_csj.webp\",\"contentUrl\":\"https:\/\/www.csj-emballages.com\/wp-content\/uploads\/2023\/10\/logo_csj.webp\",\"width\":250,\"height\":95,\"caption\":\"CSJ Emballages\"},\"image\":{\"@id\":\"https:\/\/www.csj-emballages.com\/de\/#\/schema\/logo\/image\/\"},\"sameAs\":[\"https:\/\/www.facebook.com\/csjemballages\"],\"address\":{\"@type\":\"PostalAddress\",\"streetAddress\":\"ZI La Lechere\",\"addressLocality\":\"Patornay\",\"postalCode\":\"39130\",\"addressCountry\":\"FR\"},\"contactPoint\":[{\"@type\":\"ContactPoint\",\"contactType\":\"Service client\",\"telephone\":\"0384254272\",\"email\":\"contact@csj-emballages.com\"}]}]}<\/script>\n<!-- \/ Yoast SEO Premium plugin. -->","yoast_head_json":{"title":"Halber Kopfbesen aus chinesischer Seide \/ CSJ Verpackungen","description":"Entdecken Sie den 38 cm langen Halbkopfbesen aus Chinaseide mit PP-Rahmen und integrierter Schraubfassung. Er ist kompakt, handlich und ideal f\u00fcr eine pr\u00e4zise Reinigung.","robots":{"index":"index","follow":"follow","max-snippet":"max-snippet:-1","max-image-preview":"max-image-preview:large","max-video-preview":"max-video-preview:-1"},"canonical":"https:\/\/www.csj-emballages.com\/de\/produit\/besen-1-2-kopf-chinaseide-38cm-pp-rahmen-mit-buchse-und-integrierter-schraube\/","og_locale":"de_DE","og_type":"article","og_title":"Besen 1\/2 Kopf Chinaseide 38cm PP-Rahmen mit Buchse und integrierter Schraube","og_description":"Entdecken Sie den 38 cm langen Halbkopfbesen aus Chinaseide mit PP-Rahmen und integrierter Schraubfassung. Er ist kompakt, handlich und ideal f\u00fcr eine pr\u00e4zise Reinigung.","og_url":"https:\/\/www.csj-emballages.com\/de\/produit\/besen-1-2-kopf-chinaseide-38cm-pp-rahmen-mit-buchse-und-integrierter-schraube\/","og_site_name":"CSJ Emballages","article_publisher":"https:\/\/www.facebook.com\/csjemballages","article_modified_time":"2026-05-14T00:10:52+00:00","og_image":[{"width":458,"height":458,"url":"https:\/\/www.csj-emballages.com\/wp-content\/uploads\/2024\/09\/balai-1-2-tete-soies-de-chine-monture-pp-douille-vis-integree-jpg.webp","type":"image\/jpeg"}],"twitter_card":"summary_large_image","twitter_misc":{"Gesch\u00e4tzte Lesezeit":"1\u00a0Minute"},"schema":{"@context":"https:\/\/schema.org","@graph":[{"@type":"WebPage","@id":"https:\/\/www.csj-emballages.com\/de\/produit\/besen-1-2-kopf-chinaseide-38cm-pp-rahmen-mit-buchse-und-integrierter-schraube\/","url":"https:\/\/www.csj-emballages.com\/de\/produit\/besen-1-2-kopf-chinaseide-38cm-pp-rahmen-mit-buchse-und-integrierter-schraube\/","name":"Halber Kopfbesen aus chinesischer Seide \/ CSJ Verpackungen","isPartOf":{"@id":"https:\/\/www.csj-emballages.com\/de\/#website"},"primaryImageOfPage":{"@id":"https:\/\/www.csj-emballages.com\/de\/produit\/besen-1-2-kopf-chinaseide-38cm-pp-rahmen-mit-buchse-und-integrierter-schraube\/#primaryimage"},"image":{"@id":"https:\/\/www.csj-emballages.com\/de\/produit\/besen-1-2-kopf-chinaseide-38cm-pp-rahmen-mit-buchse-und-integrierter-schraube\/#primaryimage"},"thumbnailUrl":"https:\/\/www.csj-emballages.com\/wp-content\/uploads\/2024\/09\/balai-1-2-tete-soies-de-chine-monture-pp-douille-vis-integree-jpg.webp","datePublished":"2024-09-03T00:18:12+00:00","dateModified":"2026-05-14T00:10:52+00:00","description":"Entdecken Sie den 38 cm langen Halbkopfbesen aus Chinaseide mit PP-Rahmen und integrierter Schraubfassung. Er ist kompakt, handlich und ideal f\u00fcr eine pr\u00e4zise Reinigung.","breadcrumb":{"@id":"https:\/\/www.csj-emballages.com\/de\/produit\/besen-1-2-kopf-chinaseide-38cm-pp-rahmen-mit-buchse-und-integrierter-schraube\/#breadcrumb"},"inLanguage":"de","potentialAction":[{"@type":"ReadAction","target":["https:\/\/www.csj-emballages.com\/de\/produit\/besen-1-2-kopf-chinaseide-38cm-pp-rahmen-mit-buchse-und-integrierter-schraube\/"]}]},{"@type":"ImageObject","inLanguage":"de","@id":"https:\/\/www.csj-emballages.com\/de\/produit\/besen-1-2-kopf-chinaseide-38cm-pp-rahmen-mit-buchse-und-integrierter-schraube\/#primaryimage","url":"https:\/\/www.csj-emballages.com\/wp-content\/uploads\/2024\/09\/balai-1-2-tete-soies-de-chine-monture-pp-douille-vis-integree-jpg.webp","contentUrl":"https:\/\/www.csj-emballages.com\/wp-content\/uploads\/2024\/09\/balai-1-2-tete-soies-de-chine-monture-pp-douille-vis-integree-jpg.webp","width":458,"height":458,"caption":"balai demi-t\u00eate soie de Chine"},{"@type":"BreadcrumbList","@id":"https:\/\/www.csj-emballages.com\/de\/produit\/besen-1-2-kopf-chinaseide-38cm-pp-rahmen-mit-buchse-und-integrierter-schraube\/#breadcrumb","itemListElement":[{"@type":"ListItem","position":1,"name":"Accueil","item":"https:\/\/www.csj-emballages.com\/de\/universum-lebensmittelverpackungen\/"},{"@type":"ListItem","position":2,"name":"Shop","item":"https:\/\/www.csj-emballages.com\/shop\/"},{"@type":"ListItem","position":3,"name":"Besen 1\/2 Kopf Chinaseide 38cm PP-Rahmen mit Buchse und integrierter Schraube"}]},{"@type":"WebSite","@id":"https:\/\/www.csj-emballages.com\/de\/#website","url":"https:\/\/www.csj-emballages.com\/de\/","name":"CSJ Emballages","description":"","publisher":{"@id":"https:\/\/www.csj-emballages.com\/de\/#organization"},"potentialAction":[{"@type":"SearchAction","target":{"@type":"EntryPoint","urlTemplate":"https:\/\/www.csj-emballages.com\/de\/?s={search_term_string}"},"query-input":{"@type":"PropertyValueSpecification","valueRequired":true,"valueName":"search_term_string"}}],"inLanguage":"de"},{"@type":"Organization","@id":"https:\/\/www.csj-emballages.com\/de\/#Organization\/","name":"CSJ Emballages","url":"https:\/\/www.csj-emballages.com\/de\/","logo":{"@type":"ImageObject","inLanguage":"de","@id":"https:\/\/www.csj-emballages.com\/de\/#\/schema\/logo\/image\/","url":"https:\/\/www.csj-emballages.com\/wp-content\/uploads\/2023\/10\/logo_csj.webp","contentUrl":"https:\/\/www.csj-emballages.com\/wp-content\/uploads\/2023\/10\/logo_csj.webp","width":250,"height":95,"caption":"CSJ Emballages"},"image":{"@id":"https:\/\/www.csj-emballages.com\/de\/#\/schema\/logo\/image\/"},"sameAs":["https:\/\/www.facebook.com\/csjemballages"],"address":{"@type":"PostalAddress","streetAddress":"ZI La Lechere","addressLocality":"Patornay","postalCode":"39130","addressCountry":"FR"},"contactPoint":[{"@type":"ContactPoint","contactType":"Service client","telephone":"0384254272","email":"contact@csj-emballages.com"}]}]}},"df_price":6.35,"df_sale_price":"","df_regular_price":6.35,"df_image_link":"https:\/\/www.csj-emballages.com\/wp-content\/uploads\/2024\/09\/balai-1-2-tete-soies-de-chine-monture-pp-douille-vis-integree-300x300.webp","tiered_pricing_type":"fixed","tiered_pricing_fixed_rules":[],"tiered_pricing_percentage_rules":[],"tiered_pricing_minimum":1,"tiered_pricing_roles_data":[],"_links":{"self":[{"href":"https:\/\/www.csj-emballages.com\/de\/wp-json\/wp\/v2\/product\/126133","targetHints":{"allow":["GET"]}}],"collection":[{"href":"https:\/\/www.csj-emballages.com\/de\/wp-json\/wp\/v2\/product"}],"about":[{"href":"https:\/\/www.csj-emballages.com\/de\/wp-json\/wp\/v2\/types\/product"}],"wp:featuredmedia":[{"embeddable":true,"href":"https:\/\/www.csj-emballages.com\/de\/wp-json\/wp\/v2\/media\/93910"}],"wp:attachment":[{"href":"https:\/\/www.csj-emballages.com\/de\/wp-json\/wp\/v2\/media?parent=126133"}],"wp:term":[{"taxonomy":"product_brand","embeddable":true,"href":"https:\/\/www.csj-emballages.com\/de\/wp-json\/wp\/v2\/product_brand?post=126133"},{"taxonomy":"product_cat","embeddable":true,"href":"https:\/\/www.csj-emballages.com\/de\/wp-json\/wp\/v2\/product_cat?post=126133"},{"taxonomy":"product_tag","embeddable":true,"href":"https:\/\/www.csj-emballages.com\/de\/wp-json\/wp\/v2\/product_tag?post=126133"}],"curies":[{"name":"wp","href":"https:\/\/api.w.org\/{rel}","templated":true}]}}