{"id":126114,"date":"2024-08-30T02:18:17","date_gmt":"2024-08-30T00:18:17","guid":{"rendered":"https:\/\/www.csj-emballages.com\/produit\/250-aperitifspiesse-bambus-flach-150-mm\/"},"modified":"2026-05-01T02:13:52","modified_gmt":"2026-05-01T00:13:52","slug":"250-aperitifspiesse-bambus-flach-150-mm","status":"publish","type":"product","link":"https:\/\/www.csj-emballages.com\/de\/produit\/250-aperitifspiesse-bambus-flach-150-mm\/","title":{"rendered":"Aperitifspie\u00dfe Bambus flach 150 mm pro 250"},"content":{"rendered":"<h2 class=\"p1\">Bambus-Ap\u00e9ro-Picknicks<\/h2>\n<hr>\n<h3>Beschreibung von Aperitifspie\u00dfe Bambus flach 150 mm pro 250<\/h3>\n<p><!--more--><\/p>\n<p>Entdecken Sie unsere <strong>Bambus-Ap\u00e9rospie\u00dfe 150 mm<\/strong>, das unverzichtbare Accessoire f\u00fcr Ihre Empf\u00e4nge. Diese eleganten und umweltfreundlichen Spie\u00dfe eignen sich perfekt, um Ihre Aperitif-, Tapas- und Dessertpr\u00e4sentationen zu veredeln. Sie werden aus nat\u00fcrlichem Bambus hergestellt und sind sowohl robust als auch umweltfreundlich. Ihr flaches Design liegt gut in der Hand und sorgt daf\u00fcr, dass sie von Ihren G\u00e4sten bequem benutzt werden k\u00f6nnen. Ob f\u00fcr Spie\u00dfe, H\u00e4ppchen oder Obst, diese Spie\u00dfe garantieren eine gepflegte und moderne Pr\u00e4sentation. Bambus bietet eine nachhaltige Alternative zu Plastikspie\u00dfen. Sie sind praktisch und widerstandsf\u00e4hig und eignen sich sowohl f\u00fcr den t\u00e4glichen Gebrauch als auch f\u00fcr besondere Anl\u00e4sse. Ihre Gr\u00f6\u00dfe von 150 mm ist ideal f\u00fcr eine Vielzahl von Speisen, ohne zu \u00fcbertreiben. Jeder <strong>Bambusspie\u00df<\/strong> wird sorgf\u00e4ltig poliert, um eine glatte, griffige Oberfl\u00e4che zu bieten. Verleihen Sie Ihren kulinarischen Kreationen Stil, w\u00e4hrend Sie gleichzeitig den Planeten respektieren.         <\/p>\n<p>&nbsp;<\/p>\n<p><!--more--><\/p>\n<p>Testen Sie diese 150 mm Bambus-Ap\u00e9rospie\u00dfe und machen Sie Ihre Aperitifs zu einem einzigartigen und geselligen Moment.<\/p>\n<p>&nbsp;<\/p>\n<p><!--more--><\/p>\n<p><strong>Ihre Vorteile :<\/strong><\/p>\n<ul>\n<li><strong>Umweltfreundlich<\/strong>: Hergestellt aus nat\u00fcrlichem Bambus, sind diese Spie\u00dfe biologisch abbaubar und umweltfreundlich.<\/li>\n<li><strong>Robust<\/strong>: Trotz ihres geringen Gewichts sind diese Spie\u00dfe stabil und brechen nicht leicht.<\/li>\n<li><strong>Vielseitig<\/strong> einsetzbar : Ideal f\u00fcr Aperitife, Spie\u00dfe, Obst und Desserts, sie passen sich an verschiedene Arten von Speisen an.<\/li>\n<li><strong>Hygienisch<\/strong>: F\u00fcr den einmaligen Gebrauch konzipiert, bieten sie eine praktische und saubere L\u00f6sung f\u00fcr Ihre Veranstaltungen.<\/li>\n<\/ul>\n<p>&nbsp;<\/p>\n<p><!--more--><\/p>\n<h4>Weitere Informationen :<\/h4>\n<ul>\n<li><strong>Verpackung<\/strong>: Packung mit 250<\/li>\n<li><strong>Ma\u00dfe<\/strong>: 150 mm<\/li>\n<li><strong>Material<\/strong>: Holz<\/li>\n<\/ul>\n<p>&nbsp;<\/p>\n<p><!--more--><\/p>\n<p>Dieses Produkt ist in verschiedenen Gr\u00f6\u00dfen erh\u00e4ltlich: <span style=\"color: #d12727\"><a style=\"color: #d12727\" href=\"https:\/\/www.csj-emballages.com\/produit\/250-piques-aperitifs-bambous-plat-105-mm\/\">105 mm<\/a><\/span> \/ <span style=\"color: #d12727\"><a style=\"color: #d12727\" href=\"https:\/\/www.csj-emballages.com\/produit\/250-piques-aperitifs-bambous-plat-200-mm\/\">200 mm<\/a><\/span><\/p>\n<p>&nbsp;<\/p>\n<p><!--more--><\/p>\n<p><a href=\"https:\/\/www.csj-emballages.com\/de\/categorie-produit\/lebensmittelverpackungen\/metzgerei-und-feinkostgeschaft\/nahrungsmittelspiese\/aperitifpicknicks\/aperitifspiese-aus-holz\/\">Sehen Sie sich den Rest unseres Sortiments an Holzspie\u00dfen an.<\/a><\/p>\n","protected":false},"excerpt":{"rendered":"<p>Bambus-Ap\u00e9ro-Picknicks Beschreibung von Aperitifspie\u00dfe Bambus flach 150 mm pro 250<\/p>\n","protected":false},"featured_media":225249,"template":"","meta":{"_acf_changed":false},"product_brand":[],"product_cat":[1137,1170,3963,1822,1830],"product_tag":[],"class_list":{"0":"post-126114","1":"product","2":"type-product","3":"status-publish","4":"has-post-thumbnail","6":"product_cat-lebensmittelverpackungen","7":"product_cat-metzgerei-und-feinkostgeschaft","8":"product_cat-nahrungsmittelspiese","9":"product_cat-aperitifpicknicks","10":"product_cat-aperitifspiese-aus-holz","12":"first","13":"instock","14":"taxable","15":"shipping-taxable","16":"purchasable","17":"product-type-simple"},"acf":[],"yoast_head":"<!-- This site is optimized with the Yoast SEO Premium plugin v26.6 (Yoast SEO v26.6) - https:\/\/yoast.com\/wordpress\/plugins\/seo\/ -->\n<title>Aperitifspie\u00dfe Bambus flach 150 mm pro 250<\/title>\n<meta name=\"description\" content=\"Unsere 150 mm langen Bambus-Ap\u00e9rospie\u00dfe sind ab sofort erh\u00e4ltlich! Verwenden Sie sie f\u00fcr Buffets, Empf\u00e4nge oder einfach nur im Kreise der Familie!\" \/>\n<meta name=\"robots\" content=\"index, follow, max-snippet:-1, max-image-preview:large, max-video-preview:-1\" \/>\n<link rel=\"canonical\" href=\"https:\/\/www.csj-emballages.com\/de\/produit\/250-aperitifspiesse-bambus-flach-150-mm\/\" \/>\n<meta property=\"og:locale\" content=\"de_DE\" \/>\n<meta property=\"og:type\" content=\"article\" \/>\n<meta property=\"og:title\" content=\"Aperitifspie\u00dfe Bambus flach 150 mm pro 250\" \/>\n<meta property=\"og:description\" content=\"Unsere 150 mm langen Bambus-Ap\u00e9rospie\u00dfe sind ab sofort erh\u00e4ltlich! Verwenden Sie sie f\u00fcr Buffets, Empf\u00e4nge oder einfach nur im Kreise der Familie!\" \/>\n<meta property=\"og:url\" content=\"https:\/\/www.csj-emballages.com\/de\/produit\/250-aperitifspiesse-bambus-flach-150-mm\/\" \/>\n<meta property=\"og:site_name\" content=\"CSJ Emballages\" \/>\n<meta property=\"article:publisher\" content=\"https:\/\/www.facebook.com\/csjemballages\" \/>\n<meta property=\"article:modified_time\" content=\"2026-05-01T00:13:52+00:00\" \/>\n<meta property=\"og:image\" content=\"https:\/\/www.csj-emballages.com\/wp-content\/uploads\/2024\/08\/Piques-bambou-plat.webp\" \/>\n\t<meta property=\"og:image:width\" content=\"800\" \/>\n\t<meta property=\"og:image:height\" content=\"800\" \/>\n\t<meta property=\"og:image:type\" content=\"image\/webp\" \/>\n<meta name=\"twitter:card\" content=\"summary_large_image\" \/>\n<meta name=\"twitter:label1\" content=\"Gesch\u00e4tzte Lesezeit\" \/>\n\t<meta name=\"twitter:data1\" content=\"1\u00a0Minute\" \/>\n<script type=\"application\/ld+json\" class=\"yoast-schema-graph\">{\"@context\":\"https:\/\/schema.org\",\"@graph\":[{\"@type\":\"WebPage\",\"@id\":\"https:\/\/www.csj-emballages.com\/de\/produit\/250-aperitifspiesse-bambus-flach-150-mm\/\",\"url\":\"https:\/\/www.csj-emballages.com\/de\/produit\/250-aperitifspiesse-bambus-flach-150-mm\/\",\"name\":\"Aperitifspie\u00dfe Bambus flach 150 mm pro 250\",\"isPartOf\":{\"@id\":\"https:\/\/www.csj-emballages.com\/de\/#website\"},\"primaryImageOfPage\":{\"@id\":\"https:\/\/www.csj-emballages.com\/de\/produit\/250-aperitifspiesse-bambus-flach-150-mm\/#primaryimage\"},\"image\":{\"@id\":\"https:\/\/www.csj-emballages.com\/de\/produit\/250-aperitifspiesse-bambus-flach-150-mm\/#primaryimage\"},\"thumbnailUrl\":\"https:\/\/www.csj-emballages.com\/wp-content\/uploads\/2024\/08\/Piques-bambou-plat.webp\",\"datePublished\":\"2024-08-30T00:18:17+00:00\",\"dateModified\":\"2026-05-01T00:13:52+00:00\",\"description\":\"Unsere 150 mm langen Bambus-Ap\u00e9rospie\u00dfe sind ab sofort erh\u00e4ltlich! Verwenden Sie sie f\u00fcr Buffets, Empf\u00e4nge oder einfach nur im Kreise der Familie!\",\"breadcrumb\":{\"@id\":\"https:\/\/www.csj-emballages.com\/de\/produit\/250-aperitifspiesse-bambus-flach-150-mm\/#breadcrumb\"},\"inLanguage\":\"de\",\"potentialAction\":[{\"@type\":\"ReadAction\",\"target\":[\"https:\/\/www.csj-emballages.com\/de\/produit\/250-aperitifspiesse-bambus-flach-150-mm\/\"]}]},{\"@type\":\"ImageObject\",\"inLanguage\":\"de\",\"@id\":\"https:\/\/www.csj-emballages.com\/de\/produit\/250-aperitifspiesse-bambus-flach-150-mm\/#primaryimage\",\"url\":\"https:\/\/www.csj-emballages.com\/wp-content\/uploads\/2024\/08\/Piques-bambou-plat.webp\",\"contentUrl\":\"https:\/\/www.csj-emballages.com\/wp-content\/uploads\/2024\/08\/Piques-bambou-plat.webp\",\"width\":800,\"height\":800,\"caption\":\"Piques ap\u00e9ritifs bambou\"},{\"@type\":\"BreadcrumbList\",\"@id\":\"https:\/\/www.csj-emballages.com\/de\/produit\/250-aperitifspiesse-bambus-flach-150-mm\/#breadcrumb\",\"itemListElement\":[{\"@type\":\"ListItem\",\"position\":1,\"name\":\"Accueil\",\"item\":\"https:\/\/www.csj-emballages.com\/de\/universum-lebensmittelverpackungen\/\"},{\"@type\":\"ListItem\",\"position\":2,\"name\":\"Shop\",\"item\":\"https:\/\/www.csj-emballages.com\/shop\/\"},{\"@type\":\"ListItem\",\"position\":3,\"name\":\"Aperitifspie\u00dfe Bambus flach 150 mm pro 250\"}]},{\"@type\":\"WebSite\",\"@id\":\"https:\/\/www.csj-emballages.com\/de\/#website\",\"url\":\"https:\/\/www.csj-emballages.com\/de\/\",\"name\":\"CSJ Emballages\",\"description\":\"\",\"publisher\":{\"@id\":\"https:\/\/www.csj-emballages.com\/de\/#organization\"},\"potentialAction\":[{\"@type\":\"SearchAction\",\"target\":{\"@type\":\"EntryPoint\",\"urlTemplate\":\"https:\/\/www.csj-emballages.com\/de\/?s={search_term_string}\"},\"query-input\":{\"@type\":\"PropertyValueSpecification\",\"valueRequired\":true,\"valueName\":\"search_term_string\"}}],\"inLanguage\":\"de\"},{\"@type\":\"Organization\",\"@id\":\"https:\/\/www.csj-emballages.com\/de\/#Organization\/\",\"name\":\"CSJ Emballages\",\"url\":\"https:\/\/www.csj-emballages.com\/de\/\",\"logo\":{\"@type\":\"ImageObject\",\"inLanguage\":\"de\",\"@id\":\"https:\/\/www.csj-emballages.com\/de\/#\/schema\/logo\/image\/\",\"url\":\"https:\/\/www.csj-emballages.com\/wp-content\/uploads\/2023\/10\/logo_csj.webp\",\"contentUrl\":\"https:\/\/www.csj-emballages.com\/wp-content\/uploads\/2023\/10\/logo_csj.webp\",\"width\":250,\"height\":95,\"caption\":\"CSJ Emballages\"},\"image\":{\"@id\":\"https:\/\/www.csj-emballages.com\/de\/#\/schema\/logo\/image\/\"},\"sameAs\":[\"https:\/\/www.facebook.com\/csjemballages\"],\"address\":{\"@type\":\"PostalAddress\",\"streetAddress\":\"ZI La Lechere\",\"addressLocality\":\"Patornay\",\"postalCode\":\"39130\",\"addressCountry\":\"FR\"},\"contactPoint\":[{\"@type\":\"ContactPoint\",\"contactType\":\"Service client\",\"telephone\":\"0384254272\",\"email\":\"contact@csj-emballages.com\"}]}]}<\/script>\n<!-- \/ Yoast SEO Premium plugin. -->","yoast_head_json":{"title":"Aperitifspie\u00dfe Bambus flach 150 mm pro 250","description":"Unsere 150 mm langen Bambus-Ap\u00e9rospie\u00dfe sind ab sofort erh\u00e4ltlich! Verwenden Sie sie f\u00fcr Buffets, Empf\u00e4nge oder einfach nur im Kreise der Familie!","robots":{"index":"index","follow":"follow","max-snippet":"max-snippet:-1","max-image-preview":"max-image-preview:large","max-video-preview":"max-video-preview:-1"},"canonical":"https:\/\/www.csj-emballages.com\/de\/produit\/250-aperitifspiesse-bambus-flach-150-mm\/","og_locale":"de_DE","og_type":"article","og_title":"Aperitifspie\u00dfe Bambus flach 150 mm pro 250","og_description":"Unsere 150 mm langen Bambus-Ap\u00e9rospie\u00dfe sind ab sofort erh\u00e4ltlich! Verwenden Sie sie f\u00fcr Buffets, Empf\u00e4nge oder einfach nur im Kreise der Familie!","og_url":"https:\/\/www.csj-emballages.com\/de\/produit\/250-aperitifspiesse-bambus-flach-150-mm\/","og_site_name":"CSJ Emballages","article_publisher":"https:\/\/www.facebook.com\/csjemballages","article_modified_time":"2026-05-01T00:13:52+00:00","og_image":[{"width":800,"height":800,"url":"https:\/\/www.csj-emballages.com\/wp-content\/uploads\/2024\/08\/Piques-bambou-plat.webp","type":"image\/webp"}],"twitter_card":"summary_large_image","twitter_misc":{"Gesch\u00e4tzte Lesezeit":"1\u00a0Minute"},"schema":{"@context":"https:\/\/schema.org","@graph":[{"@type":"WebPage","@id":"https:\/\/www.csj-emballages.com\/de\/produit\/250-aperitifspiesse-bambus-flach-150-mm\/","url":"https:\/\/www.csj-emballages.com\/de\/produit\/250-aperitifspiesse-bambus-flach-150-mm\/","name":"Aperitifspie\u00dfe Bambus flach 150 mm pro 250","isPartOf":{"@id":"https:\/\/www.csj-emballages.com\/de\/#website"},"primaryImageOfPage":{"@id":"https:\/\/www.csj-emballages.com\/de\/produit\/250-aperitifspiesse-bambus-flach-150-mm\/#primaryimage"},"image":{"@id":"https:\/\/www.csj-emballages.com\/de\/produit\/250-aperitifspiesse-bambus-flach-150-mm\/#primaryimage"},"thumbnailUrl":"https:\/\/www.csj-emballages.com\/wp-content\/uploads\/2024\/08\/Piques-bambou-plat.webp","datePublished":"2024-08-30T00:18:17+00:00","dateModified":"2026-05-01T00:13:52+00:00","description":"Unsere 150 mm langen Bambus-Ap\u00e9rospie\u00dfe sind ab sofort erh\u00e4ltlich! Verwenden Sie sie f\u00fcr Buffets, Empf\u00e4nge oder einfach nur im Kreise der Familie!","breadcrumb":{"@id":"https:\/\/www.csj-emballages.com\/de\/produit\/250-aperitifspiesse-bambus-flach-150-mm\/#breadcrumb"},"inLanguage":"de","potentialAction":[{"@type":"ReadAction","target":["https:\/\/www.csj-emballages.com\/de\/produit\/250-aperitifspiesse-bambus-flach-150-mm\/"]}]},{"@type":"ImageObject","inLanguage":"de","@id":"https:\/\/www.csj-emballages.com\/de\/produit\/250-aperitifspiesse-bambus-flach-150-mm\/#primaryimage","url":"https:\/\/www.csj-emballages.com\/wp-content\/uploads\/2024\/08\/Piques-bambou-plat.webp","contentUrl":"https:\/\/www.csj-emballages.com\/wp-content\/uploads\/2024\/08\/Piques-bambou-plat.webp","width":800,"height":800,"caption":"Piques ap\u00e9ritifs bambou"},{"@type":"BreadcrumbList","@id":"https:\/\/www.csj-emballages.com\/de\/produit\/250-aperitifspiesse-bambus-flach-150-mm\/#breadcrumb","itemListElement":[{"@type":"ListItem","position":1,"name":"Accueil","item":"https:\/\/www.csj-emballages.com\/de\/universum-lebensmittelverpackungen\/"},{"@type":"ListItem","position":2,"name":"Shop","item":"https:\/\/www.csj-emballages.com\/shop\/"},{"@type":"ListItem","position":3,"name":"Aperitifspie\u00dfe Bambus flach 150 mm pro 250"}]},{"@type":"WebSite","@id":"https:\/\/www.csj-emballages.com\/de\/#website","url":"https:\/\/www.csj-emballages.com\/de\/","name":"CSJ Emballages","description":"","publisher":{"@id":"https:\/\/www.csj-emballages.com\/de\/#organization"},"potentialAction":[{"@type":"SearchAction","target":{"@type":"EntryPoint","urlTemplate":"https:\/\/www.csj-emballages.com\/de\/?s={search_term_string}"},"query-input":{"@type":"PropertyValueSpecification","valueRequired":true,"valueName":"search_term_string"}}],"inLanguage":"de"},{"@type":"Organization","@id":"https:\/\/www.csj-emballages.com\/de\/#Organization\/","name":"CSJ Emballages","url":"https:\/\/www.csj-emballages.com\/de\/","logo":{"@type":"ImageObject","inLanguage":"de","@id":"https:\/\/www.csj-emballages.com\/de\/#\/schema\/logo\/image\/","url":"https:\/\/www.csj-emballages.com\/wp-content\/uploads\/2023\/10\/logo_csj.webp","contentUrl":"https:\/\/www.csj-emballages.com\/wp-content\/uploads\/2023\/10\/logo_csj.webp","width":250,"height":95,"caption":"CSJ Emballages"},"image":{"@id":"https:\/\/www.csj-emballages.com\/de\/#\/schema\/logo\/image\/"},"sameAs":["https:\/\/www.facebook.com\/csjemballages"],"address":{"@type":"PostalAddress","streetAddress":"ZI La Lechere","addressLocality":"Patornay","postalCode":"39130","addressCountry":"FR"},"contactPoint":[{"@type":"ContactPoint","contactType":"Service client","telephone":"0384254272","email":"contact@csj-emballages.com"}]}]}},"df_price":3.97,"df_sale_price":"","df_regular_price":3.97,"df_image_link":"https:\/\/www.csj-emballages.com\/wp-content\/uploads\/2024\/08\/Piques-bambou-plat-300x300.webp","tiered_pricing_type":"fixed","tiered_pricing_fixed_rules":[],"tiered_pricing_percentage_rules":[],"tiered_pricing_minimum":1,"tiered_pricing_roles_data":[],"_links":{"self":[{"href":"https:\/\/www.csj-emballages.com\/de\/wp-json\/wp\/v2\/product\/126114","targetHints":{"allow":["GET"]}}],"collection":[{"href":"https:\/\/www.csj-emballages.com\/de\/wp-json\/wp\/v2\/product"}],"about":[{"href":"https:\/\/www.csj-emballages.com\/de\/wp-json\/wp\/v2\/types\/product"}],"wp:featuredmedia":[{"embeddable":true,"href":"https:\/\/www.csj-emballages.com\/de\/wp-json\/wp\/v2\/media\/225249"}],"wp:attachment":[{"href":"https:\/\/www.csj-emballages.com\/de\/wp-json\/wp\/v2\/media?parent=126114"}],"wp:term":[{"taxonomy":"product_brand","embeddable":true,"href":"https:\/\/www.csj-emballages.com\/de\/wp-json\/wp\/v2\/product_brand?post=126114"},{"taxonomy":"product_cat","embeddable":true,"href":"https:\/\/www.csj-emballages.com\/de\/wp-json\/wp\/v2\/product_cat?post=126114"},{"taxonomy":"product_tag","embeddable":true,"href":"https:\/\/www.csj-emballages.com\/de\/wp-json\/wp\/v2\/product_tag?post=126114"}],"curies":[{"name":"wp","href":"https:\/\/api.w.org\/{rel}","templated":true}]}}