{"id":126107,"date":"2024-08-28T02:18:24","date_gmt":"2024-08-28T00:18:24","guid":{"rendered":"https:\/\/www.csj-emballages.com\/produit\/1-beutel-mit-weihnachtsmotiv-und-kordelgriffen-18-10-x-23-cm-4\/"},"modified":"2026-04-29T02:11:19","modified_gmt":"2026-04-29T00:11:19","slug":"1-beutel-mit-weihnachtsmotiv-und-kordelgriffen-18-10-x-23-cm-4","status":"publish","type":"product","link":"https:\/\/www.csj-emballages.com\/de\/produit\/1-beutel-mit-weihnachtsmotiv-und-kordelgriffen-18-10-x-23-cm-4\/","title":{"rendered":"Weihnachtstasche mit Kordelgriffen 18 + 10 x 23 cm"},"content":{"rendered":"<h2 class=\"p1\">Weihnachtstasche<\/h2>\n<hr>\n<h3>Beschreibung unserer Weihnachtstasche Griffe Cordeliers 18 + 10 x 23 cm<\/h3>\n<p><!--more--><\/p>\n<p data-start=\"403\" data-end=\"969\">Wenn die Feiertage vor der T\u00fcr stehen, z\u00e4hlt jedes Detail, um Ihre Kreationen zur Geltung zu bringen. Deshalb ist diese <strong data-start=\"522\" data-end=\"577\">Tasche mit Weihnachtsmotiv und Kordelgriffen 18 + 10 x 23 cm<\/strong> viel mehr als nur eine Verpackung: Sie wird zu einer echten Pr\u00e4sentationsfl\u00e4che. Mit ihrem <strong>festlichen Design<\/strong>, den warmen Farbt\u00f6nen und der sorgf\u00e4ltigen Verarbeitung verleiht sie Ihren Produkten sofort einen Hauch von Magie. Ob Sie nun B\u00e4cker, Konditor, Chocolatier, Weinh\u00e4ndler oder Feinkosth\u00e4ndler sind, diese <strong>kleine T\u00fcte<\/strong> ist ideal, um Ihre Geschenke zum Jahresende zu veredeln.   <\/p>\n<p data-start=\"971\" data-end=\"1356\">Dank der <strong data-start=\"983\" data-end=\"1032\">robusten und bequemen Kordelgriffe<\/strong> liegen Ihre Kunden auch bei mehrmaligem Tragen angenehm in der Hand. Ebenso garantiert die Festigkeit des verwendeten Papiers eine ausgezeichnete Widerstandsf\u00e4higkeit, was Ihre Kunden beruhigt und Ihr professionelles Image aufwertet. Durch die Verbindung von \u00c4sthetik und Zweckm\u00e4\u00dfigkeit wird diese <strong>Geschenktasche<\/strong> zu einem echten Pluspunkt f\u00fcr Ihr Gesch\u00e4ft.<\/p>\n<p data-start=\"1358\" data-end=\"1674\">Au\u00dferdem ist sie mit ihren Ma\u00dfen von <strong data-start=\"1390\" data-end=\"1409\">18 + 10 x 23 cm<\/strong> das perfekte Format zum Verpacken von kleinen Pralinenschachteln, handgefertigten S\u00fc\u00dfigkeiten, Feinschmeckergeschenken oder auch festlichen Accessoires. So eignet es sich f\u00fcr viele Zwecke, ist leicht zu lagern und im Alltag schnell einsetzbar.<\/p>\n<p data-start=\"1676\" data-end=\"1923\">Wenn Sie sich schlie\u00dflich f\u00fcr eine <strong data-start=\"1694\" data-end=\"1721\">Papiert\u00fcte mit Weihnachtsmotiv<\/strong> entscheiden, k\u00f6nnen Sie eine bereits dekorierte Verpackung mitbringen. Dies erspart Ihnen Vorbereitungszeit und sorgt gleichzeitig f\u00fcr ein professionelles und gepflegtes Erscheinungsbild. Das spart in dieser hektischen Zeit wertvolle Zeit.<\/p>\n<p data-start=\"1925\" data-end=\"2114\">Zusammenfassend l\u00e4sst sich sagen, dass diese <strong>Geschenkt\u00fcte <\/strong>nicht nur eine Verpackung ist: Sie ist ein Element der visuellen Kommunikation, das das Kundenerlebnis verst\u00e4rkt und Ihre Produkte auf elegante und einfache Weise zur Geltung bringt.<\/p>\n<p><!--more--><\/p>\n<h4><strong>Vorteile :<\/strong><\/h4>\n<ul>\n<li>Praktisches Format (18 + 10 x 23 cm), das sich f\u00fcr kleine Leckereien und Geschenke eignet.<\/li>\n<li><strong data-start=\"2427\" data-end=\"2444\">Festliches Design<\/strong>, das Ihre Produkte m\u00fchelos aufwertet.<\/li>\n<li><strong data-start=\"2488\" data-end=\"2520\">Stabile<\/strong> und bequeme <strong data-start=\"2488\" data-end=\"2520\">Kordelgriffe<\/strong>.<\/li>\n<li>Zeitersparnis: Keine zus\u00e4tzliche Verpackung erforderlich.<\/li>\n<li>Verst\u00e4rktes professionelles Image bei Ihren Kunden.<\/li>\n<\/ul>\n<p>&nbsp;<\/p>\n<p><!--more--><\/p>\n<h4>Weitere Informationen :<\/h4>\n<ul>\n<li><strong>Verpackung<\/strong>: Einzeln<\/li>\n<li><strong>Ma\u00dfe<\/strong>: 18 + 10 x 23 cm<\/li>\n<li><strong>Farbe<\/strong>: Marineblau<\/li>\n<li><strong>Material<\/strong>: Papier<\/li>\n<\/ul>\n<p>&nbsp;<\/p>\n<p><!--more--><\/p>\n<p>Hier finden Sie die gr\u00f6\u00dfere Gr\u00f6\u00dfe dieser Geschenkt\u00fcte : <span style=\"color: #d12727;\"><a style=\"color: #d12727;\" href=\"https:\/\/www.csj-emballages.com\/produit\/1-sacs-motif-boule-noel-poignees-cordelieres-26-13-x-32-cm\/\">9335BPL<\/a><\/span><\/p>\n<p>&nbsp;<\/p>\n<p><!--more--><\/p>\n<p><a href=\"https:\/\/www.csj-emballages.com\/de\/categorie-produit\/lebensmittelverpackungen\/boutique-und-geschaft\/sacke-beutel\/taschen-boutique\/\">Sehen Sie sich hier den Rest unseres Sortiments an Boutique-Taschen an<\/a><\/p>\n","protected":false},"excerpt":{"rendered":"<p>Weihnachtstasche Beschreibung unserer Weihnachtstasche Griffe Cordeliers 18 + 10 x 23 cm<\/p>\n","protected":false},"featured_media":92047,"template":"","meta":{"_acf_changed":false},"product_brand":[],"product_cat":[1137,1487,3969,1838,1265],"product_tag":[],"class_list":{"0":"post-126107","1":"product","2":"type-product","3":"status-publish","4":"has-post-thumbnail","6":"product_cat-lebensmittelverpackungen","7":"product_cat-boutique-und-geschaft","8":"product_cat-sacke-beutel","9":"product_cat-taschen-boutique","10":"product_cat-lagerbestande-promotion","12":"first","13":"instock","14":"sale","15":"taxable","16":"shipping-taxable","17":"purchasable","18":"product-type-simple"},"acf":[],"yoast_head":"<!-- This site is optimized with the Yoast SEO Premium plugin v26.6 (Yoast SEO v26.6) - https:\/\/yoast.com\/wordpress\/plugins\/seo\/ -->\n<title>Weihnachtstasche Griffe Kordeln 18 + 10 x 23 cm<\/title>\n<meta name=\"description\" content=\"Weihnachtstasche mit Kordelgriffen 18+10x23 cm. Strapazierf\u00e4hig, praktisch und festlich. Ideal, um Ihre Verpackungen zum Jahresende zu veredeln.\" \/>\n<meta name=\"robots\" content=\"index, follow, max-snippet:-1, max-image-preview:large, max-video-preview:-1\" \/>\n<link rel=\"canonical\" href=\"https:\/\/www.csj-emballages.com\/de\/produit\/1-beutel-mit-weihnachtsmotiv-und-kordelgriffen-18-10-x-23-cm-4\/\" \/>\n<meta property=\"og:locale\" content=\"de_DE\" \/>\n<meta property=\"og:type\" content=\"article\" \/>\n<meta property=\"og:title\" content=\"Weihnachtstasche mit Kordelgriffen 18 + 10 x 23 cm\" \/>\n<meta property=\"og:description\" content=\"Weihnachtstasche mit Kordelgriffen 18+10x23 cm. Strapazierf\u00e4hig, praktisch und festlich. Ideal, um Ihre Verpackungen zum Jahresende zu veredeln.\" \/>\n<meta property=\"og:url\" content=\"https:\/\/www.csj-emballages.com\/de\/produit\/1-beutel-mit-weihnachtsmotiv-und-kordelgriffen-18-10-x-23-cm-4\/\" \/>\n<meta property=\"og:site_name\" content=\"CSJ Emballages\" \/>\n<meta property=\"article:publisher\" content=\"https:\/\/www.facebook.com\/csjemballages\" \/>\n<meta property=\"article:modified_time\" content=\"2026-04-29T00:11:19+00:00\" \/>\n<meta property=\"og:image\" content=\"https:\/\/www.csj-emballages.com\/wp-content\/uploads\/2024\/08\/e2c0f01b-de9a-422b-81a3-667eb22c8357-removebg-preview-e1725279441156.png\" \/>\n\t<meta property=\"og:image:width\" content=\"500\" \/>\n\t<meta property=\"og:image:height\" content=\"500\" \/>\n\t<meta property=\"og:image:type\" content=\"image\/png\" \/>\n<meta name=\"twitter:card\" content=\"summary_large_image\" \/>\n<meta name=\"twitter:label1\" content=\"Gesch\u00e4tzte Lesezeit\" \/>\n\t<meta name=\"twitter:data1\" content=\"2 Minuten\" \/>\n<script type=\"application\/ld+json\" class=\"yoast-schema-graph\">{\"@context\":\"https:\/\/schema.org\",\"@graph\":[{\"@type\":\"WebPage\",\"@id\":\"https:\/\/www.csj-emballages.com\/de\/produit\/1-beutel-mit-weihnachtsmotiv-und-kordelgriffen-18-10-x-23-cm-4\/\",\"url\":\"https:\/\/www.csj-emballages.com\/de\/produit\/1-beutel-mit-weihnachtsmotiv-und-kordelgriffen-18-10-x-23-cm-4\/\",\"name\":\"Weihnachtstasche Griffe Kordeln 18 + 10 x 23 cm\",\"isPartOf\":{\"@id\":\"https:\/\/www.csj-emballages.com\/de\/#website\"},\"primaryImageOfPage\":{\"@id\":\"https:\/\/www.csj-emballages.com\/de\/produit\/1-beutel-mit-weihnachtsmotiv-und-kordelgriffen-18-10-x-23-cm-4\/#primaryimage\"},\"image\":{\"@id\":\"https:\/\/www.csj-emballages.com\/de\/produit\/1-beutel-mit-weihnachtsmotiv-und-kordelgriffen-18-10-x-23-cm-4\/#primaryimage\"},\"thumbnailUrl\":\"https:\/\/www.csj-emballages.com\/wp-content\/uploads\/2024\/08\/e2c0f01b-de9a-422b-81a3-667eb22c8357-removebg-preview-e1725279441156.png\",\"datePublished\":\"2024-08-28T00:18:24+00:00\",\"dateModified\":\"2026-04-29T00:11:19+00:00\",\"description\":\"Weihnachtstasche mit Kordelgriffen 18+10x23 cm. Strapazierf\u00e4hig, praktisch und festlich. Ideal, um Ihre Verpackungen zum Jahresende zu veredeln.\",\"breadcrumb\":{\"@id\":\"https:\/\/www.csj-emballages.com\/de\/produit\/1-beutel-mit-weihnachtsmotiv-und-kordelgriffen-18-10-x-23-cm-4\/#breadcrumb\"},\"inLanguage\":\"de\",\"potentialAction\":[{\"@type\":\"ReadAction\",\"target\":[\"https:\/\/www.csj-emballages.com\/de\/produit\/1-beutel-mit-weihnachtsmotiv-und-kordelgriffen-18-10-x-23-cm-4\/\"]}]},{\"@type\":\"ImageObject\",\"inLanguage\":\"de\",\"@id\":\"https:\/\/www.csj-emballages.com\/de\/produit\/1-beutel-mit-weihnachtsmotiv-und-kordelgriffen-18-10-x-23-cm-4\/#primaryimage\",\"url\":\"https:\/\/www.csj-emballages.com\/wp-content\/uploads\/2024\/08\/e2c0f01b-de9a-422b-81a3-667eb22c8357-removebg-preview-e1725279441156.png\",\"contentUrl\":\"https:\/\/www.csj-emballages.com\/wp-content\/uploads\/2024\/08\/e2c0f01b-de9a-422b-81a3-667eb22c8357-removebg-preview-e1725279441156.png\",\"width\":500,\"height\":500,\"caption\":\"sacs motif Boule 18+10x23 cm\"},{\"@type\":\"BreadcrumbList\",\"@id\":\"https:\/\/www.csj-emballages.com\/de\/produit\/1-beutel-mit-weihnachtsmotiv-und-kordelgriffen-18-10-x-23-cm-4\/#breadcrumb\",\"itemListElement\":[{\"@type\":\"ListItem\",\"position\":1,\"name\":\"Accueil\",\"item\":\"https:\/\/www.csj-emballages.com\/de\/universum-lebensmittelverpackungen\/\"},{\"@type\":\"ListItem\",\"position\":2,\"name\":\"Shop\",\"item\":\"https:\/\/www.csj-emballages.com\/shop\/\"},{\"@type\":\"ListItem\",\"position\":3,\"name\":\"Weihnachtstasche mit Kordelgriffen 18 + 10 x 23 cm\"}]},{\"@type\":\"WebSite\",\"@id\":\"https:\/\/www.csj-emballages.com\/de\/#website\",\"url\":\"https:\/\/www.csj-emballages.com\/de\/\",\"name\":\"CSJ Emballages\",\"description\":\"\",\"publisher\":{\"@id\":\"https:\/\/www.csj-emballages.com\/de\/#organization\"},\"potentialAction\":[{\"@type\":\"SearchAction\",\"target\":{\"@type\":\"EntryPoint\",\"urlTemplate\":\"https:\/\/www.csj-emballages.com\/de\/?s={search_term_string}\"},\"query-input\":{\"@type\":\"PropertyValueSpecification\",\"valueRequired\":true,\"valueName\":\"search_term_string\"}}],\"inLanguage\":\"de\"},{\"@type\":\"Organization\",\"@id\":\"https:\/\/www.csj-emballages.com\/de\/#Organization\/\",\"name\":\"CSJ Emballages\",\"url\":\"https:\/\/www.csj-emballages.com\/de\/\",\"logo\":{\"@type\":\"ImageObject\",\"inLanguage\":\"de\",\"@id\":\"https:\/\/www.csj-emballages.com\/de\/#\/schema\/logo\/image\/\",\"url\":\"https:\/\/www.csj-emballages.com\/wp-content\/uploads\/2023\/10\/logo_csj.webp\",\"contentUrl\":\"https:\/\/www.csj-emballages.com\/wp-content\/uploads\/2023\/10\/logo_csj.webp\",\"width\":250,\"height\":95,\"caption\":\"CSJ Emballages\"},\"image\":{\"@id\":\"https:\/\/www.csj-emballages.com\/de\/#\/schema\/logo\/image\/\"},\"sameAs\":[\"https:\/\/www.facebook.com\/csjemballages\"],\"address\":{\"@type\":\"PostalAddress\",\"streetAddress\":\"ZI La Lechere\",\"addressLocality\":\"Patornay\",\"postalCode\":\"39130\",\"addressCountry\":\"FR\"},\"contactPoint\":[{\"@type\":\"ContactPoint\",\"contactType\":\"Service client\",\"telephone\":\"0384254272\",\"email\":\"contact@csj-emballages.com\"}]}]}<\/script>\n<!-- \/ Yoast SEO Premium plugin. -->","yoast_head_json":{"title":"Weihnachtstasche Griffe Kordeln 18 + 10 x 23 cm","description":"Weihnachtstasche mit Kordelgriffen 18+10x23 cm. Strapazierf\u00e4hig, praktisch und festlich. Ideal, um Ihre Verpackungen zum Jahresende zu veredeln.","robots":{"index":"index","follow":"follow","max-snippet":"max-snippet:-1","max-image-preview":"max-image-preview:large","max-video-preview":"max-video-preview:-1"},"canonical":"https:\/\/www.csj-emballages.com\/de\/produit\/1-beutel-mit-weihnachtsmotiv-und-kordelgriffen-18-10-x-23-cm-4\/","og_locale":"de_DE","og_type":"article","og_title":"Weihnachtstasche mit Kordelgriffen 18 + 10 x 23 cm","og_description":"Weihnachtstasche mit Kordelgriffen 18+10x23 cm. Strapazierf\u00e4hig, praktisch und festlich. Ideal, um Ihre Verpackungen zum Jahresende zu veredeln.","og_url":"https:\/\/www.csj-emballages.com\/de\/produit\/1-beutel-mit-weihnachtsmotiv-und-kordelgriffen-18-10-x-23-cm-4\/","og_site_name":"CSJ Emballages","article_publisher":"https:\/\/www.facebook.com\/csjemballages","article_modified_time":"2026-04-29T00:11:19+00:00","og_image":[{"width":500,"height":500,"url":"https:\/\/www.csj-emballages.com\/wp-content\/uploads\/2024\/08\/e2c0f01b-de9a-422b-81a3-667eb22c8357-removebg-preview-e1725279441156.png","type":"image\/png"}],"twitter_card":"summary_large_image","twitter_misc":{"Gesch\u00e4tzte Lesezeit":"2 Minuten"},"schema":{"@context":"https:\/\/schema.org","@graph":[{"@type":"WebPage","@id":"https:\/\/www.csj-emballages.com\/de\/produit\/1-beutel-mit-weihnachtsmotiv-und-kordelgriffen-18-10-x-23-cm-4\/","url":"https:\/\/www.csj-emballages.com\/de\/produit\/1-beutel-mit-weihnachtsmotiv-und-kordelgriffen-18-10-x-23-cm-4\/","name":"Weihnachtstasche Griffe Kordeln 18 + 10 x 23 cm","isPartOf":{"@id":"https:\/\/www.csj-emballages.com\/de\/#website"},"primaryImageOfPage":{"@id":"https:\/\/www.csj-emballages.com\/de\/produit\/1-beutel-mit-weihnachtsmotiv-und-kordelgriffen-18-10-x-23-cm-4\/#primaryimage"},"image":{"@id":"https:\/\/www.csj-emballages.com\/de\/produit\/1-beutel-mit-weihnachtsmotiv-und-kordelgriffen-18-10-x-23-cm-4\/#primaryimage"},"thumbnailUrl":"https:\/\/www.csj-emballages.com\/wp-content\/uploads\/2024\/08\/e2c0f01b-de9a-422b-81a3-667eb22c8357-removebg-preview-e1725279441156.png","datePublished":"2024-08-28T00:18:24+00:00","dateModified":"2026-04-29T00:11:19+00:00","description":"Weihnachtstasche mit Kordelgriffen 18+10x23 cm. Strapazierf\u00e4hig, praktisch und festlich. Ideal, um Ihre Verpackungen zum Jahresende zu veredeln.","breadcrumb":{"@id":"https:\/\/www.csj-emballages.com\/de\/produit\/1-beutel-mit-weihnachtsmotiv-und-kordelgriffen-18-10-x-23-cm-4\/#breadcrumb"},"inLanguage":"de","potentialAction":[{"@type":"ReadAction","target":["https:\/\/www.csj-emballages.com\/de\/produit\/1-beutel-mit-weihnachtsmotiv-und-kordelgriffen-18-10-x-23-cm-4\/"]}]},{"@type":"ImageObject","inLanguage":"de","@id":"https:\/\/www.csj-emballages.com\/de\/produit\/1-beutel-mit-weihnachtsmotiv-und-kordelgriffen-18-10-x-23-cm-4\/#primaryimage","url":"https:\/\/www.csj-emballages.com\/wp-content\/uploads\/2024\/08\/e2c0f01b-de9a-422b-81a3-667eb22c8357-removebg-preview-e1725279441156.png","contentUrl":"https:\/\/www.csj-emballages.com\/wp-content\/uploads\/2024\/08\/e2c0f01b-de9a-422b-81a3-667eb22c8357-removebg-preview-e1725279441156.png","width":500,"height":500,"caption":"sacs motif Boule 18+10x23 cm"},{"@type":"BreadcrumbList","@id":"https:\/\/www.csj-emballages.com\/de\/produit\/1-beutel-mit-weihnachtsmotiv-und-kordelgriffen-18-10-x-23-cm-4\/#breadcrumb","itemListElement":[{"@type":"ListItem","position":1,"name":"Accueil","item":"https:\/\/www.csj-emballages.com\/de\/universum-lebensmittelverpackungen\/"},{"@type":"ListItem","position":2,"name":"Shop","item":"https:\/\/www.csj-emballages.com\/shop\/"},{"@type":"ListItem","position":3,"name":"Weihnachtstasche mit Kordelgriffen 18 + 10 x 23 cm"}]},{"@type":"WebSite","@id":"https:\/\/www.csj-emballages.com\/de\/#website","url":"https:\/\/www.csj-emballages.com\/de\/","name":"CSJ Emballages","description":"","publisher":{"@id":"https:\/\/www.csj-emballages.com\/de\/#organization"},"potentialAction":[{"@type":"SearchAction","target":{"@type":"EntryPoint","urlTemplate":"https:\/\/www.csj-emballages.com\/de\/?s={search_term_string}"},"query-input":{"@type":"PropertyValueSpecification","valueRequired":true,"valueName":"search_term_string"}}],"inLanguage":"de"},{"@type":"Organization","@id":"https:\/\/www.csj-emballages.com\/de\/#Organization\/","name":"CSJ Emballages","url":"https:\/\/www.csj-emballages.com\/de\/","logo":{"@type":"ImageObject","inLanguage":"de","@id":"https:\/\/www.csj-emballages.com\/de\/#\/schema\/logo\/image\/","url":"https:\/\/www.csj-emballages.com\/wp-content\/uploads\/2023\/10\/logo_csj.webp","contentUrl":"https:\/\/www.csj-emballages.com\/wp-content\/uploads\/2023\/10\/logo_csj.webp","width":250,"height":95,"caption":"CSJ Emballages"},"image":{"@id":"https:\/\/www.csj-emballages.com\/de\/#\/schema\/logo\/image\/"},"sameAs":["https:\/\/www.facebook.com\/csjemballages"],"address":{"@type":"PostalAddress","streetAddress":"ZI La Lechere","addressLocality":"Patornay","postalCode":"39130","addressCountry":"FR"},"contactPoint":[{"@type":"ContactPoint","contactType":"Service client","telephone":"0384254272","email":"contact@csj-emballages.com"}]}]}},"df_price":1.4,"df_sale_price":1.4,"df_regular_price":1.75,"df_image_link":"https:\/\/www.csj-emballages.com\/wp-content\/uploads\/2024\/08\/e2c0f01b-de9a-422b-81a3-667eb22c8357-removebg-preview-300x300.png","tiered_pricing_type":"fixed","tiered_pricing_fixed_rules":[],"tiered_pricing_percentage_rules":[],"tiered_pricing_minimum":1,"tiered_pricing_roles_data":[],"_links":{"self":[{"href":"https:\/\/www.csj-emballages.com\/de\/wp-json\/wp\/v2\/product\/126107","targetHints":{"allow":["GET"]}}],"collection":[{"href":"https:\/\/www.csj-emballages.com\/de\/wp-json\/wp\/v2\/product"}],"about":[{"href":"https:\/\/www.csj-emballages.com\/de\/wp-json\/wp\/v2\/types\/product"}],"wp:featuredmedia":[{"embeddable":true,"href":"https:\/\/www.csj-emballages.com\/de\/wp-json\/wp\/v2\/media\/92047"}],"wp:attachment":[{"href":"https:\/\/www.csj-emballages.com\/de\/wp-json\/wp\/v2\/media?parent=126107"}],"wp:term":[{"taxonomy":"product_brand","embeddable":true,"href":"https:\/\/www.csj-emballages.com\/de\/wp-json\/wp\/v2\/product_brand?post=126107"},{"taxonomy":"product_cat","embeddable":true,"href":"https:\/\/www.csj-emballages.com\/de\/wp-json\/wp\/v2\/product_cat?post=126107"},{"taxonomy":"product_tag","embeddable":true,"href":"https:\/\/www.csj-emballages.com\/de\/wp-json\/wp\/v2\/product_tag?post=126107"}],"curies":[{"name":"wp","href":"https:\/\/api.w.org\/{rel}","templated":true}]}}