{"id":126094,"date":"2024-08-28T02:18:19","date_gmt":"2024-08-28T00:18:19","guid":{"rendered":"https:\/\/www.csj-emballages.com\/produit\/1-beutel-mit-weihnachtsmotiv-und-kordelgriffen-26-13-x-32-cm-3\/"},"modified":"2026-03-12T16:09:37","modified_gmt":"2026-03-12T15:09:37","slug":"1-beutel-mit-weihnachtsmotiv-und-kordelgriffen-26-13-x-32-cm-3","status":"publish","type":"product","link":"https:\/\/www.csj-emballages.com\/de\/produit\/1-beutel-mit-weihnachtsmotiv-und-kordelgriffen-26-13-x-32-cm-3\/","title":{"rendered":"Weihnachtssack &#8222;Wichtel&#8220; mit Kordelgriffen 26 + 13 x 32 cm"},"content":{"rendered":"<h2 class=\"p1\">Weihnachtstasche<\/h2>\n<hr>\n<h3>Beschreibung unseres Weihnachtssacks &#8222;Wichtel&#8220; mit Kordelgriffen 26 + 13 x 32 cm<\/h3>\n<p><!--more--><\/p>\n<p data-start=\"114\" data-end=\"508\">Verleihen Sie Ihren Verpackungen zum Jahresende einen Hauch von <strong data-start=\"137\" data-end=\"146\">Magie<\/strong> mit dieser <strong data-start=\"187\" data-end=\"214\">Weihnachtstasche mit Wichtelmotiv<\/strong> in h\u00fcbschen, festlichen <strong data-start=\"235\" data-end=\"245\">roten<\/strong> Farben. Diese Tasche wurde speziell daf\u00fcr entworfen, Ihre Produkte zur Geltung zu bringen. Sie vereint <strong data-start=\"327\" data-end=\"364\">\u00c4sthetik, Zweckm\u00e4\u00dfigkeit und Stabilit\u00e4t<\/strong>. Dank der <strong data-start=\"378\" data-end=\"402\">Kordelgriffe<\/strong> ist sie angenehm zu tragen und verleiht Ihren Geschenkverpackungen sofort einen qualitativen Eindruck.<\/p>\n<p data-start=\"510\" data-end=\"818\">Mit ihren Ma\u00dfen <strong>26 + 13 x 32 cm<\/strong> ist sie ideal zum Verpacken von kleinen und mittelgro\u00dfen Gegenst\u00e4nden wie Schokolade, Kerzen, Accessoires oder auch Gourmetboxen. Da sie weder zu gro\u00df noch zu klein ist, l\u00e4sst sie sich leicht an Ihre Bed\u00fcrfnisse anpassen und bietet gleichzeitig eine sch\u00f6ne Pr\u00e4sentation. <\/p>\n<p data-start=\"820\" data-end=\"1138\">Ebenso sorgt das <strong data-start=\"833\" data-end=\"848\">Koboldmotiv<\/strong> f\u00fcr eine spielerische und warme Note, die Kinder und Erwachsene gleicherma\u00dfen begeistern wird. In Kombination mit einem leuchtend roten Hintergrund vermittelt es sofort die festliche Weihnachtsstimmung und f\u00e4llt auf den ersten Blick ins Auge. Diese <strong>Geschenkt\u00fcte<\/strong> wird schnell zu einem Muss f\u00fcr Ihre Weihnachtsverk\u00e4ufe werden.<\/p>\n<p data-start=\"1140\" data-end=\"1500\">Als Ladenbesitzer sparen Sie wertvolle Zeit: Sie brauchen kein Geschenkpapier mehr, denn diese <strong>Weihnachtst\u00fcte<\/strong> ist sofort einsatzbereit. Mit einem Handgriff gehen Ihre Kunden mit einer eleganten, stabilen Verpackung nach Hause, die perfekt zum Thema der Feiertage passt. Es ist auch ein Pluspunkt, um das Image Ihres Gesch\u00e4fts zu st\u00e4rken und Ihren Kunden ein noch angenehmeres Einkaufserlebnis zu bieten.  <\/p>\n<p data-start=\"1502\" data-end=\"1673\">Zusammenfassend l\u00e4sst sich sagen, dass diese <strong data-start=\"1516\" data-end=\"1538\">Weihnachtsgeschenktasche<\/strong> die einfache, schnelle und effektive L\u00f6sung ist, um Ihre Produkte ins rechte Licht zu r\u00fccken und Ihre Kunden gleichzeitig in den Zauber der Festtage zu versetzen.<\/p>\n<p><!--more--><\/p>\n<h4><strong>Vorteile :<\/strong><\/h4>\n<ul>\n<li><strong data-start=\"1902\" data-end=\"1919\">Festliches Design<\/strong> mit einem Elfenmotiv und einer kr\u00e4ftigen roten Farbe.<\/li>\n<li><strong data-start=\"1970\" data-end=\"1982\">Praktisch<\/strong> dank der stabilen und bequemen Kordelgriffe.<\/li>\n<li><strong data-start=\"2042\" data-end=\"2063\">Vielseitiges Format<\/strong>: ideal f\u00fcr kleine Geschenke und K\u00e4stchen.<\/li>\n<li><strong data-start=\"2108\" data-end=\"2127\">Gebrauchsfertig<\/strong>: spart Zeit im Vergleich zu Geschenkpapier.<\/li>\n<li><strong data-start=\"2177\" data-end=\"2202\">Wertet Ihre Produkte auf<\/strong> und verst\u00e4rkt das professionelle Image Ihres Ladens.<\/li>\n<\/ul>\n<p>&nbsp;<\/p>\n<p><!--more--><\/p>\n<h4>Weitere Informationen :<\/h4>\n<ul>\n<li><strong>Verpackung<\/strong>: Einzeln<\/li>\n<li><strong>Ma\u00dfe<\/strong>: 26 + 13 x 32 cm<\/li>\n<li><strong>Farbe<\/strong>: Rot<\/li>\n<li><strong>Material<\/strong>: Papier<\/li>\n<\/ul>\n<p>&nbsp;<\/p>\n<p><!--more--><\/p>\n<p>Hier finden Sie die kleinere Gr\u00f6\u00dfe dieser Geschenkt\u00fcte : <span style=\"color: #d12727;\"><a style=\"color: #d12727;\" href=\"https:\/\/www.csj-emballages.com\/produit\/1-sacs-motif-noel-poignees-cordelieres-18-10-x-23-cm-2\/\">9314BM<\/a><\/span><\/p>\n<p>&nbsp;<\/p>\n<p><!--more--><\/p>\n<p><a href=\"https:\/\/www.csj-emballages.com\/de\/categorie-produit\/lebensmittelverpackungen\/boutique-und-geschaft\/sacke-beutel\/taschen-boutique\/\">Sehen Sie sich den Rest unseres Sortiments an Boutique-Taschen an!<\/a><\/p>\n","protected":false},"excerpt":{"rendered":"<p>Weihnachtstasche Beschreibung unseres Weihnachtssacks &#8222;Wichtel&#8220; mit Kordelgriffen 26 + 13 x 32 cm<\/p>\n","protected":false},"featured_media":91882,"template":"","meta":{"_acf_changed":false},"product_brand":[],"product_cat":[1137,1487,3969,1838,1265],"product_tag":[],"class_list":{"0":"post-126094","1":"product","2":"type-product","3":"status-publish","4":"has-post-thumbnail","6":"product_cat-lebensmittelverpackungen","7":"product_cat-boutique-und-geschaft","8":"product_cat-sacke-beutel","9":"product_cat-taschen-boutique","10":"product_cat-lagerbestande-promotion","12":"first","13":"instock","14":"sale","15":"taxable","16":"shipping-taxable","17":"purchasable","18":"product-type-simple"},"acf":[],"yoast_head":"<!-- This site is optimized with the Yoast SEO Premium plugin v26.6 (Yoast SEO v26.6) - https:\/\/yoast.com\/wordpress\/plugins\/seo\/ -->\n<title>Weihnachtssack &quot;Wichtel&quot; Kordelzuggriffe 26 + 13 x 32 cm<\/title>\n<meta name=\"description\" content=\"Rote Weihnachtstasche mit Wichtelmotiv und Kordelgriffen 26+13x32 cm. Praktisch, stabil und festlich, um Ihre Geschenkverpackungen zu veredeln.\" \/>\n<meta name=\"robots\" content=\"index, follow, max-snippet:-1, max-image-preview:large, max-video-preview:-1\" \/>\n<link rel=\"canonical\" href=\"https:\/\/www.csj-emballages.com\/de\/produit\/1-beutel-mit-weihnachtsmotiv-und-kordelgriffen-26-13-x-32-cm-3\/\" \/>\n<meta property=\"og:locale\" content=\"de_DE\" \/>\n<meta property=\"og:type\" content=\"article\" \/>\n<meta property=\"og:title\" content=\"Weihnachtssack &quot;Wichtel&quot; mit Kordelgriffen 26 + 13 x 32 cm\" \/>\n<meta property=\"og:description\" content=\"Rote Weihnachtstasche mit Wichtelmotiv und Kordelgriffen 26+13x32 cm. Praktisch, stabil und festlich, um Ihre Geschenkverpackungen zu veredeln.\" \/>\n<meta property=\"og:url\" content=\"https:\/\/www.csj-emballages.com\/de\/produit\/1-beutel-mit-weihnachtsmotiv-und-kordelgriffen-26-13-x-32-cm-3\/\" \/>\n<meta property=\"og:site_name\" content=\"CSJ Emballages\" \/>\n<meta property=\"article:publisher\" content=\"https:\/\/www.facebook.com\/csjemballages\" \/>\n<meta property=\"article:modified_time\" content=\"2026-03-12T15:09:37+00:00\" \/>\n<meta property=\"og:image\" content=\"https:\/\/www.csj-emballages.com\/wp-content\/uploads\/2024\/08\/1f6542c1-ffa5-4f4d-8496-67bc87145bf5-removebg-preview-e1725267921386.png\" \/>\n\t<meta property=\"og:image:width\" content=\"500\" \/>\n\t<meta property=\"og:image:height\" content=\"500\" \/>\n\t<meta property=\"og:image:type\" content=\"image\/png\" \/>\n<meta name=\"twitter:card\" content=\"summary_large_image\" \/>\n<meta name=\"twitter:label1\" content=\"Gesch\u00e4tzte Lesezeit\" \/>\n\t<meta name=\"twitter:data1\" content=\"2 Minuten\" \/>\n<script type=\"application\/ld+json\" class=\"yoast-schema-graph\">{\"@context\":\"https:\/\/schema.org\",\"@graph\":[{\"@type\":\"WebPage\",\"@id\":\"https:\/\/www.csj-emballages.com\/de\/produit\/1-beutel-mit-weihnachtsmotiv-und-kordelgriffen-26-13-x-32-cm-3\/\",\"url\":\"https:\/\/www.csj-emballages.com\/de\/produit\/1-beutel-mit-weihnachtsmotiv-und-kordelgriffen-26-13-x-32-cm-3\/\",\"name\":\"Weihnachtssack \\\"Wichtel\\\" Kordelzuggriffe 26 + 13 x 32 cm\",\"isPartOf\":{\"@id\":\"https:\/\/www.csj-emballages.com\/de\/#website\"},\"primaryImageOfPage\":{\"@id\":\"https:\/\/www.csj-emballages.com\/de\/produit\/1-beutel-mit-weihnachtsmotiv-und-kordelgriffen-26-13-x-32-cm-3\/#primaryimage\"},\"image\":{\"@id\":\"https:\/\/www.csj-emballages.com\/de\/produit\/1-beutel-mit-weihnachtsmotiv-und-kordelgriffen-26-13-x-32-cm-3\/#primaryimage\"},\"thumbnailUrl\":\"https:\/\/www.csj-emballages.com\/wp-content\/uploads\/2024\/08\/1f6542c1-ffa5-4f4d-8496-67bc87145bf5-removebg-preview-e1725267921386.png\",\"datePublished\":\"2024-08-28T00:18:19+00:00\",\"dateModified\":\"2026-03-12T15:09:37+00:00\",\"description\":\"Rote Weihnachtstasche mit Wichtelmotiv und Kordelgriffen 26+13x32 cm. Praktisch, stabil und festlich, um Ihre Geschenkverpackungen zu veredeln.\",\"breadcrumb\":{\"@id\":\"https:\/\/www.csj-emballages.com\/de\/produit\/1-beutel-mit-weihnachtsmotiv-und-kordelgriffen-26-13-x-32-cm-3\/#breadcrumb\"},\"inLanguage\":\"de\",\"potentialAction\":[{\"@type\":\"ReadAction\",\"target\":[\"https:\/\/www.csj-emballages.com\/de\/produit\/1-beutel-mit-weihnachtsmotiv-und-kordelgriffen-26-13-x-32-cm-3\/\"]}]},{\"@type\":\"ImageObject\",\"inLanguage\":\"de\",\"@id\":\"https:\/\/www.csj-emballages.com\/de\/produit\/1-beutel-mit-weihnachtsmotiv-und-kordelgriffen-26-13-x-32-cm-3\/#primaryimage\",\"url\":\"https:\/\/www.csj-emballages.com\/wp-content\/uploads\/2024\/08\/1f6542c1-ffa5-4f4d-8496-67bc87145bf5-removebg-preview-e1725267921386.png\",\"contentUrl\":\"https:\/\/www.csj-emballages.com\/wp-content\/uploads\/2024\/08\/1f6542c1-ffa5-4f4d-8496-67bc87145bf5-removebg-preview-e1725267921386.png\",\"width\":500,\"height\":500,\"caption\":\"sacs motif Lutin 18+10x23 cm\"},{\"@type\":\"BreadcrumbList\",\"@id\":\"https:\/\/www.csj-emballages.com\/de\/produit\/1-beutel-mit-weihnachtsmotiv-und-kordelgriffen-26-13-x-32-cm-3\/#breadcrumb\",\"itemListElement\":[{\"@type\":\"ListItem\",\"position\":1,\"name\":\"Accueil\",\"item\":\"https:\/\/www.csj-emballages.com\/de\/universum-lebensmittelverpackungen\/\"},{\"@type\":\"ListItem\",\"position\":2,\"name\":\"Shop\",\"item\":\"https:\/\/www.csj-emballages.com\/shop\/\"},{\"@type\":\"ListItem\",\"position\":3,\"name\":\"Weihnachtssack \u00ab\u00a0Wichtel\u00a0\u00bb mit Kordelgriffen 26 + 13 x 32 cm\"}]},{\"@type\":\"WebSite\",\"@id\":\"https:\/\/www.csj-emballages.com\/de\/#website\",\"url\":\"https:\/\/www.csj-emballages.com\/de\/\",\"name\":\"CSJ Emballages\",\"description\":\"\",\"publisher\":{\"@id\":\"https:\/\/www.csj-emballages.com\/de\/#organization\"},\"potentialAction\":[{\"@type\":\"SearchAction\",\"target\":{\"@type\":\"EntryPoint\",\"urlTemplate\":\"https:\/\/www.csj-emballages.com\/de\/?s={search_term_string}\"},\"query-input\":{\"@type\":\"PropertyValueSpecification\",\"valueRequired\":true,\"valueName\":\"search_term_string\"}}],\"inLanguage\":\"de\"},{\"@type\":\"Organization\",\"@id\":\"https:\/\/www.csj-emballages.com\/de\/#Organization\/\",\"name\":\"CSJ Emballages\",\"url\":\"https:\/\/www.csj-emballages.com\/de\/\",\"logo\":{\"@type\":\"ImageObject\",\"inLanguage\":\"de\",\"@id\":\"https:\/\/www.csj-emballages.com\/de\/#\/schema\/logo\/image\/\",\"url\":\"https:\/\/www.csj-emballages.com\/wp-content\/uploads\/2023\/10\/logo_csj.webp\",\"contentUrl\":\"https:\/\/www.csj-emballages.com\/wp-content\/uploads\/2023\/10\/logo_csj.webp\",\"width\":250,\"height\":95,\"caption\":\"CSJ Emballages\"},\"image\":{\"@id\":\"https:\/\/www.csj-emballages.com\/de\/#\/schema\/logo\/image\/\"},\"sameAs\":[\"https:\/\/www.facebook.com\/csjemballages\"],\"address\":{\"@type\":\"PostalAddress\",\"streetAddress\":\"ZI La Lechere\",\"addressLocality\":\"Patornay\",\"postalCode\":\"39130\",\"addressCountry\":\"FR\"},\"contactPoint\":[{\"@type\":\"ContactPoint\",\"contactType\":\"Service client\",\"telephone\":\"0384254272\",\"email\":\"contact@csj-emballages.com\"}]}]}<\/script>\n<!-- \/ Yoast SEO Premium plugin. -->","yoast_head_json":{"title":"Weihnachtssack \"Wichtel\" Kordelzuggriffe 26 + 13 x 32 cm","description":"Rote Weihnachtstasche mit Wichtelmotiv und Kordelgriffen 26+13x32 cm. Praktisch, stabil und festlich, um Ihre Geschenkverpackungen zu veredeln.","robots":{"index":"index","follow":"follow","max-snippet":"max-snippet:-1","max-image-preview":"max-image-preview:large","max-video-preview":"max-video-preview:-1"},"canonical":"https:\/\/www.csj-emballages.com\/de\/produit\/1-beutel-mit-weihnachtsmotiv-und-kordelgriffen-26-13-x-32-cm-3\/","og_locale":"de_DE","og_type":"article","og_title":"Weihnachtssack \"Wichtel\" mit Kordelgriffen 26 + 13 x 32 cm","og_description":"Rote Weihnachtstasche mit Wichtelmotiv und Kordelgriffen 26+13x32 cm. Praktisch, stabil und festlich, um Ihre Geschenkverpackungen zu veredeln.","og_url":"https:\/\/www.csj-emballages.com\/de\/produit\/1-beutel-mit-weihnachtsmotiv-und-kordelgriffen-26-13-x-32-cm-3\/","og_site_name":"CSJ Emballages","article_publisher":"https:\/\/www.facebook.com\/csjemballages","article_modified_time":"2026-03-12T15:09:37+00:00","og_image":[{"width":500,"height":500,"url":"https:\/\/www.csj-emballages.com\/wp-content\/uploads\/2024\/08\/1f6542c1-ffa5-4f4d-8496-67bc87145bf5-removebg-preview-e1725267921386.png","type":"image\/png"}],"twitter_card":"summary_large_image","twitter_misc":{"Gesch\u00e4tzte Lesezeit":"2 Minuten"},"schema":{"@context":"https:\/\/schema.org","@graph":[{"@type":"WebPage","@id":"https:\/\/www.csj-emballages.com\/de\/produit\/1-beutel-mit-weihnachtsmotiv-und-kordelgriffen-26-13-x-32-cm-3\/","url":"https:\/\/www.csj-emballages.com\/de\/produit\/1-beutel-mit-weihnachtsmotiv-und-kordelgriffen-26-13-x-32-cm-3\/","name":"Weihnachtssack \"Wichtel\" Kordelzuggriffe 26 + 13 x 32 cm","isPartOf":{"@id":"https:\/\/www.csj-emballages.com\/de\/#website"},"primaryImageOfPage":{"@id":"https:\/\/www.csj-emballages.com\/de\/produit\/1-beutel-mit-weihnachtsmotiv-und-kordelgriffen-26-13-x-32-cm-3\/#primaryimage"},"image":{"@id":"https:\/\/www.csj-emballages.com\/de\/produit\/1-beutel-mit-weihnachtsmotiv-und-kordelgriffen-26-13-x-32-cm-3\/#primaryimage"},"thumbnailUrl":"https:\/\/www.csj-emballages.com\/wp-content\/uploads\/2024\/08\/1f6542c1-ffa5-4f4d-8496-67bc87145bf5-removebg-preview-e1725267921386.png","datePublished":"2024-08-28T00:18:19+00:00","dateModified":"2026-03-12T15:09:37+00:00","description":"Rote Weihnachtstasche mit Wichtelmotiv und Kordelgriffen 26+13x32 cm. Praktisch, stabil und festlich, um Ihre Geschenkverpackungen zu veredeln.","breadcrumb":{"@id":"https:\/\/www.csj-emballages.com\/de\/produit\/1-beutel-mit-weihnachtsmotiv-und-kordelgriffen-26-13-x-32-cm-3\/#breadcrumb"},"inLanguage":"de","potentialAction":[{"@type":"ReadAction","target":["https:\/\/www.csj-emballages.com\/de\/produit\/1-beutel-mit-weihnachtsmotiv-und-kordelgriffen-26-13-x-32-cm-3\/"]}]},{"@type":"ImageObject","inLanguage":"de","@id":"https:\/\/www.csj-emballages.com\/de\/produit\/1-beutel-mit-weihnachtsmotiv-und-kordelgriffen-26-13-x-32-cm-3\/#primaryimage","url":"https:\/\/www.csj-emballages.com\/wp-content\/uploads\/2024\/08\/1f6542c1-ffa5-4f4d-8496-67bc87145bf5-removebg-preview-e1725267921386.png","contentUrl":"https:\/\/www.csj-emballages.com\/wp-content\/uploads\/2024\/08\/1f6542c1-ffa5-4f4d-8496-67bc87145bf5-removebg-preview-e1725267921386.png","width":500,"height":500,"caption":"sacs motif Lutin 18+10x23 cm"},{"@type":"BreadcrumbList","@id":"https:\/\/www.csj-emballages.com\/de\/produit\/1-beutel-mit-weihnachtsmotiv-und-kordelgriffen-26-13-x-32-cm-3\/#breadcrumb","itemListElement":[{"@type":"ListItem","position":1,"name":"Accueil","item":"https:\/\/www.csj-emballages.com\/de\/universum-lebensmittelverpackungen\/"},{"@type":"ListItem","position":2,"name":"Shop","item":"https:\/\/www.csj-emballages.com\/shop\/"},{"@type":"ListItem","position":3,"name":"Weihnachtssack \u00ab\u00a0Wichtel\u00a0\u00bb mit Kordelgriffen 26 + 13 x 32 cm"}]},{"@type":"WebSite","@id":"https:\/\/www.csj-emballages.com\/de\/#website","url":"https:\/\/www.csj-emballages.com\/de\/","name":"CSJ Emballages","description":"","publisher":{"@id":"https:\/\/www.csj-emballages.com\/de\/#organization"},"potentialAction":[{"@type":"SearchAction","target":{"@type":"EntryPoint","urlTemplate":"https:\/\/www.csj-emballages.com\/de\/?s={search_term_string}"},"query-input":{"@type":"PropertyValueSpecification","valueRequired":true,"valueName":"search_term_string"}}],"inLanguage":"de"},{"@type":"Organization","@id":"https:\/\/www.csj-emballages.com\/de\/#Organization\/","name":"CSJ Emballages","url":"https:\/\/www.csj-emballages.com\/de\/","logo":{"@type":"ImageObject","inLanguage":"de","@id":"https:\/\/www.csj-emballages.com\/de\/#\/schema\/logo\/image\/","url":"https:\/\/www.csj-emballages.com\/wp-content\/uploads\/2023\/10\/logo_csj.webp","contentUrl":"https:\/\/www.csj-emballages.com\/wp-content\/uploads\/2023\/10\/logo_csj.webp","width":250,"height":95,"caption":"CSJ Emballages"},"image":{"@id":"https:\/\/www.csj-emballages.com\/de\/#\/schema\/logo\/image\/"},"sameAs":["https:\/\/www.facebook.com\/csjemballages"],"address":{"@type":"PostalAddress","streetAddress":"ZI La Lechere","addressLocality":"Patornay","postalCode":"39130","addressCountry":"FR"},"contactPoint":[{"@type":"ContactPoint","contactType":"Service client","telephone":"0384254272","email":"contact@csj-emballages.com"}]}]}},"df_price":1.18,"df_sale_price":1.18,"df_regular_price":1.46,"df_image_link":"https:\/\/www.csj-emballages.com\/wp-content\/uploads\/2024\/08\/1f6542c1-ffa5-4f4d-8496-67bc87145bf5-removebg-preview-300x300.png","tiered_pricing_type":"fixed","tiered_pricing_fixed_rules":[],"tiered_pricing_percentage_rules":[],"tiered_pricing_minimum":1,"tiered_pricing_roles_data":[],"_links":{"self":[{"href":"https:\/\/www.csj-emballages.com\/de\/wp-json\/wp\/v2\/product\/126094","targetHints":{"allow":["GET"]}}],"collection":[{"href":"https:\/\/www.csj-emballages.com\/de\/wp-json\/wp\/v2\/product"}],"about":[{"href":"https:\/\/www.csj-emballages.com\/de\/wp-json\/wp\/v2\/types\/product"}],"wp:featuredmedia":[{"embeddable":true,"href":"https:\/\/www.csj-emballages.com\/de\/wp-json\/wp\/v2\/media\/91882"}],"wp:attachment":[{"href":"https:\/\/www.csj-emballages.com\/de\/wp-json\/wp\/v2\/media?parent=126094"}],"wp:term":[{"taxonomy":"product_brand","embeddable":true,"href":"https:\/\/www.csj-emballages.com\/de\/wp-json\/wp\/v2\/product_brand?post=126094"},{"taxonomy":"product_cat","embeddable":true,"href":"https:\/\/www.csj-emballages.com\/de\/wp-json\/wp\/v2\/product_cat?post=126094"},{"taxonomy":"product_tag","embeddable":true,"href":"https:\/\/www.csj-emballages.com\/de\/wp-json\/wp\/v2\/product_tag?post=126094"}],"curies":[{"name":"wp","href":"https:\/\/api.w.org\/{rel}","templated":true}]}}