{"id":126087,"date":"2024-08-28T02:18:15","date_gmt":"2024-08-28T00:18:15","guid":{"rendered":"https:\/\/www.csj-emballages.com\/produit\/1-beutel-mit-weihnachtsmotiv-und-kordelgriffen-26-13-x-32-cm-2\/"},"modified":"2026-03-12T16:09:33","modified_gmt":"2026-03-12T15:09:33","slug":"1-beutel-mit-weihnachtsmotiv-und-kordelgriffen-26-13-x-32-cm-2","status":"publish","type":"product","link":"https:\/\/www.csj-emballages.com\/de\/produit\/1-beutel-mit-weihnachtsmotiv-und-kordelgriffen-26-13-x-32-cm-2\/","title":{"rendered":"Weihnachtstasche &#8222;3 Tannen&#8220; mit Kordelgriffen 26 + 13 x 32 cm"},"content":{"rendered":"<h2 class=\"p1\">Weihnachtstasche<\/h2>\n<hr>\n<h3>Beschreibung unserer Weihnachtstasche &#8222;3 Tannen&#8220; mit Kordelgriffen 26 + 13 x 32 cm<\/h3>\n<p><!--more--><\/p>\n<p data-start=\"193\" data-end=\"609\">Mit der Ankunft der Weihnachtszeit z\u00e4hlt jedes Detail, um eine warme und unvergessliche Atmosph\u00e4re zu schaffen. Die <g id=\"gid_0\">Weihnachtstasche &#8222;3 Tannen&#8220;<\/g> mit Kordelgriffen ist viel mehr als nur eine Verpackung: Sie wird zu einem echten Tr\u00e4ger von Emotionen und Geselligkeit. Mit ihrem eleganten und festlichen Design, das drei stilisierte Tannenb\u00e4ume in den Vordergrund stellt, besticht diese <strong>Geschenkt\u00fcte <\/strong>sofort durch ihren authentischen und geselligen Geist.  <\/p>\n<p data-start=\"611\" data-end=\"1016\">Denn aus hochwertigem <strong data-start=\"628\" data-end=\"649\">Papier<\/strong> hergestellt, bietet es sowohl Festigkeit als auch Praktikabilit\u00e4t. Mit einer Gr\u00f6\u00dfe von <strong>26 + 13 x 32 cm <\/strong>ist sie ideal zum Verpacken von S\u00fc\u00dfigkeiten, Accessoires, Kosmetika oder auch Gourmetgeschenken. Mit ihrer verst\u00e4rkten Basis und den <strong data-start=\"870\" data-end=\"894\">Kordelgriffen<\/strong> bieten sie Komfort und Stabilit\u00e4t. So k\u00f6nnen Sie Ihre Produkte sicher transportieren, ohne Kompromisse bei der \u00c4sthetik eingehen zu m\u00fcssen.<\/p>\n<p data-start=\"1018\" data-end=\"1382\">Au\u00dferdem eignet sich diese <strong>Weihnachtst\u00fcte<\/strong> sowohl f\u00fcr <strong data-start=\"1063\" data-end=\"1078\">Einzelh\u00e4ndler<\/strong> (B\u00e4ckereien, Konditoreien, Feinkostl\u00e4den, Geschenkboutiquen) als auch f\u00fcr <strong data-start=\"1150\" data-end=\"1165\">Unternehmen<\/strong>, die eine sorgf\u00e4ltige Verpackung f\u00fcr Kunden- oder Mitarbeitergeschenke anbieten m\u00f6chten. Mit ihm erh\u00e4lt die Pr\u00e4sentation Ihrer Produkte eine zus\u00e4tzliche Dimension: die eines eleganten und festlichen Fertiggeschenks.<\/p>\n<p data-start=\"1384\" data-end=\"1660\">Mit der Wahl dieser Tasche verbinden Sie <strong data-start=\"1421\" data-end=\"1491\">\u00c4sthetik, Praktikabilit\u00e4t und die Aufwertung des Images Ihres Unternehmens<\/strong>. Ebenso passt er dank seines zeitlosen Stils zu allen Arten von Veranstaltungen zum Jahresende.<\/p>\n<p data-start=\"1662\" data-end=\"1813\">Zusammenfassend l\u00e4sst sich sagen, dass die <strong>Weihnachtst\u00fcte &#8222;3 Tannen&#8220;<\/strong> nicht nur eine Verpackung ist: Sie ist ein Marketingvorteil und ein Hauch von Raffinesse, der bei Ihren Kunden einen bleibenden Eindruck hinterlassen wird.<\/p>\n<p><!--more--><\/p>\n<h4><strong>Vorteile :<\/strong><\/h4>\n<ul>\n<li><strong data-start=\"2049\" data-end=\"2066\">Festliches Design<\/strong>: 3 elegante und freundliche Tannenbaum-Motive.<\/li>\n<li><strong data-start=\"2113\" data-end=\"2134\">Praktisch &amp; stabil<\/strong>: Kordelgriffe und robustes Papier.<\/li>\n<li><strong data-start=\"2181\" data-end=\"2195\">Vielseitig<\/strong> einsetzbar: ideal f\u00fcr kleine Leckereien, Geschenke oder Accessoires.<\/li>\n<li><strong data-start=\"2255\" data-end=\"2280\">Wertet Ihre Produkte auf<\/strong>: gepflegte und festliche Pr\u00e4sentation.<\/li>\n<li><strong data-start=\"2320\" data-end=\"2339\">Geeignet f\u00fcr Profis<\/strong>: H\u00e4ndler, Handwerker, Unternehmen und Gesch\u00e4fte.<\/li>\n<\/ul>\n<p>&nbsp;<\/p>\n<p><!--more--><\/p>\n<h4>Weitere Informationen :<\/h4>\n<ul>\n<li><strong>Verpackung<\/strong>: Einzeln<\/li>\n<li><strong>Ma\u00dfe<\/strong>: 26 + 13 x 32 cm<\/li>\n<li><strong>Farbe<\/strong>: Gr\u00fcn<\/li>\n<li><strong>Material<\/strong>: Papier<\/li>\n<\/ul>\n<p>&nbsp;<\/p>\n<p><!--more--><\/p>\n<p>Hier finden Sie die kleinere Gr\u00f6\u00dfe dieser Geschenkt\u00fcte : <span style=\"color: #d12727;\"><a style=\"color: #d12727;\" href=\"https:\/\/www.csj-emballages.com\/produit\/1-sacs-motif-3-sapins-poignees-cordelieres-18-10-x-23-cm\/\">9308BPM<\/a><\/span><\/p>\n<p>&nbsp;<\/p>\n<p><!--more--><\/p>\n<p><a href=\"https:\/\/www.csj-emballages.com\/de\/categorie-produit\/lebensmittelverpackungen\/boutique-und-geschaft\/sacke-beutel\/taschen-boutique\/\">Sehen Sie sich den Rest unseres Sortiments an Boutique-Taschen an!<\/a><\/p>\n","protected":false},"excerpt":{"rendered":"<p>Weihnachtstasche Beschreibung unserer Weihnachtstasche &#8222;3 Tannen&#8220; mit Kordelgriffen 26 + 13 x 32 cm<\/p>\n","protected":false},"featured_media":91909,"template":"","meta":{"_acf_changed":false},"product_brand":[],"product_cat":[1137,1487,3969,1838,1265],"product_tag":[],"class_list":{"0":"post-126087","1":"product","2":"type-product","3":"status-publish","4":"has-post-thumbnail","6":"product_cat-lebensmittelverpackungen","7":"product_cat-boutique-und-geschaft","8":"product_cat-sacke-beutel","9":"product_cat-taschen-boutique","10":"product_cat-lagerbestande-promotion","12":"first","13":"instock","14":"sale","15":"taxable","16":"shipping-taxable","17":"purchasable","18":"product-type-simple"},"acf":[],"yoast_head":"<!-- This site is optimized with the Yoast SEO Premium plugin v26.6 (Yoast SEO v26.6) - https:\/\/yoast.com\/wordpress\/plugins\/seo\/ -->\n<title>Weihnachtstasche &quot;3 Tannen&quot; Kordelgriffe 26 + 13 x 32 cm<\/title>\n<meta name=\"description\" content=\"Weihnachtstasche &quot;3 Tannen&quot; aus Papier mit Kordelgriffen - praktisch, stabil und elegant, um Ihre Geschenkverpackungen zum Jahresende zu veredeln.\" \/>\n<meta name=\"robots\" content=\"index, follow, max-snippet:-1, max-image-preview:large, max-video-preview:-1\" \/>\n<link rel=\"canonical\" href=\"https:\/\/www.csj-emballages.com\/de\/produit\/1-beutel-mit-weihnachtsmotiv-und-kordelgriffen-26-13-x-32-cm-2\/\" \/>\n<meta property=\"og:locale\" content=\"de_DE\" \/>\n<meta property=\"og:type\" content=\"article\" \/>\n<meta property=\"og:title\" content=\"Weihnachtstasche &quot;3 Tannen&quot; mit Kordelgriffen 26 + 13 x 32 cm\" \/>\n<meta property=\"og:description\" content=\"Weihnachtstasche &quot;3 Tannen&quot; aus Papier mit Kordelgriffen - praktisch, stabil und elegant, um Ihre Geschenkverpackungen zum Jahresende zu veredeln.\" \/>\n<meta property=\"og:url\" content=\"https:\/\/www.csj-emballages.com\/de\/produit\/1-beutel-mit-weihnachtsmotiv-und-kordelgriffen-26-13-x-32-cm-2\/\" \/>\n<meta property=\"og:site_name\" content=\"CSJ Emballages\" \/>\n<meta property=\"article:publisher\" content=\"https:\/\/www.facebook.com\/csjemballages\" \/>\n<meta property=\"article:modified_time\" content=\"2026-03-12T15:09:33+00:00\" \/>\n<meta property=\"og:image\" content=\"https:\/\/www.csj-emballages.com\/wp-content\/uploads\/2024\/08\/2118e8ee-9972-470d-839c-34141145544b-removebg-preview-e1725270052523.png\" \/>\n\t<meta property=\"og:image:width\" content=\"499\" \/>\n\t<meta property=\"og:image:height\" content=\"499\" \/>\n\t<meta property=\"og:image:type\" content=\"image\/png\" \/>\n<meta name=\"twitter:card\" content=\"summary_large_image\" \/>\n<meta name=\"twitter:label1\" content=\"Gesch\u00e4tzte Lesezeit\" \/>\n\t<meta name=\"twitter:data1\" content=\"2 Minuten\" \/>\n<script type=\"application\/ld+json\" class=\"yoast-schema-graph\">{\"@context\":\"https:\/\/schema.org\",\"@graph\":[{\"@type\":\"WebPage\",\"@id\":\"https:\/\/www.csj-emballages.com\/de\/produit\/1-beutel-mit-weihnachtsmotiv-und-kordelgriffen-26-13-x-32-cm-2\/\",\"url\":\"https:\/\/www.csj-emballages.com\/de\/produit\/1-beutel-mit-weihnachtsmotiv-und-kordelgriffen-26-13-x-32-cm-2\/\",\"name\":\"Weihnachtstasche \\\"3 Tannen\\\" Kordelgriffe 26 + 13 x 32 cm\",\"isPartOf\":{\"@id\":\"https:\/\/www.csj-emballages.com\/de\/#website\"},\"primaryImageOfPage\":{\"@id\":\"https:\/\/www.csj-emballages.com\/de\/produit\/1-beutel-mit-weihnachtsmotiv-und-kordelgriffen-26-13-x-32-cm-2\/#primaryimage\"},\"image\":{\"@id\":\"https:\/\/www.csj-emballages.com\/de\/produit\/1-beutel-mit-weihnachtsmotiv-und-kordelgriffen-26-13-x-32-cm-2\/#primaryimage\"},\"thumbnailUrl\":\"https:\/\/www.csj-emballages.com\/wp-content\/uploads\/2024\/08\/2118e8ee-9972-470d-839c-34141145544b-removebg-preview-e1725270052523.png\",\"datePublished\":\"2024-08-28T00:18:15+00:00\",\"dateModified\":\"2026-03-12T15:09:33+00:00\",\"description\":\"Weihnachtstasche \\\"3 Tannen\\\" aus Papier mit Kordelgriffen - praktisch, stabil und elegant, um Ihre Geschenkverpackungen zum Jahresende zu veredeln.\",\"breadcrumb\":{\"@id\":\"https:\/\/www.csj-emballages.com\/de\/produit\/1-beutel-mit-weihnachtsmotiv-und-kordelgriffen-26-13-x-32-cm-2\/#breadcrumb\"},\"inLanguage\":\"de\",\"potentialAction\":[{\"@type\":\"ReadAction\",\"target\":[\"https:\/\/www.csj-emballages.com\/de\/produit\/1-beutel-mit-weihnachtsmotiv-und-kordelgriffen-26-13-x-32-cm-2\/\"]}]},{\"@type\":\"ImageObject\",\"inLanguage\":\"de\",\"@id\":\"https:\/\/www.csj-emballages.com\/de\/produit\/1-beutel-mit-weihnachtsmotiv-und-kordelgriffen-26-13-x-32-cm-2\/#primaryimage\",\"url\":\"https:\/\/www.csj-emballages.com\/wp-content\/uploads\/2024\/08\/2118e8ee-9972-470d-839c-34141145544b-removebg-preview-e1725270052523.png\",\"contentUrl\":\"https:\/\/www.csj-emballages.com\/wp-content\/uploads\/2024\/08\/2118e8ee-9972-470d-839c-34141145544b-removebg-preview-e1725270052523.png\",\"width\":499,\"height\":499,\"caption\":\"sacs motif 3 Sapins 26+13x32 cm\"},{\"@type\":\"BreadcrumbList\",\"@id\":\"https:\/\/www.csj-emballages.com\/de\/produit\/1-beutel-mit-weihnachtsmotiv-und-kordelgriffen-26-13-x-32-cm-2\/#breadcrumb\",\"itemListElement\":[{\"@type\":\"ListItem\",\"position\":1,\"name\":\"Accueil\",\"item\":\"https:\/\/www.csj-emballages.com\/de\/universum-lebensmittelverpackungen\/\"},{\"@type\":\"ListItem\",\"position\":2,\"name\":\"Shop\",\"item\":\"https:\/\/www.csj-emballages.com\/shop\/\"},{\"@type\":\"ListItem\",\"position\":3,\"name\":\"Weihnachtstasche \u00ab\u00a03 Tannen\u00a0\u00bb mit Kordelgriffen 26 + 13 x 32 cm\"}]},{\"@type\":\"WebSite\",\"@id\":\"https:\/\/www.csj-emballages.com\/de\/#website\",\"url\":\"https:\/\/www.csj-emballages.com\/de\/\",\"name\":\"CSJ Emballages\",\"description\":\"\",\"publisher\":{\"@id\":\"https:\/\/www.csj-emballages.com\/de\/#organization\"},\"potentialAction\":[{\"@type\":\"SearchAction\",\"target\":{\"@type\":\"EntryPoint\",\"urlTemplate\":\"https:\/\/www.csj-emballages.com\/de\/?s={search_term_string}\"},\"query-input\":{\"@type\":\"PropertyValueSpecification\",\"valueRequired\":true,\"valueName\":\"search_term_string\"}}],\"inLanguage\":\"de\"},{\"@type\":\"Organization\",\"@id\":\"https:\/\/www.csj-emballages.com\/de\/#Organization\/\",\"name\":\"CSJ Emballages\",\"url\":\"https:\/\/www.csj-emballages.com\/de\/\",\"logo\":{\"@type\":\"ImageObject\",\"inLanguage\":\"de\",\"@id\":\"https:\/\/www.csj-emballages.com\/de\/#\/schema\/logo\/image\/\",\"url\":\"https:\/\/www.csj-emballages.com\/wp-content\/uploads\/2023\/10\/logo_csj.webp\",\"contentUrl\":\"https:\/\/www.csj-emballages.com\/wp-content\/uploads\/2023\/10\/logo_csj.webp\",\"width\":250,\"height\":95,\"caption\":\"CSJ Emballages\"},\"image\":{\"@id\":\"https:\/\/www.csj-emballages.com\/de\/#\/schema\/logo\/image\/\"},\"sameAs\":[\"https:\/\/www.facebook.com\/csjemballages\"],\"address\":{\"@type\":\"PostalAddress\",\"streetAddress\":\"ZI La Lechere\",\"addressLocality\":\"Patornay\",\"postalCode\":\"39130\",\"addressCountry\":\"FR\"},\"contactPoint\":[{\"@type\":\"ContactPoint\",\"contactType\":\"Service client\",\"telephone\":\"0384254272\",\"email\":\"contact@csj-emballages.com\"}]}]}<\/script>\n<!-- \/ Yoast SEO Premium plugin. -->","yoast_head_json":{"title":"Weihnachtstasche \"3 Tannen\" Kordelgriffe 26 + 13 x 32 cm","description":"Weihnachtstasche \"3 Tannen\" aus Papier mit Kordelgriffen - praktisch, stabil und elegant, um Ihre Geschenkverpackungen zum Jahresende zu veredeln.","robots":{"index":"index","follow":"follow","max-snippet":"max-snippet:-1","max-image-preview":"max-image-preview:large","max-video-preview":"max-video-preview:-1"},"canonical":"https:\/\/www.csj-emballages.com\/de\/produit\/1-beutel-mit-weihnachtsmotiv-und-kordelgriffen-26-13-x-32-cm-2\/","og_locale":"de_DE","og_type":"article","og_title":"Weihnachtstasche \"3 Tannen\" mit Kordelgriffen 26 + 13 x 32 cm","og_description":"Weihnachtstasche \"3 Tannen\" aus Papier mit Kordelgriffen - praktisch, stabil und elegant, um Ihre Geschenkverpackungen zum Jahresende zu veredeln.","og_url":"https:\/\/www.csj-emballages.com\/de\/produit\/1-beutel-mit-weihnachtsmotiv-und-kordelgriffen-26-13-x-32-cm-2\/","og_site_name":"CSJ Emballages","article_publisher":"https:\/\/www.facebook.com\/csjemballages","article_modified_time":"2026-03-12T15:09:33+00:00","og_image":[{"width":499,"height":499,"url":"https:\/\/www.csj-emballages.com\/wp-content\/uploads\/2024\/08\/2118e8ee-9972-470d-839c-34141145544b-removebg-preview-e1725270052523.png","type":"image\/png"}],"twitter_card":"summary_large_image","twitter_misc":{"Gesch\u00e4tzte Lesezeit":"2 Minuten"},"schema":{"@context":"https:\/\/schema.org","@graph":[{"@type":"WebPage","@id":"https:\/\/www.csj-emballages.com\/de\/produit\/1-beutel-mit-weihnachtsmotiv-und-kordelgriffen-26-13-x-32-cm-2\/","url":"https:\/\/www.csj-emballages.com\/de\/produit\/1-beutel-mit-weihnachtsmotiv-und-kordelgriffen-26-13-x-32-cm-2\/","name":"Weihnachtstasche \"3 Tannen\" Kordelgriffe 26 + 13 x 32 cm","isPartOf":{"@id":"https:\/\/www.csj-emballages.com\/de\/#website"},"primaryImageOfPage":{"@id":"https:\/\/www.csj-emballages.com\/de\/produit\/1-beutel-mit-weihnachtsmotiv-und-kordelgriffen-26-13-x-32-cm-2\/#primaryimage"},"image":{"@id":"https:\/\/www.csj-emballages.com\/de\/produit\/1-beutel-mit-weihnachtsmotiv-und-kordelgriffen-26-13-x-32-cm-2\/#primaryimage"},"thumbnailUrl":"https:\/\/www.csj-emballages.com\/wp-content\/uploads\/2024\/08\/2118e8ee-9972-470d-839c-34141145544b-removebg-preview-e1725270052523.png","datePublished":"2024-08-28T00:18:15+00:00","dateModified":"2026-03-12T15:09:33+00:00","description":"Weihnachtstasche \"3 Tannen\" aus Papier mit Kordelgriffen - praktisch, stabil und elegant, um Ihre Geschenkverpackungen zum Jahresende zu veredeln.","breadcrumb":{"@id":"https:\/\/www.csj-emballages.com\/de\/produit\/1-beutel-mit-weihnachtsmotiv-und-kordelgriffen-26-13-x-32-cm-2\/#breadcrumb"},"inLanguage":"de","potentialAction":[{"@type":"ReadAction","target":["https:\/\/www.csj-emballages.com\/de\/produit\/1-beutel-mit-weihnachtsmotiv-und-kordelgriffen-26-13-x-32-cm-2\/"]}]},{"@type":"ImageObject","inLanguage":"de","@id":"https:\/\/www.csj-emballages.com\/de\/produit\/1-beutel-mit-weihnachtsmotiv-und-kordelgriffen-26-13-x-32-cm-2\/#primaryimage","url":"https:\/\/www.csj-emballages.com\/wp-content\/uploads\/2024\/08\/2118e8ee-9972-470d-839c-34141145544b-removebg-preview-e1725270052523.png","contentUrl":"https:\/\/www.csj-emballages.com\/wp-content\/uploads\/2024\/08\/2118e8ee-9972-470d-839c-34141145544b-removebg-preview-e1725270052523.png","width":499,"height":499,"caption":"sacs motif 3 Sapins 26+13x32 cm"},{"@type":"BreadcrumbList","@id":"https:\/\/www.csj-emballages.com\/de\/produit\/1-beutel-mit-weihnachtsmotiv-und-kordelgriffen-26-13-x-32-cm-2\/#breadcrumb","itemListElement":[{"@type":"ListItem","position":1,"name":"Accueil","item":"https:\/\/www.csj-emballages.com\/de\/universum-lebensmittelverpackungen\/"},{"@type":"ListItem","position":2,"name":"Shop","item":"https:\/\/www.csj-emballages.com\/shop\/"},{"@type":"ListItem","position":3,"name":"Weihnachtstasche \u00ab\u00a03 Tannen\u00a0\u00bb mit Kordelgriffen 26 + 13 x 32 cm"}]},{"@type":"WebSite","@id":"https:\/\/www.csj-emballages.com\/de\/#website","url":"https:\/\/www.csj-emballages.com\/de\/","name":"CSJ Emballages","description":"","publisher":{"@id":"https:\/\/www.csj-emballages.com\/de\/#organization"},"potentialAction":[{"@type":"SearchAction","target":{"@type":"EntryPoint","urlTemplate":"https:\/\/www.csj-emballages.com\/de\/?s={search_term_string}"},"query-input":{"@type":"PropertyValueSpecification","valueRequired":true,"valueName":"search_term_string"}}],"inLanguage":"de"},{"@type":"Organization","@id":"https:\/\/www.csj-emballages.com\/de\/#Organization\/","name":"CSJ Emballages","url":"https:\/\/www.csj-emballages.com\/de\/","logo":{"@type":"ImageObject","inLanguage":"de","@id":"https:\/\/www.csj-emballages.com\/de\/#\/schema\/logo\/image\/","url":"https:\/\/www.csj-emballages.com\/wp-content\/uploads\/2023\/10\/logo_csj.webp","contentUrl":"https:\/\/www.csj-emballages.com\/wp-content\/uploads\/2023\/10\/logo_csj.webp","width":250,"height":95,"caption":"CSJ Emballages"},"image":{"@id":"https:\/\/www.csj-emballages.com\/de\/#\/schema\/logo\/image\/"},"sameAs":["https:\/\/www.facebook.com\/csjemballages"],"address":{"@type":"PostalAddress","streetAddress":"ZI La Lechere","addressLocality":"Patornay","postalCode":"39130","addressCountry":"FR"},"contactPoint":[{"@type":"ContactPoint","contactType":"Service client","telephone":"0384254272","email":"contact@csj-emballages.com"}]}]}},"df_price":1.84,"df_sale_price":1.84,"df_regular_price":2.29,"df_image_link":"https:\/\/www.csj-emballages.com\/wp-content\/uploads\/2024\/08\/2118e8ee-9972-470d-839c-34141145544b-removebg-preview-300x300.png","tiered_pricing_type":"fixed","tiered_pricing_fixed_rules":[],"tiered_pricing_percentage_rules":[],"tiered_pricing_minimum":1,"tiered_pricing_roles_data":[],"_links":{"self":[{"href":"https:\/\/www.csj-emballages.com\/de\/wp-json\/wp\/v2\/product\/126087","targetHints":{"allow":["GET"]}}],"collection":[{"href":"https:\/\/www.csj-emballages.com\/de\/wp-json\/wp\/v2\/product"}],"about":[{"href":"https:\/\/www.csj-emballages.com\/de\/wp-json\/wp\/v2\/types\/product"}],"wp:featuredmedia":[{"embeddable":true,"href":"https:\/\/www.csj-emballages.com\/de\/wp-json\/wp\/v2\/media\/91909"}],"wp:attachment":[{"href":"https:\/\/www.csj-emballages.com\/de\/wp-json\/wp\/v2\/media?parent=126087"}],"wp:term":[{"taxonomy":"product_brand","embeddable":true,"href":"https:\/\/www.csj-emballages.com\/de\/wp-json\/wp\/v2\/product_brand?post=126087"},{"taxonomy":"product_cat","embeddable":true,"href":"https:\/\/www.csj-emballages.com\/de\/wp-json\/wp\/v2\/product_cat?post=126087"},{"taxonomy":"product_tag","embeddable":true,"href":"https:\/\/www.csj-emballages.com\/de\/wp-json\/wp\/v2\/product_tag?post=126087"}],"curies":[{"name":"wp","href":"https:\/\/api.w.org\/{rel}","templated":true}]}}