{"id":126078,"date":"2024-08-27T02:18:17","date_gmt":"2024-08-27T00:18:17","guid":{"rendered":"https:\/\/www.csj-emballages.com\/produit\/raffiaknaeuel-kraft-100m-x-10mm\/"},"modified":"2026-03-17T02:15:21","modified_gmt":"2026-03-17T01:15:21","slug":"raffiaknaeuel-kraft-100m-x-10mm","status":"publish","type":"product","link":"https:\/\/www.csj-emballages.com\/de\/produit\/raffiaknaeuel-kraft-100m-x-10mm\/","title":{"rendered":"Raffiakn\u00e4uel Kraft 100m x 10mm"},"content":{"rendered":"<h2 style=\"text-indent: 0px; box-sizing: inherit; font-family: Roboto, sans-serif;\">Raffiabastkn\u00e4uel<\/h2>\n<hr>\n<h3>Entdecken Sie unsere Raffia-Kraft-Spule 100 m x 10 mm<\/h3>\n<p><!--more--><\/p>\n<p data-start=\"233\" data-end=\"591\">Wenn Sie Ihre Verpackungen ansprechend gestalten und dabei einen einfachen und authentischen Stil bewahren m\u00f6chten, ist <strong data-start=\"326\" data-end=\"342\">Raffia-Kraft<\/strong> eine naheliegende Wahl. Mit seinem <strong>nat\u00fcrlichen Aussehen<\/strong> und seinem <strong>rohen Farbton<\/strong> verleiht diese <strong>Raffia-Spule<\/strong> Ihren Paketen sofort eine warme und ehrliche Note, ganz ohne Schn\u00f6rkel. Sie f\u00fcgt sich perfekt in ein schlichtes, handwerkliches oder umweltbewusstes Konzept ein.  <\/p>\n<p data-start=\"593\" data-end=\"957\">Dank seiner <strong data-start=\"605\" data-end=\"631\">100 Meter L\u00e4nge<\/strong> und einer Breite von <strong data-start=\"649\" data-end=\"658\">10 mm<\/strong> bietet dieses Raffia vielseitige Einsatzm\u00f6glichkeiten. Sie k\u00f6nnen damit Beutel verschlie\u00dfen, Schachteln umwickeln, Etiketten befestigen oder h\u00fcbsche Zierschleifen kreieren. Es l\u00e4sst sich leicht verarbeiten, rutscht nicht und beh\u00e4lt nach dem Knoten einen guten Halt, was im Alltag sehr praktisch ist.  <\/p>\n<p data-start=\"959\" data-end=\"1284\">Sein <strong>Kraft-Look<\/strong> passt zu allen Bereichen: Lebensmittelgesch\u00e4fte, Geschenkboutiquen, M\u00e4rkte, Veranstaltungen, Weihnachtsfeiern oder handgemachte Kreationen. Es wertet Verpackungen auf, ohne sie zu \u00fcberladen, und unterstreicht das <strong>nat\u00fcrliche<\/strong> Image Ihrer Produkte. Es ist das kleine Detail, das den Unterschied macht und dabei dezent bleibt.  <\/p>\n<p data-start=\"1286\" data-end=\"1556\">Ebenso verleiht ihm seine <strong>Papieroptik<\/strong> eine angenehme Haptik und gute Widerstandsf\u00e4higkeit. Sie k\u00f6nnen es regelm\u00e4\u00dfig verwenden, ohne dass es seinen Charme oder seine Festigkeit verliert. Ob f\u00fcr den professionellen oder privaten Gebrauch, diese Raffia-Spule wird schnell zu einem unverzichtbaren Helfer.  <\/p>\n<p data-start=\"1558\" data-end=\"1751\">Zusammenfassend l\u00e4sst sich sagen, dass diese <strong>Raffia-Kraft-Spule<\/strong> <strong>eine einfache, effektive und \u00e4sthetische L\u00f6sung<\/strong> ist, um Ihren Verpackungen und Kreationen Charakter zu verleihen und dabei einem nat\u00fcrlichen und zeitlosen Stil treu zu bleiben.<\/p>\n<p data-start=\"1643\" data-end=\"1786\"><!--more--><\/p>\n<h4 data-start=\"1643\" data-end=\"1786\">Vorteile :<\/h4>\n<ul>\n<li data-start=\"1779\" data-end=\"1816\">Nat\u00fcrlicher und authentischer <strong>Kraft-Look<\/strong>.<\/li>\n<li data-start=\"1819\" data-end=\"1860\"><strong>100 m<\/strong> L\u00e4nge f\u00fcr eine langanhaltende Nutzung.<\/li>\n<li data-start=\"1863\" data-end=\"1894\">Leicht zu knoten und zu handhaben.<\/li>\n<li data-start=\"1897\" data-end=\"1924\">Guter Halt und Widerstandsf\u00e4higkeit.<\/li>\n<li data-start=\"1927\" data-end=\"1965\">Geeignet f\u00fcr Verpackungen und Dekorationen.<\/li>\n<\/ul>\n<p>&nbsp;<\/p>\n<p><!--more--><\/p>\n<h4 style=\"text-indent: 0px; box-sizing: inherit; font-family: Roboto, sans-serif;\">Weitere Informationen :<\/h4>\n<ul>\n<li><strong>Verpackung<\/strong>: Einzeln<\/li>\n<li><strong>Breite<\/strong>: 10mm<\/li>\n<li><strong>L\u00e4nge<\/strong>: 100m<\/li>\n<li><strong>Farbe<\/strong>: Kraft<\/li>\n<li><strong>Modell<\/strong>: Raffia \u201ePapermat\u201c<\/li>\n<li><strong>Material<\/strong>: PP<\/li>\n<\/ul>\n<h2 style=\"font-family: Roboto, sans-serif; box-sizing: inherit;\"><\/h2>\n<p><!--more--><\/p>\n<p>Diese Raffia-Spule ist in verschiedenen Farben erh\u00e4ltlich: <span style=\"color: #d12727;\"><a style=\"color: #d12727;\" href=\"https:\/\/www.csj-emballages.com\/es\/produit\/bola-de-rafia-blanca-plateada-100m-x-10mm\/\">Wei\u00df &#8211; Silber<\/a><\/span> \/ <span style=\"color: #d12727;\"><a style=\"color: #d12727;\" href=\"https:\/\/www.csj-emballages.com\/es\/produit\/rafia-maiz-amapola-bola-200m-x-10mm\/\">Mais &#8211; Mohn<\/a><\/span> \/ <span style=\"color: #d12727;\"><a style=\"color: #d12727;\" href=\"https:\/\/www.csj-emballages.com\/es\/produit\/bola-de-rafia-naranja-chocolate-200m-x-125-mm\/\">Orange &#8211; Schokolade<\/a><\/span> \/ <span style=\"color: #d12727;\"><a style=\"color: #d12727;\" href=\"https:\/\/www.csj-emballages.com\/es\/produit\/bola-de-rafia-roja-burdeos-200-m-x-125-mm\/\">Rot &#8211; Bordeaux<\/a><\/span><\/p>\n<p>&nbsp;<\/p>\n<p><!--more--><\/p>\n<p><a href=\"https:\/\/www.csj-emballages.com\/de\/categorie-produit\/lebensmittelverpackungen\/backerei-und-konditorei\/zubehor-und-ausstattung\/dekoratives-zubehor\/raffia-pelotes\/\">Sehen Sie sich den Rest unseres Raffiabastkn\u00e4uel-Sortiments an<\/a><\/p>\n","protected":false},"excerpt":{"rendered":"<p>Raffiabastkn\u00e4uel Entdecken Sie unsere Raffia-Kraft-Spule 100 m x 10 mm<\/p>\n","protected":false},"featured_media":259484,"template":"","meta":{"_acf_changed":false},"product_brand":[],"product_cat":[1137,1171,3966,1794,3077],"product_tag":[],"class_list":{"0":"post-126078","1":"product","2":"type-product","3":"status-publish","4":"has-post-thumbnail","6":"product_cat-lebensmittelverpackungen","7":"product_cat-backerei-und-konditorei","8":"product_cat-zubehor-und-ausstattung","9":"product_cat-dekoratives-zubehor","10":"product_cat-raffia-pelotes","12":"first","13":"instock","14":"taxable","15":"shipping-taxable","16":"purchasable","17":"product-type-simple"},"acf":[],"yoast_head":"<!-- This site is optimized with the Yoast SEO Premium plugin v26.6 (Yoast SEO v26.6) - https:\/\/yoast.com\/wordpress\/plugins\/seo\/ -->\n<title>Raffia-Kraft-Spule 100 m x 10 mm<\/title>\n<meta name=\"description\" content=\"Raffia-Kraft-Spule 100 m x 10 mm, ideal f\u00fcr Geschenkverpackungen, Beutelverschl\u00fcsse und Dekorationen im nat\u00fcrlichen und authentischen Stil.\" \/>\n<meta name=\"robots\" content=\"index, follow, max-snippet:-1, max-image-preview:large, max-video-preview:-1\" \/>\n<link rel=\"canonical\" href=\"https:\/\/www.csj-emballages.com\/de\/produit\/raffiaknaeuel-kraft-100m-x-10mm\/\" \/>\n<meta property=\"og:locale\" content=\"de_DE\" \/>\n<meta property=\"og:type\" content=\"article\" \/>\n<meta property=\"og:title\" content=\"Raffiakn\u00e4uel Kraft 100m x 10mm\" \/>\n<meta property=\"og:description\" content=\"Raffia-Kraft-Spule 100 m x 10 mm, ideal f\u00fcr Geschenkverpackungen, Beutelverschl\u00fcsse und Dekorationen im nat\u00fcrlichen und authentischen Stil.\" \/>\n<meta property=\"og:url\" content=\"https:\/\/www.csj-emballages.com\/de\/produit\/raffiaknaeuel-kraft-100m-x-10mm\/\" \/>\n<meta property=\"og:site_name\" content=\"CSJ Emballages\" \/>\n<meta property=\"article:publisher\" content=\"https:\/\/www.facebook.com\/csjemballages\" \/>\n<meta property=\"article:modified_time\" content=\"2026-03-17T01:15:21+00:00\" \/>\n<meta property=\"og:image\" content=\"https:\/\/www.csj-emballages.com\/wp-content\/uploads\/2024\/08\/PELORAF35.webp\" \/>\n\t<meta property=\"og:image:width\" content=\"800\" \/>\n\t<meta property=\"og:image:height\" content=\"800\" \/>\n\t<meta property=\"og:image:type\" content=\"image\/webp\" \/>\n<meta name=\"twitter:card\" content=\"summary_large_image\" \/>\n<meta name=\"twitter:label1\" content=\"Gesch\u00e4tzte Lesezeit\" \/>\n\t<meta name=\"twitter:data1\" content=\"2 Minuten\" \/>\n<script type=\"application\/ld+json\" class=\"yoast-schema-graph\">{\"@context\":\"https:\/\/schema.org\",\"@graph\":[{\"@type\":\"WebPage\",\"@id\":\"https:\/\/www.csj-emballages.com\/de\/produit\/raffiaknaeuel-kraft-100m-x-10mm\/\",\"url\":\"https:\/\/www.csj-emballages.com\/de\/produit\/raffiaknaeuel-kraft-100m-x-10mm\/\",\"name\":\"Raffia-Kraft-Spule 100 m x 10 mm\",\"isPartOf\":{\"@id\":\"https:\/\/www.csj-emballages.com\/de\/#website\"},\"primaryImageOfPage\":{\"@id\":\"https:\/\/www.csj-emballages.com\/de\/produit\/raffiaknaeuel-kraft-100m-x-10mm\/#primaryimage\"},\"image\":{\"@id\":\"https:\/\/www.csj-emballages.com\/de\/produit\/raffiaknaeuel-kraft-100m-x-10mm\/#primaryimage\"},\"thumbnailUrl\":\"https:\/\/www.csj-emballages.com\/wp-content\/uploads\/2024\/08\/PELORAF35.webp\",\"datePublished\":\"2024-08-27T00:18:17+00:00\",\"dateModified\":\"2026-03-17T01:15:21+00:00\",\"description\":\"Raffia-Kraft-Spule 100 m x 10 mm, ideal f\u00fcr Geschenkverpackungen, Beutelverschl\u00fcsse und Dekorationen im nat\u00fcrlichen und authentischen Stil.\",\"breadcrumb\":{\"@id\":\"https:\/\/www.csj-emballages.com\/de\/produit\/raffiaknaeuel-kraft-100m-x-10mm\/#breadcrumb\"},\"inLanguage\":\"de\",\"potentialAction\":[{\"@type\":\"ReadAction\",\"target\":[\"https:\/\/www.csj-emballages.com\/de\/produit\/raffiaknaeuel-kraft-100m-x-10mm\/\"]}]},{\"@type\":\"ImageObject\",\"inLanguage\":\"de\",\"@id\":\"https:\/\/www.csj-emballages.com\/de\/produit\/raffiaknaeuel-kraft-100m-x-10mm\/#primaryimage\",\"url\":\"https:\/\/www.csj-emballages.com\/wp-content\/uploads\/2024\/08\/PELORAF35.webp\",\"contentUrl\":\"https:\/\/www.csj-emballages.com\/wp-content\/uploads\/2024\/08\/PELORAF35.webp\",\"width\":800,\"height\":800,\"caption\":\"Pelote raffia\"},{\"@type\":\"BreadcrumbList\",\"@id\":\"https:\/\/www.csj-emballages.com\/de\/produit\/raffiaknaeuel-kraft-100m-x-10mm\/#breadcrumb\",\"itemListElement\":[{\"@type\":\"ListItem\",\"position\":1,\"name\":\"Accueil\",\"item\":\"https:\/\/www.csj-emballages.com\/de\/universum-lebensmittelverpackungen\/\"},{\"@type\":\"ListItem\",\"position\":2,\"name\":\"Shop\",\"item\":\"https:\/\/www.csj-emballages.com\/shop\/\"},{\"@type\":\"ListItem\",\"position\":3,\"name\":\"Raffiakn\u00e4uel Kraft 100m x 10mm\"}]},{\"@type\":\"WebSite\",\"@id\":\"https:\/\/www.csj-emballages.com\/de\/#website\",\"url\":\"https:\/\/www.csj-emballages.com\/de\/\",\"name\":\"CSJ Emballages\",\"description\":\"\",\"publisher\":{\"@id\":\"https:\/\/www.csj-emballages.com\/de\/#organization\"},\"potentialAction\":[{\"@type\":\"SearchAction\",\"target\":{\"@type\":\"EntryPoint\",\"urlTemplate\":\"https:\/\/www.csj-emballages.com\/de\/?s={search_term_string}\"},\"query-input\":{\"@type\":\"PropertyValueSpecification\",\"valueRequired\":true,\"valueName\":\"search_term_string\"}}],\"inLanguage\":\"de\"},{\"@type\":\"Organization\",\"@id\":\"https:\/\/www.csj-emballages.com\/de\/#Organization\/\",\"name\":\"CSJ Emballages\",\"url\":\"https:\/\/www.csj-emballages.com\/de\/\",\"logo\":{\"@type\":\"ImageObject\",\"inLanguage\":\"de\",\"@id\":\"https:\/\/www.csj-emballages.com\/de\/#\/schema\/logo\/image\/\",\"url\":\"https:\/\/www.csj-emballages.com\/wp-content\/uploads\/2023\/10\/logo_csj.webp\",\"contentUrl\":\"https:\/\/www.csj-emballages.com\/wp-content\/uploads\/2023\/10\/logo_csj.webp\",\"width\":250,\"height\":95,\"caption\":\"CSJ Emballages\"},\"image\":{\"@id\":\"https:\/\/www.csj-emballages.com\/de\/#\/schema\/logo\/image\/\"},\"sameAs\":[\"https:\/\/www.facebook.com\/csjemballages\"],\"address\":{\"@type\":\"PostalAddress\",\"streetAddress\":\"ZI La Lechere\",\"addressLocality\":\"Patornay\",\"postalCode\":\"39130\",\"addressCountry\":\"FR\"},\"contactPoint\":[{\"@type\":\"ContactPoint\",\"contactType\":\"Service client\",\"telephone\":\"0384254272\",\"email\":\"contact@csj-emballages.com\"}]}]}<\/script>\n<!-- \/ Yoast SEO Premium plugin. -->","yoast_head_json":{"title":"Raffia-Kraft-Spule 100 m x 10 mm","description":"Raffia-Kraft-Spule 100 m x 10 mm, ideal f\u00fcr Geschenkverpackungen, Beutelverschl\u00fcsse und Dekorationen im nat\u00fcrlichen und authentischen Stil.","robots":{"index":"index","follow":"follow","max-snippet":"max-snippet:-1","max-image-preview":"max-image-preview:large","max-video-preview":"max-video-preview:-1"},"canonical":"https:\/\/www.csj-emballages.com\/de\/produit\/raffiaknaeuel-kraft-100m-x-10mm\/","og_locale":"de_DE","og_type":"article","og_title":"Raffiakn\u00e4uel Kraft 100m x 10mm","og_description":"Raffia-Kraft-Spule 100 m x 10 mm, ideal f\u00fcr Geschenkverpackungen, Beutelverschl\u00fcsse und Dekorationen im nat\u00fcrlichen und authentischen Stil.","og_url":"https:\/\/www.csj-emballages.com\/de\/produit\/raffiaknaeuel-kraft-100m-x-10mm\/","og_site_name":"CSJ Emballages","article_publisher":"https:\/\/www.facebook.com\/csjemballages","article_modified_time":"2026-03-17T01:15:21+00:00","og_image":[{"width":800,"height":800,"url":"https:\/\/www.csj-emballages.com\/wp-content\/uploads\/2024\/08\/PELORAF35.webp","type":"image\/webp"}],"twitter_card":"summary_large_image","twitter_misc":{"Gesch\u00e4tzte Lesezeit":"2 Minuten"},"schema":{"@context":"https:\/\/schema.org","@graph":[{"@type":"WebPage","@id":"https:\/\/www.csj-emballages.com\/de\/produit\/raffiaknaeuel-kraft-100m-x-10mm\/","url":"https:\/\/www.csj-emballages.com\/de\/produit\/raffiaknaeuel-kraft-100m-x-10mm\/","name":"Raffia-Kraft-Spule 100 m x 10 mm","isPartOf":{"@id":"https:\/\/www.csj-emballages.com\/de\/#website"},"primaryImageOfPage":{"@id":"https:\/\/www.csj-emballages.com\/de\/produit\/raffiaknaeuel-kraft-100m-x-10mm\/#primaryimage"},"image":{"@id":"https:\/\/www.csj-emballages.com\/de\/produit\/raffiaknaeuel-kraft-100m-x-10mm\/#primaryimage"},"thumbnailUrl":"https:\/\/www.csj-emballages.com\/wp-content\/uploads\/2024\/08\/PELORAF35.webp","datePublished":"2024-08-27T00:18:17+00:00","dateModified":"2026-03-17T01:15:21+00:00","description":"Raffia-Kraft-Spule 100 m x 10 mm, ideal f\u00fcr Geschenkverpackungen, Beutelverschl\u00fcsse und Dekorationen im nat\u00fcrlichen und authentischen Stil.","breadcrumb":{"@id":"https:\/\/www.csj-emballages.com\/de\/produit\/raffiaknaeuel-kraft-100m-x-10mm\/#breadcrumb"},"inLanguage":"de","potentialAction":[{"@type":"ReadAction","target":["https:\/\/www.csj-emballages.com\/de\/produit\/raffiaknaeuel-kraft-100m-x-10mm\/"]}]},{"@type":"ImageObject","inLanguage":"de","@id":"https:\/\/www.csj-emballages.com\/de\/produit\/raffiaknaeuel-kraft-100m-x-10mm\/#primaryimage","url":"https:\/\/www.csj-emballages.com\/wp-content\/uploads\/2024\/08\/PELORAF35.webp","contentUrl":"https:\/\/www.csj-emballages.com\/wp-content\/uploads\/2024\/08\/PELORAF35.webp","width":800,"height":800,"caption":"Pelote raffia"},{"@type":"BreadcrumbList","@id":"https:\/\/www.csj-emballages.com\/de\/produit\/raffiaknaeuel-kraft-100m-x-10mm\/#breadcrumb","itemListElement":[{"@type":"ListItem","position":1,"name":"Accueil","item":"https:\/\/www.csj-emballages.com\/de\/universum-lebensmittelverpackungen\/"},{"@type":"ListItem","position":2,"name":"Shop","item":"https:\/\/www.csj-emballages.com\/shop\/"},{"@type":"ListItem","position":3,"name":"Raffiakn\u00e4uel Kraft 100m x 10mm"}]},{"@type":"WebSite","@id":"https:\/\/www.csj-emballages.com\/de\/#website","url":"https:\/\/www.csj-emballages.com\/de\/","name":"CSJ Emballages","description":"","publisher":{"@id":"https:\/\/www.csj-emballages.com\/de\/#organization"},"potentialAction":[{"@type":"SearchAction","target":{"@type":"EntryPoint","urlTemplate":"https:\/\/www.csj-emballages.com\/de\/?s={search_term_string}"},"query-input":{"@type":"PropertyValueSpecification","valueRequired":true,"valueName":"search_term_string"}}],"inLanguage":"de"},{"@type":"Organization","@id":"https:\/\/www.csj-emballages.com\/de\/#Organization\/","name":"CSJ Emballages","url":"https:\/\/www.csj-emballages.com\/de\/","logo":{"@type":"ImageObject","inLanguage":"de","@id":"https:\/\/www.csj-emballages.com\/de\/#\/schema\/logo\/image\/","url":"https:\/\/www.csj-emballages.com\/wp-content\/uploads\/2023\/10\/logo_csj.webp","contentUrl":"https:\/\/www.csj-emballages.com\/wp-content\/uploads\/2023\/10\/logo_csj.webp","width":250,"height":95,"caption":"CSJ Emballages"},"image":{"@id":"https:\/\/www.csj-emballages.com\/de\/#\/schema\/logo\/image\/"},"sameAs":["https:\/\/www.facebook.com\/csjemballages"],"address":{"@type":"PostalAddress","streetAddress":"ZI La Lechere","addressLocality":"Patornay","postalCode":"39130","addressCountry":"FR"},"contactPoint":[{"@type":"ContactPoint","contactType":"Service client","telephone":"0384254272","email":"contact@csj-emballages.com"}]}]}},"df_price":5.32,"df_sale_price":"","df_regular_price":5.32,"df_image_link":"https:\/\/www.csj-emballages.com\/wp-content\/uploads\/2024\/08\/PELORAF35-300x300.webp","tiered_pricing_type":"fixed","tiered_pricing_fixed_rules":[],"tiered_pricing_percentage_rules":[],"tiered_pricing_minimum":1,"tiered_pricing_roles_data":[],"_links":{"self":[{"href":"https:\/\/www.csj-emballages.com\/de\/wp-json\/wp\/v2\/product\/126078","targetHints":{"allow":["GET"]}}],"collection":[{"href":"https:\/\/www.csj-emballages.com\/de\/wp-json\/wp\/v2\/product"}],"about":[{"href":"https:\/\/www.csj-emballages.com\/de\/wp-json\/wp\/v2\/types\/product"}],"wp:featuredmedia":[{"embeddable":true,"href":"https:\/\/www.csj-emballages.com\/de\/wp-json\/wp\/v2\/media\/259484"}],"wp:attachment":[{"href":"https:\/\/www.csj-emballages.com\/de\/wp-json\/wp\/v2\/media?parent=126078"}],"wp:term":[{"taxonomy":"product_brand","embeddable":true,"href":"https:\/\/www.csj-emballages.com\/de\/wp-json\/wp\/v2\/product_brand?post=126078"},{"taxonomy":"product_cat","embeddable":true,"href":"https:\/\/www.csj-emballages.com\/de\/wp-json\/wp\/v2\/product_cat?post=126078"},{"taxonomy":"product_tag","embeddable":true,"href":"https:\/\/www.csj-emballages.com\/de\/wp-json\/wp\/v2\/product_tag?post=126078"}],"curies":[{"name":"wp","href":"https:\/\/api.w.org\/{rel}","templated":true}]}}