{"id":126066,"date":"2024-08-27T02:18:14","date_gmt":"2024-08-27T00:18:14","guid":{"rendered":"https:\/\/www.csj-emballages.com\/?post_type=product&#038;p=126066"},"modified":"2026-03-12T16:11:52","modified_gmt":"2026-03-12T15:11:52","slug":"25-cakes-boxen-aus-kakaofarbenem-karton-20-x-11-x-9-cm-2","status":"publish","type":"product","link":"https:\/\/www.csj-emballages.com\/de\/produit\/25-cakes-boxen-aus-kakaofarbenem-karton-20-x-11-x-9-cm-2\/","title":{"rendered":"Cupcake-Box aus Kakaokarton 20 x 11 x 9 cm pro 25"},"content":{"rendered":"<h2>Cupcake-Box<\/h2>\n<hr>\n<h3><span style=\"font-weight: bold;\">Entdecken Sie unsere Cupcake-Schachtel aus Kakaokarton 20 x 11 x 9 cm \u00e0 25 St\u00fcck<\/span><\/h3>\n<p><!--more--><\/p>\n<p data-start=\"141\" data-end=\"456\">Entdecken Sie die <strong data-start=\"154\" data-end=\"206\">Cupcake-Schachtel aus Kakaokarton 20 x 11 x 9 cm \u00e0 25 St\u00fcck<\/strong>, eine elegante und praktische Verpackungsl\u00f6sung, um Ihre k\u00f6stlichen Kreationen zur Geltung zu bringen. Denn diese <strong>Cupcake-Schachtel<\/strong> wurde speziell f\u00fcr Fachleute aus den Bereichen Konditorei, B\u00e4ckerei und Catering entwickelt und vereint Robustheit, \u00c4sthetik und Praktikabilit\u00e4t. <\/p>\n<p data-start=\"458\" data-end=\"905\">Sie besteht aus <strong data-start=\"471\" data-end=\"493\">lebensmittelechtem Karton,<\/strong> der Ihre Cupcakes oder Muffins beim Transport optimal sch\u00fctzt. Die <strong data-start=\"606\" data-end=\"615\">kakaofarbene<\/strong> Farbe verleiht Ihren Desserts einen raffinierten und nat\u00fcrlichen Touch und ist ideal, um sie zu veredeln und gleichzeitig ein handwerkliches und authentisches Image zu verst\u00e4rken. Dank ihres Formats von <strong data-start=\"767\" data-end=\"785\">20 x 11 x 9 cm<\/strong> ist diese <strong>Cupcake-Box<\/strong> perfekt geeignet, um mehrere Cupcakes stabil zu verstauen, ohne dass sie zerdr\u00fcckt werden.  <\/p>\n<p data-start=\"907\" data-end=\"1280\">Sie ist leicht aufzubauen und wieder zu verschlie\u00dfen und spart Ihnen wertvolle Zeit bei Ihren t\u00e4glichen Vorbereitungen. Ihre Robustheit macht sie zu einem unumg\u00e4nglichen Verb\u00fcndeten f\u00fcr Take-away-Verk\u00e4ufe, Buffets, Veranstaltungen oder auch Gourmetgeschenke. Die Verpackung im <strong data-start=\"1179\" data-end=\"1192\">25er-Pack<\/strong> garantiert Ihnen au\u00dferdem einen ausreichenden Vorrat, um den regelm\u00e4\u00dfigen Bedarf Ihres Unternehmens zu decken.  <\/p>\n<p data-start=\"1282\" data-end=\"1548\">Wenn Sie sich f\u00fcr diese <strong data-start=\"1296\" data-end=\"1326\">Cupcake-Schachtel aus Kakaokarton<\/strong> entscheiden, verbinden Sie \u00c4sthetik und Praktikabilit\u00e4t. Kurzum, sie ist ein echter Trumpf, um Ihre Kunden zu binden und die Qualit\u00e4t Ihrer selbstgemachten Produkte hervorzuheben. <\/p>\n<p>&nbsp;<\/p>\n<p><!--more--><\/p>\n<h4>Die Vorteile :<\/h4>\n<ul>\n<li>Robuster Karton, der f\u00fcr den Kontakt mit Lebensmitteln geeignet ist.<\/li>\n<li>Elegantes kakaofarbenes Design f\u00fcr eine raffinierte Pr\u00e4sentation.<\/li>\n<li>Dank ihrer Gr\u00f6\u00dfe von <strong>20 x 11 x 9 cm<\/strong> ist sie ideal f\u00fcr Cupcakes und Muffins.<\/li>\n<li>Schneller und einfacher Aufbau, um Zeit zu sparen<\/li>\n<li>Wird im <strong>25er-Pack<\/strong> verkauft und bietet ein hervorragendes Preis-Leistungs-Verh\u00e4ltnis.<\/li>\n<\/ul>\n<p>&nbsp;<\/p>\n<p><!--more--><\/p>\n<h4>Weitere Informationen :<\/h4>\n<ul>\n<li><strong>Verpackung<\/strong>: Packung mit 25 St\u00fcck<\/li>\n<li><b>Farbe: <\/b>Cacao<\/li>\n<li><strong>Material<\/strong>: Karton<\/li>\n<li><strong>Ma\u00dfe<\/strong>: 20 x 11 x 9 (L x B x H in cm)<\/li>\n<li><strong>Verwendung<\/strong>: Cupcakes, Muffins, Mini-Cakes,&#8230;<\/li>\n<\/ul>\n<p>&nbsp;<\/p>\n<p><!--more--><\/p>\n<p>Dieses Produkt ist in verschiedenen Farben erh\u00e4ltlich : <span style=\"color: #d12727;\"><a style=\"color: #d12727;\" href=\"https:\/\/www.csj-emballages.com\/produit\/25-boites-cakes-carton-blanches-20-x-11-x-9-cm\/\">Wei\u00df<\/a><\/span> \/ <span style=\"color: #d12727;\"><a style=\"color: #d12727;\" href=\"https:\/\/www.csj-emballages.com\/produit\/25-boites-cakes-carton-kraft-20-x-11-x-9-cm\/\">Kraft<\/a><\/span> \/ <span style=\"color: #d12727;\"><a style=\"color: #d12727;\" href=\"https:\/\/www.csj-emballages.com\/produit\/25-boites-cakes-carton-oranges-20-x-11-x-9-cm\/\">Orange<\/a><\/span> \/ <span style=\"color: #d12727;\"><a style=\"color: #d12727;\" href=\"https:\/\/www.csj-emballages.com\/produit\/25-boites-cakes-carton-vertes-20-x-11-x-9-cm\/\">Gr\u00fcn<\/a><\/span><\/p>\n<p>&nbsp;<\/p>\n<p><!--more--><\/p>\n<p>Hier finden Sie unsere Einlage f\u00fcr 2 Cupcakes, die mit dieser Schachtel kompatibel ist: <span style=\"color: #d12727;\"><a style=\"color: #d12727;\" href=\"https:\/\/www.csj-emballages.com\/de\/produit\/25-einlagen-fuer-2-cupcakes-aus-weissem-karton\/\">CALBCC2<\/a><\/span><\/p>\n<p>&nbsp;<\/p>\n<p><!--more--><\/p>\n<p><a href=\"https:\/\/www.csj-emballages.com\/de\/categorie-produit\/lebensmittelverpackungen\/backerei-und-konditorei\/schachteln-und-etuis\/cupcake-schachteln\/\">Sehen Sie sich hier den Rest unseres Sortiments an Cupcake-Boxen an<\/a><\/p>\n","protected":false},"excerpt":{"rendered":"<p>Cupcake-Box Entdecken Sie unsere Cupcake-Schachtel aus Kakaokarton 20 x 11 x 9 cm \u00e0 25 St\u00fcck<\/p>\n","protected":false},"featured_media":241599,"template":"","meta":{"_acf_changed":false},"product_brand":[],"product_cat":[1137,1171,3964,2154,1172],"product_tag":[],"class_list":{"0":"post-126066","1":"product","2":"type-product","3":"status-publish","4":"has-post-thumbnail","6":"product_cat-lebensmittelverpackungen","7":"product_cat-backerei-und-konditorei","8":"product_cat-schachteln-und-etuis","9":"product_cat-cupcake-schachteln","10":"product_cat-fensterkasten","12":"first","13":"outofstock","14":"taxable","15":"shipping-taxable","16":"purchasable","17":"product-type-simple"},"acf":[],"yoast_head":"<!-- This site is optimized with the Yoast SEO Premium plugin v26.6 (Yoast SEO v26.6) - https:\/\/yoast.com\/wordpress\/plugins\/seo\/ -->\n<title>Cupcake Box Karton Kakao 20 x 11 x 9 cm pro 25<\/title>\n<meta name=\"description\" content=\"Cupcake-Box aus Kakaokarton 20 x 11 x 9 cm pro 25 St\u00fcck, elegant und stabil. Ideal f\u00fcr den Transport und die professionelle Pr\u00e4sentation Ihrer Cupcakes.\" \/>\n<meta name=\"robots\" content=\"index, follow, max-snippet:-1, max-image-preview:large, max-video-preview:-1\" \/>\n<link rel=\"canonical\" href=\"https:\/\/www.csj-emballages.com\/de\/produit\/25-cakes-boxen-aus-kakaofarbenem-karton-20-x-11-x-9-cm-2\/\" \/>\n<meta property=\"og:locale\" content=\"de_DE\" \/>\n<meta property=\"og:type\" content=\"article\" \/>\n<meta property=\"og:title\" content=\"Cupcake-Box aus Kakaokarton 20 x 11 x 9 cm pro 25\" \/>\n<meta property=\"og:description\" content=\"Cupcake-Box aus Kakaokarton 20 x 11 x 9 cm pro 25 St\u00fcck, elegant und stabil. Ideal f\u00fcr den Transport und die professionelle Pr\u00e4sentation Ihrer Cupcakes.\" \/>\n<meta property=\"og:url\" content=\"https:\/\/www.csj-emballages.com\/de\/produit\/25-cakes-boxen-aus-kakaofarbenem-karton-20-x-11-x-9-cm-2\/\" \/>\n<meta property=\"og:site_name\" content=\"CSJ Emballages\" \/>\n<meta property=\"article:publisher\" content=\"https:\/\/www.facebook.com\/csjemballages\" \/>\n<meta property=\"article:modified_time\" content=\"2026-03-12T15:11:52+00:00\" \/>\n<meta property=\"og:image\" content=\"https:\/\/www.csj-emballages.com\/wp-content\/uploads\/2024\/08\/BCC2CACAO-1.webp\" \/>\n\t<meta property=\"og:image:width\" content=\"800\" \/>\n\t<meta property=\"og:image:height\" content=\"800\" \/>\n\t<meta property=\"og:image:type\" content=\"image\/webp\" \/>\n<meta name=\"twitter:card\" content=\"summary_large_image\" \/>\n<meta name=\"twitter:label1\" content=\"Gesch\u00e4tzte Lesezeit\" \/>\n\t<meta name=\"twitter:data1\" content=\"2 Minuten\" \/>\n<script type=\"application\/ld+json\" class=\"yoast-schema-graph\">{\"@context\":\"https:\/\/schema.org\",\"@graph\":[{\"@type\":\"WebPage\",\"@id\":\"https:\/\/www.csj-emballages.com\/de\/produit\/25-cakes-boxen-aus-kakaofarbenem-karton-20-x-11-x-9-cm-2\/\",\"url\":\"https:\/\/www.csj-emballages.com\/de\/produit\/25-cakes-boxen-aus-kakaofarbenem-karton-20-x-11-x-9-cm-2\/\",\"name\":\"Cupcake Box Karton Kakao 20 x 11 x 9 cm pro 25\",\"isPartOf\":{\"@id\":\"https:\/\/www.csj-emballages.com\/de\/#website\"},\"primaryImageOfPage\":{\"@id\":\"https:\/\/www.csj-emballages.com\/de\/produit\/25-cakes-boxen-aus-kakaofarbenem-karton-20-x-11-x-9-cm-2\/#primaryimage\"},\"image\":{\"@id\":\"https:\/\/www.csj-emballages.com\/de\/produit\/25-cakes-boxen-aus-kakaofarbenem-karton-20-x-11-x-9-cm-2\/#primaryimage\"},\"thumbnailUrl\":\"https:\/\/www.csj-emballages.com\/wp-content\/uploads\/2024\/08\/BCC2CACAO-1.webp\",\"datePublished\":\"2024-08-27T00:18:14+00:00\",\"dateModified\":\"2026-03-12T15:11:52+00:00\",\"description\":\"Cupcake-Box aus Kakaokarton 20 x 11 x 9 cm pro 25 St\u00fcck, elegant und stabil. Ideal f\u00fcr den Transport und die professionelle Pr\u00e4sentation Ihrer Cupcakes.\",\"breadcrumb\":{\"@id\":\"https:\/\/www.csj-emballages.com\/de\/produit\/25-cakes-boxen-aus-kakaofarbenem-karton-20-x-11-x-9-cm-2\/#breadcrumb\"},\"inLanguage\":\"de\",\"potentialAction\":[{\"@type\":\"ReadAction\",\"target\":[\"https:\/\/www.csj-emballages.com\/de\/produit\/25-cakes-boxen-aus-kakaofarbenem-karton-20-x-11-x-9-cm-2\/\"]}]},{\"@type\":\"ImageObject\",\"inLanguage\":\"de\",\"@id\":\"https:\/\/www.csj-emballages.com\/de\/produit\/25-cakes-boxen-aus-kakaofarbenem-karton-20-x-11-x-9-cm-2\/#primaryimage\",\"url\":\"https:\/\/www.csj-emballages.com\/wp-content\/uploads\/2024\/08\/BCC2CACAO-1.webp\",\"contentUrl\":\"https:\/\/www.csj-emballages.com\/wp-content\/uploads\/2024\/08\/BCC2CACAO-1.webp\",\"width\":800,\"height\":800,\"caption\":\"Boite cupcake\"},{\"@type\":\"BreadcrumbList\",\"@id\":\"https:\/\/www.csj-emballages.com\/de\/produit\/25-cakes-boxen-aus-kakaofarbenem-karton-20-x-11-x-9-cm-2\/#breadcrumb\",\"itemListElement\":[{\"@type\":\"ListItem\",\"position\":1,\"name\":\"Accueil\",\"item\":\"https:\/\/www.csj-emballages.com\/de\/universum-lebensmittelverpackungen\/\"},{\"@type\":\"ListItem\",\"position\":2,\"name\":\"Shop\",\"item\":\"https:\/\/www.csj-emballages.com\/shop\/\"},{\"@type\":\"ListItem\",\"position\":3,\"name\":\"Cupcake-Box aus Kakaokarton 20 x 11 x 9 cm pro 25\"}]},{\"@type\":\"WebSite\",\"@id\":\"https:\/\/www.csj-emballages.com\/de\/#website\",\"url\":\"https:\/\/www.csj-emballages.com\/de\/\",\"name\":\"CSJ Emballages\",\"description\":\"\",\"publisher\":{\"@id\":\"https:\/\/www.csj-emballages.com\/de\/#organization\"},\"potentialAction\":[{\"@type\":\"SearchAction\",\"target\":{\"@type\":\"EntryPoint\",\"urlTemplate\":\"https:\/\/www.csj-emballages.com\/de\/?s={search_term_string}\"},\"query-input\":{\"@type\":\"PropertyValueSpecification\",\"valueRequired\":true,\"valueName\":\"search_term_string\"}}],\"inLanguage\":\"de\"},{\"@type\":\"Organization\",\"@id\":\"https:\/\/www.csj-emballages.com\/de\/#Organization\/\",\"name\":\"CSJ Emballages\",\"url\":\"https:\/\/www.csj-emballages.com\/de\/\",\"logo\":{\"@type\":\"ImageObject\",\"inLanguage\":\"de\",\"@id\":\"https:\/\/www.csj-emballages.com\/de\/#\/schema\/logo\/image\/\",\"url\":\"https:\/\/www.csj-emballages.com\/wp-content\/uploads\/2023\/10\/logo_csj.webp\",\"contentUrl\":\"https:\/\/www.csj-emballages.com\/wp-content\/uploads\/2023\/10\/logo_csj.webp\",\"width\":250,\"height\":95,\"caption\":\"CSJ Emballages\"},\"image\":{\"@id\":\"https:\/\/www.csj-emballages.com\/de\/#\/schema\/logo\/image\/\"},\"sameAs\":[\"https:\/\/www.facebook.com\/csjemballages\"],\"address\":{\"@type\":\"PostalAddress\",\"streetAddress\":\"ZI La Lechere\",\"addressLocality\":\"Patornay\",\"postalCode\":\"39130\",\"addressCountry\":\"FR\"},\"contactPoint\":[{\"@type\":\"ContactPoint\",\"contactType\":\"Service client\",\"telephone\":\"0384254272\",\"email\":\"contact@csj-emballages.com\"}]}]}<\/script>\n<!-- \/ Yoast SEO Premium plugin. -->","yoast_head_json":{"title":"Cupcake Box Karton Kakao 20 x 11 x 9 cm pro 25","description":"Cupcake-Box aus Kakaokarton 20 x 11 x 9 cm pro 25 St\u00fcck, elegant und stabil. Ideal f\u00fcr den Transport und die professionelle Pr\u00e4sentation Ihrer Cupcakes.","robots":{"index":"index","follow":"follow","max-snippet":"max-snippet:-1","max-image-preview":"max-image-preview:large","max-video-preview":"max-video-preview:-1"},"canonical":"https:\/\/www.csj-emballages.com\/de\/produit\/25-cakes-boxen-aus-kakaofarbenem-karton-20-x-11-x-9-cm-2\/","og_locale":"de_DE","og_type":"article","og_title":"Cupcake-Box aus Kakaokarton 20 x 11 x 9 cm pro 25","og_description":"Cupcake-Box aus Kakaokarton 20 x 11 x 9 cm pro 25 St\u00fcck, elegant und stabil. Ideal f\u00fcr den Transport und die professionelle Pr\u00e4sentation Ihrer Cupcakes.","og_url":"https:\/\/www.csj-emballages.com\/de\/produit\/25-cakes-boxen-aus-kakaofarbenem-karton-20-x-11-x-9-cm-2\/","og_site_name":"CSJ Emballages","article_publisher":"https:\/\/www.facebook.com\/csjemballages","article_modified_time":"2026-03-12T15:11:52+00:00","og_image":[{"width":800,"height":800,"url":"https:\/\/www.csj-emballages.com\/wp-content\/uploads\/2024\/08\/BCC2CACAO-1.webp","type":"image\/webp"}],"twitter_card":"summary_large_image","twitter_misc":{"Gesch\u00e4tzte Lesezeit":"2 Minuten"},"schema":{"@context":"https:\/\/schema.org","@graph":[{"@type":"WebPage","@id":"https:\/\/www.csj-emballages.com\/de\/produit\/25-cakes-boxen-aus-kakaofarbenem-karton-20-x-11-x-9-cm-2\/","url":"https:\/\/www.csj-emballages.com\/de\/produit\/25-cakes-boxen-aus-kakaofarbenem-karton-20-x-11-x-9-cm-2\/","name":"Cupcake Box Karton Kakao 20 x 11 x 9 cm pro 25","isPartOf":{"@id":"https:\/\/www.csj-emballages.com\/de\/#website"},"primaryImageOfPage":{"@id":"https:\/\/www.csj-emballages.com\/de\/produit\/25-cakes-boxen-aus-kakaofarbenem-karton-20-x-11-x-9-cm-2\/#primaryimage"},"image":{"@id":"https:\/\/www.csj-emballages.com\/de\/produit\/25-cakes-boxen-aus-kakaofarbenem-karton-20-x-11-x-9-cm-2\/#primaryimage"},"thumbnailUrl":"https:\/\/www.csj-emballages.com\/wp-content\/uploads\/2024\/08\/BCC2CACAO-1.webp","datePublished":"2024-08-27T00:18:14+00:00","dateModified":"2026-03-12T15:11:52+00:00","description":"Cupcake-Box aus Kakaokarton 20 x 11 x 9 cm pro 25 St\u00fcck, elegant und stabil. Ideal f\u00fcr den Transport und die professionelle Pr\u00e4sentation Ihrer Cupcakes.","breadcrumb":{"@id":"https:\/\/www.csj-emballages.com\/de\/produit\/25-cakes-boxen-aus-kakaofarbenem-karton-20-x-11-x-9-cm-2\/#breadcrumb"},"inLanguage":"de","potentialAction":[{"@type":"ReadAction","target":["https:\/\/www.csj-emballages.com\/de\/produit\/25-cakes-boxen-aus-kakaofarbenem-karton-20-x-11-x-9-cm-2\/"]}]},{"@type":"ImageObject","inLanguage":"de","@id":"https:\/\/www.csj-emballages.com\/de\/produit\/25-cakes-boxen-aus-kakaofarbenem-karton-20-x-11-x-9-cm-2\/#primaryimage","url":"https:\/\/www.csj-emballages.com\/wp-content\/uploads\/2024\/08\/BCC2CACAO-1.webp","contentUrl":"https:\/\/www.csj-emballages.com\/wp-content\/uploads\/2024\/08\/BCC2CACAO-1.webp","width":800,"height":800,"caption":"Boite cupcake"},{"@type":"BreadcrumbList","@id":"https:\/\/www.csj-emballages.com\/de\/produit\/25-cakes-boxen-aus-kakaofarbenem-karton-20-x-11-x-9-cm-2\/#breadcrumb","itemListElement":[{"@type":"ListItem","position":1,"name":"Accueil","item":"https:\/\/www.csj-emballages.com\/de\/universum-lebensmittelverpackungen\/"},{"@type":"ListItem","position":2,"name":"Shop","item":"https:\/\/www.csj-emballages.com\/shop\/"},{"@type":"ListItem","position":3,"name":"Cupcake-Box aus Kakaokarton 20 x 11 x 9 cm pro 25"}]},{"@type":"WebSite","@id":"https:\/\/www.csj-emballages.com\/de\/#website","url":"https:\/\/www.csj-emballages.com\/de\/","name":"CSJ Emballages","description":"","publisher":{"@id":"https:\/\/www.csj-emballages.com\/de\/#organization"},"potentialAction":[{"@type":"SearchAction","target":{"@type":"EntryPoint","urlTemplate":"https:\/\/www.csj-emballages.com\/de\/?s={search_term_string}"},"query-input":{"@type":"PropertyValueSpecification","valueRequired":true,"valueName":"search_term_string"}}],"inLanguage":"de"},{"@type":"Organization","@id":"https:\/\/www.csj-emballages.com\/de\/#Organization\/","name":"CSJ Emballages","url":"https:\/\/www.csj-emballages.com\/de\/","logo":{"@type":"ImageObject","inLanguage":"de","@id":"https:\/\/www.csj-emballages.com\/de\/#\/schema\/logo\/image\/","url":"https:\/\/www.csj-emballages.com\/wp-content\/uploads\/2023\/10\/logo_csj.webp","contentUrl":"https:\/\/www.csj-emballages.com\/wp-content\/uploads\/2023\/10\/logo_csj.webp","width":250,"height":95,"caption":"CSJ Emballages"},"image":{"@id":"https:\/\/www.csj-emballages.com\/de\/#\/schema\/logo\/image\/"},"sameAs":["https:\/\/www.facebook.com\/csjemballages"],"address":{"@type":"PostalAddress","streetAddress":"ZI La Lechere","addressLocality":"Patornay","postalCode":"39130","addressCountry":"FR"},"contactPoint":[{"@type":"ContactPoint","contactType":"Service client","telephone":"0384254272","email":"contact@csj-emballages.com"}]}]}},"df_price":26.75,"df_sale_price":"","df_regular_price":26.75,"df_image_link":"https:\/\/www.csj-emballages.com\/wp-content\/uploads\/2024\/08\/BCC2CACAO-1-300x300.webp","tiered_pricing_type":"fixed","tiered_pricing_fixed_rules":[],"tiered_pricing_percentage_rules":[],"tiered_pricing_minimum":1,"tiered_pricing_roles_data":[],"_links":{"self":[{"href":"https:\/\/www.csj-emballages.com\/de\/wp-json\/wp\/v2\/product\/126066","targetHints":{"allow":["GET"]}}],"collection":[{"href":"https:\/\/www.csj-emballages.com\/de\/wp-json\/wp\/v2\/product"}],"about":[{"href":"https:\/\/www.csj-emballages.com\/de\/wp-json\/wp\/v2\/types\/product"}],"wp:featuredmedia":[{"embeddable":true,"href":"https:\/\/www.csj-emballages.com\/de\/wp-json\/wp\/v2\/media\/241599"}],"wp:attachment":[{"href":"https:\/\/www.csj-emballages.com\/de\/wp-json\/wp\/v2\/media?parent=126066"}],"wp:term":[{"taxonomy":"product_brand","embeddable":true,"href":"https:\/\/www.csj-emballages.com\/de\/wp-json\/wp\/v2\/product_brand?post=126066"},{"taxonomy":"product_cat","embeddable":true,"href":"https:\/\/www.csj-emballages.com\/de\/wp-json\/wp\/v2\/product_cat?post=126066"},{"taxonomy":"product_tag","embeddable":true,"href":"https:\/\/www.csj-emballages.com\/de\/wp-json\/wp\/v2\/product_tag?post=126066"}],"curies":[{"name":"wp","href":"https:\/\/api.w.org\/{rel}","templated":true}]}}