{"id":126030,"date":"2024-08-14T02:19:42","date_gmt":"2024-08-14T00:19:42","guid":{"rendered":"https:\/\/www.csj-emballages.com\/produit\/120-schwarze-runde-schalen-325x325x25-cm\/"},"modified":"2026-03-12T16:08:18","modified_gmt":"2026-03-12T15:08:18","slug":"120-schwarze-runde-schalen-325x325x25-cm","status":"publish","type":"product","link":"https:\/\/www.csj-emballages.com\/de\/produit\/120-schwarze-runde-schalen-325x325x25-cm\/","title":{"rendered":"Runde schwarze Platte 32,5&#215;32,5&#215;2,5 cm, 120 St\u00fcck"},"content":{"rendered":"<h2 class=\"p1\">Runde schwarze Platte<\/h2>\n<hr>\n<h3>Entdecken Sie unsere runde schwarze Platte 32,5&#215;32,5&#215;2,5 cm, 120 St\u00fcck<\/h3>\n<p><!--more--><\/p>\n<div>\n<p data-start=\"233\" data-end=\"572\">Die <strong>runde schwarze Platte 32,5 x 32,5 x 2,5 cm<\/strong> ist eine ideale Pr\u00e4sentationsunterlage f\u00fcr Gastronomieprofis, Caterer und Eventveranstalter. Mit ihrem schlichten und modernen Design hebt sie kulinarische Kreationen hervor und verleiht Ihren Buffets, Vitrinen oder Take-away-Services eine elegante und professionelle Note. <\/p>\n<p data-start=\"574\" data-end=\"872\">Ihre gro\u00dfe Fl\u00e4che von <strong>32,5 cm Durchmesser<\/strong> erm\u00f6glicht die gro\u00dfz\u00fcgige Pr\u00e4sentation von <strong>Wurstwaren, K\u00e4se, Geb\u00e4ck, Petit Fours, Pizzen, Quiches oder Catering-Platten<\/strong>. Gleichzeitig sorgt ihre <strong>geringe H\u00f6he von 2,5 cm<\/strong> f\u00fcr eine gute Stabilit\u00e4t der Produkte und erleichtert die Handhabung und den Transport. <\/p>\n<p data-start=\"874\" data-end=\"1173\">Hergestellt aus lebensmittelechtem <strong>Hartplastik<\/strong>, bietet diese Platte ausgezeichnete Widerstandsf\u00e4higkeit und Formstabilit\u00e4t. Dar\u00fcber hinaus hebt ihre <strong>schwarze Farbe<\/strong> die Farben der Lebensmittel hervor und schafft einen \u00e4sthetischen Kontrast, der bei professionellen Pr\u00e4sentationen besonders gesch\u00e4tzt wird. <\/p>\n<p data-start=\"1175\" data-end=\"1450\">Stapelbar und leicht, ist die <strong>runde schwarze Platte<\/strong> einfach zu lagern und t\u00e4glich zu verwenden. Zusammenfassend l\u00e4sst sich sagen, dass sie im <strong>120er-Pack<\/strong> verpackt ist und sich perfekt f\u00fcr Betriebe mit hohem Durchsatz eignet, die eine praktische, wirtschaftliche und \u00e4sthetische L\u00f6sung f\u00fcr ihre kulinarischen Pr\u00e4sentationen suchen. <\/p>\n<p data-start=\"1175\" data-end=\"1450\">\n<\/div>\n<p><!--more--><\/p>\n<h4>Vorteile :<\/h4>\n<ul>\n<li data-start=\"1488\" data-end=\"1542\">Gro\u00dfes Format <strong>\u00d8 32,5 cm<\/strong> f\u00fcr gro\u00dfz\u00fcgige Pr\u00e4sentationen.<\/li>\n<li data-start=\"1545\" data-end=\"1591\">Elegante <strong>schwarze Farbe<\/strong>, die Lebensmittel aufwertet.<\/li>\n<li data-start=\"1594\" data-end=\"1640\">Hartplastik, lebensmittelecht.<\/li>\n<li data-start=\"1643\" data-end=\"1689\">Gute Stabilit\u00e4t dank <strong>2,5 cm<\/strong> H\u00f6he.<\/li>\n<li data-start=\"1843\" data-end=\"1885\">Wirtschaftliche Verpackung im <strong>120er-Pack<\/strong>.<\/li>\n<\/ul>\n<p>&nbsp;<\/p>\n<p><!--more--><\/p>\n<h4>Weitere Informationen :<\/h4>\n<ul>\n<li><strong>Verpackung<\/strong>: Packung \u00e0 120<\/li>\n<li><strong>Ma\u00dfe<\/strong>: 32,5&#215;32,5&#215;2,5 cm<\/li>\n<li><strong>Farbe<\/strong>: Schwarz<\/li>\n<li><strong>Material<\/strong>: Kunststoff<\/li>\n<\/ul>\n<div>\n<div><\/div>\n<\/div>\n<p><!--more--><\/p>\n<p><a href=\"\/?product_cat=destockages\">Sehen Sie sich den Rest unserer Produkte im Angebot an.<\/a><\/p>\n","protected":false},"excerpt":{"rendered":"<p>Runde schwarze Platte Entdecken Sie unsere runde schwarze Platte 32,5&#215;32,5&#215;2,5 cm, 120 St\u00fcck<\/p>\n","protected":false},"featured_media":34373,"template":"","meta":{"_acf_changed":false},"product_brand":[],"product_cat":[1137,1265],"product_tag":[],"class_list":{"0":"post-126030","1":"product","2":"type-product","3":"status-publish","4":"has-post-thumbnail","6":"product_cat-lebensmittelverpackungen","7":"product_cat-lagerbestande-promotion","9":"first","10":"instock","11":"sale","12":"taxable","13":"shipping-taxable","14":"purchasable","15":"product-type-simple"},"acf":[],"yoast_head":"<!-- This site is optimized with the Yoast SEO Premium plugin v26.6 (Yoast SEO v26.6) - https:\/\/yoast.com\/wordpress\/plugins\/seo\/ -->\n<title>Runde Schwarze Platte 32,5x32,5x2,5 cm, 120 St\u00fcck<\/title>\n<meta name=\"description\" content=\"Runde schwarze Platte, Ma\u00dfe 32,5 x 32,5 x 2,5 cm, 120 St\u00fcck. Ideal f\u00fcr Buffets und Catering-Pr\u00e4sentationen, elegant und widerstandsf\u00e4hig.\" \/>\n<meta name=\"robots\" content=\"index, follow, max-snippet:-1, max-image-preview:large, max-video-preview:-1\" \/>\n<link rel=\"canonical\" href=\"https:\/\/www.csj-emballages.com\/de\/produit\/120-schwarze-runde-schalen-325x325x25-cm\/\" \/>\n<meta property=\"og:locale\" content=\"de_DE\" \/>\n<meta property=\"og:type\" content=\"article\" \/>\n<meta property=\"og:title\" content=\"Runde schwarze Platte 32,5x32,5x2,5 cm, 120 St\u00fcck\" \/>\n<meta property=\"og:description\" content=\"Runde schwarze Platte, Ma\u00dfe 32,5 x 32,5 x 2,5 cm, 120 St\u00fcck. Ideal f\u00fcr Buffets und Catering-Pr\u00e4sentationen, elegant und widerstandsf\u00e4hig.\" \/>\n<meta property=\"og:url\" content=\"https:\/\/www.csj-emballages.com\/de\/produit\/120-schwarze-runde-schalen-325x325x25-cm\/\" \/>\n<meta property=\"og:site_name\" content=\"CSJ Emballages\" \/>\n<meta property=\"article:publisher\" content=\"https:\/\/www.facebook.com\/csjemballages\" \/>\n<meta property=\"article:modified_time\" content=\"2026-03-12T15:08:18+00:00\" \/>\n<meta property=\"og:image\" content=\"https:\/\/www.csj-emballages.com\/wp-content\/uploads\/2024\/07\/ba13caa7-2f44-4f30-a3d4-d2661dcaff16-removebg-preview-e1722414997572.png\" \/>\n\t<meta property=\"og:image:width\" content=\"499\" \/>\n\t<meta property=\"og:image:height\" content=\"500\" \/>\n\t<meta property=\"og:image:type\" content=\"image\/png\" \/>\n<meta name=\"twitter:card\" content=\"summary_large_image\" \/>\n<meta name=\"twitter:label1\" content=\"Gesch\u00e4tzte Lesezeit\" \/>\n\t<meta name=\"twitter:data1\" content=\"1\u00a0Minute\" \/>\n<script type=\"application\/ld+json\" class=\"yoast-schema-graph\">{\"@context\":\"https:\/\/schema.org\",\"@graph\":[{\"@type\":\"WebPage\",\"@id\":\"https:\/\/www.csj-emballages.com\/de\/produit\/120-schwarze-runde-schalen-325x325x25-cm\/\",\"url\":\"https:\/\/www.csj-emballages.com\/de\/produit\/120-schwarze-runde-schalen-325x325x25-cm\/\",\"name\":\"Runde Schwarze Platte 32,5x32,5x2,5 cm, 120 St\u00fcck\",\"isPartOf\":{\"@id\":\"https:\/\/www.csj-emballages.com\/de\/#website\"},\"primaryImageOfPage\":{\"@id\":\"https:\/\/www.csj-emballages.com\/de\/produit\/120-schwarze-runde-schalen-325x325x25-cm\/#primaryimage\"},\"image\":{\"@id\":\"https:\/\/www.csj-emballages.com\/de\/produit\/120-schwarze-runde-schalen-325x325x25-cm\/#primaryimage\"},\"thumbnailUrl\":\"https:\/\/www.csj-emballages.com\/wp-content\/uploads\/2024\/07\/ba13caa7-2f44-4f30-a3d4-d2661dcaff16-removebg-preview-e1722414997572.png\",\"datePublished\":\"2024-08-14T00:19:42+00:00\",\"dateModified\":\"2026-03-12T15:08:18+00:00\",\"description\":\"Runde schwarze Platte, Ma\u00dfe 32,5 x 32,5 x 2,5 cm, 120 St\u00fcck. Ideal f\u00fcr Buffets und Catering-Pr\u00e4sentationen, elegant und widerstandsf\u00e4hig.\",\"breadcrumb\":{\"@id\":\"https:\/\/www.csj-emballages.com\/de\/produit\/120-schwarze-runde-schalen-325x325x25-cm\/#breadcrumb\"},\"inLanguage\":\"de\",\"potentialAction\":[{\"@type\":\"ReadAction\",\"target\":[\"https:\/\/www.csj-emballages.com\/de\/produit\/120-schwarze-runde-schalen-325x325x25-cm\/\"]}]},{\"@type\":\"ImageObject\",\"inLanguage\":\"de\",\"@id\":\"https:\/\/www.csj-emballages.com\/de\/produit\/120-schwarze-runde-schalen-325x325x25-cm\/#primaryimage\",\"url\":\"https:\/\/www.csj-emballages.com\/wp-content\/uploads\/2024\/07\/ba13caa7-2f44-4f30-a3d4-d2661dcaff16-removebg-preview-e1722414997572.png\",\"contentUrl\":\"https:\/\/www.csj-emballages.com\/wp-content\/uploads\/2024\/07\/ba13caa7-2f44-4f30-a3d4-d2661dcaff16-removebg-preview-e1722414997572.png\",\"width\":499,\"height\":500,\"caption\":\"Plats \u00e0 tartes noirs 25x25x3 cm\"},{\"@type\":\"BreadcrumbList\",\"@id\":\"https:\/\/www.csj-emballages.com\/de\/produit\/120-schwarze-runde-schalen-325x325x25-cm\/#breadcrumb\",\"itemListElement\":[{\"@type\":\"ListItem\",\"position\":1,\"name\":\"Accueil\",\"item\":\"https:\/\/www.csj-emballages.com\/de\/universum-lebensmittelverpackungen\/\"},{\"@type\":\"ListItem\",\"position\":2,\"name\":\"Shop\",\"item\":\"https:\/\/www.csj-emballages.com\/shop\/\"},{\"@type\":\"ListItem\",\"position\":3,\"name\":\"Runde schwarze Platte 32,5&#215;32,5&#215;2,5 cm, 120 St\u00fcck\"}]},{\"@type\":\"WebSite\",\"@id\":\"https:\/\/www.csj-emballages.com\/de\/#website\",\"url\":\"https:\/\/www.csj-emballages.com\/de\/\",\"name\":\"CSJ Emballages\",\"description\":\"\",\"publisher\":{\"@id\":\"https:\/\/www.csj-emballages.com\/de\/#organization\"},\"potentialAction\":[{\"@type\":\"SearchAction\",\"target\":{\"@type\":\"EntryPoint\",\"urlTemplate\":\"https:\/\/www.csj-emballages.com\/de\/?s={search_term_string}\"},\"query-input\":{\"@type\":\"PropertyValueSpecification\",\"valueRequired\":true,\"valueName\":\"search_term_string\"}}],\"inLanguage\":\"de\"},{\"@type\":\"Organization\",\"@id\":\"https:\/\/www.csj-emballages.com\/de\/#Organization\/\",\"name\":\"CSJ Emballages\",\"url\":\"https:\/\/www.csj-emballages.com\/de\/\",\"logo\":{\"@type\":\"ImageObject\",\"inLanguage\":\"de\",\"@id\":\"https:\/\/www.csj-emballages.com\/de\/#\/schema\/logo\/image\/\",\"url\":\"https:\/\/www.csj-emballages.com\/wp-content\/uploads\/2023\/10\/logo_csj.webp\",\"contentUrl\":\"https:\/\/www.csj-emballages.com\/wp-content\/uploads\/2023\/10\/logo_csj.webp\",\"width\":250,\"height\":95,\"caption\":\"CSJ Emballages\"},\"image\":{\"@id\":\"https:\/\/www.csj-emballages.com\/de\/#\/schema\/logo\/image\/\"},\"sameAs\":[\"https:\/\/www.facebook.com\/csjemballages\"],\"address\":{\"@type\":\"PostalAddress\",\"streetAddress\":\"ZI La Lechere\",\"addressLocality\":\"Patornay\",\"postalCode\":\"39130\",\"addressCountry\":\"FR\"},\"contactPoint\":[{\"@type\":\"ContactPoint\",\"contactType\":\"Service client\",\"telephone\":\"0384254272\",\"email\":\"contact@csj-emballages.com\"}]}]}<\/script>\n<!-- \/ Yoast SEO Premium plugin. -->","yoast_head_json":{"title":"Runde Schwarze Platte 32,5x32,5x2,5 cm, 120 St\u00fcck","description":"Runde schwarze Platte, Ma\u00dfe 32,5 x 32,5 x 2,5 cm, 120 St\u00fcck. Ideal f\u00fcr Buffets und Catering-Pr\u00e4sentationen, elegant und widerstandsf\u00e4hig.","robots":{"index":"index","follow":"follow","max-snippet":"max-snippet:-1","max-image-preview":"max-image-preview:large","max-video-preview":"max-video-preview:-1"},"canonical":"https:\/\/www.csj-emballages.com\/de\/produit\/120-schwarze-runde-schalen-325x325x25-cm\/","og_locale":"de_DE","og_type":"article","og_title":"Runde schwarze Platte 32,5x32,5x2,5 cm, 120 St\u00fcck","og_description":"Runde schwarze Platte, Ma\u00dfe 32,5 x 32,5 x 2,5 cm, 120 St\u00fcck. Ideal f\u00fcr Buffets und Catering-Pr\u00e4sentationen, elegant und widerstandsf\u00e4hig.","og_url":"https:\/\/www.csj-emballages.com\/de\/produit\/120-schwarze-runde-schalen-325x325x25-cm\/","og_site_name":"CSJ Emballages","article_publisher":"https:\/\/www.facebook.com\/csjemballages","article_modified_time":"2026-03-12T15:08:18+00:00","og_image":[{"width":499,"height":500,"url":"https:\/\/www.csj-emballages.com\/wp-content\/uploads\/2024\/07\/ba13caa7-2f44-4f30-a3d4-d2661dcaff16-removebg-preview-e1722414997572.png","type":"image\/png"}],"twitter_card":"summary_large_image","twitter_misc":{"Gesch\u00e4tzte Lesezeit":"1\u00a0Minute"},"schema":{"@context":"https:\/\/schema.org","@graph":[{"@type":"WebPage","@id":"https:\/\/www.csj-emballages.com\/de\/produit\/120-schwarze-runde-schalen-325x325x25-cm\/","url":"https:\/\/www.csj-emballages.com\/de\/produit\/120-schwarze-runde-schalen-325x325x25-cm\/","name":"Runde Schwarze Platte 32,5x32,5x2,5 cm, 120 St\u00fcck","isPartOf":{"@id":"https:\/\/www.csj-emballages.com\/de\/#website"},"primaryImageOfPage":{"@id":"https:\/\/www.csj-emballages.com\/de\/produit\/120-schwarze-runde-schalen-325x325x25-cm\/#primaryimage"},"image":{"@id":"https:\/\/www.csj-emballages.com\/de\/produit\/120-schwarze-runde-schalen-325x325x25-cm\/#primaryimage"},"thumbnailUrl":"https:\/\/www.csj-emballages.com\/wp-content\/uploads\/2024\/07\/ba13caa7-2f44-4f30-a3d4-d2661dcaff16-removebg-preview-e1722414997572.png","datePublished":"2024-08-14T00:19:42+00:00","dateModified":"2026-03-12T15:08:18+00:00","description":"Runde schwarze Platte, Ma\u00dfe 32,5 x 32,5 x 2,5 cm, 120 St\u00fcck. Ideal f\u00fcr Buffets und Catering-Pr\u00e4sentationen, elegant und widerstandsf\u00e4hig.","breadcrumb":{"@id":"https:\/\/www.csj-emballages.com\/de\/produit\/120-schwarze-runde-schalen-325x325x25-cm\/#breadcrumb"},"inLanguage":"de","potentialAction":[{"@type":"ReadAction","target":["https:\/\/www.csj-emballages.com\/de\/produit\/120-schwarze-runde-schalen-325x325x25-cm\/"]}]},{"@type":"ImageObject","inLanguage":"de","@id":"https:\/\/www.csj-emballages.com\/de\/produit\/120-schwarze-runde-schalen-325x325x25-cm\/#primaryimage","url":"https:\/\/www.csj-emballages.com\/wp-content\/uploads\/2024\/07\/ba13caa7-2f44-4f30-a3d4-d2661dcaff16-removebg-preview-e1722414997572.png","contentUrl":"https:\/\/www.csj-emballages.com\/wp-content\/uploads\/2024\/07\/ba13caa7-2f44-4f30-a3d4-d2661dcaff16-removebg-preview-e1722414997572.png","width":499,"height":500,"caption":"Plats \u00e0 tartes noirs 25x25x3 cm"},{"@type":"BreadcrumbList","@id":"https:\/\/www.csj-emballages.com\/de\/produit\/120-schwarze-runde-schalen-325x325x25-cm\/#breadcrumb","itemListElement":[{"@type":"ListItem","position":1,"name":"Accueil","item":"https:\/\/www.csj-emballages.com\/de\/universum-lebensmittelverpackungen\/"},{"@type":"ListItem","position":2,"name":"Shop","item":"https:\/\/www.csj-emballages.com\/shop\/"},{"@type":"ListItem","position":3,"name":"Runde schwarze Platte 32,5&#215;32,5&#215;2,5 cm, 120 St\u00fcck"}]},{"@type":"WebSite","@id":"https:\/\/www.csj-emballages.com\/de\/#website","url":"https:\/\/www.csj-emballages.com\/de\/","name":"CSJ Emballages","description":"","publisher":{"@id":"https:\/\/www.csj-emballages.com\/de\/#organization"},"potentialAction":[{"@type":"SearchAction","target":{"@type":"EntryPoint","urlTemplate":"https:\/\/www.csj-emballages.com\/de\/?s={search_term_string}"},"query-input":{"@type":"PropertyValueSpecification","valueRequired":true,"valueName":"search_term_string"}}],"inLanguage":"de"},{"@type":"Organization","@id":"https:\/\/www.csj-emballages.com\/de\/#Organization\/","name":"CSJ Emballages","url":"https:\/\/www.csj-emballages.com\/de\/","logo":{"@type":"ImageObject","inLanguage":"de","@id":"https:\/\/www.csj-emballages.com\/de\/#\/schema\/logo\/image\/","url":"https:\/\/www.csj-emballages.com\/wp-content\/uploads\/2023\/10\/logo_csj.webp","contentUrl":"https:\/\/www.csj-emballages.com\/wp-content\/uploads\/2023\/10\/logo_csj.webp","width":250,"height":95,"caption":"CSJ Emballages"},"image":{"@id":"https:\/\/www.csj-emballages.com\/de\/#\/schema\/logo\/image\/"},"sameAs":["https:\/\/www.facebook.com\/csjemballages"],"address":{"@type":"PostalAddress","streetAddress":"ZI La Lechere","addressLocality":"Patornay","postalCode":"39130","addressCountry":"FR"},"contactPoint":[{"@type":"ContactPoint","contactType":"Service client","telephone":"0384254272","email":"contact@csj-emballages.com"}]}]}},"df_price":30,"df_sale_price":30,"df_regular_price":60,"df_image_link":"https:\/\/www.csj-emballages.com\/wp-content\/uploads\/2024\/07\/ba13caa7-2f44-4f30-a3d4-d2661dcaff16-removebg-preview-300x300.png","tiered_pricing_type":"fixed","tiered_pricing_fixed_rules":[],"tiered_pricing_percentage_rules":[],"tiered_pricing_minimum":1,"tiered_pricing_roles_data":[],"_links":{"self":[{"href":"https:\/\/www.csj-emballages.com\/de\/wp-json\/wp\/v2\/product\/126030","targetHints":{"allow":["GET"]}}],"collection":[{"href":"https:\/\/www.csj-emballages.com\/de\/wp-json\/wp\/v2\/product"}],"about":[{"href":"https:\/\/www.csj-emballages.com\/de\/wp-json\/wp\/v2\/types\/product"}],"wp:featuredmedia":[{"embeddable":true,"href":"https:\/\/www.csj-emballages.com\/de\/wp-json\/wp\/v2\/media\/34373"}],"wp:attachment":[{"href":"https:\/\/www.csj-emballages.com\/de\/wp-json\/wp\/v2\/media?parent=126030"}],"wp:term":[{"taxonomy":"product_brand","embeddable":true,"href":"https:\/\/www.csj-emballages.com\/de\/wp-json\/wp\/v2\/product_brand?post=126030"},{"taxonomy":"product_cat","embeddable":true,"href":"https:\/\/www.csj-emballages.com\/de\/wp-json\/wp\/v2\/product_cat?post=126030"},{"taxonomy":"product_tag","embeddable":true,"href":"https:\/\/www.csj-emballages.com\/de\/wp-json\/wp\/v2\/product_tag?post=126030"}],"curies":[{"name":"wp","href":"https:\/\/api.w.org\/{rel}","templated":true}]}}