{"id":126015,"date":"2024-08-01T02:18:48","date_gmt":"2024-08-01T00:18:48","guid":{"rendered":"https:\/\/www.csj-emballages.com\/produit\/120-scharnierschachteln-mit-2-faechern-fuer-gebaeck-36-x-18-x-15-cm\/"},"modified":"2026-03-12T16:27:38","modified_gmt":"2026-03-12T15:27:38","slug":"120-scharnierschachteln-mit-2-faechern-fuer-gebaeck-36-x-18-x-15-cm","status":"publish","type":"product","link":"https:\/\/www.csj-emballages.com\/de\/produit\/120-scharnierschachteln-mit-2-faechern-fuer-gebaeck-36-x-18-x-15-cm\/","title":{"rendered":"Konditoreibox mit 2 F\u00e4chern f\u00fcr Wiener Geb\u00e4ck Kristall 36 x 18 x 15 cm pro 120"},"content":{"rendered":"<h2>Konditoreidose 2 F\u00e4cher<\/h2>\n<hr>\n<h3>Beschreibung der Konditoreidose mit 2 F\u00e4chern f\u00fcr Wiener Geb\u00e4ck Kristall 36 x 18 x 15 cm pro 120 St\u00fcck<\/h3>\n<p><!--more--><\/p>\n<div>\n<p>Die <strong>Patisserie-Dose mit 2 F\u00e4chern Viennoiseries cristal 36 x 18 x 15 cm pro 120<\/strong> ist die perfekte Option f\u00fcr handwerkliche B\u00e4cker, Konditoren und Caterer, die ihre Werke ansprechend pr\u00e4sentieren und gleichzeitig einen sicheren Transport gew\u00e4hrleisten m\u00f6chten. Da diese Box aus <strong>durchsichtigem Kunststoff<\/strong> hergestellt wird, ist ihr Inhalt optimal sichtbar, sodass die Kunden die Frische und den Gourmet-Appeal der Produkte sofort beurteilen k\u00f6nnen. Die Box mit zwei getrennten Bereichen bietet die M\u00f6glichkeit, verschiedene Arten von Geb\u00e4ck, Patisserie oder Mini-Desserts aufzubewahren, ohne dass die Gefahr besteht, dass die Geschmacksrichtungen oder die Aufmachung verwechselt werden. Dank ihrer gro\u00dfz\u00fcgigen Abmessungen von <strong>36 x 18 x 15 cm<\/strong> ist sie ger\u00e4umig genug, um eine Vielzahl von Produkten aufzunehmen, und erf\u00fcllt damit die Anforderungen von Profis in den Bereichen Take-away und Buffet.   <\/p>\n<\/div>\n<p>Mit seinen gro\u00dfz\u00fcgigen Abmessungen von <strong>36 x 18 x 15 cm<\/strong> bietet dieser Artikel viel Platz f\u00fcr eine Vielzahl von Gegenst\u00e4nden, die den Anforderungen von professionellen Take-aways, Buffets oder auch Veranstaltungen entsprechen.<\/p>\n<p>Die Stapelung von <strong>120<\/strong> garantiert einen angemessenen Bestand, um Spitzenbelastungen zu bew\u00e4ltigen. Die robuste und gut durchdachte <strong>Box<\/strong> bietet au\u00dferdem eine praktische L\u00f6sung zum Stapeln und Aufbewahren. <\/p>\n<p>Ob Croissants, Pain au Chocolat, Brioches oder einzelne Desserts &#8211; diese <strong>Kristalldose<\/strong> hebt Ihre Produkte hervor und sorgt gleichzeitig f\u00fcr eine sorgf\u00e4ltige und professionelle Pr\u00e4sentation.<\/p>\n<p><!--more--><\/p>\n<h4>Vorteile :<\/h4>\n<ul>\n<li><strong data-start=\"1661\" data-end=\"1680\">2 F\u00e4cher<\/strong>, um die Produkte zu trennen, ohne sie zu besch\u00e4digen.<\/li>\n<li>Gro\u00dfes Format geeignet f\u00fcr verschiedene Sortimente.<\/li>\n<li><strong data-start=\"1782\" data-end=\"1806\">Dank ihrer kristallklaren Transparenz <\/strong>wertet sie Geb\u00e4ck auf.<\/li>\n<li><strong data-start=\"1842\" data-end=\"1863\">Set mit 120 Schachteln<\/strong> f\u00fcr den professionellen Gebrauch.<\/li>\n<li>Stabil und stapelbar f\u00fcr einfachen Transport und Lagerung.<\/li>\n<\/ul>\n<p>&nbsp;<\/p>\n<p><!--more--><\/p>\n<div>\n<div>\n<h4>Weitere Informationen :<\/h4>\n<ul>\n<li><strong>Verpackung<\/strong>: Karton mit 120 St\u00fcck<\/li>\n<li><strong>Ma\u00dfe<\/strong>: 36 x 18 x 15 cm (L x B x H in cm)<\/li>\n<li><strong>Kapazit\u00e4t<\/strong>: 2 F\u00e4cher<\/li>\n<li><strong>Material<\/strong>: PET<\/li>\n<\/ul>\n<div><\/div>\n<\/div>\n<\/div>\n<p><!--more--><\/p>\n<p><a href=\"\/?product_cat=boite-charniere-pour-patisseries\">Sehen Sie sich den Rest unseres Sortiments an Scharnierschachteln f\u00fcr Geb\u00e4ck an.<\/a><\/p>\n","protected":false},"excerpt":{"rendered":"<p>Konditoreidose 2 F\u00e4cher Beschreibung der Konditoreidose mit 2 F\u00e4chern f\u00fcr Wiener Geb\u00e4ck Kristall 36 x 18 x 15 cm pro 120 St\u00fcck<\/p>\n","protected":false},"featured_media":242376,"template":"","meta":{"_acf_changed":false},"product_brand":[],"product_cat":[1137,1171,3964,1256,6581,1265],"product_tag":[],"class_list":{"0":"post-126015","1":"product","2":"type-product","3":"status-publish","4":"has-post-thumbnail","6":"product_cat-lebensmittelverpackungen","7":"product_cat-backerei-und-konditorei","8":"product_cat-schachteln-und-etuis","9":"product_cat-gebackschachteln","10":"product_cat-scharnierschachtel-fur-geback","11":"product_cat-lagerbestande-promotion","13":"first","14":"instock","15":"sale","16":"taxable","17":"shipping-taxable","18":"purchasable","19":"product-type-simple"},"acf":[],"yoast_head":"<!-- This site is optimized with the Yoast SEO Premium plugin v26.6 (Yoast SEO v26.6) - https:\/\/yoast.com\/wordpress\/plugins\/seo\/ -->\n<title>Box P\u00e2tissi\u00e8re 2 F\u00e4cher Viennoiseries 36 x 18 x 15 cm<\/title>\n<meta name=\"description\" content=\"Konditoreibox mit 2 F\u00e4chern aus Kristallglas 36 x 18 x 15 cm pro 120: Ideal, um Ihr Geb\u00e4ck sorgf\u00e4ltig zu pr\u00e4sentieren und zu transportieren.\" \/>\n<meta name=\"robots\" content=\"index, follow, max-snippet:-1, max-image-preview:large, max-video-preview:-1\" \/>\n<link rel=\"canonical\" href=\"https:\/\/www.csj-emballages.com\/de\/produit\/120-scharnierschachteln-mit-2-faechern-fuer-gebaeck-36-x-18-x-15-cm\/\" \/>\n<meta property=\"og:locale\" content=\"de_DE\" \/>\n<meta property=\"og:type\" content=\"article\" \/>\n<meta property=\"og:title\" content=\"Konditoreibox mit 2 F\u00e4chern f\u00fcr Wiener Geb\u00e4ck Kristall 36 x 18 x 15 cm pro 120\" \/>\n<meta property=\"og:description\" content=\"Konditoreibox mit 2 F\u00e4chern aus Kristallglas 36 x 18 x 15 cm pro 120: Ideal, um Ihr Geb\u00e4ck sorgf\u00e4ltig zu pr\u00e4sentieren und zu transportieren.\" \/>\n<meta property=\"og:url\" content=\"https:\/\/www.csj-emballages.com\/de\/produit\/120-scharnierschachteln-mit-2-faechern-fuer-gebaeck-36-x-18-x-15-cm\/\" \/>\n<meta property=\"og:site_name\" content=\"CSJ Emballages\" \/>\n<meta property=\"article:publisher\" content=\"https:\/\/www.facebook.com\/csjemballages\" \/>\n<meta property=\"article:modified_time\" content=\"2026-03-12T15:27:38+00:00\" \/>\n<meta property=\"og:image\" content=\"https:\/\/www.csj-emballages.com\/wp-content\/uploads\/2024\/08\/ITV210.webp\" \/>\n\t<meta property=\"og:image:width\" content=\"800\" \/>\n\t<meta property=\"og:image:height\" content=\"800\" \/>\n\t<meta property=\"og:image:type\" content=\"image\/webp\" \/>\n<meta name=\"twitter:card\" content=\"summary_large_image\" \/>\n<meta name=\"twitter:label1\" content=\"Gesch\u00e4tzte Lesezeit\" \/>\n\t<meta name=\"twitter:data1\" content=\"2 Minuten\" \/>\n<script type=\"application\/ld+json\" class=\"yoast-schema-graph\">{\"@context\":\"https:\/\/schema.org\",\"@graph\":[{\"@type\":\"WebPage\",\"@id\":\"https:\/\/www.csj-emballages.com\/de\/produit\/120-scharnierschachteln-mit-2-faechern-fuer-gebaeck-36-x-18-x-15-cm\/\",\"url\":\"https:\/\/www.csj-emballages.com\/de\/produit\/120-scharnierschachteln-mit-2-faechern-fuer-gebaeck-36-x-18-x-15-cm\/\",\"name\":\"Box P\u00e2tissi\u00e8re 2 F\u00e4cher Viennoiseries 36 x 18 x 15 cm\",\"isPartOf\":{\"@id\":\"https:\/\/www.csj-emballages.com\/de\/#website\"},\"primaryImageOfPage\":{\"@id\":\"https:\/\/www.csj-emballages.com\/de\/produit\/120-scharnierschachteln-mit-2-faechern-fuer-gebaeck-36-x-18-x-15-cm\/#primaryimage\"},\"image\":{\"@id\":\"https:\/\/www.csj-emballages.com\/de\/produit\/120-scharnierschachteln-mit-2-faechern-fuer-gebaeck-36-x-18-x-15-cm\/#primaryimage\"},\"thumbnailUrl\":\"https:\/\/www.csj-emballages.com\/wp-content\/uploads\/2024\/08\/ITV210.webp\",\"datePublished\":\"2024-08-01T00:18:48+00:00\",\"dateModified\":\"2026-03-12T15:27:38+00:00\",\"description\":\"Konditoreibox mit 2 F\u00e4chern aus Kristallglas 36 x 18 x 15 cm pro 120: Ideal, um Ihr Geb\u00e4ck sorgf\u00e4ltig zu pr\u00e4sentieren und zu transportieren.\",\"breadcrumb\":{\"@id\":\"https:\/\/www.csj-emballages.com\/de\/produit\/120-scharnierschachteln-mit-2-faechern-fuer-gebaeck-36-x-18-x-15-cm\/#breadcrumb\"},\"inLanguage\":\"de\",\"potentialAction\":[{\"@type\":\"ReadAction\",\"target\":[\"https:\/\/www.csj-emballages.com\/de\/produit\/120-scharnierschachteln-mit-2-faechern-fuer-gebaeck-36-x-18-x-15-cm\/\"]}]},{\"@type\":\"ImageObject\",\"inLanguage\":\"de\",\"@id\":\"https:\/\/www.csj-emballages.com\/de\/produit\/120-scharnierschachteln-mit-2-faechern-fuer-gebaeck-36-x-18-x-15-cm\/#primaryimage\",\"url\":\"https:\/\/www.csj-emballages.com\/wp-content\/uploads\/2024\/08\/ITV210.webp\",\"contentUrl\":\"https:\/\/www.csj-emballages.com\/wp-content\/uploads\/2024\/08\/ITV210.webp\",\"width\":800,\"height\":800,\"caption\":\"Boite p\u00e2tissi\u00e8re 2 compartiments\"},{\"@type\":\"BreadcrumbList\",\"@id\":\"https:\/\/www.csj-emballages.com\/de\/produit\/120-scharnierschachteln-mit-2-faechern-fuer-gebaeck-36-x-18-x-15-cm\/#breadcrumb\",\"itemListElement\":[{\"@type\":\"ListItem\",\"position\":1,\"name\":\"Accueil\",\"item\":\"https:\/\/www.csj-emballages.com\/de\/universum-lebensmittelverpackungen\/\"},{\"@type\":\"ListItem\",\"position\":2,\"name\":\"Shop\",\"item\":\"https:\/\/www.csj-emballages.com\/shop\/\"},{\"@type\":\"ListItem\",\"position\":3,\"name\":\"Konditoreibox mit 2 F\u00e4chern f\u00fcr Wiener Geb\u00e4ck Kristall 36 x 18 x 15 cm pro 120\"}]},{\"@type\":\"WebSite\",\"@id\":\"https:\/\/www.csj-emballages.com\/de\/#website\",\"url\":\"https:\/\/www.csj-emballages.com\/de\/\",\"name\":\"CSJ Emballages\",\"description\":\"\",\"publisher\":{\"@id\":\"https:\/\/www.csj-emballages.com\/de\/#organization\"},\"potentialAction\":[{\"@type\":\"SearchAction\",\"target\":{\"@type\":\"EntryPoint\",\"urlTemplate\":\"https:\/\/www.csj-emballages.com\/de\/?s={search_term_string}\"},\"query-input\":{\"@type\":\"PropertyValueSpecification\",\"valueRequired\":true,\"valueName\":\"search_term_string\"}}],\"inLanguage\":\"de\"},{\"@type\":\"Organization\",\"@id\":\"https:\/\/www.csj-emballages.com\/de\/#Organization\/\",\"name\":\"CSJ Emballages\",\"url\":\"https:\/\/www.csj-emballages.com\/de\/\",\"logo\":{\"@type\":\"ImageObject\",\"inLanguage\":\"de\",\"@id\":\"https:\/\/www.csj-emballages.com\/de\/#\/schema\/logo\/image\/\",\"url\":\"https:\/\/www.csj-emballages.com\/wp-content\/uploads\/2023\/10\/logo_csj.webp\",\"contentUrl\":\"https:\/\/www.csj-emballages.com\/wp-content\/uploads\/2023\/10\/logo_csj.webp\",\"width\":250,\"height\":95,\"caption\":\"CSJ Emballages\"},\"image\":{\"@id\":\"https:\/\/www.csj-emballages.com\/de\/#\/schema\/logo\/image\/\"},\"sameAs\":[\"https:\/\/www.facebook.com\/csjemballages\"],\"address\":{\"@type\":\"PostalAddress\",\"streetAddress\":\"ZI La Lechere\",\"addressLocality\":\"Patornay\",\"postalCode\":\"39130\",\"addressCountry\":\"FR\"},\"contactPoint\":[{\"@type\":\"ContactPoint\",\"contactType\":\"Service client\",\"telephone\":\"0384254272\",\"email\":\"contact@csj-emballages.com\"}]}]}<\/script>\n<!-- \/ Yoast SEO Premium plugin. -->","yoast_head_json":{"title":"Box P\u00e2tissi\u00e8re 2 F\u00e4cher Viennoiseries 36 x 18 x 15 cm","description":"Konditoreibox mit 2 F\u00e4chern aus Kristallglas 36 x 18 x 15 cm pro 120: Ideal, um Ihr Geb\u00e4ck sorgf\u00e4ltig zu pr\u00e4sentieren und zu transportieren.","robots":{"index":"index","follow":"follow","max-snippet":"max-snippet:-1","max-image-preview":"max-image-preview:large","max-video-preview":"max-video-preview:-1"},"canonical":"https:\/\/www.csj-emballages.com\/de\/produit\/120-scharnierschachteln-mit-2-faechern-fuer-gebaeck-36-x-18-x-15-cm\/","og_locale":"de_DE","og_type":"article","og_title":"Konditoreibox mit 2 F\u00e4chern f\u00fcr Wiener Geb\u00e4ck Kristall 36 x 18 x 15 cm pro 120","og_description":"Konditoreibox mit 2 F\u00e4chern aus Kristallglas 36 x 18 x 15 cm pro 120: Ideal, um Ihr Geb\u00e4ck sorgf\u00e4ltig zu pr\u00e4sentieren und zu transportieren.","og_url":"https:\/\/www.csj-emballages.com\/de\/produit\/120-scharnierschachteln-mit-2-faechern-fuer-gebaeck-36-x-18-x-15-cm\/","og_site_name":"CSJ Emballages","article_publisher":"https:\/\/www.facebook.com\/csjemballages","article_modified_time":"2026-03-12T15:27:38+00:00","og_image":[{"width":800,"height":800,"url":"https:\/\/www.csj-emballages.com\/wp-content\/uploads\/2024\/08\/ITV210.webp","type":"image\/webp"}],"twitter_card":"summary_large_image","twitter_misc":{"Gesch\u00e4tzte Lesezeit":"2 Minuten"},"schema":{"@context":"https:\/\/schema.org","@graph":[{"@type":"WebPage","@id":"https:\/\/www.csj-emballages.com\/de\/produit\/120-scharnierschachteln-mit-2-faechern-fuer-gebaeck-36-x-18-x-15-cm\/","url":"https:\/\/www.csj-emballages.com\/de\/produit\/120-scharnierschachteln-mit-2-faechern-fuer-gebaeck-36-x-18-x-15-cm\/","name":"Box P\u00e2tissi\u00e8re 2 F\u00e4cher Viennoiseries 36 x 18 x 15 cm","isPartOf":{"@id":"https:\/\/www.csj-emballages.com\/de\/#website"},"primaryImageOfPage":{"@id":"https:\/\/www.csj-emballages.com\/de\/produit\/120-scharnierschachteln-mit-2-faechern-fuer-gebaeck-36-x-18-x-15-cm\/#primaryimage"},"image":{"@id":"https:\/\/www.csj-emballages.com\/de\/produit\/120-scharnierschachteln-mit-2-faechern-fuer-gebaeck-36-x-18-x-15-cm\/#primaryimage"},"thumbnailUrl":"https:\/\/www.csj-emballages.com\/wp-content\/uploads\/2024\/08\/ITV210.webp","datePublished":"2024-08-01T00:18:48+00:00","dateModified":"2026-03-12T15:27:38+00:00","description":"Konditoreibox mit 2 F\u00e4chern aus Kristallglas 36 x 18 x 15 cm pro 120: Ideal, um Ihr Geb\u00e4ck sorgf\u00e4ltig zu pr\u00e4sentieren und zu transportieren.","breadcrumb":{"@id":"https:\/\/www.csj-emballages.com\/de\/produit\/120-scharnierschachteln-mit-2-faechern-fuer-gebaeck-36-x-18-x-15-cm\/#breadcrumb"},"inLanguage":"de","potentialAction":[{"@type":"ReadAction","target":["https:\/\/www.csj-emballages.com\/de\/produit\/120-scharnierschachteln-mit-2-faechern-fuer-gebaeck-36-x-18-x-15-cm\/"]}]},{"@type":"ImageObject","inLanguage":"de","@id":"https:\/\/www.csj-emballages.com\/de\/produit\/120-scharnierschachteln-mit-2-faechern-fuer-gebaeck-36-x-18-x-15-cm\/#primaryimage","url":"https:\/\/www.csj-emballages.com\/wp-content\/uploads\/2024\/08\/ITV210.webp","contentUrl":"https:\/\/www.csj-emballages.com\/wp-content\/uploads\/2024\/08\/ITV210.webp","width":800,"height":800,"caption":"Boite p\u00e2tissi\u00e8re 2 compartiments"},{"@type":"BreadcrumbList","@id":"https:\/\/www.csj-emballages.com\/de\/produit\/120-scharnierschachteln-mit-2-faechern-fuer-gebaeck-36-x-18-x-15-cm\/#breadcrumb","itemListElement":[{"@type":"ListItem","position":1,"name":"Accueil","item":"https:\/\/www.csj-emballages.com\/de\/universum-lebensmittelverpackungen\/"},{"@type":"ListItem","position":2,"name":"Shop","item":"https:\/\/www.csj-emballages.com\/shop\/"},{"@type":"ListItem","position":3,"name":"Konditoreibox mit 2 F\u00e4chern f\u00fcr Wiener Geb\u00e4ck Kristall 36 x 18 x 15 cm pro 120"}]},{"@type":"WebSite","@id":"https:\/\/www.csj-emballages.com\/de\/#website","url":"https:\/\/www.csj-emballages.com\/de\/","name":"CSJ Emballages","description":"","publisher":{"@id":"https:\/\/www.csj-emballages.com\/de\/#organization"},"potentialAction":[{"@type":"SearchAction","target":{"@type":"EntryPoint","urlTemplate":"https:\/\/www.csj-emballages.com\/de\/?s={search_term_string}"},"query-input":{"@type":"PropertyValueSpecification","valueRequired":true,"valueName":"search_term_string"}}],"inLanguage":"de"},{"@type":"Organization","@id":"https:\/\/www.csj-emballages.com\/de\/#Organization\/","name":"CSJ Emballages","url":"https:\/\/www.csj-emballages.com\/de\/","logo":{"@type":"ImageObject","inLanguage":"de","@id":"https:\/\/www.csj-emballages.com\/de\/#\/schema\/logo\/image\/","url":"https:\/\/www.csj-emballages.com\/wp-content\/uploads\/2023\/10\/logo_csj.webp","contentUrl":"https:\/\/www.csj-emballages.com\/wp-content\/uploads\/2023\/10\/logo_csj.webp","width":250,"height":95,"caption":"CSJ Emballages"},"image":{"@id":"https:\/\/www.csj-emballages.com\/de\/#\/schema\/logo\/image\/"},"sameAs":["https:\/\/www.facebook.com\/csjemballages"],"address":{"@type":"PostalAddress","streetAddress":"ZI La Lechere","addressLocality":"Patornay","postalCode":"39130","addressCountry":"FR"},"contactPoint":[{"@type":"ContactPoint","contactType":"Service client","telephone":"0384254272","email":"contact@csj-emballages.com"}]}]}},"df_price":48,"df_sale_price":48,"df_regular_price":60,"df_image_link":"https:\/\/www.csj-emballages.com\/wp-content\/uploads\/2024\/08\/ITV210-300x300.webp","tiered_pricing_type":"fixed","tiered_pricing_fixed_rules":[],"tiered_pricing_percentage_rules":[],"tiered_pricing_minimum":1,"tiered_pricing_roles_data":[],"_links":{"self":[{"href":"https:\/\/www.csj-emballages.com\/de\/wp-json\/wp\/v2\/product\/126015","targetHints":{"allow":["GET"]}}],"collection":[{"href":"https:\/\/www.csj-emballages.com\/de\/wp-json\/wp\/v2\/product"}],"about":[{"href":"https:\/\/www.csj-emballages.com\/de\/wp-json\/wp\/v2\/types\/product"}],"wp:featuredmedia":[{"embeddable":true,"href":"https:\/\/www.csj-emballages.com\/de\/wp-json\/wp\/v2\/media\/242376"}],"wp:attachment":[{"href":"https:\/\/www.csj-emballages.com\/de\/wp-json\/wp\/v2\/media?parent=126015"}],"wp:term":[{"taxonomy":"product_brand","embeddable":true,"href":"https:\/\/www.csj-emballages.com\/de\/wp-json\/wp\/v2\/product_brand?post=126015"},{"taxonomy":"product_cat","embeddable":true,"href":"https:\/\/www.csj-emballages.com\/de\/wp-json\/wp\/v2\/product_cat?post=126015"},{"taxonomy":"product_tag","embeddable":true,"href":"https:\/\/www.csj-emballages.com\/de\/wp-json\/wp\/v2\/product_tag?post=126015"}],"curies":[{"name":"wp","href":"https:\/\/api.w.org\/{rel}","templated":true}]}}