{"id":126006,"date":"2024-07-30T02:19:06","date_gmt":"2024-07-30T00:19:06","guid":{"rendered":"https:\/\/www.csj-emballages.com\/produit\/200-schwarze-marmipack-schalen-mit-2-faechern-1000-ml\/"},"modified":"2026-04-09T02:14:55","modified_gmt":"2026-04-09T00:14:55","slug":"200-schwarze-marmipack-schalen-mit-2-faechern-1000-ml","status":"publish","type":"product","link":"https:\/\/www.csj-emballages.com\/de\/produit\/200-schwarze-marmipack-schalen-mit-2-faechern-1000-ml\/","title":{"rendered":"Schwarze Schale mit 2 F\u00e4chern, 1000 ml, 200 St\u00fcck"},"content":{"rendered":"<h2 class=\"p1\">Schwarze Schale mit 2 F\u00e4chern<\/h2>\n<hr>\n<h3>Entdecken Sie unsere schwarze Schale mit 2 F\u00e4chern, 1000 ml, 200 St\u00fcck<\/h3>\n<p><!--more--><\/p>\n<div>\n<p data-start=\"244\" data-end=\"567\">Die <strong>schwarze Schale mit 2 F\u00e4chern, 1000 ml<\/strong> ist eine praktische und elegante L\u00f6sung f\u00fcr die Verpackung kompletter Take-away-Gerichte. Sie wurde f\u00fcr Gastronomieprofis, Caterer, Imbisse und Gro\u00dfk\u00fcchen entwickelt und erm\u00f6glicht eine effiziente Trennung der Lebensmittel bei gleichzeitiger ansprechender und moderner Pr\u00e4sentation. <\/p>\n<p data-start=\"569\" data-end=\"866\">Dank <strong>ihrer zwei separaten F\u00e4cher<\/strong> ist diese <strong>Schale<\/strong> ideal, um ein Hauptgericht mit Beilage ohne Geschmacksvermischung anzubieten. Dar\u00fcber hinaus eignet sich ihr Gesamtvolumen von <strong>1000 ml<\/strong> perfekt f\u00fcr <strong>gro\u00dfz\u00fcgige Einzelportionen<\/strong> und gew\u00e4hrleistet ein gutes Gleichgewicht zwischen Volumen und Praktikabilit\u00e4t. <\/p>\n<p data-start=\"868\" data-end=\"1282\">Dank ihres lebensmittelechten Kunststoffs garantiert die Schale eine gute Best\u00e4ndigkeit beim Bef\u00fcllen, Transport und Stapeln. Ihr <strong>schwarzer Farbton<\/strong> verleiht zudem eine professionelle Note und hebt die Speisen hervor, indem er einen \u00e4sthetischen Kontrast schafft, der in der Auslage oder bei der Lieferung gesch\u00e4tzt wird. Sie ist f\u00fcr warme Speisen geeignet.  <\/p>\n<p data-start=\"1284\" data-end=\"1563\">Diese <strong>Schale<\/strong> ist im Alltag praktisch und erleichtert die K\u00fcchenorganisation sowie die Zubereitung von Bestellungen. Zusammenfassend l\u00e4sst sich sagen, dass sie in Packungen zu je <strong>200 St\u00fcck<\/strong> verpackt ist und sich perfekt f\u00fcr Betriebe mit hohem Durchsatz eignet. <\/p>\n<p data-start=\"1284\" data-end=\"1563\">\n<\/div>\n<p><!--more--><\/p>\n<p data-start=\"1284\" data-end=\"1563\"><strong><span style=\"color: #ff0000;\">*Diese Schalen sind ohne Deckel erh\u00e4ltlich.<\/span><\/strong><\/p>\n<p data-start=\"1284\" data-end=\"1563\"><!--more--><\/p>\n<h4 data-start=\"1284\" data-end=\"1563\">Vorteile :<\/h4>\n<ul>\n<li data-start=\"1601\" data-end=\"1647\"><strong>Zwei F\u00e4cher<\/strong> zur Trennung der Lebensmittel<\/li>\n<li data-start=\"1650\" data-end=\"1701\">Fassungsverm\u00f6gen <strong>1000 ml<\/strong>, geeignet f\u00fcr komplette Portionen<\/li>\n<li data-start=\"1704\" data-end=\"1743\">Lebensmittelechter Kunststoff<\/li>\n<li data-start=\"1746\" data-end=\"1788\"><strong>Schwarze Farbe<\/strong>, die die Zubereitungen aufwertet<\/li>\n<li data-start=\"1859\" data-end=\"1902\">Ideal f\u00fcr Take-away und Lieferung<\/li>\n<li data-start=\"1905\" data-end=\"1952\">Wirtschaftliche Verpackung mit <strong>200 Schalen<\/strong>.<\/li>\n<\/ul>\n<div>\n<p>&nbsp;<\/p>\n<\/div>\n<p><!--more--><\/p>\n<h4>Weitere Informationen :<\/h4>\n<ul>\n<li><strong>Verpackung<\/strong>: Packung mit 200 St\u00fcck<\/li>\n<li><strong>Volumen<\/strong>: 1000 ml (550 \/ 350 ml)<\/li>\n<li><strong>Farbe<\/strong>: Schwarz<\/li>\n<li><strong>Material<\/strong>: PP<\/li>\n<\/ul>\n<p>&nbsp;<\/p>\n<p><!--more--><\/p>\n<p><a href=\"\/?product_cat=destockages\">Sehen Sie sich den Rest unserer Produkte im Angebot an.<\/a><\/p>\n","protected":false},"excerpt":{"rendered":"<p>Schwarze Schale mit 2 F\u00e4chern Entdecken Sie unsere schwarze Schale mit 2 F\u00e4chern, 1000 ml, 200 St\u00fcck<\/p>\n","protected":false},"featured_media":34456,"template":"","meta":{"_acf_changed":false},"product_brand":[],"product_cat":[1137,1170,2277,1513,10072,1265],"product_tag":[],"class_list":{"0":"post-126006","1":"product","2":"type-product","3":"status-publish","4":"has-post-thumbnail","6":"product_cat-lebensmittelverpackungen","7":"product_cat-metzgerei-und-feinkostgeschaft","8":"product_cat-schalen-dosen-und-glaser","9":"product_cat-schalen-dosen-glaser-fur-lebensmittel","10":"product_cat-mikrowellenschalen-marmipack","11":"product_cat-lagerbestande-promotion","13":"first","14":"instock","15":"sale","16":"taxable","17":"shipping-taxable","18":"purchasable","19":"product-type-simple"},"acf":[],"yoast_head":"<!-- This site is optimized with the Yoast SEO Premium plugin v26.6 (Yoast SEO v26.6) - https:\/\/yoast.com\/wordpress\/plugins\/seo\/ -->\n<title>Schwarze Schale 2 F\u00e4cher 1000 ml, 200 St\u00fcck<\/title>\n<meta name=\"description\" content=\"Schwarze Schale mit 2 F\u00e4chern, 1000 ml, 200 St\u00fcck. Ideal f\u00fcr Take-away-Gerichte, praktische Trennung und professionelle Pr\u00e4sentation.\" \/>\n<meta name=\"robots\" content=\"index, follow, max-snippet:-1, max-image-preview:large, max-video-preview:-1\" \/>\n<link rel=\"canonical\" href=\"https:\/\/www.csj-emballages.com\/de\/produit\/200-schwarze-marmipack-schalen-mit-2-faechern-1000-ml\/\" \/>\n<meta property=\"og:locale\" content=\"de_DE\" \/>\n<meta property=\"og:type\" content=\"article\" \/>\n<meta property=\"og:title\" content=\"Schwarze Schale mit 2 F\u00e4chern, 1000 ml, 200 St\u00fcck\" \/>\n<meta property=\"og:description\" content=\"Schwarze Schale mit 2 F\u00e4chern, 1000 ml, 200 St\u00fcck. Ideal f\u00fcr Take-away-Gerichte, praktische Trennung und professionelle Pr\u00e4sentation.\" \/>\n<meta property=\"og:url\" content=\"https:\/\/www.csj-emballages.com\/de\/produit\/200-schwarze-marmipack-schalen-mit-2-faechern-1000-ml\/\" \/>\n<meta property=\"og:site_name\" content=\"CSJ Emballages\" \/>\n<meta property=\"article:publisher\" content=\"https:\/\/www.facebook.com\/csjemballages\" \/>\n<meta property=\"article:modified_time\" content=\"2026-04-09T00:14:55+00:00\" \/>\n<meta property=\"og:image\" content=\"https:\/\/www.csj-emballages.com\/wp-content\/uploads\/2024\/07\/650b41a3-d820-48e4-8c1f-54644ba0b017-removebg-preview-e1722428331926.png\" \/>\n\t<meta property=\"og:image:width\" content=\"499\" \/>\n\t<meta property=\"og:image:height\" content=\"500\" \/>\n\t<meta property=\"og:image:type\" content=\"image\/png\" \/>\n<meta name=\"twitter:card\" content=\"summary_large_image\" \/>\n<meta name=\"twitter:label1\" content=\"Gesch\u00e4tzte Lesezeit\" \/>\n\t<meta name=\"twitter:data1\" content=\"1\u00a0Minute\" \/>\n<script type=\"application\/ld+json\" class=\"yoast-schema-graph\">{\"@context\":\"https:\/\/schema.org\",\"@graph\":[{\"@type\":\"WebPage\",\"@id\":\"https:\/\/www.csj-emballages.com\/de\/produit\/200-schwarze-marmipack-schalen-mit-2-faechern-1000-ml\/\",\"url\":\"https:\/\/www.csj-emballages.com\/de\/produit\/200-schwarze-marmipack-schalen-mit-2-faechern-1000-ml\/\",\"name\":\"Schwarze Schale 2 F\u00e4cher 1000 ml, 200 St\u00fcck\",\"isPartOf\":{\"@id\":\"https:\/\/www.csj-emballages.com\/de\/#website\"},\"primaryImageOfPage\":{\"@id\":\"https:\/\/www.csj-emballages.com\/de\/produit\/200-schwarze-marmipack-schalen-mit-2-faechern-1000-ml\/#primaryimage\"},\"image\":{\"@id\":\"https:\/\/www.csj-emballages.com\/de\/produit\/200-schwarze-marmipack-schalen-mit-2-faechern-1000-ml\/#primaryimage\"},\"thumbnailUrl\":\"https:\/\/www.csj-emballages.com\/wp-content\/uploads\/2024\/07\/650b41a3-d820-48e4-8c1f-54644ba0b017-removebg-preview-e1722428331926.png\",\"datePublished\":\"2024-07-30T00:19:06+00:00\",\"dateModified\":\"2026-04-09T00:14:55+00:00\",\"description\":\"Schwarze Schale mit 2 F\u00e4chern, 1000 ml, 200 St\u00fcck. Ideal f\u00fcr Take-away-Gerichte, praktische Trennung und professionelle Pr\u00e4sentation.\",\"breadcrumb\":{\"@id\":\"https:\/\/www.csj-emballages.com\/de\/produit\/200-schwarze-marmipack-schalen-mit-2-faechern-1000-ml\/#breadcrumb\"},\"inLanguage\":\"de\",\"potentialAction\":[{\"@type\":\"ReadAction\",\"target\":[\"https:\/\/www.csj-emballages.com\/de\/produit\/200-schwarze-marmipack-schalen-mit-2-faechern-1000-ml\/\"]}]},{\"@type\":\"ImageObject\",\"inLanguage\":\"de\",\"@id\":\"https:\/\/www.csj-emballages.com\/de\/produit\/200-schwarze-marmipack-schalen-mit-2-faechern-1000-ml\/#primaryimage\",\"url\":\"https:\/\/www.csj-emballages.com\/wp-content\/uploads\/2024\/07\/650b41a3-d820-48e4-8c1f-54644ba0b017-removebg-preview-e1722428331926.png\",\"contentUrl\":\"https:\/\/www.csj-emballages.com\/wp-content\/uploads\/2024\/07\/650b41a3-d820-48e4-8c1f-54644ba0b017-removebg-preview-e1722428331926.png\",\"width\":499,\"height\":500,\"caption\":\"Barquettes noires MARMIPACK 1800 ml\"},{\"@type\":\"BreadcrumbList\",\"@id\":\"https:\/\/www.csj-emballages.com\/de\/produit\/200-schwarze-marmipack-schalen-mit-2-faechern-1000-ml\/#breadcrumb\",\"itemListElement\":[{\"@type\":\"ListItem\",\"position\":1,\"name\":\"Accueil\",\"item\":\"https:\/\/www.csj-emballages.com\/de\/universum-lebensmittelverpackungen\/\"},{\"@type\":\"ListItem\",\"position\":2,\"name\":\"Shop\",\"item\":\"https:\/\/www.csj-emballages.com\/shop\/\"},{\"@type\":\"ListItem\",\"position\":3,\"name\":\"Schwarze Schale mit 2 F\u00e4chern, 1000 ml, 200 St\u00fcck\"}]},{\"@type\":\"WebSite\",\"@id\":\"https:\/\/www.csj-emballages.com\/de\/#website\",\"url\":\"https:\/\/www.csj-emballages.com\/de\/\",\"name\":\"CSJ Emballages\",\"description\":\"\",\"publisher\":{\"@id\":\"https:\/\/www.csj-emballages.com\/de\/#organization\"},\"potentialAction\":[{\"@type\":\"SearchAction\",\"target\":{\"@type\":\"EntryPoint\",\"urlTemplate\":\"https:\/\/www.csj-emballages.com\/de\/?s={search_term_string}\"},\"query-input\":{\"@type\":\"PropertyValueSpecification\",\"valueRequired\":true,\"valueName\":\"search_term_string\"}}],\"inLanguage\":\"de\"},{\"@type\":\"Organization\",\"@id\":\"https:\/\/www.csj-emballages.com\/de\/#Organization\/\",\"name\":\"CSJ Emballages\",\"url\":\"https:\/\/www.csj-emballages.com\/de\/\",\"logo\":{\"@type\":\"ImageObject\",\"inLanguage\":\"de\",\"@id\":\"https:\/\/www.csj-emballages.com\/de\/#\/schema\/logo\/image\/\",\"url\":\"https:\/\/www.csj-emballages.com\/wp-content\/uploads\/2023\/10\/logo_csj.webp\",\"contentUrl\":\"https:\/\/www.csj-emballages.com\/wp-content\/uploads\/2023\/10\/logo_csj.webp\",\"width\":250,\"height\":95,\"caption\":\"CSJ Emballages\"},\"image\":{\"@id\":\"https:\/\/www.csj-emballages.com\/de\/#\/schema\/logo\/image\/\"},\"sameAs\":[\"https:\/\/www.facebook.com\/csjemballages\"],\"address\":{\"@type\":\"PostalAddress\",\"streetAddress\":\"ZI La Lechere\",\"addressLocality\":\"Patornay\",\"postalCode\":\"39130\",\"addressCountry\":\"FR\"},\"contactPoint\":[{\"@type\":\"ContactPoint\",\"contactType\":\"Service client\",\"telephone\":\"0384254272\",\"email\":\"contact@csj-emballages.com\"}]}]}<\/script>\n<!-- \/ Yoast SEO Premium plugin. -->","yoast_head_json":{"title":"Schwarze Schale 2 F\u00e4cher 1000 ml, 200 St\u00fcck","description":"Schwarze Schale mit 2 F\u00e4chern, 1000 ml, 200 St\u00fcck. Ideal f\u00fcr Take-away-Gerichte, praktische Trennung und professionelle Pr\u00e4sentation.","robots":{"index":"index","follow":"follow","max-snippet":"max-snippet:-1","max-image-preview":"max-image-preview:large","max-video-preview":"max-video-preview:-1"},"canonical":"https:\/\/www.csj-emballages.com\/de\/produit\/200-schwarze-marmipack-schalen-mit-2-faechern-1000-ml\/","og_locale":"de_DE","og_type":"article","og_title":"Schwarze Schale mit 2 F\u00e4chern, 1000 ml, 200 St\u00fcck","og_description":"Schwarze Schale mit 2 F\u00e4chern, 1000 ml, 200 St\u00fcck. Ideal f\u00fcr Take-away-Gerichte, praktische Trennung und professionelle Pr\u00e4sentation.","og_url":"https:\/\/www.csj-emballages.com\/de\/produit\/200-schwarze-marmipack-schalen-mit-2-faechern-1000-ml\/","og_site_name":"CSJ Emballages","article_publisher":"https:\/\/www.facebook.com\/csjemballages","article_modified_time":"2026-04-09T00:14:55+00:00","og_image":[{"width":499,"height":500,"url":"https:\/\/www.csj-emballages.com\/wp-content\/uploads\/2024\/07\/650b41a3-d820-48e4-8c1f-54644ba0b017-removebg-preview-e1722428331926.png","type":"image\/png"}],"twitter_card":"summary_large_image","twitter_misc":{"Gesch\u00e4tzte Lesezeit":"1\u00a0Minute"},"schema":{"@context":"https:\/\/schema.org","@graph":[{"@type":"WebPage","@id":"https:\/\/www.csj-emballages.com\/de\/produit\/200-schwarze-marmipack-schalen-mit-2-faechern-1000-ml\/","url":"https:\/\/www.csj-emballages.com\/de\/produit\/200-schwarze-marmipack-schalen-mit-2-faechern-1000-ml\/","name":"Schwarze Schale 2 F\u00e4cher 1000 ml, 200 St\u00fcck","isPartOf":{"@id":"https:\/\/www.csj-emballages.com\/de\/#website"},"primaryImageOfPage":{"@id":"https:\/\/www.csj-emballages.com\/de\/produit\/200-schwarze-marmipack-schalen-mit-2-faechern-1000-ml\/#primaryimage"},"image":{"@id":"https:\/\/www.csj-emballages.com\/de\/produit\/200-schwarze-marmipack-schalen-mit-2-faechern-1000-ml\/#primaryimage"},"thumbnailUrl":"https:\/\/www.csj-emballages.com\/wp-content\/uploads\/2024\/07\/650b41a3-d820-48e4-8c1f-54644ba0b017-removebg-preview-e1722428331926.png","datePublished":"2024-07-30T00:19:06+00:00","dateModified":"2026-04-09T00:14:55+00:00","description":"Schwarze Schale mit 2 F\u00e4chern, 1000 ml, 200 St\u00fcck. Ideal f\u00fcr Take-away-Gerichte, praktische Trennung und professionelle Pr\u00e4sentation.","breadcrumb":{"@id":"https:\/\/www.csj-emballages.com\/de\/produit\/200-schwarze-marmipack-schalen-mit-2-faechern-1000-ml\/#breadcrumb"},"inLanguage":"de","potentialAction":[{"@type":"ReadAction","target":["https:\/\/www.csj-emballages.com\/de\/produit\/200-schwarze-marmipack-schalen-mit-2-faechern-1000-ml\/"]}]},{"@type":"ImageObject","inLanguage":"de","@id":"https:\/\/www.csj-emballages.com\/de\/produit\/200-schwarze-marmipack-schalen-mit-2-faechern-1000-ml\/#primaryimage","url":"https:\/\/www.csj-emballages.com\/wp-content\/uploads\/2024\/07\/650b41a3-d820-48e4-8c1f-54644ba0b017-removebg-preview-e1722428331926.png","contentUrl":"https:\/\/www.csj-emballages.com\/wp-content\/uploads\/2024\/07\/650b41a3-d820-48e4-8c1f-54644ba0b017-removebg-preview-e1722428331926.png","width":499,"height":500,"caption":"Barquettes noires MARMIPACK 1800 ml"},{"@type":"BreadcrumbList","@id":"https:\/\/www.csj-emballages.com\/de\/produit\/200-schwarze-marmipack-schalen-mit-2-faechern-1000-ml\/#breadcrumb","itemListElement":[{"@type":"ListItem","position":1,"name":"Accueil","item":"https:\/\/www.csj-emballages.com\/de\/universum-lebensmittelverpackungen\/"},{"@type":"ListItem","position":2,"name":"Shop","item":"https:\/\/www.csj-emballages.com\/shop\/"},{"@type":"ListItem","position":3,"name":"Schwarze Schale mit 2 F\u00e4chern, 1000 ml, 200 St\u00fcck"}]},{"@type":"WebSite","@id":"https:\/\/www.csj-emballages.com\/de\/#website","url":"https:\/\/www.csj-emballages.com\/de\/","name":"CSJ Emballages","description":"","publisher":{"@id":"https:\/\/www.csj-emballages.com\/de\/#organization"},"potentialAction":[{"@type":"SearchAction","target":{"@type":"EntryPoint","urlTemplate":"https:\/\/www.csj-emballages.com\/de\/?s={search_term_string}"},"query-input":{"@type":"PropertyValueSpecification","valueRequired":true,"valueName":"search_term_string"}}],"inLanguage":"de"},{"@type":"Organization","@id":"https:\/\/www.csj-emballages.com\/de\/#Organization\/","name":"CSJ Emballages","url":"https:\/\/www.csj-emballages.com\/de\/","logo":{"@type":"ImageObject","inLanguage":"de","@id":"https:\/\/www.csj-emballages.com\/de\/#\/schema\/logo\/image\/","url":"https:\/\/www.csj-emballages.com\/wp-content\/uploads\/2023\/10\/logo_csj.webp","contentUrl":"https:\/\/www.csj-emballages.com\/wp-content\/uploads\/2023\/10\/logo_csj.webp","width":250,"height":95,"caption":"CSJ Emballages"},"image":{"@id":"https:\/\/www.csj-emballages.com\/de\/#\/schema\/logo\/image\/"},"sameAs":["https:\/\/www.facebook.com\/csjemballages"],"address":{"@type":"PostalAddress","streetAddress":"ZI La Lechere","addressLocality":"Patornay","postalCode":"39130","addressCountry":"FR"},"contactPoint":[{"@type":"ContactPoint","contactType":"Service client","telephone":"0384254272","email":"contact@csj-emballages.com"}]}]}},"df_price":36,"df_sale_price":36,"df_regular_price":48,"df_image_link":"https:\/\/www.csj-emballages.com\/wp-content\/uploads\/2024\/07\/650b41a3-d820-48e4-8c1f-54644ba0b017-removebg-preview-300x300.png","tiered_pricing_type":"fixed","tiered_pricing_fixed_rules":[],"tiered_pricing_percentage_rules":[],"tiered_pricing_minimum":1,"tiered_pricing_roles_data":[],"_links":{"self":[{"href":"https:\/\/www.csj-emballages.com\/de\/wp-json\/wp\/v2\/product\/126006","targetHints":{"allow":["GET"]}}],"collection":[{"href":"https:\/\/www.csj-emballages.com\/de\/wp-json\/wp\/v2\/product"}],"about":[{"href":"https:\/\/www.csj-emballages.com\/de\/wp-json\/wp\/v2\/types\/product"}],"wp:featuredmedia":[{"embeddable":true,"href":"https:\/\/www.csj-emballages.com\/de\/wp-json\/wp\/v2\/media\/34456"}],"wp:attachment":[{"href":"https:\/\/www.csj-emballages.com\/de\/wp-json\/wp\/v2\/media?parent=126006"}],"wp:term":[{"taxonomy":"product_brand","embeddable":true,"href":"https:\/\/www.csj-emballages.com\/de\/wp-json\/wp\/v2\/product_brand?post=126006"},{"taxonomy":"product_cat","embeddable":true,"href":"https:\/\/www.csj-emballages.com\/de\/wp-json\/wp\/v2\/product_cat?post=126006"},{"taxonomy":"product_tag","embeddable":true,"href":"https:\/\/www.csj-emballages.com\/de\/wp-json\/wp\/v2\/product_tag?post=126006"}],"curies":[{"name":"wp","href":"https:\/\/api.w.org\/{rel}","templated":true}]}}