{"id":125954,"date":"2024-07-18T02:18:16","date_gmt":"2024-07-18T00:18:16","guid":{"rendered":"https:\/\/www.csj-emballages.com\/produit\/40-glaeser-lotus-schwarz-plastik-60-ml\/"},"modified":"2026-03-25T02:17:57","modified_gmt":"2026-03-25T01:17:57","slug":"40-glaeser-lotus-schwarz-plastik-60-ml","status":"publish","type":"product","link":"https:\/\/www.csj-emballages.com\/de\/produit\/40-glaeser-lotus-schwarz-plastik-60-ml\/","title":{"rendered":"40 Gl\u00e4ser Lotus schwarz Plastik 60 ml"},"content":{"rendered":"<h2>Schwarze Lotus Gl\u00e4ser aus Plastik 60 ml &#8211; 40 St\u00fcck<\/h2>\n<hr>\n<h3>Beschreibung des Produkts<\/h3>\n<p><!--more--><\/p>\n<p>Entdecken Sie unsere eleganten schwarzen Lotusgl\u00e4ser 60 ml. Verwenden Sie sie f\u00fcr Ihre stilvollen und modernen Veranstaltungen. Diese Gl\u00e4ser verleihen Ihren kulinarischen Pr\u00e4sentationen eine raffinierte Note und ziehen die Aufmerksamkeit Ihrer G\u00e4ste auf sich. Das Lotus-Design ist raffiniert und zeitgem\u00e4\u00df. Sie sind leicht und robust und eignen sich hervorragend zum Servieren von Appetith\u00e4ppchen, Desserts oder Appetith\u00e4ppchen. Die schwarze Farbe verleiht Ihren kulinarischen Kreationen eine elegante und geheimnisvolle Note. Aus hochwertigem Kunststoff gefertigt, sind sie widerstandsf\u00e4hig und wiederverwendbar. Die kompakte Gr\u00f6\u00dfe von 60 ml eignet sich perfekt f\u00fcr gut dosierte Einzelportionen. Die schwarzen Lotusgl\u00e4ser sind leicht zu reinigen, so dass sie vielseitig und umweltfreundlich verwendet werden k\u00f6nnen. Die glatte, gl\u00e4nzende Oberfl\u00e4che hebt Ihre Gerichte hervor und macht sie noch appetitlicher. F\u00fcr eine Hochzeit, einen Cocktailabend oder ein Buffet werden diese Gl\u00e4ser zu einem unverzichtbaren Accessoire. Sie lassen sich wunderbar mit verschiedenen Dekorationsstilen kombinieren, von klassisch bis modern. Stapeln Sie die Gl\u00e4ser einfach \u00fcbereinander, um den Stauraum zu optimieren. Die schwarzen Lotusgl\u00e4ser 60 ml eignen sich perfekt f\u00fcr Caterer und Restaurants.   <\/p>\n<p><!--more--><\/p>\n<p>Suchen Sie nicht weiter, sondern entscheiden Sie sich f\u00fcr unsere schwarzen Lotusgl\u00e4ser aus Kunststoff 60 ml.<\/p>\n<p>&nbsp;<\/p>\n<p><!--more--><\/p>\n<p><strong>Ihre Vorteile :<\/strong><\/p>\n<ul>\n<li><strong>Ideale Kapazit\u00e4t<\/strong>: Mit einer Kapazit\u00e4t von 60 ml sind sie perfekt f\u00fcr gut dosierte Einzelportionen.<\/li>\n<li><strong>Leicht<\/strong>: Aus leichtem Kunststoff gefertigt, sind sie leicht zu handhaben und zu transportieren.<\/li>\n<li><strong>Wiederverwendbar<\/strong>: Sie sind leicht zu reinigen und k\u00f6nnen wiederverwendet werden, was sowohl wirtschaftlich als auch umweltfreundlich ist.<\/li>\n<li><strong>Vielseitig<\/strong>: Ideal f\u00fcr Appetith\u00e4ppchen, Desserts, Appetith\u00e4ppchen und andere kulinarische Zubereitungen.<\/li>\n<\/ul>\n<p><!--more--><\/p>\n<p><a href=\"https:\/\/www.csj-emballages.com\/categorie-produit\/emballages\/boucherie-traiteur-primeur\/coupes-pots-verrines\/verrines\/verrines-verrines\/\">Sehen Sie sich den Rest unseres Sortiments an Gl\u00e4sern an.<\/a><\/p>\n","protected":false},"excerpt":{"rendered":"<p>Schwarze Lotus Gl\u00e4ser aus Plastik 60 ml &#8211; 40 St\u00fcck Beschreibung des Produkts<\/p>\n","protected":false},"featured_media":32442,"template":"","meta":{"_acf_changed":false},"product_brand":[],"product_cat":[1137,1170,1279,1281],"product_tag":[],"class_list":{"0":"post-125954","1":"product","2":"type-product","3":"status-publish","4":"has-post-thumbnail","6":"product_cat-lebensmittelverpackungen","7":"product_cat-metzgerei-und-feinkostgeschaft","8":"product_cat-schalen-topfe-glaser","9":"product_cat-glaser","11":"first","12":"instock","13":"taxable","14":"shipping-taxable","15":"purchasable","16":"product-type-simple"},"acf":[],"yoast_head":"<!-- This site is optimized with the Yoast SEO Premium plugin v26.6 (Yoast SEO v26.6) - https:\/\/yoast.com\/wordpress\/plugins\/seo\/ -->\n<title>Schwarze Lotusgl\u00e4ser 60ml aus Plastik \/ CSJ Verpackungen<\/title>\n<meta name=\"description\" content=\"Entdecken Sie unsere eleganten schwarzen 60ml Lotusgl\u00e4ser, die ideal sind, um Ihre H\u00e4ppchen und Desserts mit Raffinesse zu veredeln!\" \/>\n<meta name=\"robots\" content=\"index, follow, max-snippet:-1, max-image-preview:large, max-video-preview:-1\" \/>\n<link rel=\"canonical\" href=\"https:\/\/www.csj-emballages.com\/de\/produit\/40-glaeser-lotus-schwarz-plastik-60-ml\/\" \/>\n<meta property=\"og:locale\" content=\"de_DE\" \/>\n<meta property=\"og:type\" content=\"article\" \/>\n<meta property=\"og:title\" content=\"40 Gl\u00e4ser Lotus schwarz Plastik 60 ml\" \/>\n<meta property=\"og:description\" content=\"Entdecken Sie unsere eleganten schwarzen 60ml Lotusgl\u00e4ser, die ideal sind, um Ihre H\u00e4ppchen und Desserts mit Raffinesse zu veredeln!\" \/>\n<meta property=\"og:url\" content=\"https:\/\/www.csj-emballages.com\/de\/produit\/40-glaeser-lotus-schwarz-plastik-60-ml\/\" \/>\n<meta property=\"og:site_name\" content=\"CSJ Emballages\" \/>\n<meta property=\"article:publisher\" content=\"https:\/\/www.facebook.com\/csjemballages\" \/>\n<meta property=\"article:modified_time\" content=\"2026-03-25T01:17:57+00:00\" \/>\n<meta property=\"og:image\" content=\"https:\/\/www.csj-emballages.com\/wp-content\/uploads\/2024\/07\/verrine-fleur-de-lotus-noire-6-cl-par-40-jpg-e1721639537513.webp\" \/>\n\t<meta property=\"og:image:width\" content=\"800\" \/>\n\t<meta property=\"og:image:height\" content=\"800\" \/>\n\t<meta property=\"og:image:type\" content=\"image\/jpeg\" \/>\n<meta name=\"twitter:card\" content=\"summary_large_image\" \/>\n<meta name=\"twitter:label1\" content=\"Gesch\u00e4tzte Lesezeit\" \/>\n\t<meta name=\"twitter:data1\" content=\"1\u00a0Minute\" \/>\n<script type=\"application\/ld+json\" class=\"yoast-schema-graph\">{\"@context\":\"https:\/\/schema.org\",\"@graph\":[{\"@type\":\"WebPage\",\"@id\":\"https:\/\/www.csj-emballages.com\/de\/produit\/40-glaeser-lotus-schwarz-plastik-60-ml\/\",\"url\":\"https:\/\/www.csj-emballages.com\/de\/produit\/40-glaeser-lotus-schwarz-plastik-60-ml\/\",\"name\":\"Schwarze Lotusgl\u00e4ser 60ml aus Plastik \/ CSJ Verpackungen\",\"isPartOf\":{\"@id\":\"https:\/\/www.csj-emballages.com\/de\/#website\"},\"primaryImageOfPage\":{\"@id\":\"https:\/\/www.csj-emballages.com\/de\/produit\/40-glaeser-lotus-schwarz-plastik-60-ml\/#primaryimage\"},\"image\":{\"@id\":\"https:\/\/www.csj-emballages.com\/de\/produit\/40-glaeser-lotus-schwarz-plastik-60-ml\/#primaryimage\"},\"thumbnailUrl\":\"https:\/\/www.csj-emballages.com\/wp-content\/uploads\/2024\/07\/verrine-fleur-de-lotus-noire-6-cl-par-40-jpg-e1721639537513.webp\",\"datePublished\":\"2024-07-18T00:18:16+00:00\",\"dateModified\":\"2026-03-25T01:17:57+00:00\",\"description\":\"Entdecken Sie unsere eleganten schwarzen 60ml Lotusgl\u00e4ser, die ideal sind, um Ihre H\u00e4ppchen und Desserts mit Raffinesse zu veredeln!\",\"breadcrumb\":{\"@id\":\"https:\/\/www.csj-emballages.com\/de\/produit\/40-glaeser-lotus-schwarz-plastik-60-ml\/#breadcrumb\"},\"inLanguage\":\"de\",\"potentialAction\":[{\"@type\":\"ReadAction\",\"target\":[\"https:\/\/www.csj-emballages.com\/de\/produit\/40-glaeser-lotus-schwarz-plastik-60-ml\/\"]}]},{\"@type\":\"ImageObject\",\"inLanguage\":\"de\",\"@id\":\"https:\/\/www.csj-emballages.com\/de\/produit\/40-glaeser-lotus-schwarz-plastik-60-ml\/#primaryimage\",\"url\":\"https:\/\/www.csj-emballages.com\/wp-content\/uploads\/2024\/07\/verrine-fleur-de-lotus-noire-6-cl-par-40-jpg-e1721639537513.webp\",\"contentUrl\":\"https:\/\/www.csj-emballages.com\/wp-content\/uploads\/2024\/07\/verrine-fleur-de-lotus-noire-6-cl-par-40-jpg-e1721639537513.webp\",\"width\":800,\"height\":800,\"caption\":\"Verrines lotus noires 60ml\"},{\"@type\":\"BreadcrumbList\",\"@id\":\"https:\/\/www.csj-emballages.com\/de\/produit\/40-glaeser-lotus-schwarz-plastik-60-ml\/#breadcrumb\",\"itemListElement\":[{\"@type\":\"ListItem\",\"position\":1,\"name\":\"Accueil\",\"item\":\"https:\/\/www.csj-emballages.com\/de\/universum-lebensmittelverpackungen\/\"},{\"@type\":\"ListItem\",\"position\":2,\"name\":\"Shop\",\"item\":\"https:\/\/www.csj-emballages.com\/shop\/\"},{\"@type\":\"ListItem\",\"position\":3,\"name\":\"40 Gl\u00e4ser Lotus schwarz Plastik 60 ml\"}]},{\"@type\":\"WebSite\",\"@id\":\"https:\/\/www.csj-emballages.com\/de\/#website\",\"url\":\"https:\/\/www.csj-emballages.com\/de\/\",\"name\":\"CSJ Emballages\",\"description\":\"\",\"publisher\":{\"@id\":\"https:\/\/www.csj-emballages.com\/de\/#organization\"},\"potentialAction\":[{\"@type\":\"SearchAction\",\"target\":{\"@type\":\"EntryPoint\",\"urlTemplate\":\"https:\/\/www.csj-emballages.com\/de\/?s={search_term_string}\"},\"query-input\":{\"@type\":\"PropertyValueSpecification\",\"valueRequired\":true,\"valueName\":\"search_term_string\"}}],\"inLanguage\":\"de\"},{\"@type\":\"Organization\",\"@id\":\"https:\/\/www.csj-emballages.com\/de\/#Organization\/\",\"name\":\"CSJ Emballages\",\"url\":\"https:\/\/www.csj-emballages.com\/de\/\",\"logo\":{\"@type\":\"ImageObject\",\"inLanguage\":\"de\",\"@id\":\"https:\/\/www.csj-emballages.com\/de\/#\/schema\/logo\/image\/\",\"url\":\"https:\/\/www.csj-emballages.com\/wp-content\/uploads\/2023\/10\/logo_csj.webp\",\"contentUrl\":\"https:\/\/www.csj-emballages.com\/wp-content\/uploads\/2023\/10\/logo_csj.webp\",\"width\":250,\"height\":95,\"caption\":\"CSJ Emballages\"},\"image\":{\"@id\":\"https:\/\/www.csj-emballages.com\/de\/#\/schema\/logo\/image\/\"},\"sameAs\":[\"https:\/\/www.facebook.com\/csjemballages\"],\"address\":{\"@type\":\"PostalAddress\",\"streetAddress\":\"ZI La Lechere\",\"addressLocality\":\"Patornay\",\"postalCode\":\"39130\",\"addressCountry\":\"FR\"},\"contactPoint\":[{\"@type\":\"ContactPoint\",\"contactType\":\"Service client\",\"telephone\":\"0384254272\",\"email\":\"contact@csj-emballages.com\"}]}]}<\/script>\n<!-- \/ Yoast SEO Premium plugin. -->","yoast_head_json":{"title":"Schwarze Lotusgl\u00e4ser 60ml aus Plastik \/ CSJ Verpackungen","description":"Entdecken Sie unsere eleganten schwarzen 60ml Lotusgl\u00e4ser, die ideal sind, um Ihre H\u00e4ppchen und Desserts mit Raffinesse zu veredeln!","robots":{"index":"index","follow":"follow","max-snippet":"max-snippet:-1","max-image-preview":"max-image-preview:large","max-video-preview":"max-video-preview:-1"},"canonical":"https:\/\/www.csj-emballages.com\/de\/produit\/40-glaeser-lotus-schwarz-plastik-60-ml\/","og_locale":"de_DE","og_type":"article","og_title":"40 Gl\u00e4ser Lotus schwarz Plastik 60 ml","og_description":"Entdecken Sie unsere eleganten schwarzen 60ml Lotusgl\u00e4ser, die ideal sind, um Ihre H\u00e4ppchen und Desserts mit Raffinesse zu veredeln!","og_url":"https:\/\/www.csj-emballages.com\/de\/produit\/40-glaeser-lotus-schwarz-plastik-60-ml\/","og_site_name":"CSJ Emballages","article_publisher":"https:\/\/www.facebook.com\/csjemballages","article_modified_time":"2026-03-25T01:17:57+00:00","og_image":[{"width":800,"height":800,"url":"https:\/\/www.csj-emballages.com\/wp-content\/uploads\/2024\/07\/verrine-fleur-de-lotus-noire-6-cl-par-40-jpg-e1721639537513.webp","type":"image\/jpeg"}],"twitter_card":"summary_large_image","twitter_misc":{"Gesch\u00e4tzte Lesezeit":"1\u00a0Minute"},"schema":{"@context":"https:\/\/schema.org","@graph":[{"@type":"WebPage","@id":"https:\/\/www.csj-emballages.com\/de\/produit\/40-glaeser-lotus-schwarz-plastik-60-ml\/","url":"https:\/\/www.csj-emballages.com\/de\/produit\/40-glaeser-lotus-schwarz-plastik-60-ml\/","name":"Schwarze Lotusgl\u00e4ser 60ml aus Plastik \/ CSJ Verpackungen","isPartOf":{"@id":"https:\/\/www.csj-emballages.com\/de\/#website"},"primaryImageOfPage":{"@id":"https:\/\/www.csj-emballages.com\/de\/produit\/40-glaeser-lotus-schwarz-plastik-60-ml\/#primaryimage"},"image":{"@id":"https:\/\/www.csj-emballages.com\/de\/produit\/40-glaeser-lotus-schwarz-plastik-60-ml\/#primaryimage"},"thumbnailUrl":"https:\/\/www.csj-emballages.com\/wp-content\/uploads\/2024\/07\/verrine-fleur-de-lotus-noire-6-cl-par-40-jpg-e1721639537513.webp","datePublished":"2024-07-18T00:18:16+00:00","dateModified":"2026-03-25T01:17:57+00:00","description":"Entdecken Sie unsere eleganten schwarzen 60ml Lotusgl\u00e4ser, die ideal sind, um Ihre H\u00e4ppchen und Desserts mit Raffinesse zu veredeln!","breadcrumb":{"@id":"https:\/\/www.csj-emballages.com\/de\/produit\/40-glaeser-lotus-schwarz-plastik-60-ml\/#breadcrumb"},"inLanguage":"de","potentialAction":[{"@type":"ReadAction","target":["https:\/\/www.csj-emballages.com\/de\/produit\/40-glaeser-lotus-schwarz-plastik-60-ml\/"]}]},{"@type":"ImageObject","inLanguage":"de","@id":"https:\/\/www.csj-emballages.com\/de\/produit\/40-glaeser-lotus-schwarz-plastik-60-ml\/#primaryimage","url":"https:\/\/www.csj-emballages.com\/wp-content\/uploads\/2024\/07\/verrine-fleur-de-lotus-noire-6-cl-par-40-jpg-e1721639537513.webp","contentUrl":"https:\/\/www.csj-emballages.com\/wp-content\/uploads\/2024\/07\/verrine-fleur-de-lotus-noire-6-cl-par-40-jpg-e1721639537513.webp","width":800,"height":800,"caption":"Verrines lotus noires 60ml"},{"@type":"BreadcrumbList","@id":"https:\/\/www.csj-emballages.com\/de\/produit\/40-glaeser-lotus-schwarz-plastik-60-ml\/#breadcrumb","itemListElement":[{"@type":"ListItem","position":1,"name":"Accueil","item":"https:\/\/www.csj-emballages.com\/de\/universum-lebensmittelverpackungen\/"},{"@type":"ListItem","position":2,"name":"Shop","item":"https:\/\/www.csj-emballages.com\/shop\/"},{"@type":"ListItem","position":3,"name":"40 Gl\u00e4ser Lotus schwarz Plastik 60 ml"}]},{"@type":"WebSite","@id":"https:\/\/www.csj-emballages.com\/de\/#website","url":"https:\/\/www.csj-emballages.com\/de\/","name":"CSJ Emballages","description":"","publisher":{"@id":"https:\/\/www.csj-emballages.com\/de\/#organization"},"potentialAction":[{"@type":"SearchAction","target":{"@type":"EntryPoint","urlTemplate":"https:\/\/www.csj-emballages.com\/de\/?s={search_term_string}"},"query-input":{"@type":"PropertyValueSpecification","valueRequired":true,"valueName":"search_term_string"}}],"inLanguage":"de"},{"@type":"Organization","@id":"https:\/\/www.csj-emballages.com\/de\/#Organization\/","name":"CSJ Emballages","url":"https:\/\/www.csj-emballages.com\/de\/","logo":{"@type":"ImageObject","inLanguage":"de","@id":"https:\/\/www.csj-emballages.com\/de\/#\/schema\/logo\/image\/","url":"https:\/\/www.csj-emballages.com\/wp-content\/uploads\/2023\/10\/logo_csj.webp","contentUrl":"https:\/\/www.csj-emballages.com\/wp-content\/uploads\/2023\/10\/logo_csj.webp","width":250,"height":95,"caption":"CSJ Emballages"},"image":{"@id":"https:\/\/www.csj-emballages.com\/de\/#\/schema\/logo\/image\/"},"sameAs":["https:\/\/www.facebook.com\/csjemballages"],"address":{"@type":"PostalAddress","streetAddress":"ZI La Lechere","addressLocality":"Patornay","postalCode":"39130","addressCountry":"FR"},"contactPoint":[{"@type":"ContactPoint","contactType":"Service client","telephone":"0384254272","email":"contact@csj-emballages.com"}]}]}},"df_price":12.68,"df_sale_price":"","df_regular_price":12.68,"df_image_link":"https:\/\/www.csj-emballages.com\/wp-content\/uploads\/2024\/07\/verrine-fleur-de-lotus-noire-6-cl-par-40-300x300.webp","tiered_pricing_type":"fixed","tiered_pricing_fixed_rules":[],"tiered_pricing_percentage_rules":[],"tiered_pricing_minimum":1,"tiered_pricing_roles_data":[],"_links":{"self":[{"href":"https:\/\/www.csj-emballages.com\/de\/wp-json\/wp\/v2\/product\/125954","targetHints":{"allow":["GET"]}}],"collection":[{"href":"https:\/\/www.csj-emballages.com\/de\/wp-json\/wp\/v2\/product"}],"about":[{"href":"https:\/\/www.csj-emballages.com\/de\/wp-json\/wp\/v2\/types\/product"}],"wp:featuredmedia":[{"embeddable":true,"href":"https:\/\/www.csj-emballages.com\/de\/wp-json\/wp\/v2\/media\/32442"}],"wp:attachment":[{"href":"https:\/\/www.csj-emballages.com\/de\/wp-json\/wp\/v2\/media?parent=125954"}],"wp:term":[{"taxonomy":"product_brand","embeddable":true,"href":"https:\/\/www.csj-emballages.com\/de\/wp-json\/wp\/v2\/product_brand?post=125954"},{"taxonomy":"product_cat","embeddable":true,"href":"https:\/\/www.csj-emballages.com\/de\/wp-json\/wp\/v2\/product_cat?post=125954"},{"taxonomy":"product_tag","embeddable":true,"href":"https:\/\/www.csj-emballages.com\/de\/wp-json\/wp\/v2\/product_tag?post=125954"}],"curies":[{"name":"wp","href":"https:\/\/api.w.org\/{rel}","templated":true}]}}