{"id":125949,"date":"2024-07-16T02:18:18","date_gmt":"2024-07-16T00:18:18","guid":{"rendered":"https:\/\/www.csj-emballages.com\/produit\/kunststoffkaraffe-mit-griff-1-5-liter-wiederverwendbar-pp\/"},"modified":"2026-05-06T17:00:52","modified_gmt":"2026-05-06T15:00:52","slug":"kunststoffkaraffe-mit-griff-1-5-liter-wiederverwendbar-pp","status":"publish","type":"product","link":"https:\/\/www.csj-emballages.com\/de\/produit\/kunststoffkaraffe-mit-griff-1-5-liter-wiederverwendbar-pp\/","title":{"rendered":"Kunststoffkaraffe mit Griff 1.5 Liter wiederverwendbar PP"},"content":{"rendered":"<h2>Kunststoffkaraffe mit Griff 1.5 Liter wiederverwendbar PP<\/h2>\n<hr>\n<h3>Beschreibung des Produkts<\/h3>\n<p><!--more--><\/p>\n<div class=\"flex flex-grow flex-col max-w-full\">\n<div class=\"min-h-[20px] text-message flex w-full flex-col items-end gap-2 whitespace-pre-wrap break-words [.text-message+&amp;]:mt-5 overflow-x-auto\" dir=\"auto\" data-message-author-role=\"assistant\" data-message-id=\"e8eda74c-3650-4a65-bd98-4075df03a33e\">\n<div class=\"flex w-full flex-col gap-1 empty:hidden first:pt-[3px]\">\n<div class=\"markdown prose w-full break-words dark:prose-invert light\">\n<p>Entdecken Sie unsere Plastikkaraffe mit Griff 1,5L, die ideale L\u00f6sung f\u00fcr alle Ihre Getr\u00e4nke. Denn diese wiederverwendbare Karaffe wurde aus Polypropylen (PP) entworfen und vereint Robustheit und Leichtigkeit f\u00fcr den t\u00e4glichen Gebrauch. Der ergonomische Griff sorgt daf\u00fcr, dass die Karaffe leicht und bequem in der Hand liegt, selbst wenn sie voll ist. Au\u00dferdem erm\u00f6glicht das transparente Design, den Inhalt auf einen Blick zu sehen und erleichtert so das Servieren. Perfekt f\u00fcr Wasser, S\u00e4fte, Cocktails und mehr, f\u00fcgt sie sich in jede Tischdekoration ein. Ihr gro\u00dfes Fassungsverm\u00f6gen von 1,5 Litern ist ideal f\u00fcr Mahlzeiten mit der Familie oder mit Freunden. Dank ihrer Konstruktion aus PP ist sie sto\u00dffest und geht nicht so leicht kaputt.      <\/p>\n<p>Verwenden Sie sie bei Picknicks, Grillfesten oder Partys. Investieren Sie in diese nachhaltige Karaffe, um Ihren Verbrauch an Einwegplastik zu reduzieren. Vereinfachen Sie Ihren Alltag mit unserer wiederverwendbaren 1,5L Plastikkaraffe mit Griff, einer \u00f6kologischen und \u00f6konomischen Wahl.  <\/p>\n<p>&nbsp;<\/p>\n<\/div>\n<\/div>\n<\/div>\n<\/div>\n<p><!--more--><\/p>\n<div class=\"flex flex-grow flex-col max-w-full\">\n<div class=\"min-h-[20px] text-message flex w-full flex-col items-end gap-2 whitespace-pre-wrap break-words [.text-message+&amp;]:mt-5 overflow-x-auto\" dir=\"auto\" data-message-author-role=\"assistant\" data-message-id=\"e8eda74c-3650-4a65-bd98-4075df03a33e\">\n<div class=\"flex w-full flex-col gap-1 empty:hidden first:pt-[3px]\">\n<div class=\"markdown prose w-full break-words dark:prose-invert light\">\n<p>G\u00f6nnen Sie sich Qualit\u00e4t und Langlebigkeit mit dieser vielseitigen Karaffe.<\/p>\n<\/div>\n<\/div>\n<\/div>\n<\/div>\n<p>&nbsp;<\/p>\n<p><!--more--><\/p>\n<h4><strong>Ihre Vorteile :<\/strong><\/h4>\n<ul>\n<li><strong>Robust und leicht: <\/strong>Aus Polypropylen hergestellt, ist es sto\u00dffest und leicht zu handhaben.<\/li>\n<li><strong>Transparentes Design<\/strong>: Erm\u00f6glicht einen einfachen Blick auf den Inhalt und erleichtert das Servieren und Verwalten von Getr\u00e4nken.<\/li>\n<li><strong>Gro\u00dfes Fassungsverm\u00f6gen<\/strong>: Mit 1,5 Litern ist sie perfekt f\u00fcr Familienessen oder Veranstaltungen.<\/li>\n<li><strong>Vielseitig<\/strong> einsetzbar : Ideal f\u00fcr Wasser, S\u00e4fte, Cocktails und vieles mehr, passt zu jeder Gelegenheit.<\/li>\n<\/ul>\n<p>&nbsp;<\/p>\n<p><!--more--><\/p>\n<h4><strong>Weitere Informationen :<\/strong><\/h4>\n<ul>\n<li>Diese Karaffe ist von 100 bis 1400 ml graduiert.<\/li>\n<\/ul>\n<p>&nbsp;<\/p>\n<p><!--more--><\/p>\n<p><a href=\"\/?product_cat=vaisselles-reutilisables\">Sehen Sie sich den Rest unseres Sortiments an wiederverwendbarem Geschirr an.<\/a><\/p>\n","protected":false},"excerpt":{"rendered":"<p>Kunststoffkaraffe mit Griff 1.5 Liter wiederverwendbar PP Beschreibung des Produkts<\/p>\n","protected":false},"featured_media":32507,"template":"","meta":{"_acf_changed":false},"product_brand":[],"product_cat":[1137,6726],"product_tag":[],"class_list":{"0":"post-125949","1":"product","2":"type-product","3":"status-publish","4":"has-post-thumbnail","6":"product_cat-lebensmittelverpackungen","7":"product_cat-wiederverwendbares-geschirr","9":"first","10":"instock","11":"taxable","12":"shipping-taxable","13":"purchasable","14":"product-type-simple"},"acf":[],"yoast_head":"<!-- This site is optimized with the Yoast SEO Premium plugin v26.6 (Yoast SEO v26.6) - https:\/\/yoast.com\/wordpress\/plugins\/seo\/ -->\n<title>Plastikkaraffe mit Griff 1.5L \/ CSJ Verpackungen<\/title>\n<meta name=\"description\" content=\"Plastikkaraffe mit Griff 1.5L mit ergonomischem Griff. Wiederverwendbar ist robust, diese Karaffe ist ideal f\u00fcr alle Ihre Getr\u00e4nke!\" \/>\n<meta name=\"robots\" content=\"index, follow, max-snippet:-1, max-image-preview:large, max-video-preview:-1\" \/>\n<link rel=\"canonical\" href=\"https:\/\/www.csj-emballages.com\/de\/produit\/kunststoffkaraffe-mit-griff-1-5-liter-wiederverwendbar-pp\/\" \/>\n<meta property=\"og:locale\" content=\"de_DE\" \/>\n<meta property=\"og:type\" content=\"article\" \/>\n<meta property=\"og:title\" content=\"Kunststoffkaraffe mit Griff 1.5 Liter wiederverwendbar PP\" \/>\n<meta property=\"og:description\" content=\"Plastikkaraffe mit Griff 1.5L mit ergonomischem Griff. Wiederverwendbar ist robust, diese Karaffe ist ideal f\u00fcr alle Ihre Getr\u00e4nke!\" \/>\n<meta property=\"og:url\" content=\"https:\/\/www.csj-emballages.com\/de\/produit\/kunststoffkaraffe-mit-griff-1-5-liter-wiederverwendbar-pp\/\" \/>\n<meta property=\"og:site_name\" content=\"CSJ Emballages\" \/>\n<meta property=\"article:publisher\" content=\"https:\/\/www.facebook.com\/csjemballages\" \/>\n<meta property=\"article:modified_time\" content=\"2026-05-06T15:00:52+00:00\" \/>\n<meta property=\"og:image\" content=\"https:\/\/www.csj-emballages.com\/wp-content\/uploads\/2024\/07\/0ebe232d-5766-41f1-9874-9c6ca7324b69-removebg-preview-e1721655266476.png\" \/>\n\t<meta property=\"og:image:width\" content=\"499\" \/>\n\t<meta property=\"og:image:height\" content=\"500\" \/>\n\t<meta property=\"og:image:type\" content=\"image\/png\" \/>\n<meta name=\"twitter:card\" content=\"summary_large_image\" \/>\n<meta name=\"twitter:label1\" content=\"Gesch\u00e4tzte Lesezeit\" \/>\n\t<meta name=\"twitter:data1\" content=\"1\u00a0Minute\" \/>\n<script type=\"application\/ld+json\" class=\"yoast-schema-graph\">{\"@context\":\"https:\/\/schema.org\",\"@graph\":[{\"@type\":\"WebPage\",\"@id\":\"https:\/\/www.csj-emballages.com\/de\/produit\/kunststoffkaraffe-mit-griff-1-5-liter-wiederverwendbar-pp\/\",\"url\":\"https:\/\/www.csj-emballages.com\/de\/produit\/kunststoffkaraffe-mit-griff-1-5-liter-wiederverwendbar-pp\/\",\"name\":\"Plastikkaraffe mit Griff 1.5L \/ CSJ Verpackungen\",\"isPartOf\":{\"@id\":\"https:\/\/www.csj-emballages.com\/de\/#website\"},\"primaryImageOfPage\":{\"@id\":\"https:\/\/www.csj-emballages.com\/de\/produit\/kunststoffkaraffe-mit-griff-1-5-liter-wiederverwendbar-pp\/#primaryimage\"},\"image\":{\"@id\":\"https:\/\/www.csj-emballages.com\/de\/produit\/kunststoffkaraffe-mit-griff-1-5-liter-wiederverwendbar-pp\/#primaryimage\"},\"thumbnailUrl\":\"https:\/\/www.csj-emballages.com\/wp-content\/uploads\/2024\/07\/0ebe232d-5766-41f1-9874-9c6ca7324b69-removebg-preview-e1721655266476.png\",\"datePublished\":\"2024-07-16T00:18:18+00:00\",\"dateModified\":\"2026-05-06T15:00:52+00:00\",\"description\":\"Plastikkaraffe mit Griff 1.5L mit ergonomischem Griff. Wiederverwendbar ist robust, diese Karaffe ist ideal f\u00fcr alle Ihre Getr\u00e4nke!\",\"breadcrumb\":{\"@id\":\"https:\/\/www.csj-emballages.com\/de\/produit\/kunststoffkaraffe-mit-griff-1-5-liter-wiederverwendbar-pp\/#breadcrumb\"},\"inLanguage\":\"de\",\"potentialAction\":[{\"@type\":\"ReadAction\",\"target\":[\"https:\/\/www.csj-emballages.com\/de\/produit\/kunststoffkaraffe-mit-griff-1-5-liter-wiederverwendbar-pp\/\"]}]},{\"@type\":\"ImageObject\",\"inLanguage\":\"de\",\"@id\":\"https:\/\/www.csj-emballages.com\/de\/produit\/kunststoffkaraffe-mit-griff-1-5-liter-wiederverwendbar-pp\/#primaryimage\",\"url\":\"https:\/\/www.csj-emballages.com\/wp-content\/uploads\/2024\/07\/0ebe232d-5766-41f1-9874-9c6ca7324b69-removebg-preview-e1721655266476.png\",\"contentUrl\":\"https:\/\/www.csj-emballages.com\/wp-content\/uploads\/2024\/07\/0ebe232d-5766-41f1-9874-9c6ca7324b69-removebg-preview-e1721655266476.png\",\"width\":499,\"height\":500,\"caption\":\"Carafe plastique avec poign\u00e9e 1.5L\"},{\"@type\":\"BreadcrumbList\",\"@id\":\"https:\/\/www.csj-emballages.com\/de\/produit\/kunststoffkaraffe-mit-griff-1-5-liter-wiederverwendbar-pp\/#breadcrumb\",\"itemListElement\":[{\"@type\":\"ListItem\",\"position\":1,\"name\":\"Accueil\",\"item\":\"https:\/\/www.csj-emballages.com\/de\/universum-lebensmittelverpackungen\/\"},{\"@type\":\"ListItem\",\"position\":2,\"name\":\"Shop\",\"item\":\"https:\/\/www.csj-emballages.com\/shop\/\"},{\"@type\":\"ListItem\",\"position\":3,\"name\":\"Kunststoffkaraffe mit Griff 1.5 Liter wiederverwendbar PP\"}]},{\"@type\":\"WebSite\",\"@id\":\"https:\/\/www.csj-emballages.com\/de\/#website\",\"url\":\"https:\/\/www.csj-emballages.com\/de\/\",\"name\":\"CSJ Emballages\",\"description\":\"\",\"publisher\":{\"@id\":\"https:\/\/www.csj-emballages.com\/de\/#organization\"},\"potentialAction\":[{\"@type\":\"SearchAction\",\"target\":{\"@type\":\"EntryPoint\",\"urlTemplate\":\"https:\/\/www.csj-emballages.com\/de\/?s={search_term_string}\"},\"query-input\":{\"@type\":\"PropertyValueSpecification\",\"valueRequired\":true,\"valueName\":\"search_term_string\"}}],\"inLanguage\":\"de\"},{\"@type\":\"Organization\",\"@id\":\"https:\/\/www.csj-emballages.com\/de\/#Organization\/\",\"name\":\"CSJ Emballages\",\"url\":\"https:\/\/www.csj-emballages.com\/de\/\",\"logo\":{\"@type\":\"ImageObject\",\"inLanguage\":\"de\",\"@id\":\"https:\/\/www.csj-emballages.com\/de\/#\/schema\/logo\/image\/\",\"url\":\"https:\/\/www.csj-emballages.com\/wp-content\/uploads\/2023\/10\/logo_csj.webp\",\"contentUrl\":\"https:\/\/www.csj-emballages.com\/wp-content\/uploads\/2023\/10\/logo_csj.webp\",\"width\":250,\"height\":95,\"caption\":\"CSJ Emballages\"},\"image\":{\"@id\":\"https:\/\/www.csj-emballages.com\/de\/#\/schema\/logo\/image\/\"},\"sameAs\":[\"https:\/\/www.facebook.com\/csjemballages\"],\"address\":{\"@type\":\"PostalAddress\",\"streetAddress\":\"ZI La Lechere\",\"addressLocality\":\"Patornay\",\"postalCode\":\"39130\",\"addressCountry\":\"FR\"},\"contactPoint\":[{\"@type\":\"ContactPoint\",\"contactType\":\"Service client\",\"telephone\":\"0384254272\",\"email\":\"contact@csj-emballages.com\"}]}]}<\/script>\n<!-- \/ Yoast SEO Premium plugin. -->","yoast_head_json":{"title":"Plastikkaraffe mit Griff 1.5L \/ CSJ Verpackungen","description":"Plastikkaraffe mit Griff 1.5L mit ergonomischem Griff. Wiederverwendbar ist robust, diese Karaffe ist ideal f\u00fcr alle Ihre Getr\u00e4nke!","robots":{"index":"index","follow":"follow","max-snippet":"max-snippet:-1","max-image-preview":"max-image-preview:large","max-video-preview":"max-video-preview:-1"},"canonical":"https:\/\/www.csj-emballages.com\/de\/produit\/kunststoffkaraffe-mit-griff-1-5-liter-wiederverwendbar-pp\/","og_locale":"de_DE","og_type":"article","og_title":"Kunststoffkaraffe mit Griff 1.5 Liter wiederverwendbar PP","og_description":"Plastikkaraffe mit Griff 1.5L mit ergonomischem Griff. Wiederverwendbar ist robust, diese Karaffe ist ideal f\u00fcr alle Ihre Getr\u00e4nke!","og_url":"https:\/\/www.csj-emballages.com\/de\/produit\/kunststoffkaraffe-mit-griff-1-5-liter-wiederverwendbar-pp\/","og_site_name":"CSJ Emballages","article_publisher":"https:\/\/www.facebook.com\/csjemballages","article_modified_time":"2026-05-06T15:00:52+00:00","og_image":[{"width":499,"height":500,"url":"https:\/\/www.csj-emballages.com\/wp-content\/uploads\/2024\/07\/0ebe232d-5766-41f1-9874-9c6ca7324b69-removebg-preview-e1721655266476.png","type":"image\/png"}],"twitter_card":"summary_large_image","twitter_misc":{"Gesch\u00e4tzte Lesezeit":"1\u00a0Minute"},"schema":{"@context":"https:\/\/schema.org","@graph":[{"@type":"WebPage","@id":"https:\/\/www.csj-emballages.com\/de\/produit\/kunststoffkaraffe-mit-griff-1-5-liter-wiederverwendbar-pp\/","url":"https:\/\/www.csj-emballages.com\/de\/produit\/kunststoffkaraffe-mit-griff-1-5-liter-wiederverwendbar-pp\/","name":"Plastikkaraffe mit Griff 1.5L \/ CSJ Verpackungen","isPartOf":{"@id":"https:\/\/www.csj-emballages.com\/de\/#website"},"primaryImageOfPage":{"@id":"https:\/\/www.csj-emballages.com\/de\/produit\/kunststoffkaraffe-mit-griff-1-5-liter-wiederverwendbar-pp\/#primaryimage"},"image":{"@id":"https:\/\/www.csj-emballages.com\/de\/produit\/kunststoffkaraffe-mit-griff-1-5-liter-wiederverwendbar-pp\/#primaryimage"},"thumbnailUrl":"https:\/\/www.csj-emballages.com\/wp-content\/uploads\/2024\/07\/0ebe232d-5766-41f1-9874-9c6ca7324b69-removebg-preview-e1721655266476.png","datePublished":"2024-07-16T00:18:18+00:00","dateModified":"2026-05-06T15:00:52+00:00","description":"Plastikkaraffe mit Griff 1.5L mit ergonomischem Griff. Wiederverwendbar ist robust, diese Karaffe ist ideal f\u00fcr alle Ihre Getr\u00e4nke!","breadcrumb":{"@id":"https:\/\/www.csj-emballages.com\/de\/produit\/kunststoffkaraffe-mit-griff-1-5-liter-wiederverwendbar-pp\/#breadcrumb"},"inLanguage":"de","potentialAction":[{"@type":"ReadAction","target":["https:\/\/www.csj-emballages.com\/de\/produit\/kunststoffkaraffe-mit-griff-1-5-liter-wiederverwendbar-pp\/"]}]},{"@type":"ImageObject","inLanguage":"de","@id":"https:\/\/www.csj-emballages.com\/de\/produit\/kunststoffkaraffe-mit-griff-1-5-liter-wiederverwendbar-pp\/#primaryimage","url":"https:\/\/www.csj-emballages.com\/wp-content\/uploads\/2024\/07\/0ebe232d-5766-41f1-9874-9c6ca7324b69-removebg-preview-e1721655266476.png","contentUrl":"https:\/\/www.csj-emballages.com\/wp-content\/uploads\/2024\/07\/0ebe232d-5766-41f1-9874-9c6ca7324b69-removebg-preview-e1721655266476.png","width":499,"height":500,"caption":"Carafe plastique avec poign\u00e9e 1.5L"},{"@type":"BreadcrumbList","@id":"https:\/\/www.csj-emballages.com\/de\/produit\/kunststoffkaraffe-mit-griff-1-5-liter-wiederverwendbar-pp\/#breadcrumb","itemListElement":[{"@type":"ListItem","position":1,"name":"Accueil","item":"https:\/\/www.csj-emballages.com\/de\/universum-lebensmittelverpackungen\/"},{"@type":"ListItem","position":2,"name":"Shop","item":"https:\/\/www.csj-emballages.com\/shop\/"},{"@type":"ListItem","position":3,"name":"Kunststoffkaraffe mit Griff 1.5 Liter wiederverwendbar PP"}]},{"@type":"WebSite","@id":"https:\/\/www.csj-emballages.com\/de\/#website","url":"https:\/\/www.csj-emballages.com\/de\/","name":"CSJ Emballages","description":"","publisher":{"@id":"https:\/\/www.csj-emballages.com\/de\/#organization"},"potentialAction":[{"@type":"SearchAction","target":{"@type":"EntryPoint","urlTemplate":"https:\/\/www.csj-emballages.com\/de\/?s={search_term_string}"},"query-input":{"@type":"PropertyValueSpecification","valueRequired":true,"valueName":"search_term_string"}}],"inLanguage":"de"},{"@type":"Organization","@id":"https:\/\/www.csj-emballages.com\/de\/#Organization\/","name":"CSJ Emballages","url":"https:\/\/www.csj-emballages.com\/de\/","logo":{"@type":"ImageObject","inLanguage":"de","@id":"https:\/\/www.csj-emballages.com\/de\/#\/schema\/logo\/image\/","url":"https:\/\/www.csj-emballages.com\/wp-content\/uploads\/2023\/10\/logo_csj.webp","contentUrl":"https:\/\/www.csj-emballages.com\/wp-content\/uploads\/2023\/10\/logo_csj.webp","width":250,"height":95,"caption":"CSJ Emballages"},"image":{"@id":"https:\/\/www.csj-emballages.com\/de\/#\/schema\/logo\/image\/"},"sameAs":["https:\/\/www.facebook.com\/csjemballages"],"address":{"@type":"PostalAddress","streetAddress":"ZI La Lechere","addressLocality":"Patornay","postalCode":"39130","addressCountry":"FR"},"contactPoint":[{"@type":"ContactPoint","contactType":"Service client","telephone":"0384254272","email":"contact@csj-emballages.com"}]}]}},"df_price":1.44,"df_sale_price":"","df_regular_price":1.44,"df_image_link":"https:\/\/www.csj-emballages.com\/wp-content\/uploads\/2024\/07\/0ebe232d-5766-41f1-9874-9c6ca7324b69-removebg-preview-300x300.png","tiered_pricing_type":"fixed","tiered_pricing_fixed_rules":[],"tiered_pricing_percentage_rules":[],"tiered_pricing_minimum":1,"tiered_pricing_roles_data":[],"_links":{"self":[{"href":"https:\/\/www.csj-emballages.com\/de\/wp-json\/wp\/v2\/product\/125949","targetHints":{"allow":["GET"]}}],"collection":[{"href":"https:\/\/www.csj-emballages.com\/de\/wp-json\/wp\/v2\/product"}],"about":[{"href":"https:\/\/www.csj-emballages.com\/de\/wp-json\/wp\/v2\/types\/product"}],"wp:featuredmedia":[{"embeddable":true,"href":"https:\/\/www.csj-emballages.com\/de\/wp-json\/wp\/v2\/media\/32507"}],"wp:attachment":[{"href":"https:\/\/www.csj-emballages.com\/de\/wp-json\/wp\/v2\/media?parent=125949"}],"wp:term":[{"taxonomy":"product_brand","embeddable":true,"href":"https:\/\/www.csj-emballages.com\/de\/wp-json\/wp\/v2\/product_brand?post=125949"},{"taxonomy":"product_cat","embeddable":true,"href":"https:\/\/www.csj-emballages.com\/de\/wp-json\/wp\/v2\/product_cat?post=125949"},{"taxonomy":"product_tag","embeddable":true,"href":"https:\/\/www.csj-emballages.com\/de\/wp-json\/wp\/v2\/product_tag?post=125949"}],"curies":[{"name":"wp","href":"https:\/\/api.w.org\/{rel}","templated":true}]}}