{"id":125944,"date":"2024-07-16T02:18:20","date_gmt":"2024-07-16T00:18:20","guid":{"rendered":"https:\/\/www.csj-emballages.com\/?post_type=product&#038;p=125944"},"modified":"2026-04-30T02:17:06","modified_gmt":"2026-04-30T00:17:06","slug":"50-mitnahmeboxen-kraft-144-x-85-x-60-mm","status":"publish","type":"product","link":"https:\/\/www.csj-emballages.com\/de\/produit\/50-mitnahmeboxen-kraft-144-x-85-x-60-mm\/","title":{"rendered":"Nuggetbox aus Karton zum Mitnehmen 144 x 85 x 60 mm pro 50 St\u00fcck"},"content":{"rendered":"<h2>Nuggets-Box<\/h2>\n<hr>\n<h3>Beschreibung unserer Nuggetbox aus Karton zum Mitnehmen 144 x 85 x 60 mm pro 50 St\u00fcck<\/h3>\n<p><!--more--><\/p>\n<p data-start=\"297\" data-end=\"702\">Sie suchen nach einer praktischen und sauberen L\u00f6sung, um Ihre Nuggets zum Mitnehmen zu servieren? Diese <strong data-start=\"386\" data-end=\"413\">Nuggetbox aus Karton<\/strong> mit den Ma\u00dfen <strong data-start=\"417\" data-end=\"437\">144 x 85 x 60 mm<\/strong>, die im <strong>50er-Pack<\/strong> verkauft wird, ist perfekt auf die Bed\u00fcrfnisse von Restaurants, Foodtrucks, Imbissen oder Lieferdiensten zugeschnitten. Dank ihres kompakten, aber recht gro\u00dfz\u00fcgigen Formats bietet sie problemlos Platz f\u00fcr eine Portion Nuggets, aber auch f\u00fcr H\u00e4ppchen, Tender oder Beilagen.  <\/p>\n<p data-start=\"704\" data-end=\"985\">Hergestellt aus <strong>dicker<\/strong>, stabiler <strong>Pappe<\/strong>, h\u00e4lt sie hei\u00dfe Speisen sehr gut aus. Au\u00dferdem l\u00e4sst sie sich dank des intuitiven Klappsystems im Handumdrehen verschlie\u00dfen. So sparen Sie Zeit bei Ihren Diensten und bieten Ihren Kunden gleichzeitig eine gepflegte und sichere Pr\u00e4sentation.  <\/p>\n<p data-start=\"987\" data-end=\"1271\">Au\u00dferdem passt das einfache und neutrale Design zu jedem Schild. Sie k\u00f6nnen sogar einen Aufkleber oder Stempel darauf anbringen, um Ihre Corporate Identity zu st\u00e4rken. Das fettresistente Innere verhindert das Auslaufen und h\u00e4lt Ihre Speisen bis zur Verkostung appetitlich.  <\/p>\n<p data-start=\"1273\" data-end=\"1418\">Diese <strong>Nuggetbox<\/strong> ist daher eine zuverl\u00e4ssige, praktische und kosteng\u00fcnstige Verpackung f\u00fcr alle Berufst\u00e4tigen, die eine effiziente L\u00f6sung f\u00fcr den Alltag suchen.<\/p>\n<p>&nbsp;<\/p>\n<p><!--more--><\/p>\n<p><strong><span style=\"color: #ff0000;\">*M\u00f6glichkeit der Personalisierung<\/span><\/strong><\/p>\n<p>&nbsp;<\/p>\n<p><!--more--><\/p>\n<h4>Vorteile :<\/h4>\n<ul>\n<li data-start=\"1446\" data-end=\"1510\">Solide Box, die sehr gut gegen hei\u00dfe und fettige Speisen best\u00e4ndig ist.<\/li>\n<li data-start=\"1513\" data-end=\"1569\">Ideales Format f\u00fcr <strong>Nuggets<\/strong>, <strong>Tender<\/strong> und <strong>kleine Portionen<\/strong>.<\/li>\n<li data-start=\"1572\" data-end=\"1624\">Schneller und intuitiver Verschluss, um Zeit zu sparen.<\/li>\n<li data-start=\"1627\" data-end=\"1683\"><strong>Aus Pappe<\/strong>: Eine verantwortungsvollere L\u00f6sung als Plastik.<\/li>\n<li data-start=\"1686\" data-end=\"1739\"><strong>Verkauft zu 50 St\u00fcck<\/strong> f\u00fcr ein hervorragendes Preis-Leistungs-Verh\u00e4ltnis.<\/li>\n<li data-start=\"1742\" data-end=\"1799\">Saubere und professionelle Pr\u00e4sentation f\u00fcr Ihre Kunden.<\/li>\n<\/ul>\n<p>&nbsp;<\/p>\n<p><!--more--><\/p>\n<h4>Weitere Informationen :<\/h4>\n<ul>\n<li><strong>Verpackung<\/strong>: Packung mit 50 St\u00fcck<\/li>\n<li><strong>Abmessungen<\/strong>: 144 x 85 x 60 mm<\/li>\n<li><strong>Material<\/strong>: Karton<\/li>\n<li><strong>Farbe<\/strong>: Braun<\/li>\n<\/ul>\n<p>&nbsp;<\/p>\n<p><!--more--><\/p>\n<p>Hier finden Sie die verschiedenen Gr\u00f6\u00dfen, die f\u00fcr dieses Produkt verf\u00fcgbar sind: <span style=\"color: #d12727;\"><a style=\"color: #d12727;\" href=\"https:\/\/www.csj-emballages.com\/es\/produit\/caja-de-carton-para-pepitas-para-llevar-175-x-105-x-75-mm-paquete-de-50\/\">175 x 105 x 75 mm<\/a><\/span> \/ <span style=\"color: #d12727;\"><a style=\"color: #d12727;\" href=\"https:\/\/www.csj-emballages.com\/es\/produit\/caja-de-carton-para-pepitas-para-llevar-228-x-124-x-78-mm-paquete-de-50\/\">228 x 124 x 78 mm<\/a><\/span><\/p>\n<p>&nbsp;<\/p>\n<p><!--more--><\/p>\n<p><a href=\"https:\/\/www.csj-emballages.com\/de\/categorie-produit\/lebensmittelverpackungen\/restauration-de\/dosen-schalen-beutel-konen\/schalen-kartons\/kartonschachteln-fur-mahlzeiten\/\">Sehen Sie sich den Rest unseres Sortiments an Kartonschachteln f\u00fcr Mahlzeiten an.<\/a><\/p>\n","protected":false},"excerpt":{"rendered":"<p>Nuggets-Box Beschreibung unserer Nuggetbox aus Karton zum Mitnehmen 144 x 85 x 60 mm pro 50 St\u00fcck<\/p>\n","protected":false},"featured_media":224635,"template":"","meta":{"_acf_changed":false},"product_brand":[],"product_cat":[1137,1134,3974,1474,2792],"product_tag":[],"class_list":{"0":"post-125944","1":"product","2":"type-product","3":"status-publish","4":"has-post-thumbnail","6":"product_cat-lebensmittelverpackungen","7":"product_cat-restauration-de","8":"product_cat-dosen-schalen-beutel-konen","9":"product_cat-schalen-kartons","10":"product_cat-kartonschachteln-fur-mahlzeiten","12":"first","13":"instock","14":"taxable","15":"shipping-taxable","16":"purchasable","17":"product-type-simple"},"acf":[],"yoast_head":"<!-- This site is optimized with the Yoast SEO Premium plugin v26.6 (Yoast SEO v26.6) - https:\/\/yoast.com\/wordpress\/plugins\/seo\/ -->\n<title>Nuggets Karton zum Mitnehmen 144 x 85 x 60 mm pro 50 St\u00fcck<\/title>\n<meta name=\"description\" content=\"Kraft Nuggets Box 144 x 85 x 60 mm, perfekt f\u00fcr den Verkauf zum Mitnehmen. Fettbest\u00e4ndig, garantiert einen optimalen Transport Ihrer Nuggets\" \/>\n<meta name=\"robots\" content=\"index, follow, max-snippet:-1, max-image-preview:large, max-video-preview:-1\" \/>\n<link rel=\"canonical\" href=\"https:\/\/www.csj-emballages.com\/de\/produit\/50-mitnahmeboxen-kraft-144-x-85-x-60-mm\/\" \/>\n<meta property=\"og:locale\" content=\"de_DE\" \/>\n<meta property=\"og:type\" content=\"article\" \/>\n<meta property=\"og:title\" content=\"Nuggetbox aus Karton zum Mitnehmen 144 x 85 x 60 mm pro 50 St\u00fcck\" \/>\n<meta property=\"og:description\" content=\"Kraft Nuggets Box 144 x 85 x 60 mm, perfekt f\u00fcr den Verkauf zum Mitnehmen. Fettbest\u00e4ndig, garantiert einen optimalen Transport Ihrer Nuggets\" \/>\n<meta property=\"og:url\" content=\"https:\/\/www.csj-emballages.com\/de\/produit\/50-mitnahmeboxen-kraft-144-x-85-x-60-mm\/\" \/>\n<meta property=\"og:site_name\" content=\"CSJ Emballages\" \/>\n<meta property=\"article:publisher\" content=\"https:\/\/www.facebook.com\/csjemballages\" \/>\n<meta property=\"article:modified_time\" content=\"2026-04-30T00:17:06+00:00\" \/>\n<meta property=\"og:image\" content=\"https:\/\/www.csj-emballages.com\/wp-content\/uploads\/2024\/07\/TK07-2.webp\" \/>\n\t<meta property=\"og:image:width\" content=\"800\" \/>\n\t<meta property=\"og:image:height\" content=\"800\" \/>\n\t<meta property=\"og:image:type\" content=\"image\/webp\" \/>\n<meta name=\"twitter:card\" content=\"summary_large_image\" \/>\n<meta name=\"twitter:label1\" content=\"Gesch\u00e4tzte Lesezeit\" \/>\n\t<meta name=\"twitter:data1\" content=\"2 Minuten\" \/>\n<script type=\"application\/ld+json\" class=\"yoast-schema-graph\">{\"@context\":\"https:\/\/schema.org\",\"@graph\":[{\"@type\":\"WebPage\",\"@id\":\"https:\/\/www.csj-emballages.com\/de\/produit\/50-mitnahmeboxen-kraft-144-x-85-x-60-mm\/\",\"url\":\"https:\/\/www.csj-emballages.com\/de\/produit\/50-mitnahmeboxen-kraft-144-x-85-x-60-mm\/\",\"name\":\"Nuggets Karton zum Mitnehmen 144 x 85 x 60 mm pro 50 St\u00fcck\",\"isPartOf\":{\"@id\":\"https:\/\/www.csj-emballages.com\/de\/#website\"},\"primaryImageOfPage\":{\"@id\":\"https:\/\/www.csj-emballages.com\/de\/produit\/50-mitnahmeboxen-kraft-144-x-85-x-60-mm\/#primaryimage\"},\"image\":{\"@id\":\"https:\/\/www.csj-emballages.com\/de\/produit\/50-mitnahmeboxen-kraft-144-x-85-x-60-mm\/#primaryimage\"},\"thumbnailUrl\":\"https:\/\/www.csj-emballages.com\/wp-content\/uploads\/2024\/07\/TK07-2.webp\",\"datePublished\":\"2024-07-16T00:18:20+00:00\",\"dateModified\":\"2026-04-30T00:17:06+00:00\",\"description\":\"Kraft Nuggets Box 144 x 85 x 60 mm, perfekt f\u00fcr den Verkauf zum Mitnehmen. Fettbest\u00e4ndig, garantiert einen optimalen Transport Ihrer Nuggets\",\"breadcrumb\":{\"@id\":\"https:\/\/www.csj-emballages.com\/de\/produit\/50-mitnahmeboxen-kraft-144-x-85-x-60-mm\/#breadcrumb\"},\"inLanguage\":\"de\",\"potentialAction\":[{\"@type\":\"ReadAction\",\"target\":[\"https:\/\/www.csj-emballages.com\/de\/produit\/50-mitnahmeboxen-kraft-144-x-85-x-60-mm\/\"]}]},{\"@type\":\"ImageObject\",\"inLanguage\":\"de\",\"@id\":\"https:\/\/www.csj-emballages.com\/de\/produit\/50-mitnahmeboxen-kraft-144-x-85-x-60-mm\/#primaryimage\",\"url\":\"https:\/\/www.csj-emballages.com\/wp-content\/uploads\/2024\/07\/TK07-2.webp\",\"contentUrl\":\"https:\/\/www.csj-emballages.com\/wp-content\/uploads\/2024\/07\/TK07-2.webp\",\"width\":800,\"height\":800,\"caption\":\"Boite nuggets\"},{\"@type\":\"BreadcrumbList\",\"@id\":\"https:\/\/www.csj-emballages.com\/de\/produit\/50-mitnahmeboxen-kraft-144-x-85-x-60-mm\/#breadcrumb\",\"itemListElement\":[{\"@type\":\"ListItem\",\"position\":1,\"name\":\"Accueil\",\"item\":\"https:\/\/www.csj-emballages.com\/de\/universum-lebensmittelverpackungen\/\"},{\"@type\":\"ListItem\",\"position\":2,\"name\":\"Shop\",\"item\":\"https:\/\/www.csj-emballages.com\/shop\/\"},{\"@type\":\"ListItem\",\"position\":3,\"name\":\"Nuggetbox aus Karton zum Mitnehmen 144 x 85 x 60 mm pro 50 St\u00fcck\"}]},{\"@type\":\"WebSite\",\"@id\":\"https:\/\/www.csj-emballages.com\/de\/#website\",\"url\":\"https:\/\/www.csj-emballages.com\/de\/\",\"name\":\"CSJ Emballages\",\"description\":\"\",\"publisher\":{\"@id\":\"https:\/\/www.csj-emballages.com\/de\/#organization\"},\"potentialAction\":[{\"@type\":\"SearchAction\",\"target\":{\"@type\":\"EntryPoint\",\"urlTemplate\":\"https:\/\/www.csj-emballages.com\/de\/?s={search_term_string}\"},\"query-input\":{\"@type\":\"PropertyValueSpecification\",\"valueRequired\":true,\"valueName\":\"search_term_string\"}}],\"inLanguage\":\"de\"},{\"@type\":\"Organization\",\"@id\":\"https:\/\/www.csj-emballages.com\/de\/#Organization\/\",\"name\":\"CSJ Emballages\",\"url\":\"https:\/\/www.csj-emballages.com\/de\/\",\"logo\":{\"@type\":\"ImageObject\",\"inLanguage\":\"de\",\"@id\":\"https:\/\/www.csj-emballages.com\/de\/#\/schema\/logo\/image\/\",\"url\":\"https:\/\/www.csj-emballages.com\/wp-content\/uploads\/2023\/10\/logo_csj.webp\",\"contentUrl\":\"https:\/\/www.csj-emballages.com\/wp-content\/uploads\/2023\/10\/logo_csj.webp\",\"width\":250,\"height\":95,\"caption\":\"CSJ Emballages\"},\"image\":{\"@id\":\"https:\/\/www.csj-emballages.com\/de\/#\/schema\/logo\/image\/\"},\"sameAs\":[\"https:\/\/www.facebook.com\/csjemballages\"],\"address\":{\"@type\":\"PostalAddress\",\"streetAddress\":\"ZI La Lechere\",\"addressLocality\":\"Patornay\",\"postalCode\":\"39130\",\"addressCountry\":\"FR\"},\"contactPoint\":[{\"@type\":\"ContactPoint\",\"contactType\":\"Service client\",\"telephone\":\"0384254272\",\"email\":\"contact@csj-emballages.com\"}]}]}<\/script>\n<!-- \/ Yoast SEO Premium plugin. -->","yoast_head_json":{"title":"Nuggets Karton zum Mitnehmen 144 x 85 x 60 mm pro 50 St\u00fcck","description":"Kraft Nuggets Box 144 x 85 x 60 mm, perfekt f\u00fcr den Verkauf zum Mitnehmen. Fettbest\u00e4ndig, garantiert einen optimalen Transport Ihrer Nuggets","robots":{"index":"index","follow":"follow","max-snippet":"max-snippet:-1","max-image-preview":"max-image-preview:large","max-video-preview":"max-video-preview:-1"},"canonical":"https:\/\/www.csj-emballages.com\/de\/produit\/50-mitnahmeboxen-kraft-144-x-85-x-60-mm\/","og_locale":"de_DE","og_type":"article","og_title":"Nuggetbox aus Karton zum Mitnehmen 144 x 85 x 60 mm pro 50 St\u00fcck","og_description":"Kraft Nuggets Box 144 x 85 x 60 mm, perfekt f\u00fcr den Verkauf zum Mitnehmen. Fettbest\u00e4ndig, garantiert einen optimalen Transport Ihrer Nuggets","og_url":"https:\/\/www.csj-emballages.com\/de\/produit\/50-mitnahmeboxen-kraft-144-x-85-x-60-mm\/","og_site_name":"CSJ Emballages","article_publisher":"https:\/\/www.facebook.com\/csjemballages","article_modified_time":"2026-04-30T00:17:06+00:00","og_image":[{"width":800,"height":800,"url":"https:\/\/www.csj-emballages.com\/wp-content\/uploads\/2024\/07\/TK07-2.webp","type":"image\/webp"}],"twitter_card":"summary_large_image","twitter_misc":{"Gesch\u00e4tzte Lesezeit":"2 Minuten"},"schema":{"@context":"https:\/\/schema.org","@graph":[{"@type":"WebPage","@id":"https:\/\/www.csj-emballages.com\/de\/produit\/50-mitnahmeboxen-kraft-144-x-85-x-60-mm\/","url":"https:\/\/www.csj-emballages.com\/de\/produit\/50-mitnahmeboxen-kraft-144-x-85-x-60-mm\/","name":"Nuggets Karton zum Mitnehmen 144 x 85 x 60 mm pro 50 St\u00fcck","isPartOf":{"@id":"https:\/\/www.csj-emballages.com\/de\/#website"},"primaryImageOfPage":{"@id":"https:\/\/www.csj-emballages.com\/de\/produit\/50-mitnahmeboxen-kraft-144-x-85-x-60-mm\/#primaryimage"},"image":{"@id":"https:\/\/www.csj-emballages.com\/de\/produit\/50-mitnahmeboxen-kraft-144-x-85-x-60-mm\/#primaryimage"},"thumbnailUrl":"https:\/\/www.csj-emballages.com\/wp-content\/uploads\/2024\/07\/TK07-2.webp","datePublished":"2024-07-16T00:18:20+00:00","dateModified":"2026-04-30T00:17:06+00:00","description":"Kraft Nuggets Box 144 x 85 x 60 mm, perfekt f\u00fcr den Verkauf zum Mitnehmen. Fettbest\u00e4ndig, garantiert einen optimalen Transport Ihrer Nuggets","breadcrumb":{"@id":"https:\/\/www.csj-emballages.com\/de\/produit\/50-mitnahmeboxen-kraft-144-x-85-x-60-mm\/#breadcrumb"},"inLanguage":"de","potentialAction":[{"@type":"ReadAction","target":["https:\/\/www.csj-emballages.com\/de\/produit\/50-mitnahmeboxen-kraft-144-x-85-x-60-mm\/"]}]},{"@type":"ImageObject","inLanguage":"de","@id":"https:\/\/www.csj-emballages.com\/de\/produit\/50-mitnahmeboxen-kraft-144-x-85-x-60-mm\/#primaryimage","url":"https:\/\/www.csj-emballages.com\/wp-content\/uploads\/2024\/07\/TK07-2.webp","contentUrl":"https:\/\/www.csj-emballages.com\/wp-content\/uploads\/2024\/07\/TK07-2.webp","width":800,"height":800,"caption":"Boite nuggets"},{"@type":"BreadcrumbList","@id":"https:\/\/www.csj-emballages.com\/de\/produit\/50-mitnahmeboxen-kraft-144-x-85-x-60-mm\/#breadcrumb","itemListElement":[{"@type":"ListItem","position":1,"name":"Accueil","item":"https:\/\/www.csj-emballages.com\/de\/universum-lebensmittelverpackungen\/"},{"@type":"ListItem","position":2,"name":"Shop","item":"https:\/\/www.csj-emballages.com\/shop\/"},{"@type":"ListItem","position":3,"name":"Nuggetbox aus Karton zum Mitnehmen 144 x 85 x 60 mm pro 50 St\u00fcck"}]},{"@type":"WebSite","@id":"https:\/\/www.csj-emballages.com\/de\/#website","url":"https:\/\/www.csj-emballages.com\/de\/","name":"CSJ Emballages","description":"","publisher":{"@id":"https:\/\/www.csj-emballages.com\/de\/#organization"},"potentialAction":[{"@type":"SearchAction","target":{"@type":"EntryPoint","urlTemplate":"https:\/\/www.csj-emballages.com\/de\/?s={search_term_string}"},"query-input":{"@type":"PropertyValueSpecification","valueRequired":true,"valueName":"search_term_string"}}],"inLanguage":"de"},{"@type":"Organization","@id":"https:\/\/www.csj-emballages.com\/de\/#Organization\/","name":"CSJ Emballages","url":"https:\/\/www.csj-emballages.com\/de\/","logo":{"@type":"ImageObject","inLanguage":"de","@id":"https:\/\/www.csj-emballages.com\/de\/#\/schema\/logo\/image\/","url":"https:\/\/www.csj-emballages.com\/wp-content\/uploads\/2023\/10\/logo_csj.webp","contentUrl":"https:\/\/www.csj-emballages.com\/wp-content\/uploads\/2023\/10\/logo_csj.webp","width":250,"height":95,"caption":"CSJ Emballages"},"image":{"@id":"https:\/\/www.csj-emballages.com\/de\/#\/schema\/logo\/image\/"},"sameAs":["https:\/\/www.facebook.com\/csjemballages"],"address":{"@type":"PostalAddress","streetAddress":"ZI La Lechere","addressLocality":"Patornay","postalCode":"39130","addressCountry":"FR"},"contactPoint":[{"@type":"ContactPoint","contactType":"Service client","telephone":"0384254272","email":"contact@csj-emballages.com"}]}]}},"df_price":9.86,"df_sale_price":"","df_regular_price":9.86,"df_image_link":"https:\/\/www.csj-emballages.com\/wp-content\/uploads\/2024\/07\/TK07-2-300x300.webp","tiered_pricing_type":"fixed","tiered_pricing_fixed_rules":[],"tiered_pricing_percentage_rules":[],"tiered_pricing_minimum":1,"tiered_pricing_roles_data":[],"_links":{"self":[{"href":"https:\/\/www.csj-emballages.com\/de\/wp-json\/wp\/v2\/product\/125944","targetHints":{"allow":["GET"]}}],"collection":[{"href":"https:\/\/www.csj-emballages.com\/de\/wp-json\/wp\/v2\/product"}],"about":[{"href":"https:\/\/www.csj-emballages.com\/de\/wp-json\/wp\/v2\/types\/product"}],"wp:featuredmedia":[{"embeddable":true,"href":"https:\/\/www.csj-emballages.com\/de\/wp-json\/wp\/v2\/media\/224635"}],"wp:attachment":[{"href":"https:\/\/www.csj-emballages.com\/de\/wp-json\/wp\/v2\/media?parent=125944"}],"wp:term":[{"taxonomy":"product_brand","embeddable":true,"href":"https:\/\/www.csj-emballages.com\/de\/wp-json\/wp\/v2\/product_brand?post=125944"},{"taxonomy":"product_cat","embeddable":true,"href":"https:\/\/www.csj-emballages.com\/de\/wp-json\/wp\/v2\/product_cat?post=125944"},{"taxonomy":"product_tag","embeddable":true,"href":"https:\/\/www.csj-emballages.com\/de\/wp-json\/wp\/v2\/product_tag?post=125944"}],"curies":[{"name":"wp","href":"https:\/\/api.w.org\/{rel}","templated":true}]}}