{"id":125900,"date":"2024-07-30T02:19:17","date_gmt":"2024-07-30T00:19:17","guid":{"rendered":"https:\/\/www.csj-emballages.com\/produit\/150-sohlen-mit-geraden-kanten-gold-weiss-210-x-95-mm\/"},"modified":"2026-03-12T16:38:33","modified_gmt":"2026-03-12T15:38:33","slug":"150-sohlen-mit-geraden-kanten-gold-weiss-210-x-95-mm","status":"publish","type":"product","link":"https:\/\/www.csj-emballages.com\/de\/produit\/150-sohlen-mit-geraden-kanten-gold-weiss-210-x-95-mm\/","title":{"rendered":"Kuchensohle gerade Kanten gold\/wei\u00df 210 x 95 mm pro 150"},"content":{"rendered":"<h2>Kuchensohle<\/h2>\n<hr>\n<h3>Beschreibung unserer Sohle Kuchen gerade Kanten gold \/ wei\u00df 210 x 95 mm pro 150<\/h3>\n<p><!--more--><\/p>\n<div>\n<p data-start=\"99\" data-end=\"408\">Entdecken Sie die <strong data-start=\"112\" data-end=\"176\">Kuchenplatte mit geradem Rand in gold\/wei\u00df 210 x 95 mm von 150<\/strong>, ein unverzichtbares Accessoire, um Ihre s\u00fc\u00dfen und herzhaften Kreationen aufzuwerten. Dieser Boden wurde speziell f\u00fcr die Bed\u00fcrfnisse von B\u00e4ckern, Konditoren und Caterern entwickelt und vereint Stabilit\u00e4t mit der Aufwertung Ihrer Zubereitungen. <\/p>\n<p data-start=\"410\" data-end=\"952\">Mit einer <strong data-start=\"419\" data-end=\"448\">Gr\u00f6\u00dfe von 210 x 95 mm<\/strong> eignet sie sich perfekt f\u00fcr Entremets, Stollen, rechteckige Kuchen oder andere Desserts, die eine zuverl\u00e4ssige Unterlage ben\u00f6tigen. Die <strong data-start=\"577\" data-end=\"598\">gl\u00e4nzende goldfarbene Vorderseite<\/strong> zieht sofort die Blicke auf sich und verleiht einen festlichen und raffinierten Touch, w\u00e4hrend die <strong data-start=\"690\" data-end=\"705\">wei\u00dfe R\u00fcckseite<\/strong> je nach Anlass eine schlichtere Pr\u00e4sentation erm\u00f6glicht. Dank der <strong data-start=\"771\" data-end=\"792\">klaren geraden Kanten<\/strong> haben Ihre Kuchen optimalen Halt und ein gepflegtes Finish, ideal f\u00fcr den Verkauf im Schaufenster, den Transport oder die Pr\u00e4sentation bei Veranstaltungen.  <\/p>\n<p data-start=\"954\" data-end=\"1332\">Jede Sohle ist so konzipiert, dass sie das Gewicht Ihrer Zubereitungen tragen kann, ohne sich zu verformen. Auch der verwendete Karton ist <strong data-start=\"1074\" data-end=\"1085\">robust<\/strong> und lebensmittelecht, sodass eine sichere Verwendung gew\u00e4hrleistet ist. Die Verpackung erfolgt in <strong data-start=\"1170\" data-end=\"1191\">Packungen zu 150 St\u00fcck<\/strong> und ist perfekt auf die Bed\u00fcrfnisse von Fachleuten abgestimmt, die einen ausreichenden Vorrat f\u00fcr ihre t\u00e4gliche Arbeit suchen.  <\/p>\n<p data-start=\"1334\" data-end=\"1701\">Ob f\u00fcr individuelle Desserts, Familiengeb\u00e4ck oder Kreationen f\u00fcr die Gastronomie, diese <strong data-start=\"1456\" data-end=\"1495\">rechteckige gold-wei\u00dfe Sohle<\/strong> bietet Ihnen die Vielseitigkeit, die Sie brauchen, um Ihre Kreationen zur Geltung zu bringen. Kurzum, sie wird schnell zu einem unverzichtbaren Bestandteil Ihres Ateliers und bietet gleichzeitig ein Finish, das den sch\u00f6nsten Pr\u00e4sentationen w\u00fcrdig ist. <\/p>\n<\/div>\n<p data-start=\"1334\" data-end=\"1701\">\n<p data-start=\"1334\" data-end=\"1701\"><!--more--><\/p>\n<h4 data-start=\"1334\" data-end=\"1701\">Vorteile :<\/h4>\n<ul>\n<li>Solide <strong data-start=\"1728\" data-end=\"1746\">Unterlage<\/strong>, die dem Gewicht von Kuchen standh\u00e4lt.<\/li>\n<li><strong data-start=\"1785\" data-end=\"1811\">Doppelseitig gold\/wei\u00df<\/strong>, um die Pr\u00e4sentationen zu variieren.<\/li>\n<li><strong data-start=\"1847\" data-end=\"1863\">Gerade Kanten<\/strong> f\u00fcr ein sauberes und professionelles Finish.<\/li>\n<li><strong data-start=\"1912\" data-end=\"1931\">Praktisches Format<\/strong> 210 x 95 mm, ideal f\u00fcr Stollen und Desserts.<\/li>\n<li><strong data-start=\"1981\" data-end=\"1995\">150er-Pack<\/strong>, um den Bed\u00fcrfnissen von Profis gerecht zu werden.<\/li>\n<\/ul>\n<p>&nbsp;<\/p>\n<p><!--more--><\/p>\n<h4>Weitere Informationen :<\/h4>\n<ul>\n<li><strong>Verpackung<\/strong>: Packung mit 150 St\u00fcck<\/li>\n<li><strong>Ma\u00dfe<\/strong>: 210 x 95 mm<\/li>\n<li><strong>Material<\/strong>: Karton<\/li>\n<li><strong>Farbe<\/strong>: Gold \/ Wei\u00df<\/li>\n<\/ul>\n<p>&nbsp;<\/p>\n<p><!--more--><\/p>\n<p><a href=\"https:\/\/www.csj-emballages.com\/de\/categorie-produit\/lebensmittelverpackungen\/backerei-und-konditorei\/kuchensohlenhalter\/holzsohlen\/\">Sehen Sie sich den Rest unseres Sortiments an Kucheneinlagen an<\/a><\/p>\n","protected":false},"excerpt":{"rendered":"<p>Kuchensohle Beschreibung unserer Sohle Kuchen gerade Kanten gold \/ wei\u00df 210 x 95 mm pro 150<\/p>\n","protected":false},"featured_media":242480,"template":"","meta":{"_acf_changed":false},"product_brand":[],"product_cat":[1137,1171,1925,3272,1265],"product_tag":[],"class_list":{"0":"post-125900","1":"product","2":"type-product","3":"status-publish","4":"has-post-thumbnail","6":"product_cat-lebensmittelverpackungen","7":"product_cat-backerei-und-konditorei","8":"product_cat-kuchensohlenhalter","9":"product_cat-holzsohlen","10":"product_cat-lagerbestande-promotion","12":"first","13":"instock","14":"sale","15":"taxable","16":"shipping-taxable","17":"purchasable","18":"product-type-simple"},"acf":[],"yoast_head":"<!-- This site is optimized with the Yoast SEO Premium plugin v26.6 (Yoast SEO v26.6) - https:\/\/yoast.com\/wordpress\/plugins\/seo\/ -->\n<title>Kuchenplatte mit geraden Kanten Gold \/ Wei\u00df 210 x 95 mm pro 150 St\u00fcck<\/title>\n<meta name=\"description\" content=\"Rechteckige Kuchensohle in Gold\/Wei\u00df 210 x 95 mm, gerade Kanten, stabil und f\u00fcr Profis geeignet. Set mit 150 St\u00fcck f\u00fcr raffinierte Pr\u00e4sentationen.\" \/>\n<meta name=\"robots\" content=\"index, follow, max-snippet:-1, max-image-preview:large, max-video-preview:-1\" \/>\n<link rel=\"canonical\" href=\"https:\/\/www.csj-emballages.com\/de\/produit\/150-sohlen-mit-geraden-kanten-gold-weiss-210-x-95-mm\/\" \/>\n<meta property=\"og:locale\" content=\"de_DE\" \/>\n<meta property=\"og:type\" content=\"article\" \/>\n<meta property=\"og:title\" content=\"Kuchensohle gerade Kanten gold\/wei\u00df 210 x 95 mm pro 150\" \/>\n<meta property=\"og:description\" content=\"Rechteckige Kuchensohle in Gold\/Wei\u00df 210 x 95 mm, gerade Kanten, stabil und f\u00fcr Profis geeignet. Set mit 150 St\u00fcck f\u00fcr raffinierte Pr\u00e4sentationen.\" \/>\n<meta property=\"og:url\" content=\"https:\/\/www.csj-emballages.com\/de\/produit\/150-sohlen-mit-geraden-kanten-gold-weiss-210-x-95-mm\/\" \/>\n<meta property=\"og:site_name\" content=\"CSJ Emballages\" \/>\n<meta property=\"article:publisher\" content=\"https:\/\/www.facebook.com\/csjemballages\" \/>\n<meta property=\"article:modified_time\" content=\"2026-03-12T15:38:33+00:00\" \/>\n<meta property=\"og:image\" content=\"https:\/\/www.csj-emballages.com\/wp-content\/uploads\/2024\/07\/SBO22.webp\" \/>\n\t<meta property=\"og:image:width\" content=\"800\" \/>\n\t<meta property=\"og:image:height\" content=\"800\" \/>\n\t<meta property=\"og:image:type\" content=\"image\/webp\" \/>\n<meta name=\"twitter:card\" content=\"summary_large_image\" \/>\n<meta name=\"twitter:label1\" content=\"Gesch\u00e4tzte Lesezeit\" \/>\n\t<meta name=\"twitter:data1\" content=\"2 Minuten\" \/>\n<script type=\"application\/ld+json\" class=\"yoast-schema-graph\">{\"@context\":\"https:\/\/schema.org\",\"@graph\":[{\"@type\":\"WebPage\",\"@id\":\"https:\/\/www.csj-emballages.com\/de\/produit\/150-sohlen-mit-geraden-kanten-gold-weiss-210-x-95-mm\/\",\"url\":\"https:\/\/www.csj-emballages.com\/de\/produit\/150-sohlen-mit-geraden-kanten-gold-weiss-210-x-95-mm\/\",\"name\":\"Kuchenplatte mit geraden Kanten Gold \/ Wei\u00df 210 x 95 mm pro 150 St\u00fcck\",\"isPartOf\":{\"@id\":\"https:\/\/www.csj-emballages.com\/de\/#website\"},\"primaryImageOfPage\":{\"@id\":\"https:\/\/www.csj-emballages.com\/de\/produit\/150-sohlen-mit-geraden-kanten-gold-weiss-210-x-95-mm\/#primaryimage\"},\"image\":{\"@id\":\"https:\/\/www.csj-emballages.com\/de\/produit\/150-sohlen-mit-geraden-kanten-gold-weiss-210-x-95-mm\/#primaryimage\"},\"thumbnailUrl\":\"https:\/\/www.csj-emballages.com\/wp-content\/uploads\/2024\/07\/SBO22.webp\",\"datePublished\":\"2024-07-30T00:19:17+00:00\",\"dateModified\":\"2026-03-12T15:38:33+00:00\",\"description\":\"Rechteckige Kuchensohle in Gold\/Wei\u00df 210 x 95 mm, gerade Kanten, stabil und f\u00fcr Profis geeignet. Set mit 150 St\u00fcck f\u00fcr raffinierte Pr\u00e4sentationen.\",\"breadcrumb\":{\"@id\":\"https:\/\/www.csj-emballages.com\/de\/produit\/150-sohlen-mit-geraden-kanten-gold-weiss-210-x-95-mm\/#breadcrumb\"},\"inLanguage\":\"de\",\"potentialAction\":[{\"@type\":\"ReadAction\",\"target\":[\"https:\/\/www.csj-emballages.com\/de\/produit\/150-sohlen-mit-geraden-kanten-gold-weiss-210-x-95-mm\/\"]}]},{\"@type\":\"ImageObject\",\"inLanguage\":\"de\",\"@id\":\"https:\/\/www.csj-emballages.com\/de\/produit\/150-sohlen-mit-geraden-kanten-gold-weiss-210-x-95-mm\/#primaryimage\",\"url\":\"https:\/\/www.csj-emballages.com\/wp-content\/uploads\/2024\/07\/SBO22.webp\",\"contentUrl\":\"https:\/\/www.csj-emballages.com\/wp-content\/uploads\/2024\/07\/SBO22.webp\",\"width\":800,\"height\":800,\"caption\":\"Semelle g\u00e2teau\"},{\"@type\":\"BreadcrumbList\",\"@id\":\"https:\/\/www.csj-emballages.com\/de\/produit\/150-sohlen-mit-geraden-kanten-gold-weiss-210-x-95-mm\/#breadcrumb\",\"itemListElement\":[{\"@type\":\"ListItem\",\"position\":1,\"name\":\"Accueil\",\"item\":\"https:\/\/www.csj-emballages.com\/de\/universum-lebensmittelverpackungen\/\"},{\"@type\":\"ListItem\",\"position\":2,\"name\":\"Shop\",\"item\":\"https:\/\/www.csj-emballages.com\/shop\/\"},{\"@type\":\"ListItem\",\"position\":3,\"name\":\"Kuchensohle gerade Kanten gold\/wei\u00df 210 x 95 mm pro 150\"}]},{\"@type\":\"WebSite\",\"@id\":\"https:\/\/www.csj-emballages.com\/de\/#website\",\"url\":\"https:\/\/www.csj-emballages.com\/de\/\",\"name\":\"CSJ Emballages\",\"description\":\"\",\"publisher\":{\"@id\":\"https:\/\/www.csj-emballages.com\/de\/#organization\"},\"potentialAction\":[{\"@type\":\"SearchAction\",\"target\":{\"@type\":\"EntryPoint\",\"urlTemplate\":\"https:\/\/www.csj-emballages.com\/de\/?s={search_term_string}\"},\"query-input\":{\"@type\":\"PropertyValueSpecification\",\"valueRequired\":true,\"valueName\":\"search_term_string\"}}],\"inLanguage\":\"de\"},{\"@type\":\"Organization\",\"@id\":\"https:\/\/www.csj-emballages.com\/de\/#Organization\/\",\"name\":\"CSJ Emballages\",\"url\":\"https:\/\/www.csj-emballages.com\/de\/\",\"logo\":{\"@type\":\"ImageObject\",\"inLanguage\":\"de\",\"@id\":\"https:\/\/www.csj-emballages.com\/de\/#\/schema\/logo\/image\/\",\"url\":\"https:\/\/www.csj-emballages.com\/wp-content\/uploads\/2023\/10\/logo_csj.webp\",\"contentUrl\":\"https:\/\/www.csj-emballages.com\/wp-content\/uploads\/2023\/10\/logo_csj.webp\",\"width\":250,\"height\":95,\"caption\":\"CSJ Emballages\"},\"image\":{\"@id\":\"https:\/\/www.csj-emballages.com\/de\/#\/schema\/logo\/image\/\"},\"sameAs\":[\"https:\/\/www.facebook.com\/csjemballages\"],\"address\":{\"@type\":\"PostalAddress\",\"streetAddress\":\"ZI La Lechere\",\"addressLocality\":\"Patornay\",\"postalCode\":\"39130\",\"addressCountry\":\"FR\"},\"contactPoint\":[{\"@type\":\"ContactPoint\",\"contactType\":\"Service client\",\"telephone\":\"0384254272\",\"email\":\"contact@csj-emballages.com\"}]}]}<\/script>\n<!-- \/ Yoast SEO Premium plugin. -->","yoast_head_json":{"title":"Kuchenplatte mit geraden Kanten Gold \/ Wei\u00df 210 x 95 mm pro 150 St\u00fcck","description":"Rechteckige Kuchensohle in Gold\/Wei\u00df 210 x 95 mm, gerade Kanten, stabil und f\u00fcr Profis geeignet. Set mit 150 St\u00fcck f\u00fcr raffinierte Pr\u00e4sentationen.","robots":{"index":"index","follow":"follow","max-snippet":"max-snippet:-1","max-image-preview":"max-image-preview:large","max-video-preview":"max-video-preview:-1"},"canonical":"https:\/\/www.csj-emballages.com\/de\/produit\/150-sohlen-mit-geraden-kanten-gold-weiss-210-x-95-mm\/","og_locale":"de_DE","og_type":"article","og_title":"Kuchensohle gerade Kanten gold\/wei\u00df 210 x 95 mm pro 150","og_description":"Rechteckige Kuchensohle in Gold\/Wei\u00df 210 x 95 mm, gerade Kanten, stabil und f\u00fcr Profis geeignet. Set mit 150 St\u00fcck f\u00fcr raffinierte Pr\u00e4sentationen.","og_url":"https:\/\/www.csj-emballages.com\/de\/produit\/150-sohlen-mit-geraden-kanten-gold-weiss-210-x-95-mm\/","og_site_name":"CSJ Emballages","article_publisher":"https:\/\/www.facebook.com\/csjemballages","article_modified_time":"2026-03-12T15:38:33+00:00","og_image":[{"width":800,"height":800,"url":"https:\/\/www.csj-emballages.com\/wp-content\/uploads\/2024\/07\/SBO22.webp","type":"image\/webp"}],"twitter_card":"summary_large_image","twitter_misc":{"Gesch\u00e4tzte Lesezeit":"2 Minuten"},"schema":{"@context":"https:\/\/schema.org","@graph":[{"@type":"WebPage","@id":"https:\/\/www.csj-emballages.com\/de\/produit\/150-sohlen-mit-geraden-kanten-gold-weiss-210-x-95-mm\/","url":"https:\/\/www.csj-emballages.com\/de\/produit\/150-sohlen-mit-geraden-kanten-gold-weiss-210-x-95-mm\/","name":"Kuchenplatte mit geraden Kanten Gold \/ Wei\u00df 210 x 95 mm pro 150 St\u00fcck","isPartOf":{"@id":"https:\/\/www.csj-emballages.com\/de\/#website"},"primaryImageOfPage":{"@id":"https:\/\/www.csj-emballages.com\/de\/produit\/150-sohlen-mit-geraden-kanten-gold-weiss-210-x-95-mm\/#primaryimage"},"image":{"@id":"https:\/\/www.csj-emballages.com\/de\/produit\/150-sohlen-mit-geraden-kanten-gold-weiss-210-x-95-mm\/#primaryimage"},"thumbnailUrl":"https:\/\/www.csj-emballages.com\/wp-content\/uploads\/2024\/07\/SBO22.webp","datePublished":"2024-07-30T00:19:17+00:00","dateModified":"2026-03-12T15:38:33+00:00","description":"Rechteckige Kuchensohle in Gold\/Wei\u00df 210 x 95 mm, gerade Kanten, stabil und f\u00fcr Profis geeignet. Set mit 150 St\u00fcck f\u00fcr raffinierte Pr\u00e4sentationen.","breadcrumb":{"@id":"https:\/\/www.csj-emballages.com\/de\/produit\/150-sohlen-mit-geraden-kanten-gold-weiss-210-x-95-mm\/#breadcrumb"},"inLanguage":"de","potentialAction":[{"@type":"ReadAction","target":["https:\/\/www.csj-emballages.com\/de\/produit\/150-sohlen-mit-geraden-kanten-gold-weiss-210-x-95-mm\/"]}]},{"@type":"ImageObject","inLanguage":"de","@id":"https:\/\/www.csj-emballages.com\/de\/produit\/150-sohlen-mit-geraden-kanten-gold-weiss-210-x-95-mm\/#primaryimage","url":"https:\/\/www.csj-emballages.com\/wp-content\/uploads\/2024\/07\/SBO22.webp","contentUrl":"https:\/\/www.csj-emballages.com\/wp-content\/uploads\/2024\/07\/SBO22.webp","width":800,"height":800,"caption":"Semelle g\u00e2teau"},{"@type":"BreadcrumbList","@id":"https:\/\/www.csj-emballages.com\/de\/produit\/150-sohlen-mit-geraden-kanten-gold-weiss-210-x-95-mm\/#breadcrumb","itemListElement":[{"@type":"ListItem","position":1,"name":"Accueil","item":"https:\/\/www.csj-emballages.com\/de\/universum-lebensmittelverpackungen\/"},{"@type":"ListItem","position":2,"name":"Shop","item":"https:\/\/www.csj-emballages.com\/shop\/"},{"@type":"ListItem","position":3,"name":"Kuchensohle gerade Kanten gold\/wei\u00df 210 x 95 mm pro 150"}]},{"@type":"WebSite","@id":"https:\/\/www.csj-emballages.com\/de\/#website","url":"https:\/\/www.csj-emballages.com\/de\/","name":"CSJ Emballages","description":"","publisher":{"@id":"https:\/\/www.csj-emballages.com\/de\/#organization"},"potentialAction":[{"@type":"SearchAction","target":{"@type":"EntryPoint","urlTemplate":"https:\/\/www.csj-emballages.com\/de\/?s={search_term_string}"},"query-input":{"@type":"PropertyValueSpecification","valueRequired":true,"valueName":"search_term_string"}}],"inLanguage":"de"},{"@type":"Organization","@id":"https:\/\/www.csj-emballages.com\/de\/#Organization\/","name":"CSJ Emballages","url":"https:\/\/www.csj-emballages.com\/de\/","logo":{"@type":"ImageObject","inLanguage":"de","@id":"https:\/\/www.csj-emballages.com\/de\/#\/schema\/logo\/image\/","url":"https:\/\/www.csj-emballages.com\/wp-content\/uploads\/2023\/10\/logo_csj.webp","contentUrl":"https:\/\/www.csj-emballages.com\/wp-content\/uploads\/2023\/10\/logo_csj.webp","width":250,"height":95,"caption":"CSJ Emballages"},"image":{"@id":"https:\/\/www.csj-emballages.com\/de\/#\/schema\/logo\/image\/"},"sameAs":["https:\/\/www.facebook.com\/csjemballages"],"address":{"@type":"PostalAddress","streetAddress":"ZI La Lechere","addressLocality":"Patornay","postalCode":"39130","addressCountry":"FR"},"contactPoint":[{"@type":"ContactPoint","contactType":"Service client","telephone":"0384254272","email":"contact@csj-emballages.com"}]}]}},"df_price":6.83,"df_sale_price":6.83,"df_regular_price":8.53,"df_image_link":"https:\/\/www.csj-emballages.com\/wp-content\/uploads\/2024\/07\/SBO22-300x300.webp","tiered_pricing_type":"fixed","tiered_pricing_fixed_rules":[],"tiered_pricing_percentage_rules":[],"tiered_pricing_minimum":1,"tiered_pricing_roles_data":[],"_links":{"self":[{"href":"https:\/\/www.csj-emballages.com\/de\/wp-json\/wp\/v2\/product\/125900","targetHints":{"allow":["GET"]}}],"collection":[{"href":"https:\/\/www.csj-emballages.com\/de\/wp-json\/wp\/v2\/product"}],"about":[{"href":"https:\/\/www.csj-emballages.com\/de\/wp-json\/wp\/v2\/types\/product"}],"wp:featuredmedia":[{"embeddable":true,"href":"https:\/\/www.csj-emballages.com\/de\/wp-json\/wp\/v2\/media\/242480"}],"wp:attachment":[{"href":"https:\/\/www.csj-emballages.com\/de\/wp-json\/wp\/v2\/media?parent=125900"}],"wp:term":[{"taxonomy":"product_brand","embeddable":true,"href":"https:\/\/www.csj-emballages.com\/de\/wp-json\/wp\/v2\/product_brand?post=125900"},{"taxonomy":"product_cat","embeddable":true,"href":"https:\/\/www.csj-emballages.com\/de\/wp-json\/wp\/v2\/product_cat?post=125900"},{"taxonomy":"product_tag","embeddable":true,"href":"https:\/\/www.csj-emballages.com\/de\/wp-json\/wp\/v2\/product_tag?post=125900"}],"curies":[{"name":"wp","href":"https:\/\/api.w.org\/{rel}","templated":true}]}}