{"id":125888,"date":"2024-07-30T02:18:59","date_gmt":"2024-07-30T00:18:59","guid":{"rendered":"https:\/\/www.csj-emballages.com\/produit\/324-versiegelbare-schalen-mit-loeschpapier-22-x-125-x-25-cm\/"},"modified":"2026-03-26T02:12:23","modified_gmt":"2026-03-26T01:12:23","slug":"324-versiegelbare-schalen-mit-loeschpapier-22-x-125-x-25-cm","status":"publish","type":"product","link":"https:\/\/www.csj-emballages.com\/de\/produit\/324-versiegelbare-schalen-mit-loeschpapier-22-x-125-x-25-cm\/","title":{"rendered":"Versiegelbare Schale mit Saugeinlage, 22 x 12,5 x 2,5 cm, 324 St\u00fcck"},"content":{"rendered":"<h2>Siegelbare Schalen mit L\u00f6schpapier 22 x 12,5 x 2,5 cm &#8211; 324 St\u00fcck<\/h2>\n<hr>\n<h3>Produktbeschreibung :<\/h3>\n<p><!--more--><\/p>\n<div>\n<p data-start=\"257\" data-end=\"599\">Die <strong>versiegelbare Schale mit Saugeinlage von 22 x 12,5 x 2,5 cm<\/strong> ist speziell f\u00fcr die Verpackung und Pr\u00e4sentation von Fleisch, frischen Zubereitungen und Lebensmitteln im Selbstbedienungsbereich konzipiert. Sie ist auf die Bed\u00fcrfnisse von <strong>Metzgern, Feinkosth\u00e4ndlern, Caterern und traditionellen Theken<\/strong> zugeschnitten und kombiniert Praktikabilit\u00e4t, Hygiene und Produktpr\u00e4sentation. <\/p>\n<p data-start=\"601\" data-end=\"872\">Dank ihrer <strong>integrierten Saugeinlage<\/strong> h\u00e4lt diese <strong>Schale<\/strong> effektiv <strong>Exsudate und S\u00e4fte<\/strong> zur\u00fcck und sorgt so f\u00fcr eine saubere und ordentliche Pr\u00e4sentation in der Auslage. Die <strong>Saugeinlage<\/strong> tr\u00e4gt auch dazu bei, das visuelle Erscheinungsbild der Produkte zu erhalten und ihre Haltbarkeit zu verbessern. <\/p>\n<p data-start=\"874\" data-end=\"1222\">Entwickelt f\u00fcr die Verwendung mit einer <strong>Versiegelungsfolie<\/strong>, gew\u00e4hrleistet die <strong>Schale einen hermetischen Verschluss<\/strong>, ideal zum Schutz der Lebensmittel und zur Verl\u00e4ngerung ihrer Frische. Ihr Format von <strong>22 x 12,5 cm mit einer H\u00f6he von 2,5 cm<\/strong> ist perfekt f\u00fcr <strong>Einzelportionen oder kleine Zubereitungen<\/strong> geeignet und bietet einen guten Halt der Produkte, ohne sie zu quetschen. <\/p>\n<p data-start=\"1224\" data-end=\"1517\">Diese Schale aus lebensmittelechtem Material ist widerstandsf\u00e4hig, stabil und f\u00fcr die Lagerung im K\u00fchlhaus geeignet. Kurz gesagt, sie ist perfekt f\u00fcr Profis, die eine wirtschaftliche und effiziente L\u00f6sung f\u00fcr den t\u00e4glichen oder intensiven Gebrauch suchen. <\/p>\n<\/div>\n<p data-start=\"1224\" data-end=\"1517\">\n<p data-start=\"1224\" data-end=\"1517\"><!--more--><\/p>\n<h4 data-start=\"1224\" data-end=\"1517\">Vorteile :<\/h4>\n<ul>\n<li data-start=\"1555\" data-end=\"1610\"><strong>Integrierte Saugeinlage<\/strong> f\u00fcr saubere Pr\u00e4sentation.<\/li>\n<li data-start=\"1613\" data-end=\"1672\">Kompatibel mit <strong>Versiegelung f\u00fcr hermetischen Verschluss<\/strong>.<\/li>\n<li data-start=\"1723\" data-end=\"1761\">Lebensmittelechtes Material.<\/li>\n<li data-start=\"1812\" data-end=\"1858\">Begrenzt Fl\u00fcssigkeitsaustritt und verbessert die Hygiene.<\/li>\n<li data-start=\"1861\" data-end=\"1912\">Geeignet f\u00fcr Metzgereien, Caterer und Frischetheken.<\/li>\n<li data-start=\"1915\" data-end=\"1962\">Wirtschaftliche Verpackung im <strong>324er-Karton<\/strong>.<\/li>\n<\/ul>\n<p>&nbsp;<\/p>\n<p><!--more--><\/p>\n<h4>Weitere Informationen :<\/h4>\n<ul>\n<li><strong>Verpackung<\/strong>: Karton mit 324 St\u00fcck<\/li>\n<li><strong>Abmessungen<\/strong>: 22 x 12,5 x 2,5 cm<\/li>\n<\/ul>\n<div>\n<p data-start=\"1224\" data-end=\"1517\">\n<\/div>\n<p><!--more--><\/p>\n<p><a href=\"https:\/\/www.csj-emballages.com\/de\/categorie-produit\/lebensmittelverpackungen\/metzgerei-und-feinkostgeschaft\/schalen-dosen-und-glaser\/schalen-dosen-glaser-fur-lebensmittel\/siegelbare-schalen-mit-loschpapier\/\">Sehen Sie sich den Rest unseres Sortiments an versiegelbaren Schalen mit L\u00f6schpapier an.<\/a><\/p>\n","protected":false},"excerpt":{"rendered":"<p>Siegelbare Schalen mit L\u00f6schpapier 22 x 12,5 x 2,5 cm &#8211; 324 St\u00fcck Produktbeschreibung :<\/p>\n","protected":false},"featured_media":264214,"template":"","meta":{"_acf_changed":false},"product_brand":[],"product_cat":[1137,1170,2277,1513,6631,1265],"product_tag":[],"class_list":{"0":"post-125888","1":"product","2":"type-product","3":"status-publish","4":"has-post-thumbnail","6":"product_cat-lebensmittelverpackungen","7":"product_cat-metzgerei-und-feinkostgeschaft","8":"product_cat-schalen-dosen-und-glaser","9":"product_cat-schalen-dosen-glaser-fur-lebensmittel","10":"product_cat-siegelbare-schalen-mit-loschpapier","11":"product_cat-lagerbestande-promotion","13":"first","14":"instock","15":"sale","16":"taxable","17":"shipping-taxable","18":"purchasable","19":"product-type-simple"},"acf":[],"yoast_head":"<!-- This site is optimized with the Yoast SEO Premium plugin v26.6 (Yoast SEO v26.6) - https:\/\/yoast.com\/wordpress\/plugins\/seo\/ -->\n<title>Versiegelbare Schale mit Saugeinlage, 22 x 12,5 x 2,5 cm, 324 St\u00fcck<\/title>\n<meta name=\"description\" content=\"Versiegelbare Schale mit Saugeinlage, 22 x 12,5 x 2,5 cm, 324 St\u00fcck. Ideal f\u00fcr Fleisch und Frischprodukte, saubere und hygienische Pr\u00e4sentation.\" \/>\n<meta name=\"robots\" content=\"index, follow, max-snippet:-1, max-image-preview:large, max-video-preview:-1\" \/>\n<link rel=\"canonical\" href=\"https:\/\/www.csj-emballages.com\/de\/produit\/324-versiegelbare-schalen-mit-loeschpapier-22-x-125-x-25-cm\/\" \/>\n<meta property=\"og:locale\" content=\"de_DE\" \/>\n<meta property=\"og:type\" content=\"article\" \/>\n<meta property=\"og:title\" content=\"Versiegelbare Schale mit Saugeinlage, 22 x 12,5 x 2,5 cm, 324 St\u00fcck\" \/>\n<meta property=\"og:description\" content=\"Versiegelbare Schale mit Saugeinlage, 22 x 12,5 x 2,5 cm, 324 St\u00fcck. Ideal f\u00fcr Fleisch und Frischprodukte, saubere und hygienische Pr\u00e4sentation.\" \/>\n<meta property=\"og:url\" content=\"https:\/\/www.csj-emballages.com\/de\/produit\/324-versiegelbare-schalen-mit-loeschpapier-22-x-125-x-25-cm\/\" \/>\n<meta property=\"og:site_name\" content=\"CSJ Emballages\" \/>\n<meta property=\"article:publisher\" content=\"https:\/\/www.facebook.com\/csjemballages\" \/>\n<meta property=\"article:modified_time\" content=\"2026-03-26T01:12:23+00:00\" \/>\n<meta property=\"og:image\" content=\"https:\/\/www.csj-emballages.com\/wp-content\/uploads\/2024\/07\/C325SWCL.webp\" \/>\n\t<meta property=\"og:image:width\" content=\"800\" \/>\n\t<meta property=\"og:image:height\" content=\"800\" \/>\n\t<meta property=\"og:image:type\" content=\"image\/webp\" \/>\n<meta name=\"twitter:card\" content=\"summary_large_image\" \/>\n<meta name=\"twitter:label1\" content=\"Gesch\u00e4tzte Lesezeit\" \/>\n\t<meta name=\"twitter:data1\" content=\"1\u00a0Minute\" \/>\n<script type=\"application\/ld+json\" class=\"yoast-schema-graph\">{\"@context\":\"https:\/\/schema.org\",\"@graph\":[{\"@type\":\"WebPage\",\"@id\":\"https:\/\/www.csj-emballages.com\/de\/produit\/324-versiegelbare-schalen-mit-loeschpapier-22-x-125-x-25-cm\/\",\"url\":\"https:\/\/www.csj-emballages.com\/de\/produit\/324-versiegelbare-schalen-mit-loeschpapier-22-x-125-x-25-cm\/\",\"name\":\"Versiegelbare Schale mit Saugeinlage, 22 x 12,5 x 2,5 cm, 324 St\u00fcck\",\"isPartOf\":{\"@id\":\"https:\/\/www.csj-emballages.com\/de\/#website\"},\"primaryImageOfPage\":{\"@id\":\"https:\/\/www.csj-emballages.com\/de\/produit\/324-versiegelbare-schalen-mit-loeschpapier-22-x-125-x-25-cm\/#primaryimage\"},\"image\":{\"@id\":\"https:\/\/www.csj-emballages.com\/de\/produit\/324-versiegelbare-schalen-mit-loeschpapier-22-x-125-x-25-cm\/#primaryimage\"},\"thumbnailUrl\":\"https:\/\/www.csj-emballages.com\/wp-content\/uploads\/2024\/07\/C325SWCL.webp\",\"datePublished\":\"2024-07-30T00:18:59+00:00\",\"dateModified\":\"2026-03-26T01:12:23+00:00\",\"description\":\"Versiegelbare Schale mit Saugeinlage, 22 x 12,5 x 2,5 cm, 324 St\u00fcck. Ideal f\u00fcr Fleisch und Frischprodukte, saubere und hygienische Pr\u00e4sentation.\",\"breadcrumb\":{\"@id\":\"https:\/\/www.csj-emballages.com\/de\/produit\/324-versiegelbare-schalen-mit-loeschpapier-22-x-125-x-25-cm\/#breadcrumb\"},\"inLanguage\":\"de\",\"potentialAction\":[{\"@type\":\"ReadAction\",\"target\":[\"https:\/\/www.csj-emballages.com\/de\/produit\/324-versiegelbare-schalen-mit-loeschpapier-22-x-125-x-25-cm\/\"]}]},{\"@type\":\"ImageObject\",\"inLanguage\":\"de\",\"@id\":\"https:\/\/www.csj-emballages.com\/de\/produit\/324-versiegelbare-schalen-mit-loeschpapier-22-x-125-x-25-cm\/#primaryimage\",\"url\":\"https:\/\/www.csj-emballages.com\/wp-content\/uploads\/2024\/07\/C325SWCL.webp\",\"contentUrl\":\"https:\/\/www.csj-emballages.com\/wp-content\/uploads\/2024\/07\/C325SWCL.webp\",\"width\":800,\"height\":800,\"caption\":\"Barquette avec buvard\"},{\"@type\":\"BreadcrumbList\",\"@id\":\"https:\/\/www.csj-emballages.com\/de\/produit\/324-versiegelbare-schalen-mit-loeschpapier-22-x-125-x-25-cm\/#breadcrumb\",\"itemListElement\":[{\"@type\":\"ListItem\",\"position\":1,\"name\":\"Accueil\",\"item\":\"https:\/\/www.csj-emballages.com\/de\/universum-lebensmittelverpackungen\/\"},{\"@type\":\"ListItem\",\"position\":2,\"name\":\"Shop\",\"item\":\"https:\/\/www.csj-emballages.com\/shop\/\"},{\"@type\":\"ListItem\",\"position\":3,\"name\":\"Versiegelbare Schale mit Saugeinlage, 22 x 12,5 x 2,5 cm, 324 St\u00fcck\"}]},{\"@type\":\"WebSite\",\"@id\":\"https:\/\/www.csj-emballages.com\/de\/#website\",\"url\":\"https:\/\/www.csj-emballages.com\/de\/\",\"name\":\"CSJ Emballages\",\"description\":\"\",\"publisher\":{\"@id\":\"https:\/\/www.csj-emballages.com\/de\/#organization\"},\"potentialAction\":[{\"@type\":\"SearchAction\",\"target\":{\"@type\":\"EntryPoint\",\"urlTemplate\":\"https:\/\/www.csj-emballages.com\/de\/?s={search_term_string}\"},\"query-input\":{\"@type\":\"PropertyValueSpecification\",\"valueRequired\":true,\"valueName\":\"search_term_string\"}}],\"inLanguage\":\"de\"},{\"@type\":\"Organization\",\"@id\":\"https:\/\/www.csj-emballages.com\/de\/#Organization\/\",\"name\":\"CSJ Emballages\",\"url\":\"https:\/\/www.csj-emballages.com\/de\/\",\"logo\":{\"@type\":\"ImageObject\",\"inLanguage\":\"de\",\"@id\":\"https:\/\/www.csj-emballages.com\/de\/#\/schema\/logo\/image\/\",\"url\":\"https:\/\/www.csj-emballages.com\/wp-content\/uploads\/2023\/10\/logo_csj.webp\",\"contentUrl\":\"https:\/\/www.csj-emballages.com\/wp-content\/uploads\/2023\/10\/logo_csj.webp\",\"width\":250,\"height\":95,\"caption\":\"CSJ Emballages\"},\"image\":{\"@id\":\"https:\/\/www.csj-emballages.com\/de\/#\/schema\/logo\/image\/\"},\"sameAs\":[\"https:\/\/www.facebook.com\/csjemballages\"],\"address\":{\"@type\":\"PostalAddress\",\"streetAddress\":\"ZI La Lechere\",\"addressLocality\":\"Patornay\",\"postalCode\":\"39130\",\"addressCountry\":\"FR\"},\"contactPoint\":[{\"@type\":\"ContactPoint\",\"contactType\":\"Service client\",\"telephone\":\"0384254272\",\"email\":\"contact@csj-emballages.com\"}]}]}<\/script>\n<!-- \/ Yoast SEO Premium plugin. -->","yoast_head_json":{"title":"Versiegelbare Schale mit Saugeinlage, 22 x 12,5 x 2,5 cm, 324 St\u00fcck","description":"Versiegelbare Schale mit Saugeinlage, 22 x 12,5 x 2,5 cm, 324 St\u00fcck. Ideal f\u00fcr Fleisch und Frischprodukte, saubere und hygienische Pr\u00e4sentation.","robots":{"index":"index","follow":"follow","max-snippet":"max-snippet:-1","max-image-preview":"max-image-preview:large","max-video-preview":"max-video-preview:-1"},"canonical":"https:\/\/www.csj-emballages.com\/de\/produit\/324-versiegelbare-schalen-mit-loeschpapier-22-x-125-x-25-cm\/","og_locale":"de_DE","og_type":"article","og_title":"Versiegelbare Schale mit Saugeinlage, 22 x 12,5 x 2,5 cm, 324 St\u00fcck","og_description":"Versiegelbare Schale mit Saugeinlage, 22 x 12,5 x 2,5 cm, 324 St\u00fcck. Ideal f\u00fcr Fleisch und Frischprodukte, saubere und hygienische Pr\u00e4sentation.","og_url":"https:\/\/www.csj-emballages.com\/de\/produit\/324-versiegelbare-schalen-mit-loeschpapier-22-x-125-x-25-cm\/","og_site_name":"CSJ Emballages","article_publisher":"https:\/\/www.facebook.com\/csjemballages","article_modified_time":"2026-03-26T01:12:23+00:00","og_image":[{"width":800,"height":800,"url":"https:\/\/www.csj-emballages.com\/wp-content\/uploads\/2024\/07\/C325SWCL.webp","type":"image\/webp"}],"twitter_card":"summary_large_image","twitter_misc":{"Gesch\u00e4tzte Lesezeit":"1\u00a0Minute"},"schema":{"@context":"https:\/\/schema.org","@graph":[{"@type":"WebPage","@id":"https:\/\/www.csj-emballages.com\/de\/produit\/324-versiegelbare-schalen-mit-loeschpapier-22-x-125-x-25-cm\/","url":"https:\/\/www.csj-emballages.com\/de\/produit\/324-versiegelbare-schalen-mit-loeschpapier-22-x-125-x-25-cm\/","name":"Versiegelbare Schale mit Saugeinlage, 22 x 12,5 x 2,5 cm, 324 St\u00fcck","isPartOf":{"@id":"https:\/\/www.csj-emballages.com\/de\/#website"},"primaryImageOfPage":{"@id":"https:\/\/www.csj-emballages.com\/de\/produit\/324-versiegelbare-schalen-mit-loeschpapier-22-x-125-x-25-cm\/#primaryimage"},"image":{"@id":"https:\/\/www.csj-emballages.com\/de\/produit\/324-versiegelbare-schalen-mit-loeschpapier-22-x-125-x-25-cm\/#primaryimage"},"thumbnailUrl":"https:\/\/www.csj-emballages.com\/wp-content\/uploads\/2024\/07\/C325SWCL.webp","datePublished":"2024-07-30T00:18:59+00:00","dateModified":"2026-03-26T01:12:23+00:00","description":"Versiegelbare Schale mit Saugeinlage, 22 x 12,5 x 2,5 cm, 324 St\u00fcck. Ideal f\u00fcr Fleisch und Frischprodukte, saubere und hygienische Pr\u00e4sentation.","breadcrumb":{"@id":"https:\/\/www.csj-emballages.com\/de\/produit\/324-versiegelbare-schalen-mit-loeschpapier-22-x-125-x-25-cm\/#breadcrumb"},"inLanguage":"de","potentialAction":[{"@type":"ReadAction","target":["https:\/\/www.csj-emballages.com\/de\/produit\/324-versiegelbare-schalen-mit-loeschpapier-22-x-125-x-25-cm\/"]}]},{"@type":"ImageObject","inLanguage":"de","@id":"https:\/\/www.csj-emballages.com\/de\/produit\/324-versiegelbare-schalen-mit-loeschpapier-22-x-125-x-25-cm\/#primaryimage","url":"https:\/\/www.csj-emballages.com\/wp-content\/uploads\/2024\/07\/C325SWCL.webp","contentUrl":"https:\/\/www.csj-emballages.com\/wp-content\/uploads\/2024\/07\/C325SWCL.webp","width":800,"height":800,"caption":"Barquette avec buvard"},{"@type":"BreadcrumbList","@id":"https:\/\/www.csj-emballages.com\/de\/produit\/324-versiegelbare-schalen-mit-loeschpapier-22-x-125-x-25-cm\/#breadcrumb","itemListElement":[{"@type":"ListItem","position":1,"name":"Accueil","item":"https:\/\/www.csj-emballages.com\/de\/universum-lebensmittelverpackungen\/"},{"@type":"ListItem","position":2,"name":"Shop","item":"https:\/\/www.csj-emballages.com\/shop\/"},{"@type":"ListItem","position":3,"name":"Versiegelbare Schale mit Saugeinlage, 22 x 12,5 x 2,5 cm, 324 St\u00fcck"}]},{"@type":"WebSite","@id":"https:\/\/www.csj-emballages.com\/de\/#website","url":"https:\/\/www.csj-emballages.com\/de\/","name":"CSJ Emballages","description":"","publisher":{"@id":"https:\/\/www.csj-emballages.com\/de\/#organization"},"potentialAction":[{"@type":"SearchAction","target":{"@type":"EntryPoint","urlTemplate":"https:\/\/www.csj-emballages.com\/de\/?s={search_term_string}"},"query-input":{"@type":"PropertyValueSpecification","valueRequired":true,"valueName":"search_term_string"}}],"inLanguage":"de"},{"@type":"Organization","@id":"https:\/\/www.csj-emballages.com\/de\/#Organization\/","name":"CSJ Emballages","url":"https:\/\/www.csj-emballages.com\/de\/","logo":{"@type":"ImageObject","inLanguage":"de","@id":"https:\/\/www.csj-emballages.com\/de\/#\/schema\/logo\/image\/","url":"https:\/\/www.csj-emballages.com\/wp-content\/uploads\/2023\/10\/logo_csj.webp","contentUrl":"https:\/\/www.csj-emballages.com\/wp-content\/uploads\/2023\/10\/logo_csj.webp","width":250,"height":95,"caption":"CSJ Emballages"},"image":{"@id":"https:\/\/www.csj-emballages.com\/de\/#\/schema\/logo\/image\/"},"sameAs":["https:\/\/www.facebook.com\/csjemballages"],"address":{"@type":"PostalAddress","streetAddress":"ZI La Lechere","addressLocality":"Patornay","postalCode":"39130","addressCountry":"FR"},"contactPoint":[{"@type":"ContactPoint","contactType":"Service client","telephone":"0384254272","email":"contact@csj-emballages.com"}]}]}},"df_price":30,"df_sale_price":30,"df_regular_price":60,"df_image_link":"https:\/\/www.csj-emballages.com\/wp-content\/uploads\/2024\/07\/C325SWCL-300x300.webp","tiered_pricing_type":"fixed","tiered_pricing_fixed_rules":[],"tiered_pricing_percentage_rules":[],"tiered_pricing_minimum":1,"tiered_pricing_roles_data":[],"_links":{"self":[{"href":"https:\/\/www.csj-emballages.com\/de\/wp-json\/wp\/v2\/product\/125888","targetHints":{"allow":["GET"]}}],"collection":[{"href":"https:\/\/www.csj-emballages.com\/de\/wp-json\/wp\/v2\/product"}],"about":[{"href":"https:\/\/www.csj-emballages.com\/de\/wp-json\/wp\/v2\/types\/product"}],"wp:featuredmedia":[{"embeddable":true,"href":"https:\/\/www.csj-emballages.com\/de\/wp-json\/wp\/v2\/media\/264214"}],"wp:attachment":[{"href":"https:\/\/www.csj-emballages.com\/de\/wp-json\/wp\/v2\/media?parent=125888"}],"wp:term":[{"taxonomy":"product_brand","embeddable":true,"href":"https:\/\/www.csj-emballages.com\/de\/wp-json\/wp\/v2\/product_brand?post=125888"},{"taxonomy":"product_cat","embeddable":true,"href":"https:\/\/www.csj-emballages.com\/de\/wp-json\/wp\/v2\/product_cat?post=125888"},{"taxonomy":"product_tag","embeddable":true,"href":"https:\/\/www.csj-emballages.com\/de\/wp-json\/wp\/v2\/product_tag?post=125888"}],"curies":[{"name":"wp","href":"https:\/\/api.w.org\/{rel}","templated":true}]}}