{"id":125869,"date":"2024-07-30T02:18:55","date_gmt":"2024-07-30T00:18:55","guid":{"rendered":"https:\/\/www.csj-emballages.com\/?post_type=product&#038;p=125869"},"modified":"2026-03-12T16:08:47","modified_gmt":"2026-03-12T15:08:47","slug":"70-aufschnittplatten-445-x-345-x-25","status":"publish","type":"product","link":"https:\/\/www.csj-emballages.com\/de\/produit\/70-aufschnittplatten-445-x-345-x-25\/","title":{"rendered":"Aufschnittplatte 44,5 x 34,5 x 2,5 cm pro 70"},"content":{"rendered":"<h2>Aufschnittplatte<\/h2>\n<hr>\n<h3>Entdecken Sie unsere Aufschnittplatte 44,5 x 34,5 x 2,5 cm pro 70<\/h3>\n<p><!--more--><\/p>\n<p data-start=\"237\" data-end=\"677\">Pr\u00e4sentieren Sie Ihre sch\u00f6nsten Zubereitungen elegant mit dieser <strong data-start=\"301\" data-end=\"345\">44,5 x 34,5 x 2,5 cm gro\u00dfen Aufschnittschale<\/strong> aus <strong data-start=\"349\" data-end=\"369\">wiederverwendbarem PET<\/strong>. Dieses <g id=\"gid_3\">Tablett<\/g> wurde f\u00fcr <g id=\"gid_2\">professionelle Gastronomen, Caterer und Metzger<\/g> entworfen und ist <g id=\"gid_4\">widerstandsf\u00e4hig, praktisch und \u00e4sthetisch<\/g>. Dank seiner gro\u00dfen Oberfl\u00e4che k\u00f6nnen Sie Ihre Wurst- und K\u00e4sesortimente, Rohkost oder Mignardises harmonisch anordnen.  <\/p>\n<p data-start=\"679\" data-end=\"1101\">Dieses Tablett ist aus <strong data-start=\"691\" data-end=\"705\">PET<\/strong> gefertigt und bietet selbst unter dem Gewicht der \u00fcppigsten Speisen einen ausgezeichneten Halt. Die <strong data-start=\"813\" data-end=\"841\">kristallklare schwarze Farbe<\/strong> hebt Ihre Produkte hervor und sorgt daf\u00fcr, dass sie bei Buffets, in Schaufenstern oder bei der Auslieferung <strong data-start=\"886\" data-end=\"904\">besser<\/strong> zur Geltung kommen. Da es mehrfach wiederverwendbar ist, stellt es eine <strong data-start=\"992\" data-end=\"1015\">nachhaltige Alternative<\/strong> zu Einwegtabletts dar und beh\u00e4lt dabei sein professionelles und hygienisches Aussehen.  <\/p>\n<p data-start=\"1103\" data-end=\"1466\">Dieses praktische <strong>Feinkosttablett<\/strong> eignet sich sowohl f\u00fcr den <strong data-start=\"1164\" data-end=\"1179\">kalten Gebrauch<\/strong> als auch f\u00fcr die Pr\u00e4sentation bei Raumtemperatur. Dank der <g id=\"gid_2\">leicht erh\u00f6hten R\u00e4nder<\/g> bleibt der Transport Ihrer Produkte sicher und ohne \u00dcberlaufrisiko. Au\u00dferdem spart das gro\u00dfz\u00fcgige Format von <strong>44,5 x 34,5 x 2,5 cm<\/strong> Zeit beim Aufstellen Ihrer Arrangements.  <\/p>\n<p data-start=\"1468\" data-end=\"1652\">Wenn Sie sich f\u00fcr diese <strong data-start=\"1486\" data-end=\"1519\">Aufschnittschale aus PET<\/strong> entscheiden, vereinen Sie <strong data-start=\"1533\" data-end=\"1568\">Qualit\u00e4t, Haltbarkeit und Eleganz<\/strong> und werten Ihre kulinarischen Kreationen mit einer praktischen und raffinierten Unterlage auf.<\/p>\n<p data-start=\"1468\" data-end=\"1652\"><!--more--><\/p>\n<h4 data-start=\"1468\" data-end=\"1652\">Vorteile :<\/h4>\n<ul>\n<li data-start=\"1690\" data-end=\"1747\">Aus <strong data-start=\"1693\" data-end=\"1713\">wiederverwendbarem PET<\/strong>: stabil, langlebig und umweltfreundlich.<\/li>\n<li data-start=\"1750\" data-end=\"1818\"><strong data-start=\"1750\" data-end=\"1769\">Gro\u00dfe Kapazit\u00e4t<\/strong>: ideal f\u00fcr Cateringplatten und Buffets.<\/li>\n<li data-start=\"1821\" data-end=\"1897\"><strong data-start=\"1821\" data-end=\"1849\">Schwarze Farbe <\/strong>f\u00fcr die perfekte Pr\u00e4sentation von Lebensmitteln.<\/li>\n<li data-start=\"1900\" data-end=\"1947\"><strong data-start=\"1900\" data-end=\"1919\">Gesicherte R\u00e4nder<\/strong> begrenzen das \u00dcberlaufen.<\/li>\n<li data-start=\"1950\" data-end=\"2018\"><strong data-start=\"1950\" data-end=\"1974\">Professionelles Format<\/strong>, das f\u00fcr alle Pr\u00e4sentationsbed\u00fcrfnisse geeignet ist.<\/li>\n<\/ul>\n<p>&nbsp;<\/p>\n<p><!--more--><\/p>\n<h4>Weitere Informationen :<\/h4>\n<ul>\n<li><strong>Verpackung<\/strong>: Karton mit 70 St\u00fcck<\/li>\n<li><strong>Ma\u00dfe<\/strong>: 44,5 x 34,5 x 2,5 cm<\/li>\n<li><strong>Material<\/strong>: PET<\/li>\n<li><strong>Farbe<\/strong>: Schwarz<\/li>\n<\/ul>\n<p>&nbsp;<\/p>\n<p><!--more--><\/p>\n<p><a href=\"https:\/\/www.csj-emballages.com\/de\/categorie-produit\/lebensmittelverpackungen\/lagerbestande-promotion\/\">Sehen Sie sich den Rest unserer Produkte im Angebot an.<\/a><\/p>\n","protected":false},"excerpt":{"rendered":"<p>Aufschnittplatte Entdecken Sie unsere Aufschnittplatte 44,5 x 34,5 x 2,5 cm pro 70<\/p>\n","protected":false},"featured_media":252476,"template":"","meta":{"_acf_changed":false},"product_brand":[],"product_cat":[1137,1265],"product_tag":[],"class_list":{"0":"post-125869","1":"product","2":"type-product","3":"status-publish","4":"has-post-thumbnail","6":"product_cat-lebensmittelverpackungen","7":"product_cat-lagerbestande-promotion","9":"first","10":"instock","11":"sale","12":"taxable","13":"shipping-taxable","14":"purchasable","15":"product-type-simple"},"acf":[],"yoast_head":"<!-- This site is optimized with the Yoast SEO Premium plugin v26.6 (Yoast SEO v26.6) - https:\/\/yoast.com\/wordpress\/plugins\/seo\/ -->\n<title>Wurstplatte 44,5 x 34,5 x 2,5 cm pro 70<\/title>\n<meta name=\"description\" content=\"Entscheiden Sie sich f\u00fcr die wiederverwendbare 44,5 x 34,5 x 2,5 Aufschnittplatte aus PET: robust, elegant und perfekt f\u00fcr Ihre Catering-Pr\u00e4sentationen. Set mit 70 St\u00fcck.\" \/>\n<meta name=\"robots\" content=\"index, follow, max-snippet:-1, max-image-preview:large, max-video-preview:-1\" \/>\n<link rel=\"canonical\" href=\"https:\/\/www.csj-emballages.com\/de\/produit\/70-aufschnittplatten-445-x-345-x-25\/\" \/>\n<meta property=\"og:locale\" content=\"de_DE\" \/>\n<meta property=\"og:type\" content=\"article\" \/>\n<meta property=\"og:title\" content=\"Aufschnittplatte 44,5 x 34,5 x 2,5 cm pro 70\" \/>\n<meta property=\"og:description\" content=\"Entscheiden Sie sich f\u00fcr die wiederverwendbare 44,5 x 34,5 x 2,5 Aufschnittplatte aus PET: robust, elegant und perfekt f\u00fcr Ihre Catering-Pr\u00e4sentationen. Set mit 70 St\u00fcck.\" \/>\n<meta property=\"og:url\" content=\"https:\/\/www.csj-emballages.com\/de\/produit\/70-aufschnittplatten-445-x-345-x-25\/\" \/>\n<meta property=\"og:site_name\" content=\"CSJ Emballages\" \/>\n<meta property=\"article:publisher\" content=\"https:\/\/www.facebook.com\/csjemballages\" \/>\n<meta property=\"article:modified_time\" content=\"2026-03-12T15:08:47+00:00\" \/>\n<meta property=\"og:image\" content=\"https:\/\/www.csj-emballages.com\/wp-content\/uploads\/2024\/07\/4030DX.webp\" \/>\n\t<meta property=\"og:image:width\" content=\"800\" \/>\n\t<meta property=\"og:image:height\" content=\"800\" \/>\n\t<meta property=\"og:image:type\" content=\"image\/webp\" \/>\n<meta name=\"twitter:card\" content=\"summary_large_image\" \/>\n<meta name=\"twitter:label1\" content=\"Gesch\u00e4tzte Lesezeit\" \/>\n\t<meta name=\"twitter:data1\" content=\"1\u00a0Minute\" \/>\n<script type=\"application\/ld+json\" class=\"yoast-schema-graph\">{\"@context\":\"https:\/\/schema.org\",\"@graph\":[{\"@type\":\"WebPage\",\"@id\":\"https:\/\/www.csj-emballages.com\/de\/produit\/70-aufschnittplatten-445-x-345-x-25\/\",\"url\":\"https:\/\/www.csj-emballages.com\/de\/produit\/70-aufschnittplatten-445-x-345-x-25\/\",\"name\":\"Wurstplatte 44,5 x 34,5 x 2,5 cm pro 70\",\"isPartOf\":{\"@id\":\"https:\/\/www.csj-emballages.com\/de\/#website\"},\"primaryImageOfPage\":{\"@id\":\"https:\/\/www.csj-emballages.com\/de\/produit\/70-aufschnittplatten-445-x-345-x-25\/#primaryimage\"},\"image\":{\"@id\":\"https:\/\/www.csj-emballages.com\/de\/produit\/70-aufschnittplatten-445-x-345-x-25\/#primaryimage\"},\"thumbnailUrl\":\"https:\/\/www.csj-emballages.com\/wp-content\/uploads\/2024\/07\/4030DX.webp\",\"datePublished\":\"2024-07-30T00:18:55+00:00\",\"dateModified\":\"2026-03-12T15:08:47+00:00\",\"description\":\"Entscheiden Sie sich f\u00fcr die wiederverwendbare 44,5 x 34,5 x 2,5 Aufschnittplatte aus PET: robust, elegant und perfekt f\u00fcr Ihre Catering-Pr\u00e4sentationen. Set mit 70 St\u00fcck.\",\"breadcrumb\":{\"@id\":\"https:\/\/www.csj-emballages.com\/de\/produit\/70-aufschnittplatten-445-x-345-x-25\/#breadcrumb\"},\"inLanguage\":\"de\",\"potentialAction\":[{\"@type\":\"ReadAction\",\"target\":[\"https:\/\/www.csj-emballages.com\/de\/produit\/70-aufschnittplatten-445-x-345-x-25\/\"]}]},{\"@type\":\"ImageObject\",\"inLanguage\":\"de\",\"@id\":\"https:\/\/www.csj-emballages.com\/de\/produit\/70-aufschnittplatten-445-x-345-x-25\/#primaryimage\",\"url\":\"https:\/\/www.csj-emballages.com\/wp-content\/uploads\/2024\/07\/4030DX.webp\",\"contentUrl\":\"https:\/\/www.csj-emballages.com\/wp-content\/uploads\/2024\/07\/4030DX.webp\",\"width\":800,\"height\":800,\"caption\":\"Plateau \u00e0 charcuteries\"},{\"@type\":\"BreadcrumbList\",\"@id\":\"https:\/\/www.csj-emballages.com\/de\/produit\/70-aufschnittplatten-445-x-345-x-25\/#breadcrumb\",\"itemListElement\":[{\"@type\":\"ListItem\",\"position\":1,\"name\":\"Accueil\",\"item\":\"https:\/\/www.csj-emballages.com\/de\/universum-lebensmittelverpackungen\/\"},{\"@type\":\"ListItem\",\"position\":2,\"name\":\"Shop\",\"item\":\"https:\/\/www.csj-emballages.com\/shop\/\"},{\"@type\":\"ListItem\",\"position\":3,\"name\":\"Aufschnittplatte 44,5 x 34,5 x 2,5 cm pro 70\"}]},{\"@type\":\"WebSite\",\"@id\":\"https:\/\/www.csj-emballages.com\/de\/#website\",\"url\":\"https:\/\/www.csj-emballages.com\/de\/\",\"name\":\"CSJ Emballages\",\"description\":\"\",\"publisher\":{\"@id\":\"https:\/\/www.csj-emballages.com\/de\/#organization\"},\"potentialAction\":[{\"@type\":\"SearchAction\",\"target\":{\"@type\":\"EntryPoint\",\"urlTemplate\":\"https:\/\/www.csj-emballages.com\/de\/?s={search_term_string}\"},\"query-input\":{\"@type\":\"PropertyValueSpecification\",\"valueRequired\":true,\"valueName\":\"search_term_string\"}}],\"inLanguage\":\"de\"},{\"@type\":\"Organization\",\"@id\":\"https:\/\/www.csj-emballages.com\/de\/#Organization\/\",\"name\":\"CSJ Emballages\",\"url\":\"https:\/\/www.csj-emballages.com\/de\/\",\"logo\":{\"@type\":\"ImageObject\",\"inLanguage\":\"de\",\"@id\":\"https:\/\/www.csj-emballages.com\/de\/#\/schema\/logo\/image\/\",\"url\":\"https:\/\/www.csj-emballages.com\/wp-content\/uploads\/2023\/10\/logo_csj.webp\",\"contentUrl\":\"https:\/\/www.csj-emballages.com\/wp-content\/uploads\/2023\/10\/logo_csj.webp\",\"width\":250,\"height\":95,\"caption\":\"CSJ Emballages\"},\"image\":{\"@id\":\"https:\/\/www.csj-emballages.com\/de\/#\/schema\/logo\/image\/\"},\"sameAs\":[\"https:\/\/www.facebook.com\/csjemballages\"],\"address\":{\"@type\":\"PostalAddress\",\"streetAddress\":\"ZI La Lechere\",\"addressLocality\":\"Patornay\",\"postalCode\":\"39130\",\"addressCountry\":\"FR\"},\"contactPoint\":[{\"@type\":\"ContactPoint\",\"contactType\":\"Service client\",\"telephone\":\"0384254272\",\"email\":\"contact@csj-emballages.com\"}]}]}<\/script>\n<!-- \/ Yoast SEO Premium plugin. -->","yoast_head_json":{"title":"Wurstplatte 44,5 x 34,5 x 2,5 cm pro 70","description":"Entscheiden Sie sich f\u00fcr die wiederverwendbare 44,5 x 34,5 x 2,5 Aufschnittplatte aus PET: robust, elegant und perfekt f\u00fcr Ihre Catering-Pr\u00e4sentationen. Set mit 70 St\u00fcck.","robots":{"index":"index","follow":"follow","max-snippet":"max-snippet:-1","max-image-preview":"max-image-preview:large","max-video-preview":"max-video-preview:-1"},"canonical":"https:\/\/www.csj-emballages.com\/de\/produit\/70-aufschnittplatten-445-x-345-x-25\/","og_locale":"de_DE","og_type":"article","og_title":"Aufschnittplatte 44,5 x 34,5 x 2,5 cm pro 70","og_description":"Entscheiden Sie sich f\u00fcr die wiederverwendbare 44,5 x 34,5 x 2,5 Aufschnittplatte aus PET: robust, elegant und perfekt f\u00fcr Ihre Catering-Pr\u00e4sentationen. Set mit 70 St\u00fcck.","og_url":"https:\/\/www.csj-emballages.com\/de\/produit\/70-aufschnittplatten-445-x-345-x-25\/","og_site_name":"CSJ Emballages","article_publisher":"https:\/\/www.facebook.com\/csjemballages","article_modified_time":"2026-03-12T15:08:47+00:00","og_image":[{"width":800,"height":800,"url":"https:\/\/www.csj-emballages.com\/wp-content\/uploads\/2024\/07\/4030DX.webp","type":"image\/webp"}],"twitter_card":"summary_large_image","twitter_misc":{"Gesch\u00e4tzte Lesezeit":"1\u00a0Minute"},"schema":{"@context":"https:\/\/schema.org","@graph":[{"@type":"WebPage","@id":"https:\/\/www.csj-emballages.com\/de\/produit\/70-aufschnittplatten-445-x-345-x-25\/","url":"https:\/\/www.csj-emballages.com\/de\/produit\/70-aufschnittplatten-445-x-345-x-25\/","name":"Wurstplatte 44,5 x 34,5 x 2,5 cm pro 70","isPartOf":{"@id":"https:\/\/www.csj-emballages.com\/de\/#website"},"primaryImageOfPage":{"@id":"https:\/\/www.csj-emballages.com\/de\/produit\/70-aufschnittplatten-445-x-345-x-25\/#primaryimage"},"image":{"@id":"https:\/\/www.csj-emballages.com\/de\/produit\/70-aufschnittplatten-445-x-345-x-25\/#primaryimage"},"thumbnailUrl":"https:\/\/www.csj-emballages.com\/wp-content\/uploads\/2024\/07\/4030DX.webp","datePublished":"2024-07-30T00:18:55+00:00","dateModified":"2026-03-12T15:08:47+00:00","description":"Entscheiden Sie sich f\u00fcr die wiederverwendbare 44,5 x 34,5 x 2,5 Aufschnittplatte aus PET: robust, elegant und perfekt f\u00fcr Ihre Catering-Pr\u00e4sentationen. Set mit 70 St\u00fcck.","breadcrumb":{"@id":"https:\/\/www.csj-emballages.com\/de\/produit\/70-aufschnittplatten-445-x-345-x-25\/#breadcrumb"},"inLanguage":"de","potentialAction":[{"@type":"ReadAction","target":["https:\/\/www.csj-emballages.com\/de\/produit\/70-aufschnittplatten-445-x-345-x-25\/"]}]},{"@type":"ImageObject","inLanguage":"de","@id":"https:\/\/www.csj-emballages.com\/de\/produit\/70-aufschnittplatten-445-x-345-x-25\/#primaryimage","url":"https:\/\/www.csj-emballages.com\/wp-content\/uploads\/2024\/07\/4030DX.webp","contentUrl":"https:\/\/www.csj-emballages.com\/wp-content\/uploads\/2024\/07\/4030DX.webp","width":800,"height":800,"caption":"Plateau \u00e0 charcuteries"},{"@type":"BreadcrumbList","@id":"https:\/\/www.csj-emballages.com\/de\/produit\/70-aufschnittplatten-445-x-345-x-25\/#breadcrumb","itemListElement":[{"@type":"ListItem","position":1,"name":"Accueil","item":"https:\/\/www.csj-emballages.com\/de\/universum-lebensmittelverpackungen\/"},{"@type":"ListItem","position":2,"name":"Shop","item":"https:\/\/www.csj-emballages.com\/shop\/"},{"@type":"ListItem","position":3,"name":"Aufschnittplatte 44,5 x 34,5 x 2,5 cm pro 70"}]},{"@type":"WebSite","@id":"https:\/\/www.csj-emballages.com\/de\/#website","url":"https:\/\/www.csj-emballages.com\/de\/","name":"CSJ Emballages","description":"","publisher":{"@id":"https:\/\/www.csj-emballages.com\/de\/#organization"},"potentialAction":[{"@type":"SearchAction","target":{"@type":"EntryPoint","urlTemplate":"https:\/\/www.csj-emballages.com\/de\/?s={search_term_string}"},"query-input":{"@type":"PropertyValueSpecification","valueRequired":true,"valueName":"search_term_string"}}],"inLanguage":"de"},{"@type":"Organization","@id":"https:\/\/www.csj-emballages.com\/de\/#Organization\/","name":"CSJ Emballages","url":"https:\/\/www.csj-emballages.com\/de\/","logo":{"@type":"ImageObject","inLanguage":"de","@id":"https:\/\/www.csj-emballages.com\/de\/#\/schema\/logo\/image\/","url":"https:\/\/www.csj-emballages.com\/wp-content\/uploads\/2023\/10\/logo_csj.webp","contentUrl":"https:\/\/www.csj-emballages.com\/wp-content\/uploads\/2023\/10\/logo_csj.webp","width":250,"height":95,"caption":"CSJ Emballages"},"image":{"@id":"https:\/\/www.csj-emballages.com\/de\/#\/schema\/logo\/image\/"},"sameAs":["https:\/\/www.facebook.com\/csjemballages"],"address":{"@type":"PostalAddress","streetAddress":"ZI La Lechere","addressLocality":"Patornay","postalCode":"39130","addressCountry":"FR"},"contactPoint":[{"@type":"ContactPoint","contactType":"Service client","telephone":"0384254272","email":"contact@csj-emballages.com"}]}]}},"df_price":51,"df_sale_price":51,"df_regular_price":60,"df_image_link":"https:\/\/www.csj-emballages.com\/wp-content\/uploads\/2024\/07\/4030DX-300x300.webp","tiered_pricing_type":"fixed","tiered_pricing_fixed_rules":[],"tiered_pricing_percentage_rules":[],"tiered_pricing_minimum":1,"tiered_pricing_roles_data":[],"_links":{"self":[{"href":"https:\/\/www.csj-emballages.com\/de\/wp-json\/wp\/v2\/product\/125869","targetHints":{"allow":["GET"]}}],"collection":[{"href":"https:\/\/www.csj-emballages.com\/de\/wp-json\/wp\/v2\/product"}],"about":[{"href":"https:\/\/www.csj-emballages.com\/de\/wp-json\/wp\/v2\/types\/product"}],"wp:featuredmedia":[{"embeddable":true,"href":"https:\/\/www.csj-emballages.com\/de\/wp-json\/wp\/v2\/media\/252476"}],"wp:attachment":[{"href":"https:\/\/www.csj-emballages.com\/de\/wp-json\/wp\/v2\/media?parent=125869"}],"wp:term":[{"taxonomy":"product_brand","embeddable":true,"href":"https:\/\/www.csj-emballages.com\/de\/wp-json\/wp\/v2\/product_brand?post=125869"},{"taxonomy":"product_cat","embeddable":true,"href":"https:\/\/www.csj-emballages.com\/de\/wp-json\/wp\/v2\/product_cat?post=125869"},{"taxonomy":"product_tag","embeddable":true,"href":"https:\/\/www.csj-emballages.com\/de\/wp-json\/wp\/v2\/product_tag?post=125869"}],"curies":[{"name":"wp","href":"https:\/\/api.w.org\/{rel}","templated":true}]}}