{"id":125860,"date":"2024-07-30T02:18:47","date_gmt":"2024-07-30T00:18:47","guid":{"rendered":"https:\/\/www.csj-emballages.com\/?post_type=product&#038;p=125860"},"modified":"2026-03-12T16:04:04","modified_gmt":"2026-03-12T15:04:04","slug":"280-scharnierschachteln-fur-geback-25-x-13-x-6-cm","status":"publish","type":"product","link":"https:\/\/www.csj-emballages.com\/de\/produit\/280-scharnierschachteln-fur-geback-25-x-13-x-6-cm\/","title":{"rendered":"Klappbox f\u00fcr Geb\u00e4ck 25 x 13 x 6 cm, 280 St\u00fcck"},"content":{"rendered":"<h2>Klappbox<\/h2>\n<hr>\n<h3>Entdecken Sie unsere Klappbox f\u00fcr Geb\u00e4ck 25 x 13 x 6 cm, 280 St\u00fcck<\/h3>\n<p><!--more--><\/p>\n<p data-start=\"200\" data-end=\"500\">Die <strong>Klappbox f\u00fcr Geb\u00e4ck 25 x 13 x 6 cm<\/strong> ist ideal, um Ihre s\u00fc\u00dfen Kreationen beim Au\u00dfer-Haus-Verkauf zu sch\u00fctzen und zu pr\u00e4sentieren. Aus transparentem Kunststoff gefertigt, setzt sie die optische Wirkung Ihrer Desserts perfekt in Szene und gew\u00e4hrleistet gleichzeitig optimalen Schutz w\u00e4hrend des Transports. <\/p>\n<p data-start=\"502\" data-end=\"780\">Mit ihren <strong>Ma\u00dfen 25 x 13 x 6 cm<\/strong> eignet sie sich perfekt f\u00fcr <strong>Eclairs, Millefeuilles, Kuchenst\u00fccke, rechteckige Torten<\/strong>, <strong>flache Tartes oder Sortimente einzelner Geb\u00e4ckst\u00fccke<\/strong>. Ihre H\u00f6he von <strong>6 cm<\/strong> erm\u00f6glicht es, Dekorationen und Glasuren zu bewahren, ohne sie zu zerdr\u00fccken. <\/p>\n<p data-start=\"782\" data-end=\"1021\">Ihr integriertes <strong>Scharniersystem<\/strong> erleichtert das \u00d6ffnen und Schlie\u00dfen und garantiert gleichzeitig einen zuverl\u00e4ssigen Halt. Robust und stabil sch\u00fctzt sie Ihre Zubereitungen wirksam vor St\u00f6\u00dfen und Handhabung im Gesch\u00e4ft oder bei der Lieferung. <\/p>\n<p data-start=\"1023\" data-end=\"1253\">Transparent und elegant wertet sie Ihre Produkte in der Auslage sofort auf. Im Gebinde von <strong>280 Einheiten<\/strong> verpackt, erf\u00fcllt diese Box perfekt die Anforderungen von B\u00e4ckereien, Konditoreien, Caterern und Produktionsst\u00e4tten mit hohem Volumen. <\/p>\n<p data-start=\"1023\" data-end=\"1253\"><!--more--><\/p>\n<h4 data-start=\"1023\" data-end=\"1253\">Vorteile :<\/h4>\n<ul>\n<li data-start=\"1292\" data-end=\"1354\">Ma\u00dfe <strong>25 x 13 x 6 cm<\/strong>, geeignet f\u00fcr l\u00e4ngliche Geb\u00e4ckst\u00fccke.<\/li>\n<li data-start=\"1357\" data-end=\"1402\">Transparenter Kunststoff zur Aufwertung des Produkts.<\/li>\n<li data-start=\"1405\" data-end=\"1436\"><strong>Klappdeckel<\/strong> integriert.<\/li>\n<li data-start=\"1439\" data-end=\"1475\">Guter Schutz beim Transport.<\/li>\n<li data-start=\"1478\" data-end=\"1516\">Bewahrt Dekorationen und Glasuren.<\/li>\n<li data-start=\"1519\" data-end=\"1571\">Ideal f\u00fcr Eclairs, Torten und Kuchenst\u00fccke.<\/li>\n<li data-start=\"1574\" data-end=\"1610\">Gebinde \u00e0 <strong>280<\/strong> St\u00fcck.<\/li>\n<\/ul>\n<p>&nbsp;<\/p>\n<p><!--more--><\/p>\n<h4>Weitere Informationen :<\/h4>\n<ul>\n<li><strong>Verpackung<\/strong>: Karton mit 280<\/li>\n<li><strong>Ma\u00dfe<\/strong>: 25 x 13 x 6 cm<\/li>\n<li><strong>Farbe<\/strong>: Transparent<\/li>\n<li><strong>Material<\/strong>: PET<\/li>\n<\/ul>\n<p>&nbsp;<\/p>\n<p><!--more--><\/p>\n<p><a href=\"https:\/\/www.csj-emballages.com\/de\/categorie-produit\/lebensmittelverpackungen\/backerei-und-konditorei\/schachteln-und-etuis\/gebackschachteln\/scharnierschachtel-fur-geback\/\">Entdecken Sie den Rest unseres Sortiments an Geb\u00e4ckboxen f\u00fcr Viennoiserie<\/a><\/p>\n","protected":false},"excerpt":{"rendered":"<p>Klappbox Entdecken Sie unsere Klappbox f\u00fcr Geb\u00e4ck 25 x 13 x 6 cm, 280 St\u00fcck<\/p>\n","protected":false},"featured_media":265126,"template":"","meta":{"_acf_changed":false},"product_brand":[],"product_cat":[1137,1171,3964,1256,6581],"product_tag":[],"class_list":{"0":"post-125860","1":"product","2":"type-product","3":"status-publish","4":"has-post-thumbnail","6":"product_cat-lebensmittelverpackungen","7":"product_cat-backerei-und-konditorei","8":"product_cat-schachteln-und-etuis","9":"product_cat-gebackschachteln","10":"product_cat-scharnierschachtel-fur-geback","12":"first","13":"instock","14":"taxable","15":"shipping-taxable","16":"purchasable","17":"product-type-simple"},"acf":[],"yoast_head":"<!-- This site is optimized with the Yoast SEO Premium plugin v26.6 (Yoast SEO v26.6) - https:\/\/yoast.com\/wordpress\/plugins\/seo\/ -->\n<title>Klappbox f\u00fcr Geb\u00e4ck 25 x 13 x 6 cm, 280 St\u00fcck<\/title>\n<meta name=\"description\" content=\"Klappbox f\u00fcr Geb\u00e4ck 25 x 13 x 6 cm, 280 St\u00fcck. Ideal f\u00fcr Eclairs und Torten, transparent und stabil f\u00fcr den Au\u00dfer-Haus-Verkauf.\" \/>\n<meta name=\"robots\" content=\"index, follow, max-snippet:-1, max-image-preview:large, max-video-preview:-1\" \/>\n<link rel=\"canonical\" href=\"https:\/\/www.csj-emballages.com\/de\/produit\/280-scharnierschachteln-fur-geback-25-x-13-x-6-cm\/\" \/>\n<meta property=\"og:locale\" content=\"de_DE\" \/>\n<meta property=\"og:type\" content=\"article\" \/>\n<meta property=\"og:title\" content=\"Klappbox f\u00fcr Geb\u00e4ck 25 x 13 x 6 cm, 280 St\u00fcck\" \/>\n<meta property=\"og:description\" content=\"Klappbox f\u00fcr Geb\u00e4ck 25 x 13 x 6 cm, 280 St\u00fcck. Ideal f\u00fcr Eclairs und Torten, transparent und stabil f\u00fcr den Au\u00dfer-Haus-Verkauf.\" \/>\n<meta property=\"og:url\" content=\"https:\/\/www.csj-emballages.com\/de\/produit\/280-scharnierschachteln-fur-geback-25-x-13-x-6-cm\/\" \/>\n<meta property=\"og:site_name\" content=\"CSJ Emballages\" \/>\n<meta property=\"article:publisher\" content=\"https:\/\/www.facebook.com\/csjemballages\" \/>\n<meta property=\"article:modified_time\" content=\"2026-03-12T15:04:04+00:00\" \/>\n<meta property=\"og:image\" content=\"https:\/\/www.csj-emballages.com\/wp-content\/uploads\/2024\/07\/112BP65.webp\" \/>\n\t<meta property=\"og:image:width\" content=\"800\" \/>\n\t<meta property=\"og:image:height\" content=\"800\" \/>\n\t<meta property=\"og:image:type\" content=\"image\/webp\" \/>\n<meta name=\"twitter:card\" content=\"summary_large_image\" \/>\n<meta name=\"twitter:label1\" content=\"Gesch\u00e4tzte Lesezeit\" \/>\n\t<meta name=\"twitter:data1\" content=\"1\u00a0Minute\" \/>\n<script type=\"application\/ld+json\" class=\"yoast-schema-graph\">{\"@context\":\"https:\/\/schema.org\",\"@graph\":[{\"@type\":\"WebPage\",\"@id\":\"https:\/\/www.csj-emballages.com\/de\/produit\/280-scharnierschachteln-fur-geback-25-x-13-x-6-cm\/\",\"url\":\"https:\/\/www.csj-emballages.com\/de\/produit\/280-scharnierschachteln-fur-geback-25-x-13-x-6-cm\/\",\"name\":\"Klappbox f\u00fcr Geb\u00e4ck 25 x 13 x 6 cm, 280 St\u00fcck\",\"isPartOf\":{\"@id\":\"https:\/\/www.csj-emballages.com\/de\/#website\"},\"primaryImageOfPage\":{\"@id\":\"https:\/\/www.csj-emballages.com\/de\/produit\/280-scharnierschachteln-fur-geback-25-x-13-x-6-cm\/#primaryimage\"},\"image\":{\"@id\":\"https:\/\/www.csj-emballages.com\/de\/produit\/280-scharnierschachteln-fur-geback-25-x-13-x-6-cm\/#primaryimage\"},\"thumbnailUrl\":\"https:\/\/www.csj-emballages.com\/wp-content\/uploads\/2024\/07\/112BP65.webp\",\"datePublished\":\"2024-07-30T00:18:47+00:00\",\"dateModified\":\"2026-03-12T15:04:04+00:00\",\"description\":\"Klappbox f\u00fcr Geb\u00e4ck 25 x 13 x 6 cm, 280 St\u00fcck. Ideal f\u00fcr Eclairs und Torten, transparent und stabil f\u00fcr den Au\u00dfer-Haus-Verkauf.\",\"breadcrumb\":{\"@id\":\"https:\/\/www.csj-emballages.com\/de\/produit\/280-scharnierschachteln-fur-geback-25-x-13-x-6-cm\/#breadcrumb\"},\"inLanguage\":\"de\",\"potentialAction\":[{\"@type\":\"ReadAction\",\"target\":[\"https:\/\/www.csj-emballages.com\/de\/produit\/280-scharnierschachteln-fur-geback-25-x-13-x-6-cm\/\"]}]},{\"@type\":\"ImageObject\",\"inLanguage\":\"de\",\"@id\":\"https:\/\/www.csj-emballages.com\/de\/produit\/280-scharnierschachteln-fur-geback-25-x-13-x-6-cm\/#primaryimage\",\"url\":\"https:\/\/www.csj-emballages.com\/wp-content\/uploads\/2024\/07\/112BP65.webp\",\"contentUrl\":\"https:\/\/www.csj-emballages.com\/wp-content\/uploads\/2024\/07\/112BP65.webp\",\"width\":800,\"height\":800,\"caption\":\"Boite \u00e0 charni\u00e8re\"},{\"@type\":\"BreadcrumbList\",\"@id\":\"https:\/\/www.csj-emballages.com\/de\/produit\/280-scharnierschachteln-fur-geback-25-x-13-x-6-cm\/#breadcrumb\",\"itemListElement\":[{\"@type\":\"ListItem\",\"position\":1,\"name\":\"Accueil\",\"item\":\"https:\/\/www.csj-emballages.com\/de\/universum-lebensmittelverpackungen\/\"},{\"@type\":\"ListItem\",\"position\":2,\"name\":\"Shop\",\"item\":\"https:\/\/www.csj-emballages.com\/shop\/\"},{\"@type\":\"ListItem\",\"position\":3,\"name\":\"Klappbox f\u00fcr Geb\u00e4ck 25 x 13 x 6 cm, 280 St\u00fcck\"}]},{\"@type\":\"WebSite\",\"@id\":\"https:\/\/www.csj-emballages.com\/de\/#website\",\"url\":\"https:\/\/www.csj-emballages.com\/de\/\",\"name\":\"CSJ Emballages\",\"description\":\"\",\"publisher\":{\"@id\":\"https:\/\/www.csj-emballages.com\/de\/#organization\"},\"potentialAction\":[{\"@type\":\"SearchAction\",\"target\":{\"@type\":\"EntryPoint\",\"urlTemplate\":\"https:\/\/www.csj-emballages.com\/de\/?s={search_term_string}\"},\"query-input\":{\"@type\":\"PropertyValueSpecification\",\"valueRequired\":true,\"valueName\":\"search_term_string\"}}],\"inLanguage\":\"de\"},{\"@type\":\"Organization\",\"@id\":\"https:\/\/www.csj-emballages.com\/de\/#Organization\/\",\"name\":\"CSJ Emballages\",\"url\":\"https:\/\/www.csj-emballages.com\/de\/\",\"logo\":{\"@type\":\"ImageObject\",\"inLanguage\":\"de\",\"@id\":\"https:\/\/www.csj-emballages.com\/de\/#\/schema\/logo\/image\/\",\"url\":\"https:\/\/www.csj-emballages.com\/wp-content\/uploads\/2023\/10\/logo_csj.webp\",\"contentUrl\":\"https:\/\/www.csj-emballages.com\/wp-content\/uploads\/2023\/10\/logo_csj.webp\",\"width\":250,\"height\":95,\"caption\":\"CSJ Emballages\"},\"image\":{\"@id\":\"https:\/\/www.csj-emballages.com\/de\/#\/schema\/logo\/image\/\"},\"sameAs\":[\"https:\/\/www.facebook.com\/csjemballages\"],\"address\":{\"@type\":\"PostalAddress\",\"streetAddress\":\"ZI La Lechere\",\"addressLocality\":\"Patornay\",\"postalCode\":\"39130\",\"addressCountry\":\"FR\"},\"contactPoint\":[{\"@type\":\"ContactPoint\",\"contactType\":\"Service client\",\"telephone\":\"0384254272\",\"email\":\"contact@csj-emballages.com\"}]}]}<\/script>\n<!-- \/ Yoast SEO Premium plugin. -->","yoast_head_json":{"title":"Klappbox f\u00fcr Geb\u00e4ck 25 x 13 x 6 cm, 280 St\u00fcck","description":"Klappbox f\u00fcr Geb\u00e4ck 25 x 13 x 6 cm, 280 St\u00fcck. Ideal f\u00fcr Eclairs und Torten, transparent und stabil f\u00fcr den Au\u00dfer-Haus-Verkauf.","robots":{"index":"index","follow":"follow","max-snippet":"max-snippet:-1","max-image-preview":"max-image-preview:large","max-video-preview":"max-video-preview:-1"},"canonical":"https:\/\/www.csj-emballages.com\/de\/produit\/280-scharnierschachteln-fur-geback-25-x-13-x-6-cm\/","og_locale":"de_DE","og_type":"article","og_title":"Klappbox f\u00fcr Geb\u00e4ck 25 x 13 x 6 cm, 280 St\u00fcck","og_description":"Klappbox f\u00fcr Geb\u00e4ck 25 x 13 x 6 cm, 280 St\u00fcck. Ideal f\u00fcr Eclairs und Torten, transparent und stabil f\u00fcr den Au\u00dfer-Haus-Verkauf.","og_url":"https:\/\/www.csj-emballages.com\/de\/produit\/280-scharnierschachteln-fur-geback-25-x-13-x-6-cm\/","og_site_name":"CSJ Emballages","article_publisher":"https:\/\/www.facebook.com\/csjemballages","article_modified_time":"2026-03-12T15:04:04+00:00","og_image":[{"width":800,"height":800,"url":"https:\/\/www.csj-emballages.com\/wp-content\/uploads\/2024\/07\/112BP65.webp","type":"image\/webp"}],"twitter_card":"summary_large_image","twitter_misc":{"Gesch\u00e4tzte Lesezeit":"1\u00a0Minute"},"schema":{"@context":"https:\/\/schema.org","@graph":[{"@type":"WebPage","@id":"https:\/\/www.csj-emballages.com\/de\/produit\/280-scharnierschachteln-fur-geback-25-x-13-x-6-cm\/","url":"https:\/\/www.csj-emballages.com\/de\/produit\/280-scharnierschachteln-fur-geback-25-x-13-x-6-cm\/","name":"Klappbox f\u00fcr Geb\u00e4ck 25 x 13 x 6 cm, 280 St\u00fcck","isPartOf":{"@id":"https:\/\/www.csj-emballages.com\/de\/#website"},"primaryImageOfPage":{"@id":"https:\/\/www.csj-emballages.com\/de\/produit\/280-scharnierschachteln-fur-geback-25-x-13-x-6-cm\/#primaryimage"},"image":{"@id":"https:\/\/www.csj-emballages.com\/de\/produit\/280-scharnierschachteln-fur-geback-25-x-13-x-6-cm\/#primaryimage"},"thumbnailUrl":"https:\/\/www.csj-emballages.com\/wp-content\/uploads\/2024\/07\/112BP65.webp","datePublished":"2024-07-30T00:18:47+00:00","dateModified":"2026-03-12T15:04:04+00:00","description":"Klappbox f\u00fcr Geb\u00e4ck 25 x 13 x 6 cm, 280 St\u00fcck. Ideal f\u00fcr Eclairs und Torten, transparent und stabil f\u00fcr den Au\u00dfer-Haus-Verkauf.","breadcrumb":{"@id":"https:\/\/www.csj-emballages.com\/de\/produit\/280-scharnierschachteln-fur-geback-25-x-13-x-6-cm\/#breadcrumb"},"inLanguage":"de","potentialAction":[{"@type":"ReadAction","target":["https:\/\/www.csj-emballages.com\/de\/produit\/280-scharnierschachteln-fur-geback-25-x-13-x-6-cm\/"]}]},{"@type":"ImageObject","inLanguage":"de","@id":"https:\/\/www.csj-emballages.com\/de\/produit\/280-scharnierschachteln-fur-geback-25-x-13-x-6-cm\/#primaryimage","url":"https:\/\/www.csj-emballages.com\/wp-content\/uploads\/2024\/07\/112BP65.webp","contentUrl":"https:\/\/www.csj-emballages.com\/wp-content\/uploads\/2024\/07\/112BP65.webp","width":800,"height":800,"caption":"Boite \u00e0 charni\u00e8re"},{"@type":"BreadcrumbList","@id":"https:\/\/www.csj-emballages.com\/de\/produit\/280-scharnierschachteln-fur-geback-25-x-13-x-6-cm\/#breadcrumb","itemListElement":[{"@type":"ListItem","position":1,"name":"Accueil","item":"https:\/\/www.csj-emballages.com\/de\/universum-lebensmittelverpackungen\/"},{"@type":"ListItem","position":2,"name":"Shop","item":"https:\/\/www.csj-emballages.com\/shop\/"},{"@type":"ListItem","position":3,"name":"Klappbox f\u00fcr Geb\u00e4ck 25 x 13 x 6 cm, 280 St\u00fcck"}]},{"@type":"WebSite","@id":"https:\/\/www.csj-emballages.com\/de\/#website","url":"https:\/\/www.csj-emballages.com\/de\/","name":"CSJ Emballages","description":"","publisher":{"@id":"https:\/\/www.csj-emballages.com\/de\/#organization"},"potentialAction":[{"@type":"SearchAction","target":{"@type":"EntryPoint","urlTemplate":"https:\/\/www.csj-emballages.com\/de\/?s={search_term_string}"},"query-input":{"@type":"PropertyValueSpecification","valueRequired":true,"valueName":"search_term_string"}}],"inLanguage":"de"},{"@type":"Organization","@id":"https:\/\/www.csj-emballages.com\/de\/#Organization\/","name":"CSJ Emballages","url":"https:\/\/www.csj-emballages.com\/de\/","logo":{"@type":"ImageObject","inLanguage":"de","@id":"https:\/\/www.csj-emballages.com\/de\/#\/schema\/logo\/image\/","url":"https:\/\/www.csj-emballages.com\/wp-content\/uploads\/2023\/10\/logo_csj.webp","contentUrl":"https:\/\/www.csj-emballages.com\/wp-content\/uploads\/2023\/10\/logo_csj.webp","width":250,"height":95,"caption":"CSJ Emballages"},"image":{"@id":"https:\/\/www.csj-emballages.com\/de\/#\/schema\/logo\/image\/"},"sameAs":["https:\/\/www.facebook.com\/csjemballages"],"address":{"@type":"PostalAddress","streetAddress":"ZI La Lechere","addressLocality":"Patornay","postalCode":"39130","addressCountry":"FR"},"contactPoint":[{"@type":"ContactPoint","contactType":"Service client","telephone":"0384254272","email":"contact@csj-emballages.com"}]}]}},"df_price":60,"df_sale_price":"","df_regular_price":60,"df_image_link":"https:\/\/www.csj-emballages.com\/wp-content\/uploads\/2024\/07\/112BP65-300x300.webp","tiered_pricing_type":"fixed","tiered_pricing_fixed_rules":[],"tiered_pricing_percentage_rules":[],"tiered_pricing_minimum":1,"tiered_pricing_roles_data":[],"_links":{"self":[{"href":"https:\/\/www.csj-emballages.com\/de\/wp-json\/wp\/v2\/product\/125860","targetHints":{"allow":["GET"]}}],"collection":[{"href":"https:\/\/www.csj-emballages.com\/de\/wp-json\/wp\/v2\/product"}],"about":[{"href":"https:\/\/www.csj-emballages.com\/de\/wp-json\/wp\/v2\/types\/product"}],"wp:featuredmedia":[{"embeddable":true,"href":"https:\/\/www.csj-emballages.com\/de\/wp-json\/wp\/v2\/media\/265126"}],"wp:attachment":[{"href":"https:\/\/www.csj-emballages.com\/de\/wp-json\/wp\/v2\/media?parent=125860"}],"wp:term":[{"taxonomy":"product_brand","embeddable":true,"href":"https:\/\/www.csj-emballages.com\/de\/wp-json\/wp\/v2\/product_brand?post=125860"},{"taxonomy":"product_cat","embeddable":true,"href":"https:\/\/www.csj-emballages.com\/de\/wp-json\/wp\/v2\/product_cat?post=125860"},{"taxonomy":"product_tag","embeddable":true,"href":"https:\/\/www.csj-emballages.com\/de\/wp-json\/wp\/v2\/product_tag?post=125860"}],"curies":[{"name":"wp","href":"https:\/\/api.w.org\/{rel}","templated":true}]}}