{"id":125859,"date":"2024-07-30T02:18:49","date_gmt":"2024-07-30T00:18:49","guid":{"rendered":"https:\/\/www.csj-emballages.com\/produit\/300-aufklappbare-schachteln-fuer-gebaeck-22-x-14-x-5-cm\/"},"modified":"2026-03-12T16:05:19","modified_gmt":"2026-03-12T15:05:19","slug":"300-aufklappbare-schachteln-fuer-gebaeck-22-x-14-x-5-cm","status":"publish","type":"product","link":"https:\/\/www.csj-emballages.com\/de\/produit\/300-aufklappbare-schachteln-fuer-gebaeck-22-x-14-x-5-cm\/","title":{"rendered":"Schachtel f\u00fcr Wiener Geb\u00e4ck Kristall 22 x 14 x 5 cm per 300"},"content":{"rendered":"<h2>Konditoreidose aus Kunststoff<\/h2>\n<hr>\n<h3>Beschreibung unserer Plastikdose f\u00fcr Geb\u00e4ck 22 x 14 x 5 cm pro 300 St\u00fcck<\/h3>\n<p><!--more--><\/p>\n<div>Mit dieser <strong>Konditoreidose aus Hartplastik<\/strong> k\u00f6nnen Sie Ihren s\u00fc\u00dfen Kreationen eine elegante Pr\u00e4sentation und optimalen Schutz bieten. Diese Box wurde f\u00fcr professionelle Konditoren, B\u00e4cker, Caterer oder auch f\u00fcr Privatpersonen mit einer Leidenschaft f\u00fcr Desserts konzipiert und vereint Praktikabilit\u00e4t, \u00c4sthetik und Hygiene. Mit ihren <strong>gro\u00dfz\u00fcgigen Abmessungen von 22 x 14 x 5 cm<\/strong> eignet sie sich perfekt f\u00fcr ein einzelnes Geb\u00e4ck, mehrere kleine Kuchen, Desserts oder Tortenst\u00fccke. Der durchsichtige Deckel bringt Ihre Werke zur Geltung und sch\u00fctzt sie gleichzeitig vor St\u00f6\u00dfen, Feuchtigkeit und Manipulationen. Sie ist stapelbar, leicht und widerstandsf\u00e4hig und eignet sich ideal f\u00fcr Take-aways, Buffets oder Veranstaltungen.    <\/div>\n<div>\n<p data-start=\"1012\" data-end=\"1284\">Diese Box ist <strong data-start=\"1012\" data-end=\"1032\">sofort einsatzbereit<\/strong>, spart Ihnen Zeit bei der Vorbereitung und verleiht Ihren Pr\u00e4sentationen ein <strong data-start=\"1112\" data-end=\"1137\">professionelles Image<\/strong>. Denn die Packung mit <strong>300<\/strong> St\u00fcck eignet sich sowohl f\u00fcr den t\u00e4glichen Bedarf von Handwerkern als auch f\u00fcr gro\u00dfe Veranstaltungsproduktionen.<\/p>\n<\/div>\n<p>&nbsp;<\/p>\n<p><!--more--><\/p>\n<h4>Ihre Vorteile :<\/h4>\n<ul>\n<li><strong>Sichtbarkeit<\/strong>: Der transparente Kunststoff hebt Ihre Kreationen hervor und zieht die Blicke der Kunden auf sich.<\/li>\n<li><strong>Wiederverwendbar<\/strong>: Sie sind leicht zu reinigen und k\u00f6nnen mehrfach verwendet werden, was den Abfall reduziert.<\/li>\n<li><strong>Ideale Gr\u00f6\u00dfe<\/strong>: Perfekt f\u00fcr einzelne Portionen oder kleine Leckereien.<\/li>\n<li><strong>Praktisch<\/strong>: Das \u00d6ffnen und Schlie\u00dfen mit Scharnieren erleichtert den t\u00e4glichen Gebrauch.<\/li>\n<\/ul>\n<p>&nbsp;<\/p>\n<p><!--more--><\/p>\n<h4>Weitere Informationen :<\/h4>\n<ul>\n<li><strong>Verpackung<\/strong>: Karton mit 300 St\u00fcck<\/li>\n<li><strong>Ma\u00dfe<\/strong>: 22 x 14 x 5 (L x B x H in cm)<\/li>\n<li><strong>Material<\/strong>: PET<\/li>\n<\/ul>\n<div>\n<div><\/div>\n<\/div>\n<p><!--more--><\/p>\n<p><a href=\"\/?product_cat=boite-charniere-pour-patisseries\">Sehen Sie sich den Rest unseres Sortiments an Konditoreidosen aus Kunststoff an.<\/a><\/p>\n","protected":false},"excerpt":{"rendered":"<p>Konditoreidose aus Kunststoff Beschreibung unserer Plastikdose f\u00fcr Geb\u00e4ck 22 x 14 x 5 cm pro 300 St\u00fcck<\/p>\n","protected":false},"featured_media":242369,"template":"","meta":{"_acf_changed":false},"product_brand":[],"product_cat":[1137,1171,3964,1256,6581,1265],"product_tag":[],"class_list":{"0":"post-125859","1":"product","2":"type-product","3":"status-publish","4":"has-post-thumbnail","6":"product_cat-lebensmittelverpackungen","7":"product_cat-backerei-und-konditorei","8":"product_cat-schachteln-und-etuis","9":"product_cat-gebackschachteln","10":"product_cat-scharnierschachtel-fur-geback","11":"product_cat-lagerbestande-promotion","13":"first","14":"instock","15":"sale","16":"taxable","17":"shipping-taxable","18":"purchasable","19":"product-type-simple"},"acf":[],"yoast_head":"<!-- This site is optimized with the Yoast SEO Premium plugin v26.6 (Yoast SEO v26.6) - https:\/\/yoast.com\/wordpress\/plugins\/seo\/ -->\n<title>Plastikbox f\u00fcr Geb\u00e4ck 22x14x5 cm pro 300<\/title>\n<meta name=\"description\" content=\"Entdecken Sie unsere Kunststoff-Pastetenschachtel f\u00fcr Geb\u00e4ck 22x14x5 cm. Perfekt f\u00fcr gro\u00dfe Gesch\u00e4fte oder Privatpersonen.\" \/>\n<meta name=\"robots\" content=\"index, follow, max-snippet:-1, max-image-preview:large, max-video-preview:-1\" \/>\n<link rel=\"canonical\" href=\"https:\/\/www.csj-emballages.com\/de\/produit\/300-aufklappbare-schachteln-fuer-gebaeck-22-x-14-x-5-cm\/\" \/>\n<meta property=\"og:locale\" content=\"de_DE\" \/>\n<meta property=\"og:type\" content=\"article\" \/>\n<meta property=\"og:title\" content=\"Schachtel f\u00fcr Wiener Geb\u00e4ck Kristall 22 x 14 x 5 cm per 300\" \/>\n<meta property=\"og:description\" content=\"Entdecken Sie unsere Kunststoff-Pastetenschachtel f\u00fcr Geb\u00e4ck 22x14x5 cm. Perfekt f\u00fcr gro\u00dfe Gesch\u00e4fte oder Privatpersonen.\" \/>\n<meta property=\"og:url\" content=\"https:\/\/www.csj-emballages.com\/de\/produit\/300-aufklappbare-schachteln-fuer-gebaeck-22-x-14-x-5-cm\/\" \/>\n<meta property=\"og:site_name\" content=\"CSJ Emballages\" \/>\n<meta property=\"article:publisher\" content=\"https:\/\/www.facebook.com\/csjemballages\" \/>\n<meta property=\"article:modified_time\" content=\"2026-03-12T15:05:19+00:00\" \/>\n<meta property=\"og:image\" content=\"https:\/\/www.csj-emballages.com\/wp-content\/uploads\/2024\/07\/11BP50-1.webp\" \/>\n\t<meta property=\"og:image:width\" content=\"800\" \/>\n\t<meta property=\"og:image:height\" content=\"800\" \/>\n\t<meta property=\"og:image:type\" content=\"image\/webp\" \/>\n<meta name=\"twitter:card\" content=\"summary_large_image\" \/>\n<meta name=\"twitter:label1\" content=\"Gesch\u00e4tzte Lesezeit\" \/>\n\t<meta name=\"twitter:data1\" content=\"1\u00a0Minute\" \/>\n<script type=\"application\/ld+json\" class=\"yoast-schema-graph\">{\"@context\":\"https:\/\/schema.org\",\"@graph\":[{\"@type\":\"WebPage\",\"@id\":\"https:\/\/www.csj-emballages.com\/de\/produit\/300-aufklappbare-schachteln-fuer-gebaeck-22-x-14-x-5-cm\/\",\"url\":\"https:\/\/www.csj-emballages.com\/de\/produit\/300-aufklappbare-schachteln-fuer-gebaeck-22-x-14-x-5-cm\/\",\"name\":\"Plastikbox f\u00fcr Geb\u00e4ck 22x14x5 cm pro 300\",\"isPartOf\":{\"@id\":\"https:\/\/www.csj-emballages.com\/de\/#website\"},\"primaryImageOfPage\":{\"@id\":\"https:\/\/www.csj-emballages.com\/de\/produit\/300-aufklappbare-schachteln-fuer-gebaeck-22-x-14-x-5-cm\/#primaryimage\"},\"image\":{\"@id\":\"https:\/\/www.csj-emballages.com\/de\/produit\/300-aufklappbare-schachteln-fuer-gebaeck-22-x-14-x-5-cm\/#primaryimage\"},\"thumbnailUrl\":\"https:\/\/www.csj-emballages.com\/wp-content\/uploads\/2024\/07\/11BP50-1.webp\",\"datePublished\":\"2024-07-30T00:18:49+00:00\",\"dateModified\":\"2026-03-12T15:05:19+00:00\",\"description\":\"Entdecken Sie unsere Kunststoff-Pastetenschachtel f\u00fcr Geb\u00e4ck 22x14x5 cm. Perfekt f\u00fcr gro\u00dfe Gesch\u00e4fte oder Privatpersonen.\",\"breadcrumb\":{\"@id\":\"https:\/\/www.csj-emballages.com\/de\/produit\/300-aufklappbare-schachteln-fuer-gebaeck-22-x-14-x-5-cm\/#breadcrumb\"},\"inLanguage\":\"de\",\"potentialAction\":[{\"@type\":\"ReadAction\",\"target\":[\"https:\/\/www.csj-emballages.com\/de\/produit\/300-aufklappbare-schachteln-fuer-gebaeck-22-x-14-x-5-cm\/\"]}]},{\"@type\":\"ImageObject\",\"inLanguage\":\"de\",\"@id\":\"https:\/\/www.csj-emballages.com\/de\/produit\/300-aufklappbare-schachteln-fuer-gebaeck-22-x-14-x-5-cm\/#primaryimage\",\"url\":\"https:\/\/www.csj-emballages.com\/wp-content\/uploads\/2024\/07\/11BP50-1.webp\",\"contentUrl\":\"https:\/\/www.csj-emballages.com\/wp-content\/uploads\/2024\/07\/11BP50-1.webp\",\"width\":800,\"height\":800,\"caption\":\"Boite p\u00e2tissi\u00e8re viennoiseries\"},{\"@type\":\"BreadcrumbList\",\"@id\":\"https:\/\/www.csj-emballages.com\/de\/produit\/300-aufklappbare-schachteln-fuer-gebaeck-22-x-14-x-5-cm\/#breadcrumb\",\"itemListElement\":[{\"@type\":\"ListItem\",\"position\":1,\"name\":\"Accueil\",\"item\":\"https:\/\/www.csj-emballages.com\/de\/universum-lebensmittelverpackungen\/\"},{\"@type\":\"ListItem\",\"position\":2,\"name\":\"Shop\",\"item\":\"https:\/\/www.csj-emballages.com\/shop\/\"},{\"@type\":\"ListItem\",\"position\":3,\"name\":\"Schachtel f\u00fcr Wiener Geb\u00e4ck Kristall 22 x 14 x 5 cm per 300\"}]},{\"@type\":\"WebSite\",\"@id\":\"https:\/\/www.csj-emballages.com\/de\/#website\",\"url\":\"https:\/\/www.csj-emballages.com\/de\/\",\"name\":\"CSJ Emballages\",\"description\":\"\",\"publisher\":{\"@id\":\"https:\/\/www.csj-emballages.com\/de\/#organization\"},\"potentialAction\":[{\"@type\":\"SearchAction\",\"target\":{\"@type\":\"EntryPoint\",\"urlTemplate\":\"https:\/\/www.csj-emballages.com\/de\/?s={search_term_string}\"},\"query-input\":{\"@type\":\"PropertyValueSpecification\",\"valueRequired\":true,\"valueName\":\"search_term_string\"}}],\"inLanguage\":\"de\"},{\"@type\":\"Organization\",\"@id\":\"https:\/\/www.csj-emballages.com\/de\/#Organization\/\",\"name\":\"CSJ Emballages\",\"url\":\"https:\/\/www.csj-emballages.com\/de\/\",\"logo\":{\"@type\":\"ImageObject\",\"inLanguage\":\"de\",\"@id\":\"https:\/\/www.csj-emballages.com\/de\/#\/schema\/logo\/image\/\",\"url\":\"https:\/\/www.csj-emballages.com\/wp-content\/uploads\/2023\/10\/logo_csj.webp\",\"contentUrl\":\"https:\/\/www.csj-emballages.com\/wp-content\/uploads\/2023\/10\/logo_csj.webp\",\"width\":250,\"height\":95,\"caption\":\"CSJ Emballages\"},\"image\":{\"@id\":\"https:\/\/www.csj-emballages.com\/de\/#\/schema\/logo\/image\/\"},\"sameAs\":[\"https:\/\/www.facebook.com\/csjemballages\"],\"address\":{\"@type\":\"PostalAddress\",\"streetAddress\":\"ZI La Lechere\",\"addressLocality\":\"Patornay\",\"postalCode\":\"39130\",\"addressCountry\":\"FR\"},\"contactPoint\":[{\"@type\":\"ContactPoint\",\"contactType\":\"Service client\",\"telephone\":\"0384254272\",\"email\":\"contact@csj-emballages.com\"}]}]}<\/script>\n<!-- \/ Yoast SEO Premium plugin. -->","yoast_head_json":{"title":"Plastikbox f\u00fcr Geb\u00e4ck 22x14x5 cm pro 300","description":"Entdecken Sie unsere Kunststoff-Pastetenschachtel f\u00fcr Geb\u00e4ck 22x14x5 cm. Perfekt f\u00fcr gro\u00dfe Gesch\u00e4fte oder Privatpersonen.","robots":{"index":"index","follow":"follow","max-snippet":"max-snippet:-1","max-image-preview":"max-image-preview:large","max-video-preview":"max-video-preview:-1"},"canonical":"https:\/\/www.csj-emballages.com\/de\/produit\/300-aufklappbare-schachteln-fuer-gebaeck-22-x-14-x-5-cm\/","og_locale":"de_DE","og_type":"article","og_title":"Schachtel f\u00fcr Wiener Geb\u00e4ck Kristall 22 x 14 x 5 cm per 300","og_description":"Entdecken Sie unsere Kunststoff-Pastetenschachtel f\u00fcr Geb\u00e4ck 22x14x5 cm. Perfekt f\u00fcr gro\u00dfe Gesch\u00e4fte oder Privatpersonen.","og_url":"https:\/\/www.csj-emballages.com\/de\/produit\/300-aufklappbare-schachteln-fuer-gebaeck-22-x-14-x-5-cm\/","og_site_name":"CSJ Emballages","article_publisher":"https:\/\/www.facebook.com\/csjemballages","article_modified_time":"2026-03-12T15:05:19+00:00","og_image":[{"width":800,"height":800,"url":"https:\/\/www.csj-emballages.com\/wp-content\/uploads\/2024\/07\/11BP50-1.webp","type":"image\/webp"}],"twitter_card":"summary_large_image","twitter_misc":{"Gesch\u00e4tzte Lesezeit":"1\u00a0Minute"},"schema":{"@context":"https:\/\/schema.org","@graph":[{"@type":"WebPage","@id":"https:\/\/www.csj-emballages.com\/de\/produit\/300-aufklappbare-schachteln-fuer-gebaeck-22-x-14-x-5-cm\/","url":"https:\/\/www.csj-emballages.com\/de\/produit\/300-aufklappbare-schachteln-fuer-gebaeck-22-x-14-x-5-cm\/","name":"Plastikbox f\u00fcr Geb\u00e4ck 22x14x5 cm pro 300","isPartOf":{"@id":"https:\/\/www.csj-emballages.com\/de\/#website"},"primaryImageOfPage":{"@id":"https:\/\/www.csj-emballages.com\/de\/produit\/300-aufklappbare-schachteln-fuer-gebaeck-22-x-14-x-5-cm\/#primaryimage"},"image":{"@id":"https:\/\/www.csj-emballages.com\/de\/produit\/300-aufklappbare-schachteln-fuer-gebaeck-22-x-14-x-5-cm\/#primaryimage"},"thumbnailUrl":"https:\/\/www.csj-emballages.com\/wp-content\/uploads\/2024\/07\/11BP50-1.webp","datePublished":"2024-07-30T00:18:49+00:00","dateModified":"2026-03-12T15:05:19+00:00","description":"Entdecken Sie unsere Kunststoff-Pastetenschachtel f\u00fcr Geb\u00e4ck 22x14x5 cm. Perfekt f\u00fcr gro\u00dfe Gesch\u00e4fte oder Privatpersonen.","breadcrumb":{"@id":"https:\/\/www.csj-emballages.com\/de\/produit\/300-aufklappbare-schachteln-fuer-gebaeck-22-x-14-x-5-cm\/#breadcrumb"},"inLanguage":"de","potentialAction":[{"@type":"ReadAction","target":["https:\/\/www.csj-emballages.com\/de\/produit\/300-aufklappbare-schachteln-fuer-gebaeck-22-x-14-x-5-cm\/"]}]},{"@type":"ImageObject","inLanguage":"de","@id":"https:\/\/www.csj-emballages.com\/de\/produit\/300-aufklappbare-schachteln-fuer-gebaeck-22-x-14-x-5-cm\/#primaryimage","url":"https:\/\/www.csj-emballages.com\/wp-content\/uploads\/2024\/07\/11BP50-1.webp","contentUrl":"https:\/\/www.csj-emballages.com\/wp-content\/uploads\/2024\/07\/11BP50-1.webp","width":800,"height":800,"caption":"Boite p\u00e2tissi\u00e8re viennoiseries"},{"@type":"BreadcrumbList","@id":"https:\/\/www.csj-emballages.com\/de\/produit\/300-aufklappbare-schachteln-fuer-gebaeck-22-x-14-x-5-cm\/#breadcrumb","itemListElement":[{"@type":"ListItem","position":1,"name":"Accueil","item":"https:\/\/www.csj-emballages.com\/de\/universum-lebensmittelverpackungen\/"},{"@type":"ListItem","position":2,"name":"Shop","item":"https:\/\/www.csj-emballages.com\/shop\/"},{"@type":"ListItem","position":3,"name":"Schachtel f\u00fcr Wiener Geb\u00e4ck Kristall 22 x 14 x 5 cm per 300"}]},{"@type":"WebSite","@id":"https:\/\/www.csj-emballages.com\/de\/#website","url":"https:\/\/www.csj-emballages.com\/de\/","name":"CSJ Emballages","description":"","publisher":{"@id":"https:\/\/www.csj-emballages.com\/de\/#organization"},"potentialAction":[{"@type":"SearchAction","target":{"@type":"EntryPoint","urlTemplate":"https:\/\/www.csj-emballages.com\/de\/?s={search_term_string}"},"query-input":{"@type":"PropertyValueSpecification","valueRequired":true,"valueName":"search_term_string"}}],"inLanguage":"de"},{"@type":"Organization","@id":"https:\/\/www.csj-emballages.com\/de\/#Organization\/","name":"CSJ Emballages","url":"https:\/\/www.csj-emballages.com\/de\/","logo":{"@type":"ImageObject","inLanguage":"de","@id":"https:\/\/www.csj-emballages.com\/de\/#\/schema\/logo\/image\/","url":"https:\/\/www.csj-emballages.com\/wp-content\/uploads\/2023\/10\/logo_csj.webp","contentUrl":"https:\/\/www.csj-emballages.com\/wp-content\/uploads\/2023\/10\/logo_csj.webp","width":250,"height":95,"caption":"CSJ Emballages"},"image":{"@id":"https:\/\/www.csj-emballages.com\/de\/#\/schema\/logo\/image\/"},"sameAs":["https:\/\/www.facebook.com\/csjemballages"],"address":{"@type":"PostalAddress","streetAddress":"ZI La Lechere","addressLocality":"Patornay","postalCode":"39130","addressCountry":"FR"},"contactPoint":[{"@type":"ContactPoint","contactType":"Service client","telephone":"0384254272","email":"contact@csj-emballages.com"}]}]}},"df_price":54,"df_sale_price":54,"df_regular_price":60,"df_image_link":"https:\/\/www.csj-emballages.com\/wp-content\/uploads\/2024\/07\/11BP50-1-300x300.webp","tiered_pricing_type":"fixed","tiered_pricing_fixed_rules":[],"tiered_pricing_percentage_rules":[],"tiered_pricing_minimum":1,"tiered_pricing_roles_data":[],"_links":{"self":[{"href":"https:\/\/www.csj-emballages.com\/de\/wp-json\/wp\/v2\/product\/125859","targetHints":{"allow":["GET"]}}],"collection":[{"href":"https:\/\/www.csj-emballages.com\/de\/wp-json\/wp\/v2\/product"}],"about":[{"href":"https:\/\/www.csj-emballages.com\/de\/wp-json\/wp\/v2\/types\/product"}],"wp:featuredmedia":[{"embeddable":true,"href":"https:\/\/www.csj-emballages.com\/de\/wp-json\/wp\/v2\/media\/242369"}],"wp:attachment":[{"href":"https:\/\/www.csj-emballages.com\/de\/wp-json\/wp\/v2\/media?parent=125859"}],"wp:term":[{"taxonomy":"product_brand","embeddable":true,"href":"https:\/\/www.csj-emballages.com\/de\/wp-json\/wp\/v2\/product_brand?post=125859"},{"taxonomy":"product_cat","embeddable":true,"href":"https:\/\/www.csj-emballages.com\/de\/wp-json\/wp\/v2\/product_cat?post=125859"},{"taxonomy":"product_tag","embeddable":true,"href":"https:\/\/www.csj-emballages.com\/de\/wp-json\/wp\/v2\/product_tag?post=125859"}],"curies":[{"name":"wp","href":"https:\/\/api.w.org\/{rel}","templated":true}]}}