{"id":125844,"date":"2024-07-27T02:18:39","date_gmt":"2024-07-27T00:18:39","guid":{"rendered":"https:\/\/www.csj-emballages.com\/produit\/320-aufklappbare-schachteln-fuer-gebaeck-175-x-175-x-5-cm\/"},"modified":"2026-03-12T16:07:12","modified_gmt":"2026-03-12T15:07:12","slug":"320-aufklappbare-schachteln-fuer-gebaeck-175-x-175-x-5-cm","status":"publish","type":"product","link":"https:\/\/www.csj-emballages.com\/de\/produit\/320-aufklappbare-schachteln-fuer-gebaeck-175-x-175-x-5-cm\/","title":{"rendered":"Schachtel f\u00fcr Wiener Geb\u00e4ck Kristall 17,5 x 17,5 x 5 cm pro 320"},"content":{"rendered":"<h2 class=\"p1\">Konditoreischachtel Wiener Geb\u00e4ck<\/h2>\n<hr>\n<h3>Beschreibung unserer Konditoreidose Viennoiseries Kristall 17,5 x 17,5 x 5 cm pro 320<\/h3>\n<p><!--more--><\/p>\n<div>\n<p>Entdecken Sie die <strong>17,5 x 17,5 x 5 cm gro\u00dfe Backbox f\u00fcr Kristallgeb\u00e4ck von 320<\/strong>, eine perfekte Option, um Ihre k\u00f6stlichen Kreationen zu pr\u00e4sentieren. Hergestellt aus <strong>PET-Kunststoff<\/strong>, bietet sie <strong>vollst\u00e4ndige Transparenz,<\/strong> die Ihre Produkte hervorhebt und sofort die Aufmerksamkeit auf sich zieht. Das <strong>quadratische<\/strong> Format eignet sich perfekt f\u00fcr kleine <strong>Kuchen<\/strong>, T\u00f6rtchen und sogar f\u00fcr kleine s\u00fc\u00dfe Zusammenstellungen.  <\/p>\n<p>Ihr robustes Design sorgt daf\u00fcr, dass Ihre Zubereitungen gesch\u00fctzt sind und garantiert einen Transport ohne Verformungsrisiko. Mit ihrem <strong>sicheren Verschluss<\/strong> werden Ihre S\u00fc\u00dfigkeiten perfekt festgehalten und behalten ihre Frische bis zum Zeitpunkt der Verkostung. Diese <strong>Konditoreidose<\/strong> bietet mit einer <strong>H\u00f6he von 5 cm<\/strong> gen\u00fcgend Platz, um sowohl zarte Kreationen als auch \u00fcppigere Desserts aufzunehmen.  <\/p>\n<\/div>\n<p>Diese <strong>Kartonaufmachung mit 320 Einheiten<\/strong> wurde f\u00fcr Experten in B\u00e4ckereien, Konditoreien und Restaurants entwickelt, die eine hochwertige Verpackung w\u00fcnschen, die f\u00fcr die hohen Produktions- und Vermarktungsrhythmen geeignet ist. Das Material <strong>PET-Kristall<\/strong> ist ein klarer Vorteil: Es ist leicht und widerstandsf\u00e4hig, hygienisch und recycelbar und erf\u00fcllt damit die zeitgen\u00f6ssischen Anforderungen an Lebensmittelsicherheit und \u00d6kologie. <\/p>\n<p>Die <strong>17,5 x 17,5 x 5 cm gro\u00dfe Konditoreidose &#8222;Viennoiseries&#8220; aus Kristallglas<\/strong> eignet sich sowohl f\u00fcr den Verkauf in Gesch\u00e4ften als auch f\u00fcr den Verkauf zum Mitnehmen und bringt Ihre Produkte auch in der Auslage zur Geltung. Sie bietet Ihren Kunden eine raffinierte Pr\u00e4sentation, die jeden Aspekt Ihrer Werke hervorhebt. W\u00e4hlen Sie dieses Verpackungsformat, um Qualit\u00e4t, Langlebigkeit und die Hervorhebung Ihrer Backwaren zu vereinen.  <\/p>\n<p>&nbsp;<\/p>\n<p><!--more--><\/p>\n<h4>Vorteile :<\/h4>\n<ul>\n<li>Kristalltransparenz, die Ihre Backwaren aufwertet.<\/li>\n<li>Steifes, recycelbares <strong>PET-Material<\/strong>.<\/li>\n<li>Format f\u00fcr kleine Kuchen und T\u00f6rtchen geeignet.<\/li>\n<li>Sicherer Verschluss f\u00fcr einen risikofreien Transport<\/li>\n<li>Praktisches <strong>320-teiliges<\/strong> Set f\u00fcr den professionellen Einsatz.<\/li>\n<\/ul>\n<p>&nbsp;<\/p>\n<p><!--more--><\/p>\n<h4>Weitere Informationen :<\/h4>\n<ul>\n<li><strong>Verpackung<\/strong>: Karton mit 320<\/li>\n<li><strong>Ma\u00dfe<\/strong>: 17,5 x 17,5 x 5 cm<\/li>\n<li><strong>Farbe<\/strong>: Kristall<\/li>\n<li><strong>Material<\/strong>: PET<\/li>\n<\/ul>\n<div>\n<div><\/div>\n<\/div>\n<p><!--more--><\/p>\n<p><a href=\"https:\/\/www.csj-emballages.com\/de\/categorie-produit\/lebensmittelverpackungen\/backerei-und-konditorei\/schachteln-und-etuis\/gebackschachteln\/scharnierschachtel-fur-geback\/\">Sehen Sie sich den Rest unseres Sortiments an Scharnierschachteln f\u00fcr Geb\u00e4ck an.<\/a><\/p>\n","protected":false},"excerpt":{"rendered":"<p>Konditoreischachtel Wiener Geb\u00e4ck Beschreibung unserer Konditoreidose Viennoiseries Kristall 17,5 x 17,5 x 5 cm pro 320<\/p>\n","protected":false},"featured_media":242344,"template":"","meta":{"_acf_changed":false},"product_brand":[],"product_cat":[1137,1171,3964,1256,6581],"product_tag":[],"class_list":{"0":"post-125844","1":"product","2":"type-product","3":"status-publish","4":"has-post-thumbnail","6":"product_cat-lebensmittelverpackungen","7":"product_cat-backerei-und-konditorei","8":"product_cat-schachteln-und-etuis","9":"product_cat-gebackschachteln","10":"product_cat-scharnierschachtel-fur-geback","12":"first","13":"instock","14":"taxable","15":"shipping-taxable","16":"purchasable","17":"product-type-simple"},"acf":[],"yoast_head":"<!-- This site is optimized with the Yoast SEO Premium plugin v26.6 (Yoast SEO v26.6) - https:\/\/yoast.com\/wordpress\/plugins\/seo\/ -->\n<title>Konditoreibox Viennoiseries Cristal 17,5 x 17,5 x 5 cm pro 320<\/title>\n<meta name=\"description\" content=\"17,5 x 17,5 x 5 cm gro\u00dfe, kristallklare PET-Patisseriebox f\u00fcr Wiener Geb\u00e4ck, ideal f\u00fcr kleine Kuchen und T\u00f6rtchen. Transparent, steif und recycelbar.\" \/>\n<meta name=\"robots\" content=\"index, follow, max-snippet:-1, max-image-preview:large, max-video-preview:-1\" \/>\n<link rel=\"canonical\" href=\"https:\/\/www.csj-emballages.com\/de\/produit\/320-aufklappbare-schachteln-fuer-gebaeck-175-x-175-x-5-cm\/\" \/>\n<meta property=\"og:locale\" content=\"de_DE\" \/>\n<meta property=\"og:type\" content=\"article\" \/>\n<meta property=\"og:title\" content=\"Schachtel f\u00fcr Wiener Geb\u00e4ck Kristall 17,5 x 17,5 x 5 cm pro 320\" \/>\n<meta property=\"og:description\" content=\"17,5 x 17,5 x 5 cm gro\u00dfe, kristallklare PET-Patisseriebox f\u00fcr Wiener Geb\u00e4ck, ideal f\u00fcr kleine Kuchen und T\u00f6rtchen. Transparent, steif und recycelbar.\" \/>\n<meta property=\"og:url\" content=\"https:\/\/www.csj-emballages.com\/de\/produit\/320-aufklappbare-schachteln-fuer-gebaeck-175-x-175-x-5-cm\/\" \/>\n<meta property=\"og:site_name\" content=\"CSJ Emballages\" \/>\n<meta property=\"article:publisher\" content=\"https:\/\/www.facebook.com\/csjemballages\" \/>\n<meta property=\"article:modified_time\" content=\"2026-03-12T15:07:12+00:00\" \/>\n<meta property=\"og:image\" content=\"https:\/\/www.csj-emballages.com\/wp-content\/uploads\/2024\/07\/1BP50Y.webp\" \/>\n\t<meta property=\"og:image:width\" content=\"800\" \/>\n\t<meta property=\"og:image:height\" content=\"800\" \/>\n\t<meta property=\"og:image:type\" content=\"image\/webp\" \/>\n<meta name=\"twitter:card\" content=\"summary_large_image\" \/>\n<meta name=\"twitter:label1\" content=\"Gesch\u00e4tzte Lesezeit\" \/>\n\t<meta name=\"twitter:data1\" content=\"2 Minuten\" \/>\n<script type=\"application\/ld+json\" class=\"yoast-schema-graph\">{\"@context\":\"https:\/\/schema.org\",\"@graph\":[{\"@type\":\"WebPage\",\"@id\":\"https:\/\/www.csj-emballages.com\/de\/produit\/320-aufklappbare-schachteln-fuer-gebaeck-175-x-175-x-5-cm\/\",\"url\":\"https:\/\/www.csj-emballages.com\/de\/produit\/320-aufklappbare-schachteln-fuer-gebaeck-175-x-175-x-5-cm\/\",\"name\":\"Konditoreibox Viennoiseries Cristal 17,5 x 17,5 x 5 cm pro 320\",\"isPartOf\":{\"@id\":\"https:\/\/www.csj-emballages.com\/de\/#website\"},\"primaryImageOfPage\":{\"@id\":\"https:\/\/www.csj-emballages.com\/de\/produit\/320-aufklappbare-schachteln-fuer-gebaeck-175-x-175-x-5-cm\/#primaryimage\"},\"image\":{\"@id\":\"https:\/\/www.csj-emballages.com\/de\/produit\/320-aufklappbare-schachteln-fuer-gebaeck-175-x-175-x-5-cm\/#primaryimage\"},\"thumbnailUrl\":\"https:\/\/www.csj-emballages.com\/wp-content\/uploads\/2024\/07\/1BP50Y.webp\",\"datePublished\":\"2024-07-27T00:18:39+00:00\",\"dateModified\":\"2026-03-12T15:07:12+00:00\",\"description\":\"17,5 x 17,5 x 5 cm gro\u00dfe, kristallklare PET-Patisseriebox f\u00fcr Wiener Geb\u00e4ck, ideal f\u00fcr kleine Kuchen und T\u00f6rtchen. Transparent, steif und recycelbar.\",\"breadcrumb\":{\"@id\":\"https:\/\/www.csj-emballages.com\/de\/produit\/320-aufklappbare-schachteln-fuer-gebaeck-175-x-175-x-5-cm\/#breadcrumb\"},\"inLanguage\":\"de\",\"potentialAction\":[{\"@type\":\"ReadAction\",\"target\":[\"https:\/\/www.csj-emballages.com\/de\/produit\/320-aufklappbare-schachteln-fuer-gebaeck-175-x-175-x-5-cm\/\"]}]},{\"@type\":\"ImageObject\",\"inLanguage\":\"de\",\"@id\":\"https:\/\/www.csj-emballages.com\/de\/produit\/320-aufklappbare-schachteln-fuer-gebaeck-175-x-175-x-5-cm\/#primaryimage\",\"url\":\"https:\/\/www.csj-emballages.com\/wp-content\/uploads\/2024\/07\/1BP50Y.webp\",\"contentUrl\":\"https:\/\/www.csj-emballages.com\/wp-content\/uploads\/2024\/07\/1BP50Y.webp\",\"width\":800,\"height\":800,\"caption\":\"Boite p\u00e2tissi\u00e8re viennoiseries\"},{\"@type\":\"BreadcrumbList\",\"@id\":\"https:\/\/www.csj-emballages.com\/de\/produit\/320-aufklappbare-schachteln-fuer-gebaeck-175-x-175-x-5-cm\/#breadcrumb\",\"itemListElement\":[{\"@type\":\"ListItem\",\"position\":1,\"name\":\"Accueil\",\"item\":\"https:\/\/www.csj-emballages.com\/de\/universum-lebensmittelverpackungen\/\"},{\"@type\":\"ListItem\",\"position\":2,\"name\":\"Shop\",\"item\":\"https:\/\/www.csj-emballages.com\/shop\/\"},{\"@type\":\"ListItem\",\"position\":3,\"name\":\"Schachtel f\u00fcr Wiener Geb\u00e4ck Kristall 17,5 x 17,5 x 5 cm pro 320\"}]},{\"@type\":\"WebSite\",\"@id\":\"https:\/\/www.csj-emballages.com\/de\/#website\",\"url\":\"https:\/\/www.csj-emballages.com\/de\/\",\"name\":\"CSJ Emballages\",\"description\":\"\",\"publisher\":{\"@id\":\"https:\/\/www.csj-emballages.com\/de\/#organization\"},\"potentialAction\":[{\"@type\":\"SearchAction\",\"target\":{\"@type\":\"EntryPoint\",\"urlTemplate\":\"https:\/\/www.csj-emballages.com\/de\/?s={search_term_string}\"},\"query-input\":{\"@type\":\"PropertyValueSpecification\",\"valueRequired\":true,\"valueName\":\"search_term_string\"}}],\"inLanguage\":\"de\"},{\"@type\":\"Organization\",\"@id\":\"https:\/\/www.csj-emballages.com\/de\/#Organization\/\",\"name\":\"CSJ Emballages\",\"url\":\"https:\/\/www.csj-emballages.com\/de\/\",\"logo\":{\"@type\":\"ImageObject\",\"inLanguage\":\"de\",\"@id\":\"https:\/\/www.csj-emballages.com\/de\/#\/schema\/logo\/image\/\",\"url\":\"https:\/\/www.csj-emballages.com\/wp-content\/uploads\/2023\/10\/logo_csj.webp\",\"contentUrl\":\"https:\/\/www.csj-emballages.com\/wp-content\/uploads\/2023\/10\/logo_csj.webp\",\"width\":250,\"height\":95,\"caption\":\"CSJ Emballages\"},\"image\":{\"@id\":\"https:\/\/www.csj-emballages.com\/de\/#\/schema\/logo\/image\/\"},\"sameAs\":[\"https:\/\/www.facebook.com\/csjemballages\"],\"address\":{\"@type\":\"PostalAddress\",\"streetAddress\":\"ZI La Lechere\",\"addressLocality\":\"Patornay\",\"postalCode\":\"39130\",\"addressCountry\":\"FR\"},\"contactPoint\":[{\"@type\":\"ContactPoint\",\"contactType\":\"Service client\",\"telephone\":\"0384254272\",\"email\":\"contact@csj-emballages.com\"}]}]}<\/script>\n<!-- \/ Yoast SEO Premium plugin. -->","yoast_head_json":{"title":"Konditoreibox Viennoiseries Cristal 17,5 x 17,5 x 5 cm pro 320","description":"17,5 x 17,5 x 5 cm gro\u00dfe, kristallklare PET-Patisseriebox f\u00fcr Wiener Geb\u00e4ck, ideal f\u00fcr kleine Kuchen und T\u00f6rtchen. Transparent, steif und recycelbar.","robots":{"index":"index","follow":"follow","max-snippet":"max-snippet:-1","max-image-preview":"max-image-preview:large","max-video-preview":"max-video-preview:-1"},"canonical":"https:\/\/www.csj-emballages.com\/de\/produit\/320-aufklappbare-schachteln-fuer-gebaeck-175-x-175-x-5-cm\/","og_locale":"de_DE","og_type":"article","og_title":"Schachtel f\u00fcr Wiener Geb\u00e4ck Kristall 17,5 x 17,5 x 5 cm pro 320","og_description":"17,5 x 17,5 x 5 cm gro\u00dfe, kristallklare PET-Patisseriebox f\u00fcr Wiener Geb\u00e4ck, ideal f\u00fcr kleine Kuchen und T\u00f6rtchen. Transparent, steif und recycelbar.","og_url":"https:\/\/www.csj-emballages.com\/de\/produit\/320-aufklappbare-schachteln-fuer-gebaeck-175-x-175-x-5-cm\/","og_site_name":"CSJ Emballages","article_publisher":"https:\/\/www.facebook.com\/csjemballages","article_modified_time":"2026-03-12T15:07:12+00:00","og_image":[{"width":800,"height":800,"url":"https:\/\/www.csj-emballages.com\/wp-content\/uploads\/2024\/07\/1BP50Y.webp","type":"image\/webp"}],"twitter_card":"summary_large_image","twitter_misc":{"Gesch\u00e4tzte Lesezeit":"2 Minuten"},"schema":{"@context":"https:\/\/schema.org","@graph":[{"@type":"WebPage","@id":"https:\/\/www.csj-emballages.com\/de\/produit\/320-aufklappbare-schachteln-fuer-gebaeck-175-x-175-x-5-cm\/","url":"https:\/\/www.csj-emballages.com\/de\/produit\/320-aufklappbare-schachteln-fuer-gebaeck-175-x-175-x-5-cm\/","name":"Konditoreibox Viennoiseries Cristal 17,5 x 17,5 x 5 cm pro 320","isPartOf":{"@id":"https:\/\/www.csj-emballages.com\/de\/#website"},"primaryImageOfPage":{"@id":"https:\/\/www.csj-emballages.com\/de\/produit\/320-aufklappbare-schachteln-fuer-gebaeck-175-x-175-x-5-cm\/#primaryimage"},"image":{"@id":"https:\/\/www.csj-emballages.com\/de\/produit\/320-aufklappbare-schachteln-fuer-gebaeck-175-x-175-x-5-cm\/#primaryimage"},"thumbnailUrl":"https:\/\/www.csj-emballages.com\/wp-content\/uploads\/2024\/07\/1BP50Y.webp","datePublished":"2024-07-27T00:18:39+00:00","dateModified":"2026-03-12T15:07:12+00:00","description":"17,5 x 17,5 x 5 cm gro\u00dfe, kristallklare PET-Patisseriebox f\u00fcr Wiener Geb\u00e4ck, ideal f\u00fcr kleine Kuchen und T\u00f6rtchen. Transparent, steif und recycelbar.","breadcrumb":{"@id":"https:\/\/www.csj-emballages.com\/de\/produit\/320-aufklappbare-schachteln-fuer-gebaeck-175-x-175-x-5-cm\/#breadcrumb"},"inLanguage":"de","potentialAction":[{"@type":"ReadAction","target":["https:\/\/www.csj-emballages.com\/de\/produit\/320-aufklappbare-schachteln-fuer-gebaeck-175-x-175-x-5-cm\/"]}]},{"@type":"ImageObject","inLanguage":"de","@id":"https:\/\/www.csj-emballages.com\/de\/produit\/320-aufklappbare-schachteln-fuer-gebaeck-175-x-175-x-5-cm\/#primaryimage","url":"https:\/\/www.csj-emballages.com\/wp-content\/uploads\/2024\/07\/1BP50Y.webp","contentUrl":"https:\/\/www.csj-emballages.com\/wp-content\/uploads\/2024\/07\/1BP50Y.webp","width":800,"height":800,"caption":"Boite p\u00e2tissi\u00e8re viennoiseries"},{"@type":"BreadcrumbList","@id":"https:\/\/www.csj-emballages.com\/de\/produit\/320-aufklappbare-schachteln-fuer-gebaeck-175-x-175-x-5-cm\/#breadcrumb","itemListElement":[{"@type":"ListItem","position":1,"name":"Accueil","item":"https:\/\/www.csj-emballages.com\/de\/universum-lebensmittelverpackungen\/"},{"@type":"ListItem","position":2,"name":"Shop","item":"https:\/\/www.csj-emballages.com\/shop\/"},{"@type":"ListItem","position":3,"name":"Schachtel f\u00fcr Wiener Geb\u00e4ck Kristall 17,5 x 17,5 x 5 cm pro 320"}]},{"@type":"WebSite","@id":"https:\/\/www.csj-emballages.com\/de\/#website","url":"https:\/\/www.csj-emballages.com\/de\/","name":"CSJ Emballages","description":"","publisher":{"@id":"https:\/\/www.csj-emballages.com\/de\/#organization"},"potentialAction":[{"@type":"SearchAction","target":{"@type":"EntryPoint","urlTemplate":"https:\/\/www.csj-emballages.com\/de\/?s={search_term_string}"},"query-input":{"@type":"PropertyValueSpecification","valueRequired":true,"valueName":"search_term_string"}}],"inLanguage":"de"},{"@type":"Organization","@id":"https:\/\/www.csj-emballages.com\/de\/#Organization\/","name":"CSJ Emballages","url":"https:\/\/www.csj-emballages.com\/de\/","logo":{"@type":"ImageObject","inLanguage":"de","@id":"https:\/\/www.csj-emballages.com\/de\/#\/schema\/logo\/image\/","url":"https:\/\/www.csj-emballages.com\/wp-content\/uploads\/2023\/10\/logo_csj.webp","contentUrl":"https:\/\/www.csj-emballages.com\/wp-content\/uploads\/2023\/10\/logo_csj.webp","width":250,"height":95,"caption":"CSJ Emballages"},"image":{"@id":"https:\/\/www.csj-emballages.com\/de\/#\/schema\/logo\/image\/"},"sameAs":["https:\/\/www.facebook.com\/csjemballages"],"address":{"@type":"PostalAddress","streetAddress":"ZI La Lechere","addressLocality":"Patornay","postalCode":"39130","addressCountry":"FR"},"contactPoint":[{"@type":"ContactPoint","contactType":"Service client","telephone":"0384254272","email":"contact@csj-emballages.com"}]}]}},"df_price":60,"df_sale_price":"","df_regular_price":60,"df_image_link":"https:\/\/www.csj-emballages.com\/wp-content\/uploads\/2024\/07\/1BP50Y-300x300.webp","tiered_pricing_type":"fixed","tiered_pricing_fixed_rules":[],"tiered_pricing_percentage_rules":[],"tiered_pricing_minimum":1,"tiered_pricing_roles_data":[],"_links":{"self":[{"href":"https:\/\/www.csj-emballages.com\/de\/wp-json\/wp\/v2\/product\/125844","targetHints":{"allow":["GET"]}}],"collection":[{"href":"https:\/\/www.csj-emballages.com\/de\/wp-json\/wp\/v2\/product"}],"about":[{"href":"https:\/\/www.csj-emballages.com\/de\/wp-json\/wp\/v2\/types\/product"}],"wp:featuredmedia":[{"embeddable":true,"href":"https:\/\/www.csj-emballages.com\/de\/wp-json\/wp\/v2\/media\/242344"}],"wp:attachment":[{"href":"https:\/\/www.csj-emballages.com\/de\/wp-json\/wp\/v2\/media?parent=125844"}],"wp:term":[{"taxonomy":"product_brand","embeddable":true,"href":"https:\/\/www.csj-emballages.com\/de\/wp-json\/wp\/v2\/product_brand?post=125844"},{"taxonomy":"product_cat","embeddable":true,"href":"https:\/\/www.csj-emballages.com\/de\/wp-json\/wp\/v2\/product_cat?post=125844"},{"taxonomy":"product_tag","embeddable":true,"href":"https:\/\/www.csj-emballages.com\/de\/wp-json\/wp\/v2\/product_tag?post=125844"}],"curies":[{"name":"wp","href":"https:\/\/api.w.org\/{rel}","templated":true}]}}