{"id":16419,"date":"2024-05-17T11:52:04","date_gmt":"2024-05-17T09:52:04","guid":{"rendered":"https:\/\/u15jnbdpoq.preview.infomaniak.website\/art-der-lieferung\/"},"modified":"2024-06-11T17:01:51","modified_gmt":"2024-06-11T15:01:51","slug":"art-der-lieferung","status":"publish","type":"page","link":"https:\/\/www.csj-emballages.com\/de\/art-der-lieferung\/","title":{"rendered":"Art der Lieferung"},"content":{"rendered":"\t\t<div data-elementor-type=\"wp-page\" data-elementor-id=\"16419\" class=\"elementor elementor-16419 elementor-15441\" data-elementor-post-type=\"page\">\n\t\t\t\t<div class=\"elementor-element elementor-element-264c050 e-flex e-con-boxed e-con e-parent\" data-id=\"264c050\" data-element_type=\"container\">\n\t\t\t\t\t<div class=\"e-con-inner\">\n\t\t<div class=\"elementor-element elementor-element-258b67d e-con-full e-flex e-con e-child\" data-id=\"258b67d\" data-element_type=\"container\">\n\t\t\t\t<div class=\"elementor-element elementor-element-b4a6079 elementor-widget elementor-widget-heading\" data-id=\"b4a6079\" data-element_type=\"widget\" data-widget_type=\"heading.default\">\n\t\t\t\t<div class=\"elementor-widget-container\">\n\t\t\t\t\t<h2 class=\"elementor-heading-title elementor-size-default\">Lieferfristen und -methoden<\/h2>\t\t\t\t<\/div>\n\t\t\t\t<\/div>\n\t\t\t\t<div class=\"elementor-element elementor-element-c55c36a elementor-widget elementor-widget-text-editor\" data-id=\"c55c36a\" data-element_type=\"widget\" data-widget_type=\"text-editor.default\">\n\t\t\t\t<div class=\"elementor-widget-container\">\n\t\t\t\t\t\t\t\t\t<div>Lieferung 48\/72h, f\u00fcr alle Bestellungen innerhalb Frankreichs, nach Hause oder an einen Relais-Punkt.<\/div>\n<div>Lieferung 3 bis 5 Werktage f\u00fcr alle Bestellungen innerhalb Europas.<\/div>\n<div>Lieferung 7 bis 20 Werktage, f\u00fcr alle Bestellungen, die in den DOM TOMs aufgegeben werden.<\/div>\n<div>F\u00fcr internationale Angelegenheiten wenden Sie sich bitte an uns.<\/div>\n\t\t\t\t\t\t\t\t<\/div>\n\t\t\t\t<\/div>\n\t\t\t\t<\/div>\n\t\t<div class=\"elementor-element elementor-element-750a39c e-con-full e-flex e-con e-child\" data-id=\"750a39c\" data-element_type=\"container\">\n\t\t\t\t<div class=\"elementor-element elementor-element-294c3dd elementor-widget elementor-widget-heading\" data-id=\"294c3dd\" data-element_type=\"widget\" data-widget_type=\"heading.default\">\n\t\t\t\t<div class=\"elementor-widget-container\">\n\t\t\t\t\t<h2 class=\"elementor-heading-title elementor-size-default\">Kostenlose Lieferung\n<\/h2>\t\t\t\t<\/div>\n\t\t\t\t<\/div>\n\t\t\t\t<div class=\"elementor-element elementor-element-6764bf7 elementor-widget elementor-widget-text-editor\" data-id=\"6764bf7\" data-element_type=\"widget\" data-widget_type=\"text-editor.default\">\n\t\t\t\t<div class=\"elementor-widget-container\">\n\t\t\t\t\t\t\t\t\t<div>Sie erhalten eine kostenlose Lieferung f\u00fcr alle Bestellungen \u00fcber 299 \u20ac ohne MwSt. in Frankreich, Spanien und Portugal.<\/div>\n\t\t\t\t\t\t\t\t<\/div>\n\t\t\t\t<\/div>\n\t\t\t\t<\/div>\n\t\t\t\t\t<\/div>\n\t\t\t\t<\/div>\n\t\t<div class=\"elementor-element elementor-element-40ad797 e-flex e-con-boxed e-con e-parent\" data-id=\"40ad797\" data-element_type=\"container\" id=\"click-n-collect\">\n\t\t\t\t\t<div class=\"e-con-inner\">\n\t\t<div class=\"elementor-element elementor-element-2d1fe88 e-con-full e-flex e-con e-child\" data-id=\"2d1fe88\" data-element_type=\"container\">\n\t\t\t\t<div class=\"elementor-element elementor-element-648cf94 elementor-widget elementor-widget-google_maps\" data-id=\"648cf94\" data-element_type=\"widget\" data-widget_type=\"google_maps.default\">\n\t\t\t\t<div class=\"elementor-widget-container\">\n\t\t\t\t\t\t\t<div class=\"elementor-custom-embed\">\n\t\t\t<iframe loading=\"lazy\"\n\t\t\t\t\tsrc=\"https:\/\/maps.google.com\/maps?q=CSJ%20Emballages&#038;t=m&#038;z=10&#038;output=embed&#038;iwloc=near\"\n\t\t\t\t\ttitle=\"CSJ Emballages\"\n\t\t\t\t\taria-label=\"CSJ Emballages\"\n\t\t\t><\/iframe>\n\t\t<\/div>\n\t\t\t\t\t\t<\/div>\n\t\t\t\t<\/div>\n\t\t\t\t<\/div>\n\t\t<div class=\"elementor-element elementor-element-8252e13 e-con-full e-flex e-con e-child\" data-id=\"8252e13\" data-element_type=\"container\">\n\t\t\t\t<div class=\"elementor-element elementor-element-938ac36 elementor-widget elementor-widget-heading\" data-id=\"938ac36\" data-element_type=\"widget\" data-widget_type=\"heading.default\">\n\t\t\t\t<div class=\"elementor-widget-container\">\n\t\t\t\t\t<h2 class=\"elementor-heading-title elementor-size-default\">Click and Collect<\/h2>\t\t\t\t<\/div>\n\t\t\t\t<\/div>\n\t\t\t\t<div class=\"elementor-element elementor-element-3eb1665 elementor-widget elementor-widget-text-editor\" data-id=\"3eb1665\" data-element_type=\"widget\" data-widget_type=\"text-editor.default\">\n\t\t\t\t<div class=\"elementor-widget-container\">\n\t\t\t\t\t\t\t\t\t<p>Kaufen Sie online ein und holen Sie Ihre Eink\u00e4ufe in unserem Laden ab, schnell und einfach!<br \/>Sie bestellen online, indem Sie auf unserer Website surfen und das Datum und die Uhrzeit der Abholung w\u00e4hlen.<\/p>\n\t\t\t\t\t\t\t\t<\/div>\n\t\t\t\t<\/div>\n\t\t\t\t<\/div>\n\t\t\t\t\t<\/div>\n\t\t\t\t<\/div>\n\t\t<div class=\"elementor-element elementor-element-cee1339 e-flex e-con-boxed e-con e-parent\" data-id=\"cee1339\" data-element_type=\"container\">\n\t\t\t\t\t<div class=\"e-con-inner\">\n\t\t\t\t<div class=\"elementor-element elementor-element-4a24ccd elementor-widget elementor-widget-heading\" data-id=\"4a24ccd\" data-element_type=\"widget\" data-widget_type=\"heading.default\">\n\t\t\t\t<div class=\"elementor-widget-container\">\n\t\t\t\t\t<h2 class=\"elementor-heading-title elementor-size-default\">Empfangsverfahren<\/h2>\t\t\t\t<\/div>\n\t\t\t\t<\/div>\n\t\t\t\t<div class=\"elementor-element elementor-element-903f90c elementor-widget elementor-widget-text-editor\" data-id=\"903f90c\" data-element_type=\"widget\" data-widget_type=\"text-editor.default\">\n\t\t\t\t<div class=\"elementor-widget-container\">\n\t\t\t\t\t\t\t\t\t<div>\u00dcberpr\u00fcfung des Zustands des Pakets durch den K\u00e4ufer bei der Lieferung :<\/div>\n<div>Wir empfehlen dem K\u00e4ufer, das Paket bei der Lieferung zu \u00fcberpr\u00fcfen (Inhalt, \u00dcbereinstimmung und Zustand des Pakets oder der Pakete). Das Paket muss bei der Ankunft vom K\u00e4ufer \u00fcberpr\u00fcft werden, der es in Anwesenheit des Spediteurs \u00f6ffnen und kontrollieren muss, bevor er die Empfangsbest\u00e4tigung unterschreibt. Wenn das Paket und\/oder Produkte besch\u00e4digt sind (Wasser- oder Sto\u00dfspuren, Verbrennungen usw.), empfehlen wir Ihnen, die Annahme des Pakets zu verweigern, indem Sie auf dem Lieferschein pr\u00e4zise, datierte und unterschriebene handschriftliche Vorbehalte anbringen und den Vermerk &#8222;Paket abgelehnt, da besch\u00e4digt&#8220; anbringen lassen. Wenn das Paket ge\u00f6ffnet wurde und ein oder mehrere Artikel fehlen, m\u00fcssen Sie die Annahme des Pakets verweigern und dem Zusteller einen Bericht \u00fcber den Diebstahl ausstellen.  <\/div>\n\t\t\t\t\t\t\t\t<\/div>\n\t\t\t\t<\/div>\n\t\t\t\t\t<\/div>\n\t\t\t\t<\/div>\n\t\t<div class=\"elementor-element elementor-element-9966ada e-flex e-con-boxed e-con e-parent\" data-id=\"9966ada\" data-element_type=\"container\">\n\t\t\t\t\t<div class=\"e-con-inner\">\n\t\t\t\t\t<\/div>\n\t\t\t\t<\/div>\n\t\t\t\t<\/div>\n\t\t","protected":false},"excerpt":{"rendered":"<p>Lieferfristen und -methoden Lieferung 48\/72h, f\u00fcr alle Bestellungen innerhalb Frankreichs, nach Hause oder an einen Relais-Punkt. Lieferung 3 bis 5 Werktage f\u00fcr alle Bestellungen innerhalb Europas. Lieferung 7 bis 20 Werktage, f\u00fcr alle Bestellungen, die in den DOM TOMs aufgegeben werden. F\u00fcr internationale Angelegenheiten wenden Sie sich bitte an uns. Kostenlose Lieferung Sie erhalten eine [&hellip;]<\/p>\n","protected":false},"author":1,"featured_media":0,"parent":0,"menu_order":0,"comment_status":"closed","ping_status":"closed","template":"","meta":{"_acf_changed":false,"footnotes":""},"categories":[],"tags":[],"class_list":["post-16419","page","type-page","status-publish","hentry"],"acf":[],"yoast_head":"<!-- This site is optimized with the Yoast SEO Premium plugin v26.6 (Yoast SEO v26.6) - https:\/\/yoast.com\/wordpress\/plugins\/seo\/ -->\n<title>Art der Lieferung - CSJ Emballages<\/title>\n<meta name=\"robots\" content=\"index, follow, max-snippet:-1, max-image-preview:large, max-video-preview:-1\" \/>\n<link rel=\"canonical\" href=\"https:\/\/www.csj-emballages.com\/de\/art-der-lieferung\/\" \/>\n<meta property=\"og:locale\" content=\"de_DE\" \/>\n<meta property=\"og:type\" content=\"article\" \/>\n<meta property=\"og:title\" content=\"Art der Lieferung\" \/>\n<meta property=\"og:description\" content=\"Lieferfristen und -methoden Lieferung 48\/72h, f\u00fcr alle Bestellungen innerhalb Frankreichs, nach Hause oder an einen Relais-Punkt. Lieferung 3 bis 5 Werktage f\u00fcr alle Bestellungen innerhalb Europas. Lieferung 7 bis 20 Werktage, f\u00fcr alle Bestellungen, die in den DOM TOMs aufgegeben werden. F\u00fcr internationale Angelegenheiten wenden Sie sich bitte an uns. Kostenlose Lieferung Sie erhalten eine [&hellip;]\" \/>\n<meta property=\"og:url\" content=\"https:\/\/www.csj-emballages.com\/de\/art-der-lieferung\/\" \/>\n<meta property=\"og:site_name\" content=\"CSJ Emballages\" \/>\n<meta property=\"article:publisher\" content=\"https:\/\/www.facebook.com\/csjemballages\" \/>\n<meta property=\"article:modified_time\" content=\"2024-06-11T15:01:51+00:00\" \/>\n<meta name=\"twitter:card\" content=\"summary_large_image\" \/>\n<meta name=\"twitter:label1\" content=\"Gesch\u00e4tzte Lesezeit\" \/>\n\t<meta name=\"twitter:data1\" content=\"1\u00a0Minute\" \/>\n<script type=\"application\/ld+json\" class=\"yoast-schema-graph\">{\"@context\":\"https:\/\/schema.org\",\"@graph\":[{\"@type\":\"WebPage\",\"@id\":\"https:\/\/www.csj-emballages.com\/de\/art-der-lieferung\/\",\"url\":\"https:\/\/www.csj-emballages.com\/de\/art-der-lieferung\/\",\"name\":\"Art der Lieferung - CSJ Emballages\",\"isPartOf\":{\"@id\":\"https:\/\/www.csj-emballages.com\/de\/#website\"},\"datePublished\":\"2024-05-17T09:52:04+00:00\",\"dateModified\":\"2024-06-11T15:01:51+00:00\",\"breadcrumb\":{\"@id\":\"https:\/\/www.csj-emballages.com\/de\/art-der-lieferung\/#breadcrumb\"},\"inLanguage\":\"de\",\"potentialAction\":[{\"@type\":\"ReadAction\",\"target\":[\"https:\/\/www.csj-emballages.com\/de\/art-der-lieferung\/\"]}]},{\"@type\":\"BreadcrumbList\",\"@id\":\"https:\/\/www.csj-emballages.com\/de\/art-der-lieferung\/#breadcrumb\",\"itemListElement\":[{\"@type\":\"ListItem\",\"position\":1,\"name\":\"Accueil\",\"item\":\"https:\/\/www.csj-emballages.com\/de\/universum-lebensmittelverpackungen\/\"},{\"@type\":\"ListItem\",\"position\":2,\"name\":\"Art der Lieferung\"}]},{\"@type\":\"WebSite\",\"@id\":\"https:\/\/www.csj-emballages.com\/de\/#website\",\"url\":\"https:\/\/www.csj-emballages.com\/de\/\",\"name\":\"CSJ Emballages\",\"description\":\"\",\"publisher\":{\"@id\":\"https:\/\/www.csj-emballages.com\/de\/#organization\"},\"potentialAction\":[{\"@type\":\"SearchAction\",\"target\":{\"@type\":\"EntryPoint\",\"urlTemplate\":\"https:\/\/www.csj-emballages.com\/de\/?s={search_term_string}\"},\"query-input\":{\"@type\":\"PropertyValueSpecification\",\"valueRequired\":true,\"valueName\":\"search_term_string\"}}],\"inLanguage\":\"de\"},{\"@type\":\"Organization\",\"@id\":\"https:\/\/www.csj-emballages.com\/de\/#Organization\/\",\"name\":\"CSJ Emballages\",\"url\":\"https:\/\/www.csj-emballages.com\/de\/\",\"logo\":{\"@type\":\"ImageObject\",\"inLanguage\":\"de\",\"@id\":\"https:\/\/www.csj-emballages.com\/de\/#\/schema\/logo\/image\/\",\"url\":\"https:\/\/www.csj-emballages.com\/wp-content\/uploads\/2023\/10\/logo_csj.webp\",\"contentUrl\":\"https:\/\/www.csj-emballages.com\/wp-content\/uploads\/2023\/10\/logo_csj.webp\",\"width\":250,\"height\":95,\"caption\":\"CSJ Emballages\"},\"image\":{\"@id\":\"https:\/\/www.csj-emballages.com\/de\/#\/schema\/logo\/image\/\"},\"sameAs\":[\"https:\/\/www.facebook.com\/csjemballages\"],\"address\":{\"@type\":\"PostalAddress\",\"streetAddress\":\"ZI La Lechere\",\"addressLocality\":\"Patornay\",\"postalCode\":\"39130\",\"addressCountry\":\"FR\"},\"contactPoint\":[{\"@type\":\"ContactPoint\",\"contactType\":\"Service client\",\"telephone\":\"0384254272\",\"email\":\"contact@csj-emballages.com\"}]}]}<\/script>\n<!-- \/ Yoast SEO Premium plugin. -->","yoast_head_json":{"title":"Art der Lieferung - CSJ Emballages","robots":{"index":"index","follow":"follow","max-snippet":"max-snippet:-1","max-image-preview":"max-image-preview:large","max-video-preview":"max-video-preview:-1"},"canonical":"https:\/\/www.csj-emballages.com\/de\/art-der-lieferung\/","og_locale":"de_DE","og_type":"article","og_title":"Art der Lieferung","og_description":"Lieferfristen und -methoden Lieferung 48\/72h, f\u00fcr alle Bestellungen innerhalb Frankreichs, nach Hause oder an einen Relais-Punkt. Lieferung 3 bis 5 Werktage f\u00fcr alle Bestellungen innerhalb Europas. Lieferung 7 bis 20 Werktage, f\u00fcr alle Bestellungen, die in den DOM TOMs aufgegeben werden. F\u00fcr internationale Angelegenheiten wenden Sie sich bitte an uns. Kostenlose Lieferung Sie erhalten eine [&hellip;]","og_url":"https:\/\/www.csj-emballages.com\/de\/art-der-lieferung\/","og_site_name":"CSJ Emballages","article_publisher":"https:\/\/www.facebook.com\/csjemballages","article_modified_time":"2024-06-11T15:01:51+00:00","twitter_card":"summary_large_image","twitter_misc":{"Gesch\u00e4tzte Lesezeit":"1\u00a0Minute"},"schema":{"@context":"https:\/\/schema.org","@graph":[{"@type":"WebPage","@id":"https:\/\/www.csj-emballages.com\/de\/art-der-lieferung\/","url":"https:\/\/www.csj-emballages.com\/de\/art-der-lieferung\/","name":"Art der Lieferung - CSJ Emballages","isPartOf":{"@id":"https:\/\/www.csj-emballages.com\/de\/#website"},"datePublished":"2024-05-17T09:52:04+00:00","dateModified":"2024-06-11T15:01:51+00:00","breadcrumb":{"@id":"https:\/\/www.csj-emballages.com\/de\/art-der-lieferung\/#breadcrumb"},"inLanguage":"de","potentialAction":[{"@type":"ReadAction","target":["https:\/\/www.csj-emballages.com\/de\/art-der-lieferung\/"]}]},{"@type":"BreadcrumbList","@id":"https:\/\/www.csj-emballages.com\/de\/art-der-lieferung\/#breadcrumb","itemListElement":[{"@type":"ListItem","position":1,"name":"Accueil","item":"https:\/\/www.csj-emballages.com\/de\/universum-lebensmittelverpackungen\/"},{"@type":"ListItem","position":2,"name":"Art der Lieferung"}]},{"@type":"WebSite","@id":"https:\/\/www.csj-emballages.com\/de\/#website","url":"https:\/\/www.csj-emballages.com\/de\/","name":"CSJ Emballages","description":"","publisher":{"@id":"https:\/\/www.csj-emballages.com\/de\/#organization"},"potentialAction":[{"@type":"SearchAction","target":{"@type":"EntryPoint","urlTemplate":"https:\/\/www.csj-emballages.com\/de\/?s={search_term_string}"},"query-input":{"@type":"PropertyValueSpecification","valueRequired":true,"valueName":"search_term_string"}}],"inLanguage":"de"},{"@type":"Organization","@id":"https:\/\/www.csj-emballages.com\/de\/#Organization\/","name":"CSJ Emballages","url":"https:\/\/www.csj-emballages.com\/de\/","logo":{"@type":"ImageObject","inLanguage":"de","@id":"https:\/\/www.csj-emballages.com\/de\/#\/schema\/logo\/image\/","url":"https:\/\/www.csj-emballages.com\/wp-content\/uploads\/2023\/10\/logo_csj.webp","contentUrl":"https:\/\/www.csj-emballages.com\/wp-content\/uploads\/2023\/10\/logo_csj.webp","width":250,"height":95,"caption":"CSJ Emballages"},"image":{"@id":"https:\/\/www.csj-emballages.com\/de\/#\/schema\/logo\/image\/"},"sameAs":["https:\/\/www.facebook.com\/csjemballages"],"address":{"@type":"PostalAddress","streetAddress":"ZI La Lechere","addressLocality":"Patornay","postalCode":"39130","addressCountry":"FR"},"contactPoint":[{"@type":"ContactPoint","contactType":"Service client","telephone":"0384254272","email":"contact@csj-emballages.com"}]}]}},"_links":{"self":[{"href":"https:\/\/www.csj-emballages.com\/de\/wp-json\/wp\/v2\/pages\/16419","targetHints":{"allow":["GET"]}}],"collection":[{"href":"https:\/\/www.csj-emballages.com\/de\/wp-json\/wp\/v2\/pages"}],"about":[{"href":"https:\/\/www.csj-emballages.com\/de\/wp-json\/wp\/v2\/types\/page"}],"author":[{"embeddable":true,"href":"https:\/\/www.csj-emballages.com\/de\/wp-json\/wp\/v2\/users\/1"}],"replies":[{"embeddable":true,"href":"https:\/\/www.csj-emballages.com\/de\/wp-json\/wp\/v2\/comments?post=16419"}],"version-history":[{"count":2,"href":"https:\/\/www.csj-emballages.com\/de\/wp-json\/wp\/v2\/pages\/16419\/revisions"}],"predecessor-version":[{"id":24332,"href":"https:\/\/www.csj-emballages.com\/de\/wp-json\/wp\/v2\/pages\/16419\/revisions\/24332"}],"wp:attachment":[{"href":"https:\/\/www.csj-emballages.com\/de\/wp-json\/wp\/v2\/media?parent=16419"}],"wp:term":[{"taxonomy":"category","embeddable":true,"href":"https:\/\/www.csj-emballages.com\/de\/wp-json\/wp\/v2\/categories?post=16419"},{"taxonomy":"post_tag","embeddable":true,"href":"https:\/\/www.csj-emballages.com\/de\/wp-json\/wp\/v2\/tags?post=16419"}],"curies":[{"name":"wp","href":"https:\/\/api.w.org\/{rel}","templated":true}]}}