{"id":16403,"date":"2024-05-17T13:43:09","date_gmt":"2024-05-17T11:43:09","guid":{"rendered":"https:\/\/u15jnbdpoq.preview.infomaniak.website\/verfahren-der-rueckgabe\/"},"modified":"2024-06-03T18:34:05","modified_gmt":"2024-06-03T16:34:05","slug":"verfahren-der-rueckgabe","status":"publish","type":"page","link":"https:\/\/www.csj-emballages.com\/de\/verfahren-der-rueckgabe\/","title":{"rendered":"Verfahren der R\u00fcckgabe"},"content":{"rendered":"\t\t<div data-elementor-type=\"wp-page\" data-elementor-id=\"16403\" class=\"elementor elementor-16403 elementor-15456\" data-elementor-post-type=\"page\">\n\t\t\t\t<div class=\"elementor-element elementor-element-cf93bfe e-flex e-con-boxed e-con e-parent\" data-id=\"cf93bfe\" data-element_type=\"container\">\n\t\t\t\t\t<div class=\"e-con-inner\">\n\t\t\t\t<div class=\"elementor-element elementor-element-e0fe076 elementor-widget elementor-widget-text-editor\" data-id=\"e0fe076\" data-element_type=\"widget\" data-widget_type=\"text-editor.default\">\n\t\t\t\t<div class=\"elementor-widget-container\">\n\t\t\t\t\t\t\t\t\t<p>Wenn Sie bei CSJ Verpackungen einkaufen, haben Sie die <strong>M\u00f6glichkeit, das Produkt zur\u00fcckzugeben<\/strong>, wenn es nicht Ihren Erwartungen entspricht. Auf dieser Seite erfahren Sie, welche Voraussetzungen f\u00fcr eine erfolgreiche R\u00fcckkehr erf\u00fcllt sein m\u00fcssen.<\/p>\n<p>Bitte beachten Sie, dass Sie die Ware innerhalb von 14 Tagen zur\u00fcckgeben k\u00f6nnen (au\u00dfer bei Bestellungen von Gewerbetreibenden). Wir erinnern Sie daran, dass die Produkte im Rahmen dieser R\u00fccksendung NIE benutzt worden sein d\u00fcrfen: Die Verpackung muss intakt sein.<\/p>\n<h3> <\/h3>\n<p>Sie k\u00f6nnen uns von <span class=\"PBShortTxt\">Montag bis Freitag von 9.00 bis 12.00 Uhr 13.30 bis 17<\/span>.00 Uhr unter der Nummer 03 84 25 42 72 (Preis eines lokalen Anrufs) anrufen. <strong>Der Widerruf Ihrer Bestellung muss innerhalb von 14 Tagen nach dem tats\u00e4chlichen Erhalt Ihres Pakets erfolgen.<\/strong><em>  (ma\u00dfgeblich ist das vom Spediteur mitgeteilte Empfangsdatum). Die Kosten f\u00fcr die R\u00fccksendung gehen zu Lasten des Kunden.<\/em><\/p>\n<h2> <\/h2>\n<p>M\u00f6chten Sie von Ihrem Widerrufsrecht Gebrauch machen? Befolgen Sie einfach die folgenden Anweisungen:<\/p>\n<ul>\n<li><em><strong>F\u00fcllen Sie das <a href=\"https:\/\/www.csj-emballages.com\/formulaire-de-retractation\/\" rel=\"hlid[=]128[&amp;]cpid[=]1706311\">Widerrufsformular<\/a> aus Nach <\/strong>Erhalt des <strong> <a href=\"https:\/\/www.csj-emballages.com\/formulaire-de-retractation\/\" rel=\"hlid[=]128[&amp;]cpid[=]1706311\">Formulars<\/a> <\/strong>haben Sie 14 Tage Zeit, um die Produkte, die Sie nicht mehr w\u00fcnschen, zur\u00fcckzusenden.<\/em><\/li>\n<li><em><strong><br \/>\n  <a href=\"https:\/\/www.csj-emballages.com\/wp-content\/uploads\/2024\/05\/20676043650894.pdf\" target=\"_blank\" rel=\"hlid[=]8192[&amp;]flid[=]2121340 noopener\">Laden Sie das R\u00fccksendeformular herunter <\/a><br \/>\n<\/strong>das Sie ausdrucken und Ihrem Paket beilegen werden.<\/em><\/li>\n<li>. Wir empfehlen Ihnen, f\u00fcr diese R\u00fccksendung alle notwendigen Vorkehrungen f\u00fcr einen effizienten Transport zu treffen: stark verst\u00e4rktes Paket, ausreichende Frankierung, Wertversicherung und Nachverfolgung. In keinem Fall kann CSJ Verpackungen f\u00fcr die Besch\u00e4digung des Produkts oder dessen Diebstahl w\u00e4hrend der R\u00fccksendung haftbar gemacht werden.<\/li>\n<\/ul>\n<p>Die R\u00fcckerstattung beginnt, sobald das Paket in unseren Gesch\u00e4ftsr\u00e4umen eingegangen ist.<\/p>\n<p>CSJ emballages beh\u00e4lt sich das Recht vor, die R\u00fcckgabe von Produkten abzulehnen, wenn diese nicht diesem Verfahren entsprechen.<\/p>\n<h2> <\/h2>\n<p>Gem\u00e4\u00df den Bestimmungen \u00fcber das Widerrufsrecht <strong>erfolgt die R\u00fcckerstattung innerhalb einer Frist von h\u00f6chstens 30 Tagen<\/strong>. Diese Erstattung kann verschiedene Formen annehmen:<\/p>\n<ul>\n<li>Wenn Sie eine Zahlung per <strong>Kreditkarte<\/strong> vorgenommen haben, kann unsere Website eine Gutschrift auf Ihre Kreditkarte veranlassen;<\/li>\n<li>oder Ihnen <strong>per PayPal<\/strong>eine R\u00fcckerstattung zukommen lassen: Wenn Sie einen Kauf \u00fcber PayPal get\u00e4tigt haben, wird unser Unternehmen die R\u00fcckerstattung \u00fcber PayPal vornehmen;<\/li>\n<li>oder per <strong>Bank\u00fcberweisung<\/strong>: Unsere Website wird Ihnen eine R\u00fcckerstattung per <strong>Bank\u00fcberweisung<\/strong> anbieten, wenn Sie per Scheck bezahlt haben. In diesem Fall f\u00fcgen Sie bitte Ihrem R\u00fccksendepaket eine Bankverbindung (RIB oder IBAN) bei.<\/li>\n<\/ul>\n<p>Wichtiger Hinweis: Bitte beachten Sie, dass wir Ihnen den Betrag nicht zur\u00fcckerstatten k\u00f6nnen, auch wenn Sie per Bankscheck bezahlt haben.<\/p>\n<p>Um mehr zu erfahren, lesen Sie bitte unsere <a href=\"https:\/\/www.csj-emballages.com\/conditions-generales-de-ventes\/\" rel=\"hlid[=]128[&amp;]cpid[=]1706308\"><br \/>\n  <strong>Allgemeine Verkaufsbedingungen<\/strong><br \/>\n<\/a>.<\/p>\n\t\t\t\t\t\t\t\t<\/div>\n\t\t\t\t<\/div>\n\t\t\t\t\t<\/div>\n\t\t\t\t<\/div>\n\t\t\t\t<\/div>\n\t\t","protected":false},"excerpt":{"rendered":"<p>Wenn Sie bei CSJ Verpackungen einkaufen, haben Sie die M\u00f6glichkeit, das Produkt zur\u00fcckzugeben, wenn es nicht Ihren Erwartungen entspricht. Auf dieser Seite erfahren Sie, welche Voraussetzungen f\u00fcr eine erfolgreiche R\u00fcckkehr erf\u00fcllt sein m\u00fcssen. Bitte beachten Sie, dass Sie die Ware innerhalb von 14 Tagen zur\u00fcckgeben k\u00f6nnen (au\u00dfer bei Bestellungen von Gewerbetreibenden). Wir erinnern Sie daran, [&hellip;]<\/p>\n","protected":false},"author":1,"featured_media":0,"parent":0,"menu_order":0,"comment_status":"closed","ping_status":"closed","template":"","meta":{"_acf_changed":false,"footnotes":""},"categories":[],"tags":[],"class_list":["post-16403","page","type-page","status-publish","hentry"],"acf":[],"yoast_head":"<!-- This site is optimized with the Yoast SEO Premium plugin v26.6 (Yoast SEO v26.6) - https:\/\/yoast.com\/wordpress\/plugins\/seo\/ -->\n<title>Verfahren der R\u00fcckgabe - CSJ Emballages<\/title>\n<meta name=\"robots\" content=\"index, follow, max-snippet:-1, max-image-preview:large, max-video-preview:-1\" \/>\n<link rel=\"canonical\" href=\"https:\/\/www.csj-emballages.com\/de\/verfahren-der-rueckgabe\/\" \/>\n<meta property=\"og:locale\" content=\"de_DE\" \/>\n<meta property=\"og:type\" content=\"article\" \/>\n<meta property=\"og:title\" content=\"Verfahren der R\u00fcckgabe\" \/>\n<meta property=\"og:description\" content=\"Wenn Sie bei CSJ Verpackungen einkaufen, haben Sie die M\u00f6glichkeit, das Produkt zur\u00fcckzugeben, wenn es nicht Ihren Erwartungen entspricht. Auf dieser Seite erfahren Sie, welche Voraussetzungen f\u00fcr eine erfolgreiche R\u00fcckkehr erf\u00fcllt sein m\u00fcssen. Bitte beachten Sie, dass Sie die Ware innerhalb von 14 Tagen zur\u00fcckgeben k\u00f6nnen (au\u00dfer bei Bestellungen von Gewerbetreibenden). Wir erinnern Sie daran, [&hellip;]\" \/>\n<meta property=\"og:url\" content=\"https:\/\/www.csj-emballages.com\/de\/verfahren-der-rueckgabe\/\" \/>\n<meta property=\"og:site_name\" content=\"CSJ Emballages\" \/>\n<meta property=\"article:publisher\" content=\"https:\/\/www.facebook.com\/csjemballages\" \/>\n<meta property=\"article:modified_time\" content=\"2024-06-03T16:34:05+00:00\" \/>\n<meta name=\"twitter:card\" content=\"summary_large_image\" \/>\n<meta name=\"twitter:label1\" content=\"Gesch\u00e4tzte Lesezeit\" \/>\n\t<meta name=\"twitter:data1\" content=\"2 Minuten\" \/>\n<script type=\"application\/ld+json\" class=\"yoast-schema-graph\">{\"@context\":\"https:\/\/schema.org\",\"@graph\":[{\"@type\":\"WebPage\",\"@id\":\"https:\/\/www.csj-emballages.com\/de\/verfahren-der-rueckgabe\/\",\"url\":\"https:\/\/www.csj-emballages.com\/de\/verfahren-der-rueckgabe\/\",\"name\":\"Verfahren der R\u00fcckgabe - CSJ Emballages\",\"isPartOf\":{\"@id\":\"https:\/\/www.csj-emballages.com\/de\/#website\"},\"datePublished\":\"2024-05-17T11:43:09+00:00\",\"dateModified\":\"2024-06-03T16:34:05+00:00\",\"breadcrumb\":{\"@id\":\"https:\/\/www.csj-emballages.com\/de\/verfahren-der-rueckgabe\/#breadcrumb\"},\"inLanguage\":\"de\",\"potentialAction\":[{\"@type\":\"ReadAction\",\"target\":[\"https:\/\/www.csj-emballages.com\/de\/verfahren-der-rueckgabe\/\"]}]},{\"@type\":\"BreadcrumbList\",\"@id\":\"https:\/\/www.csj-emballages.com\/de\/verfahren-der-rueckgabe\/#breadcrumb\",\"itemListElement\":[{\"@type\":\"ListItem\",\"position\":1,\"name\":\"Accueil\",\"item\":\"https:\/\/www.csj-emballages.com\/de\/universum-lebensmittelverpackungen\/\"},{\"@type\":\"ListItem\",\"position\":2,\"name\":\"Verfahren der R\u00fcckgabe\"}]},{\"@type\":\"WebSite\",\"@id\":\"https:\/\/www.csj-emballages.com\/de\/#website\",\"url\":\"https:\/\/www.csj-emballages.com\/de\/\",\"name\":\"CSJ Emballages\",\"description\":\"\",\"publisher\":{\"@id\":\"https:\/\/www.csj-emballages.com\/de\/#organization\"},\"potentialAction\":[{\"@type\":\"SearchAction\",\"target\":{\"@type\":\"EntryPoint\",\"urlTemplate\":\"https:\/\/www.csj-emballages.com\/de\/?s={search_term_string}\"},\"query-input\":{\"@type\":\"PropertyValueSpecification\",\"valueRequired\":true,\"valueName\":\"search_term_string\"}}],\"inLanguage\":\"de\"},{\"@type\":\"Organization\",\"@id\":\"https:\/\/www.csj-emballages.com\/de\/#Organization\/\",\"name\":\"CSJ Emballages\",\"url\":\"https:\/\/www.csj-emballages.com\/de\/\",\"logo\":{\"@type\":\"ImageObject\",\"inLanguage\":\"de\",\"@id\":\"https:\/\/www.csj-emballages.com\/de\/#\/schema\/logo\/image\/\",\"url\":\"https:\/\/www.csj-emballages.com\/wp-content\/uploads\/2023\/10\/logo_csj.webp\",\"contentUrl\":\"https:\/\/www.csj-emballages.com\/wp-content\/uploads\/2023\/10\/logo_csj.webp\",\"width\":250,\"height\":95,\"caption\":\"CSJ Emballages\"},\"image\":{\"@id\":\"https:\/\/www.csj-emballages.com\/de\/#\/schema\/logo\/image\/\"},\"sameAs\":[\"https:\/\/www.facebook.com\/csjemballages\"],\"address\":{\"@type\":\"PostalAddress\",\"streetAddress\":\"ZI La Lechere\",\"addressLocality\":\"Patornay\",\"postalCode\":\"39130\",\"addressCountry\":\"FR\"},\"contactPoint\":[{\"@type\":\"ContactPoint\",\"contactType\":\"Service client\",\"telephone\":\"0384254272\",\"email\":\"contact@csj-emballages.com\"}]}]}<\/script>\n<!-- \/ Yoast SEO Premium plugin. -->","yoast_head_json":{"title":"Verfahren der R\u00fcckgabe - CSJ Emballages","robots":{"index":"index","follow":"follow","max-snippet":"max-snippet:-1","max-image-preview":"max-image-preview:large","max-video-preview":"max-video-preview:-1"},"canonical":"https:\/\/www.csj-emballages.com\/de\/verfahren-der-rueckgabe\/","og_locale":"de_DE","og_type":"article","og_title":"Verfahren der R\u00fcckgabe","og_description":"Wenn Sie bei CSJ Verpackungen einkaufen, haben Sie die M\u00f6glichkeit, das Produkt zur\u00fcckzugeben, wenn es nicht Ihren Erwartungen entspricht. Auf dieser Seite erfahren Sie, welche Voraussetzungen f\u00fcr eine erfolgreiche R\u00fcckkehr erf\u00fcllt sein m\u00fcssen. Bitte beachten Sie, dass Sie die Ware innerhalb von 14 Tagen zur\u00fcckgeben k\u00f6nnen (au\u00dfer bei Bestellungen von Gewerbetreibenden). Wir erinnern Sie daran, [&hellip;]","og_url":"https:\/\/www.csj-emballages.com\/de\/verfahren-der-rueckgabe\/","og_site_name":"CSJ Emballages","article_publisher":"https:\/\/www.facebook.com\/csjemballages","article_modified_time":"2024-06-03T16:34:05+00:00","twitter_card":"summary_large_image","twitter_misc":{"Gesch\u00e4tzte Lesezeit":"2 Minuten"},"schema":{"@context":"https:\/\/schema.org","@graph":[{"@type":"WebPage","@id":"https:\/\/www.csj-emballages.com\/de\/verfahren-der-rueckgabe\/","url":"https:\/\/www.csj-emballages.com\/de\/verfahren-der-rueckgabe\/","name":"Verfahren der R\u00fcckgabe - CSJ Emballages","isPartOf":{"@id":"https:\/\/www.csj-emballages.com\/de\/#website"},"datePublished":"2024-05-17T11:43:09+00:00","dateModified":"2024-06-03T16:34:05+00:00","breadcrumb":{"@id":"https:\/\/www.csj-emballages.com\/de\/verfahren-der-rueckgabe\/#breadcrumb"},"inLanguage":"de","potentialAction":[{"@type":"ReadAction","target":["https:\/\/www.csj-emballages.com\/de\/verfahren-der-rueckgabe\/"]}]},{"@type":"BreadcrumbList","@id":"https:\/\/www.csj-emballages.com\/de\/verfahren-der-rueckgabe\/#breadcrumb","itemListElement":[{"@type":"ListItem","position":1,"name":"Accueil","item":"https:\/\/www.csj-emballages.com\/de\/universum-lebensmittelverpackungen\/"},{"@type":"ListItem","position":2,"name":"Verfahren der R\u00fcckgabe"}]},{"@type":"WebSite","@id":"https:\/\/www.csj-emballages.com\/de\/#website","url":"https:\/\/www.csj-emballages.com\/de\/","name":"CSJ Emballages","description":"","publisher":{"@id":"https:\/\/www.csj-emballages.com\/de\/#organization"},"potentialAction":[{"@type":"SearchAction","target":{"@type":"EntryPoint","urlTemplate":"https:\/\/www.csj-emballages.com\/de\/?s={search_term_string}"},"query-input":{"@type":"PropertyValueSpecification","valueRequired":true,"valueName":"search_term_string"}}],"inLanguage":"de"},{"@type":"Organization","@id":"https:\/\/www.csj-emballages.com\/de\/#Organization\/","name":"CSJ Emballages","url":"https:\/\/www.csj-emballages.com\/de\/","logo":{"@type":"ImageObject","inLanguage":"de","@id":"https:\/\/www.csj-emballages.com\/de\/#\/schema\/logo\/image\/","url":"https:\/\/www.csj-emballages.com\/wp-content\/uploads\/2023\/10\/logo_csj.webp","contentUrl":"https:\/\/www.csj-emballages.com\/wp-content\/uploads\/2023\/10\/logo_csj.webp","width":250,"height":95,"caption":"CSJ Emballages"},"image":{"@id":"https:\/\/www.csj-emballages.com\/de\/#\/schema\/logo\/image\/"},"sameAs":["https:\/\/www.facebook.com\/csjemballages"],"address":{"@type":"PostalAddress","streetAddress":"ZI La Lechere","addressLocality":"Patornay","postalCode":"39130","addressCountry":"FR"},"contactPoint":[{"@type":"ContactPoint","contactType":"Service client","telephone":"0384254272","email":"contact@csj-emballages.com"}]}]}},"_links":{"self":[{"href":"https:\/\/www.csj-emballages.com\/de\/wp-json\/wp\/v2\/pages\/16403","targetHints":{"allow":["GET"]}}],"collection":[{"href":"https:\/\/www.csj-emballages.com\/de\/wp-json\/wp\/v2\/pages"}],"about":[{"href":"https:\/\/www.csj-emballages.com\/de\/wp-json\/wp\/v2\/types\/page"}],"author":[{"embeddable":true,"href":"https:\/\/www.csj-emballages.com\/de\/wp-json\/wp\/v2\/users\/1"}],"replies":[{"embeddable":true,"href":"https:\/\/www.csj-emballages.com\/de\/wp-json\/wp\/v2\/comments?post=16403"}],"version-history":[{"count":1,"href":"https:\/\/www.csj-emballages.com\/de\/wp-json\/wp\/v2\/pages\/16403\/revisions"}],"predecessor-version":[{"id":16404,"href":"https:\/\/www.csj-emballages.com\/de\/wp-json\/wp\/v2\/pages\/16403\/revisions\/16404"}],"wp:attachment":[{"href":"https:\/\/www.csj-emballages.com\/de\/wp-json\/wp\/v2\/media?parent=16403"}],"wp:term":[{"taxonomy":"category","embeddable":true,"href":"https:\/\/www.csj-emballages.com\/de\/wp-json\/wp\/v2\/categories?post=16403"},{"taxonomy":"post_tag","embeddable":true,"href":"https:\/\/www.csj-emballages.com\/de\/wp-json\/wp\/v2\/tags?post=16403"}],"curies":[{"name":"wp","href":"https:\/\/api.w.org\/{rel}","templated":true}]}}